{"id":18436,"date":"2026-01-15T17:26:39","date_gmt":"2026-01-15T15:26:39","guid":{"rendered":"https:\/\/mekulo.com\/no\/produkt\/magnetisk-trekloss-puslesett-180-brikker\/"},"modified":"2026-01-16T21:09:58","modified_gmt":"2026-01-16T19:09:58","slug":"magnetisk-trekloss-puslesett-180-brikker","status":"publish","type":"product","link":"https:\/\/mekulo.com\/no\/produkt\/magnetisk-trekloss-puslesett-180-brikker\/","title":{"rendered":"Magnetisk trekloss-puslesett (180 brikker)"},"content":{"rendered":"<p style=\"text-align: center;\" data-start=\"0\" data-end=\"83\"><strong data-start=\"0\" data-end=\"83\">Bygg, match og lag endel\u00f8se m\u00f8nstre med fargerike, magnetiske treklosser. \ud83e\udeb5<\/strong><\/p>\n<p data-start=\"0\" data-end=\"83\"><img fetchpriority=\"high\" decoding=\"async\" class=\"size-full wp-image-20801 aligncenter\" src=\"https:\/\/mekulo.com\/template\/wp-content\/uploads\/sites\/6\/2026\/01\/4-7.jpeg\" alt=\"\" width=\"800\" height=\"800\" \/><\/p>\n<h2 style=\"text-align: center;\" data-start=\"396\" data-end=\"416\"><strong>Hovedfordeler \ud83e\udde9<\/strong><\/h2>\n<p data-start=\"419\" data-end=\"488\">\ud83c\udfa8 Kreativ, \u00e5pen lek &#8211; Bygg endel\u00f8se former og m\u00f8nstre.<\/p>\n<p data-start=\"491\" data-end=\"562\">\ud83e\udde0 STEM-l\u00e6ringsleke &#8211; St\u00f8tter matte, logikk og romlig tenkning.<\/p>\n<p data-start=\"565\" data-end=\"633\">\u270b Forbedrer finmotorikken &#8211; Flott for h\u00e5nd-\u00f8ye-koordinasjon.<\/p>\n<p data-start=\"636\" data-end=\"702\">\ud83e\uddf2 Sterke magnetiske klosser &#8211; Brikkene holder seg p\u00e5 plass under lek.<\/p>\n<p data-start=\"705\" data-end=\"775\">\ud83c\udf31 Trygt tremateriale &#8211; Glatte kanter og barnevennlig design.<\/p>\n<p data-start=\"778\" data-end=\"842\">\ud83c\udf92 Lett \u00e5 oppbevare og b\u00e6re &#8211; Inkluderer en oppbevaringsboks i tre.<\/p>\n<p data-start=\"778\" data-end=\"842\"><img decoding=\"async\" class=\"size-full wp-image-20798 aligncenter\" src=\"https:\/\/mekulo.com\/template\/wp-content\/uploads\/sites\/6\/2026\/01\/1-7.jpeg\" alt=\"\" width=\"800\" height=\"800\" \/><\/p>\n<h2 style=\"text-align: center;\" data-start=\"849\" data-end=\"863\"><strong>Hvordan Bruke \ud83d\udccc<\/strong><\/h2>\n<ol data-start=\"864\" data-end=\"1175\">\n<li data-start=\"864\" data-end=\"897\">\n<p data-start=\"867\" data-end=\"897\">\u00c5pne oppbevaringsboksen i tre.<\/p>\n<\/li>\n<li data-start=\"898\" data-end=\"959\">\n<p data-start=\"901\" data-end=\"959\">Velg et designkort og plasser det p\u00e5 magnetbrettet.<\/p>\n<\/li>\n<li data-start=\"960\" data-end=\"999\">\n<p data-start=\"963\" data-end=\"999\">Velg de matchende treklossene.<\/p>\n<\/li>\n<li data-start=\"1000\" data-end=\"1066\">\n<p data-start=\"1003\" data-end=\"1066\">Plasser de magnetiske klossene p\u00e5 brettet for \u00e5 f\u00f8lge m\u00f8nsteret.<\/p>\n<\/li>\n<li data-start=\"1067\" data-end=\"1125\">\n<p data-start=\"1070\" data-end=\"1125\">Lag dine egne design n\u00e5r du er ferdig med kortene.<\/p>\n<\/li>\n<li data-start=\"1126\" data-end=\"1175\">\n<p data-start=\"1129\" data-end=\"1175\">Oppbevar alle brikkene tilbake i esken etter lek.<\/p>\n<\/li>\n<\/ol>\n<h2 style=\"text-align: center;\" data-start=\"1182\" data-end=\"1201\"><strong>Produktdetaljer \ud83d\udccf<\/strong><\/h2>\n<ul data-start=\"1202\" data-end=\"1524\">\n<li data-start=\"1249\" data-end=\"1280\">\n<p data-start=\"1251\" data-end=\"1280\">Materiale: Milj\u00f8vennlig tre<\/p>\n<\/li>\n<li data-start=\"1319\" data-end=\"1384\">\n<p data-start=\"1321\" data-end=\"1384\">Mengde klosser: 180 brikker<\/p>\n<\/li>\n<li data-start=\"1418\" data-end=\"1474\">\n<p data-start=\"1420\" data-end=\"1474\">L\u00e6ringstype: STEM, m\u00f8nsterbygging, kreativ lek<\/p>\n<\/li>\n<li data-start=\"1475\" data-end=\"1524\">\n<p data-start=\"1477\" data-end=\"1524\">Egnede for: Barn, klasserom, hjemmel\u00e6ring<\/p>\n<\/li>\n<\/ul>\n<h2 style=\"text-align: center;\" data-start=\"1531\" data-end=\"1551\"><strong>Pakken inneholder \ud83d\udce6<\/strong><\/h2>\n<ul data-start=\"1552\" data-end=\"1594\" data-is-last-node=\"\" data-is-only-node=\"\">\n<li data-start=\"1552\" data-end=\"1594\" data-is-last-node=\"\">\n<p data-start=\"1554\" data-end=\"1594\" data-is-last-node=\"\">1x magnetisk trekloss puslesett.<\/p>\n<\/li>\n<\/ul>\n","protected":false},"excerpt":{"rendered":"<p>\ud83d\udd3aDette magnetiske trekloss-puslespillet er et kreativt l\u00e6ringsleket\u00f8y som hjelper barn \u00e5 bygge former, m\u00f8nstre og bilder ved hjelp av magnetiske trebrikker.<br \/>\n\ud83e\udeb5Ved \u00e5 f\u00f8lge designkort eller skape sine egne ideer, forbedrer barna fokus, probleml\u00f8sningsferdigheter og fantasi mens de nyter praktisk, skjermfri lek.<br \/>\n\ud83c\udfe0Det er perfekt for hjemmel\u00e6ring, klasserom, reiser og stille lek.<\/p>\n","protected":false},"featured_media":18432,"comment_status":"open","ping_status":"closed","template":"","meta":{"site-sidebar-layout":"default","site-content-layout":"","ast-site-content-layout":"default","site-content-style":"default","site-sidebar-style":"default","ast-global-header-display":"","ast-banner-title-visibility":"","ast-main-header-display":"","ast-hfb-above-header-display":"","ast-hfb-below-header-display":"","ast-hfb-mobile-header-display":"","site-post-title":"","ast-breadcrumbs-content":"","ast-featured-img":"","footer-sml-layout":"","theme-transparent-header-meta":"default","adv-header-id-meta":"","stick-header-meta":"","header-above-stick-meta":"","header-main-stick-meta":"","header-below-stick-meta":"","astra-migrate-meta-layouts":"set","ast-page-background-enabled":"default","ast-page-background-meta":{"desktop":{"background-color":"var(--ast-global-color-5)","background-image":"","background-repeat":"repeat","background-position":"center center","background-size":"auto","background-attachment":"scroll","background-type":"","background-media":"","overlay-type":"","overlay-color":"","overlay-opacity":"","overlay-gradient":""},"tablet":{"background-color":"","background-image":"","background-repeat":"repeat","background-position":"center center","background-size":"auto","background-attachment":"scroll","background-type":"","background-media":"","overlay-type":"","overlay-color":"","overlay-opacity":"","overlay-gradient":""},"mobile":{"background-color":"","background-image":"","background-repeat":"repeat","background-position":"center center","background-size":"auto","background-attachment":"scroll","background-type":"","background-media":"","overlay-type":"","overlay-color":"","overlay-opacity":"","overlay-gradient":""}},"ast-content-background-meta":{"desktop":{"background-color":"var(--ast-global-color-4)","background-image":"","background-repeat":"repeat","background-position":"center center","background-size":"auto","background-attachment":"scroll","background-type":"","background-media":"","overlay-type":"","overlay-color":"","overlay-opacity":"","overlay-gradient":""},"tablet":{"background-color":"var(--ast-global-color-4)","background-image":"","background-repeat":"repeat","background-position":"center center","background-size":"auto","background-attachment":"scroll","background-type":"","background-media":"","overlay-type":"","overlay-color":"","overlay-opacity":"","overlay-gradient":""},"mobile":{"background-color":"var(--ast-global-color-4)","background-image":"","background-repeat":"repeat","background-position":"center center","background-size":"auto","background-attachment":"scroll","background-type":"","background-media":"","overlay-type":"","overlay-color":"","overlay-opacity":"","overlay-gradient":""}}},"product_brand":[],"product_cat":[15],"product_tag":[],"class_list":{"0":"post-18436","1":"product","2":"type-product","3":"status-publish","4":"has-post-thumbnail","6":"product_cat-uncategorized","7":"desktop-align-left","8":"tablet-align-left","9":"mobile-align-left","11":"first","12":"instock","13":"shipping-taxable","14":"purchasable","15":"product-type-simple"},"yoast_head":"<!-- This site is optimized with the Yoast SEO plugin v26.6 - https:\/\/yoast.com\/wordpress\/plugins\/seo\/ -->\n<title>Magnetisk trekloss-puslesett (180 brikker) - Mekulo NO<\/title>\n<meta name=\"robots\" content=\"index, follow, max-snippet:-1, max-image-preview:large, max-video-preview:-1\" \/>\n<link rel=\"canonical\" href=\"https:\/\/mekulo.com\/no\/produkt\/magnetisk-trekloss-puslesett-180-brikker\/\" \/>\n<meta property=\"og:locale\" content=\"nb_NO\" \/>\n<meta property=\"og:type\" content=\"article\" \/>\n<meta property=\"og:title\" content=\"Magnetisk trekloss-puslesett (180 brikker) - Mekulo NO\" \/>\n<meta property=\"og:description\" content=\"\ud83d\udd3aDette magnetiske trekloss-puslespillet er et kreativt l\u00e6ringsleket\u00f8y som hjelper barn \u00e5 bygge former, m\u00f8nstre og bilder ved hjelp av magnetiske trebrikker. \ud83e\udeb5Ved \u00e5 f\u00f8lge designkort eller skape sine egne ideer, forbedrer barna fokus, probleml\u00f8sningsferdigheter og fantasi mens de nyter praktisk, skjermfri lek. \ud83c\udfe0Det er perfekt for hjemmel\u00e6ring, klasserom, reiser og stille lek.\" \/>\n<meta property=\"og:url\" content=\"https:\/\/mekulo.com\/no\/produkt\/magnetisk-trekloss-puslesett-180-brikker\/\" \/>\n<meta property=\"og:site_name\" content=\"Mekulo NO\" \/>\n<meta property=\"article:modified_time\" content=\"2026-01-16T19:09:58+00:00\" \/>\n<meta property=\"og:image\" content=\"https:\/\/mekulo.com\/no\/wp-content\/uploads\/sites\/10\/2026\/01\/yb9idjn-1.jpeg\" \/>\n\t<meta property=\"og:image:width\" content=\"800\" \/>\n\t<meta property=\"og:image:height\" content=\"800\" \/>\n\t<meta property=\"og:image:type\" content=\"image\/jpeg\" \/>\n<meta name=\"twitter:card\" content=\"summary_large_image\" \/>\n<meta name=\"twitter:label1\" content=\"Ansl. lesetid\" \/>\n\t<meta name=\"twitter:data1\" content=\"2 minutter\" \/>\n<script type=\"application\/ld+json\" class=\"yoast-schema-graph\">{\"@context\":\"https:\/\/schema.org\",\"@graph\":[{\"@type\":\"WebPage\",\"@id\":\"https:\/\/mekulo.com\/no\/produkt\/magnetisk-trekloss-puslesett-180-brikker\/\",\"url\":\"https:\/\/mekulo.com\/no\/produkt\/magnetisk-trekloss-puslesett-180-brikker\/\",\"name\":\"Magnetisk trekloss-puslesett (180 brikker) - Mekulo NO\",\"isPartOf\":{\"@id\":\"https:\/\/mekulo.com\/no\/#website\"},\"primaryImageOfPage\":{\"@id\":\"https:\/\/mekulo.com\/no\/produkt\/magnetisk-trekloss-puslesett-180-brikker\/#primaryimage\"},\"image\":{\"@id\":\"https:\/\/mekulo.com\/no\/produkt\/magnetisk-trekloss-puslesett-180-brikker\/#primaryimage\"},\"thumbnailUrl\":\"https:\/\/mekulo.com\/no\/wp-content\/uploads\/sites\/10\/2026\/01\/yb9idjn-1.jpeg\",\"datePublished\":\"2026-01-15T15:26:39+00:00\",\"dateModified\":\"2026-01-16T19:09:58+00:00\",\"breadcrumb\":{\"@id\":\"https:\/\/mekulo.com\/no\/produkt\/magnetisk-trekloss-puslesett-180-brikker\/#breadcrumb\"},\"inLanguage\":\"nb-NO\",\"potentialAction\":[{\"@type\":\"ReadAction\",\"target\":[\"https:\/\/mekulo.com\/no\/produkt\/magnetisk-trekloss-puslesett-180-brikker\/\"]}]},{\"@type\":\"ImageObject\",\"inLanguage\":\"nb-NO\",\"@id\":\"https:\/\/mekulo.com\/no\/produkt\/magnetisk-trekloss-puslesett-180-brikker\/#primaryimage\",\"url\":\"https:\/\/mekulo.com\/no\/wp-content\/uploads\/sites\/10\/2026\/01\/yb9idjn-1.jpeg\",\"contentUrl\":\"https:\/\/mekulo.com\/no\/wp-content\/uploads\/sites\/10\/2026\/01\/yb9idjn-1.jpeg\",\"width\":800,\"height\":800},{\"@type\":\"BreadcrumbList\",\"@id\":\"https:\/\/mekulo.com\/no\/produkt\/magnetisk-trekloss-puslesett-180-brikker\/#breadcrumb\",\"itemListElement\":[{\"@type\":\"ListItem\",\"position\":1,\"name\":\"Home\",\"item\":\"https:\/\/mekulo.com\/no\/\"},{\"@type\":\"ListItem\",\"position\":2,\"name\":\"Butikk\",\"item\":\"https:\/\/mekulo.com\/no\/butikk\/\"},{\"@type\":\"ListItem\",\"position\":3,\"name\":\"Magnetisk trekloss-puslesett (180 brikker)\"}]},{\"@type\":\"WebSite\",\"@id\":\"https:\/\/mekulo.com\/no\/#website\",\"url\":\"https:\/\/mekulo.com\/no\/\",\"name\":\"Mekulo NO\",\"description\":\"\",\"publisher\":{\"@id\":\"https:\/\/mekulo.com\/no\/#organization\"},\"potentialAction\":[{\"@type\":\"SearchAction\",\"target\":{\"@type\":\"EntryPoint\",\"urlTemplate\":\"https:\/\/mekulo.com\/no\/?s={search_term_string}\"},\"query-input\":{\"@type\":\"PropertyValueSpecification\",\"valueRequired\":true,\"valueName\":\"search_term_string\"}}],\"inLanguage\":\"nb-NO\"},{\"@type\":\"Organization\",\"@id\":\"https:\/\/mekulo.com\/no\/#organization\",\"name\":\"Mekulo\",\"url\":\"https:\/\/mekulo.com\/no\/\",\"logo\":{\"@type\":\"ImageObject\",\"inLanguage\":\"nb-NO\",\"@id\":\"https:\/\/mekulo.com\/no\/#\/schema\/logo\/image\/\",\"url\":\"https:\/\/mekulo.com\/no\/wp-content\/uploads\/sites\/10\/2025\/12\/favicon_mekulo.png\",\"contentUrl\":\"https:\/\/mekulo.com\/no\/wp-content\/uploads\/sites\/10\/2025\/12\/favicon_mekulo.png\",\"width\":50,\"height\":50,\"caption\":\"Mekulo\"},\"image\":{\"@id\":\"https:\/\/mekulo.com\/no\/#\/schema\/logo\/image\/\"}}]}<\/script>\n<!-- \/ Yoast SEO plugin. -->","yoast_head_json":{"title":"Magnetisk trekloss-puslesett (180 brikker) - Mekulo NO","robots":{"index":"index","follow":"follow","max-snippet":"max-snippet:-1","max-image-preview":"max-image-preview:large","max-video-preview":"max-video-preview:-1"},"canonical":"https:\/\/mekulo.com\/no\/produkt\/magnetisk-trekloss-puslesett-180-brikker\/","og_locale":"nb_NO","og_type":"article","og_title":"Magnetisk trekloss-puslesett (180 brikker) - Mekulo NO","og_description":"\ud83d\udd3aDette magnetiske trekloss-puslespillet er et kreativt l\u00e6ringsleket\u00f8y som hjelper barn \u00e5 bygge former, m\u00f8nstre og bilder ved hjelp av magnetiske trebrikker. \ud83e\udeb5Ved \u00e5 f\u00f8lge designkort eller skape sine egne ideer, forbedrer barna fokus, probleml\u00f8sningsferdigheter og fantasi mens de nyter praktisk, skjermfri lek. \ud83c\udfe0Det er perfekt for hjemmel\u00e6ring, klasserom, reiser og stille lek.","og_url":"https:\/\/mekulo.com\/no\/produkt\/magnetisk-trekloss-puslesett-180-brikker\/","og_site_name":"Mekulo NO","article_modified_time":"2026-01-16T19:09:58+00:00","og_image":[{"width":800,"height":800,"url":"https:\/\/mekulo.com\/no\/wp-content\/uploads\/sites\/10\/2026\/01\/yb9idjn-1.jpeg","type":"image\/jpeg"}],"twitter_card":"summary_large_image","twitter_misc":{"Ansl. lesetid":"2 minutter"},"schema":{"@context":"https:\/\/schema.org","@graph":[{"@type":"WebPage","@id":"https:\/\/mekulo.com\/no\/produkt\/magnetisk-trekloss-puslesett-180-brikker\/","url":"https:\/\/mekulo.com\/no\/produkt\/magnetisk-trekloss-puslesett-180-brikker\/","name":"Magnetisk trekloss-puslesett (180 brikker) - Mekulo NO","isPartOf":{"@id":"https:\/\/mekulo.com\/no\/#website"},"primaryImageOfPage":{"@id":"https:\/\/mekulo.com\/no\/produkt\/magnetisk-trekloss-puslesett-180-brikker\/#primaryimage"},"image":{"@id":"https:\/\/mekulo.com\/no\/produkt\/magnetisk-trekloss-puslesett-180-brikker\/#primaryimage"},"thumbnailUrl":"https:\/\/mekulo.com\/no\/wp-content\/uploads\/sites\/10\/2026\/01\/yb9idjn-1.jpeg","datePublished":"2026-01-15T15:26:39+00:00","dateModified":"2026-01-16T19:09:58+00:00","breadcrumb":{"@id":"https:\/\/mekulo.com\/no\/produkt\/magnetisk-trekloss-puslesett-180-brikker\/#breadcrumb"},"inLanguage":"nb-NO","potentialAction":[{"@type":"ReadAction","target":["https:\/\/mekulo.com\/no\/produkt\/magnetisk-trekloss-puslesett-180-brikker\/"]}]},{"@type":"ImageObject","inLanguage":"nb-NO","@id":"https:\/\/mekulo.com\/no\/produkt\/magnetisk-trekloss-puslesett-180-brikker\/#primaryimage","url":"https:\/\/mekulo.com\/no\/wp-content\/uploads\/sites\/10\/2026\/01\/yb9idjn-1.jpeg","contentUrl":"https:\/\/mekulo.com\/no\/wp-content\/uploads\/sites\/10\/2026\/01\/yb9idjn-1.jpeg","width":800,"height":800},{"@type":"BreadcrumbList","@id":"https:\/\/mekulo.com\/no\/produkt\/magnetisk-trekloss-puslesett-180-brikker\/#breadcrumb","itemListElement":[{"@type":"ListItem","position":1,"name":"Home","item":"https:\/\/mekulo.com\/no\/"},{"@type":"ListItem","position":2,"name":"Butikk","item":"https:\/\/mekulo.com\/no\/butikk\/"},{"@type":"ListItem","position":3,"name":"Magnetisk trekloss-puslesett (180 brikker)"}]},{"@type":"WebSite","@id":"https:\/\/mekulo.com\/no\/#website","url":"https:\/\/mekulo.com\/no\/","name":"Mekulo NO","description":"","publisher":{"@id":"https:\/\/mekulo.com\/no\/#organization"},"potentialAction":[{"@type":"SearchAction","target":{"@type":"EntryPoint","urlTemplate":"https:\/\/mekulo.com\/no\/?s={search_term_string}"},"query-input":{"@type":"PropertyValueSpecification","valueRequired":true,"valueName":"search_term_string"}}],"inLanguage":"nb-NO"},{"@type":"Organization","@id":"https:\/\/mekulo.com\/no\/#organization","name":"Mekulo","url":"https:\/\/mekulo.com\/no\/","logo":{"@type":"ImageObject","inLanguage":"nb-NO","@id":"https:\/\/mekulo.com\/no\/#\/schema\/logo\/image\/","url":"https:\/\/mekulo.com\/no\/wp-content\/uploads\/sites\/10\/2025\/12\/favicon_mekulo.png","contentUrl":"https:\/\/mekulo.com\/no\/wp-content\/uploads\/sites\/10\/2025\/12\/favicon_mekulo.png","width":50,"height":50,"caption":"Mekulo"},"image":{"@id":"https:\/\/mekulo.com\/no\/#\/schema\/logo\/image\/"}}]}},"_links":{"self":[{"href":"https:\/\/mekulo.com\/no\/wp-json\/wp\/v2\/product\/18436","targetHints":{"allow":["GET"]}}],"collection":[{"href":"https:\/\/mekulo.com\/no\/wp-json\/wp\/v2\/product"}],"about":[{"href":"https:\/\/mekulo.com\/no\/wp-json\/wp\/v2\/types\/product"}],"replies":[{"embeddable":true,"href":"https:\/\/mekulo.com\/no\/wp-json\/wp\/v2\/comments?post=18436"}],"wp:featuredmedia":[{"embeddable":true,"href":"https:\/\/mekulo.com\/no\/wp-json\/wp\/v2\/media\/18432"}],"wp:attachment":[{"href":"https:\/\/mekulo.com\/no\/wp-json\/wp\/v2\/media?parent=18436"}],"wp:term":[{"taxonomy":"product_brand","embeddable":true,"href":"https:\/\/mekulo.com\/no\/wp-json\/wp\/v2\/product_brand?post=18436"},{"taxonomy":"product_cat","embeddable":true,"href":"https:\/\/mekulo.com\/no\/wp-json\/wp\/v2\/product_cat?post=18436"},{"taxonomy":"product_tag","embeddable":true,"href":"https:\/\/mekulo.com\/no\/wp-json\/wp\/v2\/product_tag?post=18436"}],"curies":[{"name":"wp","href":"https:\/\/api.w.org\/{rel}","templated":true}]}}