{"id":18426,"date":"2026-01-15T17:25:28","date_gmt":"2026-01-15T15:25:28","guid":{"rendered":"https:\/\/mekulo.com\/no\/produkt\/multifunksjonell-gronnsaksskreller-2-stk\/"},"modified":"2026-01-16T21:07:44","modified_gmt":"2026-01-16T19:07:44","slug":"multifunksjonell-gronnsaksskreller-2-stk","status":"publish","type":"product","link":"https:\/\/mekulo.com\/no\/produkt\/multifunksjonell-gronnsaksskreller-2-stk\/","title":{"rendered":"Multifunksjonell gr\u00f8nnsaksskreller (2 stk)"},"content":{"rendered":"<p style=\"text-align: center;\" data-start=\"0\" data-end=\"63\"><strong data-start=\"0\" data-end=\"63\">Skrell, skj\u00e6r og \u00e5pne flasker med ett enkelt kj\u00f8kkenverkt\u00f8y. \ud83d\udd2a<\/strong><\/p>\n<p data-start=\"0\" data-end=\"63\"><img fetchpriority=\"high\" decoding=\"async\" class=\"size-full wp-image-20793 aligncenter\" src=\"https:\/\/mekulo.com\/template\/wp-content\/uploads\/sites\/6\/2026\/01\/S9a3c8793d95a46b2bdf28ddbba325707j.jpg_960x960q75.jpg_.avif\" alt=\"\" width=\"812\" height=\"812\" \/><\/p>\n<h2 style=\"text-align: center;\" data-start=\"314\" data-end=\"334\"><strong>Hovedfordeler \ud83e\udd55<\/strong><\/h2>\n<p data-start=\"337\" data-end=\"401\">\ud83d\udd2a Flerbruksdesign &#8211; skreller, skj\u00e6rer i skiver og \u00e5pner flasker.<\/p>\n<p data-start=\"404\" data-end=\"479\">\ud83e\udd52 Skarpt blad i rustfritt st\u00e5l &#8211; Glatt, tynn skrelling med mindre avfall.<\/p>\n<p data-start=\"482\" data-end=\"559\">\ud83c\udf4e Fungerer p\u00e5 mange matvarer &#8211; Poteter, gulr\u00f8tter, agurker, epler og mer.<\/p>\n<p data-start=\"562\" data-end=\"621\">\u270b Komfortabelt treh\u00e5ndtak &#8211; Naturlig, sklisikkert grep.<\/p>\n<p data-start=\"624\" data-end=\"691\">\u23f1\ufe0f Sparer tid og krefter &#8211; Raskere og enklere tilberedning av m\u00e5ltider.<\/p>\n<p data-start=\"694\" data-end=\"756\">\ud83c\udfe0 Uunnv\u00e6rlig i kj\u00f8kkenhverdagen &#8211; Perfekt til matlaging.<\/p>\n<p data-start=\"694\" data-end=\"756\"><img decoding=\"async\" class=\"size-full wp-image-20794 aligncenter\" src=\"https:\/\/mekulo.com\/template\/wp-content\/uploads\/sites\/6\/2026\/01\/Se06814b68933467ba1440b4bf625df645.jpg_960x960q75.jpg_.avif\" alt=\"\" width=\"812\" height=\"812\" \/><\/p>\n<h2 style=\"text-align: center;\" data-start=\"763\" data-end=\"777\"><strong>Hvordan Du Bruker Den \ud83d\udccc<\/strong><\/h2>\n<ol data-start=\"778\" data-end=\"1065\">\n<li data-start=\"778\" data-end=\"820\">\n<p data-start=\"781\" data-end=\"820\">Hold skrelleren i treh\u00e5ndtaket.<\/p>\n<\/li>\n<li data-start=\"821\" data-end=\"878\">\n<p data-start=\"824\" data-end=\"878\">Plasser bladet mot gr\u00f8nnsaks- eller frukthuden.<\/p>\n<\/li>\n<li data-start=\"879\" data-end=\"931\">\n<p data-start=\"882\" data-end=\"931\">Trekk jevnt i skrelleren for \u00e5 fjerne tynne lag.<\/p>\n<\/li>\n<li data-start=\"932\" data-end=\"983\">\n<p data-start=\"935\" data-end=\"983\">Bruk skivekanten til raske kutt ved behov.<\/p>\n<\/li>\n<li data-start=\"984\" data-end=\"1035\">\n<p data-start=\"987\" data-end=\"1035\">Bruk den innebygde metall\u00e5pneren til \u00e5 \u00e5pne flasker.<\/p>\n<\/li>\n<li data-start=\"1036\" data-end=\"1065\">\n<p data-start=\"1039\" data-end=\"1065\">Skyll og t\u00f8rk etter bruk.<\/p>\n<\/li>\n<\/ol>\n<h2 style=\"text-align: center;\" data-start=\"1072\" data-end=\"1091\"><strong>Produktdetaljer \ud83d\udccf<\/strong><\/h2>\n<ul data-start=\"1092\" data-end=\"1395\">\n<li data-start=\"1137\" data-end=\"1187\">\n<p data-start=\"1139\" data-end=\"1187\">Materiale: Blad i rustfritt st\u00e5l, h\u00e5ndtak i tre<\/p>\n<\/li>\n<li data-start=\"1188\" data-end=\"1234\">\n<p data-start=\"1190\" data-end=\"1234\">St\u00f8rrelse: Ca. 19 x 4 cm<\/p>\n<\/li>\n<li data-start=\"1235\" data-end=\"1282\">\n<p data-start=\"1237\" data-end=\"1282\">Funksjoner: Skrell, skj\u00e6r, flaske\u00e5pning<\/p>\n<\/li>\n<li data-start=\"1283\" data-end=\"1342\">\n<p data-start=\"1285\" data-end=\"1342\">H\u00e5ndtaksdesign: Ergonomisk, sklisikkert, naturlig trekorn<\/p>\n<\/li>\n<li data-start=\"1343\" data-end=\"1395\">\n<p data-start=\"1345\" data-end=\"1395\">Egnet for: Frukt og gr\u00f8nnsaker av alle typer<\/p>\n<\/li>\n<\/ul>\n<h2 style=\"text-align: center;\" data-start=\"1402\" data-end=\"1422\"><strong>Pakken inkluderer \ud83d\udce6<\/strong><\/h2>\n<ul data-start=\"1423\" data-end=\"1474\" data-is-last-node=\"\" data-is-only-node=\"\">\n<li data-start=\"1423\" data-end=\"1474\" data-is-last-node=\"\">\n<p data-start=\"1425\" data-end=\"1474\" data-is-last-node=\"\">2x multifunksjonelle gr\u00f8nnsaksskrellere.<\/p>\n<\/li>\n<\/ul>\n","protected":false},"excerpt":{"rendered":"<p>\ud83e\uded1Denne multifunksjonelle gr\u00f8nnsaksskrelleren er designet for \u00e5 gj\u00f8re den daglige matlagingen raskere og enklere.<br \/>\n\ud83d\udc69\u200d\ud83c\udf73Den kombinerer skrelling, kutting og flaske\u00e5pning i ett kompakt verkt\u00f8y, noe som hjelper deg med \u00e5 spare tid, redusere rot og jobbe mer effektivt p\u00e5 kj\u00f8kkenet.<br \/>\n\ud83d\udd2aDet skarpe bladet i rustfritt st\u00e5l og det komfortable treh\u00e5ndtaket gj\u00f8r den enkel \u00e5 bruke til b\u00e5de raske m\u00e5ltider og detaljerte matlagingsoppgaver.<\/p>\n","protected":false},"featured_media":18422,"comment_status":"open","ping_status":"closed","template":"","meta":{"site-sidebar-layout":"default","site-content-layout":"","ast-site-content-layout":"default","site-content-style":"default","site-sidebar-style":"default","ast-global-header-display":"","ast-banner-title-visibility":"","ast-main-header-display":"","ast-hfb-above-header-display":"","ast-hfb-below-header-display":"","ast-hfb-mobile-header-display":"","site-post-title":"","ast-breadcrumbs-content":"","ast-featured-img":"","footer-sml-layout":"","theme-transparent-header-meta":"default","adv-header-id-meta":"","stick-header-meta":"","header-above-stick-meta":"","header-main-stick-meta":"","header-below-stick-meta":"","astra-migrate-meta-layouts":"set","ast-page-background-enabled":"default","ast-page-background-meta":{"desktop":{"background-color":"var(--ast-global-color-5)","background-image":"","background-repeat":"repeat","background-position":"center center","background-size":"auto","background-attachment":"scroll","background-type":"","background-media":"","overlay-type":"","overlay-color":"","overlay-opacity":"","overlay-gradient":""},"tablet":{"background-color":"","background-image":"","background-repeat":"repeat","background-position":"center center","background-size":"auto","background-attachment":"scroll","background-type":"","background-media":"","overlay-type":"","overlay-color":"","overlay-opacity":"","overlay-gradient":""},"mobile":{"background-color":"","background-image":"","background-repeat":"repeat","background-position":"center center","background-size":"auto","background-attachment":"scroll","background-type":"","background-media":"","overlay-type":"","overlay-color":"","overlay-opacity":"","overlay-gradient":""}},"ast-content-background-meta":{"desktop":{"background-color":"var(--ast-global-color-4)","background-image":"","background-repeat":"repeat","background-position":"center center","background-size":"auto","background-attachment":"scroll","background-type":"","background-media":"","overlay-type":"","overlay-color":"","overlay-opacity":"","overlay-gradient":""},"tablet":{"background-color":"var(--ast-global-color-4)","background-image":"","background-repeat":"repeat","background-position":"center center","background-size":"auto","background-attachment":"scroll","background-type":"","background-media":"","overlay-type":"","overlay-color":"","overlay-opacity":"","overlay-gradient":""},"mobile":{"background-color":"var(--ast-global-color-4)","background-image":"","background-repeat":"repeat","background-position":"center center","background-size":"auto","background-attachment":"scroll","background-type":"","background-media":"","overlay-type":"","overlay-color":"","overlay-opacity":"","overlay-gradient":""}}},"product_brand":[],"product_cat":[168],"product_tag":[],"class_list":{"0":"post-18426","1":"product","2":"type-product","3":"status-publish","4":"has-post-thumbnail","6":"product_cat-husholdningsartikler","7":"desktop-align-left","8":"tablet-align-left","9":"mobile-align-left","11":"first","12":"instock","13":"shipping-taxable","14":"purchasable","15":"product-type-simple"},"yoast_head":"<!-- This site is optimized with the Yoast SEO plugin v26.6 - https:\/\/yoast.com\/wordpress\/plugins\/seo\/ -->\n<title>Multifunksjonell gr\u00f8nnsaksskreller (2 stk) - Mekulo NO<\/title>\n<meta name=\"robots\" content=\"index, follow, max-snippet:-1, max-image-preview:large, max-video-preview:-1\" \/>\n<link rel=\"canonical\" href=\"https:\/\/mekulo.com\/no\/produkt\/multifunksjonell-gronnsaksskreller-2-stk\/\" \/>\n<meta property=\"og:locale\" content=\"nb_NO\" \/>\n<meta property=\"og:type\" content=\"article\" \/>\n<meta property=\"og:title\" content=\"Multifunksjonell gr\u00f8nnsaksskreller (2 stk) - Mekulo NO\" \/>\n<meta property=\"og:description\" content=\"\ud83e\uded1Denne multifunksjonelle gr\u00f8nnsaksskrelleren er designet for \u00e5 gj\u00f8re den daglige matlagingen raskere og enklere. \ud83d\udc69\u200d\ud83c\udf73Den kombinerer skrelling, kutting og flaske\u00e5pning i ett kompakt verkt\u00f8y, noe som hjelper deg med \u00e5 spare tid, redusere rot og jobbe mer effektivt p\u00e5 kj\u00f8kkenet. \ud83d\udd2aDet skarpe bladet i rustfritt st\u00e5l og det komfortable treh\u00e5ndtaket gj\u00f8r den enkel \u00e5 bruke til b\u00e5de raske m\u00e5ltider og detaljerte matlagingsoppgaver.\" \/>\n<meta property=\"og:url\" content=\"https:\/\/mekulo.com\/no\/produkt\/multifunksjonell-gronnsaksskreller-2-stk\/\" \/>\n<meta property=\"og:site_name\" content=\"Mekulo NO\" \/>\n<meta property=\"article:modified_time\" content=\"2026-01-16T19:07:44+00:00\" \/>\n<meta property=\"og:image\" content=\"https:\/\/mekulo.com\/no\/wp-content\/uploads\/sites\/10\/2026\/01\/veams05-1.jpg\" \/>\n\t<meta property=\"og:image:width\" content=\"1080\" \/>\n\t<meta property=\"og:image:height\" content=\"1080\" \/>\n\t<meta property=\"og:image:type\" content=\"image\/jpeg\" \/>\n<meta name=\"twitter:card\" content=\"summary_large_image\" \/>\n<meta name=\"twitter:label1\" content=\"Ansl. lesetid\" \/>\n\t<meta name=\"twitter:data1\" content=\"2 minutter\" \/>\n<script type=\"application\/ld+json\" class=\"yoast-schema-graph\">{\"@context\":\"https:\/\/schema.org\",\"@graph\":[{\"@type\":\"WebPage\",\"@id\":\"https:\/\/mekulo.com\/no\/produkt\/multifunksjonell-gronnsaksskreller-2-stk\/\",\"url\":\"https:\/\/mekulo.com\/no\/produkt\/multifunksjonell-gronnsaksskreller-2-stk\/\",\"name\":\"Multifunksjonell gr\u00f8nnsaksskreller (2 stk) - Mekulo NO\",\"isPartOf\":{\"@id\":\"https:\/\/mekulo.com\/no\/#website\"},\"primaryImageOfPage\":{\"@id\":\"https:\/\/mekulo.com\/no\/produkt\/multifunksjonell-gronnsaksskreller-2-stk\/#primaryimage\"},\"image\":{\"@id\":\"https:\/\/mekulo.com\/no\/produkt\/multifunksjonell-gronnsaksskreller-2-stk\/#primaryimage\"},\"thumbnailUrl\":\"https:\/\/mekulo.com\/no\/wp-content\/uploads\/sites\/10\/2026\/01\/veams05-1.jpg\",\"datePublished\":\"2026-01-15T15:25:28+00:00\",\"dateModified\":\"2026-01-16T19:07:44+00:00\",\"breadcrumb\":{\"@id\":\"https:\/\/mekulo.com\/no\/produkt\/multifunksjonell-gronnsaksskreller-2-stk\/#breadcrumb\"},\"inLanguage\":\"nb-NO\",\"potentialAction\":[{\"@type\":\"ReadAction\",\"target\":[\"https:\/\/mekulo.com\/no\/produkt\/multifunksjonell-gronnsaksskreller-2-stk\/\"]}]},{\"@type\":\"ImageObject\",\"inLanguage\":\"nb-NO\",\"@id\":\"https:\/\/mekulo.com\/no\/produkt\/multifunksjonell-gronnsaksskreller-2-stk\/#primaryimage\",\"url\":\"https:\/\/mekulo.com\/no\/wp-content\/uploads\/sites\/10\/2026\/01\/veams05-1.jpg\",\"contentUrl\":\"https:\/\/mekulo.com\/no\/wp-content\/uploads\/sites\/10\/2026\/01\/veams05-1.jpg\",\"width\":1080,\"height\":1080},{\"@type\":\"BreadcrumbList\",\"@id\":\"https:\/\/mekulo.com\/no\/produkt\/multifunksjonell-gronnsaksskreller-2-stk\/#breadcrumb\",\"itemListElement\":[{\"@type\":\"ListItem\",\"position\":1,\"name\":\"Home\",\"item\":\"https:\/\/mekulo.com\/no\/\"},{\"@type\":\"ListItem\",\"position\":2,\"name\":\"Butikk\",\"item\":\"https:\/\/mekulo.com\/no\/butikk\/\"},{\"@type\":\"ListItem\",\"position\":3,\"name\":\"Multifunksjonell gr\u00f8nnsaksskreller (2 stk)\"}]},{\"@type\":\"WebSite\",\"@id\":\"https:\/\/mekulo.com\/no\/#website\",\"url\":\"https:\/\/mekulo.com\/no\/\",\"name\":\"Mekulo NO\",\"description\":\"\",\"publisher\":{\"@id\":\"https:\/\/mekulo.com\/no\/#organization\"},\"potentialAction\":[{\"@type\":\"SearchAction\",\"target\":{\"@type\":\"EntryPoint\",\"urlTemplate\":\"https:\/\/mekulo.com\/no\/?s={search_term_string}\"},\"query-input\":{\"@type\":\"PropertyValueSpecification\",\"valueRequired\":true,\"valueName\":\"search_term_string\"}}],\"inLanguage\":\"nb-NO\"},{\"@type\":\"Organization\",\"@id\":\"https:\/\/mekulo.com\/no\/#organization\",\"name\":\"Mekulo\",\"url\":\"https:\/\/mekulo.com\/no\/\",\"logo\":{\"@type\":\"ImageObject\",\"inLanguage\":\"nb-NO\",\"@id\":\"https:\/\/mekulo.com\/no\/#\/schema\/logo\/image\/\",\"url\":\"https:\/\/mekulo.com\/no\/wp-content\/uploads\/sites\/10\/2025\/12\/favicon_mekulo.png\",\"contentUrl\":\"https:\/\/mekulo.com\/no\/wp-content\/uploads\/sites\/10\/2025\/12\/favicon_mekulo.png\",\"width\":50,\"height\":50,\"caption\":\"Mekulo\"},\"image\":{\"@id\":\"https:\/\/mekulo.com\/no\/#\/schema\/logo\/image\/\"}}]}<\/script>\n<!-- \/ Yoast SEO plugin. -->","yoast_head_json":{"title":"Multifunksjonell gr\u00f8nnsaksskreller (2 stk) - Mekulo NO","robots":{"index":"index","follow":"follow","max-snippet":"max-snippet:-1","max-image-preview":"max-image-preview:large","max-video-preview":"max-video-preview:-1"},"canonical":"https:\/\/mekulo.com\/no\/produkt\/multifunksjonell-gronnsaksskreller-2-stk\/","og_locale":"nb_NO","og_type":"article","og_title":"Multifunksjonell gr\u00f8nnsaksskreller (2 stk) - Mekulo NO","og_description":"\ud83e\uded1Denne multifunksjonelle gr\u00f8nnsaksskrelleren er designet for \u00e5 gj\u00f8re den daglige matlagingen raskere og enklere. \ud83d\udc69\u200d\ud83c\udf73Den kombinerer skrelling, kutting og flaske\u00e5pning i ett kompakt verkt\u00f8y, noe som hjelper deg med \u00e5 spare tid, redusere rot og jobbe mer effektivt p\u00e5 kj\u00f8kkenet. \ud83d\udd2aDet skarpe bladet i rustfritt st\u00e5l og det komfortable treh\u00e5ndtaket gj\u00f8r den enkel \u00e5 bruke til b\u00e5de raske m\u00e5ltider og detaljerte matlagingsoppgaver.","og_url":"https:\/\/mekulo.com\/no\/produkt\/multifunksjonell-gronnsaksskreller-2-stk\/","og_site_name":"Mekulo NO","article_modified_time":"2026-01-16T19:07:44+00:00","og_image":[{"width":1080,"height":1080,"url":"https:\/\/mekulo.com\/no\/wp-content\/uploads\/sites\/10\/2026\/01\/veams05-1.jpg","type":"image\/jpeg"}],"twitter_card":"summary_large_image","twitter_misc":{"Ansl. lesetid":"2 minutter"},"schema":{"@context":"https:\/\/schema.org","@graph":[{"@type":"WebPage","@id":"https:\/\/mekulo.com\/no\/produkt\/multifunksjonell-gronnsaksskreller-2-stk\/","url":"https:\/\/mekulo.com\/no\/produkt\/multifunksjonell-gronnsaksskreller-2-stk\/","name":"Multifunksjonell gr\u00f8nnsaksskreller (2 stk) - Mekulo NO","isPartOf":{"@id":"https:\/\/mekulo.com\/no\/#website"},"primaryImageOfPage":{"@id":"https:\/\/mekulo.com\/no\/produkt\/multifunksjonell-gronnsaksskreller-2-stk\/#primaryimage"},"image":{"@id":"https:\/\/mekulo.com\/no\/produkt\/multifunksjonell-gronnsaksskreller-2-stk\/#primaryimage"},"thumbnailUrl":"https:\/\/mekulo.com\/no\/wp-content\/uploads\/sites\/10\/2026\/01\/veams05-1.jpg","datePublished":"2026-01-15T15:25:28+00:00","dateModified":"2026-01-16T19:07:44+00:00","breadcrumb":{"@id":"https:\/\/mekulo.com\/no\/produkt\/multifunksjonell-gronnsaksskreller-2-stk\/#breadcrumb"},"inLanguage":"nb-NO","potentialAction":[{"@type":"ReadAction","target":["https:\/\/mekulo.com\/no\/produkt\/multifunksjonell-gronnsaksskreller-2-stk\/"]}]},{"@type":"ImageObject","inLanguage":"nb-NO","@id":"https:\/\/mekulo.com\/no\/produkt\/multifunksjonell-gronnsaksskreller-2-stk\/#primaryimage","url":"https:\/\/mekulo.com\/no\/wp-content\/uploads\/sites\/10\/2026\/01\/veams05-1.jpg","contentUrl":"https:\/\/mekulo.com\/no\/wp-content\/uploads\/sites\/10\/2026\/01\/veams05-1.jpg","width":1080,"height":1080},{"@type":"BreadcrumbList","@id":"https:\/\/mekulo.com\/no\/produkt\/multifunksjonell-gronnsaksskreller-2-stk\/#breadcrumb","itemListElement":[{"@type":"ListItem","position":1,"name":"Home","item":"https:\/\/mekulo.com\/no\/"},{"@type":"ListItem","position":2,"name":"Butikk","item":"https:\/\/mekulo.com\/no\/butikk\/"},{"@type":"ListItem","position":3,"name":"Multifunksjonell gr\u00f8nnsaksskreller (2 stk)"}]},{"@type":"WebSite","@id":"https:\/\/mekulo.com\/no\/#website","url":"https:\/\/mekulo.com\/no\/","name":"Mekulo NO","description":"","publisher":{"@id":"https:\/\/mekulo.com\/no\/#organization"},"potentialAction":[{"@type":"SearchAction","target":{"@type":"EntryPoint","urlTemplate":"https:\/\/mekulo.com\/no\/?s={search_term_string}"},"query-input":{"@type":"PropertyValueSpecification","valueRequired":true,"valueName":"search_term_string"}}],"inLanguage":"nb-NO"},{"@type":"Organization","@id":"https:\/\/mekulo.com\/no\/#organization","name":"Mekulo","url":"https:\/\/mekulo.com\/no\/","logo":{"@type":"ImageObject","inLanguage":"nb-NO","@id":"https:\/\/mekulo.com\/no\/#\/schema\/logo\/image\/","url":"https:\/\/mekulo.com\/no\/wp-content\/uploads\/sites\/10\/2025\/12\/favicon_mekulo.png","contentUrl":"https:\/\/mekulo.com\/no\/wp-content\/uploads\/sites\/10\/2025\/12\/favicon_mekulo.png","width":50,"height":50,"caption":"Mekulo"},"image":{"@id":"https:\/\/mekulo.com\/no\/#\/schema\/logo\/image\/"}}]}},"_links":{"self":[{"href":"https:\/\/mekulo.com\/no\/wp-json\/wp\/v2\/product\/18426","targetHints":{"allow":["GET"]}}],"collection":[{"href":"https:\/\/mekulo.com\/no\/wp-json\/wp\/v2\/product"}],"about":[{"href":"https:\/\/mekulo.com\/no\/wp-json\/wp\/v2\/types\/product"}],"replies":[{"embeddable":true,"href":"https:\/\/mekulo.com\/no\/wp-json\/wp\/v2\/comments?post=18426"}],"wp:featuredmedia":[{"embeddable":true,"href":"https:\/\/mekulo.com\/no\/wp-json\/wp\/v2\/media\/18422"}],"wp:attachment":[{"href":"https:\/\/mekulo.com\/no\/wp-json\/wp\/v2\/media?parent=18426"}],"wp:term":[{"taxonomy":"product_brand","embeddable":true,"href":"https:\/\/mekulo.com\/no\/wp-json\/wp\/v2\/product_brand?post=18426"},{"taxonomy":"product_cat","embeddable":true,"href":"https:\/\/mekulo.com\/no\/wp-json\/wp\/v2\/product_cat?post=18426"},{"taxonomy":"product_tag","embeddable":true,"href":"https:\/\/mekulo.com\/no\/wp-json\/wp\/v2\/product_tag?post=18426"}],"curies":[{"name":"wp","href":"https:\/\/api.w.org\/{rel}","templated":true}]}}