{"id":18416,"date":"2026-01-15T17:24:06","date_gmt":"2026-01-15T15:24:06","guid":{"rendered":"https:\/\/mekulo.com\/no\/produkt\/led-fevinger\/"},"modified":"2026-01-16T21:05:39","modified_gmt":"2026-01-16T19:05:39","slug":"led-fevinger","status":"publish","type":"product","link":"https:\/\/mekulo.com\/no\/produkt\/led-fevinger\/","title":{"rendered":"LED-fevinger"},"content":{"rendered":"<p style=\"text-align: center;\" data-start=\"0\" data-end=\"62\"><strong data-start=\"0\" data-end=\"62\">Lys Opp Ethvert Antrekk Og Bli En Gl\u00f8dende Fe P\u00e5 F\u00e5 Sekunder. \ud83e\uddda<\/strong><\/p>\n<p data-start=\"0\" data-end=\"62\"><img fetchpriority=\"high\" decoding=\"async\" class=\"size-full wp-image-20785 aligncenter\" src=\"https:\/\/mekulo.com\/template\/wp-content\/uploads\/sites\/6\/2026\/01\/spp_20241218181513_0d97222f4eb13afd0084d5d9a0ab51eb.webp\" alt=\"\" width=\"1061\" height=\"649\" \/><\/p>\n<h2 style=\"text-align: center;\" data-start=\"339\" data-end=\"358\"><strong>Hovedfordeler \u2728<\/strong><\/h2>\n<p data-start=\"361\" data-end=\"426\">\ud83e\udd8b Sterke LED-lys &#8211; Glitrer og gl\u00f8der med hver bevegelse.<\/p>\n<p data-start=\"429\" data-end=\"503\">\ud83c\udf08 Magisk fargeeffekt &#8211; Skimrende materiale endrer farge etter vinkel.<\/p>\n<p data-start=\"506\" data-end=\"578\">\ud83c\udf89 Perfekt for enhver begivenhet &#8211; Flott for fester, kostymer og bilder.<\/p>\n<p data-start=\"581\" data-end=\"648\">\ud83c\udfb5 Musikk og stille moduser &#8211; Velg lys med eller uten lyd.<\/p>\n<p data-start=\"651\" data-end=\"717\">\ud83e\udeb6 Lett og behagelig &#8211; Lett \u00e5 ha p\u00e5 seg i lange perioder.<\/p>\n<p data-start=\"720\" data-end=\"781\">\ud83c\udf81 Perfekt gaveid\u00e9 &#8211; elsket av barn, ten\u00e5ringer og voksne.<\/p>\n<p data-start=\"720\" data-end=\"781\"><img decoding=\"async\" class=\"size-full wp-image-20787 aligncenter\" src=\"https:\/\/mekulo.com\/template\/wp-content\/uploads\/sites\/6\/2026\/01\/S81158a5ae537467bb30db04e913916f53.jpg_960x960q75.jpg_.avif\" alt=\"\" width=\"960\" height=\"960\" \/><\/p>\n<h2 style=\"text-align: center;\" data-start=\"788\" data-end=\"802\"><strong>Hvordan Du Bruker \ud83d\udccc<\/strong><\/h2>\n<ol data-start=\"803\" data-end=\"1090\">\n<li data-start=\"803\" data-end=\"862\">\n<p data-start=\"806\" data-end=\"862\">Sett p\u00e5 vingene ved hjelp av de justerbare skulderstroppene.<\/p>\n<\/li>\n<li data-start=\"863\" data-end=\"914\">\n<p data-start=\"866\" data-end=\"914\">Juster vingene forsiktig til \u00f8nsket form.<\/p>\n<\/li>\n<li data-start=\"915\" data-end=\"972\">\n<p data-start=\"918\" data-end=\"972\">Sl\u00e5 p\u00e5 str\u00f8mbryteren for \u00e5 aktivere LED-lysene.<\/p>\n<\/li>\n<li data-start=\"973\" data-end=\"1019\">\n<p data-start=\"976\" data-end=\"1019\">Velg musikk eller lydl\u00f8s modus hvis tilgjengelig.<\/p>\n<\/li>\n<li data-start=\"1020\" data-end=\"1090\">\n<p data-start=\"1023\" data-end=\"1090\">Nyt de gl\u00f8dende vingene mens du g\u00e5r, danser eller poserer for bilder.<\/p>\n<\/li>\n<\/ol>\n<h2 style=\"text-align: center;\" data-start=\"1097\" data-end=\"1116\"><strong>Produktdetaljer \ud83d\udccf<\/strong><\/h2>\n<ul data-start=\"1117\" data-end=\"1466\">\n<li data-start=\"1159\" data-end=\"1217\">\n<p data-start=\"1161\" data-end=\"1217\">Materiale: Plast med glitrende organza-stil design<\/p>\n<\/li>\n<li data-start=\"1234\" data-end=\"1254\">\n<p data-start=\"1236\" data-end=\"1254\">St\u00f8rrelse: 70 x 68 cm<\/p>\n<\/li>\n<li data-start=\"1255\" data-end=\"1272\">\n<p data-start=\"1257\" data-end=\"1272\">Vekt: 460 g<\/p>\n<\/li>\n<li data-start=\"1273\" data-end=\"1305\">\n<p data-start=\"1275\" data-end=\"1305\">Passende alder: 3 \u00e5r og oppover<\/p>\n<\/li>\n<li data-start=\"1306\" data-end=\"1366\">\n<p data-start=\"1308\" data-end=\"1366\">Design: Sommerfuglvinger med gradient fargeeffekt<\/p>\n<\/li>\n<li data-start=\"1367\" data-end=\"1410\">\n<p data-start=\"1369\" data-end=\"1410\">Energi: LED-system<\/p>\n<\/li>\n<li data-start=\"1411\" data-end=\"1466\">\n<p data-start=\"1413\" data-end=\"1466\">Passform: Justerbare stropper for forskjellige skulderst\u00f8rrelser<\/p>\n<\/li>\n<\/ul>\n<h2 style=\"text-align: center;\" data-start=\"1473\" data-end=\"1493\"><strong>Pakken inkluderer \ud83d\udce6<\/strong><\/h2>\n<ul data-start=\"1494\" data-end=\"1531\" data-is-last-node=\"\" data-is-only-node=\"\">\n<li data-start=\"1494\" data-end=\"1531\" data-is-last-node=\"\">\n<p data-start=\"1496\" data-end=\"1531\" data-is-last-node=\"\">1x LED fevinger.<\/p>\n<\/li>\n<\/ul>\n","protected":false},"excerpt":{"rendered":"<p>\ud83e\udd8bDisse LED-fevingene er et magisk kostymetilbeh\u00f8r designet for \u00e5 f\u00e5 jenter og kvinner til \u00e5 skille seg ut p\u00e5 ethvert arrangement.<br \/>\n\ud83e\udddaMed innebygde LED-lys og et glitrende sommerfugldesign lyser vingene vakkert med hver bevegelse.<br \/>\n\ud83d\udc57De forvandler \u00f8yeblikkelig enkle kjoler til i\u00f8ynefallende feantrekk som ser fantastiske ut i det virkelige liv, bilder og videoer.<\/p>\n","protected":false},"featured_media":18412,"comment_status":"open","ping_status":"closed","template":"","meta":{"site-sidebar-layout":"default","site-content-layout":"","ast-site-content-layout":"default","site-content-style":"default","site-sidebar-style":"default","ast-global-header-display":"","ast-banner-title-visibility":"","ast-main-header-display":"","ast-hfb-above-header-display":"","ast-hfb-below-header-display":"","ast-hfb-mobile-header-display":"","site-post-title":"","ast-breadcrumbs-content":"","ast-featured-img":"","footer-sml-layout":"","theme-transparent-header-meta":"default","adv-header-id-meta":"","stick-header-meta":"","header-above-stick-meta":"","header-main-stick-meta":"","header-below-stick-meta":"","astra-migrate-meta-layouts":"set","ast-page-background-enabled":"default","ast-page-background-meta":{"desktop":{"background-color":"var(--ast-global-color-5)","background-image":"","background-repeat":"repeat","background-position":"center center","background-size":"auto","background-attachment":"scroll","background-type":"","background-media":"","overlay-type":"","overlay-color":"","overlay-opacity":"","overlay-gradient":""},"tablet":{"background-color":"","background-image":"","background-repeat":"repeat","background-position":"center center","background-size":"auto","background-attachment":"scroll","background-type":"","background-media":"","overlay-type":"","overlay-color":"","overlay-opacity":"","overlay-gradient":""},"mobile":{"background-color":"","background-image":"","background-repeat":"repeat","background-position":"center center","background-size":"auto","background-attachment":"scroll","background-type":"","background-media":"","overlay-type":"","overlay-color":"","overlay-opacity":"","overlay-gradient":""}},"ast-content-background-meta":{"desktop":{"background-color":"var(--ast-global-color-4)","background-image":"","background-repeat":"repeat","background-position":"center center","background-size":"auto","background-attachment":"scroll","background-type":"","background-media":"","overlay-type":"","overlay-color":"","overlay-opacity":"","overlay-gradient":""},"tablet":{"background-color":"var(--ast-global-color-4)","background-image":"","background-repeat":"repeat","background-position":"center center","background-size":"auto","background-attachment":"scroll","background-type":"","background-media":"","overlay-type":"","overlay-color":"","overlay-opacity":"","overlay-gradient":""},"mobile":{"background-color":"var(--ast-global-color-4)","background-image":"","background-repeat":"repeat","background-position":"center center","background-size":"auto","background-attachment":"scroll","background-type":"","background-media":"","overlay-type":"","overlay-color":"","overlay-opacity":"","overlay-gradient":""}}},"product_brand":[],"product_cat":[172],"product_tag":[],"class_list":{"0":"post-18416","1":"product","2":"type-product","3":"status-publish","4":"has-post-thumbnail","6":"product_cat-leker-barne-og-babyprodukter","7":"desktop-align-left","8":"tablet-align-left","9":"mobile-align-left","11":"first","12":"instock","13":"shipping-taxable","14":"purchasable","15":"product-type-simple"},"yoast_head":"<!-- This site is optimized with the Yoast SEO plugin v26.6 - https:\/\/yoast.com\/wordpress\/plugins\/seo\/ -->\n<title>LED-fevinger - Mekulo NO<\/title>\n<meta name=\"robots\" content=\"index, follow, max-snippet:-1, max-image-preview:large, max-video-preview:-1\" \/>\n<link rel=\"canonical\" href=\"https:\/\/mekulo.com\/no\/produkt\/led-fevinger\/\" \/>\n<meta property=\"og:locale\" content=\"nb_NO\" \/>\n<meta property=\"og:type\" content=\"article\" \/>\n<meta property=\"og:title\" content=\"LED-fevinger - Mekulo NO\" \/>\n<meta property=\"og:description\" content=\"\ud83e\udd8bDisse LED-fevingene er et magisk kostymetilbeh\u00f8r designet for \u00e5 f\u00e5 jenter og kvinner til \u00e5 skille seg ut p\u00e5 ethvert arrangement. \ud83e\udddaMed innebygde LED-lys og et glitrende sommerfugldesign lyser vingene vakkert med hver bevegelse. \ud83d\udc57De forvandler \u00f8yeblikkelig enkle kjoler til i\u00f8ynefallende feantrekk som ser fantastiske ut i det virkelige liv, bilder og videoer.\" \/>\n<meta property=\"og:url\" content=\"https:\/\/mekulo.com\/no\/produkt\/led-fevinger\/\" \/>\n<meta property=\"og:site_name\" content=\"Mekulo NO\" \/>\n<meta property=\"article:modified_time\" content=\"2026-01-16T19:05:39+00:00\" \/>\n<meta property=\"og:image\" content=\"https:\/\/mekulo.com\/no\/wp-content\/uploads\/sites\/10\/2026\/01\/c7e5zeu-1.jpg\" \/>\n\t<meta property=\"og:image:width\" content=\"960\" \/>\n\t<meta property=\"og:image:height\" content=\"960\" \/>\n\t<meta property=\"og:image:type\" content=\"image\/jpeg\" \/>\n<meta name=\"twitter:card\" content=\"summary_large_image\" \/>\n<meta name=\"twitter:label1\" content=\"Ansl. lesetid\" \/>\n\t<meta name=\"twitter:data1\" content=\"2 minutter\" \/>\n<script type=\"application\/ld+json\" class=\"yoast-schema-graph\">{\"@context\":\"https:\/\/schema.org\",\"@graph\":[{\"@type\":\"WebPage\",\"@id\":\"https:\/\/mekulo.com\/no\/produkt\/led-fevinger\/\",\"url\":\"https:\/\/mekulo.com\/no\/produkt\/led-fevinger\/\",\"name\":\"LED-fevinger - Mekulo NO\",\"isPartOf\":{\"@id\":\"https:\/\/mekulo.com\/no\/#website\"},\"primaryImageOfPage\":{\"@id\":\"https:\/\/mekulo.com\/no\/produkt\/led-fevinger\/#primaryimage\"},\"image\":{\"@id\":\"https:\/\/mekulo.com\/no\/produkt\/led-fevinger\/#primaryimage\"},\"thumbnailUrl\":\"https:\/\/mekulo.com\/no\/wp-content\/uploads\/sites\/10\/2026\/01\/c7e5zeu-1.jpg\",\"datePublished\":\"2026-01-15T15:24:06+00:00\",\"dateModified\":\"2026-01-16T19:05:39+00:00\",\"breadcrumb\":{\"@id\":\"https:\/\/mekulo.com\/no\/produkt\/led-fevinger\/#breadcrumb\"},\"inLanguage\":\"nb-NO\",\"potentialAction\":[{\"@type\":\"ReadAction\",\"target\":[\"https:\/\/mekulo.com\/no\/produkt\/led-fevinger\/\"]}]},{\"@type\":\"ImageObject\",\"inLanguage\":\"nb-NO\",\"@id\":\"https:\/\/mekulo.com\/no\/produkt\/led-fevinger\/#primaryimage\",\"url\":\"https:\/\/mekulo.com\/no\/wp-content\/uploads\/sites\/10\/2026\/01\/c7e5zeu-1.jpg\",\"contentUrl\":\"https:\/\/mekulo.com\/no\/wp-content\/uploads\/sites\/10\/2026\/01\/c7e5zeu-1.jpg\",\"width\":960,\"height\":960},{\"@type\":\"BreadcrumbList\",\"@id\":\"https:\/\/mekulo.com\/no\/produkt\/led-fevinger\/#breadcrumb\",\"itemListElement\":[{\"@type\":\"ListItem\",\"position\":1,\"name\":\"Home\",\"item\":\"https:\/\/mekulo.com\/no\/\"},{\"@type\":\"ListItem\",\"position\":2,\"name\":\"Butikk\",\"item\":\"https:\/\/mekulo.com\/no\/butikk\/\"},{\"@type\":\"ListItem\",\"position\":3,\"name\":\"LED-fevinger\"}]},{\"@type\":\"WebSite\",\"@id\":\"https:\/\/mekulo.com\/no\/#website\",\"url\":\"https:\/\/mekulo.com\/no\/\",\"name\":\"Mekulo NO\",\"description\":\"\",\"publisher\":{\"@id\":\"https:\/\/mekulo.com\/no\/#organization\"},\"potentialAction\":[{\"@type\":\"SearchAction\",\"target\":{\"@type\":\"EntryPoint\",\"urlTemplate\":\"https:\/\/mekulo.com\/no\/?s={search_term_string}\"},\"query-input\":{\"@type\":\"PropertyValueSpecification\",\"valueRequired\":true,\"valueName\":\"search_term_string\"}}],\"inLanguage\":\"nb-NO\"},{\"@type\":\"Organization\",\"@id\":\"https:\/\/mekulo.com\/no\/#organization\",\"name\":\"Mekulo\",\"url\":\"https:\/\/mekulo.com\/no\/\",\"logo\":{\"@type\":\"ImageObject\",\"inLanguage\":\"nb-NO\",\"@id\":\"https:\/\/mekulo.com\/no\/#\/schema\/logo\/image\/\",\"url\":\"https:\/\/mekulo.com\/no\/wp-content\/uploads\/sites\/10\/2025\/12\/favicon_mekulo.png\",\"contentUrl\":\"https:\/\/mekulo.com\/no\/wp-content\/uploads\/sites\/10\/2025\/12\/favicon_mekulo.png\",\"width\":50,\"height\":50,\"caption\":\"Mekulo\"},\"image\":{\"@id\":\"https:\/\/mekulo.com\/no\/#\/schema\/logo\/image\/\"}}]}<\/script>\n<!-- \/ Yoast SEO plugin. -->","yoast_head_json":{"title":"LED-fevinger - Mekulo NO","robots":{"index":"index","follow":"follow","max-snippet":"max-snippet:-1","max-image-preview":"max-image-preview:large","max-video-preview":"max-video-preview:-1"},"canonical":"https:\/\/mekulo.com\/no\/produkt\/led-fevinger\/","og_locale":"nb_NO","og_type":"article","og_title":"LED-fevinger - Mekulo NO","og_description":"\ud83e\udd8bDisse LED-fevingene er et magisk kostymetilbeh\u00f8r designet for \u00e5 f\u00e5 jenter og kvinner til \u00e5 skille seg ut p\u00e5 ethvert arrangement. \ud83e\udddaMed innebygde LED-lys og et glitrende sommerfugldesign lyser vingene vakkert med hver bevegelse. \ud83d\udc57De forvandler \u00f8yeblikkelig enkle kjoler til i\u00f8ynefallende feantrekk som ser fantastiske ut i det virkelige liv, bilder og videoer.","og_url":"https:\/\/mekulo.com\/no\/produkt\/led-fevinger\/","og_site_name":"Mekulo NO","article_modified_time":"2026-01-16T19:05:39+00:00","og_image":[{"width":960,"height":960,"url":"https:\/\/mekulo.com\/no\/wp-content\/uploads\/sites\/10\/2026\/01\/c7e5zeu-1.jpg","type":"image\/jpeg"}],"twitter_card":"summary_large_image","twitter_misc":{"Ansl. lesetid":"2 minutter"},"schema":{"@context":"https:\/\/schema.org","@graph":[{"@type":"WebPage","@id":"https:\/\/mekulo.com\/no\/produkt\/led-fevinger\/","url":"https:\/\/mekulo.com\/no\/produkt\/led-fevinger\/","name":"LED-fevinger - Mekulo NO","isPartOf":{"@id":"https:\/\/mekulo.com\/no\/#website"},"primaryImageOfPage":{"@id":"https:\/\/mekulo.com\/no\/produkt\/led-fevinger\/#primaryimage"},"image":{"@id":"https:\/\/mekulo.com\/no\/produkt\/led-fevinger\/#primaryimage"},"thumbnailUrl":"https:\/\/mekulo.com\/no\/wp-content\/uploads\/sites\/10\/2026\/01\/c7e5zeu-1.jpg","datePublished":"2026-01-15T15:24:06+00:00","dateModified":"2026-01-16T19:05:39+00:00","breadcrumb":{"@id":"https:\/\/mekulo.com\/no\/produkt\/led-fevinger\/#breadcrumb"},"inLanguage":"nb-NO","potentialAction":[{"@type":"ReadAction","target":["https:\/\/mekulo.com\/no\/produkt\/led-fevinger\/"]}]},{"@type":"ImageObject","inLanguage":"nb-NO","@id":"https:\/\/mekulo.com\/no\/produkt\/led-fevinger\/#primaryimage","url":"https:\/\/mekulo.com\/no\/wp-content\/uploads\/sites\/10\/2026\/01\/c7e5zeu-1.jpg","contentUrl":"https:\/\/mekulo.com\/no\/wp-content\/uploads\/sites\/10\/2026\/01\/c7e5zeu-1.jpg","width":960,"height":960},{"@type":"BreadcrumbList","@id":"https:\/\/mekulo.com\/no\/produkt\/led-fevinger\/#breadcrumb","itemListElement":[{"@type":"ListItem","position":1,"name":"Home","item":"https:\/\/mekulo.com\/no\/"},{"@type":"ListItem","position":2,"name":"Butikk","item":"https:\/\/mekulo.com\/no\/butikk\/"},{"@type":"ListItem","position":3,"name":"LED-fevinger"}]},{"@type":"WebSite","@id":"https:\/\/mekulo.com\/no\/#website","url":"https:\/\/mekulo.com\/no\/","name":"Mekulo NO","description":"","publisher":{"@id":"https:\/\/mekulo.com\/no\/#organization"},"potentialAction":[{"@type":"SearchAction","target":{"@type":"EntryPoint","urlTemplate":"https:\/\/mekulo.com\/no\/?s={search_term_string}"},"query-input":{"@type":"PropertyValueSpecification","valueRequired":true,"valueName":"search_term_string"}}],"inLanguage":"nb-NO"},{"@type":"Organization","@id":"https:\/\/mekulo.com\/no\/#organization","name":"Mekulo","url":"https:\/\/mekulo.com\/no\/","logo":{"@type":"ImageObject","inLanguage":"nb-NO","@id":"https:\/\/mekulo.com\/no\/#\/schema\/logo\/image\/","url":"https:\/\/mekulo.com\/no\/wp-content\/uploads\/sites\/10\/2025\/12\/favicon_mekulo.png","contentUrl":"https:\/\/mekulo.com\/no\/wp-content\/uploads\/sites\/10\/2025\/12\/favicon_mekulo.png","width":50,"height":50,"caption":"Mekulo"},"image":{"@id":"https:\/\/mekulo.com\/no\/#\/schema\/logo\/image\/"}}]}},"_links":{"self":[{"href":"https:\/\/mekulo.com\/no\/wp-json\/wp\/v2\/product\/18416","targetHints":{"allow":["GET"]}}],"collection":[{"href":"https:\/\/mekulo.com\/no\/wp-json\/wp\/v2\/product"}],"about":[{"href":"https:\/\/mekulo.com\/no\/wp-json\/wp\/v2\/types\/product"}],"replies":[{"embeddable":true,"href":"https:\/\/mekulo.com\/no\/wp-json\/wp\/v2\/comments?post=18416"}],"wp:featuredmedia":[{"embeddable":true,"href":"https:\/\/mekulo.com\/no\/wp-json\/wp\/v2\/media\/18412"}],"wp:attachment":[{"href":"https:\/\/mekulo.com\/no\/wp-json\/wp\/v2\/media?parent=18416"}],"wp:term":[{"taxonomy":"product_brand","embeddable":true,"href":"https:\/\/mekulo.com\/no\/wp-json\/wp\/v2\/product_brand?post=18416"},{"taxonomy":"product_cat","embeddable":true,"href":"https:\/\/mekulo.com\/no\/wp-json\/wp\/v2\/product_cat?post=18416"},{"taxonomy":"product_tag","embeddable":true,"href":"https:\/\/mekulo.com\/no\/wp-json\/wp\/v2\/product_tag?post=18416"}],"curies":[{"name":"wp","href":"https:\/\/api.w.org\/{rel}","templated":true}]}}