{"id":18399,"date":"2026-01-15T17:22:58","date_gmt":"2026-01-15T15:22:58","guid":{"rendered":"https:\/\/mekulo.com\/no\/produkt\/dusjtermometer\/"},"modified":"2026-01-16T21:03:13","modified_gmt":"2026-01-16T19:03:13","slug":"dusjtermometer","status":"publish","type":"product","link":"https:\/\/mekulo.com\/no\/produkt\/dusjtermometer\/","title":{"rendered":"Dusjtermometer"},"content":{"rendered":"<p style=\"text-align: center;\" data-start=\"0\" data-end=\"71\"><strong data-start=\"0\" data-end=\"71\">Kjenn vanntemperaturen din umiddelbart og dusj trygt hver gang.\ud83d\udec0<\/strong><\/p>\n<p data-start=\"0\" data-end=\"71\"><img fetchpriority=\"high\" decoding=\"async\" class=\"size-full wp-image-20776 aligncenter\" src=\"https:\/\/mekulo.com\/template\/wp-content\/uploads\/sites\/6\/2026\/01\/Sef57556f24b1476e89bc911aa7a7434f6.jpg_960x960q75.jpg_.avif\" alt=\"\" width=\"800\" height=\"800\" \/><\/p>\n<h2 style=\"text-align: center;\" data-start=\"295\" data-end=\"315\"><strong>Hovedfordeler \ud83d\udebf<\/strong><\/h2>\n<p data-start=\"318\" data-end=\"396\">\ud83c\udf21\ufe0f \u00d8yeblikkelig temperaturavlesning &#8211; Se vanntemperaturen i sanntid.<\/p>\n<p data-start=\"399\" data-end=\"465\">\ud83d\udca7 100% vanntett &#8211; Helt forseglet for sikker bruk i dusjen.<\/p>\n<p data-start=\"468\" data-end=\"523\">\ud83d\udc40 Stor klar skjerm &#8211; Enkel \u00e5 lese med et \u00f8yeblikk.<\/p>\n<p data-start=\"526\" data-end=\"590\">\ud83d\udd27 Verkt\u00f8yfri installasjon &#8211; Ingen boring eller r\u00f8rleggerarbeid n\u00f8dvendig.<\/p>\n<p data-start=\"593\" data-end=\"653\">\ud83d\udee1\ufe0f Forebygging av forbrenning &#8211; Hjelper med \u00e5 unng\u00e5 for varmt vann.<\/p>\n<p data-start=\"656\" data-end=\"722\">\ud83c\udfe0 Perfekt for hele familien &#8211; tryggere dusjer for alle.<\/p>\n<p data-start=\"656\" data-end=\"722\"><img decoding=\"async\" class=\"size-full wp-image-20777 aligncenter\" src=\"https:\/\/mekulo.com\/template\/wp-content\/uploads\/sites\/6\/2026\/01\/Sd58df122d67b4d6694486713ec829bdb1.jpg_960x960q75.jpg_.avif\" alt=\"\" width=\"800\" height=\"800\" \/><\/p>\n<h2 style=\"text-align: center;\" data-start=\"729\" data-end=\"743\"><strong>Hvordan Du Bruker \ud83d\udccc<\/strong><\/h2>\n<ol data-start=\"744\" data-end=\"975\">\n<li data-start=\"744\" data-end=\"802\">\n<p data-start=\"747\" data-end=\"802\">Skru av dusjslangen fra dusjhodet eller kranen.<\/p>\n<\/li>\n<li data-start=\"803\" data-end=\"844\">\n<p data-start=\"806\" data-end=\"844\">Plasser silikonforseglingen p\u00e5 plass.<\/p>\n<\/li>\n<li data-start=\"845\" data-end=\"912\">\n<p data-start=\"848\" data-end=\"912\">Skru dusjtermometeret mellom slangen og dusjhodet.<\/p>\n<\/li>\n<li data-start=\"913\" data-end=\"975\">\n<p data-start=\"916\" data-end=\"975\">Sl\u00e5 p\u00e5 vannet og les av temperaturen p\u00e5 skjermen.<\/p>\n<\/li>\n<\/ol>\n<h2 style=\"text-align: center;\" data-start=\"982\" data-end=\"1001\"><strong>Produktdetaljer \ud83d\udccf<\/strong><\/h2>\n<ul data-start=\"1002\" data-end=\"1261\">\n<li data-start=\"1045\" data-end=\"1081\">\n<p data-start=\"1047\" data-end=\"1081\">Materiale: PC og rustfritt st\u00e5l<\/p>\n<\/li>\n<li data-start=\"1082\" data-end=\"1124\">\n<p data-start=\"1084\" data-end=\"1124\">St\u00f8rrelse: 10,6 x 4,5 cm<\/p>\n<\/li>\n<li data-start=\"1125\" data-end=\"1153\">\n<p data-start=\"1127\" data-end=\"1153\">Tilkoblingsmutter: 1,2 cm<\/p>\n<\/li>\n<li data-start=\"1154\" data-end=\"1183\">\n<p data-start=\"1156\" data-end=\"1183\">Temperaturomr\u00e5de: 0-99\u00b0C<\/p>\n<\/li>\n<li data-start=\"1184\" data-end=\"1204\">\n<p data-start=\"1186\" data-end=\"1204\">N\u00f8yaktighet: \u00b11-2\u00b0C<\/p>\n<\/li>\n<li data-start=\"1205\" data-end=\"1241\">\n<p data-start=\"1207\" data-end=\"1241\">Visning: Stor digital HD-skjerm<\/p>\n<\/li>\n<li data-start=\"1242\" data-end=\"1261\">\n<p data-start=\"1244\" data-end=\"1261\">Vanntett: Ja<\/p>\n<\/li>\n<\/ul>\n<h2 style=\"text-align: center;\" data-start=\"1268\" data-end=\"1288\"><strong>Pakken inkluderer \ud83d\udce6<\/strong><\/h2>\n<ul data-start=\"1289\" data-end=\"1322\" data-is-last-node=\"\" data-is-only-node=\"\">\n<li data-start=\"1289\" data-end=\"1322\" data-is-last-node=\"\">\n<p data-start=\"1291\" data-end=\"1322\" data-is-last-node=\"\">1, 2x dusjtermometer.<\/p>\n<\/li>\n<\/ul>\n","protected":false},"excerpt":{"rendered":"<p>\ud83d\udebfDette dusjtermometeret er en smart vanntemperaturm\u00e5ler som viser den n\u00f8yaktige vanntemperaturen i sanntid mens du dusjer.<br \/>\n\ud83e\udd76Det monteres direkte mellom dusjslangen og dusjhodet, slik at avlesningen oppdateres umiddelbart mens vannet renner.<br \/>\n\ud83d\udc68\u200d\ud83d\udc69\u200d\ud83d\udc67\u200d\ud83d\udc66Dette hjelper deg med \u00e5 unng\u00e5 for varmt eller for kaldt vann, noe som gj\u00f8r hver dusj tryggere, mer komfortabel og stressfri for hele familien.<\/p>\n","protected":false},"featured_media":18395,"comment_status":"open","ping_status":"closed","template":"","meta":{"site-sidebar-layout":"default","site-content-layout":"","ast-site-content-layout":"default","site-content-style":"default","site-sidebar-style":"default","ast-global-header-display":"","ast-banner-title-visibility":"","ast-main-header-display":"","ast-hfb-above-header-display":"","ast-hfb-below-header-display":"","ast-hfb-mobile-header-display":"","site-post-title":"","ast-breadcrumbs-content":"","ast-featured-img":"","footer-sml-layout":"","theme-transparent-header-meta":"default","adv-header-id-meta":"","stick-header-meta":"","header-above-stick-meta":"","header-main-stick-meta":"","header-below-stick-meta":"","astra-migrate-meta-layouts":"set","ast-page-background-enabled":"default","ast-page-background-meta":{"desktop":{"background-color":"var(--ast-global-color-5)","background-image":"","background-repeat":"repeat","background-position":"center center","background-size":"auto","background-attachment":"scroll","background-type":"","background-media":"","overlay-type":"","overlay-color":"","overlay-opacity":"","overlay-gradient":""},"tablet":{"background-color":"","background-image":"","background-repeat":"repeat","background-position":"center center","background-size":"auto","background-attachment":"scroll","background-type":"","background-media":"","overlay-type":"","overlay-color":"","overlay-opacity":"","overlay-gradient":""},"mobile":{"background-color":"","background-image":"","background-repeat":"repeat","background-position":"center center","background-size":"auto","background-attachment":"scroll","background-type":"","background-media":"","overlay-type":"","overlay-color":"","overlay-opacity":"","overlay-gradient":""}},"ast-content-background-meta":{"desktop":{"background-color":"var(--ast-global-color-4)","background-image":"","background-repeat":"repeat","background-position":"center center","background-size":"auto","background-attachment":"scroll","background-type":"","background-media":"","overlay-type":"","overlay-color":"","overlay-opacity":"","overlay-gradient":""},"tablet":{"background-color":"var(--ast-global-color-4)","background-image":"","background-repeat":"repeat","background-position":"center center","background-size":"auto","background-attachment":"scroll","background-type":"","background-media":"","overlay-type":"","overlay-color":"","overlay-opacity":"","overlay-gradient":""},"mobile":{"background-color":"var(--ast-global-color-4)","background-image":"","background-repeat":"repeat","background-position":"center center","background-size":"auto","background-attachment":"scroll","background-type":"","background-media":"","overlay-type":"","overlay-color":"","overlay-opacity":"","overlay-gradient":""}}},"product_brand":[],"product_cat":[168],"product_tag":[],"class_list":{"0":"post-18399","1":"product","2":"type-product","3":"status-publish","4":"has-post-thumbnail","6":"product_cat-husholdningsartikler","7":"pa_49996_4vc1cqqp-1-stk","8":"pa_49996_4vc1cqqp-2-stk","9":"desktop-align-left","10":"tablet-align-left","11":"mobile-align-left","13":"first","14":"instock","15":"shipping-taxable","16":"purchasable","17":"product-type-variable"},"yoast_head":"<!-- This site is optimized with the Yoast SEO plugin v26.6 - https:\/\/yoast.com\/wordpress\/plugins\/seo\/ -->\n<title>Dusjtermometer - Mekulo NO<\/title>\n<meta name=\"robots\" content=\"index, follow, max-snippet:-1, max-image-preview:large, max-video-preview:-1\" \/>\n<link rel=\"canonical\" href=\"https:\/\/mekulo.com\/no\/produkt\/dusjtermometer\/\" \/>\n<meta property=\"og:locale\" content=\"nb_NO\" \/>\n<meta property=\"og:type\" content=\"article\" \/>\n<meta property=\"og:title\" content=\"Dusjtermometer - Mekulo NO\" \/>\n<meta property=\"og:description\" content=\"\ud83d\udebfDette dusjtermometeret er en smart vanntemperaturm\u00e5ler som viser den n\u00f8yaktige vanntemperaturen i sanntid mens du dusjer. \ud83e\udd76Det monteres direkte mellom dusjslangen og dusjhodet, slik at avlesningen oppdateres umiddelbart mens vannet renner. \ud83d\udc68\u200d\ud83d\udc69\u200d\ud83d\udc67\u200d\ud83d\udc66Dette hjelper deg med \u00e5 unng\u00e5 for varmt eller for kaldt vann, noe som gj\u00f8r hver dusj tryggere, mer komfortabel og stressfri for hele familien.\" \/>\n<meta property=\"og:url\" content=\"https:\/\/mekulo.com\/no\/produkt\/dusjtermometer\/\" \/>\n<meta property=\"og:site_name\" content=\"Mekulo NO\" \/>\n<meta property=\"article:modified_time\" content=\"2026-01-16T19:03:13+00:00\" \/>\n<meta property=\"og:image\" content=\"https:\/\/mekulo.com\/no\/wp-content\/uploads\/sites\/10\/2026\/01\/rq9a100-1.jpg\" \/>\n\t<meta property=\"og:image:width\" content=\"800\" \/>\n\t<meta property=\"og:image:height\" content=\"800\" \/>\n\t<meta property=\"og:image:type\" content=\"image\/jpeg\" \/>\n<meta name=\"twitter:card\" content=\"summary_large_image\" \/>\n<meta name=\"twitter:label1\" content=\"Ansl. lesetid\" \/>\n\t<meta name=\"twitter:data1\" content=\"2 minutter\" \/>\n<script type=\"application\/ld+json\" class=\"yoast-schema-graph\">{\"@context\":\"https:\/\/schema.org\",\"@graph\":[{\"@type\":\"WebPage\",\"@id\":\"https:\/\/mekulo.com\/no\/produkt\/dusjtermometer\/\",\"url\":\"https:\/\/mekulo.com\/no\/produkt\/dusjtermometer\/\",\"name\":\"Dusjtermometer - Mekulo NO\",\"isPartOf\":{\"@id\":\"https:\/\/mekulo.com\/no\/#website\"},\"primaryImageOfPage\":{\"@id\":\"https:\/\/mekulo.com\/no\/produkt\/dusjtermometer\/#primaryimage\"},\"image\":{\"@id\":\"https:\/\/mekulo.com\/no\/produkt\/dusjtermometer\/#primaryimage\"},\"thumbnailUrl\":\"https:\/\/mekulo.com\/no\/wp-content\/uploads\/sites\/10\/2026\/01\/rq9a100-1.jpg\",\"datePublished\":\"2026-01-15T15:22:58+00:00\",\"dateModified\":\"2026-01-16T19:03:13+00:00\",\"breadcrumb\":{\"@id\":\"https:\/\/mekulo.com\/no\/produkt\/dusjtermometer\/#breadcrumb\"},\"inLanguage\":\"nb-NO\",\"potentialAction\":[{\"@type\":\"ReadAction\",\"target\":[\"https:\/\/mekulo.com\/no\/produkt\/dusjtermometer\/\"]}]},{\"@type\":\"ImageObject\",\"inLanguage\":\"nb-NO\",\"@id\":\"https:\/\/mekulo.com\/no\/produkt\/dusjtermometer\/#primaryimage\",\"url\":\"https:\/\/mekulo.com\/no\/wp-content\/uploads\/sites\/10\/2026\/01\/rq9a100-1.jpg\",\"contentUrl\":\"https:\/\/mekulo.com\/no\/wp-content\/uploads\/sites\/10\/2026\/01\/rq9a100-1.jpg\",\"width\":800,\"height\":800},{\"@type\":\"BreadcrumbList\",\"@id\":\"https:\/\/mekulo.com\/no\/produkt\/dusjtermometer\/#breadcrumb\",\"itemListElement\":[{\"@type\":\"ListItem\",\"position\":1,\"name\":\"Home\",\"item\":\"https:\/\/mekulo.com\/no\/\"},{\"@type\":\"ListItem\",\"position\":2,\"name\":\"Butikk\",\"item\":\"https:\/\/mekulo.com\/no\/butikk\/\"},{\"@type\":\"ListItem\",\"position\":3,\"name\":\"Dusjtermometer\"}]},{\"@type\":\"WebSite\",\"@id\":\"https:\/\/mekulo.com\/no\/#website\",\"url\":\"https:\/\/mekulo.com\/no\/\",\"name\":\"Mekulo NO\",\"description\":\"\",\"publisher\":{\"@id\":\"https:\/\/mekulo.com\/no\/#organization\"},\"potentialAction\":[{\"@type\":\"SearchAction\",\"target\":{\"@type\":\"EntryPoint\",\"urlTemplate\":\"https:\/\/mekulo.com\/no\/?s={search_term_string}\"},\"query-input\":{\"@type\":\"PropertyValueSpecification\",\"valueRequired\":true,\"valueName\":\"search_term_string\"}}],\"inLanguage\":\"nb-NO\"},{\"@type\":\"Organization\",\"@id\":\"https:\/\/mekulo.com\/no\/#organization\",\"name\":\"Mekulo\",\"url\":\"https:\/\/mekulo.com\/no\/\",\"logo\":{\"@type\":\"ImageObject\",\"inLanguage\":\"nb-NO\",\"@id\":\"https:\/\/mekulo.com\/no\/#\/schema\/logo\/image\/\",\"url\":\"https:\/\/mekulo.com\/no\/wp-content\/uploads\/sites\/10\/2025\/12\/favicon_mekulo.png\",\"contentUrl\":\"https:\/\/mekulo.com\/no\/wp-content\/uploads\/sites\/10\/2025\/12\/favicon_mekulo.png\",\"width\":50,\"height\":50,\"caption\":\"Mekulo\"},\"image\":{\"@id\":\"https:\/\/mekulo.com\/no\/#\/schema\/logo\/image\/\"}}]}<\/script>\n<!-- \/ Yoast SEO plugin. -->","yoast_head_json":{"title":"Dusjtermometer - Mekulo NO","robots":{"index":"index","follow":"follow","max-snippet":"max-snippet:-1","max-image-preview":"max-image-preview:large","max-video-preview":"max-video-preview:-1"},"canonical":"https:\/\/mekulo.com\/no\/produkt\/dusjtermometer\/","og_locale":"nb_NO","og_type":"article","og_title":"Dusjtermometer - Mekulo NO","og_description":"\ud83d\udebfDette dusjtermometeret er en smart vanntemperaturm\u00e5ler som viser den n\u00f8yaktige vanntemperaturen i sanntid mens du dusjer. \ud83e\udd76Det monteres direkte mellom dusjslangen og dusjhodet, slik at avlesningen oppdateres umiddelbart mens vannet renner. \ud83d\udc68\u200d\ud83d\udc69\u200d\ud83d\udc67\u200d\ud83d\udc66Dette hjelper deg med \u00e5 unng\u00e5 for varmt eller for kaldt vann, noe som gj\u00f8r hver dusj tryggere, mer komfortabel og stressfri for hele familien.","og_url":"https:\/\/mekulo.com\/no\/produkt\/dusjtermometer\/","og_site_name":"Mekulo NO","article_modified_time":"2026-01-16T19:03:13+00:00","og_image":[{"width":800,"height":800,"url":"https:\/\/mekulo.com\/no\/wp-content\/uploads\/sites\/10\/2026\/01\/rq9a100-1.jpg","type":"image\/jpeg"}],"twitter_card":"summary_large_image","twitter_misc":{"Ansl. lesetid":"2 minutter"},"schema":{"@context":"https:\/\/schema.org","@graph":[{"@type":"WebPage","@id":"https:\/\/mekulo.com\/no\/produkt\/dusjtermometer\/","url":"https:\/\/mekulo.com\/no\/produkt\/dusjtermometer\/","name":"Dusjtermometer - Mekulo NO","isPartOf":{"@id":"https:\/\/mekulo.com\/no\/#website"},"primaryImageOfPage":{"@id":"https:\/\/mekulo.com\/no\/produkt\/dusjtermometer\/#primaryimage"},"image":{"@id":"https:\/\/mekulo.com\/no\/produkt\/dusjtermometer\/#primaryimage"},"thumbnailUrl":"https:\/\/mekulo.com\/no\/wp-content\/uploads\/sites\/10\/2026\/01\/rq9a100-1.jpg","datePublished":"2026-01-15T15:22:58+00:00","dateModified":"2026-01-16T19:03:13+00:00","breadcrumb":{"@id":"https:\/\/mekulo.com\/no\/produkt\/dusjtermometer\/#breadcrumb"},"inLanguage":"nb-NO","potentialAction":[{"@type":"ReadAction","target":["https:\/\/mekulo.com\/no\/produkt\/dusjtermometer\/"]}]},{"@type":"ImageObject","inLanguage":"nb-NO","@id":"https:\/\/mekulo.com\/no\/produkt\/dusjtermometer\/#primaryimage","url":"https:\/\/mekulo.com\/no\/wp-content\/uploads\/sites\/10\/2026\/01\/rq9a100-1.jpg","contentUrl":"https:\/\/mekulo.com\/no\/wp-content\/uploads\/sites\/10\/2026\/01\/rq9a100-1.jpg","width":800,"height":800},{"@type":"BreadcrumbList","@id":"https:\/\/mekulo.com\/no\/produkt\/dusjtermometer\/#breadcrumb","itemListElement":[{"@type":"ListItem","position":1,"name":"Home","item":"https:\/\/mekulo.com\/no\/"},{"@type":"ListItem","position":2,"name":"Butikk","item":"https:\/\/mekulo.com\/no\/butikk\/"},{"@type":"ListItem","position":3,"name":"Dusjtermometer"}]},{"@type":"WebSite","@id":"https:\/\/mekulo.com\/no\/#website","url":"https:\/\/mekulo.com\/no\/","name":"Mekulo NO","description":"","publisher":{"@id":"https:\/\/mekulo.com\/no\/#organization"},"potentialAction":[{"@type":"SearchAction","target":{"@type":"EntryPoint","urlTemplate":"https:\/\/mekulo.com\/no\/?s={search_term_string}"},"query-input":{"@type":"PropertyValueSpecification","valueRequired":true,"valueName":"search_term_string"}}],"inLanguage":"nb-NO"},{"@type":"Organization","@id":"https:\/\/mekulo.com\/no\/#organization","name":"Mekulo","url":"https:\/\/mekulo.com\/no\/","logo":{"@type":"ImageObject","inLanguage":"nb-NO","@id":"https:\/\/mekulo.com\/no\/#\/schema\/logo\/image\/","url":"https:\/\/mekulo.com\/no\/wp-content\/uploads\/sites\/10\/2025\/12\/favicon_mekulo.png","contentUrl":"https:\/\/mekulo.com\/no\/wp-content\/uploads\/sites\/10\/2025\/12\/favicon_mekulo.png","width":50,"height":50,"caption":"Mekulo"},"image":{"@id":"https:\/\/mekulo.com\/no\/#\/schema\/logo\/image\/"}}]}},"_links":{"self":[{"href":"https:\/\/mekulo.com\/no\/wp-json\/wp\/v2\/product\/18399","targetHints":{"allow":["GET"]}}],"collection":[{"href":"https:\/\/mekulo.com\/no\/wp-json\/wp\/v2\/product"}],"about":[{"href":"https:\/\/mekulo.com\/no\/wp-json\/wp\/v2\/types\/product"}],"replies":[{"embeddable":true,"href":"https:\/\/mekulo.com\/no\/wp-json\/wp\/v2\/comments?post=18399"}],"wp:featuredmedia":[{"embeddable":true,"href":"https:\/\/mekulo.com\/no\/wp-json\/wp\/v2\/media\/18395"}],"wp:attachment":[{"href":"https:\/\/mekulo.com\/no\/wp-json\/wp\/v2\/media?parent=18399"}],"wp:term":[{"taxonomy":"product_brand","embeddable":true,"href":"https:\/\/mekulo.com\/no\/wp-json\/wp\/v2\/product_brand?post=18399"},{"taxonomy":"product_cat","embeddable":true,"href":"https:\/\/mekulo.com\/no\/wp-json\/wp\/v2\/product_cat?post=18399"},{"taxonomy":"product_tag","embeddable":true,"href":"https:\/\/mekulo.com\/no\/wp-json\/wp\/v2\/product_tag?post=18399"}],"curies":[{"name":"wp","href":"https:\/\/api.w.org\/{rel}","templated":true}]}}