{"id":18375,"date":"2026-01-15T17:20:09","date_gmt":"2026-01-15T15:20:09","guid":{"rendered":"https:\/\/mekulo.com\/no\/produkt\/uv-inspeksjonslommelykt\/"},"modified":"2026-01-16T20:57:44","modified_gmt":"2026-01-16T18:57:44","slug":"uv-inspeksjonslommelykt","status":"publish","type":"product","link":"https:\/\/mekulo.com\/no\/produkt\/uv-inspeksjonslommelykt\/","title":{"rendered":"UV-inspeksjonslommelykt"},"content":{"rendered":"<p style=\"text-align: center;\" data-start=\"0\" data-end=\"66\"><strong data-start=\"0\" data-end=\"66\">Se skjulte forurensninger umiddelbart og inspiser med tillit. \ud83d\udd26<\/strong><\/p>\n<p data-start=\"0\" data-end=\"66\"><img fetchpriority=\"high\" decoding=\"async\" class=\"size-full wp-image-20754 aligncenter\" src=\"https:\/\/mekulo.com\/template\/wp-content\/uploads\/sites\/6\/2026\/01\/S41ea62869c83443eb1b1921a3cc5d2ebg.jpg_960x960q75.jpg_.jpg\" alt=\"\" width=\"1080\" height=\"1080\" \/><\/p>\n<h2 style=\"text-align: center;\" data-start=\"322\" data-end=\"342\"><strong>Hovedfordeler \ud83c\udf1f<\/strong><\/h2>\n<p data-start=\"345\" data-end=\"425\">\ud83d\udd26 Kraftig 365nm UV-lys &#8211; Avsl\u00f8rer skjulte fluorescerende stoffer tydelig.<\/p>\n<p data-start=\"428\" data-end=\"492\">\ud83e\udd6c Tryggere matkontroller &#8211; Hjelper med \u00e5 oppdage rester p\u00e5 gr\u00f8nnsaker.<\/p>\n<p data-start=\"495\" data-end=\"564\">\ud83d\udccf Langdistansestr\u00e5le &#8211; Opptil 50m synlighet for klare inspeksjoner.<\/p>\n<p data-start=\"567\" data-end=\"630\">\ud83e\uddf3 Liten og b\u00e6rbar &#8211; Lett \u00e5 b\u00e6re i lommen eller vesken.<\/p>\n<p data-start=\"633\" data-end=\"690\">\ud83d\udee0\ufe0f Slitesterk konstruksjon &#8211; Laget for hyppig, daglig bruk.<\/p>\n<p data-start=\"693\" data-end=\"777\">\ud83d\udc3e Flerbruksbruk &#8211; Flott for kj\u00e6ledyrflekker, pengesjekker og husholdningsartikler.<\/p>\n<p data-start=\"693\" data-end=\"777\"><img decoding=\"async\" class=\"size-full wp-image-20756 aligncenter\" src=\"https:\/\/mekulo.com\/template\/wp-content\/uploads\/sites\/6\/2026\/01\/spp_shopify20250901163332_29b1bbc175c38e9852c2fd12d1bd241e_87365d7f-7035-4c24-a64e-b7c4e9908d06.png\" alt=\"\" width=\"713\" height=\"713\" \/><\/p>\n<h2 style=\"text-align: center;\" data-start=\"784\" data-end=\"798\"><strong>Hvordan Du Bruker \ud83d\udccc<\/strong><\/h2>\n<ol data-start=\"799\" data-end=\"1026\">\n<li data-start=\"799\" data-end=\"847\">\n<p data-start=\"802\" data-end=\"847\">Sl\u00e5 p\u00e5 lommelykten i et omr\u00e5de med lite lys.<\/p>\n<\/li>\n<li data-start=\"848\" data-end=\"918\">\n<p data-start=\"851\" data-end=\"918\">Lys UV-lyset direkte p\u00e5 overflaten du vil inspisere.<\/p>\n<\/li>\n<li data-start=\"919\" data-end=\"962\">\n<p data-start=\"922\" data-end=\"962\">Se etter gl\u00f8dende eller fluorescerende merker.<\/p>\n<\/li>\n<li data-start=\"963\" data-end=\"1026\">\n<p data-start=\"966\" data-end=\"1026\">Rengj\u00f8r eller fjern gjenstander hvis u\u00f8nskede stoffer oppdages.<\/p>\n<\/li>\n<\/ol>\n<h2 style=\"text-align: center;\" data-start=\"1033\" data-end=\"1052\"><strong>Produktdetaljer \ud83d\udcd0<\/strong><\/h2>\n<ul data-start=\"1053\" data-end=\"1320\">\n<li data-start=\"1053\" data-end=\"1071\">\n<p data-start=\"1055\" data-end=\"1071\">Effekt: 10W LED<\/p>\n<\/li>\n<li data-start=\"1072\" data-end=\"1096\">\n<p data-start=\"1074\" data-end=\"1096\">B\u00f8lgelengde: 365nm UV<\/p>\n<\/li>\n<li data-start=\"1097\" data-end=\"1128\">\n<p data-start=\"1099\" data-end=\"1128\">Str\u00e5leomr\u00e5de: Opptil 50 meter<\/p>\n<\/li>\n<li data-start=\"1146\" data-end=\"1170\">\n<p data-start=\"1148\" data-end=\"1170\">Dimensjoner: 90 x 10 mm<\/p>\n<\/li>\n<li data-start=\"1171\" data-end=\"1208\">\n<p data-start=\"1173\" data-end=\"1208\">Hus: Aluminiumslegering \/ plast<\/p>\n<\/li>\n<li data-start=\"1209\" data-end=\"1320\">\n<p data-start=\"1211\" data-end=\"1320\">Applikasjoner: Vegetabilsk inspeksjon, aflatoksindeteksjon, fluorescerende middeltesting, daglig vareunders\u00f8kelse<\/p>\n<\/li>\n<\/ul>\n<h2 style=\"text-align: center;\" data-start=\"1327\" data-end=\"1347\"><strong>Pakken inkluderer <span style=\"font-size: 16px; font-style: normal; font-weight: 400;\">\ud83d\udce6<\/span><\/strong><\/h2>\n<ul data-start=\"1348\" data-end=\"1397\" data-is-last-node=\"\" data-is-only-node=\"\">\n<li data-start=\"1348\" data-end=\"1397\" data-is-last-node=\"\">\n<p data-start=\"1350\" data-end=\"1397\" data-is-last-node=\"\">1x UV-inspeksjonslommelykt.<\/p>\n<\/li>\n<\/ul>\n","protected":false},"excerpt":{"rendered":"<p>\ud83d\udd26Denne UV-inspeksjonslommelykten bruker kraftig 365 nm UV-lys for \u00e5 avsl\u00f8re ting \u00f8ynene dine ikke kan se.<br \/>\n\ud83c\udf45Den hjelper deg med \u00e5 raskt oppdage fluorescerende stoffer, plantevernmidler og andre rester p\u00e5 gr\u00f8nnsaker og dagligdagse gjenstander, slik at du vet hva som virkelig er rent og trygt.<\/p>\n","protected":false},"featured_media":18371,"comment_status":"open","ping_status":"closed","template":"","meta":{"site-sidebar-layout":"default","site-content-layout":"","ast-site-content-layout":"default","site-content-style":"default","site-sidebar-style":"default","ast-global-header-display":"","ast-banner-title-visibility":"","ast-main-header-display":"","ast-hfb-above-header-display":"","ast-hfb-below-header-display":"","ast-hfb-mobile-header-display":"","site-post-title":"","ast-breadcrumbs-content":"","ast-featured-img":"","footer-sml-layout":"","ast-disable-related-posts":"","theme-transparent-header-meta":"default","adv-header-id-meta":"","stick-header-meta":"","header-above-stick-meta":"","header-main-stick-meta":"","header-below-stick-meta":"","astra-migrate-meta-layouts":"set","ast-page-background-enabled":"default","ast-page-background-meta":{"desktop":{"background-color":"var(--ast-global-color-5)","background-image":"","background-repeat":"repeat","background-position":"center center","background-size":"auto","background-attachment":"scroll","background-type":"","background-media":"","overlay-type":"","overlay-color":"","overlay-opacity":"","overlay-gradient":""},"tablet":{"background-color":"","background-image":"","background-repeat":"repeat","background-position":"center center","background-size":"auto","background-attachment":"scroll","background-type":"","background-media":"","overlay-type":"","overlay-color":"","overlay-opacity":"","overlay-gradient":""},"mobile":{"background-color":"","background-image":"","background-repeat":"repeat","background-position":"center center","background-size":"auto","background-attachment":"scroll","background-type":"","background-media":"","overlay-type":"","overlay-color":"","overlay-opacity":"","overlay-gradient":""}},"ast-content-background-meta":{"desktop":{"background-color":"var(--ast-global-color-4)","background-image":"","background-repeat":"repeat","background-position":"center center","background-size":"auto","background-attachment":"scroll","background-type":"","background-media":"","overlay-type":"","overlay-color":"","overlay-opacity":"","overlay-gradient":""},"tablet":{"background-color":"var(--ast-global-color-4)","background-image":"","background-repeat":"repeat","background-position":"center center","background-size":"auto","background-attachment":"scroll","background-type":"","background-media":"","overlay-type":"","overlay-color":"","overlay-opacity":"","overlay-gradient":""},"mobile":{"background-color":"var(--ast-global-color-4)","background-image":"","background-repeat":"repeat","background-position":"center center","background-size":"auto","background-attachment":"scroll","background-type":"","background-media":"","overlay-type":"","overlay-color":"","overlay-opacity":"","overlay-gradient":""}}},"product_brand":[],"product_cat":[168],"product_tag":[],"class_list":{"0":"post-18375","1":"product","2":"type-product","3":"status-publish","4":"has-post-thumbnail","6":"product_cat-husholdningsartikler","7":"desktop-align-left","8":"tablet-align-left","9":"mobile-align-left","11":"first","12":"instock","13":"shipping-taxable","14":"purchasable","15":"product-type-simple"},"yoast_head":"<!-- This site is optimized with the Yoast SEO plugin v27.4 - https:\/\/yoast.com\/product\/yoast-seo-wordpress\/ -->\n<title>UV-inspeksjonslommelykt - Mekulo NO<\/title>\n<meta name=\"robots\" content=\"index, follow, max-snippet:-1, max-image-preview:large, max-video-preview:-1\" \/>\n<link rel=\"canonical\" href=\"https:\/\/mekulo.com\/no\/produkt\/uv-inspeksjonslommelykt\/\" \/>\n<meta property=\"og:locale\" content=\"nb_NO\" \/>\n<meta property=\"og:type\" content=\"article\" \/>\n<meta property=\"og:title\" content=\"UV-inspeksjonslommelykt - Mekulo NO\" \/>\n<meta property=\"og:description\" content=\"\ud83d\udd26Denne UV-inspeksjonslommelykten bruker kraftig 365 nm UV-lys for \u00e5 avsl\u00f8re ting \u00f8ynene dine ikke kan se. \ud83c\udf45Den hjelper deg med \u00e5 raskt oppdage fluorescerende stoffer, plantevernmidler og andre rester p\u00e5 gr\u00f8nnsaker og dagligdagse gjenstander, slik at du vet hva som virkelig er rent og trygt.\" \/>\n<meta property=\"og:url\" content=\"https:\/\/mekulo.com\/no\/produkt\/uv-inspeksjonslommelykt\/\" \/>\n<meta property=\"og:site_name\" content=\"Mekulo NO\" \/>\n<meta property=\"article:modified_time\" content=\"2026-01-16T18:57:44+00:00\" \/>\n<meta property=\"og:image\" content=\"https:\/\/mekulo.com\/no\/wp-content\/uploads\/sites\/10\/2026\/01\/to9r2lg-1.png\" \/>\n\t<meta property=\"og:image:width\" content=\"800\" \/>\n\t<meta property=\"og:image:height\" content=\"800\" \/>\n\t<meta property=\"og:image:type\" content=\"image\/png\" \/>\n<meta name=\"twitter:card\" content=\"summary_large_image\" \/>\n<meta name=\"twitter:label1\" content=\"Ansl. lesetid\" \/>\n\t<meta name=\"twitter:data1\" content=\"2 minutter\" \/>\n<script type=\"application\/ld+json\" class=\"yoast-schema-graph\">{\"@context\":\"https:\\\/\\\/schema.org\",\"@graph\":[{\"@type\":\"WebPage\",\"@id\":\"https:\\\/\\\/mekulo.com\\\/no\\\/produkt\\\/uv-inspeksjonslommelykt\\\/\",\"url\":\"https:\\\/\\\/mekulo.com\\\/no\\\/produkt\\\/uv-inspeksjonslommelykt\\\/\",\"name\":\"UV-inspeksjonslommelykt - Mekulo NO\",\"isPartOf\":{\"@id\":\"https:\\\/\\\/mekulo.com\\\/no\\\/#website\"},\"primaryImageOfPage\":{\"@id\":\"https:\\\/\\\/mekulo.com\\\/no\\\/produkt\\\/uv-inspeksjonslommelykt\\\/#primaryimage\"},\"image\":{\"@id\":\"https:\\\/\\\/mekulo.com\\\/no\\\/produkt\\\/uv-inspeksjonslommelykt\\\/#primaryimage\"},\"thumbnailUrl\":\"https:\\\/\\\/mekulo.com\\\/no\\\/wp-content\\\/uploads\\\/sites\\\/10\\\/2026\\\/01\\\/to9r2lg-1.png\",\"datePublished\":\"2026-01-15T15:20:09+00:00\",\"dateModified\":\"2026-01-16T18:57:44+00:00\",\"breadcrumb\":{\"@id\":\"https:\\\/\\\/mekulo.com\\\/no\\\/produkt\\\/uv-inspeksjonslommelykt\\\/#breadcrumb\"},\"inLanguage\":\"nb-NO\",\"potentialAction\":[{\"@type\":\"ReadAction\",\"target\":[\"https:\\\/\\\/mekulo.com\\\/no\\\/produkt\\\/uv-inspeksjonslommelykt\\\/\"]}]},{\"@type\":\"ImageObject\",\"inLanguage\":\"nb-NO\",\"@id\":\"https:\\\/\\\/mekulo.com\\\/no\\\/produkt\\\/uv-inspeksjonslommelykt\\\/#primaryimage\",\"url\":\"https:\\\/\\\/mekulo.com\\\/no\\\/wp-content\\\/uploads\\\/sites\\\/10\\\/2026\\\/01\\\/to9r2lg-1.png\",\"contentUrl\":\"https:\\\/\\\/mekulo.com\\\/no\\\/wp-content\\\/uploads\\\/sites\\\/10\\\/2026\\\/01\\\/to9r2lg-1.png\",\"width\":800,\"height\":800},{\"@type\":\"BreadcrumbList\",\"@id\":\"https:\\\/\\\/mekulo.com\\\/no\\\/produkt\\\/uv-inspeksjonslommelykt\\\/#breadcrumb\",\"itemListElement\":[{\"@type\":\"ListItem\",\"position\":1,\"name\":\"Home\",\"item\":\"https:\\\/\\\/mekulo.com\\\/no\\\/\"},{\"@type\":\"ListItem\",\"position\":2,\"name\":\"Butikk\",\"item\":\"https:\\\/\\\/mekulo.com\\\/no\\\/butikk\\\/\"},{\"@type\":\"ListItem\",\"position\":3,\"name\":\"UV-inspeksjonslommelykt\"}]},{\"@type\":\"WebSite\",\"@id\":\"https:\\\/\\\/mekulo.com\\\/no\\\/#website\",\"url\":\"https:\\\/\\\/mekulo.com\\\/no\\\/\",\"name\":\"Mekulo NO\",\"description\":\"\",\"publisher\":{\"@id\":\"https:\\\/\\\/mekulo.com\\\/no\\\/#organization\"},\"potentialAction\":[{\"@type\":\"SearchAction\",\"target\":{\"@type\":\"EntryPoint\",\"urlTemplate\":\"https:\\\/\\\/mekulo.com\\\/no\\\/?s={search_term_string}\"},\"query-input\":{\"@type\":\"PropertyValueSpecification\",\"valueRequired\":true,\"valueName\":\"search_term_string\"}}],\"inLanguage\":\"nb-NO\"},{\"@type\":\"Organization\",\"@id\":\"https:\\\/\\\/mekulo.com\\\/no\\\/#organization\",\"name\":\"Mekulo\",\"url\":\"https:\\\/\\\/mekulo.com\\\/no\\\/\",\"logo\":{\"@type\":\"ImageObject\",\"inLanguage\":\"nb-NO\",\"@id\":\"https:\\\/\\\/mekulo.com\\\/no\\\/#\\\/schema\\\/logo\\\/image\\\/\",\"url\":\"https:\\\/\\\/mekulo.com\\\/no\\\/wp-content\\\/uploads\\\/sites\\\/10\\\/2025\\\/12\\\/favicon_mekulo.png\",\"contentUrl\":\"https:\\\/\\\/mekulo.com\\\/no\\\/wp-content\\\/uploads\\\/sites\\\/10\\\/2025\\\/12\\\/favicon_mekulo.png\",\"width\":50,\"height\":50,\"caption\":\"Mekulo\"},\"image\":{\"@id\":\"https:\\\/\\\/mekulo.com\\\/no\\\/#\\\/schema\\\/logo\\\/image\\\/\"}}]}<\/script>\n<!-- \/ Yoast SEO plugin. -->","yoast_head_json":{"title":"UV-inspeksjonslommelykt - Mekulo NO","robots":{"index":"index","follow":"follow","max-snippet":"max-snippet:-1","max-image-preview":"max-image-preview:large","max-video-preview":"max-video-preview:-1"},"canonical":"https:\/\/mekulo.com\/no\/produkt\/uv-inspeksjonslommelykt\/","og_locale":"nb_NO","og_type":"article","og_title":"UV-inspeksjonslommelykt - Mekulo NO","og_description":"\ud83d\udd26Denne UV-inspeksjonslommelykten bruker kraftig 365 nm UV-lys for \u00e5 avsl\u00f8re ting \u00f8ynene dine ikke kan se. \ud83c\udf45Den hjelper deg med \u00e5 raskt oppdage fluorescerende stoffer, plantevernmidler og andre rester p\u00e5 gr\u00f8nnsaker og dagligdagse gjenstander, slik at du vet hva som virkelig er rent og trygt.","og_url":"https:\/\/mekulo.com\/no\/produkt\/uv-inspeksjonslommelykt\/","og_site_name":"Mekulo NO","article_modified_time":"2026-01-16T18:57:44+00:00","og_image":[{"width":800,"height":800,"url":"https:\/\/mekulo.com\/no\/wp-content\/uploads\/sites\/10\/2026\/01\/to9r2lg-1.png","type":"image\/png"}],"twitter_card":"summary_large_image","twitter_misc":{"Ansl. lesetid":"2 minutter"},"schema":{"@context":"https:\/\/schema.org","@graph":[{"@type":"WebPage","@id":"https:\/\/mekulo.com\/no\/produkt\/uv-inspeksjonslommelykt\/","url":"https:\/\/mekulo.com\/no\/produkt\/uv-inspeksjonslommelykt\/","name":"UV-inspeksjonslommelykt - Mekulo NO","isPartOf":{"@id":"https:\/\/mekulo.com\/no\/#website"},"primaryImageOfPage":{"@id":"https:\/\/mekulo.com\/no\/produkt\/uv-inspeksjonslommelykt\/#primaryimage"},"image":{"@id":"https:\/\/mekulo.com\/no\/produkt\/uv-inspeksjonslommelykt\/#primaryimage"},"thumbnailUrl":"https:\/\/mekulo.com\/no\/wp-content\/uploads\/sites\/10\/2026\/01\/to9r2lg-1.png","datePublished":"2026-01-15T15:20:09+00:00","dateModified":"2026-01-16T18:57:44+00:00","breadcrumb":{"@id":"https:\/\/mekulo.com\/no\/produkt\/uv-inspeksjonslommelykt\/#breadcrumb"},"inLanguage":"nb-NO","potentialAction":[{"@type":"ReadAction","target":["https:\/\/mekulo.com\/no\/produkt\/uv-inspeksjonslommelykt\/"]}]},{"@type":"ImageObject","inLanguage":"nb-NO","@id":"https:\/\/mekulo.com\/no\/produkt\/uv-inspeksjonslommelykt\/#primaryimage","url":"https:\/\/mekulo.com\/no\/wp-content\/uploads\/sites\/10\/2026\/01\/to9r2lg-1.png","contentUrl":"https:\/\/mekulo.com\/no\/wp-content\/uploads\/sites\/10\/2026\/01\/to9r2lg-1.png","width":800,"height":800},{"@type":"BreadcrumbList","@id":"https:\/\/mekulo.com\/no\/produkt\/uv-inspeksjonslommelykt\/#breadcrumb","itemListElement":[{"@type":"ListItem","position":1,"name":"Home","item":"https:\/\/mekulo.com\/no\/"},{"@type":"ListItem","position":2,"name":"Butikk","item":"https:\/\/mekulo.com\/no\/butikk\/"},{"@type":"ListItem","position":3,"name":"UV-inspeksjonslommelykt"}]},{"@type":"WebSite","@id":"https:\/\/mekulo.com\/no\/#website","url":"https:\/\/mekulo.com\/no\/","name":"Mekulo NO","description":"","publisher":{"@id":"https:\/\/mekulo.com\/no\/#organization"},"potentialAction":[{"@type":"SearchAction","target":{"@type":"EntryPoint","urlTemplate":"https:\/\/mekulo.com\/no\/?s={search_term_string}"},"query-input":{"@type":"PropertyValueSpecification","valueRequired":true,"valueName":"search_term_string"}}],"inLanguage":"nb-NO"},{"@type":"Organization","@id":"https:\/\/mekulo.com\/no\/#organization","name":"Mekulo","url":"https:\/\/mekulo.com\/no\/","logo":{"@type":"ImageObject","inLanguage":"nb-NO","@id":"https:\/\/mekulo.com\/no\/#\/schema\/logo\/image\/","url":"https:\/\/mekulo.com\/no\/wp-content\/uploads\/sites\/10\/2025\/12\/favicon_mekulo.png","contentUrl":"https:\/\/mekulo.com\/no\/wp-content\/uploads\/sites\/10\/2025\/12\/favicon_mekulo.png","width":50,"height":50,"caption":"Mekulo"},"image":{"@id":"https:\/\/mekulo.com\/no\/#\/schema\/logo\/image\/"}}]}},"_links":{"self":[{"href":"https:\/\/mekulo.com\/no\/wp-json\/wp\/v2\/product\/18375","targetHints":{"allow":["GET"]}}],"collection":[{"href":"https:\/\/mekulo.com\/no\/wp-json\/wp\/v2\/product"}],"about":[{"href":"https:\/\/mekulo.com\/no\/wp-json\/wp\/v2\/types\/product"}],"replies":[{"embeddable":true,"href":"https:\/\/mekulo.com\/no\/wp-json\/wp\/v2\/comments?post=18375"}],"wp:featuredmedia":[{"embeddable":true,"href":"https:\/\/mekulo.com\/no\/wp-json\/wp\/v2\/media\/18371"}],"wp:attachment":[{"href":"https:\/\/mekulo.com\/no\/wp-json\/wp\/v2\/media?parent=18375"}],"wp:term":[{"taxonomy":"product_brand","embeddable":true,"href":"https:\/\/mekulo.com\/no\/wp-json\/wp\/v2\/product_brand?post=18375"},{"taxonomy":"product_cat","embeddable":true,"href":"https:\/\/mekulo.com\/no\/wp-json\/wp\/v2\/product_cat?post=18375"},{"taxonomy":"product_tag","embeddable":true,"href":"https:\/\/mekulo.com\/no\/wp-json\/wp\/v2\/product_tag?post=18375"}],"curies":[{"name":"wp","href":"https:\/\/api.w.org\/{rel}","templated":true}]}}