{"id":18359,"date":"2026-01-15T17:18:53","date_gmt":"2026-01-15T15:18:53","guid":{"rendered":"https:\/\/mekulo.com\/no\/produkt\/trekantet-baderomshylle\/"},"modified":"2026-01-16T20:55:45","modified_gmt":"2026-01-16T18:55:45","slug":"trekantet-baderomshylle","status":"publish","type":"product","link":"https:\/\/mekulo.com\/no\/produkt\/trekantet-baderomshylle\/","title":{"rendered":"Trekantet baderomshylle"},"content":{"rendered":"<p style=\"text-align: center;\" data-start=\"0\" data-end=\"72\"><strong data-start=\"0\" data-end=\"72\">Hold orden p\u00e5 baderomsutstyret uten \u00e5 bore eller rote. \ud83e\uddfc<\/strong><\/p>\n<p data-start=\"0\" data-end=\"72\"><img fetchpriority=\"high\" decoding=\"async\" class=\"size-full wp-image-20743 aligncenter\" src=\"https:\/\/mekulo.com\/template\/wp-content\/uploads\/sites\/6\/2026\/01\/3-8.jpeg\" alt=\"\" width=\"1000\" height=\"1000\" \/><\/p>\n<h2 style=\"text-align: center;\" data-start=\"294\" data-end=\"314\"><strong>\ud83d\udec1 Hovedfordeler<\/strong><\/h2>\n<p data-start=\"318\" data-end=\"377\">\ud83d\udcd0 Perfekt hj\u00f8rnepassform &#8211; Utnytter ubrukt plass effektivt.<\/p>\n<p data-start=\"380\" data-end=\"439\">\ud83e\uddf2 Sterkt sugekoppfeste &#8211; Ingen boring eller verkt\u00f8y n\u00f8dvendig.<\/p>\n<p data-start=\"442\" data-end=\"506\">\ud83e\uddf4 Romslig oppbevaring &#8211; Plass til sjampo, s\u00e5pe og tilbeh\u00f8r.<\/p>\n<p data-start=\"509\" data-end=\"566\">\ud83e\ude9d Innebygde kroker &#8211; Heng opp svamper, barberh\u00f8vler eller h\u00e5ndkl\u00e6r.<\/p>\n<p data-start=\"569\" data-end=\"629\">\ud83d\udca7 Vannbestandig plast &#8211; ideell for fuktige baderom.<\/p>\n<p data-start=\"569\" data-end=\"629\"><img decoding=\"async\" class=\"size-full wp-image-20746 aligncenter\" src=\"https:\/\/mekulo.com\/template\/wp-content\/uploads\/sites\/6\/2026\/01\/6-7.jpeg\" alt=\"\" width=\"1000\" height=\"1000\" \/><\/p>\n<h2 style=\"text-align: center;\" data-start=\"636\" data-end=\"653\"><strong>\u25b6\ufe0f Slik bruker du den<\/strong><\/h2>\n<ol data-start=\"655\" data-end=\"850\">\n<li data-start=\"655\" data-end=\"691\">\n<p data-start=\"658\" data-end=\"691\">Rengj\u00f8r og t\u00f8rk veggoverflaten.<\/p>\n<\/li>\n<li data-start=\"692\" data-end=\"748\">\n<p data-start=\"695\" data-end=\"748\">Trykk sugekoppen godt fast p\u00e5 en glatt overflate.<\/p>\n<\/li>\n<li data-start=\"749\" data-end=\"795\">\n<p data-start=\"752\" data-end=\"795\">L\u00e5s den p\u00e5 plass ved \u00e5 skyve til den sitter godt.<\/p>\n<\/li>\n<li data-start=\"796\" data-end=\"850\">\n<p data-start=\"799\" data-end=\"850\">Plasser baderomsartiklene p\u00e5 hyllen og krokene.<\/p>\n<\/li>\n<\/ol>\n<h2 style=\"text-align: center;\" data-start=\"857\" data-end=\"879\"><strong>\ud83d\udcd0 Produktdetaljer<\/strong><\/h2>\n<ul data-start=\"881\" data-end=\"1171\">\n<li data-start=\"925\" data-end=\"957\">\n<p data-start=\"927\" data-end=\"957\">Materiale: Slitesterk PP-plast<\/p>\n<\/li>\n<li data-start=\"978\" data-end=\"1031\">\n<p data-start=\"980\" data-end=\"1031\">St\u00f8rrelse: 30,5 x 22 x 5,3 cm<\/p>\n<\/li>\n<li data-start=\"1032\" data-end=\"1079\">\n<p data-start=\"1034\" data-end=\"1079\">Installasjonstype: Veggmontert sugekopp<\/p>\n<\/li>\n<li data-start=\"1080\" data-end=\"1116\">\n<p data-start=\"1082\" data-end=\"1116\">Design: Enkeltlags hj\u00f8rnehylle<\/p>\n<\/li>\n<li data-start=\"1117\" data-end=\"1171\">\n<p data-start=\"1119\" data-end=\"1171\">Funksjoner: Multifunksjonell, praktisk, plassbesparende<\/p>\n<\/li>\n<\/ul>\n<h2 style=\"text-align: center;\" data-start=\"1178\" data-end=\"1201\"><strong>\ud83d\udce6 Pakken inkluderer<\/strong><\/h2>\n<ul data-start=\"1203\" data-end=\"1244\">\n<li data-start=\"1203\" data-end=\"1244\">\n<p data-start=\"1205\" data-end=\"1244\">1, 2, 3x sugekopp trekant oppbevaringsstativ \/ er.<\/p>\n<\/li>\n<\/ul>\n","protected":false},"excerpt":{"rendered":"<p>\ud83e\uddf4Denne trekantede baderomshyllen bruker smart hj\u00f8rneplass til \u00e5 oppbevare dine daglige ting pent og innen rekkevidde.<br \/>\n<span style=\"font-size: 16px; font-style: normal; font-weight: 400;\">\ud83d\udebf<\/span>Med en sterk sugekoppdesign installeres den p\u00e5 sekunder og holder badet ditt rent, ryddig og organisert.<br \/>\n\ud83d\udec0En enkel l\u00f8sning for et renere, mer organisert bad &#8211; ingen verkt\u00f8y, ikke noe rot.<\/p>\n","protected":false},"featured_media":18355,"comment_status":"open","ping_status":"closed","template":"","meta":{"site-sidebar-layout":"default","site-content-layout":"","ast-site-content-layout":"default","site-content-style":"default","site-sidebar-style":"default","ast-global-header-display":"","ast-banner-title-visibility":"","ast-main-header-display":"","ast-hfb-above-header-display":"","ast-hfb-below-header-display":"","ast-hfb-mobile-header-display":"","site-post-title":"","ast-breadcrumbs-content":"","ast-featured-img":"","footer-sml-layout":"","theme-transparent-header-meta":"default","adv-header-id-meta":"","stick-header-meta":"","header-above-stick-meta":"","header-main-stick-meta":"","header-below-stick-meta":"","astra-migrate-meta-layouts":"set","ast-page-background-enabled":"default","ast-page-background-meta":{"desktop":{"background-color":"var(--ast-global-color-5)","background-image":"","background-repeat":"repeat","background-position":"center center","background-size":"auto","background-attachment":"scroll","background-type":"","background-media":"","overlay-type":"","overlay-color":"","overlay-opacity":"","overlay-gradient":""},"tablet":{"background-color":"","background-image":"","background-repeat":"repeat","background-position":"center center","background-size":"auto","background-attachment":"scroll","background-type":"","background-media":"","overlay-type":"","overlay-color":"","overlay-opacity":"","overlay-gradient":""},"mobile":{"background-color":"","background-image":"","background-repeat":"repeat","background-position":"center center","background-size":"auto","background-attachment":"scroll","background-type":"","background-media":"","overlay-type":"","overlay-color":"","overlay-opacity":"","overlay-gradient":""}},"ast-content-background-meta":{"desktop":{"background-color":"var(--ast-global-color-4)","background-image":"","background-repeat":"repeat","background-position":"center center","background-size":"auto","background-attachment":"scroll","background-type":"","background-media":"","overlay-type":"","overlay-color":"","overlay-opacity":"","overlay-gradient":""},"tablet":{"background-color":"var(--ast-global-color-4)","background-image":"","background-repeat":"repeat","background-position":"center center","background-size":"auto","background-attachment":"scroll","background-type":"","background-media":"","overlay-type":"","overlay-color":"","overlay-opacity":"","overlay-gradient":""},"mobile":{"background-color":"var(--ast-global-color-4)","background-image":"","background-repeat":"repeat","background-position":"center center","background-size":"auto","background-attachment":"scroll","background-type":"","background-media":"","overlay-type":"","overlay-color":"","overlay-opacity":"","overlay-gradient":""}}},"product_brand":[],"product_cat":[168],"product_tag":[],"class_list":{"0":"post-18359","1":"product","2":"type-product","3":"status-publish","4":"has-post-thumbnail","6":"product_cat-husholdningsartikler","7":"pa_49703_1c1ybyks-1-stk","8":"pa_49703_1c1ybyks-2-stk","9":"pa_49703_1c1ybyks-3-stk","10":"desktop-align-left","11":"tablet-align-left","12":"mobile-align-left","14":"first","15":"instock","16":"shipping-taxable","17":"purchasable","18":"product-type-variable"},"yoast_head":"<!-- This site is optimized with the Yoast SEO plugin v26.6 - https:\/\/yoast.com\/wordpress\/plugins\/seo\/ -->\n<title>Trekantet baderomshylle - Mekulo NO<\/title>\n<meta name=\"robots\" content=\"index, follow, max-snippet:-1, max-image-preview:large, max-video-preview:-1\" \/>\n<link rel=\"canonical\" href=\"https:\/\/mekulo.com\/no\/produkt\/trekantet-baderomshylle\/\" \/>\n<meta property=\"og:locale\" content=\"nb_NO\" \/>\n<meta property=\"og:type\" content=\"article\" \/>\n<meta property=\"og:title\" content=\"Trekantet baderomshylle - Mekulo NO\" \/>\n<meta property=\"og:description\" content=\"\ud83e\uddf4Denne trekantede baderomshyllen bruker smart hj\u00f8rneplass til \u00e5 oppbevare dine daglige ting pent og innen rekkevidde. \ud83d\udebfMed en sterk sugekoppdesign installeres den p\u00e5 sekunder og holder badet ditt rent, ryddig og organisert. \ud83d\udec0En enkel l\u00f8sning for et renere, mer organisert bad - ingen verkt\u00f8y, ikke noe rot.\" \/>\n<meta property=\"og:url\" content=\"https:\/\/mekulo.com\/no\/produkt\/trekantet-baderomshylle\/\" \/>\n<meta property=\"og:site_name\" content=\"Mekulo NO\" \/>\n<meta property=\"article:modified_time\" content=\"2026-01-16T18:55:45+00:00\" \/>\n<meta property=\"og:image\" content=\"https:\/\/mekulo.com\/no\/wp-content\/uploads\/sites\/10\/2026\/01\/5okq9s6-1.webp\" \/>\n\t<meta property=\"og:image:width\" content=\"600\" \/>\n\t<meta property=\"og:image:height\" content=\"600\" \/>\n\t<meta property=\"og:image:type\" content=\"image\/webp\" \/>\n<meta name=\"twitter:card\" content=\"summary_large_image\" \/>\n<meta name=\"twitter:label1\" content=\"Ansl. lesetid\" \/>\n\t<meta name=\"twitter:data1\" content=\"2 minutter\" \/>\n<script type=\"application\/ld+json\" class=\"yoast-schema-graph\">{\"@context\":\"https:\/\/schema.org\",\"@graph\":[{\"@type\":\"WebPage\",\"@id\":\"https:\/\/mekulo.com\/no\/produkt\/trekantet-baderomshylle\/\",\"url\":\"https:\/\/mekulo.com\/no\/produkt\/trekantet-baderomshylle\/\",\"name\":\"Trekantet baderomshylle - Mekulo NO\",\"isPartOf\":{\"@id\":\"https:\/\/mekulo.com\/no\/#website\"},\"primaryImageOfPage\":{\"@id\":\"https:\/\/mekulo.com\/no\/produkt\/trekantet-baderomshylle\/#primaryimage\"},\"image\":{\"@id\":\"https:\/\/mekulo.com\/no\/produkt\/trekantet-baderomshylle\/#primaryimage\"},\"thumbnailUrl\":\"https:\/\/mekulo.com\/no\/wp-content\/uploads\/sites\/10\/2026\/01\/5okq9s6-1.webp\",\"datePublished\":\"2026-01-15T15:18:53+00:00\",\"dateModified\":\"2026-01-16T18:55:45+00:00\",\"breadcrumb\":{\"@id\":\"https:\/\/mekulo.com\/no\/produkt\/trekantet-baderomshylle\/#breadcrumb\"},\"inLanguage\":\"nb-NO\",\"potentialAction\":[{\"@type\":\"ReadAction\",\"target\":[\"https:\/\/mekulo.com\/no\/produkt\/trekantet-baderomshylle\/\"]}]},{\"@type\":\"ImageObject\",\"inLanguage\":\"nb-NO\",\"@id\":\"https:\/\/mekulo.com\/no\/produkt\/trekantet-baderomshylle\/#primaryimage\",\"url\":\"https:\/\/mekulo.com\/no\/wp-content\/uploads\/sites\/10\/2026\/01\/5okq9s6-1.webp\",\"contentUrl\":\"https:\/\/mekulo.com\/no\/wp-content\/uploads\/sites\/10\/2026\/01\/5okq9s6-1.webp\",\"width\":600,\"height\":600},{\"@type\":\"BreadcrumbList\",\"@id\":\"https:\/\/mekulo.com\/no\/produkt\/trekantet-baderomshylle\/#breadcrumb\",\"itemListElement\":[{\"@type\":\"ListItem\",\"position\":1,\"name\":\"Home\",\"item\":\"https:\/\/mekulo.com\/no\/\"},{\"@type\":\"ListItem\",\"position\":2,\"name\":\"Butikk\",\"item\":\"https:\/\/mekulo.com\/no\/butikk\/\"},{\"@type\":\"ListItem\",\"position\":3,\"name\":\"Trekantet baderomshylle\"}]},{\"@type\":\"WebSite\",\"@id\":\"https:\/\/mekulo.com\/no\/#website\",\"url\":\"https:\/\/mekulo.com\/no\/\",\"name\":\"Mekulo NO\",\"description\":\"\",\"publisher\":{\"@id\":\"https:\/\/mekulo.com\/no\/#organization\"},\"potentialAction\":[{\"@type\":\"SearchAction\",\"target\":{\"@type\":\"EntryPoint\",\"urlTemplate\":\"https:\/\/mekulo.com\/no\/?s={search_term_string}\"},\"query-input\":{\"@type\":\"PropertyValueSpecification\",\"valueRequired\":true,\"valueName\":\"search_term_string\"}}],\"inLanguage\":\"nb-NO\"},{\"@type\":\"Organization\",\"@id\":\"https:\/\/mekulo.com\/no\/#organization\",\"name\":\"Mekulo\",\"url\":\"https:\/\/mekulo.com\/no\/\",\"logo\":{\"@type\":\"ImageObject\",\"inLanguage\":\"nb-NO\",\"@id\":\"https:\/\/mekulo.com\/no\/#\/schema\/logo\/image\/\",\"url\":\"https:\/\/mekulo.com\/no\/wp-content\/uploads\/sites\/10\/2025\/12\/favicon_mekulo.png\",\"contentUrl\":\"https:\/\/mekulo.com\/no\/wp-content\/uploads\/sites\/10\/2025\/12\/favicon_mekulo.png\",\"width\":50,\"height\":50,\"caption\":\"Mekulo\"},\"image\":{\"@id\":\"https:\/\/mekulo.com\/no\/#\/schema\/logo\/image\/\"}}]}<\/script>\n<!-- \/ Yoast SEO plugin. -->","yoast_head_json":{"title":"Trekantet baderomshylle - Mekulo NO","robots":{"index":"index","follow":"follow","max-snippet":"max-snippet:-1","max-image-preview":"max-image-preview:large","max-video-preview":"max-video-preview:-1"},"canonical":"https:\/\/mekulo.com\/no\/produkt\/trekantet-baderomshylle\/","og_locale":"nb_NO","og_type":"article","og_title":"Trekantet baderomshylle - Mekulo NO","og_description":"\ud83e\uddf4Denne trekantede baderomshyllen bruker smart hj\u00f8rneplass til \u00e5 oppbevare dine daglige ting pent og innen rekkevidde. \ud83d\udebfMed en sterk sugekoppdesign installeres den p\u00e5 sekunder og holder badet ditt rent, ryddig og organisert. \ud83d\udec0En enkel l\u00f8sning for et renere, mer organisert bad - ingen verkt\u00f8y, ikke noe rot.","og_url":"https:\/\/mekulo.com\/no\/produkt\/trekantet-baderomshylle\/","og_site_name":"Mekulo NO","article_modified_time":"2026-01-16T18:55:45+00:00","og_image":[{"width":600,"height":600,"url":"https:\/\/mekulo.com\/no\/wp-content\/uploads\/sites\/10\/2026\/01\/5okq9s6-1.webp","type":"image\/webp"}],"twitter_card":"summary_large_image","twitter_misc":{"Ansl. lesetid":"2 minutter"},"schema":{"@context":"https:\/\/schema.org","@graph":[{"@type":"WebPage","@id":"https:\/\/mekulo.com\/no\/produkt\/trekantet-baderomshylle\/","url":"https:\/\/mekulo.com\/no\/produkt\/trekantet-baderomshylle\/","name":"Trekantet baderomshylle - Mekulo NO","isPartOf":{"@id":"https:\/\/mekulo.com\/no\/#website"},"primaryImageOfPage":{"@id":"https:\/\/mekulo.com\/no\/produkt\/trekantet-baderomshylle\/#primaryimage"},"image":{"@id":"https:\/\/mekulo.com\/no\/produkt\/trekantet-baderomshylle\/#primaryimage"},"thumbnailUrl":"https:\/\/mekulo.com\/no\/wp-content\/uploads\/sites\/10\/2026\/01\/5okq9s6-1.webp","datePublished":"2026-01-15T15:18:53+00:00","dateModified":"2026-01-16T18:55:45+00:00","breadcrumb":{"@id":"https:\/\/mekulo.com\/no\/produkt\/trekantet-baderomshylle\/#breadcrumb"},"inLanguage":"nb-NO","potentialAction":[{"@type":"ReadAction","target":["https:\/\/mekulo.com\/no\/produkt\/trekantet-baderomshylle\/"]}]},{"@type":"ImageObject","inLanguage":"nb-NO","@id":"https:\/\/mekulo.com\/no\/produkt\/trekantet-baderomshylle\/#primaryimage","url":"https:\/\/mekulo.com\/no\/wp-content\/uploads\/sites\/10\/2026\/01\/5okq9s6-1.webp","contentUrl":"https:\/\/mekulo.com\/no\/wp-content\/uploads\/sites\/10\/2026\/01\/5okq9s6-1.webp","width":600,"height":600},{"@type":"BreadcrumbList","@id":"https:\/\/mekulo.com\/no\/produkt\/trekantet-baderomshylle\/#breadcrumb","itemListElement":[{"@type":"ListItem","position":1,"name":"Home","item":"https:\/\/mekulo.com\/no\/"},{"@type":"ListItem","position":2,"name":"Butikk","item":"https:\/\/mekulo.com\/no\/butikk\/"},{"@type":"ListItem","position":3,"name":"Trekantet baderomshylle"}]},{"@type":"WebSite","@id":"https:\/\/mekulo.com\/no\/#website","url":"https:\/\/mekulo.com\/no\/","name":"Mekulo NO","description":"","publisher":{"@id":"https:\/\/mekulo.com\/no\/#organization"},"potentialAction":[{"@type":"SearchAction","target":{"@type":"EntryPoint","urlTemplate":"https:\/\/mekulo.com\/no\/?s={search_term_string}"},"query-input":{"@type":"PropertyValueSpecification","valueRequired":true,"valueName":"search_term_string"}}],"inLanguage":"nb-NO"},{"@type":"Organization","@id":"https:\/\/mekulo.com\/no\/#organization","name":"Mekulo","url":"https:\/\/mekulo.com\/no\/","logo":{"@type":"ImageObject","inLanguage":"nb-NO","@id":"https:\/\/mekulo.com\/no\/#\/schema\/logo\/image\/","url":"https:\/\/mekulo.com\/no\/wp-content\/uploads\/sites\/10\/2025\/12\/favicon_mekulo.png","contentUrl":"https:\/\/mekulo.com\/no\/wp-content\/uploads\/sites\/10\/2025\/12\/favicon_mekulo.png","width":50,"height":50,"caption":"Mekulo"},"image":{"@id":"https:\/\/mekulo.com\/no\/#\/schema\/logo\/image\/"}}]}},"_links":{"self":[{"href":"https:\/\/mekulo.com\/no\/wp-json\/wp\/v2\/product\/18359","targetHints":{"allow":["GET"]}}],"collection":[{"href":"https:\/\/mekulo.com\/no\/wp-json\/wp\/v2\/product"}],"about":[{"href":"https:\/\/mekulo.com\/no\/wp-json\/wp\/v2\/types\/product"}],"replies":[{"embeddable":true,"href":"https:\/\/mekulo.com\/no\/wp-json\/wp\/v2\/comments?post=18359"}],"wp:featuredmedia":[{"embeddable":true,"href":"https:\/\/mekulo.com\/no\/wp-json\/wp\/v2\/media\/18355"}],"wp:attachment":[{"href":"https:\/\/mekulo.com\/no\/wp-json\/wp\/v2\/media?parent=18359"}],"wp:term":[{"taxonomy":"product_brand","embeddable":true,"href":"https:\/\/mekulo.com\/no\/wp-json\/wp\/v2\/product_brand?post=18359"},{"taxonomy":"product_cat","embeddable":true,"href":"https:\/\/mekulo.com\/no\/wp-json\/wp\/v2\/product_cat?post=18359"},{"taxonomy":"product_tag","embeddable":true,"href":"https:\/\/mekulo.com\/no\/wp-json\/wp\/v2\/product_tag?post=18359"}],"curies":[{"name":"wp","href":"https:\/\/api.w.org\/{rel}","templated":true}]}}