{"id":18340,"date":"2026-01-15T17:17:33","date_gmt":"2026-01-15T15:17:33","guid":{"rendered":"https:\/\/mekulo.com\/no\/produkt\/3-i-1-skrutrekker-magnetring-2-stk\/"},"modified":"2026-01-16T20:53:42","modified_gmt":"2026-01-16T18:53:42","slug":"3-i-1-skrutrekker-magnetring-2-stk","status":"publish","type":"product","link":"https:\/\/mekulo.com\/no\/produkt\/3-i-1-skrutrekker-magnetring-2-stk\/","title":{"rendered":"3-i-1 skrutrekker magnetring (2 stk)"},"content":{"rendered":"<p style=\"text-align: center;\" data-start=\"0\" data-end=\"83\"><strong data-start=\"0\" data-end=\"83\">Hold skruene godt p\u00e5 plass og arbeid raskere uten \u00e5 miste en eneste skrue. \u2728<\/strong><\/p>\n<p data-start=\"0\" data-end=\"83\"><img fetchpriority=\"high\" decoding=\"async\" class=\"size-full wp-image-20727 aligncenter\" src=\"https:\/\/mekulo.com\/template\/wp-content\/uploads\/sites\/6\/2026\/01\/spp_shopify20250925111602_0e8fad5fe31d58c0487b94fa75c84be7_404cae44-e5f6-4244-86fe-2868e802029c.webp\" alt=\"\" width=\"600\" height=\"600\" \/><\/p>\n<h2 style=\"text-align: center;\" data-start=\"305\" data-end=\"325\"><strong>Hovedfordeler<\/strong><\/h2>\n<p data-start=\"329\" data-end=\"391\">\ud83e\uddf2 Sterke doble magneter &#8211; Holder skruene fast hver gang.<\/p>\n<p data-start=\"394\" data-end=\"451\">\ud83d\udd04 Magnetiser og avmagnetiser &#8211; Bytt modus umiddelbart.<\/p>\n<p data-start=\"454\" data-end=\"510\">\ud83e\uddf0 Sikkert bitgrep &#8211; Forhindrer at den sklir og ruller.<\/p>\n<p data-start=\"513\" data-end=\"578\">\ud83d\udcaa Slitesterk aluminiumskonstruksjon &#8211; Motstandsdyktig mot slitasje og korrosjon.<\/p>\n<p data-start=\"581\" data-end=\"644\">\ud83e\udeb6 Lett og kompakt &#8211; lett \u00e5 ta med seg og bruke hvor som helst.<\/p>\n<p data-start=\"581\" data-end=\"644\"><img decoding=\"async\" class=\"size-full wp-image-20728 aligncenter\" src=\"https:\/\/mekulo.com\/template\/wp-content\/uploads\/sites\/6\/2026\/01\/spp_shopify20250925111601_77d035b75425a971ba49a982447ffd14_a10c77e0-312c-4444-ac6e-6d907cd3eb0c.webp\" alt=\"\" width=\"600\" height=\"600\" \/><\/p>\n<h2 style=\"text-align: center;\" data-start=\"651\" data-end=\"668\"><strong>Slik Bruker Du Den<\/strong><\/h2>\n<ol data-start=\"670\" data-end=\"900\">\n<li data-start=\"670\" data-end=\"732\">\n<p data-start=\"673\" data-end=\"732\">Gli magnetringen p\u00e5 skrutrekkerskaftet eller bitsen.<\/p>\n<\/li>\n<li data-start=\"733\" data-end=\"786\">\n<p data-start=\"736\" data-end=\"786\">Bruk den magnetiserte siden til \u00e5 holde skruene sikkert.<\/p>\n<\/li>\n<li data-start=\"787\" data-end=\"844\">\n<p data-start=\"790\" data-end=\"844\">Vri eller bytt posisjon for \u00e5 avmagnetisere n\u00e5r det er n\u00f8dvendig.<\/p>\n<\/li>\n<li data-start=\"845\" data-end=\"900\">\n<p data-start=\"848\" data-end=\"900\">Begynn \u00e5 jobbe med bedre kontroll og f\u00e6rre fall.<\/p>\n<\/li>\n<\/ol>\n<h2 style=\"text-align: center;\" data-start=\"907\" data-end=\"929\"><strong>Produktdetaljer<\/strong><\/h2>\n<ul data-start=\"931\" data-end=\"1157\">\n<li data-start=\"980\" data-end=\"1008\">\n<p data-start=\"982\" data-end=\"1008\">Materiale: Aluminiumslegering<\/p>\n<\/li>\n<li data-start=\"1009\" data-end=\"1036\">\n<p data-start=\"1011\" data-end=\"1036\">St\u00f8rrelse: 18 x 6,35 x 23 mm<\/p>\n<\/li>\n<li data-start=\"1037\" data-end=\"1055\">\n<p data-start=\"1039\" data-end=\"1055\">Vekt: 15,3 g<\/p>\n<\/li>\n<li data-start=\"1101\" data-end=\"1157\">\n<p data-start=\"1103\" data-end=\"1157\">Funksjon: Magnetiserer og avmagnetiserer skrutrekkerbiter<\/p>\n<\/li>\n<\/ul>\n<h2 style=\"text-align: center;\" data-start=\"1164\" data-end=\"1187\"><strong>Pakken inkluderer<\/strong><\/h2>\n<ul data-start=\"1189\" data-end=\"1227\">\n<li data-start=\"1189\" data-end=\"1227\">\n<p data-start=\"1191\" data-end=\"1227\">2x 3-i-1 skrutrekkermagnetringer.<\/p>\n<\/li>\n<\/ul>\n","protected":false},"excerpt":{"rendered":"<p><span style=\"font-size: 16px; font-style: normal; font-weight: 400;\">\ud83d\udd29<\/span>Denne 3-i-1-magnetringen for skrutrekkere gir \u00f8yeblikkelig magnetisk kontroll over skrutrekkeren eller bitsen.<br \/>\n\ud83e\ude9bDen hjelper deg med \u00e5 holde skruene sikkert, arbeide p\u00e5 trange steder og veksle mellom magnetiserte og avmagnetiserte spisser p\u00e5 f\u00e5 sekunder.<br \/>\n\u2699\ufe0fA lite verkt\u00f8y som utgj\u00f8r en stor forskjell i hastighet, presisjon og bekvemmelighet.<\/p>\n","protected":false},"featured_media":18336,"comment_status":"open","ping_status":"closed","template":"","meta":{"site-sidebar-layout":"default","site-content-layout":"","ast-site-content-layout":"default","site-content-style":"default","site-sidebar-style":"default","ast-global-header-display":"","ast-banner-title-visibility":"","ast-main-header-display":"","ast-hfb-above-header-display":"","ast-hfb-below-header-display":"","ast-hfb-mobile-header-display":"","site-post-title":"","ast-breadcrumbs-content":"","ast-featured-img":"","footer-sml-layout":"","theme-transparent-header-meta":"default","adv-header-id-meta":"","stick-header-meta":"","header-above-stick-meta":"","header-main-stick-meta":"","header-below-stick-meta":"","astra-migrate-meta-layouts":"set","ast-page-background-enabled":"default","ast-page-background-meta":{"desktop":{"background-color":"var(--ast-global-color-5)","background-image":"","background-repeat":"repeat","background-position":"center center","background-size":"auto","background-attachment":"scroll","background-type":"","background-media":"","overlay-type":"","overlay-color":"","overlay-opacity":"","overlay-gradient":""},"tablet":{"background-color":"","background-image":"","background-repeat":"repeat","background-position":"center center","background-size":"auto","background-attachment":"scroll","background-type":"","background-media":"","overlay-type":"","overlay-color":"","overlay-opacity":"","overlay-gradient":""},"mobile":{"background-color":"","background-image":"","background-repeat":"repeat","background-position":"center center","background-size":"auto","background-attachment":"scroll","background-type":"","background-media":"","overlay-type":"","overlay-color":"","overlay-opacity":"","overlay-gradient":""}},"ast-content-background-meta":{"desktop":{"background-color":"var(--ast-global-color-4)","background-image":"","background-repeat":"repeat","background-position":"center center","background-size":"auto","background-attachment":"scroll","background-type":"","background-media":"","overlay-type":"","overlay-color":"","overlay-opacity":"","overlay-gradient":""},"tablet":{"background-color":"var(--ast-global-color-4)","background-image":"","background-repeat":"repeat","background-position":"center center","background-size":"auto","background-attachment":"scroll","background-type":"","background-media":"","overlay-type":"","overlay-color":"","overlay-opacity":"","overlay-gradient":""},"mobile":{"background-color":"var(--ast-global-color-4)","background-image":"","background-repeat":"repeat","background-position":"center center","background-size":"auto","background-attachment":"scroll","background-type":"","background-media":"","overlay-type":"","overlay-color":"","overlay-opacity":"","overlay-gradient":""}}},"product_brand":[],"product_cat":[171],"product_tag":[],"class_list":{"0":"post-18340","1":"product","2":"type-product","3":"status-publish","4":"has-post-thumbnail","6":"product_cat-verktoy","7":"pa_49643_j6f0kvbs-bla","8":"pa_49643_j6f0kvbs-gronn","9":"pa_49643_j6f0kvbs-gul","10":"pa_49643_j6f0kvbs-lilla","11":"pa_49643_j6f0kvbs-rod","12":"desktop-align-left","13":"tablet-align-left","14":"mobile-align-left","16":"first","17":"instock","18":"shipping-taxable","19":"purchasable","20":"product-type-variable"},"yoast_head":"<!-- This site is optimized with the Yoast SEO plugin v26.6 - https:\/\/yoast.com\/wordpress\/plugins\/seo\/ -->\n<title>3-i-1 skrutrekker magnetring (2 stk) - Mekulo NO<\/title>\n<meta name=\"robots\" content=\"index, follow, max-snippet:-1, max-image-preview:large, max-video-preview:-1\" \/>\n<link rel=\"canonical\" href=\"https:\/\/mekulo.com\/no\/produkt\/3-i-1-skrutrekker-magnetring-2-stk\/\" \/>\n<meta property=\"og:locale\" content=\"nb_NO\" \/>\n<meta property=\"og:type\" content=\"article\" \/>\n<meta property=\"og:title\" content=\"3-i-1 skrutrekker magnetring (2 stk) - Mekulo NO\" \/>\n<meta property=\"og:description\" content=\"\ud83d\udd29Denne 3-i-1-magnetringen for skrutrekkere gir \u00f8yeblikkelig magnetisk kontroll over skrutrekkeren eller bitsen. \ud83e\ude9bDen hjelper deg med \u00e5 holde skruene sikkert, arbeide p\u00e5 trange steder og veksle mellom magnetiserte og avmagnetiserte spisser p\u00e5 f\u00e5 sekunder. \u2699\ufe0fA lite verkt\u00f8y som utgj\u00f8r en stor forskjell i hastighet, presisjon og bekvemmelighet.\" \/>\n<meta property=\"og:url\" content=\"https:\/\/mekulo.com\/no\/produkt\/3-i-1-skrutrekker-magnetring-2-stk\/\" \/>\n<meta property=\"og:site_name\" content=\"Mekulo NO\" \/>\n<meta property=\"article:modified_time\" content=\"2026-01-16T18:53:42+00:00\" \/>\n<meta property=\"og:image\" content=\"https:\/\/mekulo.com\/no\/wp-content\/uploads\/sites\/10\/2026\/01\/o4bov3a-1.webp\" \/>\n\t<meta property=\"og:image:width\" content=\"600\" \/>\n\t<meta property=\"og:image:height\" content=\"600\" \/>\n\t<meta property=\"og:image:type\" content=\"image\/webp\" \/>\n<meta name=\"twitter:card\" content=\"summary_large_image\" \/>\n<meta name=\"twitter:label1\" content=\"Ansl. lesetid\" \/>\n\t<meta name=\"twitter:data1\" content=\"2 minutter\" \/>\n<script type=\"application\/ld+json\" class=\"yoast-schema-graph\">{\"@context\":\"https:\/\/schema.org\",\"@graph\":[{\"@type\":\"WebPage\",\"@id\":\"https:\/\/mekulo.com\/no\/produkt\/3-i-1-skrutrekker-magnetring-2-stk\/\",\"url\":\"https:\/\/mekulo.com\/no\/produkt\/3-i-1-skrutrekker-magnetring-2-stk\/\",\"name\":\"3-i-1 skrutrekker magnetring (2 stk) - Mekulo NO\",\"isPartOf\":{\"@id\":\"https:\/\/mekulo.com\/no\/#website\"},\"primaryImageOfPage\":{\"@id\":\"https:\/\/mekulo.com\/no\/produkt\/3-i-1-skrutrekker-magnetring-2-stk\/#primaryimage\"},\"image\":{\"@id\":\"https:\/\/mekulo.com\/no\/produkt\/3-i-1-skrutrekker-magnetring-2-stk\/#primaryimage\"},\"thumbnailUrl\":\"https:\/\/mekulo.com\/no\/wp-content\/uploads\/sites\/10\/2026\/01\/o4bov3a-1.webp\",\"datePublished\":\"2026-01-15T15:17:33+00:00\",\"dateModified\":\"2026-01-16T18:53:42+00:00\",\"breadcrumb\":{\"@id\":\"https:\/\/mekulo.com\/no\/produkt\/3-i-1-skrutrekker-magnetring-2-stk\/#breadcrumb\"},\"inLanguage\":\"nb-NO\",\"potentialAction\":[{\"@type\":\"ReadAction\",\"target\":[\"https:\/\/mekulo.com\/no\/produkt\/3-i-1-skrutrekker-magnetring-2-stk\/\"]}]},{\"@type\":\"ImageObject\",\"inLanguage\":\"nb-NO\",\"@id\":\"https:\/\/mekulo.com\/no\/produkt\/3-i-1-skrutrekker-magnetring-2-stk\/#primaryimage\",\"url\":\"https:\/\/mekulo.com\/no\/wp-content\/uploads\/sites\/10\/2026\/01\/o4bov3a-1.webp\",\"contentUrl\":\"https:\/\/mekulo.com\/no\/wp-content\/uploads\/sites\/10\/2026\/01\/o4bov3a-1.webp\",\"width\":600,\"height\":600},{\"@type\":\"BreadcrumbList\",\"@id\":\"https:\/\/mekulo.com\/no\/produkt\/3-i-1-skrutrekker-magnetring-2-stk\/#breadcrumb\",\"itemListElement\":[{\"@type\":\"ListItem\",\"position\":1,\"name\":\"Home\",\"item\":\"https:\/\/mekulo.com\/no\/\"},{\"@type\":\"ListItem\",\"position\":2,\"name\":\"Butikk\",\"item\":\"https:\/\/mekulo.com\/no\/butikk\/\"},{\"@type\":\"ListItem\",\"position\":3,\"name\":\"3-i-1 skrutrekker magnetring (2 stk)\"}]},{\"@type\":\"WebSite\",\"@id\":\"https:\/\/mekulo.com\/no\/#website\",\"url\":\"https:\/\/mekulo.com\/no\/\",\"name\":\"Mekulo NO\",\"description\":\"\",\"publisher\":{\"@id\":\"https:\/\/mekulo.com\/no\/#organization\"},\"potentialAction\":[{\"@type\":\"SearchAction\",\"target\":{\"@type\":\"EntryPoint\",\"urlTemplate\":\"https:\/\/mekulo.com\/no\/?s={search_term_string}\"},\"query-input\":{\"@type\":\"PropertyValueSpecification\",\"valueRequired\":true,\"valueName\":\"search_term_string\"}}],\"inLanguage\":\"nb-NO\"},{\"@type\":\"Organization\",\"@id\":\"https:\/\/mekulo.com\/no\/#organization\",\"name\":\"Mekulo\",\"url\":\"https:\/\/mekulo.com\/no\/\",\"logo\":{\"@type\":\"ImageObject\",\"inLanguage\":\"nb-NO\",\"@id\":\"https:\/\/mekulo.com\/no\/#\/schema\/logo\/image\/\",\"url\":\"https:\/\/mekulo.com\/no\/wp-content\/uploads\/sites\/10\/2025\/12\/favicon_mekulo.png\",\"contentUrl\":\"https:\/\/mekulo.com\/no\/wp-content\/uploads\/sites\/10\/2025\/12\/favicon_mekulo.png\",\"width\":50,\"height\":50,\"caption\":\"Mekulo\"},\"image\":{\"@id\":\"https:\/\/mekulo.com\/no\/#\/schema\/logo\/image\/\"}}]}<\/script>\n<!-- \/ Yoast SEO plugin. -->","yoast_head_json":{"title":"3-i-1 skrutrekker magnetring (2 stk) - Mekulo NO","robots":{"index":"index","follow":"follow","max-snippet":"max-snippet:-1","max-image-preview":"max-image-preview:large","max-video-preview":"max-video-preview:-1"},"canonical":"https:\/\/mekulo.com\/no\/produkt\/3-i-1-skrutrekker-magnetring-2-stk\/","og_locale":"nb_NO","og_type":"article","og_title":"3-i-1 skrutrekker magnetring (2 stk) - Mekulo NO","og_description":"\ud83d\udd29Denne 3-i-1-magnetringen for skrutrekkere gir \u00f8yeblikkelig magnetisk kontroll over skrutrekkeren eller bitsen. \ud83e\ude9bDen hjelper deg med \u00e5 holde skruene sikkert, arbeide p\u00e5 trange steder og veksle mellom magnetiserte og avmagnetiserte spisser p\u00e5 f\u00e5 sekunder. \u2699\ufe0fA lite verkt\u00f8y som utgj\u00f8r en stor forskjell i hastighet, presisjon og bekvemmelighet.","og_url":"https:\/\/mekulo.com\/no\/produkt\/3-i-1-skrutrekker-magnetring-2-stk\/","og_site_name":"Mekulo NO","article_modified_time":"2026-01-16T18:53:42+00:00","og_image":[{"width":600,"height":600,"url":"https:\/\/mekulo.com\/no\/wp-content\/uploads\/sites\/10\/2026\/01\/o4bov3a-1.webp","type":"image\/webp"}],"twitter_card":"summary_large_image","twitter_misc":{"Ansl. lesetid":"2 minutter"},"schema":{"@context":"https:\/\/schema.org","@graph":[{"@type":"WebPage","@id":"https:\/\/mekulo.com\/no\/produkt\/3-i-1-skrutrekker-magnetring-2-stk\/","url":"https:\/\/mekulo.com\/no\/produkt\/3-i-1-skrutrekker-magnetring-2-stk\/","name":"3-i-1 skrutrekker magnetring (2 stk) - Mekulo NO","isPartOf":{"@id":"https:\/\/mekulo.com\/no\/#website"},"primaryImageOfPage":{"@id":"https:\/\/mekulo.com\/no\/produkt\/3-i-1-skrutrekker-magnetring-2-stk\/#primaryimage"},"image":{"@id":"https:\/\/mekulo.com\/no\/produkt\/3-i-1-skrutrekker-magnetring-2-stk\/#primaryimage"},"thumbnailUrl":"https:\/\/mekulo.com\/no\/wp-content\/uploads\/sites\/10\/2026\/01\/o4bov3a-1.webp","datePublished":"2026-01-15T15:17:33+00:00","dateModified":"2026-01-16T18:53:42+00:00","breadcrumb":{"@id":"https:\/\/mekulo.com\/no\/produkt\/3-i-1-skrutrekker-magnetring-2-stk\/#breadcrumb"},"inLanguage":"nb-NO","potentialAction":[{"@type":"ReadAction","target":["https:\/\/mekulo.com\/no\/produkt\/3-i-1-skrutrekker-magnetring-2-stk\/"]}]},{"@type":"ImageObject","inLanguage":"nb-NO","@id":"https:\/\/mekulo.com\/no\/produkt\/3-i-1-skrutrekker-magnetring-2-stk\/#primaryimage","url":"https:\/\/mekulo.com\/no\/wp-content\/uploads\/sites\/10\/2026\/01\/o4bov3a-1.webp","contentUrl":"https:\/\/mekulo.com\/no\/wp-content\/uploads\/sites\/10\/2026\/01\/o4bov3a-1.webp","width":600,"height":600},{"@type":"BreadcrumbList","@id":"https:\/\/mekulo.com\/no\/produkt\/3-i-1-skrutrekker-magnetring-2-stk\/#breadcrumb","itemListElement":[{"@type":"ListItem","position":1,"name":"Home","item":"https:\/\/mekulo.com\/no\/"},{"@type":"ListItem","position":2,"name":"Butikk","item":"https:\/\/mekulo.com\/no\/butikk\/"},{"@type":"ListItem","position":3,"name":"3-i-1 skrutrekker magnetring (2 stk)"}]},{"@type":"WebSite","@id":"https:\/\/mekulo.com\/no\/#website","url":"https:\/\/mekulo.com\/no\/","name":"Mekulo NO","description":"","publisher":{"@id":"https:\/\/mekulo.com\/no\/#organization"},"potentialAction":[{"@type":"SearchAction","target":{"@type":"EntryPoint","urlTemplate":"https:\/\/mekulo.com\/no\/?s={search_term_string}"},"query-input":{"@type":"PropertyValueSpecification","valueRequired":true,"valueName":"search_term_string"}}],"inLanguage":"nb-NO"},{"@type":"Organization","@id":"https:\/\/mekulo.com\/no\/#organization","name":"Mekulo","url":"https:\/\/mekulo.com\/no\/","logo":{"@type":"ImageObject","inLanguage":"nb-NO","@id":"https:\/\/mekulo.com\/no\/#\/schema\/logo\/image\/","url":"https:\/\/mekulo.com\/no\/wp-content\/uploads\/sites\/10\/2025\/12\/favicon_mekulo.png","contentUrl":"https:\/\/mekulo.com\/no\/wp-content\/uploads\/sites\/10\/2025\/12\/favicon_mekulo.png","width":50,"height":50,"caption":"Mekulo"},"image":{"@id":"https:\/\/mekulo.com\/no\/#\/schema\/logo\/image\/"}}]}},"_links":{"self":[{"href":"https:\/\/mekulo.com\/no\/wp-json\/wp\/v2\/product\/18340","targetHints":{"allow":["GET"]}}],"collection":[{"href":"https:\/\/mekulo.com\/no\/wp-json\/wp\/v2\/product"}],"about":[{"href":"https:\/\/mekulo.com\/no\/wp-json\/wp\/v2\/types\/product"}],"replies":[{"embeddable":true,"href":"https:\/\/mekulo.com\/no\/wp-json\/wp\/v2\/comments?post=18340"}],"wp:featuredmedia":[{"embeddable":true,"href":"https:\/\/mekulo.com\/no\/wp-json\/wp\/v2\/media\/18336"}],"wp:attachment":[{"href":"https:\/\/mekulo.com\/no\/wp-json\/wp\/v2\/media?parent=18340"}],"wp:term":[{"taxonomy":"product_brand","embeddable":true,"href":"https:\/\/mekulo.com\/no\/wp-json\/wp\/v2\/product_brand?post=18340"},{"taxonomy":"product_cat","embeddable":true,"href":"https:\/\/mekulo.com\/no\/wp-json\/wp\/v2\/product_cat?post=18340"},{"taxonomy":"product_tag","embeddable":true,"href":"https:\/\/mekulo.com\/no\/wp-json\/wp\/v2\/product_tag?post=18340"}],"curies":[{"name":"wp","href":"https:\/\/api.w.org\/{rel}","templated":true}]}}