{"id":18327,"date":"2026-01-15T17:16:30","date_gmt":"2026-01-15T15:16:30","guid":{"rendered":"https:\/\/mekulo.com\/no\/produkt\/90-graders-tilkoblingsverktoy-med-sugekopper\/"},"modified":"2026-01-16T20:51:39","modified_gmt":"2026-01-16T18:51:39","slug":"90-graders-tilkoblingsverktoy-med-sugekopper","status":"publish","type":"product","link":"https:\/\/mekulo.com\/no\/produkt\/90-graders-tilkoblingsverktoy-med-sugekopper\/","title":{"rendered":"90-graders tilkoblingsverkt\u00f8y med sugekopper"},"content":{"rendered":"<p style=\"text-align: center;\" data-start=\"0\" data-end=\"80\"><strong data-start=\"0\" data-end=\"80\">Lag perfekte 90-graders skj\u00f8ter raskt og n\u00f8yaktig med ett enkelt verkt\u00f8y. \ud83d\udcd0<\/strong><\/p>\n<p data-start=\"0\" data-end=\"80\"><img fetchpriority=\"high\" decoding=\"async\" class=\"size-full wp-image-20712 aligncenter\" src=\"https:\/\/mekulo.com\/template\/wp-content\/uploads\/sites\/6\/2026\/01\/2-4.jpeg\" alt=\"\" width=\"1000\" height=\"1000\" \/><\/p>\n<h2 style=\"text-align: center;\" data-start=\"318\" data-end=\"338\"><strong>Hovedfordeler<\/strong><\/h2>\n<p data-start=\"342\" data-end=\"403\">\ud83e\uddf2 Sterkt sugegrep &#8211; holder overflater godt p\u00e5 plass.<\/p>\n<p data-start=\"406\" data-end=\"470\">\ud83d\udcd0 Perfekt 90-graders justering &#8211; rene og n\u00f8yaktige skj\u00f8ter.<\/p>\n<p data-start=\"473\" data-end=\"532\">\ud83c\udfaf N\u00f8yaktige nivelleringsknotter &#8211; enkel finjustering.<\/p>\n<p data-start=\"535\" data-end=\"596\">\ud83d\udee0\ufe0f Slitesterk konstruksjon &#8211; rustfritt st\u00e5l motst\u00e5r rust.<\/p>\n<p data-start=\"599\" data-end=\"652\">\ud83d\ude9a Kompakt &amp; b\u00e6rbar &#8211; Enkel \u00e5 b\u00e6re og oppbevare.<\/p>\n<p data-start=\"599\" data-end=\"652\"><img decoding=\"async\" class=\"size-full wp-image-20717 aligncenter\" src=\"https:\/\/mekulo.com\/template\/wp-content\/uploads\/sites\/6\/2026\/01\/3-7.jpeg\" alt=\"\" width=\"1000\" height=\"1000\" \/><\/p>\n<h2 style=\"text-align: center;\" data-start=\"659\" data-end=\"676\"><strong>Slik Bruker Du<\/strong><\/h2>\n<ol data-start=\"678\" data-end=\"902\">\n<li data-start=\"678\" data-end=\"732\">\n<p data-start=\"681\" data-end=\"732\">Plasser sugekoppene p\u00e5 rene, glatte overflater.<\/p>\n<\/li>\n<li data-start=\"733\" data-end=\"790\">\n<p data-start=\"736\" data-end=\"790\">Trykk h\u00e5ndtakene sammen for \u00e5 l\u00e5se sugekoppene.<\/p>\n<\/li>\n<li data-start=\"791\" data-end=\"842\">\n<p data-start=\"794\" data-end=\"842\">Juster knottene for \u00e5 nivellere og justere skj\u00f8ten.<\/p>\n<\/li>\n<li data-start=\"843\" data-end=\"902\">\n<p data-start=\"846\" data-end=\"902\">Slipp h\u00e5ndtakene i 90 graders vinkel for \u00e5 fjerne verkt\u00f8yet.<\/p>\n<\/li>\n<\/ol>\n<h2 style=\"text-align: center;\" data-start=\"909\" data-end=\"931\"><strong>Produktdetaljer<\/strong><\/h2>\n<ul data-start=\"933\" data-end=\"1333\">\n<li data-start=\"995\" data-end=\"1034\">\n<p data-start=\"997\" data-end=\"1034\">Materiale: Rustfritt st\u00e5l + plast<\/p>\n<\/li>\n<li data-start=\"1053\" data-end=\"1084\">\n<p data-start=\"1055\" data-end=\"1084\">Sugekoppdiameter: 56 mm<\/p>\n<\/li>\n<li data-start=\"1085\" data-end=\"1174\">\n<p data-start=\"1087\" data-end=\"1096\">Vekt:<\/p>\n<ul data-start=\"1099\" data-end=\"1174\">\n<li data-start=\"1099\" data-end=\"1136\">\n<p data-start=\"1101\" data-end=\"1136\">Dobbel sugekopp: ca. 224 g<\/p>\n<\/li>\n<li data-start=\"1139\" data-end=\"1174\">\n<p data-start=\"1141\" data-end=\"1174\">Fire sugekopper: ca. 362 g<\/p>\n<\/li>\n<\/ul>\n<\/li>\n<li data-start=\"1175\" data-end=\"1278\">\n<p data-start=\"1177\" data-end=\"1192\">St\u00f8rrelsesalternativer:<\/p>\n<ul data-start=\"1195\" data-end=\"1278\">\n<li data-start=\"1195\" data-end=\"1236\">\n<p data-start=\"1197\" data-end=\"1236\">Dobbel sugekopp: 180 x 28 x 130 mm<\/p>\n<\/li>\n<li data-start=\"1239\" data-end=\"1278\">\n<p data-start=\"1241\" data-end=\"1278\">Fire sugekopper: 180 x 42 x 130 mm<\/p>\n<\/li>\n<\/ul>\n<\/li>\n<li data-start=\"1279\" data-end=\"1333\">\n<p data-start=\"1281\" data-end=\"1333\">Egnet for: Marmor, stein, fliser, keramikk, glass<\/p>\n<\/li>\n<\/ul>\n<h2 style=\"text-align: center;\" data-start=\"1340\" data-end=\"1363\"><strong>Pakken Inneholder<\/strong><\/h2>\n<ul data-start=\"1365\" data-end=\"1416\">\n<li data-start=\"1365\" data-end=\"1416\">\n<p data-start=\"1367\" data-end=\"1416\">1x 90-graders tilkoblingsverkt\u00f8y med sugekopper.<\/p>\n<\/li>\n<\/ul>\n","protected":false},"excerpt":{"rendered":"<p>\ud83e\uddf2Dette 90-graders tilkoblingsverkt\u00f8yet med sugekopper hjelper deg med \u00e5 justere, nivellere og sammenf\u00f8ye overflater med presisjon.<br \/>\n\ud83d\udee0\ufe0fDen er ideelt for benkeplatefuger og rettvinklede fuger, noe som gir deg rene, profesjonelle resultater p\u00e5 stein, fliser og glass.<br \/>\n<span style=\"font-size: 16px; font-style: normal; font-weight: 400;\">\u2705<\/span>Et p\u00e5litelig verkt\u00f8y for jevn, presis og profesjonell montering av fuger hver gang.<\/p>\n","protected":false},"featured_media":18323,"comment_status":"open","ping_status":"closed","template":"","meta":{"site-sidebar-layout":"default","site-content-layout":"","ast-site-content-layout":"default","site-content-style":"default","site-sidebar-style":"default","ast-global-header-display":"","ast-banner-title-visibility":"","ast-main-header-display":"","ast-hfb-above-header-display":"","ast-hfb-below-header-display":"","ast-hfb-mobile-header-display":"","site-post-title":"","ast-breadcrumbs-content":"","ast-featured-img":"","footer-sml-layout":"","theme-transparent-header-meta":"default","adv-header-id-meta":"","stick-header-meta":"","header-above-stick-meta":"","header-main-stick-meta":"","header-below-stick-meta":"","astra-migrate-meta-layouts":"set","ast-page-background-enabled":"default","ast-page-background-meta":{"desktop":{"background-color":"var(--ast-global-color-5)","background-image":"","background-repeat":"repeat","background-position":"center center","background-size":"auto","background-attachment":"scroll","background-type":"","background-media":"","overlay-type":"","overlay-color":"","overlay-opacity":"","overlay-gradient":""},"tablet":{"background-color":"","background-image":"","background-repeat":"repeat","background-position":"center center","background-size":"auto","background-attachment":"scroll","background-type":"","background-media":"","overlay-type":"","overlay-color":"","overlay-opacity":"","overlay-gradient":""},"mobile":{"background-color":"","background-image":"","background-repeat":"repeat","background-position":"center center","background-size":"auto","background-attachment":"scroll","background-type":"","background-media":"","overlay-type":"","overlay-color":"","overlay-opacity":"","overlay-gradient":""}},"ast-content-background-meta":{"desktop":{"background-color":"var(--ast-global-color-4)","background-image":"","background-repeat":"repeat","background-position":"center center","background-size":"auto","background-attachment":"scroll","background-type":"","background-media":"","overlay-type":"","overlay-color":"","overlay-opacity":"","overlay-gradient":""},"tablet":{"background-color":"var(--ast-global-color-4)","background-image":"","background-repeat":"repeat","background-position":"center center","background-size":"auto","background-attachment":"scroll","background-type":"","background-media":"","overlay-type":"","overlay-color":"","overlay-opacity":"","overlay-gradient":""},"mobile":{"background-color":"var(--ast-global-color-4)","background-image":"","background-repeat":"repeat","background-position":"center center","background-size":"auto","background-attachment":"scroll","background-type":"","background-media":"","overlay-type":"","overlay-color":"","overlay-opacity":"","overlay-gradient":""}}},"product_brand":[],"product_cat":[171],"product_tag":[],"class_list":{"0":"post-18327","1":"product","2":"type-product","3":"status-publish","4":"has-post-thumbnail","6":"product_cat-verktoy","7":"pa_49616_0aw9pa6x-dobbel-sugekopp","8":"pa_49616_0aw9pa6x-fire-sugekopper","9":"desktop-align-left","10":"tablet-align-left","11":"mobile-align-left","13":"first","14":"instock","15":"shipping-taxable","16":"purchasable","17":"product-type-variable"},"yoast_head":"<!-- This site is optimized with the Yoast SEO plugin v26.6 - https:\/\/yoast.com\/wordpress\/plugins\/seo\/ -->\n<title>90-graders tilkoblingsverkt\u00f8y med sugekopper - Mekulo NO<\/title>\n<meta name=\"robots\" content=\"index, follow, max-snippet:-1, max-image-preview:large, max-video-preview:-1\" \/>\n<link rel=\"canonical\" href=\"https:\/\/mekulo.com\/no\/produkt\/90-graders-tilkoblingsverktoy-med-sugekopper\/\" \/>\n<meta property=\"og:locale\" content=\"nb_NO\" \/>\n<meta property=\"og:type\" content=\"article\" \/>\n<meta property=\"og:title\" content=\"90-graders tilkoblingsverkt\u00f8y med sugekopper - Mekulo NO\" \/>\n<meta property=\"og:description\" content=\"\ud83e\uddf2Dette 90-graders tilkoblingsverkt\u00f8yet med sugekopper hjelper deg med \u00e5 justere, nivellere og sammenf\u00f8ye overflater med presisjon. \ud83d\udee0\ufe0fDen er ideelt for benkeplatefuger og rettvinklede fuger, noe som gir deg rene, profesjonelle resultater p\u00e5 stein, fliser og glass. \u2705Et p\u00e5litelig verkt\u00f8y for jevn, presis og profesjonell montering av fuger hver gang.\" \/>\n<meta property=\"og:url\" content=\"https:\/\/mekulo.com\/no\/produkt\/90-graders-tilkoblingsverktoy-med-sugekopper\/\" \/>\n<meta property=\"og:site_name\" content=\"Mekulo NO\" \/>\n<meta property=\"article:modified_time\" content=\"2026-01-16T18:51:39+00:00\" \/>\n<meta property=\"og:image\" content=\"https:\/\/mekulo.com\/no\/wp-content\/uploads\/sites\/10\/2026\/01\/lyyklot-1.jpeg\" \/>\n\t<meta property=\"og:image:width\" content=\"1000\" \/>\n\t<meta property=\"og:image:height\" content=\"1000\" \/>\n\t<meta property=\"og:image:type\" content=\"image\/jpeg\" \/>\n<meta name=\"twitter:card\" content=\"summary_large_image\" \/>\n<meta name=\"twitter:label1\" content=\"Ansl. lesetid\" \/>\n\t<meta name=\"twitter:data1\" content=\"2 minutter\" \/>\n<script type=\"application\/ld+json\" class=\"yoast-schema-graph\">{\"@context\":\"https:\/\/schema.org\",\"@graph\":[{\"@type\":\"WebPage\",\"@id\":\"https:\/\/mekulo.com\/no\/produkt\/90-graders-tilkoblingsverktoy-med-sugekopper\/\",\"url\":\"https:\/\/mekulo.com\/no\/produkt\/90-graders-tilkoblingsverktoy-med-sugekopper\/\",\"name\":\"90-graders tilkoblingsverkt\u00f8y med sugekopper - Mekulo NO\",\"isPartOf\":{\"@id\":\"https:\/\/mekulo.com\/no\/#website\"},\"primaryImageOfPage\":{\"@id\":\"https:\/\/mekulo.com\/no\/produkt\/90-graders-tilkoblingsverktoy-med-sugekopper\/#primaryimage\"},\"image\":{\"@id\":\"https:\/\/mekulo.com\/no\/produkt\/90-graders-tilkoblingsverktoy-med-sugekopper\/#primaryimage\"},\"thumbnailUrl\":\"https:\/\/mekulo.com\/no\/wp-content\/uploads\/sites\/10\/2026\/01\/lyyklot-1.jpeg\",\"datePublished\":\"2026-01-15T15:16:30+00:00\",\"dateModified\":\"2026-01-16T18:51:39+00:00\",\"breadcrumb\":{\"@id\":\"https:\/\/mekulo.com\/no\/produkt\/90-graders-tilkoblingsverktoy-med-sugekopper\/#breadcrumb\"},\"inLanguage\":\"nb-NO\",\"potentialAction\":[{\"@type\":\"ReadAction\",\"target\":[\"https:\/\/mekulo.com\/no\/produkt\/90-graders-tilkoblingsverktoy-med-sugekopper\/\"]}]},{\"@type\":\"ImageObject\",\"inLanguage\":\"nb-NO\",\"@id\":\"https:\/\/mekulo.com\/no\/produkt\/90-graders-tilkoblingsverktoy-med-sugekopper\/#primaryimage\",\"url\":\"https:\/\/mekulo.com\/no\/wp-content\/uploads\/sites\/10\/2026\/01\/lyyklot-1.jpeg\",\"contentUrl\":\"https:\/\/mekulo.com\/no\/wp-content\/uploads\/sites\/10\/2026\/01\/lyyklot-1.jpeg\",\"width\":1000,\"height\":1000},{\"@type\":\"BreadcrumbList\",\"@id\":\"https:\/\/mekulo.com\/no\/produkt\/90-graders-tilkoblingsverktoy-med-sugekopper\/#breadcrumb\",\"itemListElement\":[{\"@type\":\"ListItem\",\"position\":1,\"name\":\"Home\",\"item\":\"https:\/\/mekulo.com\/no\/\"},{\"@type\":\"ListItem\",\"position\":2,\"name\":\"Butikk\",\"item\":\"https:\/\/mekulo.com\/no\/butikk\/\"},{\"@type\":\"ListItem\",\"position\":3,\"name\":\"90-graders tilkoblingsverkt\u00f8y med sugekopper\"}]},{\"@type\":\"WebSite\",\"@id\":\"https:\/\/mekulo.com\/no\/#website\",\"url\":\"https:\/\/mekulo.com\/no\/\",\"name\":\"Mekulo NO\",\"description\":\"\",\"publisher\":{\"@id\":\"https:\/\/mekulo.com\/no\/#organization\"},\"potentialAction\":[{\"@type\":\"SearchAction\",\"target\":{\"@type\":\"EntryPoint\",\"urlTemplate\":\"https:\/\/mekulo.com\/no\/?s={search_term_string}\"},\"query-input\":{\"@type\":\"PropertyValueSpecification\",\"valueRequired\":true,\"valueName\":\"search_term_string\"}}],\"inLanguage\":\"nb-NO\"},{\"@type\":\"Organization\",\"@id\":\"https:\/\/mekulo.com\/no\/#organization\",\"name\":\"Mekulo\",\"url\":\"https:\/\/mekulo.com\/no\/\",\"logo\":{\"@type\":\"ImageObject\",\"inLanguage\":\"nb-NO\",\"@id\":\"https:\/\/mekulo.com\/no\/#\/schema\/logo\/image\/\",\"url\":\"https:\/\/mekulo.com\/no\/wp-content\/uploads\/sites\/10\/2025\/12\/favicon_mekulo.png\",\"contentUrl\":\"https:\/\/mekulo.com\/no\/wp-content\/uploads\/sites\/10\/2025\/12\/favicon_mekulo.png\",\"width\":50,\"height\":50,\"caption\":\"Mekulo\"},\"image\":{\"@id\":\"https:\/\/mekulo.com\/no\/#\/schema\/logo\/image\/\"}}]}<\/script>\n<!-- \/ Yoast SEO plugin. -->","yoast_head_json":{"title":"90-graders tilkoblingsverkt\u00f8y med sugekopper - Mekulo NO","robots":{"index":"index","follow":"follow","max-snippet":"max-snippet:-1","max-image-preview":"max-image-preview:large","max-video-preview":"max-video-preview:-1"},"canonical":"https:\/\/mekulo.com\/no\/produkt\/90-graders-tilkoblingsverktoy-med-sugekopper\/","og_locale":"nb_NO","og_type":"article","og_title":"90-graders tilkoblingsverkt\u00f8y med sugekopper - Mekulo NO","og_description":"\ud83e\uddf2Dette 90-graders tilkoblingsverkt\u00f8yet med sugekopper hjelper deg med \u00e5 justere, nivellere og sammenf\u00f8ye overflater med presisjon. \ud83d\udee0\ufe0fDen er ideelt for benkeplatefuger og rettvinklede fuger, noe som gir deg rene, profesjonelle resultater p\u00e5 stein, fliser og glass. \u2705Et p\u00e5litelig verkt\u00f8y for jevn, presis og profesjonell montering av fuger hver gang.","og_url":"https:\/\/mekulo.com\/no\/produkt\/90-graders-tilkoblingsverktoy-med-sugekopper\/","og_site_name":"Mekulo NO","article_modified_time":"2026-01-16T18:51:39+00:00","og_image":[{"width":1000,"height":1000,"url":"https:\/\/mekulo.com\/no\/wp-content\/uploads\/sites\/10\/2026\/01\/lyyklot-1.jpeg","type":"image\/jpeg"}],"twitter_card":"summary_large_image","twitter_misc":{"Ansl. lesetid":"2 minutter"},"schema":{"@context":"https:\/\/schema.org","@graph":[{"@type":"WebPage","@id":"https:\/\/mekulo.com\/no\/produkt\/90-graders-tilkoblingsverktoy-med-sugekopper\/","url":"https:\/\/mekulo.com\/no\/produkt\/90-graders-tilkoblingsverktoy-med-sugekopper\/","name":"90-graders tilkoblingsverkt\u00f8y med sugekopper - Mekulo NO","isPartOf":{"@id":"https:\/\/mekulo.com\/no\/#website"},"primaryImageOfPage":{"@id":"https:\/\/mekulo.com\/no\/produkt\/90-graders-tilkoblingsverktoy-med-sugekopper\/#primaryimage"},"image":{"@id":"https:\/\/mekulo.com\/no\/produkt\/90-graders-tilkoblingsverktoy-med-sugekopper\/#primaryimage"},"thumbnailUrl":"https:\/\/mekulo.com\/no\/wp-content\/uploads\/sites\/10\/2026\/01\/lyyklot-1.jpeg","datePublished":"2026-01-15T15:16:30+00:00","dateModified":"2026-01-16T18:51:39+00:00","breadcrumb":{"@id":"https:\/\/mekulo.com\/no\/produkt\/90-graders-tilkoblingsverktoy-med-sugekopper\/#breadcrumb"},"inLanguage":"nb-NO","potentialAction":[{"@type":"ReadAction","target":["https:\/\/mekulo.com\/no\/produkt\/90-graders-tilkoblingsverktoy-med-sugekopper\/"]}]},{"@type":"ImageObject","inLanguage":"nb-NO","@id":"https:\/\/mekulo.com\/no\/produkt\/90-graders-tilkoblingsverktoy-med-sugekopper\/#primaryimage","url":"https:\/\/mekulo.com\/no\/wp-content\/uploads\/sites\/10\/2026\/01\/lyyklot-1.jpeg","contentUrl":"https:\/\/mekulo.com\/no\/wp-content\/uploads\/sites\/10\/2026\/01\/lyyklot-1.jpeg","width":1000,"height":1000},{"@type":"BreadcrumbList","@id":"https:\/\/mekulo.com\/no\/produkt\/90-graders-tilkoblingsverktoy-med-sugekopper\/#breadcrumb","itemListElement":[{"@type":"ListItem","position":1,"name":"Home","item":"https:\/\/mekulo.com\/no\/"},{"@type":"ListItem","position":2,"name":"Butikk","item":"https:\/\/mekulo.com\/no\/butikk\/"},{"@type":"ListItem","position":3,"name":"90-graders tilkoblingsverkt\u00f8y med sugekopper"}]},{"@type":"WebSite","@id":"https:\/\/mekulo.com\/no\/#website","url":"https:\/\/mekulo.com\/no\/","name":"Mekulo NO","description":"","publisher":{"@id":"https:\/\/mekulo.com\/no\/#organization"},"potentialAction":[{"@type":"SearchAction","target":{"@type":"EntryPoint","urlTemplate":"https:\/\/mekulo.com\/no\/?s={search_term_string}"},"query-input":{"@type":"PropertyValueSpecification","valueRequired":true,"valueName":"search_term_string"}}],"inLanguage":"nb-NO"},{"@type":"Organization","@id":"https:\/\/mekulo.com\/no\/#organization","name":"Mekulo","url":"https:\/\/mekulo.com\/no\/","logo":{"@type":"ImageObject","inLanguage":"nb-NO","@id":"https:\/\/mekulo.com\/no\/#\/schema\/logo\/image\/","url":"https:\/\/mekulo.com\/no\/wp-content\/uploads\/sites\/10\/2025\/12\/favicon_mekulo.png","contentUrl":"https:\/\/mekulo.com\/no\/wp-content\/uploads\/sites\/10\/2025\/12\/favicon_mekulo.png","width":50,"height":50,"caption":"Mekulo"},"image":{"@id":"https:\/\/mekulo.com\/no\/#\/schema\/logo\/image\/"}}]}},"_links":{"self":[{"href":"https:\/\/mekulo.com\/no\/wp-json\/wp\/v2\/product\/18327","targetHints":{"allow":["GET"]}}],"collection":[{"href":"https:\/\/mekulo.com\/no\/wp-json\/wp\/v2\/product"}],"about":[{"href":"https:\/\/mekulo.com\/no\/wp-json\/wp\/v2\/types\/product"}],"replies":[{"embeddable":true,"href":"https:\/\/mekulo.com\/no\/wp-json\/wp\/v2\/comments?post=18327"}],"wp:featuredmedia":[{"embeddable":true,"href":"https:\/\/mekulo.com\/no\/wp-json\/wp\/v2\/media\/18323"}],"wp:attachment":[{"href":"https:\/\/mekulo.com\/no\/wp-json\/wp\/v2\/media?parent=18327"}],"wp:term":[{"taxonomy":"product_brand","embeddable":true,"href":"https:\/\/mekulo.com\/no\/wp-json\/wp\/v2\/product_brand?post=18327"},{"taxonomy":"product_cat","embeddable":true,"href":"https:\/\/mekulo.com\/no\/wp-json\/wp\/v2\/product_cat?post=18327"},{"taxonomy":"product_tag","embeddable":true,"href":"https:\/\/mekulo.com\/no\/wp-json\/wp\/v2\/product_tag?post=18327"}],"curies":[{"name":"wp","href":"https:\/\/api.w.org\/{rel}","templated":true}]}}