{"id":18270,"date":"2026-01-15T17:13:54","date_gmt":"2026-01-15T15:13:54","guid":{"rendered":"https:\/\/mekulo.com\/no\/produkt\/varme-plysjstrompebukser\/"},"modified":"2026-01-16T20:49:13","modified_gmt":"2026-01-16T18:49:13","slug":"varme-plysjstrompebukser","status":"publish","type":"product","link":"https:\/\/mekulo.com\/no\/produkt\/varme-plysjstrompebukser\/","title":{"rendered":"Varme plysjstr\u00f8mpebukser"},"content":{"rendered":"<p style=\"text-align: center;\" data-start=\"0\" data-end=\"72\"><strong data-start=\"0\" data-end=\"72\">Hold deg varm om vinteren mens du beholder utseendet til rene, stilige str\u00f8mpebukser. \ud83e\uddb5<\/strong><\/p>\n<p data-start=\"0\" data-end=\"72\"><img decoding=\"async\" class=\"size-full wp-image-20827 aligncenter\" src=\"https:\/\/mekulo.com\/template\/wp-content\/uploads\/sites\/6\/2026\/01\/de97a32db7d7a07624509452070555ebfbaf80fa16e117adc5c104a204a08dc4-700.avif\" alt=\"\" \/><\/p>\n<h2 style=\"text-align: center;\" data-start=\"332\" data-end=\"352\"><strong>Hovedfordeler \u2744\ufe0f<\/strong><\/h2>\n<p data-start=\"355\" data-end=\"420\">\ud83d\udd25 Varmt plysjf\u00f4r &#8211; Holder bena lune i kaldt v\u00e6r.<\/p>\n<p data-start=\"423\" data-end=\"489\">\ud83d\udc57 Ren design &#8211; Stilig utseende med skjult varme.<\/p>\n<p data-start=\"492\" data-end=\"553\">\u2728 Slankende effekt &#8211; Former bena og glatter ut magen.<\/p>\n<p data-start=\"556\" data-end=\"622\">\ud83e\udd38 Superelastisk &#8211; Beveger seg med kroppen din uten begrensning.<\/p>\n<p data-start=\"625\" data-end=\"677\">\ud83e\udeb6 Lett f\u00f8lelse &#8211; Ingen tunge eller klumpete lag.<\/p>\n<p data-start=\"680\" data-end=\"746\">\ud83d\udc60 Enkel \u00e5 style &#8211; Passer til kjoler, skj\u00f8rt, st\u00f8vler og h\u00e6ler.<\/p>\n<p data-start=\"680\" data-end=\"746\"><img fetchpriority=\"high\" decoding=\"async\" class=\"size-full wp-image-20829 aligncenter\" src=\"https:\/\/mekulo.com\/template\/wp-content\/uploads\/sites\/6\/2026\/01\/Sbf498a4a3e84412bb819ba837fea82fcU.jpg_960x960q75.jpg_.avif\" alt=\"\" width=\"800\" height=\"800\" \/><\/p>\n<h2 style=\"text-align: center;\" data-start=\"753\" data-end=\"767\">Hvordan bruke \ud83d\udccc<\/h2>\n<ol data-start=\"768\" data-end=\"1028\">\n<li data-start=\"768\" data-end=\"814\">\n<p data-start=\"771\" data-end=\"814\">Ta p\u00e5 str\u00f8mpebuksene som vanlige str\u00f8mper.<\/p>\n<\/li>\n<li data-start=\"815\" data-end=\"875\">\n<p data-start=\"818\" data-end=\"875\">Juster den h\u00f8ye midjen for en behagelig og sikker passform.<\/p>\n<\/li>\n<li data-start=\"876\" data-end=\"925\">\n<p data-start=\"879\" data-end=\"925\">Kombiner med kjoler, skj\u00f8rt eller lange gensere.<\/p>\n<\/li>\n<li data-start=\"926\" data-end=\"977\">\n<p data-start=\"929\" data-end=\"977\">Bruk alene eller under kl\u00e6rne for ekstra varme.<\/p>\n<\/li>\n<li data-start=\"978\" data-end=\"1028\">\n<p data-start=\"981\" data-end=\"1028\">Vask forsiktig og luftt\u00f8rk for langvarig bruk.<\/p>\n<\/li>\n<\/ol>\n<h2 style=\"text-align: center;\" data-start=\"1035\" data-end=\"1054\">Produktdetaljer \ud83d\udccf<\/h2>\n<ul data-start=\"1055\" data-end=\"1430\">\n<li data-start=\"1091\" data-end=\"1124\">\n<p data-start=\"1093\" data-end=\"1124\">Materiale: Plysjf\u00f4r i fl\u00f8yel<\/p>\n<\/li>\n<li data-start=\"1144\" data-end=\"1202\">\n<p data-start=\"1146\" data-end=\"1202\">Bukselengde: Ca. 88 cm (t\u00f8ybar opp til 130 cm)<\/p>\n<\/li>\n<li data-start=\"1203\" data-end=\"1237\">\n<p data-start=\"1205\" data-end=\"1237\">Anbefalt h\u00f8yde: 150-178 cm<\/p>\n<\/li>\n<li data-start=\"1238\" data-end=\"1270\">\n<p data-start=\"1240\" data-end=\"1270\">Anbefalt vekt: 40-70 kg<\/p>\n<\/li>\n<li data-start=\"1271\" data-end=\"1306\">\n<p data-start=\"1273\" data-end=\"1306\">Anbefalt hoftevidde: 85-110 cm<\/p>\n<\/li>\n<li data-start=\"1307\" data-end=\"1343\">\n<p data-start=\"1309\" data-end=\"1343\">Tilpasset midje: Opp til ca. 93,3 cm<\/p>\n<\/li>\n<li data-start=\"1344\" data-end=\"1400\">\n<p data-start=\"1346\" data-end=\"1400\">Design: H\u00f8y midje, gjennomsiktig utseende med plysj p\u00e5 innsiden<\/p>\n<\/li>\n<li data-start=\"1401\" data-end=\"1430\">\n<p data-start=\"1403\" data-end=\"1430\">Sesong: H\u00f8st og vinter<\/p>\n<\/li>\n<\/ul>\n<h2 style=\"text-align: center;\" data-start=\"1437\" data-end=\"1457\">Pakken inneholder \ud83d\udce6<\/h2>\n<ul data-start=\"1458\" data-end=\"1492\" data-is-last-node=\"\" data-is-only-node=\"\">\n<li data-start=\"1458\" data-end=\"1492\" data-is-last-node=\"\">\n<p data-start=\"1460\" data-end=\"1492\" data-is-last-node=\"\">1, 2, 3x par varme plysjstr\u00f8mpebukser.<\/p>\n<\/li>\n<\/ul>\n","protected":false},"excerpt":{"rendered":"<p>\ud83d\udd25Disse varme plysjstr\u00f8mpebuksene ser ut som vanlige gjennomsiktige str\u00f8mpebukser p\u00e5 utsiden, men er f\u00f4ret med myk fl\u00f8yelsplysj p\u00e5 innsiden for \u00e5 holde deg varm.<br \/>\n\ud83d\udc57De slanker beina, glatter ut midjen og matcher enkelt med kjoler, skj\u00f8rt og vinterantrekk uten \u00e5 f\u00f8les klumpete.<br \/>\n\ud83e\udd76Dette gj\u00f8r dem perfekte for \u00e5 holde seg stilige og komfortable p\u00e5 kalde dager.<\/p>\n","protected":false},"featured_media":18266,"comment_status":"open","ping_status":"closed","template":"","meta":{"site-sidebar-layout":"default","site-content-layout":"","ast-site-content-layout":"default","site-content-style":"default","site-sidebar-style":"default","ast-global-header-display":"","ast-banner-title-visibility":"","ast-main-header-display":"","ast-hfb-above-header-display":"","ast-hfb-below-header-display":"","ast-hfb-mobile-header-display":"","site-post-title":"","ast-breadcrumbs-content":"","ast-featured-img":"","footer-sml-layout":"","theme-transparent-header-meta":"default","adv-header-id-meta":"","stick-header-meta":"","header-above-stick-meta":"","header-main-stick-meta":"","header-below-stick-meta":"","astra-migrate-meta-layouts":"set","ast-page-background-enabled":"default","ast-page-background-meta":{"desktop":{"background-color":"var(--ast-global-color-5)","background-image":"","background-repeat":"repeat","background-position":"center center","background-size":"auto","background-attachment":"scroll","background-type":"","background-media":"","overlay-type":"","overlay-color":"","overlay-opacity":"","overlay-gradient":""},"tablet":{"background-color":"","background-image":"","background-repeat":"repeat","background-position":"center center","background-size":"auto","background-attachment":"scroll","background-type":"","background-media":"","overlay-type":"","overlay-color":"","overlay-opacity":"","overlay-gradient":""},"mobile":{"background-color":"","background-image":"","background-repeat":"repeat","background-position":"center center","background-size":"auto","background-attachment":"scroll","background-type":"","background-media":"","overlay-type":"","overlay-color":"","overlay-opacity":"","overlay-gradient":""}},"ast-content-background-meta":{"desktop":{"background-color":"var(--ast-global-color-4)","background-image":"","background-repeat":"repeat","background-position":"center center","background-size":"auto","background-attachment":"scroll","background-type":"","background-media":"","overlay-type":"","overlay-color":"","overlay-opacity":"","overlay-gradient":""},"tablet":{"background-color":"var(--ast-global-color-4)","background-image":"","background-repeat":"repeat","background-position":"center center","background-size":"auto","background-attachment":"scroll","background-type":"","background-media":"","overlay-type":"","overlay-color":"","overlay-opacity":"","overlay-gradient":""},"mobile":{"background-color":"var(--ast-global-color-4)","background-image":"","background-repeat":"repeat","background-position":"center center","background-size":"auto","background-attachment":"scroll","background-type":"","background-media":"","overlay-type":"","overlay-color":"","overlay-opacity":"","overlay-gradient":""}}},"product_brand":[],"product_cat":[165,164],"product_tag":[],"class_list":{"0":"post-18270","1":"product","2":"type-product","3":"status-publish","4":"has-post-thumbnail","6":"product_cat-fottoy-tilbehor","7":"product_cat-klesplagg-for-kvinner","8":"pa_49433_83wcdzlq-gra","9":"pa_49433_83wcdzlq-gronn","10":"pa_49433_83wcdzlq-hudfarge","11":"pa_49433_83wcdzlq-kaffe","12":"pa_49433_83wcdzlq-lilla","13":"pa_49433_83wcdzlq-marinebla","14":"pa_49433_83wcdzlq-morkerod","15":"pa_49433_83wcdzlq-svart","16":"pa_49433_mu07q3wc-1-par","17":"pa_49433_mu07q3wc-2-par","18":"pa_49433_mu07q3wc-3-par","19":"desktop-align-left","20":"tablet-align-left","21":"mobile-align-left","23":"first","24":"instock","25":"shipping-taxable","26":"purchasable","27":"product-type-variable","28":"has-default-attributes"},"yoast_head":"<!-- This site is optimized with the Yoast SEO plugin v26.6 - https:\/\/yoast.com\/wordpress\/plugins\/seo\/ -->\n<title>Varme plysjstr\u00f8mpebukser - Mekulo NO<\/title>\n<meta name=\"robots\" content=\"index, follow, max-snippet:-1, max-image-preview:large, max-video-preview:-1\" \/>\n<link rel=\"canonical\" href=\"https:\/\/mekulo.com\/no\/produkt\/varme-plysjstrompebukser\/\" \/>\n<meta property=\"og:locale\" content=\"nb_NO\" \/>\n<meta property=\"og:type\" content=\"article\" \/>\n<meta property=\"og:title\" content=\"Varme plysjstr\u00f8mpebukser - Mekulo NO\" \/>\n<meta property=\"og:description\" content=\"\ud83d\udd25Disse varme plysjstr\u00f8mpebuksene ser ut som vanlige gjennomsiktige str\u00f8mpebukser p\u00e5 utsiden, men er f\u00f4ret med myk fl\u00f8yelsplysj p\u00e5 innsiden for \u00e5 holde deg varm. \ud83d\udc57De slanker beina, glatter ut midjen og matcher enkelt med kjoler, skj\u00f8rt og vinterantrekk uten \u00e5 f\u00f8les klumpete. \ud83e\udd76Dette gj\u00f8r dem perfekte for \u00e5 holde seg stilige og komfortable p\u00e5 kalde dager.\" \/>\n<meta property=\"og:url\" content=\"https:\/\/mekulo.com\/no\/produkt\/varme-plysjstrompebukser\/\" \/>\n<meta property=\"og:site_name\" content=\"Mekulo NO\" \/>\n<meta property=\"article:modified_time\" content=\"2026-01-16T18:49:13+00:00\" \/>\n<meta property=\"og:image\" content=\"https:\/\/mekulo.com\/no\/wp-content\/uploads\/sites\/10\/2026\/01\/y3ummd4-1.jpg\" \/>\n\t<meta property=\"og:image:width\" content=\"800\" \/>\n\t<meta property=\"og:image:height\" content=\"800\" \/>\n\t<meta property=\"og:image:type\" content=\"image\/jpeg\" \/>\n<meta name=\"twitter:card\" content=\"summary_large_image\" \/>\n<meta name=\"twitter:label1\" content=\"Ansl. lesetid\" \/>\n\t<meta name=\"twitter:data1\" content=\"2 minutter\" \/>\n<script type=\"application\/ld+json\" class=\"yoast-schema-graph\">{\"@context\":\"https:\/\/schema.org\",\"@graph\":[{\"@type\":\"WebPage\",\"@id\":\"https:\/\/mekulo.com\/no\/produkt\/varme-plysjstrompebukser\/\",\"url\":\"https:\/\/mekulo.com\/no\/produkt\/varme-plysjstrompebukser\/\",\"name\":\"Varme plysjstr\u00f8mpebukser - Mekulo NO\",\"isPartOf\":{\"@id\":\"https:\/\/mekulo.com\/no\/#website\"},\"primaryImageOfPage\":{\"@id\":\"https:\/\/mekulo.com\/no\/produkt\/varme-plysjstrompebukser\/#primaryimage\"},\"image\":{\"@id\":\"https:\/\/mekulo.com\/no\/produkt\/varme-plysjstrompebukser\/#primaryimage\"},\"thumbnailUrl\":\"https:\/\/mekulo.com\/no\/wp-content\/uploads\/sites\/10\/2026\/01\/y3ummd4-1.jpg\",\"datePublished\":\"2026-01-15T15:13:54+00:00\",\"dateModified\":\"2026-01-16T18:49:13+00:00\",\"breadcrumb\":{\"@id\":\"https:\/\/mekulo.com\/no\/produkt\/varme-plysjstrompebukser\/#breadcrumb\"},\"inLanguage\":\"nb-NO\",\"potentialAction\":[{\"@type\":\"ReadAction\",\"target\":[\"https:\/\/mekulo.com\/no\/produkt\/varme-plysjstrompebukser\/\"]}]},{\"@type\":\"ImageObject\",\"inLanguage\":\"nb-NO\",\"@id\":\"https:\/\/mekulo.com\/no\/produkt\/varme-plysjstrompebukser\/#primaryimage\",\"url\":\"https:\/\/mekulo.com\/no\/wp-content\/uploads\/sites\/10\/2026\/01\/y3ummd4-1.jpg\",\"contentUrl\":\"https:\/\/mekulo.com\/no\/wp-content\/uploads\/sites\/10\/2026\/01\/y3ummd4-1.jpg\",\"width\":800,\"height\":800},{\"@type\":\"BreadcrumbList\",\"@id\":\"https:\/\/mekulo.com\/no\/produkt\/varme-plysjstrompebukser\/#breadcrumb\",\"itemListElement\":[{\"@type\":\"ListItem\",\"position\":1,\"name\":\"Home\",\"item\":\"https:\/\/mekulo.com\/no\/\"},{\"@type\":\"ListItem\",\"position\":2,\"name\":\"Butikk\",\"item\":\"https:\/\/mekulo.com\/no\/butikk\/\"},{\"@type\":\"ListItem\",\"position\":3,\"name\":\"Varme plysjstr\u00f8mpebukser\"}]},{\"@type\":\"WebSite\",\"@id\":\"https:\/\/mekulo.com\/no\/#website\",\"url\":\"https:\/\/mekulo.com\/no\/\",\"name\":\"Mekulo NO\",\"description\":\"\",\"publisher\":{\"@id\":\"https:\/\/mekulo.com\/no\/#organization\"},\"potentialAction\":[{\"@type\":\"SearchAction\",\"target\":{\"@type\":\"EntryPoint\",\"urlTemplate\":\"https:\/\/mekulo.com\/no\/?s={search_term_string}\"},\"query-input\":{\"@type\":\"PropertyValueSpecification\",\"valueRequired\":true,\"valueName\":\"search_term_string\"}}],\"inLanguage\":\"nb-NO\"},{\"@type\":\"Organization\",\"@id\":\"https:\/\/mekulo.com\/no\/#organization\",\"name\":\"Mekulo\",\"url\":\"https:\/\/mekulo.com\/no\/\",\"logo\":{\"@type\":\"ImageObject\",\"inLanguage\":\"nb-NO\",\"@id\":\"https:\/\/mekulo.com\/no\/#\/schema\/logo\/image\/\",\"url\":\"https:\/\/mekulo.com\/no\/wp-content\/uploads\/sites\/10\/2025\/12\/favicon_mekulo.png\",\"contentUrl\":\"https:\/\/mekulo.com\/no\/wp-content\/uploads\/sites\/10\/2025\/12\/favicon_mekulo.png\",\"width\":50,\"height\":50,\"caption\":\"Mekulo\"},\"image\":{\"@id\":\"https:\/\/mekulo.com\/no\/#\/schema\/logo\/image\/\"}}]}<\/script>\n<!-- \/ Yoast SEO plugin. -->","yoast_head_json":{"title":"Varme plysjstr\u00f8mpebukser - Mekulo NO","robots":{"index":"index","follow":"follow","max-snippet":"max-snippet:-1","max-image-preview":"max-image-preview:large","max-video-preview":"max-video-preview:-1"},"canonical":"https:\/\/mekulo.com\/no\/produkt\/varme-plysjstrompebukser\/","og_locale":"nb_NO","og_type":"article","og_title":"Varme plysjstr\u00f8mpebukser - Mekulo NO","og_description":"\ud83d\udd25Disse varme plysjstr\u00f8mpebuksene ser ut som vanlige gjennomsiktige str\u00f8mpebukser p\u00e5 utsiden, men er f\u00f4ret med myk fl\u00f8yelsplysj p\u00e5 innsiden for \u00e5 holde deg varm. \ud83d\udc57De slanker beina, glatter ut midjen og matcher enkelt med kjoler, skj\u00f8rt og vinterantrekk uten \u00e5 f\u00f8les klumpete. \ud83e\udd76Dette gj\u00f8r dem perfekte for \u00e5 holde seg stilige og komfortable p\u00e5 kalde dager.","og_url":"https:\/\/mekulo.com\/no\/produkt\/varme-plysjstrompebukser\/","og_site_name":"Mekulo NO","article_modified_time":"2026-01-16T18:49:13+00:00","og_image":[{"width":800,"height":800,"url":"https:\/\/mekulo.com\/no\/wp-content\/uploads\/sites\/10\/2026\/01\/y3ummd4-1.jpg","type":"image\/jpeg"}],"twitter_card":"summary_large_image","twitter_misc":{"Ansl. lesetid":"2 minutter"},"schema":{"@context":"https:\/\/schema.org","@graph":[{"@type":"WebPage","@id":"https:\/\/mekulo.com\/no\/produkt\/varme-plysjstrompebukser\/","url":"https:\/\/mekulo.com\/no\/produkt\/varme-plysjstrompebukser\/","name":"Varme plysjstr\u00f8mpebukser - Mekulo NO","isPartOf":{"@id":"https:\/\/mekulo.com\/no\/#website"},"primaryImageOfPage":{"@id":"https:\/\/mekulo.com\/no\/produkt\/varme-plysjstrompebukser\/#primaryimage"},"image":{"@id":"https:\/\/mekulo.com\/no\/produkt\/varme-plysjstrompebukser\/#primaryimage"},"thumbnailUrl":"https:\/\/mekulo.com\/no\/wp-content\/uploads\/sites\/10\/2026\/01\/y3ummd4-1.jpg","datePublished":"2026-01-15T15:13:54+00:00","dateModified":"2026-01-16T18:49:13+00:00","breadcrumb":{"@id":"https:\/\/mekulo.com\/no\/produkt\/varme-plysjstrompebukser\/#breadcrumb"},"inLanguage":"nb-NO","potentialAction":[{"@type":"ReadAction","target":["https:\/\/mekulo.com\/no\/produkt\/varme-plysjstrompebukser\/"]}]},{"@type":"ImageObject","inLanguage":"nb-NO","@id":"https:\/\/mekulo.com\/no\/produkt\/varme-plysjstrompebukser\/#primaryimage","url":"https:\/\/mekulo.com\/no\/wp-content\/uploads\/sites\/10\/2026\/01\/y3ummd4-1.jpg","contentUrl":"https:\/\/mekulo.com\/no\/wp-content\/uploads\/sites\/10\/2026\/01\/y3ummd4-1.jpg","width":800,"height":800},{"@type":"BreadcrumbList","@id":"https:\/\/mekulo.com\/no\/produkt\/varme-plysjstrompebukser\/#breadcrumb","itemListElement":[{"@type":"ListItem","position":1,"name":"Home","item":"https:\/\/mekulo.com\/no\/"},{"@type":"ListItem","position":2,"name":"Butikk","item":"https:\/\/mekulo.com\/no\/butikk\/"},{"@type":"ListItem","position":3,"name":"Varme plysjstr\u00f8mpebukser"}]},{"@type":"WebSite","@id":"https:\/\/mekulo.com\/no\/#website","url":"https:\/\/mekulo.com\/no\/","name":"Mekulo NO","description":"","publisher":{"@id":"https:\/\/mekulo.com\/no\/#organization"},"potentialAction":[{"@type":"SearchAction","target":{"@type":"EntryPoint","urlTemplate":"https:\/\/mekulo.com\/no\/?s={search_term_string}"},"query-input":{"@type":"PropertyValueSpecification","valueRequired":true,"valueName":"search_term_string"}}],"inLanguage":"nb-NO"},{"@type":"Organization","@id":"https:\/\/mekulo.com\/no\/#organization","name":"Mekulo","url":"https:\/\/mekulo.com\/no\/","logo":{"@type":"ImageObject","inLanguage":"nb-NO","@id":"https:\/\/mekulo.com\/no\/#\/schema\/logo\/image\/","url":"https:\/\/mekulo.com\/no\/wp-content\/uploads\/sites\/10\/2025\/12\/favicon_mekulo.png","contentUrl":"https:\/\/mekulo.com\/no\/wp-content\/uploads\/sites\/10\/2025\/12\/favicon_mekulo.png","width":50,"height":50,"caption":"Mekulo"},"image":{"@id":"https:\/\/mekulo.com\/no\/#\/schema\/logo\/image\/"}}]}},"_links":{"self":[{"href":"https:\/\/mekulo.com\/no\/wp-json\/wp\/v2\/product\/18270","targetHints":{"allow":["GET"]}}],"collection":[{"href":"https:\/\/mekulo.com\/no\/wp-json\/wp\/v2\/product"}],"about":[{"href":"https:\/\/mekulo.com\/no\/wp-json\/wp\/v2\/types\/product"}],"replies":[{"embeddable":true,"href":"https:\/\/mekulo.com\/no\/wp-json\/wp\/v2\/comments?post=18270"}],"wp:featuredmedia":[{"embeddable":true,"href":"https:\/\/mekulo.com\/no\/wp-json\/wp\/v2\/media\/18266"}],"wp:attachment":[{"href":"https:\/\/mekulo.com\/no\/wp-json\/wp\/v2\/media?parent=18270"}],"wp:term":[{"taxonomy":"product_brand","embeddable":true,"href":"https:\/\/mekulo.com\/no\/wp-json\/wp\/v2\/product_brand?post=18270"},{"taxonomy":"product_cat","embeddable":true,"href":"https:\/\/mekulo.com\/no\/wp-json\/wp\/v2\/product_cat?post=18270"},{"taxonomy":"product_tag","embeddable":true,"href":"https:\/\/mekulo.com\/no\/wp-json\/wp\/v2\/product_tag?post=18270"}],"curies":[{"name":"wp","href":"https:\/\/api.w.org\/{rel}","templated":true}]}}