{"id":18240,"date":"2026-01-15T17:11:53","date_gmt":"2026-01-15T15:11:53","guid":{"rendered":"https:\/\/mekulo.com\/no\/produkt\/solbrilleetui-i-mykt-skinn-3-stk\/"},"modified":"2026-01-16T20:45:45","modified_gmt":"2026-01-16T18:45:45","slug":"solbrilleetui-i-mykt-skinn-3-stk","status":"publish","type":"product","link":"https:\/\/mekulo.com\/no\/produkt\/solbrilleetui-i-mykt-skinn-3-stk\/","title":{"rendered":"Solbrilleetui i mykt skinn (3 stk)"},"content":{"rendered":"<p style=\"text-align: center;\" data-start=\"0\" data-end=\"85\"><strong data-start=\"0\" data-end=\"85\">Beskytt solbrillene dine mot riper samtidig som de er enkle \u00e5 ta med seg overalt. \ud83d\udc53<\/strong><\/p>\n<p data-start=\"0\" data-end=\"85\"><img decoding=\"async\" class=\"size-full wp-image-20690 aligncenter\" src=\"https:\/\/mekulo.com\/template\/wp-content\/uploads\/sites\/6\/2026\/01\/454a5b5a743e9f272a194fec1eb2af2a50f63cb2-700.avif\" alt=\"\" \/><\/p>\n<h2 style=\"text-align: center;\" data-start=\"342\" data-end=\"363\"><strong>Hovedfordeler<\/strong><\/h2>\n<p data-start=\"367\" data-end=\"427\">\u2728 Ripebeskyttelse &#8211; Mykt interi\u00f8r holder linsene trygge.<\/p>\n<p data-start=\"430\" data-end=\"496\">\ud83e\uddf3 Lett og b\u00e6rbar &#8211; Lett \u00e5 b\u00e6re i lommer eller vesker.<\/p>\n<p data-start=\"499\" data-end=\"554\">\ud83d\udd12 Sikker trykknapplukking &#8211; \u00c5pnes og lukkes raskt.<\/p>\n<p data-start=\"557\" data-end=\"619\">\ud83d\udc5c Allsidige b\u00e6realternativer &#8211; Lomme, veske, h\u00e5ndledd eller nakke.<\/p>\n<p data-start=\"622\" data-end=\"683\">\ud83c\udf81 Flott gaveid\u00e9 &#8211; Stilig og praktisk for alle.<\/p>\n<p data-start=\"622\" data-end=\"683\"><img decoding=\"async\" class=\"size-full wp-image-20687 aligncenter\" src=\"https:\/\/mekulo.com\/template\/wp-content\/uploads\/sites\/6\/2026\/01\/d39fef2af2594612e39d47846cbb4128b96195a4-700.avif\" alt=\"\" \/><\/p>\n<h2 style=\"text-align: center;\" data-start=\"690\" data-end=\"707\"><strong>Slik Bruker Du Det<\/strong><\/h2>\n<ol data-start=\"709\" data-end=\"886\">\n<li data-start=\"709\" data-end=\"742\">\n<p data-start=\"712\" data-end=\"742\">\u00c5pne metallknapplukkingen.<\/p>\n<\/li>\n<li data-start=\"743\" data-end=\"797\">\n<p data-start=\"746\" data-end=\"797\">Plasser solbrillene eller brillene dine i etuiet.<\/p>\n<\/li>\n<li data-start=\"798\" data-end=\"827\">\n<p data-start=\"801\" data-end=\"827\">Lukk kneppet sikkert.<\/p>\n<\/li>\n<li data-start=\"828\" data-end=\"886\">\n<p data-start=\"831\" data-end=\"886\">B\u00e6r det i lommen, vesken eller fest det etter behov.<\/p>\n<\/li>\n<\/ol>\n<h2 style=\"text-align: center;\" data-start=\"893\" data-end=\"915\"><strong>Produktdetaljer<\/strong><\/h2>\n<ul data-start=\"917\" data-end=\"1147\">\n<li data-start=\"964\" data-end=\"988\">\n<p data-start=\"966\" data-end=\"988\">Materiale: PU-skinn<\/p>\n<\/li>\n<li data-start=\"989\" data-end=\"1008\">\n<p data-start=\"991\" data-end=\"1008\">St\u00f8rrelse: 7 x 14 cm<\/p>\n<\/li>\n<li data-start=\"1009\" data-end=\"1044\">\n<p data-start=\"1011\" data-end=\"1044\">Lukningstype: Trykknapp i metall<\/p>\n<\/li>\n<li data-start=\"1045\" data-end=\"1103\">\n<p data-start=\"1047\" data-end=\"1103\">Kompatibilitet: Solbriller, lesebriller, briller<\/p>\n<\/li>\n<li data-start=\"1104\" data-end=\"1147\">\n<p data-start=\"1106\" data-end=\"1147\">Vekt: Lett og reisevennlig<\/p>\n<\/li>\n<\/ul>\n<h2 style=\"text-align: center;\" data-start=\"1154\" data-end=\"1177\"><strong>Pakken inneholder<\/strong><\/h2>\n<ul data-start=\"1179\" data-end=\"1215\">\n<li data-start=\"1179\" data-end=\"1215\">\n<p data-start=\"1181\" data-end=\"1215\">3x solbrilleetuier i mykt skinn.<\/p>\n<\/li>\n<\/ul>\n","protected":false},"excerpt":{"rendered":"<p><span style=\"font-size: 16px; font-style: normal; font-weight: 400;\">\ud83d\ude0e<\/span>Dette solbrilleetuiet i mykt skinn beskytter brillene dine mot st\u00f8v, trykk og skader i daglig bruk eller p\u00e5 reise.<br \/>\n\ud83d\udd76\ufe0fDet mykt interi\u00f8r og slank design gj\u00f8r det perfekt til oppbevaring av solbriller, lesebriller eller briller uten \u00e5 ta for mye plass.<br \/>\n\u2600\ufe0fA enkel og stilig m\u00e5te \u00e5 beskytte brillene dine p\u00e5 uansett hvor livet tar deg.<\/p>\n","protected":false},"featured_media":18236,"comment_status":"open","ping_status":"closed","template":"","meta":{"site-sidebar-layout":"default","site-content-layout":"","ast-site-content-layout":"default","site-content-style":"default","site-sidebar-style":"default","ast-global-header-display":"","ast-banner-title-visibility":"","ast-main-header-display":"","ast-hfb-above-header-display":"","ast-hfb-below-header-display":"","ast-hfb-mobile-header-display":"","site-post-title":"","ast-breadcrumbs-content":"","ast-featured-img":"","footer-sml-layout":"","theme-transparent-header-meta":"default","adv-header-id-meta":"","stick-header-meta":"","header-above-stick-meta":"","header-main-stick-meta":"","header-below-stick-meta":"","astra-migrate-meta-layouts":"set","ast-page-background-enabled":"default","ast-page-background-meta":{"desktop":{"background-color":"var(--ast-global-color-5)","background-image":"","background-repeat":"repeat","background-position":"center center","background-size":"auto","background-attachment":"scroll","background-type":"","background-media":"","overlay-type":"","overlay-color":"","overlay-opacity":"","overlay-gradient":""},"tablet":{"background-color":"","background-image":"","background-repeat":"repeat","background-position":"center center","background-size":"auto","background-attachment":"scroll","background-type":"","background-media":"","overlay-type":"","overlay-color":"","overlay-opacity":"","overlay-gradient":""},"mobile":{"background-color":"","background-image":"","background-repeat":"repeat","background-position":"center center","background-size":"auto","background-attachment":"scroll","background-type":"","background-media":"","overlay-type":"","overlay-color":"","overlay-opacity":"","overlay-gradient":""}},"ast-content-background-meta":{"desktop":{"background-color":"var(--ast-global-color-4)","background-image":"","background-repeat":"repeat","background-position":"center center","background-size":"auto","background-attachment":"scroll","background-type":"","background-media":"","overlay-type":"","overlay-color":"","overlay-opacity":"","overlay-gradient":""},"tablet":{"background-color":"var(--ast-global-color-4)","background-image":"","background-repeat":"repeat","background-position":"center center","background-size":"auto","background-attachment":"scroll","background-type":"","background-media":"","overlay-type":"","overlay-color":"","overlay-opacity":"","overlay-gradient":""},"mobile":{"background-color":"var(--ast-global-color-4)","background-image":"","background-repeat":"repeat","background-position":"center center","background-size":"auto","background-attachment":"scroll","background-type":"","background-media":"","overlay-type":"","overlay-color":"","overlay-opacity":"","overlay-gradient":""}}},"product_brand":[],"product_cat":[165],"product_tag":[],"class_list":{"0":"post-18240","1":"product","2":"type-product","3":"status-publish","4":"has-post-thumbnail","6":"product_cat-fottoy-tilbehor","7":"pa_49336_9ykghaq1-bla","8":"pa_49336_9ykghaq1-brun","9":"pa_49336_9ykghaq1-gra","10":"pa_49336_9ykghaq1-gronn","11":"pa_49336_9ykghaq1-khaki","12":"pa_49336_9ykghaq1-oransje","13":"pa_49336_9ykghaq1-rosa","14":"pa_49336_9ykghaq1-svart","15":"desktop-align-left","16":"tablet-align-left","17":"mobile-align-left","19":"first","20":"instock","21":"shipping-taxable","22":"purchasable","23":"product-type-variable"},"yoast_head":"<!-- This site is optimized with the Yoast SEO plugin v26.6 - https:\/\/yoast.com\/wordpress\/plugins\/seo\/ -->\n<title>Solbrilleetui i mykt skinn (3 stk) - Mekulo NO<\/title>\n<meta name=\"robots\" content=\"index, follow, max-snippet:-1, max-image-preview:large, max-video-preview:-1\" \/>\n<link rel=\"canonical\" href=\"https:\/\/mekulo.com\/no\/produkt\/solbrilleetui-i-mykt-skinn-3-stk\/\" \/>\n<meta property=\"og:locale\" content=\"nb_NO\" \/>\n<meta property=\"og:type\" content=\"article\" \/>\n<meta property=\"og:title\" content=\"Solbrilleetui i mykt skinn (3 stk) - Mekulo NO\" \/>\n<meta property=\"og:description\" content=\"\ud83d\ude0eDette solbrilleetuiet i mykt skinn beskytter brillene dine mot st\u00f8v, trykk og skader i daglig bruk eller p\u00e5 reise. \ud83d\udd76\ufe0fDet mykt interi\u00f8r og slank design gj\u00f8r det perfekt til oppbevaring av solbriller, lesebriller eller briller uten \u00e5 ta for mye plass. \u2600\ufe0fA enkel og stilig m\u00e5te \u00e5 beskytte brillene dine p\u00e5 uansett hvor livet tar deg.\" \/>\n<meta property=\"og:url\" content=\"https:\/\/mekulo.com\/no\/produkt\/solbrilleetui-i-mykt-skinn-3-stk\/\" \/>\n<meta property=\"og:site_name\" content=\"Mekulo NO\" \/>\n<meta property=\"article:modified_time\" content=\"2026-01-16T18:45:45+00:00\" \/>\n<meta property=\"og:image\" content=\"https:\/\/mekulo.com\/no\/wp-content\/uploads\/sites\/10\/2026\/01\/jpgbqr3-1.jpg\" \/>\n\t<meta property=\"og:image:width\" content=\"679\" \/>\n\t<meta property=\"og:image:height\" content=\"679\" \/>\n\t<meta property=\"og:image:type\" content=\"image\/jpeg\" \/>\n<meta name=\"twitter:card\" content=\"summary_large_image\" \/>\n<meta name=\"twitter:label1\" content=\"Ansl. lesetid\" \/>\n\t<meta name=\"twitter:data1\" content=\"2 minutter\" \/>\n<script type=\"application\/ld+json\" class=\"yoast-schema-graph\">{\"@context\":\"https:\/\/schema.org\",\"@graph\":[{\"@type\":\"WebPage\",\"@id\":\"https:\/\/mekulo.com\/no\/produkt\/solbrilleetui-i-mykt-skinn-3-stk\/\",\"url\":\"https:\/\/mekulo.com\/no\/produkt\/solbrilleetui-i-mykt-skinn-3-stk\/\",\"name\":\"Solbrilleetui i mykt skinn (3 stk) - Mekulo NO\",\"isPartOf\":{\"@id\":\"https:\/\/mekulo.com\/no\/#website\"},\"primaryImageOfPage\":{\"@id\":\"https:\/\/mekulo.com\/no\/produkt\/solbrilleetui-i-mykt-skinn-3-stk\/#primaryimage\"},\"image\":{\"@id\":\"https:\/\/mekulo.com\/no\/produkt\/solbrilleetui-i-mykt-skinn-3-stk\/#primaryimage\"},\"thumbnailUrl\":\"https:\/\/mekulo.com\/no\/wp-content\/uploads\/sites\/10\/2026\/01\/jpgbqr3-1.jpg\",\"datePublished\":\"2026-01-15T15:11:53+00:00\",\"dateModified\":\"2026-01-16T18:45:45+00:00\",\"breadcrumb\":{\"@id\":\"https:\/\/mekulo.com\/no\/produkt\/solbrilleetui-i-mykt-skinn-3-stk\/#breadcrumb\"},\"inLanguage\":\"nb-NO\",\"potentialAction\":[{\"@type\":\"ReadAction\",\"target\":[\"https:\/\/mekulo.com\/no\/produkt\/solbrilleetui-i-mykt-skinn-3-stk\/\"]}]},{\"@type\":\"ImageObject\",\"inLanguage\":\"nb-NO\",\"@id\":\"https:\/\/mekulo.com\/no\/produkt\/solbrilleetui-i-mykt-skinn-3-stk\/#primaryimage\",\"url\":\"https:\/\/mekulo.com\/no\/wp-content\/uploads\/sites\/10\/2026\/01\/jpgbqr3-1.jpg\",\"contentUrl\":\"https:\/\/mekulo.com\/no\/wp-content\/uploads\/sites\/10\/2026\/01\/jpgbqr3-1.jpg\",\"width\":679,\"height\":679},{\"@type\":\"BreadcrumbList\",\"@id\":\"https:\/\/mekulo.com\/no\/produkt\/solbrilleetui-i-mykt-skinn-3-stk\/#breadcrumb\",\"itemListElement\":[{\"@type\":\"ListItem\",\"position\":1,\"name\":\"Home\",\"item\":\"https:\/\/mekulo.com\/no\/\"},{\"@type\":\"ListItem\",\"position\":2,\"name\":\"Butikk\",\"item\":\"https:\/\/mekulo.com\/no\/butikk\/\"},{\"@type\":\"ListItem\",\"position\":3,\"name\":\"Solbrilleetui i mykt skinn (3 stk)\"}]},{\"@type\":\"WebSite\",\"@id\":\"https:\/\/mekulo.com\/no\/#website\",\"url\":\"https:\/\/mekulo.com\/no\/\",\"name\":\"Mekulo NO\",\"description\":\"\",\"publisher\":{\"@id\":\"https:\/\/mekulo.com\/no\/#organization\"},\"potentialAction\":[{\"@type\":\"SearchAction\",\"target\":{\"@type\":\"EntryPoint\",\"urlTemplate\":\"https:\/\/mekulo.com\/no\/?s={search_term_string}\"},\"query-input\":{\"@type\":\"PropertyValueSpecification\",\"valueRequired\":true,\"valueName\":\"search_term_string\"}}],\"inLanguage\":\"nb-NO\"},{\"@type\":\"Organization\",\"@id\":\"https:\/\/mekulo.com\/no\/#organization\",\"name\":\"Mekulo\",\"url\":\"https:\/\/mekulo.com\/no\/\",\"logo\":{\"@type\":\"ImageObject\",\"inLanguage\":\"nb-NO\",\"@id\":\"https:\/\/mekulo.com\/no\/#\/schema\/logo\/image\/\",\"url\":\"https:\/\/mekulo.com\/no\/wp-content\/uploads\/sites\/10\/2025\/12\/favicon_mekulo.png\",\"contentUrl\":\"https:\/\/mekulo.com\/no\/wp-content\/uploads\/sites\/10\/2025\/12\/favicon_mekulo.png\",\"width\":50,\"height\":50,\"caption\":\"Mekulo\"},\"image\":{\"@id\":\"https:\/\/mekulo.com\/no\/#\/schema\/logo\/image\/\"}}]}<\/script>\n<!-- \/ Yoast SEO plugin. -->","yoast_head_json":{"title":"Solbrilleetui i mykt skinn (3 stk) - Mekulo NO","robots":{"index":"index","follow":"follow","max-snippet":"max-snippet:-1","max-image-preview":"max-image-preview:large","max-video-preview":"max-video-preview:-1"},"canonical":"https:\/\/mekulo.com\/no\/produkt\/solbrilleetui-i-mykt-skinn-3-stk\/","og_locale":"nb_NO","og_type":"article","og_title":"Solbrilleetui i mykt skinn (3 stk) - Mekulo NO","og_description":"\ud83d\ude0eDette solbrilleetuiet i mykt skinn beskytter brillene dine mot st\u00f8v, trykk og skader i daglig bruk eller p\u00e5 reise. \ud83d\udd76\ufe0fDet mykt interi\u00f8r og slank design gj\u00f8r det perfekt til oppbevaring av solbriller, lesebriller eller briller uten \u00e5 ta for mye plass. \u2600\ufe0fA enkel og stilig m\u00e5te \u00e5 beskytte brillene dine p\u00e5 uansett hvor livet tar deg.","og_url":"https:\/\/mekulo.com\/no\/produkt\/solbrilleetui-i-mykt-skinn-3-stk\/","og_site_name":"Mekulo NO","article_modified_time":"2026-01-16T18:45:45+00:00","og_image":[{"width":679,"height":679,"url":"https:\/\/mekulo.com\/no\/wp-content\/uploads\/sites\/10\/2026\/01\/jpgbqr3-1.jpg","type":"image\/jpeg"}],"twitter_card":"summary_large_image","twitter_misc":{"Ansl. lesetid":"2 minutter"},"schema":{"@context":"https:\/\/schema.org","@graph":[{"@type":"WebPage","@id":"https:\/\/mekulo.com\/no\/produkt\/solbrilleetui-i-mykt-skinn-3-stk\/","url":"https:\/\/mekulo.com\/no\/produkt\/solbrilleetui-i-mykt-skinn-3-stk\/","name":"Solbrilleetui i mykt skinn (3 stk) - Mekulo NO","isPartOf":{"@id":"https:\/\/mekulo.com\/no\/#website"},"primaryImageOfPage":{"@id":"https:\/\/mekulo.com\/no\/produkt\/solbrilleetui-i-mykt-skinn-3-stk\/#primaryimage"},"image":{"@id":"https:\/\/mekulo.com\/no\/produkt\/solbrilleetui-i-mykt-skinn-3-stk\/#primaryimage"},"thumbnailUrl":"https:\/\/mekulo.com\/no\/wp-content\/uploads\/sites\/10\/2026\/01\/jpgbqr3-1.jpg","datePublished":"2026-01-15T15:11:53+00:00","dateModified":"2026-01-16T18:45:45+00:00","breadcrumb":{"@id":"https:\/\/mekulo.com\/no\/produkt\/solbrilleetui-i-mykt-skinn-3-stk\/#breadcrumb"},"inLanguage":"nb-NO","potentialAction":[{"@type":"ReadAction","target":["https:\/\/mekulo.com\/no\/produkt\/solbrilleetui-i-mykt-skinn-3-stk\/"]}]},{"@type":"ImageObject","inLanguage":"nb-NO","@id":"https:\/\/mekulo.com\/no\/produkt\/solbrilleetui-i-mykt-skinn-3-stk\/#primaryimage","url":"https:\/\/mekulo.com\/no\/wp-content\/uploads\/sites\/10\/2026\/01\/jpgbqr3-1.jpg","contentUrl":"https:\/\/mekulo.com\/no\/wp-content\/uploads\/sites\/10\/2026\/01\/jpgbqr3-1.jpg","width":679,"height":679},{"@type":"BreadcrumbList","@id":"https:\/\/mekulo.com\/no\/produkt\/solbrilleetui-i-mykt-skinn-3-stk\/#breadcrumb","itemListElement":[{"@type":"ListItem","position":1,"name":"Home","item":"https:\/\/mekulo.com\/no\/"},{"@type":"ListItem","position":2,"name":"Butikk","item":"https:\/\/mekulo.com\/no\/butikk\/"},{"@type":"ListItem","position":3,"name":"Solbrilleetui i mykt skinn (3 stk)"}]},{"@type":"WebSite","@id":"https:\/\/mekulo.com\/no\/#website","url":"https:\/\/mekulo.com\/no\/","name":"Mekulo NO","description":"","publisher":{"@id":"https:\/\/mekulo.com\/no\/#organization"},"potentialAction":[{"@type":"SearchAction","target":{"@type":"EntryPoint","urlTemplate":"https:\/\/mekulo.com\/no\/?s={search_term_string}"},"query-input":{"@type":"PropertyValueSpecification","valueRequired":true,"valueName":"search_term_string"}}],"inLanguage":"nb-NO"},{"@type":"Organization","@id":"https:\/\/mekulo.com\/no\/#organization","name":"Mekulo","url":"https:\/\/mekulo.com\/no\/","logo":{"@type":"ImageObject","inLanguage":"nb-NO","@id":"https:\/\/mekulo.com\/no\/#\/schema\/logo\/image\/","url":"https:\/\/mekulo.com\/no\/wp-content\/uploads\/sites\/10\/2025\/12\/favicon_mekulo.png","contentUrl":"https:\/\/mekulo.com\/no\/wp-content\/uploads\/sites\/10\/2025\/12\/favicon_mekulo.png","width":50,"height":50,"caption":"Mekulo"},"image":{"@id":"https:\/\/mekulo.com\/no\/#\/schema\/logo\/image\/"}}]}},"_links":{"self":[{"href":"https:\/\/mekulo.com\/no\/wp-json\/wp\/v2\/product\/18240","targetHints":{"allow":["GET"]}}],"collection":[{"href":"https:\/\/mekulo.com\/no\/wp-json\/wp\/v2\/product"}],"about":[{"href":"https:\/\/mekulo.com\/no\/wp-json\/wp\/v2\/types\/product"}],"replies":[{"embeddable":true,"href":"https:\/\/mekulo.com\/no\/wp-json\/wp\/v2\/comments?post=18240"}],"wp:featuredmedia":[{"embeddable":true,"href":"https:\/\/mekulo.com\/no\/wp-json\/wp\/v2\/media\/18236"}],"wp:attachment":[{"href":"https:\/\/mekulo.com\/no\/wp-json\/wp\/v2\/media?parent=18240"}],"wp:term":[{"taxonomy":"product_brand","embeddable":true,"href":"https:\/\/mekulo.com\/no\/wp-json\/wp\/v2\/product_brand?post=18240"},{"taxonomy":"product_cat","embeddable":true,"href":"https:\/\/mekulo.com\/no\/wp-json\/wp\/v2\/product_cat?post=18240"},{"taxonomy":"product_tag","embeddable":true,"href":"https:\/\/mekulo.com\/no\/wp-json\/wp\/v2\/product_tag?post=18240"}],"curies":[{"name":"wp","href":"https:\/\/api.w.org\/{rel}","templated":true}]}}