{"id":18193,"date":"2026-01-15T17:08:20","date_gmt":"2026-01-15T15:08:20","guid":{"rendered":"https:\/\/mekulo.com\/no\/produkt\/baerbar-2-i-1-dorlas-og-alarm\/"},"modified":"2026-02-03T17:04:09","modified_gmt":"2026-02-03T15:04:09","slug":"baerbar-2-i-1-dorlas-og-alarm","status":"publish","type":"product","link":"https:\/\/mekulo.com\/no\/produkt\/baerbar-2-i-1-dorlas-og-alarm\/","title":{"rendered":"B\u00e6rbar 2-i-1-d\u00f8rl\u00e5s og alarm"},"content":{"rendered":"<p style=\"text-align: center;\" data-start=\"0\" data-end=\"62\"><strong data-start=\"0\" data-end=\"62\">Legg til \u00f8yeblikkelig privatliv og h\u00f8y beskyttelse uansett hvor du bor. \ud83d\udeaa<\/strong><\/p>\n<p data-start=\"64\" data-end=\"279\"><img fetchpriority=\"high\" decoding=\"async\" class=\"size-full wp-image-20648 aligncenter\" src=\"https:\/\/mekulo.com\/template\/wp-content\/uploads\/sites\/6\/2026\/01\/3e9bf44b39529d1bc59ac73c74235334c9c7e854.jpg\" alt=\"\" width=\"1080\" height=\"1080\" \/><\/p>\n<h2 style=\"text-align: center;\" data-start=\"286\" data-end=\"306\"><strong>Hovedfordeler<\/strong><\/h2>\n<p data-start=\"310\" data-end=\"370\">\ud83d\udeaa Dobbel beskyttelse &#8211; D\u00f8rl\u00e5s + alarm i en enhet.<\/p>\n<p data-start=\"373\" data-end=\"437\">\ud83d\udd0a 80 dB alarm &#8211; H\u00f8y lyd varsler deg \u00f8yeblikkelig om fare.<\/p>\n<p data-start=\"440\" data-end=\"517\">\ud83d\udee1\ufe0f Ekstra privatliv &#8211; D\u00f8ren kan ikke \u00e5pnes utenfra, selv ikke med n\u00f8kkel.<\/p>\n<p data-start=\"520\" data-end=\"588\">\ud83e\uddf3 Reisevennlig &#8211; Liten, lett og passer i en lomme eller veske.<\/p>\n<p data-start=\"591\" data-end=\"662\">\ud83c\udfe8 Bred kompatibilitet &#8211; Fungerer med de fleste d\u00f8rer hjemme eller p\u00e5 reise.<\/p>\n<p data-start=\"591\" data-end=\"662\"><img decoding=\"async\" class=\"size-full wp-image-20643 aligncenter\" src=\"https:\/\/mekulo.com\/template\/wp-content\/uploads\/sites\/6\/2026\/01\/272ec25c7a6c2d0be69a6ab456e2309485e06cbb.png\" alt=\"\" width=\"750\" height=\"750\" \/><\/p>\n<h2 style=\"text-align: center;\" data-start=\"669\" data-end=\"686\"><strong>Slik Bruker Du Den<\/strong><\/h2>\n<ol data-start=\"688\" data-end=\"931\">\n<li data-start=\"688\" data-end=\"758\">\n<p data-start=\"691\" data-end=\"758\">\u00c5pne d\u00f8ren og sett metallstykket inn i d\u00f8rl\u00e5ssporet.<\/p>\n<\/li>\n<li data-start=\"759\" data-end=\"790\">\n<p data-start=\"762\" data-end=\"790\">Lukk d\u00f8ren helt.<\/p>\n<\/li>\n<li data-start=\"791\" data-end=\"857\">\n<p data-start=\"794\" data-end=\"857\">Plasser det r\u00f8de h\u00e5ndtaket i metallpinnen for \u00e5 l\u00e5se den p\u00e5 plass.<\/p>\n<\/li>\n<li data-start=\"858\" data-end=\"931\">\n<p data-start=\"861\" data-end=\"931\">Hvis d\u00f8ren brytes opp eller ristes, vil alarmen g\u00e5 automatisk.<\/p>\n<\/li>\n<\/ol>\n<h2 style=\"text-align: center;\" data-start=\"938\" data-end=\"960\"><strong>Produktdetaljer<\/strong><\/h2>\n<ul data-start=\"962\" data-end=\"1293\">\n<li data-start=\"1009\" data-end=\"1052\">\n<p data-start=\"1011\" data-end=\"1052\">Materiale: Rustfritt st\u00e5l + ABS-plast<\/p>\n<\/li>\n<li data-start=\"1053\" data-end=\"1076\">\n<p data-start=\"1055\" data-end=\"1076\">Alarmvolum: 80 dB<\/p>\n<\/li>\n<li data-start=\"1077\" data-end=\"1142\">\n<p data-start=\"1079\" data-end=\"1097\">L\u00e5sehullst\u00f8rrelser:<\/p>\n<ul data-start=\"1100\" data-end=\"1142\">\n<li data-start=\"1100\" data-end=\"1120\">\n<p data-start=\"1102\" data-end=\"1120\">2 cm<\/p>\n<\/li>\n<li data-start=\"1123\" data-end=\"1142\">\n<p data-start=\"1125\" data-end=\"1142\">3 cm<\/p>\n<\/li>\n<\/ul>\n<\/li>\n<li data-start=\"1143\" data-end=\"1184\">\n<p data-start=\"1145\" data-end=\"1184\">Produktst\u00f8rrelse: 11 x 3 x 1 cm<\/p>\n<\/li>\n<li data-start=\"1185\" data-end=\"1229\">\n<p data-start=\"1187\" data-end=\"1229\">Overflate: Polert og galvanisert st\u00e5l<\/p>\n<\/li>\n<li data-start=\"1230\" data-end=\"1293\">\n<p data-start=\"1232\" data-end=\"1293\">Bruksomr\u00e5der: Hoteller, leiligheter, sovesaler, soverom, utleie<\/p>\n<\/li>\n<\/ul>\n<h2 style=\"text-align: center;\" data-start=\"1300\" data-end=\"1323\"><strong>Pakken inkluderer<\/strong><\/h2>\n<ul data-start=\"1325\" data-end=\"1368\">\n<li data-start=\"1325\" data-end=\"1368\">\n<p data-start=\"1327\" data-end=\"1368\">1, 2x b\u00e6rbar 2-i-1 d\u00f8rl\u00e5s og alarm.<\/p>\n<\/li>\n<\/ul>\n","protected":false},"excerpt":{"rendered":"<p><span style=\"font-size: 16px; font-style: normal; font-weight: 400;\">\ud83d\udd12<\/span>Denne b\u00e6rbare 2-i-1-d\u00f8rl\u00e5sen og alarmen blokkerer d\u00f8ren fra innsiden og utl\u00f8ser en h\u00f8y alarm hvis noen pr\u00f8ver \u00e5 bryte seg inn.<br \/>\n\ud83d\udeaaDen er enkel \u00e5 ta med, rask \u00e5 installere og perfekt for reiser, hjemmebruk eller midlertidige opphold.<br \/>\n\ud83d\udea8Et enkelt, kraftig sikkerhetsverkt\u00f8y som gir deg trygghet hjemme eller p\u00e5 reise.<\/p>\n","protected":false},"featured_media":18189,"comment_status":"open","ping_status":"closed","template":"","meta":{"site-sidebar-layout":"default","site-content-layout":"","ast-site-content-layout":"default","site-content-style":"default","site-sidebar-style":"default","ast-global-header-display":"","ast-banner-title-visibility":"","ast-main-header-display":"","ast-hfb-above-header-display":"","ast-hfb-below-header-display":"","ast-hfb-mobile-header-display":"","site-post-title":"","ast-breadcrumbs-content":"","ast-featured-img":"","footer-sml-layout":"","theme-transparent-header-meta":"default","adv-header-id-meta":"","stick-header-meta":"","header-above-stick-meta":"","header-main-stick-meta":"","header-below-stick-meta":"","astra-migrate-meta-layouts":"set","ast-page-background-enabled":"default","ast-page-background-meta":{"desktop":{"background-color":"var(--ast-global-color-5)","background-image":"","background-repeat":"repeat","background-position":"center center","background-size":"auto","background-attachment":"scroll","background-type":"","background-media":"","overlay-type":"","overlay-color":"","overlay-opacity":"","overlay-gradient":""},"tablet":{"background-color":"","background-image":"","background-repeat":"repeat","background-position":"center center","background-size":"auto","background-attachment":"scroll","background-type":"","background-media":"","overlay-type":"","overlay-color":"","overlay-opacity":"","overlay-gradient":""},"mobile":{"background-color":"","background-image":"","background-repeat":"repeat","background-position":"center center","background-size":"auto","background-attachment":"scroll","background-type":"","background-media":"","overlay-type":"","overlay-color":"","overlay-opacity":"","overlay-gradient":""}},"ast-content-background-meta":{"desktop":{"background-color":"var(--ast-global-color-4)","background-image":"","background-repeat":"repeat","background-position":"center center","background-size":"auto","background-attachment":"scroll","background-type":"","background-media":"","overlay-type":"","overlay-color":"","overlay-opacity":"","overlay-gradient":""},"tablet":{"background-color":"var(--ast-global-color-4)","background-image":"","background-repeat":"repeat","background-position":"center center","background-size":"auto","background-attachment":"scroll","background-type":"","background-media":"","overlay-type":"","overlay-color":"","overlay-opacity":"","overlay-gradient":""},"mobile":{"background-color":"var(--ast-global-color-4)","background-image":"","background-repeat":"repeat","background-position":"center center","background-size":"auto","background-attachment":"scroll","background-type":"","background-media":"","overlay-type":"","overlay-color":"","overlay-opacity":"","overlay-gradient":""}}},"product_brand":[],"product_cat":[171],"product_tag":[],"class_list":{"0":"post-18193","1":"product","2":"type-product","3":"status-publish","4":"has-post-thumbnail","6":"product_cat-verktoy","7":"pa_49275_ci7j7e3k-rod","8":"pa_49275_ci7j7e3k-svart","9":"pa_49275_ik7qtgql-1-stk","10":"pa_49275_ik7qtgql-2-stk","11":"desktop-align-left","12":"tablet-align-left","13":"mobile-align-left","15":"first","16":"instock","17":"shipping-taxable","18":"purchasable","19":"product-type-variable","20":"has-default-attributes"},"yoast_head":"<!-- This site is optimized with the Yoast SEO plugin v26.6 - https:\/\/yoast.com\/wordpress\/plugins\/seo\/ -->\n<title>B\u00e6rbar 2-i-1-d\u00f8rl\u00e5s og alarm - Mekulo NO<\/title>\n<meta name=\"robots\" content=\"index, follow, max-snippet:-1, max-image-preview:large, max-video-preview:-1\" \/>\n<link rel=\"canonical\" href=\"https:\/\/mekulo.com\/no\/produkt\/baerbar-2-i-1-dorlas-og-alarm\/\" \/>\n<meta property=\"og:locale\" content=\"nb_NO\" \/>\n<meta property=\"og:type\" content=\"article\" \/>\n<meta property=\"og:title\" content=\"B\u00e6rbar 2-i-1-d\u00f8rl\u00e5s og alarm - Mekulo NO\" \/>\n<meta property=\"og:description\" content=\"\ud83d\udd12Denne b\u00e6rbare 2-i-1-d\u00f8rl\u00e5sen og alarmen blokkerer d\u00f8ren fra innsiden og utl\u00f8ser en h\u00f8y alarm hvis noen pr\u00f8ver \u00e5 bryte seg inn. \ud83d\udeaaDen er enkel \u00e5 ta med, rask \u00e5 installere og perfekt for reiser, hjemmebruk eller midlertidige opphold. \ud83d\udea8Et enkelt, kraftig sikkerhetsverkt\u00f8y som gir deg trygghet hjemme eller p\u00e5 reise.\" \/>\n<meta property=\"og:url\" content=\"https:\/\/mekulo.com\/no\/produkt\/baerbar-2-i-1-dorlas-og-alarm\/\" \/>\n<meta property=\"og:site_name\" content=\"Mekulo NO\" \/>\n<meta property=\"article:modified_time\" content=\"2026-02-03T15:04:09+00:00\" \/>\n<meta property=\"og:image\" content=\"https:\/\/mekulo.com\/no\/wp-content\/uploads\/sites\/10\/2026\/01\/fbg4abc-1.jpg\" \/>\n\t<meta property=\"og:image:width\" content=\"960\" \/>\n\t<meta property=\"og:image:height\" content=\"960\" \/>\n\t<meta property=\"og:image:type\" content=\"image\/jpeg\" \/>\n<meta name=\"twitter:card\" content=\"summary_large_image\" \/>\n<meta name=\"twitter:label1\" content=\"Ansl. lesetid\" \/>\n\t<meta name=\"twitter:data1\" content=\"2 minutter\" \/>\n<script type=\"application\/ld+json\" class=\"yoast-schema-graph\">{\"@context\":\"https:\/\/schema.org\",\"@graph\":[{\"@type\":\"WebPage\",\"@id\":\"https:\/\/mekulo.com\/no\/produkt\/baerbar-2-i-1-dorlas-og-alarm\/\",\"url\":\"https:\/\/mekulo.com\/no\/produkt\/baerbar-2-i-1-dorlas-og-alarm\/\",\"name\":\"B\u00e6rbar 2-i-1-d\u00f8rl\u00e5s og alarm - Mekulo NO\",\"isPartOf\":{\"@id\":\"https:\/\/mekulo.com\/no\/#website\"},\"primaryImageOfPage\":{\"@id\":\"https:\/\/mekulo.com\/no\/produkt\/baerbar-2-i-1-dorlas-og-alarm\/#primaryimage\"},\"image\":{\"@id\":\"https:\/\/mekulo.com\/no\/produkt\/baerbar-2-i-1-dorlas-og-alarm\/#primaryimage\"},\"thumbnailUrl\":\"https:\/\/mekulo.com\/no\/wp-content\/uploads\/sites\/10\/2026\/01\/fbg4abc-1.jpg\",\"datePublished\":\"2026-01-15T15:08:20+00:00\",\"dateModified\":\"2026-02-03T15:04:09+00:00\",\"breadcrumb\":{\"@id\":\"https:\/\/mekulo.com\/no\/produkt\/baerbar-2-i-1-dorlas-og-alarm\/#breadcrumb\"},\"inLanguage\":\"nb-NO\",\"potentialAction\":[{\"@type\":\"ReadAction\",\"target\":[\"https:\/\/mekulo.com\/no\/produkt\/baerbar-2-i-1-dorlas-og-alarm\/\"]}]},{\"@type\":\"ImageObject\",\"inLanguage\":\"nb-NO\",\"@id\":\"https:\/\/mekulo.com\/no\/produkt\/baerbar-2-i-1-dorlas-og-alarm\/#primaryimage\",\"url\":\"https:\/\/mekulo.com\/no\/wp-content\/uploads\/sites\/10\/2026\/01\/fbg4abc-1.jpg\",\"contentUrl\":\"https:\/\/mekulo.com\/no\/wp-content\/uploads\/sites\/10\/2026\/01\/fbg4abc-1.jpg\",\"width\":960,\"height\":960},{\"@type\":\"BreadcrumbList\",\"@id\":\"https:\/\/mekulo.com\/no\/produkt\/baerbar-2-i-1-dorlas-og-alarm\/#breadcrumb\",\"itemListElement\":[{\"@type\":\"ListItem\",\"position\":1,\"name\":\"Home\",\"item\":\"https:\/\/mekulo.com\/no\/\"},{\"@type\":\"ListItem\",\"position\":2,\"name\":\"Butikk\",\"item\":\"https:\/\/mekulo.com\/no\/butikk\/\"},{\"@type\":\"ListItem\",\"position\":3,\"name\":\"B\u00e6rbar 2-i-1-d\u00f8rl\u00e5s og alarm\"}]},{\"@type\":\"WebSite\",\"@id\":\"https:\/\/mekulo.com\/no\/#website\",\"url\":\"https:\/\/mekulo.com\/no\/\",\"name\":\"Mekulo NO\",\"description\":\"\",\"publisher\":{\"@id\":\"https:\/\/mekulo.com\/no\/#organization\"},\"potentialAction\":[{\"@type\":\"SearchAction\",\"target\":{\"@type\":\"EntryPoint\",\"urlTemplate\":\"https:\/\/mekulo.com\/no\/?s={search_term_string}\"},\"query-input\":{\"@type\":\"PropertyValueSpecification\",\"valueRequired\":true,\"valueName\":\"search_term_string\"}}],\"inLanguage\":\"nb-NO\"},{\"@type\":\"Organization\",\"@id\":\"https:\/\/mekulo.com\/no\/#organization\",\"name\":\"Mekulo\",\"url\":\"https:\/\/mekulo.com\/no\/\",\"logo\":{\"@type\":\"ImageObject\",\"inLanguage\":\"nb-NO\",\"@id\":\"https:\/\/mekulo.com\/no\/#\/schema\/logo\/image\/\",\"url\":\"https:\/\/mekulo.com\/no\/wp-content\/uploads\/sites\/10\/2025\/12\/favicon_mekulo.png\",\"contentUrl\":\"https:\/\/mekulo.com\/no\/wp-content\/uploads\/sites\/10\/2025\/12\/favicon_mekulo.png\",\"width\":50,\"height\":50,\"caption\":\"Mekulo\"},\"image\":{\"@id\":\"https:\/\/mekulo.com\/no\/#\/schema\/logo\/image\/\"}}]}<\/script>\n<!-- \/ Yoast SEO plugin. -->","yoast_head_json":{"title":"B\u00e6rbar 2-i-1-d\u00f8rl\u00e5s og alarm - Mekulo NO","robots":{"index":"index","follow":"follow","max-snippet":"max-snippet:-1","max-image-preview":"max-image-preview:large","max-video-preview":"max-video-preview:-1"},"canonical":"https:\/\/mekulo.com\/no\/produkt\/baerbar-2-i-1-dorlas-og-alarm\/","og_locale":"nb_NO","og_type":"article","og_title":"B\u00e6rbar 2-i-1-d\u00f8rl\u00e5s og alarm - Mekulo NO","og_description":"\ud83d\udd12Denne b\u00e6rbare 2-i-1-d\u00f8rl\u00e5sen og alarmen blokkerer d\u00f8ren fra innsiden og utl\u00f8ser en h\u00f8y alarm hvis noen pr\u00f8ver \u00e5 bryte seg inn. \ud83d\udeaaDen er enkel \u00e5 ta med, rask \u00e5 installere og perfekt for reiser, hjemmebruk eller midlertidige opphold. \ud83d\udea8Et enkelt, kraftig sikkerhetsverkt\u00f8y som gir deg trygghet hjemme eller p\u00e5 reise.","og_url":"https:\/\/mekulo.com\/no\/produkt\/baerbar-2-i-1-dorlas-og-alarm\/","og_site_name":"Mekulo NO","article_modified_time":"2026-02-03T15:04:09+00:00","og_image":[{"width":960,"height":960,"url":"https:\/\/mekulo.com\/no\/wp-content\/uploads\/sites\/10\/2026\/01\/fbg4abc-1.jpg","type":"image\/jpeg"}],"twitter_card":"summary_large_image","twitter_misc":{"Ansl. lesetid":"2 minutter"},"schema":{"@context":"https:\/\/schema.org","@graph":[{"@type":"WebPage","@id":"https:\/\/mekulo.com\/no\/produkt\/baerbar-2-i-1-dorlas-og-alarm\/","url":"https:\/\/mekulo.com\/no\/produkt\/baerbar-2-i-1-dorlas-og-alarm\/","name":"B\u00e6rbar 2-i-1-d\u00f8rl\u00e5s og alarm - Mekulo NO","isPartOf":{"@id":"https:\/\/mekulo.com\/no\/#website"},"primaryImageOfPage":{"@id":"https:\/\/mekulo.com\/no\/produkt\/baerbar-2-i-1-dorlas-og-alarm\/#primaryimage"},"image":{"@id":"https:\/\/mekulo.com\/no\/produkt\/baerbar-2-i-1-dorlas-og-alarm\/#primaryimage"},"thumbnailUrl":"https:\/\/mekulo.com\/no\/wp-content\/uploads\/sites\/10\/2026\/01\/fbg4abc-1.jpg","datePublished":"2026-01-15T15:08:20+00:00","dateModified":"2026-02-03T15:04:09+00:00","breadcrumb":{"@id":"https:\/\/mekulo.com\/no\/produkt\/baerbar-2-i-1-dorlas-og-alarm\/#breadcrumb"},"inLanguage":"nb-NO","potentialAction":[{"@type":"ReadAction","target":["https:\/\/mekulo.com\/no\/produkt\/baerbar-2-i-1-dorlas-og-alarm\/"]}]},{"@type":"ImageObject","inLanguage":"nb-NO","@id":"https:\/\/mekulo.com\/no\/produkt\/baerbar-2-i-1-dorlas-og-alarm\/#primaryimage","url":"https:\/\/mekulo.com\/no\/wp-content\/uploads\/sites\/10\/2026\/01\/fbg4abc-1.jpg","contentUrl":"https:\/\/mekulo.com\/no\/wp-content\/uploads\/sites\/10\/2026\/01\/fbg4abc-1.jpg","width":960,"height":960},{"@type":"BreadcrumbList","@id":"https:\/\/mekulo.com\/no\/produkt\/baerbar-2-i-1-dorlas-og-alarm\/#breadcrumb","itemListElement":[{"@type":"ListItem","position":1,"name":"Home","item":"https:\/\/mekulo.com\/no\/"},{"@type":"ListItem","position":2,"name":"Butikk","item":"https:\/\/mekulo.com\/no\/butikk\/"},{"@type":"ListItem","position":3,"name":"B\u00e6rbar 2-i-1-d\u00f8rl\u00e5s og alarm"}]},{"@type":"WebSite","@id":"https:\/\/mekulo.com\/no\/#website","url":"https:\/\/mekulo.com\/no\/","name":"Mekulo NO","description":"","publisher":{"@id":"https:\/\/mekulo.com\/no\/#organization"},"potentialAction":[{"@type":"SearchAction","target":{"@type":"EntryPoint","urlTemplate":"https:\/\/mekulo.com\/no\/?s={search_term_string}"},"query-input":{"@type":"PropertyValueSpecification","valueRequired":true,"valueName":"search_term_string"}}],"inLanguage":"nb-NO"},{"@type":"Organization","@id":"https:\/\/mekulo.com\/no\/#organization","name":"Mekulo","url":"https:\/\/mekulo.com\/no\/","logo":{"@type":"ImageObject","inLanguage":"nb-NO","@id":"https:\/\/mekulo.com\/no\/#\/schema\/logo\/image\/","url":"https:\/\/mekulo.com\/no\/wp-content\/uploads\/sites\/10\/2025\/12\/favicon_mekulo.png","contentUrl":"https:\/\/mekulo.com\/no\/wp-content\/uploads\/sites\/10\/2025\/12\/favicon_mekulo.png","width":50,"height":50,"caption":"Mekulo"},"image":{"@id":"https:\/\/mekulo.com\/no\/#\/schema\/logo\/image\/"}}]}},"_links":{"self":[{"href":"https:\/\/mekulo.com\/no\/wp-json\/wp\/v2\/product\/18193","targetHints":{"allow":["GET"]}}],"collection":[{"href":"https:\/\/mekulo.com\/no\/wp-json\/wp\/v2\/product"}],"about":[{"href":"https:\/\/mekulo.com\/no\/wp-json\/wp\/v2\/types\/product"}],"replies":[{"embeddable":true,"href":"https:\/\/mekulo.com\/no\/wp-json\/wp\/v2\/comments?post=18193"}],"wp:featuredmedia":[{"embeddable":true,"href":"https:\/\/mekulo.com\/no\/wp-json\/wp\/v2\/media\/18189"}],"wp:attachment":[{"href":"https:\/\/mekulo.com\/no\/wp-json\/wp\/v2\/media?parent=18193"}],"wp:term":[{"taxonomy":"product_brand","embeddable":true,"href":"https:\/\/mekulo.com\/no\/wp-json\/wp\/v2\/product_brand?post=18193"},{"taxonomy":"product_cat","embeddable":true,"href":"https:\/\/mekulo.com\/no\/wp-json\/wp\/v2\/product_cat?post=18193"},{"taxonomy":"product_tag","embeddable":true,"href":"https:\/\/mekulo.com\/no\/wp-json\/wp\/v2\/product_tag?post=18193"}],"curies":[{"name":"wp","href":"https:\/\/api.w.org\/{rel}","templated":true}]}}