{"id":18175,"date":"2026-01-15T17:06:43","date_gmt":"2026-01-15T15:06:43","guid":{"rendered":"https:\/\/mekulo.com\/no\/produkt\/2-i-1-veske-for-baerbar-pc\/"},"modified":"2026-01-16T20:26:18","modified_gmt":"2026-01-16T18:26:18","slug":"2-i-1-veske-for-baerbar-pc","status":"publish","type":"product","link":"https:\/\/mekulo.com\/no\/produkt\/2-i-1-veske-for-baerbar-pc\/","title":{"rendered":"2-i-1-veske for b\u00e6rbar PC"},"content":{"rendered":"<p style=\"text-align: center;\" data-start=\"0\" data-end=\"65\"><strong data-start=\"0\" data-end=\"65\">B\u00e6r den b\u00e6rbare datamaskinen trygt og samtidig v\u00e6re stilig og organisert. \ud83d\udc69\u200d\ud83d\udcbb<\/strong><\/p>\n<p data-start=\"0\" data-end=\"65\"><img decoding=\"async\" class=\"size-full wp-image-20634 aligncenter\" src=\"https:\/\/mekulo.com\/template\/wp-content\/uploads\/sites\/6\/2026\/01\/d2a49895f06856ae076b1754c75f3bf48468eed1-700.avif\" alt=\"\" \/><\/p>\n<h2 style=\"text-align: center;\" data-start=\"342\" data-end=\"362\"><strong>Hovedfordeler<\/strong><\/h2>\n<p data-start=\"366\" data-end=\"443\">\ud83d\udcbc 2-i-1-design &#8211; Kan brukes som en fullverdig laptop-veske eller som et slankt, avtakbart etui.<\/p>\n<p data-start=\"446\" data-end=\"521\">\ud83d\udee1\ufe0f Polstret beskyttelse &#8211; Mykt fl\u00f8yelsf\u00f4r beskytter laptop og nettbrett.<\/p>\n<p data-start=\"524\" data-end=\"599\">\ud83c\udf27\ufe0f Vannavvisende PU-skinn &#8211; Beskytter enhetene mot regn og s\u00f8l.<\/p>\n<p data-start=\"602\" data-end=\"682\">\ud83d\udcc2 Smart organisering &#8211; Separate lommer for lader, telefon og dokumenter.<\/p>\n<p data-start=\"685\" data-end=\"759\">\u2728 Rent, profesjonelt utseende &#8211; Passer til jobb, m\u00f8ter og reiser.<\/p>\n<p data-start=\"685\" data-end=\"759\"><img fetchpriority=\"high\" decoding=\"async\" class=\"size-full wp-image-20631 aligncenter\" src=\"https:\/\/mekulo.com\/template\/wp-content\/uploads\/sites\/6\/2026\/01\/63292c7f8ae71f1c47729e94d00310dcc930a998-700.png\" alt=\"\" width=\"700\" height=\"700\" \/><\/p>\n<h2 style=\"text-align: center;\" data-start=\"766\" data-end=\"783\"><strong>Slik Bruker Du<\/strong><\/h2>\n<ol data-start=\"785\" data-end=\"1013\">\n<li data-start=\"785\" data-end=\"835\">\n<p data-start=\"788\" data-end=\"835\">Der plasserer du den b\u00e6rbare datamaskinen i det polstrede innerhylsteret.<\/p>\n<\/li>\n<li data-start=\"836\" data-end=\"884\">\n<p data-start=\"839\" data-end=\"884\">Oppbevar tilbeh\u00f8r i de dedikerte lommene.<\/p>\n<\/li>\n<li data-start=\"885\" data-end=\"965\">\n<p data-start=\"888\" data-end=\"965\">Bruk begge veskene sammen p\u00e5 jobb, eller ta av hylsteret for lettere turer.<\/p>\n<\/li>\n<li data-start=\"966\" data-end=\"1013\">\n<p data-start=\"969\" data-end=\"1013\">B\u00e6r den komfortabelt med det solide h\u00e5ndtaket.<\/p>\n<\/li>\n<\/ol>\n<h2 style=\"text-align: center;\" data-start=\"1020\" data-end=\"1042\"><strong>Produktdetaljer<\/strong><\/h2>\n<ul data-start=\"1044\" data-end=\"1416\">\n<li data-start=\"1087\" data-end=\"1111\">\n<p data-start=\"1089\" data-end=\"1111\">Materiale: PU-skinn<\/p>\n<\/li>\n<li data-start=\"1112\" data-end=\"1135\">\n<p data-start=\"1114\" data-end=\"1135\">Stil: Koreansk stil<\/p>\n<\/li>\n<li data-start=\"1136\" data-end=\"1154\">\n<p data-start=\"1138\" data-end=\"1154\">Kj\u00f8nn: Kvinne<\/p>\n<\/li>\n<li data-start=\"1187\" data-end=\"1247\">\n<p data-start=\"1189\" data-end=\"1247\">Stor veske: 40 x 32 x 6 cm<\/p>\n<\/li>\n<li data-start=\"1248\" data-end=\"1313\">\n<p data-start=\"1250\" data-end=\"1313\">Innvendig hylse: 34 x 26 x 0,5 cm<\/p>\n<\/li>\n<li data-start=\"1314\" data-end=\"1416\">\n<p data-start=\"1316\" data-end=\"1339\">Laptop-kompatibilitet:<\/p>\n<ul data-start=\"1342\" data-end=\"1416\">\n<li data-start=\"1342\" data-end=\"1376\">\n<p data-start=\"1344\" data-end=\"1376\">Ytre veske: opptil 41 cm b\u00e6rbare datamaskiner<\/p>\n<\/li>\n<li data-start=\"1379\" data-end=\"1416\">\n<p data-start=\"1381\" data-end=\"1416\">Innvendig hylse: opptil 36 cm b\u00e6rbare datamaskiner<\/p>\n<\/li>\n<\/ul>\n<\/li>\n<\/ul>\n<h2 style=\"text-align: center;\" data-start=\"1423\" data-end=\"1446\"><strong>Pakken inkluderer<\/strong><\/h2>\n<ul data-start=\"1448\" data-end=\"1532\">\n<li data-start=\"1448\" data-end=\"1532\">\n<p data-start=\"1450\" data-end=\"1472\">1x laptop-veske<\/p>\n<\/li>\n<li data-start=\"1448\" data-end=\"1532\">\n<p data-start=\"1450\" data-end=\"1472\"><span style=\"font-size: 16px;\">1x avtakbar innerhylse.<\/span><\/p>\n<\/li>\n<\/ul>\n","protected":false},"excerpt":{"rendered":"<p>\ud83d\udcbbDenne 2-i-1-vesken kombinerer en romslig arbeidsveske med et avtakbart innerhylster, noe som gir deg fleksibel oppbevaring for travle arbeidsdager og m\u00f8ter p\u00e5 farten.<br \/>\n<span style=\"font-size: 16px; font-style: normal; font-weight: 400;\">\ud83d\udcbc<\/span>Designet for \u00e5 beskytte enhetene dine og holde alt p\u00e5 plass, kan den enkelt tilpasses fra kontorbruk til uformelle utflukter.<br \/>\n\ud83d\udc69\u200d\ud83d\udcbbA praktisk og elegant laptop-veske som holder enhetene dine beskyttet og stilen din polert &#8211; uansett hvor dagen tar deg.<\/p>\n","protected":false},"featured_media":18171,"comment_status":"open","ping_status":"closed","template":"","meta":{"site-sidebar-layout":"default","site-content-layout":"","ast-site-content-layout":"default","site-content-style":"default","site-sidebar-style":"default","ast-global-header-display":"","ast-banner-title-visibility":"","ast-main-header-display":"","ast-hfb-above-header-display":"","ast-hfb-below-header-display":"","ast-hfb-mobile-header-display":"","site-post-title":"","ast-breadcrumbs-content":"","ast-featured-img":"","footer-sml-layout":"","theme-transparent-header-meta":"default","adv-header-id-meta":"","stick-header-meta":"","header-above-stick-meta":"","header-main-stick-meta":"","header-below-stick-meta":"","astra-migrate-meta-layouts":"set","ast-page-background-enabled":"default","ast-page-background-meta":{"desktop":{"background-color":"var(--ast-global-color-5)","background-image":"","background-repeat":"repeat","background-position":"center center","background-size":"auto","background-attachment":"scroll","background-type":"","background-media":"","overlay-type":"","overlay-color":"","overlay-opacity":"","overlay-gradient":""},"tablet":{"background-color":"","background-image":"","background-repeat":"repeat","background-position":"center center","background-size":"auto","background-attachment":"scroll","background-type":"","background-media":"","overlay-type":"","overlay-color":"","overlay-opacity":"","overlay-gradient":""},"mobile":{"background-color":"","background-image":"","background-repeat":"repeat","background-position":"center center","background-size":"auto","background-attachment":"scroll","background-type":"","background-media":"","overlay-type":"","overlay-color":"","overlay-opacity":"","overlay-gradient":""}},"ast-content-background-meta":{"desktop":{"background-color":"var(--ast-global-color-4)","background-image":"","background-repeat":"repeat","background-position":"center center","background-size":"auto","background-attachment":"scroll","background-type":"","background-media":"","overlay-type":"","overlay-color":"","overlay-opacity":"","overlay-gradient":""},"tablet":{"background-color":"var(--ast-global-color-4)","background-image":"","background-repeat":"repeat","background-position":"center center","background-size":"auto","background-attachment":"scroll","background-type":"","background-media":"","overlay-type":"","overlay-color":"","overlay-opacity":"","overlay-gradient":""},"mobile":{"background-color":"var(--ast-global-color-4)","background-image":"","background-repeat":"repeat","background-position":"center center","background-size":"auto","background-attachment":"scroll","background-type":"","background-media":"","overlay-type":"","overlay-color":"","overlay-opacity":"","overlay-gradient":""}}},"product_brand":[],"product_cat":[165],"product_tag":[],"class_list":{"0":"post-18175","1":"product","2":"type-product","3":"status-publish","4":"has-post-thumbnail","6":"product_cat-fottoy-tilbehor","7":"pa_49099_22921am5-brun","8":"pa_49099_22921am5-kaffe","9":"pa_49099_22921am5-svart","10":"desktop-align-left","11":"tablet-align-left","12":"mobile-align-left","14":"first","15":"instock","16":"shipping-taxable","17":"purchasable","18":"product-type-variable"},"yoast_head":"<!-- This site is optimized with the Yoast SEO plugin v26.6 - https:\/\/yoast.com\/wordpress\/plugins\/seo\/ -->\n<title>2-i-1-veske for b\u00e6rbar PC - Mekulo NO<\/title>\n<meta name=\"robots\" content=\"index, follow, max-snippet:-1, max-image-preview:large, max-video-preview:-1\" \/>\n<link rel=\"canonical\" href=\"https:\/\/mekulo.com\/no\/produkt\/2-i-1-veske-for-baerbar-pc\/\" \/>\n<meta property=\"og:locale\" content=\"nb_NO\" \/>\n<meta property=\"og:type\" content=\"article\" \/>\n<meta property=\"og:title\" content=\"2-i-1-veske for b\u00e6rbar PC - Mekulo NO\" \/>\n<meta property=\"og:description\" content=\"\ud83d\udcbbDenne 2-i-1-vesken kombinerer en romslig arbeidsveske med et avtakbart innerhylster, noe som gir deg fleksibel oppbevaring for travle arbeidsdager og m\u00f8ter p\u00e5 farten. \ud83d\udcbcDesignet for \u00e5 beskytte enhetene dine og holde alt p\u00e5 plass, kan den enkelt tilpasses fra kontorbruk til uformelle utflukter. \ud83d\udc69\u200d\ud83d\udcbbA praktisk og elegant laptop-veske som holder enhetene dine beskyttet og stilen din polert - uansett hvor dagen tar deg.\" \/>\n<meta property=\"og:url\" content=\"https:\/\/mekulo.com\/no\/produkt\/2-i-1-veske-for-baerbar-pc\/\" \/>\n<meta property=\"og:site_name\" content=\"Mekulo NO\" \/>\n<meta property=\"article:modified_time\" content=\"2026-01-16T18:26:18+00:00\" \/>\n<meta property=\"og:image\" content=\"https:\/\/mekulo.com\/no\/wp-content\/uploads\/sites\/10\/2026\/01\/0b5ns03-1.jpg\" \/>\n\t<meta property=\"og:image:width\" content=\"800\" \/>\n\t<meta property=\"og:image:height\" content=\"800\" \/>\n\t<meta property=\"og:image:type\" content=\"image\/jpeg\" \/>\n<meta name=\"twitter:card\" content=\"summary_large_image\" \/>\n<meta name=\"twitter:label1\" content=\"Ansl. lesetid\" \/>\n\t<meta name=\"twitter:data1\" content=\"2 minutter\" \/>\n<script type=\"application\/ld+json\" class=\"yoast-schema-graph\">{\"@context\":\"https:\/\/schema.org\",\"@graph\":[{\"@type\":\"WebPage\",\"@id\":\"https:\/\/mekulo.com\/no\/produkt\/2-i-1-veske-for-baerbar-pc\/\",\"url\":\"https:\/\/mekulo.com\/no\/produkt\/2-i-1-veske-for-baerbar-pc\/\",\"name\":\"2-i-1-veske for b\u00e6rbar PC - Mekulo NO\",\"isPartOf\":{\"@id\":\"https:\/\/mekulo.com\/no\/#website\"},\"primaryImageOfPage\":{\"@id\":\"https:\/\/mekulo.com\/no\/produkt\/2-i-1-veske-for-baerbar-pc\/#primaryimage\"},\"image\":{\"@id\":\"https:\/\/mekulo.com\/no\/produkt\/2-i-1-veske-for-baerbar-pc\/#primaryimage\"},\"thumbnailUrl\":\"https:\/\/mekulo.com\/no\/wp-content\/uploads\/sites\/10\/2026\/01\/0b5ns03-1.jpg\",\"datePublished\":\"2026-01-15T15:06:43+00:00\",\"dateModified\":\"2026-01-16T18:26:18+00:00\",\"breadcrumb\":{\"@id\":\"https:\/\/mekulo.com\/no\/produkt\/2-i-1-veske-for-baerbar-pc\/#breadcrumb\"},\"inLanguage\":\"nb-NO\",\"potentialAction\":[{\"@type\":\"ReadAction\",\"target\":[\"https:\/\/mekulo.com\/no\/produkt\/2-i-1-veske-for-baerbar-pc\/\"]}]},{\"@type\":\"ImageObject\",\"inLanguage\":\"nb-NO\",\"@id\":\"https:\/\/mekulo.com\/no\/produkt\/2-i-1-veske-for-baerbar-pc\/#primaryimage\",\"url\":\"https:\/\/mekulo.com\/no\/wp-content\/uploads\/sites\/10\/2026\/01\/0b5ns03-1.jpg\",\"contentUrl\":\"https:\/\/mekulo.com\/no\/wp-content\/uploads\/sites\/10\/2026\/01\/0b5ns03-1.jpg\",\"width\":800,\"height\":800},{\"@type\":\"BreadcrumbList\",\"@id\":\"https:\/\/mekulo.com\/no\/produkt\/2-i-1-veske-for-baerbar-pc\/#breadcrumb\",\"itemListElement\":[{\"@type\":\"ListItem\",\"position\":1,\"name\":\"Home\",\"item\":\"https:\/\/mekulo.com\/no\/\"},{\"@type\":\"ListItem\",\"position\":2,\"name\":\"Butikk\",\"item\":\"https:\/\/mekulo.com\/no\/butikk\/\"},{\"@type\":\"ListItem\",\"position\":3,\"name\":\"2-i-1-veske for b\u00e6rbar PC\"}]},{\"@type\":\"WebSite\",\"@id\":\"https:\/\/mekulo.com\/no\/#website\",\"url\":\"https:\/\/mekulo.com\/no\/\",\"name\":\"Mekulo NO\",\"description\":\"\",\"publisher\":{\"@id\":\"https:\/\/mekulo.com\/no\/#organization\"},\"potentialAction\":[{\"@type\":\"SearchAction\",\"target\":{\"@type\":\"EntryPoint\",\"urlTemplate\":\"https:\/\/mekulo.com\/no\/?s={search_term_string}\"},\"query-input\":{\"@type\":\"PropertyValueSpecification\",\"valueRequired\":true,\"valueName\":\"search_term_string\"}}],\"inLanguage\":\"nb-NO\"},{\"@type\":\"Organization\",\"@id\":\"https:\/\/mekulo.com\/no\/#organization\",\"name\":\"Mekulo\",\"url\":\"https:\/\/mekulo.com\/no\/\",\"logo\":{\"@type\":\"ImageObject\",\"inLanguage\":\"nb-NO\",\"@id\":\"https:\/\/mekulo.com\/no\/#\/schema\/logo\/image\/\",\"url\":\"https:\/\/mekulo.com\/no\/wp-content\/uploads\/sites\/10\/2025\/12\/favicon_mekulo.png\",\"contentUrl\":\"https:\/\/mekulo.com\/no\/wp-content\/uploads\/sites\/10\/2025\/12\/favicon_mekulo.png\",\"width\":50,\"height\":50,\"caption\":\"Mekulo\"},\"image\":{\"@id\":\"https:\/\/mekulo.com\/no\/#\/schema\/logo\/image\/\"}}]}<\/script>\n<!-- \/ Yoast SEO plugin. -->","yoast_head_json":{"title":"2-i-1-veske for b\u00e6rbar PC - Mekulo NO","robots":{"index":"index","follow":"follow","max-snippet":"max-snippet:-1","max-image-preview":"max-image-preview:large","max-video-preview":"max-video-preview:-1"},"canonical":"https:\/\/mekulo.com\/no\/produkt\/2-i-1-veske-for-baerbar-pc\/","og_locale":"nb_NO","og_type":"article","og_title":"2-i-1-veske for b\u00e6rbar PC - Mekulo NO","og_description":"\ud83d\udcbbDenne 2-i-1-vesken kombinerer en romslig arbeidsveske med et avtakbart innerhylster, noe som gir deg fleksibel oppbevaring for travle arbeidsdager og m\u00f8ter p\u00e5 farten. \ud83d\udcbcDesignet for \u00e5 beskytte enhetene dine og holde alt p\u00e5 plass, kan den enkelt tilpasses fra kontorbruk til uformelle utflukter. \ud83d\udc69\u200d\ud83d\udcbbA praktisk og elegant laptop-veske som holder enhetene dine beskyttet og stilen din polert - uansett hvor dagen tar deg.","og_url":"https:\/\/mekulo.com\/no\/produkt\/2-i-1-veske-for-baerbar-pc\/","og_site_name":"Mekulo NO","article_modified_time":"2026-01-16T18:26:18+00:00","og_image":[{"width":800,"height":800,"url":"https:\/\/mekulo.com\/no\/wp-content\/uploads\/sites\/10\/2026\/01\/0b5ns03-1.jpg","type":"image\/jpeg"}],"twitter_card":"summary_large_image","twitter_misc":{"Ansl. lesetid":"2 minutter"},"schema":{"@context":"https:\/\/schema.org","@graph":[{"@type":"WebPage","@id":"https:\/\/mekulo.com\/no\/produkt\/2-i-1-veske-for-baerbar-pc\/","url":"https:\/\/mekulo.com\/no\/produkt\/2-i-1-veske-for-baerbar-pc\/","name":"2-i-1-veske for b\u00e6rbar PC - Mekulo NO","isPartOf":{"@id":"https:\/\/mekulo.com\/no\/#website"},"primaryImageOfPage":{"@id":"https:\/\/mekulo.com\/no\/produkt\/2-i-1-veske-for-baerbar-pc\/#primaryimage"},"image":{"@id":"https:\/\/mekulo.com\/no\/produkt\/2-i-1-veske-for-baerbar-pc\/#primaryimage"},"thumbnailUrl":"https:\/\/mekulo.com\/no\/wp-content\/uploads\/sites\/10\/2026\/01\/0b5ns03-1.jpg","datePublished":"2026-01-15T15:06:43+00:00","dateModified":"2026-01-16T18:26:18+00:00","breadcrumb":{"@id":"https:\/\/mekulo.com\/no\/produkt\/2-i-1-veske-for-baerbar-pc\/#breadcrumb"},"inLanguage":"nb-NO","potentialAction":[{"@type":"ReadAction","target":["https:\/\/mekulo.com\/no\/produkt\/2-i-1-veske-for-baerbar-pc\/"]}]},{"@type":"ImageObject","inLanguage":"nb-NO","@id":"https:\/\/mekulo.com\/no\/produkt\/2-i-1-veske-for-baerbar-pc\/#primaryimage","url":"https:\/\/mekulo.com\/no\/wp-content\/uploads\/sites\/10\/2026\/01\/0b5ns03-1.jpg","contentUrl":"https:\/\/mekulo.com\/no\/wp-content\/uploads\/sites\/10\/2026\/01\/0b5ns03-1.jpg","width":800,"height":800},{"@type":"BreadcrumbList","@id":"https:\/\/mekulo.com\/no\/produkt\/2-i-1-veske-for-baerbar-pc\/#breadcrumb","itemListElement":[{"@type":"ListItem","position":1,"name":"Home","item":"https:\/\/mekulo.com\/no\/"},{"@type":"ListItem","position":2,"name":"Butikk","item":"https:\/\/mekulo.com\/no\/butikk\/"},{"@type":"ListItem","position":3,"name":"2-i-1-veske for b\u00e6rbar PC"}]},{"@type":"WebSite","@id":"https:\/\/mekulo.com\/no\/#website","url":"https:\/\/mekulo.com\/no\/","name":"Mekulo NO","description":"","publisher":{"@id":"https:\/\/mekulo.com\/no\/#organization"},"potentialAction":[{"@type":"SearchAction","target":{"@type":"EntryPoint","urlTemplate":"https:\/\/mekulo.com\/no\/?s={search_term_string}"},"query-input":{"@type":"PropertyValueSpecification","valueRequired":true,"valueName":"search_term_string"}}],"inLanguage":"nb-NO"},{"@type":"Organization","@id":"https:\/\/mekulo.com\/no\/#organization","name":"Mekulo","url":"https:\/\/mekulo.com\/no\/","logo":{"@type":"ImageObject","inLanguage":"nb-NO","@id":"https:\/\/mekulo.com\/no\/#\/schema\/logo\/image\/","url":"https:\/\/mekulo.com\/no\/wp-content\/uploads\/sites\/10\/2025\/12\/favicon_mekulo.png","contentUrl":"https:\/\/mekulo.com\/no\/wp-content\/uploads\/sites\/10\/2025\/12\/favicon_mekulo.png","width":50,"height":50,"caption":"Mekulo"},"image":{"@id":"https:\/\/mekulo.com\/no\/#\/schema\/logo\/image\/"}}]}},"_links":{"self":[{"href":"https:\/\/mekulo.com\/no\/wp-json\/wp\/v2\/product\/18175","targetHints":{"allow":["GET"]}}],"collection":[{"href":"https:\/\/mekulo.com\/no\/wp-json\/wp\/v2\/product"}],"about":[{"href":"https:\/\/mekulo.com\/no\/wp-json\/wp\/v2\/types\/product"}],"replies":[{"embeddable":true,"href":"https:\/\/mekulo.com\/no\/wp-json\/wp\/v2\/comments?post=18175"}],"wp:featuredmedia":[{"embeddable":true,"href":"https:\/\/mekulo.com\/no\/wp-json\/wp\/v2\/media\/18171"}],"wp:attachment":[{"href":"https:\/\/mekulo.com\/no\/wp-json\/wp\/v2\/media?parent=18175"}],"wp:term":[{"taxonomy":"product_brand","embeddable":true,"href":"https:\/\/mekulo.com\/no\/wp-json\/wp\/v2\/product_brand?post=18175"},{"taxonomy":"product_cat","embeddable":true,"href":"https:\/\/mekulo.com\/no\/wp-json\/wp\/v2\/product_cat?post=18175"},{"taxonomy":"product_tag","embeddable":true,"href":"https:\/\/mekulo.com\/no\/wp-json\/wp\/v2\/product_tag?post=18175"}],"curies":[{"name":"wp","href":"https:\/\/api.w.org\/{rel}","templated":true}]}}