{"id":18145,"date":"2026-01-15T17:03:33","date_gmt":"2026-01-15T15:03:33","guid":{"rendered":"https:\/\/mekulo.com\/no\/produkt\/plassbesparende-kleshengere\/"},"modified":"2026-01-16T20:21:17","modified_gmt":"2026-01-16T18:21:17","slug":"plassbesparende-kleshengere","status":"publish","type":"product","link":"https:\/\/mekulo.com\/no\/produkt\/plassbesparende-kleshengere\/","title":{"rendered":"Plassbesparende kleshengere"},"content":{"rendered":"<p style=\"text-align: center;\" data-start=\"0\" data-end=\"67\"><strong data-start=\"0\" data-end=\"67\">Hold Skapet Ditt Ryddig Og Spar Plass Med En Smart Kleshenger. \ud83d\udc57<\/strong><\/p>\n<p data-start=\"0\" data-end=\"67\"><img fetchpriority=\"high\" decoding=\"async\" class=\"size-full wp-image-20439 aligncenter\" src=\"https:\/\/mekulo.com\/template\/wp-content\/uploads\/sites\/6\/2026\/01\/S518d8be340b14bbe8876a5246e5a3bd6l.webp\" alt=\"\" width=\"800\" height=\"800\" \/><\/p>\n<h2 style=\"text-align: center;\" data-start=\"294\" data-end=\"314\">\ud83c\udf1f Hovedfordeler<\/h2>\n<p data-start=\"318\" data-end=\"390\">\ud83e\udeb5 Sterk ramme i massivt tre &#8211; Holdbar og ikke lett \u00e5 b\u00f8ye eller knekke.<\/p>\n<p data-start=\"393\" data-end=\"473\">\ud83e\uddf2 Roterende krok i rustfritt st\u00e5l &#8211; Rustfri og justerbar for ethvert rom.<\/p>\n<p data-start=\"476\" data-end=\"556\">\ud83e\udde2 8 kroker for maksimal lagring &#8211; Hold hatter, skjerf, BH-er, belter og mer.<\/p>\n<p data-start=\"559\" data-end=\"630\">\ud83d\udce6 Plassbesparende design &#8211; Perfekt for sm\u00e5 skap og leiligheter.<\/p>\n<p data-start=\"633\" data-end=\"712\">\ud83d\udc55 Flerbruksbruk &#8211; Fungerer til kl\u00e6r, tilbeh\u00f8r og utend\u00f8rs t\u00f8rking.<\/p>\n<p data-start=\"633\" data-end=\"712\"><img decoding=\"async\" class=\" wp-image-20435 aligncenter\" src=\"https:\/\/mekulo.com\/template\/wp-content\/uploads\/sites\/6\/2026\/01\/LB_0a00658b-b386-42a0-98b4-e321e1913dbf_720x720.png\" alt=\"\" width=\"801\" height=\"801\" \/><\/p>\n<h2 style=\"text-align: center;\" data-start=\"719\" data-end=\"736\">\u25b6\ufe0f Slik Bruker Du Den<\/h2>\n<ol data-start=\"738\" data-end=\"934\">\n<li data-start=\"738\" data-end=\"786\">\n<p data-start=\"741\" data-end=\"786\">Heng opp organisatoren p\u00e5 en garderobestang eller krok.<\/p>\n<\/li>\n<li data-start=\"787\" data-end=\"830\">\n<p data-start=\"790\" data-end=\"830\">Roter den \u00f8verste kroken slik at den passer til plassen din.<\/p>\n<\/li>\n<li data-start=\"831\" data-end=\"882\">\n<p data-start=\"834\" data-end=\"882\">Plasser hatter, BH-er eller tilbeh\u00f8r p\u00e5 hver krok.<\/p>\n<\/li>\n<li data-start=\"883\" data-end=\"934\">\n<p data-start=\"886\" data-end=\"934\">Juster gjenstandene for enkel tilgang og ryddig oppbevaring.<\/p>\n<\/li>\n<\/ol>\n<h2 style=\"text-align: center;\" data-start=\"941\" data-end=\"963\">\ud83d\udcd0 Produktdetaljer<\/h2>\n<ul data-start=\"965\" data-end=\"1157\">\n<li data-start=\"1004\" data-end=\"1046\">\n<p data-start=\"1006\" data-end=\"1046\">Materiale: Massivt tre + rustfritt st\u00e5l<\/p>\n<\/li>\n<li data-start=\"1047\" data-end=\"1067\">\n<p data-start=\"1049\" data-end=\"1067\">St\u00f8rrelse: 28 x 18 cm<\/p>\n<\/li>\n<li data-start=\"1068\" data-end=\"1091\">\n<p data-start=\"1070\" data-end=\"1091\">Antall kroker: 8 kroker<\/p>\n<\/li>\n<li data-start=\"1112\" data-end=\"1157\">\n<p data-start=\"1114\" data-end=\"1157\">Bruk: Oppbevaring i skap, t\u00f8rking, organisering<\/p>\n<\/li>\n<\/ul>\n<h2 style=\"text-align: center;\" data-start=\"1164\" data-end=\"1187\">\ud83d\udce6 Pakken inneholder<\/h2>\n<ul data-start=\"1189\" data-end=\"1216\">\n<li data-start=\"1189\" data-end=\"1216\">\n<p data-start=\"1191\" data-end=\"1216\">1x plassbesparende kleshenger.<\/p>\n<\/li>\n<\/ul>\n","protected":false},"excerpt":{"rendered":"<p>\ud83d\udc52Denne plassbesparende kleshengeren hjelper deg med \u00e5 organisere hatter, kl\u00e6r og tilbeh\u00f8r p\u00e5 ett sted uten rot.<br \/>\n\ud83e\udeb5Laget av massivt tre med en sterk krok i rustfritt st\u00e5l, holder den gjenstandene sikre, lett tilgjengelige og pent oppbevart.<br \/>\n\ud83d\udc56En enkel og stilig m\u00e5te \u00e5 organisere mer p\u00e5, samtidig som du bruker mindre plass &#8211; perfekt for ryddige skap og et liv uten rot.<\/p>\n","protected":false},"featured_media":18141,"comment_status":"open","ping_status":"closed","template":"","meta":{"site-sidebar-layout":"default","site-content-layout":"","ast-site-content-layout":"default","site-content-style":"default","site-sidebar-style":"default","ast-global-header-display":"","ast-banner-title-visibility":"","ast-main-header-display":"","ast-hfb-above-header-display":"","ast-hfb-below-header-display":"","ast-hfb-mobile-header-display":"","site-post-title":"","ast-breadcrumbs-content":"","ast-featured-img":"","footer-sml-layout":"","theme-transparent-header-meta":"default","adv-header-id-meta":"","stick-header-meta":"","header-above-stick-meta":"","header-main-stick-meta":"","header-below-stick-meta":"","astra-migrate-meta-layouts":"set","ast-page-background-enabled":"default","ast-page-background-meta":{"desktop":{"background-color":"var(--ast-global-color-5)","background-image":"","background-repeat":"repeat","background-position":"center center","background-size":"auto","background-attachment":"scroll","background-type":"","background-media":"","overlay-type":"","overlay-color":"","overlay-opacity":"","overlay-gradient":""},"tablet":{"background-color":"","background-image":"","background-repeat":"repeat","background-position":"center center","background-size":"auto","background-attachment":"scroll","background-type":"","background-media":"","overlay-type":"","overlay-color":"","overlay-opacity":"","overlay-gradient":""},"mobile":{"background-color":"","background-image":"","background-repeat":"repeat","background-position":"center center","background-size":"auto","background-attachment":"scroll","background-type":"","background-media":"","overlay-type":"","overlay-color":"","overlay-opacity":"","overlay-gradient":""}},"ast-content-background-meta":{"desktop":{"background-color":"var(--ast-global-color-4)","background-image":"","background-repeat":"repeat","background-position":"center center","background-size":"auto","background-attachment":"scroll","background-type":"","background-media":"","overlay-type":"","overlay-color":"","overlay-opacity":"","overlay-gradient":""},"tablet":{"background-color":"var(--ast-global-color-4)","background-image":"","background-repeat":"repeat","background-position":"center center","background-size":"auto","background-attachment":"scroll","background-type":"","background-media":"","overlay-type":"","overlay-color":"","overlay-opacity":"","overlay-gradient":""},"mobile":{"background-color":"var(--ast-global-color-4)","background-image":"","background-repeat":"repeat","background-position":"center center","background-size":"auto","background-attachment":"scroll","background-type":"","background-media":"","overlay-type":"","overlay-color":"","overlay-opacity":"","overlay-gradient":""}}},"product_brand":[],"product_cat":[168],"product_tag":[],"class_list":{"0":"post-18145","1":"product","2":"type-product","3":"status-publish","4":"has-post-thumbnail","6":"product_cat-husholdningsartikler","7":"pa_48511_r1lsjnpe-lys-trefarge","8":"pa_48511_r1lsjnpe-mork-trefarge","9":"desktop-align-left","10":"tablet-align-left","11":"mobile-align-left","13":"first","14":"instock","15":"shipping-taxable","16":"purchasable","17":"product-type-variable"},"yoast_head":"<!-- This site is optimized with the Yoast SEO plugin v26.6 - https:\/\/yoast.com\/wordpress\/plugins\/seo\/ -->\n<title>Plassbesparende kleshengere - Mekulo NO<\/title>\n<meta name=\"robots\" content=\"index, follow, max-snippet:-1, max-image-preview:large, max-video-preview:-1\" \/>\n<link rel=\"canonical\" href=\"https:\/\/mekulo.com\/no\/produkt\/plassbesparende-kleshengere\/\" \/>\n<meta property=\"og:locale\" content=\"nb_NO\" \/>\n<meta property=\"og:type\" content=\"article\" \/>\n<meta property=\"og:title\" content=\"Plassbesparende kleshengere - Mekulo NO\" \/>\n<meta property=\"og:description\" content=\"\ud83d\udc52Denne plassbesparende kleshengeren hjelper deg med \u00e5 organisere hatter, kl\u00e6r og tilbeh\u00f8r p\u00e5 ett sted uten rot. \ud83e\udeb5Laget av massivt tre med en sterk krok i rustfritt st\u00e5l, holder den gjenstandene sikre, lett tilgjengelige og pent oppbevart. \ud83d\udc56En enkel og stilig m\u00e5te \u00e5 organisere mer p\u00e5, samtidig som du bruker mindre plass - perfekt for ryddige skap og et liv uten rot.\" \/>\n<meta property=\"og:url\" content=\"https:\/\/mekulo.com\/no\/produkt\/plassbesparende-kleshengere\/\" \/>\n<meta property=\"og:site_name\" content=\"Mekulo NO\" \/>\n<meta property=\"article:modified_time\" content=\"2026-01-16T18:21:17+00:00\" \/>\n<meta property=\"og:image\" content=\"https:\/\/mekulo.com\/no\/wp-content\/uploads\/sites\/10\/2026\/01\/suiwxx6-1.webp\" \/>\n\t<meta property=\"og:image:width\" content=\"720\" \/>\n\t<meta property=\"og:image:height\" content=\"720\" \/>\n\t<meta property=\"og:image:type\" content=\"image\/webp\" \/>\n<meta name=\"twitter:card\" content=\"summary_large_image\" \/>\n<meta name=\"twitter:label1\" content=\"Ansl. lesetid\" \/>\n\t<meta name=\"twitter:data1\" content=\"2 minutter\" \/>\n<script type=\"application\/ld+json\" class=\"yoast-schema-graph\">{\"@context\":\"https:\/\/schema.org\",\"@graph\":[{\"@type\":\"WebPage\",\"@id\":\"https:\/\/mekulo.com\/no\/produkt\/plassbesparende-kleshengere\/\",\"url\":\"https:\/\/mekulo.com\/no\/produkt\/plassbesparende-kleshengere\/\",\"name\":\"Plassbesparende kleshengere - Mekulo NO\",\"isPartOf\":{\"@id\":\"https:\/\/mekulo.com\/no\/#website\"},\"primaryImageOfPage\":{\"@id\":\"https:\/\/mekulo.com\/no\/produkt\/plassbesparende-kleshengere\/#primaryimage\"},\"image\":{\"@id\":\"https:\/\/mekulo.com\/no\/produkt\/plassbesparende-kleshengere\/#primaryimage\"},\"thumbnailUrl\":\"https:\/\/mekulo.com\/no\/wp-content\/uploads\/sites\/10\/2026\/01\/suiwxx6-1.webp\",\"datePublished\":\"2026-01-15T15:03:33+00:00\",\"dateModified\":\"2026-01-16T18:21:17+00:00\",\"breadcrumb\":{\"@id\":\"https:\/\/mekulo.com\/no\/produkt\/plassbesparende-kleshengere\/#breadcrumb\"},\"inLanguage\":\"nb-NO\",\"potentialAction\":[{\"@type\":\"ReadAction\",\"target\":[\"https:\/\/mekulo.com\/no\/produkt\/plassbesparende-kleshengere\/\"]}]},{\"@type\":\"ImageObject\",\"inLanguage\":\"nb-NO\",\"@id\":\"https:\/\/mekulo.com\/no\/produkt\/plassbesparende-kleshengere\/#primaryimage\",\"url\":\"https:\/\/mekulo.com\/no\/wp-content\/uploads\/sites\/10\/2026\/01\/suiwxx6-1.webp\",\"contentUrl\":\"https:\/\/mekulo.com\/no\/wp-content\/uploads\/sites\/10\/2026\/01\/suiwxx6-1.webp\",\"width\":720,\"height\":720},{\"@type\":\"BreadcrumbList\",\"@id\":\"https:\/\/mekulo.com\/no\/produkt\/plassbesparende-kleshengere\/#breadcrumb\",\"itemListElement\":[{\"@type\":\"ListItem\",\"position\":1,\"name\":\"Home\",\"item\":\"https:\/\/mekulo.com\/no\/\"},{\"@type\":\"ListItem\",\"position\":2,\"name\":\"Butikk\",\"item\":\"https:\/\/mekulo.com\/no\/butikk\/\"},{\"@type\":\"ListItem\",\"position\":3,\"name\":\"Plassbesparende kleshengere\"}]},{\"@type\":\"WebSite\",\"@id\":\"https:\/\/mekulo.com\/no\/#website\",\"url\":\"https:\/\/mekulo.com\/no\/\",\"name\":\"Mekulo NO\",\"description\":\"\",\"publisher\":{\"@id\":\"https:\/\/mekulo.com\/no\/#organization\"},\"potentialAction\":[{\"@type\":\"SearchAction\",\"target\":{\"@type\":\"EntryPoint\",\"urlTemplate\":\"https:\/\/mekulo.com\/no\/?s={search_term_string}\"},\"query-input\":{\"@type\":\"PropertyValueSpecification\",\"valueRequired\":true,\"valueName\":\"search_term_string\"}}],\"inLanguage\":\"nb-NO\"},{\"@type\":\"Organization\",\"@id\":\"https:\/\/mekulo.com\/no\/#organization\",\"name\":\"Mekulo\",\"url\":\"https:\/\/mekulo.com\/no\/\",\"logo\":{\"@type\":\"ImageObject\",\"inLanguage\":\"nb-NO\",\"@id\":\"https:\/\/mekulo.com\/no\/#\/schema\/logo\/image\/\",\"url\":\"https:\/\/mekulo.com\/no\/wp-content\/uploads\/sites\/10\/2025\/12\/favicon_mekulo.png\",\"contentUrl\":\"https:\/\/mekulo.com\/no\/wp-content\/uploads\/sites\/10\/2025\/12\/favicon_mekulo.png\",\"width\":50,\"height\":50,\"caption\":\"Mekulo\"},\"image\":{\"@id\":\"https:\/\/mekulo.com\/no\/#\/schema\/logo\/image\/\"}}]}<\/script>\n<!-- \/ Yoast SEO plugin. -->","yoast_head_json":{"title":"Plassbesparende kleshengere - Mekulo NO","robots":{"index":"index","follow":"follow","max-snippet":"max-snippet:-1","max-image-preview":"max-image-preview:large","max-video-preview":"max-video-preview:-1"},"canonical":"https:\/\/mekulo.com\/no\/produkt\/plassbesparende-kleshengere\/","og_locale":"nb_NO","og_type":"article","og_title":"Plassbesparende kleshengere - Mekulo NO","og_description":"\ud83d\udc52Denne plassbesparende kleshengeren hjelper deg med \u00e5 organisere hatter, kl\u00e6r og tilbeh\u00f8r p\u00e5 ett sted uten rot. \ud83e\udeb5Laget av massivt tre med en sterk krok i rustfritt st\u00e5l, holder den gjenstandene sikre, lett tilgjengelige og pent oppbevart. \ud83d\udc56En enkel og stilig m\u00e5te \u00e5 organisere mer p\u00e5, samtidig som du bruker mindre plass - perfekt for ryddige skap og et liv uten rot.","og_url":"https:\/\/mekulo.com\/no\/produkt\/plassbesparende-kleshengere\/","og_site_name":"Mekulo NO","article_modified_time":"2026-01-16T18:21:17+00:00","og_image":[{"width":720,"height":720,"url":"https:\/\/mekulo.com\/no\/wp-content\/uploads\/sites\/10\/2026\/01\/suiwxx6-1.webp","type":"image\/webp"}],"twitter_card":"summary_large_image","twitter_misc":{"Ansl. lesetid":"2 minutter"},"schema":{"@context":"https:\/\/schema.org","@graph":[{"@type":"WebPage","@id":"https:\/\/mekulo.com\/no\/produkt\/plassbesparende-kleshengere\/","url":"https:\/\/mekulo.com\/no\/produkt\/plassbesparende-kleshengere\/","name":"Plassbesparende kleshengere - Mekulo NO","isPartOf":{"@id":"https:\/\/mekulo.com\/no\/#website"},"primaryImageOfPage":{"@id":"https:\/\/mekulo.com\/no\/produkt\/plassbesparende-kleshengere\/#primaryimage"},"image":{"@id":"https:\/\/mekulo.com\/no\/produkt\/plassbesparende-kleshengere\/#primaryimage"},"thumbnailUrl":"https:\/\/mekulo.com\/no\/wp-content\/uploads\/sites\/10\/2026\/01\/suiwxx6-1.webp","datePublished":"2026-01-15T15:03:33+00:00","dateModified":"2026-01-16T18:21:17+00:00","breadcrumb":{"@id":"https:\/\/mekulo.com\/no\/produkt\/plassbesparende-kleshengere\/#breadcrumb"},"inLanguage":"nb-NO","potentialAction":[{"@type":"ReadAction","target":["https:\/\/mekulo.com\/no\/produkt\/plassbesparende-kleshengere\/"]}]},{"@type":"ImageObject","inLanguage":"nb-NO","@id":"https:\/\/mekulo.com\/no\/produkt\/plassbesparende-kleshengere\/#primaryimage","url":"https:\/\/mekulo.com\/no\/wp-content\/uploads\/sites\/10\/2026\/01\/suiwxx6-1.webp","contentUrl":"https:\/\/mekulo.com\/no\/wp-content\/uploads\/sites\/10\/2026\/01\/suiwxx6-1.webp","width":720,"height":720},{"@type":"BreadcrumbList","@id":"https:\/\/mekulo.com\/no\/produkt\/plassbesparende-kleshengere\/#breadcrumb","itemListElement":[{"@type":"ListItem","position":1,"name":"Home","item":"https:\/\/mekulo.com\/no\/"},{"@type":"ListItem","position":2,"name":"Butikk","item":"https:\/\/mekulo.com\/no\/butikk\/"},{"@type":"ListItem","position":3,"name":"Plassbesparende kleshengere"}]},{"@type":"WebSite","@id":"https:\/\/mekulo.com\/no\/#website","url":"https:\/\/mekulo.com\/no\/","name":"Mekulo NO","description":"","publisher":{"@id":"https:\/\/mekulo.com\/no\/#organization"},"potentialAction":[{"@type":"SearchAction","target":{"@type":"EntryPoint","urlTemplate":"https:\/\/mekulo.com\/no\/?s={search_term_string}"},"query-input":{"@type":"PropertyValueSpecification","valueRequired":true,"valueName":"search_term_string"}}],"inLanguage":"nb-NO"},{"@type":"Organization","@id":"https:\/\/mekulo.com\/no\/#organization","name":"Mekulo","url":"https:\/\/mekulo.com\/no\/","logo":{"@type":"ImageObject","inLanguage":"nb-NO","@id":"https:\/\/mekulo.com\/no\/#\/schema\/logo\/image\/","url":"https:\/\/mekulo.com\/no\/wp-content\/uploads\/sites\/10\/2025\/12\/favicon_mekulo.png","contentUrl":"https:\/\/mekulo.com\/no\/wp-content\/uploads\/sites\/10\/2025\/12\/favicon_mekulo.png","width":50,"height":50,"caption":"Mekulo"},"image":{"@id":"https:\/\/mekulo.com\/no\/#\/schema\/logo\/image\/"}}]}},"_links":{"self":[{"href":"https:\/\/mekulo.com\/no\/wp-json\/wp\/v2\/product\/18145","targetHints":{"allow":["GET"]}}],"collection":[{"href":"https:\/\/mekulo.com\/no\/wp-json\/wp\/v2\/product"}],"about":[{"href":"https:\/\/mekulo.com\/no\/wp-json\/wp\/v2\/types\/product"}],"replies":[{"embeddable":true,"href":"https:\/\/mekulo.com\/no\/wp-json\/wp\/v2\/comments?post=18145"}],"wp:featuredmedia":[{"embeddable":true,"href":"https:\/\/mekulo.com\/no\/wp-json\/wp\/v2\/media\/18141"}],"wp:attachment":[{"href":"https:\/\/mekulo.com\/no\/wp-json\/wp\/v2\/media?parent=18145"}],"wp:term":[{"taxonomy":"product_brand","embeddable":true,"href":"https:\/\/mekulo.com\/no\/wp-json\/wp\/v2\/product_brand?post=18145"},{"taxonomy":"product_cat","embeddable":true,"href":"https:\/\/mekulo.com\/no\/wp-json\/wp\/v2\/product_cat?post=18145"},{"taxonomy":"product_tag","embeddable":true,"href":"https:\/\/mekulo.com\/no\/wp-json\/wp\/v2\/product_tag?post=18145"}],"curies":[{"name":"wp","href":"https:\/\/api.w.org\/{rel}","templated":true}]}}