{"id":18121,"date":"2026-01-15T17:02:05","date_gmt":"2026-01-15T15:02:05","guid":{"rendered":"https:\/\/mekulo.com\/no\/produkt\/hjornekontakt\/"},"modified":"2026-01-16T20:19:50","modified_gmt":"2026-01-16T18:19:50","slug":"hjornekontakt","status":"publish","type":"product","link":"https:\/\/mekulo.com\/no\/produkt\/hjornekontakt\/","title":{"rendered":"Hj\u00f8rnekontakt"},"content":{"rendered":"<p style=\"text-align: center;\" data-start=\"0\" data-end=\"89\"><strong data-start=\"0\" data-end=\"89\">Styrker og stabiliserer m\u00f8blene dine med en solid, langvarig hj\u00f8rneforbindelse. \ud83e\uddf0<\/strong><\/p>\n<p data-start=\"0\" data-end=\"89\"><img fetchpriority=\"high\" decoding=\"async\" class=\"size-full wp-image-20419 aligncenter\" src=\"https:\/\/mekulo.com\/template\/wp-content\/uploads\/sites\/6\/2026\/01\/2_8dc96938-0f68-406c-ab84-f947ac3a0099_720x720.webp\" alt=\"\" width=\"720\" height=\"720\" \/><\/p>\n<h2 style=\"text-align: center;\" data-start=\"340\" data-end=\"360\">Hovedfordeler<\/h2>\n<p data-start=\"364\" data-end=\"426\">\ud83d\udee0\ufe0f Sterk 90\u00b0 st\u00f8tte \u2013 Holder m\u00f8blene faste og stabile.<\/p>\n<p data-start=\"429\" data-end=\"503\">\ud83d\udcaa Rustfri st\u00e5lkonstruksjon \u2013 H\u00f8y styrke og langvarig holdbarhet.<\/p>\n<p data-start=\"506\" data-end=\"577\">\ud83c\udf27\ufe0f Rust og korrosjonsbestandig \u2013 Ideell for kj\u00f8kken og bad.<\/p>\n<p data-start=\"580\" data-end=\"645\">\ud83d\udccf Universell passform \u2013 Fungerer med tre, MDF og sponplater.<\/p>\n<p data-start=\"648\" data-end=\"712\">\u26a1 Enkel montering \u2013 forborede hull for rask montering.<\/p>\n<p data-start=\"648\" data-end=\"712\"><img decoding=\"async\" class=\"size-full wp-image-20417 aligncenter\" src=\"https:\/\/mekulo.com\/template\/wp-content\/uploads\/sites\/6\/2026\/01\/8_a8dca081-6de5-4a4b-b7e2-6c46db6b9bfc_720x720.webp\" alt=\"\" width=\"720\" height=\"720\" \/><\/p>\n<h2 style=\"text-align: center;\" data-start=\"719\" data-end=\"736\"><strong>Slik Bruker Du Den<\/strong><\/h2>\n<ol data-start=\"738\" data-end=\"953\">\n<li data-start=\"738\" data-end=\"786\">\n<p data-start=\"741\" data-end=\"786\">Posisjoner kontakten i hj\u00f8rneskj\u00f8ten.<\/p>\n<\/li>\n<li data-start=\"787\" data-end=\"822\">\n<p data-start=\"790\" data-end=\"822\">Juster den i 90 graders vinkel.<\/p>\n<\/li>\n<li data-start=\"823\" data-end=\"869\">\n<p data-start=\"826\" data-end=\"869\">Sett inn skruene i de forborede hullene.<\/p>\n<\/li>\n<li data-start=\"870\" data-end=\"914\">\n<p data-start=\"873\" data-end=\"914\">Trekk til godt til den sitter fast og stabilt.<\/p>\n<\/li>\n<li data-start=\"915\" data-end=\"953\">\n<p data-start=\"918\" data-end=\"953\">Kontroller justeringen f\u00f8r endelig bruk.<\/p>\n<\/li>\n<\/ol>\n<h2 style=\"text-align: center;\" data-start=\"960\" data-end=\"982\"><strong>Produktdetaljer<\/strong><\/h2>\n<ul data-start=\"984\" data-end=\"1221\">\n<li data-start=\"1019\" data-end=\"1048\">\n<p data-start=\"1021\" data-end=\"1048\">Materiale: Rustfritt st\u00e5l<\/p>\n<\/li>\n<li data-start=\"1049\" data-end=\"1070\">\n<p data-start=\"1051\" data-end=\"1070\">Vinkel: 90 grader<\/p>\n<\/li>\n<li data-start=\"1071\" data-end=\"1123\">\n<p data-start=\"1073\" data-end=\"1123\">Bruk: M\u00f8bler, skap, hyller, trerammer<\/p>\n<\/li>\n<li data-start=\"1124\" data-end=\"1171\">\n<p data-start=\"1126\" data-end=\"1171\">Funksjoner: Forborede hull, rustbestandig<\/p>\n<\/li>\n<li data-start=\"1172\" data-end=\"1221\">\n<p data-start=\"1174\" data-end=\"1221\">Egnede materialer: Tre, MDF, sponplater<\/p>\n<\/li>\n<\/ul>\n<h2 style=\"text-align: center;\" data-start=\"1228\" data-end=\"1251\"><strong>Pakken inneholder<\/strong><\/h2>\n<ul data-start=\"1253\" data-end=\"1309\">\n<li data-start=\"1253\" data-end=\"1289\">\n<p data-start=\"1255\" data-end=\"1289\">1, 3, 5, 10, 20, 30x hj\u00f8rnekontakt i rustfritt st\u00e5l<\/p>\n<\/li>\n<li data-start=\"1290\" data-end=\"1309\">\n<p data-start=\"1292\" data-end=\"1309\">4, 12, 20, 40, 80, 120x matchende skruer.<\/p>\n<\/li>\n<\/ul>\n","protected":false},"excerpt":{"rendered":"<p>\ud83d\udee0\ufe0fDenne hj\u00f8rneforbinderen er utformet for \u00e5 sammenf\u00f8ye og forsterke m\u00f8bler, skap, hyller og trerammer p\u00e5 en sikker m\u00e5te.<br \/>\n\u26a1 Den er laget av slitesterkt rustfritt st\u00e5l og gir sterk 90-graders st\u00f8tte for \u00e5 holde prosjektene dine stabile, justerte og bygget for \u00e5 vare.<br \/>\n\ud83e\uddd1\u200d\ud83c\udfedA enkel og p\u00e5litelig l\u00f8sning for sterkere m\u00f8bler og renere bygg &#8211; perfekt for b\u00e5de gj\u00f8r-det-selv-prosjekter og profesjonelt arbeid.<\/p>\n","protected":false},"featured_media":18117,"comment_status":"open","ping_status":"closed","template":"","meta":{"site-sidebar-layout":"default","site-content-layout":"","ast-site-content-layout":"default","site-content-style":"default","site-sidebar-style":"default","ast-global-header-display":"","ast-banner-title-visibility":"","ast-main-header-display":"","ast-hfb-above-header-display":"","ast-hfb-below-header-display":"","ast-hfb-mobile-header-display":"","site-post-title":"","ast-breadcrumbs-content":"","ast-featured-img":"","footer-sml-layout":"","theme-transparent-header-meta":"default","adv-header-id-meta":"","stick-header-meta":"","header-above-stick-meta":"","header-main-stick-meta":"","header-below-stick-meta":"","astra-migrate-meta-layouts":"set","ast-page-background-enabled":"default","ast-page-background-meta":{"desktop":{"background-color":"var(--ast-global-color-5)","background-image":"","background-repeat":"repeat","background-position":"center center","background-size":"auto","background-attachment":"scroll","background-type":"","background-media":"","overlay-type":"","overlay-color":"","overlay-opacity":"","overlay-gradient":""},"tablet":{"background-color":"","background-image":"","background-repeat":"repeat","background-position":"center center","background-size":"auto","background-attachment":"scroll","background-type":"","background-media":"","overlay-type":"","overlay-color":"","overlay-opacity":"","overlay-gradient":""},"mobile":{"background-color":"","background-image":"","background-repeat":"repeat","background-position":"center center","background-size":"auto","background-attachment":"scroll","background-type":"","background-media":"","overlay-type":"","overlay-color":"","overlay-opacity":"","overlay-gradient":""}},"ast-content-background-meta":{"desktop":{"background-color":"var(--ast-global-color-4)","background-image":"","background-repeat":"repeat","background-position":"center center","background-size":"auto","background-attachment":"scroll","background-type":"","background-media":"","overlay-type":"","overlay-color":"","overlay-opacity":"","overlay-gradient":""},"tablet":{"background-color":"var(--ast-global-color-4)","background-image":"","background-repeat":"repeat","background-position":"center center","background-size":"auto","background-attachment":"scroll","background-type":"","background-media":"","overlay-type":"","overlay-color":"","overlay-opacity":"","overlay-gradient":""},"mobile":{"background-color":"var(--ast-global-color-4)","background-image":"","background-repeat":"repeat","background-position":"center center","background-size":"auto","background-attachment":"scroll","background-type":"","background-media":"","overlay-type":"","overlay-color":"","overlay-opacity":"","overlay-gradient":""}}},"product_brand":[],"product_cat":[171],"product_tag":[],"class_list":{"0":"post-18121","1":"product","2":"type-product","3":"status-publish","4":"has-post-thumbnail","6":"product_cat-verktoy","7":"pa_48488_qw83m3hx-1-stk","8":"pa_48488_qw83m3hx-10-stk","9":"pa_48488_qw83m3hx-20-stk","10":"pa_48488_qw83m3hx-3-stk","11":"pa_48488_qw83m3hx-30-stk","12":"pa_48488_qw83m3hx-5-stk","13":"desktop-align-left","14":"tablet-align-left","15":"mobile-align-left","17":"first","18":"instock","19":"shipping-taxable","20":"purchasable","21":"product-type-variable"},"yoast_head":"<!-- This site is optimized with the Yoast SEO plugin v26.6 - https:\/\/yoast.com\/wordpress\/plugins\/seo\/ -->\n<title>Hj\u00f8rnekontakt - Mekulo NO<\/title>\n<meta name=\"robots\" content=\"index, follow, max-snippet:-1, max-image-preview:large, max-video-preview:-1\" \/>\n<link rel=\"canonical\" href=\"https:\/\/mekulo.com\/no\/produkt\/hjornekontakt\/\" \/>\n<meta property=\"og:locale\" content=\"nb_NO\" \/>\n<meta property=\"og:type\" content=\"article\" \/>\n<meta property=\"og:title\" content=\"Hj\u00f8rnekontakt - Mekulo NO\" \/>\n<meta property=\"og:description\" content=\"\ud83d\udee0\ufe0fDenne hj\u00f8rneforbinderen er utformet for \u00e5 sammenf\u00f8ye og forsterke m\u00f8bler, skap, hyller og trerammer p\u00e5 en sikker m\u00e5te. \u26a1 Den er laget av slitesterkt rustfritt st\u00e5l og gir sterk 90-graders st\u00f8tte for \u00e5 holde prosjektene dine stabile, justerte og bygget for \u00e5 vare. \ud83e\uddd1\u200d\ud83c\udfedA enkel og p\u00e5litelig l\u00f8sning for sterkere m\u00f8bler og renere bygg - perfekt for b\u00e5de gj\u00f8r-det-selv-prosjekter og profesjonelt arbeid.\" \/>\n<meta property=\"og:url\" content=\"https:\/\/mekulo.com\/no\/produkt\/hjornekontakt\/\" \/>\n<meta property=\"og:site_name\" content=\"Mekulo NO\" \/>\n<meta property=\"article:modified_time\" content=\"2026-01-16T18:19:50+00:00\" \/>\n<meta property=\"og:image\" content=\"https:\/\/mekulo.com\/no\/wp-content\/uploads\/sites\/10\/2026\/01\/ntv04jk-1.webp\" \/>\n\t<meta property=\"og:image:width\" content=\"720\" \/>\n\t<meta property=\"og:image:height\" content=\"720\" \/>\n\t<meta property=\"og:image:type\" content=\"image\/webp\" \/>\n<meta name=\"twitter:card\" content=\"summary_large_image\" \/>\n<meta name=\"twitter:label1\" content=\"Ansl. lesetid\" \/>\n\t<meta name=\"twitter:data1\" content=\"2 minutter\" \/>\n<script type=\"application\/ld+json\" class=\"yoast-schema-graph\">{\"@context\":\"https:\/\/schema.org\",\"@graph\":[{\"@type\":\"WebPage\",\"@id\":\"https:\/\/mekulo.com\/no\/produkt\/hjornekontakt\/\",\"url\":\"https:\/\/mekulo.com\/no\/produkt\/hjornekontakt\/\",\"name\":\"Hj\u00f8rnekontakt - Mekulo NO\",\"isPartOf\":{\"@id\":\"https:\/\/mekulo.com\/no\/#website\"},\"primaryImageOfPage\":{\"@id\":\"https:\/\/mekulo.com\/no\/produkt\/hjornekontakt\/#primaryimage\"},\"image\":{\"@id\":\"https:\/\/mekulo.com\/no\/produkt\/hjornekontakt\/#primaryimage\"},\"thumbnailUrl\":\"https:\/\/mekulo.com\/no\/wp-content\/uploads\/sites\/10\/2026\/01\/ntv04jk-1.webp\",\"datePublished\":\"2026-01-15T15:02:05+00:00\",\"dateModified\":\"2026-01-16T18:19:50+00:00\",\"breadcrumb\":{\"@id\":\"https:\/\/mekulo.com\/no\/produkt\/hjornekontakt\/#breadcrumb\"},\"inLanguage\":\"nb-NO\",\"potentialAction\":[{\"@type\":\"ReadAction\",\"target\":[\"https:\/\/mekulo.com\/no\/produkt\/hjornekontakt\/\"]}]},{\"@type\":\"ImageObject\",\"inLanguage\":\"nb-NO\",\"@id\":\"https:\/\/mekulo.com\/no\/produkt\/hjornekontakt\/#primaryimage\",\"url\":\"https:\/\/mekulo.com\/no\/wp-content\/uploads\/sites\/10\/2026\/01\/ntv04jk-1.webp\",\"contentUrl\":\"https:\/\/mekulo.com\/no\/wp-content\/uploads\/sites\/10\/2026\/01\/ntv04jk-1.webp\",\"width\":720,\"height\":720},{\"@type\":\"BreadcrumbList\",\"@id\":\"https:\/\/mekulo.com\/no\/produkt\/hjornekontakt\/#breadcrumb\",\"itemListElement\":[{\"@type\":\"ListItem\",\"position\":1,\"name\":\"Home\",\"item\":\"https:\/\/mekulo.com\/no\/\"},{\"@type\":\"ListItem\",\"position\":2,\"name\":\"Butikk\",\"item\":\"https:\/\/mekulo.com\/no\/butikk\/\"},{\"@type\":\"ListItem\",\"position\":3,\"name\":\"Hj\u00f8rnekontakt\"}]},{\"@type\":\"WebSite\",\"@id\":\"https:\/\/mekulo.com\/no\/#website\",\"url\":\"https:\/\/mekulo.com\/no\/\",\"name\":\"Mekulo NO\",\"description\":\"\",\"publisher\":{\"@id\":\"https:\/\/mekulo.com\/no\/#organization\"},\"potentialAction\":[{\"@type\":\"SearchAction\",\"target\":{\"@type\":\"EntryPoint\",\"urlTemplate\":\"https:\/\/mekulo.com\/no\/?s={search_term_string}\"},\"query-input\":{\"@type\":\"PropertyValueSpecification\",\"valueRequired\":true,\"valueName\":\"search_term_string\"}}],\"inLanguage\":\"nb-NO\"},{\"@type\":\"Organization\",\"@id\":\"https:\/\/mekulo.com\/no\/#organization\",\"name\":\"Mekulo\",\"url\":\"https:\/\/mekulo.com\/no\/\",\"logo\":{\"@type\":\"ImageObject\",\"inLanguage\":\"nb-NO\",\"@id\":\"https:\/\/mekulo.com\/no\/#\/schema\/logo\/image\/\",\"url\":\"https:\/\/mekulo.com\/no\/wp-content\/uploads\/sites\/10\/2025\/12\/favicon_mekulo.png\",\"contentUrl\":\"https:\/\/mekulo.com\/no\/wp-content\/uploads\/sites\/10\/2025\/12\/favicon_mekulo.png\",\"width\":50,\"height\":50,\"caption\":\"Mekulo\"},\"image\":{\"@id\":\"https:\/\/mekulo.com\/no\/#\/schema\/logo\/image\/\"}}]}<\/script>\n<!-- \/ Yoast SEO plugin. -->","yoast_head_json":{"title":"Hj\u00f8rnekontakt - Mekulo NO","robots":{"index":"index","follow":"follow","max-snippet":"max-snippet:-1","max-image-preview":"max-image-preview:large","max-video-preview":"max-video-preview:-1"},"canonical":"https:\/\/mekulo.com\/no\/produkt\/hjornekontakt\/","og_locale":"nb_NO","og_type":"article","og_title":"Hj\u00f8rnekontakt - Mekulo NO","og_description":"\ud83d\udee0\ufe0fDenne hj\u00f8rneforbinderen er utformet for \u00e5 sammenf\u00f8ye og forsterke m\u00f8bler, skap, hyller og trerammer p\u00e5 en sikker m\u00e5te. \u26a1 Den er laget av slitesterkt rustfritt st\u00e5l og gir sterk 90-graders st\u00f8tte for \u00e5 holde prosjektene dine stabile, justerte og bygget for \u00e5 vare. \ud83e\uddd1\u200d\ud83c\udfedA enkel og p\u00e5litelig l\u00f8sning for sterkere m\u00f8bler og renere bygg - perfekt for b\u00e5de gj\u00f8r-det-selv-prosjekter og profesjonelt arbeid.","og_url":"https:\/\/mekulo.com\/no\/produkt\/hjornekontakt\/","og_site_name":"Mekulo NO","article_modified_time":"2026-01-16T18:19:50+00:00","og_image":[{"width":720,"height":720,"url":"https:\/\/mekulo.com\/no\/wp-content\/uploads\/sites\/10\/2026\/01\/ntv04jk-1.webp","type":"image\/webp"}],"twitter_card":"summary_large_image","twitter_misc":{"Ansl. lesetid":"2 minutter"},"schema":{"@context":"https:\/\/schema.org","@graph":[{"@type":"WebPage","@id":"https:\/\/mekulo.com\/no\/produkt\/hjornekontakt\/","url":"https:\/\/mekulo.com\/no\/produkt\/hjornekontakt\/","name":"Hj\u00f8rnekontakt - Mekulo NO","isPartOf":{"@id":"https:\/\/mekulo.com\/no\/#website"},"primaryImageOfPage":{"@id":"https:\/\/mekulo.com\/no\/produkt\/hjornekontakt\/#primaryimage"},"image":{"@id":"https:\/\/mekulo.com\/no\/produkt\/hjornekontakt\/#primaryimage"},"thumbnailUrl":"https:\/\/mekulo.com\/no\/wp-content\/uploads\/sites\/10\/2026\/01\/ntv04jk-1.webp","datePublished":"2026-01-15T15:02:05+00:00","dateModified":"2026-01-16T18:19:50+00:00","breadcrumb":{"@id":"https:\/\/mekulo.com\/no\/produkt\/hjornekontakt\/#breadcrumb"},"inLanguage":"nb-NO","potentialAction":[{"@type":"ReadAction","target":["https:\/\/mekulo.com\/no\/produkt\/hjornekontakt\/"]}]},{"@type":"ImageObject","inLanguage":"nb-NO","@id":"https:\/\/mekulo.com\/no\/produkt\/hjornekontakt\/#primaryimage","url":"https:\/\/mekulo.com\/no\/wp-content\/uploads\/sites\/10\/2026\/01\/ntv04jk-1.webp","contentUrl":"https:\/\/mekulo.com\/no\/wp-content\/uploads\/sites\/10\/2026\/01\/ntv04jk-1.webp","width":720,"height":720},{"@type":"BreadcrumbList","@id":"https:\/\/mekulo.com\/no\/produkt\/hjornekontakt\/#breadcrumb","itemListElement":[{"@type":"ListItem","position":1,"name":"Home","item":"https:\/\/mekulo.com\/no\/"},{"@type":"ListItem","position":2,"name":"Butikk","item":"https:\/\/mekulo.com\/no\/butikk\/"},{"@type":"ListItem","position":3,"name":"Hj\u00f8rnekontakt"}]},{"@type":"WebSite","@id":"https:\/\/mekulo.com\/no\/#website","url":"https:\/\/mekulo.com\/no\/","name":"Mekulo NO","description":"","publisher":{"@id":"https:\/\/mekulo.com\/no\/#organization"},"potentialAction":[{"@type":"SearchAction","target":{"@type":"EntryPoint","urlTemplate":"https:\/\/mekulo.com\/no\/?s={search_term_string}"},"query-input":{"@type":"PropertyValueSpecification","valueRequired":true,"valueName":"search_term_string"}}],"inLanguage":"nb-NO"},{"@type":"Organization","@id":"https:\/\/mekulo.com\/no\/#organization","name":"Mekulo","url":"https:\/\/mekulo.com\/no\/","logo":{"@type":"ImageObject","inLanguage":"nb-NO","@id":"https:\/\/mekulo.com\/no\/#\/schema\/logo\/image\/","url":"https:\/\/mekulo.com\/no\/wp-content\/uploads\/sites\/10\/2025\/12\/favicon_mekulo.png","contentUrl":"https:\/\/mekulo.com\/no\/wp-content\/uploads\/sites\/10\/2025\/12\/favicon_mekulo.png","width":50,"height":50,"caption":"Mekulo"},"image":{"@id":"https:\/\/mekulo.com\/no\/#\/schema\/logo\/image\/"}}]}},"_links":{"self":[{"href":"https:\/\/mekulo.com\/no\/wp-json\/wp\/v2\/product\/18121","targetHints":{"allow":["GET"]}}],"collection":[{"href":"https:\/\/mekulo.com\/no\/wp-json\/wp\/v2\/product"}],"about":[{"href":"https:\/\/mekulo.com\/no\/wp-json\/wp\/v2\/types\/product"}],"replies":[{"embeddable":true,"href":"https:\/\/mekulo.com\/no\/wp-json\/wp\/v2\/comments?post=18121"}],"wp:featuredmedia":[{"embeddable":true,"href":"https:\/\/mekulo.com\/no\/wp-json\/wp\/v2\/media\/18117"}],"wp:attachment":[{"href":"https:\/\/mekulo.com\/no\/wp-json\/wp\/v2\/media?parent=18121"}],"wp:term":[{"taxonomy":"product_brand","embeddable":true,"href":"https:\/\/mekulo.com\/no\/wp-json\/wp\/v2\/product_brand?post=18121"},{"taxonomy":"product_cat","embeddable":true,"href":"https:\/\/mekulo.com\/no\/wp-json\/wp\/v2\/product_cat?post=18121"},{"taxonomy":"product_tag","embeddable":true,"href":"https:\/\/mekulo.com\/no\/wp-json\/wp\/v2\/product_tag?post=18121"}],"curies":[{"name":"wp","href":"https:\/\/api.w.org\/{rel}","templated":true}]}}