{"id":18106,"date":"2026-01-15T17:00:34","date_gmt":"2026-01-15T15:00:34","guid":{"rendered":"https:\/\/mekulo.com\/no\/produkt\/tannblekningsstrimler\/"},"modified":"2026-01-16T20:16:27","modified_gmt":"2026-01-16T18:16:27","slug":"tannblekningsstrimler","status":"publish","type":"product","link":"https:\/\/mekulo.com\/no\/produkt\/tannblekningsstrimler\/","title":{"rendered":"Tannblekningsstrimler"},"content":{"rendered":"<p style=\"text-align: center;\" data-start=\"0\" data-end=\"75\"><strong data-start=\"0\" data-end=\"75\">Blek tennene dine forsiktig mens du holder tannkj\u00f8ttet behagelig og friskt. \ud83e\uddb7<\/strong><\/p>\n<p data-start=\"0\" data-end=\"75\"><img fetchpriority=\"high\" decoding=\"async\" class=\"size-full wp-image-20406 aligncenter\" src=\"https:\/\/mekulo.com\/template\/wp-content\/uploads\/sites\/6\/2026\/01\/Engels_54_720x720.webp\" alt=\"\" width=\"720\" height=\"720\" \/><\/p>\n<h2 style=\"text-align: center;\" data-start=\"281\" data-end=\"300\">Hovedfordeler<\/h2>\n<p data-start=\"304\" data-end=\"356\">\ud83e\uddb7 Sk\u00e5nsom bleking &#8211; Trygt for f\u00f8lsomme tenner.<\/p>\n<p data-start=\"359\" data-end=\"412\">\ud83e\udd65 Kokosoljeformel &#8211; Beroliger tenner og tannkj\u00f8tt.<\/p>\n<p data-start=\"415\" data-end=\"482\">\ud83d\udcaa Sterk vedheft &#8211; Holder seg p\u00e5 plass mens du snakker eller drikker.<\/p>\n<p data-start=\"485\" data-end=\"538\">\ud83c\udf3f Naturlig mynte og sjasmin &#8211; Frisk, ren pust.<\/p>\n<p data-start=\"541\" data-end=\"589\">\ud83d\udeab T\u00f8rr stripedesign &#8211; Ikke noe rot, ikke sklir.<\/p>\n<p data-start=\"541\" data-end=\"589\"><img decoding=\"async\" class=\"size-full wp-image-20405 aligncenter\" src=\"https:\/\/mekulo.com\/template\/wp-content\/uploads\/sites\/6\/2026\/01\/Engels_52_720x720.webp\" alt=\"\" width=\"720\" height=\"720\" \/><\/p>\n<h2 style=\"text-align: center;\" data-start=\"596\" data-end=\"613\">Hvordan bruke<\/h2>\n<ol data-start=\"615\" data-end=\"828\">\n<li data-start=\"615\" data-end=\"650\">\n<p data-start=\"618\" data-end=\"650\">T\u00f8rk hendene og tennene t\u00f8rre.<\/p>\n<\/li>\n<li data-start=\"651\" data-end=\"688\">\n<p data-start=\"654\" data-end=\"688\">Trekk stripen fra baksiden.<\/p>\n<\/li>\n<li data-start=\"689\" data-end=\"728\">\n<p data-start=\"692\" data-end=\"728\">P\u00e5f\u00f8r og juster med tannkj\u00f8ttlinjen.<\/p>\n<\/li>\n<li data-start=\"729\" data-end=\"769\">\n<p data-start=\"732\" data-end=\"769\">Brett overfl\u00f8dig stripe bak tennene.<\/p>\n<\/li>\n<li data-start=\"770\" data-end=\"794\">\n<p data-start=\"773\" data-end=\"794\">Vent 30-60 minutter.<\/p>\n<\/li>\n<li data-start=\"795\" data-end=\"828\">\n<p data-start=\"798\" data-end=\"828\">Fjern og skyll munnen.<\/p>\n<\/li>\n<\/ol>\n<p data-start=\"830\" data-end=\"878\">Bruk en gang daglig i 14 dager for best resultat.<\/p>\n<h2 style=\"text-align: center;\" data-start=\"885\" data-end=\"907\">Produktdetaljer<\/h2>\n<ul data-start=\"909\" data-end=\"1163\">\n<li data-start=\"950\" data-end=\"993\">\n<p data-start=\"952\" data-end=\"993\">Formula: Lavperoksid, sk\u00e5nsom bleking<\/p>\n<\/li>\n<li data-start=\"994\" data-end=\"1061\">\n<p data-start=\"996\" data-end=\"1061\">N\u00f8kkelingredienser: Kokosn\u00f8ttolje, mentol, glyserin, planteekstrakter<\/p>\n<\/li>\n<li data-start=\"1062\" data-end=\"1096\">\n<p data-start=\"1064\" data-end=\"1096\">Smak: Naturlig mynte &amp; jasmin<\/p>\n<\/li>\n<li data-start=\"1097\" data-end=\"1129\">\n<p data-start=\"1099\" data-end=\"1129\">Design: T\u00f8rre, sklisikre strimler<\/p>\n<\/li>\n<li data-start=\"1130\" data-end=\"1163\">\n<p data-start=\"1132\" data-end=\"1163\">Egnede for: Sensitive tenner<\/p>\n<\/li>\n<li data-start=\"1130\" data-end=\"1163\">En eske: 14 striper<\/li>\n<\/ul>\n<h2 style=\"text-align: center;\" data-start=\"1170\" data-end=\"1193\">Pakken inneholder<\/h2>\n<ul>\n<li data-start=\"1197\" data-end=\"1240\">1, 2, 3x eske\/er med tannblekningsstrips (14, 28, 42 stk).<\/li>\n<\/ul>\n","protected":false},"excerpt":{"rendered":"<p>\ud83e\uddb7Disse tannblekningsstrimlene fjerner hverdagslige flekker samtidig som de er sk\u00e5nsomme mot f\u00f8lsomme tenner.<br \/>\n<span style=\"font-size: 16px; font-style: normal; font-weight: 400;\">\ud83d\ude01<\/span>Laget med naturlige ingredienser, gj\u00f8r de smilet ditt lysere uten \u00e5 dryppe, skli eller for\u00e5rsake ubehag.<br \/>\n\ud83e\udd65En enkel og trygg m\u00e5te \u00e5 nyte et lysere og sunnere smil hver dag.<\/p>\n","protected":false},"featured_media":18102,"comment_status":"open","ping_status":"closed","template":"","meta":{"site-sidebar-layout":"default","site-content-layout":"","ast-site-content-layout":"default","site-content-style":"default","site-sidebar-style":"default","ast-global-header-display":"","ast-banner-title-visibility":"","ast-main-header-display":"","ast-hfb-above-header-display":"","ast-hfb-below-header-display":"","ast-hfb-mobile-header-display":"","site-post-title":"","ast-breadcrumbs-content":"","ast-featured-img":"","footer-sml-layout":"","theme-transparent-header-meta":"default","adv-header-id-meta":"","stick-header-meta":"","header-above-stick-meta":"","header-main-stick-meta":"","header-below-stick-meta":"","astra-migrate-meta-layouts":"set","ast-page-background-enabled":"default","ast-page-background-meta":{"desktop":{"background-color":"var(--ast-global-color-5)","background-image":"","background-repeat":"repeat","background-position":"center center","background-size":"auto","background-attachment":"scroll","background-type":"","background-media":"","overlay-type":"","overlay-color":"","overlay-opacity":"","overlay-gradient":""},"tablet":{"background-color":"","background-image":"","background-repeat":"repeat","background-position":"center center","background-size":"auto","background-attachment":"scroll","background-type":"","background-media":"","overlay-type":"","overlay-color":"","overlay-opacity":"","overlay-gradient":""},"mobile":{"background-color":"","background-image":"","background-repeat":"repeat","background-position":"center center","background-size":"auto","background-attachment":"scroll","background-type":"","background-media":"","overlay-type":"","overlay-color":"","overlay-opacity":"","overlay-gradient":""}},"ast-content-background-meta":{"desktop":{"background-color":"var(--ast-global-color-4)","background-image":"","background-repeat":"repeat","background-position":"center center","background-size":"auto","background-attachment":"scroll","background-type":"","background-media":"","overlay-type":"","overlay-color":"","overlay-opacity":"","overlay-gradient":""},"tablet":{"background-color":"var(--ast-global-color-4)","background-image":"","background-repeat":"repeat","background-position":"center center","background-size":"auto","background-attachment":"scroll","background-type":"","background-media":"","overlay-type":"","overlay-color":"","overlay-opacity":"","overlay-gradient":""},"mobile":{"background-color":"var(--ast-global-color-4)","background-image":"","background-repeat":"repeat","background-position":"center center","background-size":"auto","background-attachment":"scroll","background-type":"","background-media":"","overlay-type":"","overlay-color":"","overlay-opacity":"","overlay-gradient":""}}},"product_brand":[],"product_cat":[162],"product_tag":[],"class_list":{"0":"post-18106","1":"product","2":"type-product","3":"status-publish","4":"has-post-thumbnail","6":"product_cat-skjonnhets-og-hygieneprodukter","7":"pa_48487_abpolcn9-1-eske","8":"pa_48487_abpolcn9-2-esker","9":"pa_48487_abpolcn9-3-esker","10":"desktop-align-left","11":"tablet-align-left","12":"mobile-align-left","14":"first","15":"instock","16":"shipping-taxable","17":"purchasable","18":"product-type-variable"},"yoast_head":"<!-- This site is optimized with the Yoast SEO plugin v26.6 - https:\/\/yoast.com\/wordpress\/plugins\/seo\/ -->\n<title>Tannblekningsstrimler - Mekulo NO<\/title>\n<meta name=\"robots\" content=\"index, follow, max-snippet:-1, max-image-preview:large, max-video-preview:-1\" \/>\n<link rel=\"canonical\" href=\"https:\/\/mekulo.com\/no\/produkt\/tannblekningsstrimler\/\" \/>\n<meta property=\"og:locale\" content=\"nb_NO\" \/>\n<meta property=\"og:type\" content=\"article\" \/>\n<meta property=\"og:title\" content=\"Tannblekningsstrimler - Mekulo NO\" \/>\n<meta property=\"og:description\" content=\"\ud83e\uddb7Disse tannblekningsstrimlene fjerner hverdagslige flekker samtidig som de er sk\u00e5nsomme mot f\u00f8lsomme tenner. \ud83d\ude01Laget med naturlige ingredienser, gj\u00f8r de smilet ditt lysere uten \u00e5 dryppe, skli eller for\u00e5rsake ubehag. \ud83e\udd65En enkel og trygg m\u00e5te \u00e5 nyte et lysere og sunnere smil hver dag.\" \/>\n<meta property=\"og:url\" content=\"https:\/\/mekulo.com\/no\/produkt\/tannblekningsstrimler\/\" \/>\n<meta property=\"og:site_name\" content=\"Mekulo NO\" \/>\n<meta property=\"article:modified_time\" content=\"2026-01-16T18:16:27+00:00\" \/>\n<meta property=\"og:image\" content=\"https:\/\/mekulo.com\/no\/wp-content\/uploads\/sites\/10\/2026\/01\/d34ntb7-1.webp\" \/>\n\t<meta property=\"og:image:width\" content=\"720\" \/>\n\t<meta property=\"og:image:height\" content=\"720\" \/>\n\t<meta property=\"og:image:type\" content=\"image\/webp\" \/>\n<meta name=\"twitter:card\" content=\"summary_large_image\" \/>\n<meta name=\"twitter:label1\" content=\"Ansl. lesetid\" \/>\n\t<meta name=\"twitter:data1\" content=\"2 minutter\" \/>\n<script type=\"application\/ld+json\" class=\"yoast-schema-graph\">{\"@context\":\"https:\/\/schema.org\",\"@graph\":[{\"@type\":\"WebPage\",\"@id\":\"https:\/\/mekulo.com\/no\/produkt\/tannblekningsstrimler\/\",\"url\":\"https:\/\/mekulo.com\/no\/produkt\/tannblekningsstrimler\/\",\"name\":\"Tannblekningsstrimler - Mekulo NO\",\"isPartOf\":{\"@id\":\"https:\/\/mekulo.com\/no\/#website\"},\"primaryImageOfPage\":{\"@id\":\"https:\/\/mekulo.com\/no\/produkt\/tannblekningsstrimler\/#primaryimage\"},\"image\":{\"@id\":\"https:\/\/mekulo.com\/no\/produkt\/tannblekningsstrimler\/#primaryimage\"},\"thumbnailUrl\":\"https:\/\/mekulo.com\/no\/wp-content\/uploads\/sites\/10\/2026\/01\/d34ntb7-1.webp\",\"datePublished\":\"2026-01-15T15:00:34+00:00\",\"dateModified\":\"2026-01-16T18:16:27+00:00\",\"breadcrumb\":{\"@id\":\"https:\/\/mekulo.com\/no\/produkt\/tannblekningsstrimler\/#breadcrumb\"},\"inLanguage\":\"nb-NO\",\"potentialAction\":[{\"@type\":\"ReadAction\",\"target\":[\"https:\/\/mekulo.com\/no\/produkt\/tannblekningsstrimler\/\"]}]},{\"@type\":\"ImageObject\",\"inLanguage\":\"nb-NO\",\"@id\":\"https:\/\/mekulo.com\/no\/produkt\/tannblekningsstrimler\/#primaryimage\",\"url\":\"https:\/\/mekulo.com\/no\/wp-content\/uploads\/sites\/10\/2026\/01\/d34ntb7-1.webp\",\"contentUrl\":\"https:\/\/mekulo.com\/no\/wp-content\/uploads\/sites\/10\/2026\/01\/d34ntb7-1.webp\",\"width\":720,\"height\":720},{\"@type\":\"BreadcrumbList\",\"@id\":\"https:\/\/mekulo.com\/no\/produkt\/tannblekningsstrimler\/#breadcrumb\",\"itemListElement\":[{\"@type\":\"ListItem\",\"position\":1,\"name\":\"Home\",\"item\":\"https:\/\/mekulo.com\/no\/\"},{\"@type\":\"ListItem\",\"position\":2,\"name\":\"Butikk\",\"item\":\"https:\/\/mekulo.com\/no\/butikk\/\"},{\"@type\":\"ListItem\",\"position\":3,\"name\":\"Tannblekningsstrimler\"}]},{\"@type\":\"WebSite\",\"@id\":\"https:\/\/mekulo.com\/no\/#website\",\"url\":\"https:\/\/mekulo.com\/no\/\",\"name\":\"Mekulo NO\",\"description\":\"\",\"publisher\":{\"@id\":\"https:\/\/mekulo.com\/no\/#organization\"},\"potentialAction\":[{\"@type\":\"SearchAction\",\"target\":{\"@type\":\"EntryPoint\",\"urlTemplate\":\"https:\/\/mekulo.com\/no\/?s={search_term_string}\"},\"query-input\":{\"@type\":\"PropertyValueSpecification\",\"valueRequired\":true,\"valueName\":\"search_term_string\"}}],\"inLanguage\":\"nb-NO\"},{\"@type\":\"Organization\",\"@id\":\"https:\/\/mekulo.com\/no\/#organization\",\"name\":\"Mekulo\",\"url\":\"https:\/\/mekulo.com\/no\/\",\"logo\":{\"@type\":\"ImageObject\",\"inLanguage\":\"nb-NO\",\"@id\":\"https:\/\/mekulo.com\/no\/#\/schema\/logo\/image\/\",\"url\":\"https:\/\/mekulo.com\/no\/wp-content\/uploads\/sites\/10\/2025\/12\/favicon_mekulo.png\",\"contentUrl\":\"https:\/\/mekulo.com\/no\/wp-content\/uploads\/sites\/10\/2025\/12\/favicon_mekulo.png\",\"width\":50,\"height\":50,\"caption\":\"Mekulo\"},\"image\":{\"@id\":\"https:\/\/mekulo.com\/no\/#\/schema\/logo\/image\/\"}}]}<\/script>\n<!-- \/ Yoast SEO plugin. -->","yoast_head_json":{"title":"Tannblekningsstrimler - Mekulo NO","robots":{"index":"index","follow":"follow","max-snippet":"max-snippet:-1","max-image-preview":"max-image-preview:large","max-video-preview":"max-video-preview:-1"},"canonical":"https:\/\/mekulo.com\/no\/produkt\/tannblekningsstrimler\/","og_locale":"nb_NO","og_type":"article","og_title":"Tannblekningsstrimler - Mekulo NO","og_description":"\ud83e\uddb7Disse tannblekningsstrimlene fjerner hverdagslige flekker samtidig som de er sk\u00e5nsomme mot f\u00f8lsomme tenner. \ud83d\ude01Laget med naturlige ingredienser, gj\u00f8r de smilet ditt lysere uten \u00e5 dryppe, skli eller for\u00e5rsake ubehag. \ud83e\udd65En enkel og trygg m\u00e5te \u00e5 nyte et lysere og sunnere smil hver dag.","og_url":"https:\/\/mekulo.com\/no\/produkt\/tannblekningsstrimler\/","og_site_name":"Mekulo NO","article_modified_time":"2026-01-16T18:16:27+00:00","og_image":[{"width":720,"height":720,"url":"https:\/\/mekulo.com\/no\/wp-content\/uploads\/sites\/10\/2026\/01\/d34ntb7-1.webp","type":"image\/webp"}],"twitter_card":"summary_large_image","twitter_misc":{"Ansl. lesetid":"2 minutter"},"schema":{"@context":"https:\/\/schema.org","@graph":[{"@type":"WebPage","@id":"https:\/\/mekulo.com\/no\/produkt\/tannblekningsstrimler\/","url":"https:\/\/mekulo.com\/no\/produkt\/tannblekningsstrimler\/","name":"Tannblekningsstrimler - Mekulo NO","isPartOf":{"@id":"https:\/\/mekulo.com\/no\/#website"},"primaryImageOfPage":{"@id":"https:\/\/mekulo.com\/no\/produkt\/tannblekningsstrimler\/#primaryimage"},"image":{"@id":"https:\/\/mekulo.com\/no\/produkt\/tannblekningsstrimler\/#primaryimage"},"thumbnailUrl":"https:\/\/mekulo.com\/no\/wp-content\/uploads\/sites\/10\/2026\/01\/d34ntb7-1.webp","datePublished":"2026-01-15T15:00:34+00:00","dateModified":"2026-01-16T18:16:27+00:00","breadcrumb":{"@id":"https:\/\/mekulo.com\/no\/produkt\/tannblekningsstrimler\/#breadcrumb"},"inLanguage":"nb-NO","potentialAction":[{"@type":"ReadAction","target":["https:\/\/mekulo.com\/no\/produkt\/tannblekningsstrimler\/"]}]},{"@type":"ImageObject","inLanguage":"nb-NO","@id":"https:\/\/mekulo.com\/no\/produkt\/tannblekningsstrimler\/#primaryimage","url":"https:\/\/mekulo.com\/no\/wp-content\/uploads\/sites\/10\/2026\/01\/d34ntb7-1.webp","contentUrl":"https:\/\/mekulo.com\/no\/wp-content\/uploads\/sites\/10\/2026\/01\/d34ntb7-1.webp","width":720,"height":720},{"@type":"BreadcrumbList","@id":"https:\/\/mekulo.com\/no\/produkt\/tannblekningsstrimler\/#breadcrumb","itemListElement":[{"@type":"ListItem","position":1,"name":"Home","item":"https:\/\/mekulo.com\/no\/"},{"@type":"ListItem","position":2,"name":"Butikk","item":"https:\/\/mekulo.com\/no\/butikk\/"},{"@type":"ListItem","position":3,"name":"Tannblekningsstrimler"}]},{"@type":"WebSite","@id":"https:\/\/mekulo.com\/no\/#website","url":"https:\/\/mekulo.com\/no\/","name":"Mekulo NO","description":"","publisher":{"@id":"https:\/\/mekulo.com\/no\/#organization"},"potentialAction":[{"@type":"SearchAction","target":{"@type":"EntryPoint","urlTemplate":"https:\/\/mekulo.com\/no\/?s={search_term_string}"},"query-input":{"@type":"PropertyValueSpecification","valueRequired":true,"valueName":"search_term_string"}}],"inLanguage":"nb-NO"},{"@type":"Organization","@id":"https:\/\/mekulo.com\/no\/#organization","name":"Mekulo","url":"https:\/\/mekulo.com\/no\/","logo":{"@type":"ImageObject","inLanguage":"nb-NO","@id":"https:\/\/mekulo.com\/no\/#\/schema\/logo\/image\/","url":"https:\/\/mekulo.com\/no\/wp-content\/uploads\/sites\/10\/2025\/12\/favicon_mekulo.png","contentUrl":"https:\/\/mekulo.com\/no\/wp-content\/uploads\/sites\/10\/2025\/12\/favicon_mekulo.png","width":50,"height":50,"caption":"Mekulo"},"image":{"@id":"https:\/\/mekulo.com\/no\/#\/schema\/logo\/image\/"}}]}},"_links":{"self":[{"href":"https:\/\/mekulo.com\/no\/wp-json\/wp\/v2\/product\/18106","targetHints":{"allow":["GET"]}}],"collection":[{"href":"https:\/\/mekulo.com\/no\/wp-json\/wp\/v2\/product"}],"about":[{"href":"https:\/\/mekulo.com\/no\/wp-json\/wp\/v2\/types\/product"}],"replies":[{"embeddable":true,"href":"https:\/\/mekulo.com\/no\/wp-json\/wp\/v2\/comments?post=18106"}],"wp:featuredmedia":[{"embeddable":true,"href":"https:\/\/mekulo.com\/no\/wp-json\/wp\/v2\/media\/18102"}],"wp:attachment":[{"href":"https:\/\/mekulo.com\/no\/wp-json\/wp\/v2\/media?parent=18106"}],"wp:term":[{"taxonomy":"product_brand","embeddable":true,"href":"https:\/\/mekulo.com\/no\/wp-json\/wp\/v2\/product_brand?post=18106"},{"taxonomy":"product_cat","embeddable":true,"href":"https:\/\/mekulo.com\/no\/wp-json\/wp\/v2\/product_cat?post=18106"},{"taxonomy":"product_tag","embeddable":true,"href":"https:\/\/mekulo.com\/no\/wp-json\/wp\/v2\/product_tag?post=18106"}],"curies":[{"name":"wp","href":"https:\/\/api.w.org\/{rel}","templated":true}]}}