{"id":18097,"date":"2026-01-15T16:59:39","date_gmt":"2026-01-15T14:59:39","guid":{"rendered":"https:\/\/mekulo.com\/no\/produkt\/batteridrevet-gressaks\/"},"modified":"2026-02-03T17:43:09","modified_gmt":"2026-02-03T15:43:09","slug":"batteridrevet-gressaks","status":"publish","type":"product","link":"https:\/\/mekulo.com\/no\/produkt\/batteridrevet-gressaks\/","title":{"rendered":"Batteridrevet gressaks"},"content":{"rendered":"<p style=\"text-align: center\" data-start=\"0\" data-end=\"65\"><strong data-start=\"0\" data-end=\"65\">Trimm gress og hekker enkelt med ett kraftig batteridrevet verkt\u00f8y. \ud83c\udf31<\/strong><\/p>\n<p data-start=\"0\" data-end=\"65\"><img fetchpriority=\"high\" decoding=\"async\" class=\"size-full wp-image-20397 aligncenter\" src=\"https:\/\/mekulo.com\/template\/wp-content\/uploads\/sites\/6\/2026\/01\/Sf041b51123e54c10a039f5b794aa70f7A.jpg_960x960q75.jpg_.avif\" alt=\"\" width=\"800\" height=\"800\" \/><\/p>\n<h2 style=\"text-align: center\" data-start=\"305\" data-end=\"325\"><strong>Hovedfordeler<\/strong><\/h2>\n<p data-start=\"329\" data-end=\"409\">\ud83d\udd0b Kraftig batteridrevet ytelse &#8211; 7,2 V litiumbatteri for kraftig klipping.<\/p>\n<p data-start=\"412\" data-end=\"482\">\u2702\ufe0f 2-i-1-design &#8211; Bytt mellom gressklipper og hekketrimmer.<\/p>\n<p data-start=\"485\" data-end=\"556\">\ud83d\udd04 Utskiftbare blader &#8211; Enkelt bladbytte for ulike oppgaver.<\/p>\n<p data-start=\"559\" data-end=\"617\">\u23f1\ufe0f Lang driftstid &#8211; Opptil 50-60 minutter p\u00e5 \u00e9n lading.<\/p>\n<p data-start=\"620\" data-end=\"696\">\ud83c\udf31 Perfekt for trange omr\u00e5der &#8211; Ideell for kanter, blomsterbed og belegningsstein.<\/p>\n<p data-start=\"620\" data-end=\"696\"><img decoding=\"async\" class=\"size-full wp-image-20399 aligncenter\" src=\"https:\/\/mekulo.com\/template\/wp-content\/uploads\/sites\/6\/2026\/01\/S76bdc24b34014b0880a4320b1aa62df23.jpg_960x960q75.jpg_.avif\" alt=\"\" width=\"800\" height=\"800\" \/><\/p>\n<h2 style=\"text-align: center\" data-start=\"703\" data-end=\"720\"><strong>Slik Bruker Du Den<\/strong><\/h2>\n<ol data-start=\"722\" data-end=\"997\">\n<li data-start=\"722\" data-end=\"776\">\n<p data-start=\"725\" data-end=\"776\">Velg bladet du trenger og fest det godt.<\/p>\n<\/li>\n<li data-start=\"777\" data-end=\"839\">\n<p data-start=\"780\" data-end=\"839\">Lad batteriet helt opp ved hjelp av den medf\u00f8lgende Type-C-kabelen.<\/p>\n<\/li>\n<li data-start=\"840\" data-end=\"900\">\n<p data-start=\"843\" data-end=\"900\">Sl\u00e5 p\u00e5 trimmeren og f\u00f8r den langs gresset eller hekken.<\/p>\n<\/li>\n<li data-start=\"901\" data-end=\"951\">\n<p data-start=\"904\" data-end=\"951\">Bruk langsomme, jevne bevegelser for rene resultater.<\/p>\n<\/li>\n<li data-start=\"952\" data-end=\"997\">\n<p data-start=\"955\" data-end=\"997\">Sl\u00e5 av og rengj\u00f8r bladene etter bruk.<\/p>\n<\/li>\n<\/ol>\n<h2 style=\"text-align: center\" data-start=\"1004\" data-end=\"1026\"><strong>Produktdetaljer<\/strong><\/h2>\n<ul data-start=\"1028\" data-end=\"1306\">\n<li data-start=\"1068\" data-end=\"1088\">\n<p data-start=\"1070\" data-end=\"1088\">Spenning: 7,2V DC<\/p>\n<\/li>\n<li data-start=\"1089\" data-end=\"1118\">\n<p data-start=\"1091\" data-end=\"1118\">Batteritype: Litium-ion<\/p>\n<\/li>\n<li data-start=\"1119\" data-end=\"1148\">\n<p data-start=\"1121\" data-end=\"1148\">Batterikapasitet: 2000mAh<\/p>\n<\/li>\n<li data-start=\"1149\" data-end=\"1176\">\n<p data-start=\"1151\" data-end=\"1176\">Hastighet uten belastning: 1000 RPM<\/p>\n<\/li>\n<li data-start=\"1149\" data-end=\"1176\">\n<p data-start=\"1151\" data-end=\"1176\">St\u00f8rrelse p\u00e5 den batteridrevne gressklipperen: 310 x 108 mm<\/p>\n<\/li>\n<li data-start=\"1177\" data-end=\"1210\">\n<p data-start=\"1179\" data-end=\"1210\">Klippelengde: 150 mm<\/p>\n<\/li>\n<li data-start=\"1211\" data-end=\"1240\">\n<p data-start=\"1213\" data-end=\"1240\">Klippebredde: 75 mm<\/p>\n<\/li>\n<li data-start=\"1241\" data-end=\"1271\">\n<p data-start=\"1243\" data-end=\"1271\">Ladetid: 1,5-2 timer<\/p>\n<\/li>\n<li data-start=\"1272\" data-end=\"1306\">\n<p data-start=\"1274\" data-end=\"1306\">Kj\u00f8retid: Ca. 50-60 minutter<\/p>\n<\/li>\n<\/ul>\n<h2 style=\"text-align: center\" data-start=\"1313\" data-end=\"1336\"><strong>Pakken inkluderer<\/strong><\/h2>\n<ul data-start=\"1338\" data-end=\"1465\">\n<li data-start=\"1338\" data-end=\"1375\">\n<p data-start=\"1340\" data-end=\"1375\">1x batteridrevet gressaks<\/p>\n<\/li>\n<li data-start=\"1376\" data-end=\"1404\">\n<p data-start=\"1378\" data-end=\"1404\">1x oppladbart batteri<\/p>\n<\/li>\n<li data-start=\"1405\" data-end=\"1434\">\n<p data-start=\"1407\" data-end=\"1434\">1x type-C-ladekabel<\/p>\n<\/li>\n<li data-start=\"1435\" data-end=\"1465\">\n<p data-start=\"1437\" data-end=\"1465\">2x utskiftbare kniver.<\/p>\n<\/li>\n<\/ul>\n","protected":false},"excerpt":{"rendered":"<p>\ud83d\udc69\u200d\ud83c\udf3eDenne tr\u00e5dl\u00f8s gressaks kombinerer gressklipping og hekkforming i \u00e9n kompakt enhet.<br \/>\n\u2702\ufe0fMed et sterkt oppladbart batteri og tr\u00e5dl\u00f8s design, hjelper den deg med \u00e5 rydde opp i kanter, sm\u00e5 hekker og trange hageomr\u00e5der raskt og trygt.<br \/>\n\ud83c\udfe1Et enkelt og effektivt verkt\u00f8y for ryddig og presis hagetrimming n\u00e5r som helst.<\/p>\n","protected":false},"featured_media":18093,"comment_status":"open","ping_status":"closed","template":"","meta":{"site-sidebar-layout":"default","site-content-layout":"","ast-site-content-layout":"default","site-content-style":"default","site-sidebar-style":"default","ast-global-header-display":"","ast-banner-title-visibility":"","ast-main-header-display":"","ast-hfb-above-header-display":"","ast-hfb-below-header-display":"","ast-hfb-mobile-header-display":"","site-post-title":"","ast-breadcrumbs-content":"","ast-featured-img":"","footer-sml-layout":"","theme-transparent-header-meta":"default","adv-header-id-meta":"","stick-header-meta":"","header-above-stick-meta":"","header-main-stick-meta":"","header-below-stick-meta":"","astra-migrate-meta-layouts":"set","ast-page-background-enabled":"default","ast-page-background-meta":{"desktop":{"background-color":"var(--ast-global-color-5)","background-image":"","background-repeat":"repeat","background-position":"center center","background-size":"auto","background-attachment":"scroll","background-type":"","background-media":"","overlay-type":"","overlay-color":"","overlay-opacity":"","overlay-gradient":""},"tablet":{"background-color":"","background-image":"","background-repeat":"repeat","background-position":"center center","background-size":"auto","background-attachment":"scroll","background-type":"","background-media":"","overlay-type":"","overlay-color":"","overlay-opacity":"","overlay-gradient":""},"mobile":{"background-color":"","background-image":"","background-repeat":"repeat","background-position":"center center","background-size":"auto","background-attachment":"scroll","background-type":"","background-media":"","overlay-type":"","overlay-color":"","overlay-opacity":"","overlay-gradient":""}},"ast-content-background-meta":{"desktop":{"background-color":"var(--ast-global-color-4)","background-image":"","background-repeat":"repeat","background-position":"center center","background-size":"auto","background-attachment":"scroll","background-type":"","background-media":"","overlay-type":"","overlay-color":"","overlay-opacity":"","overlay-gradient":""},"tablet":{"background-color":"var(--ast-global-color-4)","background-image":"","background-repeat":"repeat","background-position":"center center","background-size":"auto","background-attachment":"scroll","background-type":"","background-media":"","overlay-type":"","overlay-color":"","overlay-opacity":"","overlay-gradient":""},"mobile":{"background-color":"var(--ast-global-color-4)","background-image":"","background-repeat":"repeat","background-position":"center center","background-size":"auto","background-attachment":"scroll","background-type":"","background-media":"","overlay-type":"","overlay-color":"","overlay-opacity":"","overlay-gradient":""}}},"product_brand":[],"product_cat":[15],"product_tag":[],"class_list":{"0":"post-18097","1":"product","2":"type-product","3":"status-publish","4":"has-post-thumbnail","6":"product_cat-uncategorized","7":"desktop-align-left","8":"tablet-align-left","9":"mobile-align-left","11":"first","12":"instock","13":"shipping-taxable","14":"purchasable","15":"product-type-simple"},"yoast_head":"<!-- This site is optimized with the Yoast SEO plugin v26.6 - https:\/\/yoast.com\/wordpress\/plugins\/seo\/ -->\n<title>Batteridrevet gressaks - Mekulo NO<\/title>\n<meta name=\"robots\" content=\"index, follow, max-snippet:-1, max-image-preview:large, max-video-preview:-1\" \/>\n<link rel=\"canonical\" href=\"https:\/\/mekulo.com\/no\/produkt\/batteridrevet-gressaks\/\" \/>\n<meta property=\"og:locale\" content=\"nb_NO\" \/>\n<meta property=\"og:type\" content=\"article\" \/>\n<meta property=\"og:title\" content=\"Batteridrevet gressaks - Mekulo NO\" \/>\n<meta property=\"og:description\" content=\"\ud83d\udc69\u200d\ud83c\udf3eDenne tr\u00e5dl\u00f8s gressaks kombinerer gressklipping og hekkforming i \u00e9n kompakt enhet. \u2702\ufe0fMed et sterkt oppladbart batteri og tr\u00e5dl\u00f8s design, hjelper den deg med \u00e5 rydde opp i kanter, sm\u00e5 hekker og trange hageomr\u00e5der raskt og trygt. \ud83c\udfe1Et enkelt og effektivt verkt\u00f8y for ryddig og presis hagetrimming n\u00e5r som helst.\" \/>\n<meta property=\"og:url\" content=\"https:\/\/mekulo.com\/no\/produkt\/batteridrevet-gressaks\/\" \/>\n<meta property=\"og:site_name\" content=\"Mekulo NO\" \/>\n<meta property=\"article:modified_time\" content=\"2026-02-03T15:43:09+00:00\" \/>\n<meta property=\"og:image\" content=\"https:\/\/mekulo.com\/no\/wp-content\/uploads\/sites\/10\/2026\/01\/xkfj41k-1.jpg\" \/>\n\t<meta property=\"og:image:width\" content=\"1080\" \/>\n\t<meta property=\"og:image:height\" content=\"1080\" \/>\n\t<meta property=\"og:image:type\" content=\"image\/jpeg\" \/>\n<meta name=\"twitter:card\" content=\"summary_large_image\" \/>\n<meta name=\"twitter:label1\" content=\"Ansl. lesetid\" \/>\n\t<meta name=\"twitter:data1\" content=\"2 minutter\" \/>\n<script type=\"application\/ld+json\" class=\"yoast-schema-graph\">{\"@context\":\"https:\/\/schema.org\",\"@graph\":[{\"@type\":\"WebPage\",\"@id\":\"https:\/\/mekulo.com\/no\/produkt\/batteridrevet-gressaks\/\",\"url\":\"https:\/\/mekulo.com\/no\/produkt\/batteridrevet-gressaks\/\",\"name\":\"Batteridrevet gressaks - Mekulo NO\",\"isPartOf\":{\"@id\":\"https:\/\/mekulo.com\/no\/#website\"},\"primaryImageOfPage\":{\"@id\":\"https:\/\/mekulo.com\/no\/produkt\/batteridrevet-gressaks\/#primaryimage\"},\"image\":{\"@id\":\"https:\/\/mekulo.com\/no\/produkt\/batteridrevet-gressaks\/#primaryimage\"},\"thumbnailUrl\":\"https:\/\/mekulo.com\/no\/wp-content\/uploads\/sites\/10\/2026\/01\/xkfj41k-1.jpg\",\"datePublished\":\"2026-01-15T14:59:39+00:00\",\"dateModified\":\"2026-02-03T15:43:09+00:00\",\"breadcrumb\":{\"@id\":\"https:\/\/mekulo.com\/no\/produkt\/batteridrevet-gressaks\/#breadcrumb\"},\"inLanguage\":\"nb-NO\",\"potentialAction\":[{\"@type\":\"ReadAction\",\"target\":[\"https:\/\/mekulo.com\/no\/produkt\/batteridrevet-gressaks\/\"]}]},{\"@type\":\"ImageObject\",\"inLanguage\":\"nb-NO\",\"@id\":\"https:\/\/mekulo.com\/no\/produkt\/batteridrevet-gressaks\/#primaryimage\",\"url\":\"https:\/\/mekulo.com\/no\/wp-content\/uploads\/sites\/10\/2026\/01\/xkfj41k-1.jpg\",\"contentUrl\":\"https:\/\/mekulo.com\/no\/wp-content\/uploads\/sites\/10\/2026\/01\/xkfj41k-1.jpg\",\"width\":1080,\"height\":1080},{\"@type\":\"BreadcrumbList\",\"@id\":\"https:\/\/mekulo.com\/no\/produkt\/batteridrevet-gressaks\/#breadcrumb\",\"itemListElement\":[{\"@type\":\"ListItem\",\"position\":1,\"name\":\"Home\",\"item\":\"https:\/\/mekulo.com\/no\/\"},{\"@type\":\"ListItem\",\"position\":2,\"name\":\"Butikk\",\"item\":\"https:\/\/mekulo.com\/no\/butikk\/\"},{\"@type\":\"ListItem\",\"position\":3,\"name\":\"Batteridrevet gressaks\"}]},{\"@type\":\"WebSite\",\"@id\":\"https:\/\/mekulo.com\/no\/#website\",\"url\":\"https:\/\/mekulo.com\/no\/\",\"name\":\"Mekulo NO\",\"description\":\"\",\"publisher\":{\"@id\":\"https:\/\/mekulo.com\/no\/#organization\"},\"potentialAction\":[{\"@type\":\"SearchAction\",\"target\":{\"@type\":\"EntryPoint\",\"urlTemplate\":\"https:\/\/mekulo.com\/no\/?s={search_term_string}\"},\"query-input\":{\"@type\":\"PropertyValueSpecification\",\"valueRequired\":true,\"valueName\":\"search_term_string\"}}],\"inLanguage\":\"nb-NO\"},{\"@type\":\"Organization\",\"@id\":\"https:\/\/mekulo.com\/no\/#organization\",\"name\":\"Mekulo\",\"url\":\"https:\/\/mekulo.com\/no\/\",\"logo\":{\"@type\":\"ImageObject\",\"inLanguage\":\"nb-NO\",\"@id\":\"https:\/\/mekulo.com\/no\/#\/schema\/logo\/image\/\",\"url\":\"https:\/\/mekulo.com\/no\/wp-content\/uploads\/sites\/10\/2025\/12\/favicon_mekulo.png\",\"contentUrl\":\"https:\/\/mekulo.com\/no\/wp-content\/uploads\/sites\/10\/2025\/12\/favicon_mekulo.png\",\"width\":50,\"height\":50,\"caption\":\"Mekulo\"},\"image\":{\"@id\":\"https:\/\/mekulo.com\/no\/#\/schema\/logo\/image\/\"}}]}<\/script>\n<!-- \/ Yoast SEO plugin. -->","yoast_head_json":{"title":"Batteridrevet gressaks - Mekulo NO","robots":{"index":"index","follow":"follow","max-snippet":"max-snippet:-1","max-image-preview":"max-image-preview:large","max-video-preview":"max-video-preview:-1"},"canonical":"https:\/\/mekulo.com\/no\/produkt\/batteridrevet-gressaks\/","og_locale":"nb_NO","og_type":"article","og_title":"Batteridrevet gressaks - Mekulo NO","og_description":"\ud83d\udc69\u200d\ud83c\udf3eDenne tr\u00e5dl\u00f8s gressaks kombinerer gressklipping og hekkforming i \u00e9n kompakt enhet. \u2702\ufe0fMed et sterkt oppladbart batteri og tr\u00e5dl\u00f8s design, hjelper den deg med \u00e5 rydde opp i kanter, sm\u00e5 hekker og trange hageomr\u00e5der raskt og trygt. \ud83c\udfe1Et enkelt og effektivt verkt\u00f8y for ryddig og presis hagetrimming n\u00e5r som helst.","og_url":"https:\/\/mekulo.com\/no\/produkt\/batteridrevet-gressaks\/","og_site_name":"Mekulo NO","article_modified_time":"2026-02-03T15:43:09+00:00","og_image":[{"width":1080,"height":1080,"url":"https:\/\/mekulo.com\/no\/wp-content\/uploads\/sites\/10\/2026\/01\/xkfj41k-1.jpg","type":"image\/jpeg"}],"twitter_card":"summary_large_image","twitter_misc":{"Ansl. lesetid":"2 minutter"},"schema":{"@context":"https:\/\/schema.org","@graph":[{"@type":"WebPage","@id":"https:\/\/mekulo.com\/no\/produkt\/batteridrevet-gressaks\/","url":"https:\/\/mekulo.com\/no\/produkt\/batteridrevet-gressaks\/","name":"Batteridrevet gressaks - Mekulo NO","isPartOf":{"@id":"https:\/\/mekulo.com\/no\/#website"},"primaryImageOfPage":{"@id":"https:\/\/mekulo.com\/no\/produkt\/batteridrevet-gressaks\/#primaryimage"},"image":{"@id":"https:\/\/mekulo.com\/no\/produkt\/batteridrevet-gressaks\/#primaryimage"},"thumbnailUrl":"https:\/\/mekulo.com\/no\/wp-content\/uploads\/sites\/10\/2026\/01\/xkfj41k-1.jpg","datePublished":"2026-01-15T14:59:39+00:00","dateModified":"2026-02-03T15:43:09+00:00","breadcrumb":{"@id":"https:\/\/mekulo.com\/no\/produkt\/batteridrevet-gressaks\/#breadcrumb"},"inLanguage":"nb-NO","potentialAction":[{"@type":"ReadAction","target":["https:\/\/mekulo.com\/no\/produkt\/batteridrevet-gressaks\/"]}]},{"@type":"ImageObject","inLanguage":"nb-NO","@id":"https:\/\/mekulo.com\/no\/produkt\/batteridrevet-gressaks\/#primaryimage","url":"https:\/\/mekulo.com\/no\/wp-content\/uploads\/sites\/10\/2026\/01\/xkfj41k-1.jpg","contentUrl":"https:\/\/mekulo.com\/no\/wp-content\/uploads\/sites\/10\/2026\/01\/xkfj41k-1.jpg","width":1080,"height":1080},{"@type":"BreadcrumbList","@id":"https:\/\/mekulo.com\/no\/produkt\/batteridrevet-gressaks\/#breadcrumb","itemListElement":[{"@type":"ListItem","position":1,"name":"Home","item":"https:\/\/mekulo.com\/no\/"},{"@type":"ListItem","position":2,"name":"Butikk","item":"https:\/\/mekulo.com\/no\/butikk\/"},{"@type":"ListItem","position":3,"name":"Batteridrevet gressaks"}]},{"@type":"WebSite","@id":"https:\/\/mekulo.com\/no\/#website","url":"https:\/\/mekulo.com\/no\/","name":"Mekulo NO","description":"","publisher":{"@id":"https:\/\/mekulo.com\/no\/#organization"},"potentialAction":[{"@type":"SearchAction","target":{"@type":"EntryPoint","urlTemplate":"https:\/\/mekulo.com\/no\/?s={search_term_string}"},"query-input":{"@type":"PropertyValueSpecification","valueRequired":true,"valueName":"search_term_string"}}],"inLanguage":"nb-NO"},{"@type":"Organization","@id":"https:\/\/mekulo.com\/no\/#organization","name":"Mekulo","url":"https:\/\/mekulo.com\/no\/","logo":{"@type":"ImageObject","inLanguage":"nb-NO","@id":"https:\/\/mekulo.com\/no\/#\/schema\/logo\/image\/","url":"https:\/\/mekulo.com\/no\/wp-content\/uploads\/sites\/10\/2025\/12\/favicon_mekulo.png","contentUrl":"https:\/\/mekulo.com\/no\/wp-content\/uploads\/sites\/10\/2025\/12\/favicon_mekulo.png","width":50,"height":50,"caption":"Mekulo"},"image":{"@id":"https:\/\/mekulo.com\/no\/#\/schema\/logo\/image\/"}}]}},"_links":{"self":[{"href":"https:\/\/mekulo.com\/no\/wp-json\/wp\/v2\/product\/18097","targetHints":{"allow":["GET"]}}],"collection":[{"href":"https:\/\/mekulo.com\/no\/wp-json\/wp\/v2\/product"}],"about":[{"href":"https:\/\/mekulo.com\/no\/wp-json\/wp\/v2\/types\/product"}],"replies":[{"embeddable":true,"href":"https:\/\/mekulo.com\/no\/wp-json\/wp\/v2\/comments?post=18097"}],"wp:featuredmedia":[{"embeddable":true,"href":"https:\/\/mekulo.com\/no\/wp-json\/wp\/v2\/media\/18093"}],"wp:attachment":[{"href":"https:\/\/mekulo.com\/no\/wp-json\/wp\/v2\/media?parent=18097"}],"wp:term":[{"taxonomy":"product_brand","embeddable":true,"href":"https:\/\/mekulo.com\/no\/wp-json\/wp\/v2\/product_brand?post=18097"},{"taxonomy":"product_cat","embeddable":true,"href":"https:\/\/mekulo.com\/no\/wp-json\/wp\/v2\/product_cat?post=18097"},{"taxonomy":"product_tag","embeddable":true,"href":"https:\/\/mekulo.com\/no\/wp-json\/wp\/v2\/product_tag?post=18097"}],"curies":[{"name":"wp","href":"https:\/\/api.w.org\/{rel}","templated":true}]}}