{"id":18071,"date":"2026-01-15T16:57:15","date_gmt":"2026-01-15T14:57:15","guid":{"rendered":"https:\/\/mekulo.com\/no\/produkt\/ergonomisk-stottehandtak-for-kjoretoyet\/"},"modified":"2026-02-03T17:01:40","modified_gmt":"2026-02-03T15:01:40","slug":"ergonomisk-stottehandtak-for-kjoretoyet","status":"publish","type":"product","link":"https:\/\/mekulo.com\/no\/produkt\/ergonomisk-stottehandtak-for-kjoretoyet\/","title":{"rendered":"Ergonomisk st\u00f8tteh\u00e5ndtak for kj\u00f8ret\u00f8yet"},"content":{"rendered":"<p style=\"text-align: center;\" data-start=\"0\" data-end=\"68\"><strong data-start=\"0\" data-end=\"68\">F\u00e5 trygg og st\u00f8dig st\u00f8tte n\u00e5r du g\u00e5r inn og ut av bilen. \ud83d\ude97<\/strong><\/p>\n<p data-start=\"0\" data-end=\"68\"><img fetchpriority=\"high\" decoding=\"async\" class=\"size-full wp-image-20382 aligncenter\" src=\"https:\/\/mekulo.com\/template\/wp-content\/uploads\/sites\/6\/2026\/01\/S838f37eab2384b46943772d9bd80e379w.jpg\" alt=\"\" width=\"1080\" height=\"1080\" \/><\/p>\n<h2 style=\"text-align: center;\" data-start=\"337\" data-end=\"356\">Hovedfordeler<\/h2>\n<p data-start=\"360\" data-end=\"455\">\ud83d\udee1\ufe0f Sterk og stabil st\u00f8tte &#8211; Laget av h\u00f8yfast st\u00e5l for p\u00e5litelig vektst\u00f8tte.<\/p>\n<p data-start=\"458\" data-end=\"542\">\u270b Komfortabelt sklisikkert grep &#8211; Mykt silikonh\u00e5ndtak passer naturlig i h\u00e5nden.<\/p>\n<p data-start=\"545\" data-end=\"608\">\ud83d\ude97 Passer til de fleste biler &#8211; Fungerer med biler, SUV-er og lastebiler.<\/p>\n<p data-start=\"611\" data-end=\"690\">\ud83c\udf92 B\u00e6rbar og lett &#8211; Enkel \u00e5 oppbevare i hanskerommet eller d\u00f8rlommen.<\/p>\n<p data-start=\"693\" data-end=\"767\">\ud83d\udea8 N\u00f8dvinduknuser &#8211; Ekstra sikkerhet i uventede situasjoner.<\/p>\n<p data-start=\"693\" data-end=\"767\"><img decoding=\"async\" class=\"size-full wp-image-20378 aligncenter\" src=\"https:\/\/mekulo.com\/template\/wp-content\/uploads\/sites\/6\/2026\/01\/S0a41ad2a5a334e049db06084842e834aw.png\" alt=\"\" width=\"1001\" height=\"1001\" \/><\/p>\n<h2 style=\"text-align: center;\" data-start=\"774\" data-end=\"791\"><strong>Slik Bruker Du Den<\/strong><\/h2>\n<ol data-start=\"793\" data-end=\"1056\">\n<li data-start=\"793\" data-end=\"822\">\n<p data-start=\"796\" data-end=\"822\">\u00c5pne bild\u00f8ren helt.<\/p>\n<\/li>\n<li data-start=\"823\" data-end=\"874\">\n<p data-start=\"826\" data-end=\"874\">Skyv h\u00e5ndtaket inn i den U-formede d\u00f8rl\u00e5sen.<\/p>\n<\/li>\n<li data-start=\"875\" data-end=\"919\">\n<p data-start=\"878\" data-end=\"919\">S\u00f8rg for at det er godt l\u00e5st p\u00e5 plass.<\/p>\n<\/li>\n<li data-start=\"920\" data-end=\"987\">\n<p data-start=\"923\" data-end=\"987\">Hold i h\u00e5ndtaket for \u00e5 st\u00f8tte deg selv mens du g\u00e5r inn eller ut.<\/p>\n<\/li>\n<li data-start=\"988\" data-end=\"1056\">\n<p data-start=\"991\" data-end=\"1056\">I n\u00f8dstilfeller, bruk den harde spissen til \u00e5 knuse vinduet hvis det er n\u00f8dvendig.<\/p>\n<\/li>\n<\/ol>\n<h2 style=\"text-align: center;\" data-start=\"1063\" data-end=\"1085\"><strong>Produktdetaljer<\/strong><\/h2>\n<ul data-start=\"1087\" data-end=\"1309\">\n<li data-start=\"1138\" data-end=\"1187\">\n<p data-start=\"1140\" data-end=\"1187\">Materiale: H\u00f8yfast st\u00e5l + silikongrep<\/p>\n<\/li>\n<li data-start=\"1210\" data-end=\"1262\">\n<p data-start=\"1212\" data-end=\"1262\">St\u00f8rrelse: 19 x 11 x 5 cm<\/p>\n<\/li>\n<li data-start=\"1263\" data-end=\"1309\">\n<p data-start=\"1265\" data-end=\"1309\">Kompatibilitet: De fleste biler, SUV-er og lastebiler<\/p>\n<\/li>\n<\/ul>\n<h2 style=\"text-align: center;\" data-start=\"1316\" data-end=\"1339\"><strong>Pakken inneholder<\/strong><\/h2>\n<ul data-start=\"1341\" data-end=\"1381\">\n<li data-start=\"1341\" data-end=\"1381\">\n<p data-start=\"1343\" data-end=\"1381\">1x ergonomisk st\u00f8tteh\u00e5ndtak for kj\u00f8ret\u00f8y.<\/p>\n<\/li>\n<\/ul>\n","protected":false},"excerpt":{"rendered":"<p>\u2696\ufe0fDette ergonomisk st\u00f8tteh\u00e5ndtak gir deg sterk og p\u00e5litelig hjelp hver gang du g\u00e5r inn i eller ut av bilen.<br \/>\n<span style=\"font-size: 16px; font-style: normal; font-weight: 400;\">\ud83d\ude98<\/span>Det passer godt inn i bilens d\u00f8rl\u00e5s og gir balanse, komfort og ekstra sikkerhet &#8211; spesielt for eldre eller personer med begrenset bevegelighet.<br \/>\n\ud83d\ude95Et enkelt verkt\u00f8y som gir komfort, selvtillit og sikkerhet p\u00e5 hver eneste tur.<\/p>\n","protected":false},"featured_media":18067,"comment_status":"open","ping_status":"closed","template":"","meta":{"site-sidebar-layout":"default","site-content-layout":"","ast-site-content-layout":"default","site-content-style":"default","site-sidebar-style":"default","ast-global-header-display":"","ast-banner-title-visibility":"","ast-main-header-display":"","ast-hfb-above-header-display":"","ast-hfb-below-header-display":"","ast-hfb-mobile-header-display":"","site-post-title":"","ast-breadcrumbs-content":"","ast-featured-img":"","footer-sml-layout":"","theme-transparent-header-meta":"default","adv-header-id-meta":"","stick-header-meta":"","header-above-stick-meta":"","header-main-stick-meta":"","header-below-stick-meta":"","astra-migrate-meta-layouts":"set","ast-page-background-enabled":"default","ast-page-background-meta":{"desktop":{"background-color":"var(--ast-global-color-5)","background-image":"","background-repeat":"repeat","background-position":"center center","background-size":"auto","background-attachment":"scroll","background-type":"","background-media":"","overlay-type":"","overlay-color":"","overlay-opacity":"","overlay-gradient":""},"tablet":{"background-color":"","background-image":"","background-repeat":"repeat","background-position":"center center","background-size":"auto","background-attachment":"scroll","background-type":"","background-media":"","overlay-type":"","overlay-color":"","overlay-opacity":"","overlay-gradient":""},"mobile":{"background-color":"","background-image":"","background-repeat":"repeat","background-position":"center center","background-size":"auto","background-attachment":"scroll","background-type":"","background-media":"","overlay-type":"","overlay-color":"","overlay-opacity":"","overlay-gradient":""}},"ast-content-background-meta":{"desktop":{"background-color":"var(--ast-global-color-4)","background-image":"","background-repeat":"repeat","background-position":"center center","background-size":"auto","background-attachment":"scroll","background-type":"","background-media":"","overlay-type":"","overlay-color":"","overlay-opacity":"","overlay-gradient":""},"tablet":{"background-color":"var(--ast-global-color-4)","background-image":"","background-repeat":"repeat","background-position":"center center","background-size":"auto","background-attachment":"scroll","background-type":"","background-media":"","overlay-type":"","overlay-color":"","overlay-opacity":"","overlay-gradient":""},"mobile":{"background-color":"var(--ast-global-color-4)","background-image":"","background-repeat":"repeat","background-position":"center center","background-size":"auto","background-attachment":"scroll","background-type":"","background-media":"","overlay-type":"","overlay-color":"","overlay-opacity":"","overlay-gradient":""}}},"product_brand":[],"product_cat":[161],"product_tag":[],"class_list":{"0":"post-18071","1":"product","2":"type-product","3":"status-publish","4":"has-post-thumbnail","6":"product_cat-bilprodukter","7":"pa_68444_8jqycyjk-bla","8":"pa_68444_8jqycyjk-rod","9":"desktop-align-left","10":"tablet-align-left","11":"mobile-align-left","13":"first","14":"instock","15":"shipping-taxable","16":"purchasable","17":"product-type-variable"},"yoast_head":"<!-- This site is optimized with the Yoast SEO plugin v26.6 - https:\/\/yoast.com\/wordpress\/plugins\/seo\/ -->\n<title>Ergonomisk st\u00f8tteh\u00e5ndtak for kj\u00f8ret\u00f8yet - Mekulo NO<\/title>\n<meta name=\"robots\" content=\"index, follow, max-snippet:-1, max-image-preview:large, max-video-preview:-1\" \/>\n<link rel=\"canonical\" href=\"https:\/\/mekulo.com\/no\/produkt\/ergonomisk-stottehandtak-for-kjoretoyet\/\" \/>\n<meta property=\"og:locale\" content=\"nb_NO\" \/>\n<meta property=\"og:type\" content=\"article\" \/>\n<meta property=\"og:title\" content=\"Ergonomisk st\u00f8tteh\u00e5ndtak for kj\u00f8ret\u00f8yet - Mekulo NO\" \/>\n<meta property=\"og:description\" content=\"\u2696\ufe0fDette ergonomisk st\u00f8tteh\u00e5ndtak gir deg sterk og p\u00e5litelig hjelp hver gang du g\u00e5r inn i eller ut av bilen. \ud83d\ude98Det passer godt inn i bilens d\u00f8rl\u00e5s og gir balanse, komfort og ekstra sikkerhet - spesielt for eldre eller personer med begrenset bevegelighet. \ud83d\ude95Et enkelt verkt\u00f8y som gir komfort, selvtillit og sikkerhet p\u00e5 hver eneste tur.\" \/>\n<meta property=\"og:url\" content=\"https:\/\/mekulo.com\/no\/produkt\/ergonomisk-stottehandtak-for-kjoretoyet\/\" \/>\n<meta property=\"og:site_name\" content=\"Mekulo NO\" \/>\n<meta property=\"article:modified_time\" content=\"2026-02-03T15:01:40+00:00\" \/>\n<meta property=\"og:image\" content=\"https:\/\/mekulo.com\/no\/wp-content\/uploads\/sites\/10\/2026\/01\/4agz0ig-1.png\" \/>\n\t<meta property=\"og:image:width\" content=\"1001\" \/>\n\t<meta property=\"og:image:height\" content=\"1001\" \/>\n\t<meta property=\"og:image:type\" content=\"image\/png\" \/>\n<meta name=\"twitter:card\" content=\"summary_large_image\" \/>\n<meta name=\"twitter:label1\" content=\"Ansl. lesetid\" \/>\n\t<meta name=\"twitter:data1\" content=\"2 minutter\" \/>\n<script type=\"application\/ld+json\" class=\"yoast-schema-graph\">{\"@context\":\"https:\/\/schema.org\",\"@graph\":[{\"@type\":\"WebPage\",\"@id\":\"https:\/\/mekulo.com\/no\/produkt\/ergonomisk-stottehandtak-for-kjoretoyet\/\",\"url\":\"https:\/\/mekulo.com\/no\/produkt\/ergonomisk-stottehandtak-for-kjoretoyet\/\",\"name\":\"Ergonomisk st\u00f8tteh\u00e5ndtak for kj\u00f8ret\u00f8yet - Mekulo NO\",\"isPartOf\":{\"@id\":\"https:\/\/mekulo.com\/no\/#website\"},\"primaryImageOfPage\":{\"@id\":\"https:\/\/mekulo.com\/no\/produkt\/ergonomisk-stottehandtak-for-kjoretoyet\/#primaryimage\"},\"image\":{\"@id\":\"https:\/\/mekulo.com\/no\/produkt\/ergonomisk-stottehandtak-for-kjoretoyet\/#primaryimage\"},\"thumbnailUrl\":\"https:\/\/mekulo.com\/no\/wp-content\/uploads\/sites\/10\/2026\/01\/4agz0ig-1.png\",\"datePublished\":\"2026-01-15T14:57:15+00:00\",\"dateModified\":\"2026-02-03T15:01:40+00:00\",\"breadcrumb\":{\"@id\":\"https:\/\/mekulo.com\/no\/produkt\/ergonomisk-stottehandtak-for-kjoretoyet\/#breadcrumb\"},\"inLanguage\":\"nb-NO\",\"potentialAction\":[{\"@type\":\"ReadAction\",\"target\":[\"https:\/\/mekulo.com\/no\/produkt\/ergonomisk-stottehandtak-for-kjoretoyet\/\"]}]},{\"@type\":\"ImageObject\",\"inLanguage\":\"nb-NO\",\"@id\":\"https:\/\/mekulo.com\/no\/produkt\/ergonomisk-stottehandtak-for-kjoretoyet\/#primaryimage\",\"url\":\"https:\/\/mekulo.com\/no\/wp-content\/uploads\/sites\/10\/2026\/01\/4agz0ig-1.png\",\"contentUrl\":\"https:\/\/mekulo.com\/no\/wp-content\/uploads\/sites\/10\/2026\/01\/4agz0ig-1.png\",\"width\":1001,\"height\":1001},{\"@type\":\"BreadcrumbList\",\"@id\":\"https:\/\/mekulo.com\/no\/produkt\/ergonomisk-stottehandtak-for-kjoretoyet\/#breadcrumb\",\"itemListElement\":[{\"@type\":\"ListItem\",\"position\":1,\"name\":\"Home\",\"item\":\"https:\/\/mekulo.com\/no\/\"},{\"@type\":\"ListItem\",\"position\":2,\"name\":\"Butikk\",\"item\":\"https:\/\/mekulo.com\/no\/butikk\/\"},{\"@type\":\"ListItem\",\"position\":3,\"name\":\"Ergonomisk st\u00f8tteh\u00e5ndtak for kj\u00f8ret\u00f8yet\"}]},{\"@type\":\"WebSite\",\"@id\":\"https:\/\/mekulo.com\/no\/#website\",\"url\":\"https:\/\/mekulo.com\/no\/\",\"name\":\"Mekulo NO\",\"description\":\"\",\"publisher\":{\"@id\":\"https:\/\/mekulo.com\/no\/#organization\"},\"potentialAction\":[{\"@type\":\"SearchAction\",\"target\":{\"@type\":\"EntryPoint\",\"urlTemplate\":\"https:\/\/mekulo.com\/no\/?s={search_term_string}\"},\"query-input\":{\"@type\":\"PropertyValueSpecification\",\"valueRequired\":true,\"valueName\":\"search_term_string\"}}],\"inLanguage\":\"nb-NO\"},{\"@type\":\"Organization\",\"@id\":\"https:\/\/mekulo.com\/no\/#organization\",\"name\":\"Mekulo\",\"url\":\"https:\/\/mekulo.com\/no\/\",\"logo\":{\"@type\":\"ImageObject\",\"inLanguage\":\"nb-NO\",\"@id\":\"https:\/\/mekulo.com\/no\/#\/schema\/logo\/image\/\",\"url\":\"https:\/\/mekulo.com\/no\/wp-content\/uploads\/sites\/10\/2025\/12\/favicon_mekulo.png\",\"contentUrl\":\"https:\/\/mekulo.com\/no\/wp-content\/uploads\/sites\/10\/2025\/12\/favicon_mekulo.png\",\"width\":50,\"height\":50,\"caption\":\"Mekulo\"},\"image\":{\"@id\":\"https:\/\/mekulo.com\/no\/#\/schema\/logo\/image\/\"}}]}<\/script>\n<!-- \/ Yoast SEO plugin. -->","yoast_head_json":{"title":"Ergonomisk st\u00f8tteh\u00e5ndtak for kj\u00f8ret\u00f8yet - Mekulo NO","robots":{"index":"index","follow":"follow","max-snippet":"max-snippet:-1","max-image-preview":"max-image-preview:large","max-video-preview":"max-video-preview:-1"},"canonical":"https:\/\/mekulo.com\/no\/produkt\/ergonomisk-stottehandtak-for-kjoretoyet\/","og_locale":"nb_NO","og_type":"article","og_title":"Ergonomisk st\u00f8tteh\u00e5ndtak for kj\u00f8ret\u00f8yet - Mekulo NO","og_description":"\u2696\ufe0fDette ergonomisk st\u00f8tteh\u00e5ndtak gir deg sterk og p\u00e5litelig hjelp hver gang du g\u00e5r inn i eller ut av bilen. \ud83d\ude98Det passer godt inn i bilens d\u00f8rl\u00e5s og gir balanse, komfort og ekstra sikkerhet - spesielt for eldre eller personer med begrenset bevegelighet. \ud83d\ude95Et enkelt verkt\u00f8y som gir komfort, selvtillit og sikkerhet p\u00e5 hver eneste tur.","og_url":"https:\/\/mekulo.com\/no\/produkt\/ergonomisk-stottehandtak-for-kjoretoyet\/","og_site_name":"Mekulo NO","article_modified_time":"2026-02-03T15:01:40+00:00","og_image":[{"width":1001,"height":1001,"url":"https:\/\/mekulo.com\/no\/wp-content\/uploads\/sites\/10\/2026\/01\/4agz0ig-1.png","type":"image\/png"}],"twitter_card":"summary_large_image","twitter_misc":{"Ansl. lesetid":"2 minutter"},"schema":{"@context":"https:\/\/schema.org","@graph":[{"@type":"WebPage","@id":"https:\/\/mekulo.com\/no\/produkt\/ergonomisk-stottehandtak-for-kjoretoyet\/","url":"https:\/\/mekulo.com\/no\/produkt\/ergonomisk-stottehandtak-for-kjoretoyet\/","name":"Ergonomisk st\u00f8tteh\u00e5ndtak for kj\u00f8ret\u00f8yet - Mekulo NO","isPartOf":{"@id":"https:\/\/mekulo.com\/no\/#website"},"primaryImageOfPage":{"@id":"https:\/\/mekulo.com\/no\/produkt\/ergonomisk-stottehandtak-for-kjoretoyet\/#primaryimage"},"image":{"@id":"https:\/\/mekulo.com\/no\/produkt\/ergonomisk-stottehandtak-for-kjoretoyet\/#primaryimage"},"thumbnailUrl":"https:\/\/mekulo.com\/no\/wp-content\/uploads\/sites\/10\/2026\/01\/4agz0ig-1.png","datePublished":"2026-01-15T14:57:15+00:00","dateModified":"2026-02-03T15:01:40+00:00","breadcrumb":{"@id":"https:\/\/mekulo.com\/no\/produkt\/ergonomisk-stottehandtak-for-kjoretoyet\/#breadcrumb"},"inLanguage":"nb-NO","potentialAction":[{"@type":"ReadAction","target":["https:\/\/mekulo.com\/no\/produkt\/ergonomisk-stottehandtak-for-kjoretoyet\/"]}]},{"@type":"ImageObject","inLanguage":"nb-NO","@id":"https:\/\/mekulo.com\/no\/produkt\/ergonomisk-stottehandtak-for-kjoretoyet\/#primaryimage","url":"https:\/\/mekulo.com\/no\/wp-content\/uploads\/sites\/10\/2026\/01\/4agz0ig-1.png","contentUrl":"https:\/\/mekulo.com\/no\/wp-content\/uploads\/sites\/10\/2026\/01\/4agz0ig-1.png","width":1001,"height":1001},{"@type":"BreadcrumbList","@id":"https:\/\/mekulo.com\/no\/produkt\/ergonomisk-stottehandtak-for-kjoretoyet\/#breadcrumb","itemListElement":[{"@type":"ListItem","position":1,"name":"Home","item":"https:\/\/mekulo.com\/no\/"},{"@type":"ListItem","position":2,"name":"Butikk","item":"https:\/\/mekulo.com\/no\/butikk\/"},{"@type":"ListItem","position":3,"name":"Ergonomisk st\u00f8tteh\u00e5ndtak for kj\u00f8ret\u00f8yet"}]},{"@type":"WebSite","@id":"https:\/\/mekulo.com\/no\/#website","url":"https:\/\/mekulo.com\/no\/","name":"Mekulo NO","description":"","publisher":{"@id":"https:\/\/mekulo.com\/no\/#organization"},"potentialAction":[{"@type":"SearchAction","target":{"@type":"EntryPoint","urlTemplate":"https:\/\/mekulo.com\/no\/?s={search_term_string}"},"query-input":{"@type":"PropertyValueSpecification","valueRequired":true,"valueName":"search_term_string"}}],"inLanguage":"nb-NO"},{"@type":"Organization","@id":"https:\/\/mekulo.com\/no\/#organization","name":"Mekulo","url":"https:\/\/mekulo.com\/no\/","logo":{"@type":"ImageObject","inLanguage":"nb-NO","@id":"https:\/\/mekulo.com\/no\/#\/schema\/logo\/image\/","url":"https:\/\/mekulo.com\/no\/wp-content\/uploads\/sites\/10\/2025\/12\/favicon_mekulo.png","contentUrl":"https:\/\/mekulo.com\/no\/wp-content\/uploads\/sites\/10\/2025\/12\/favicon_mekulo.png","width":50,"height":50,"caption":"Mekulo"},"image":{"@id":"https:\/\/mekulo.com\/no\/#\/schema\/logo\/image\/"}}]}},"_links":{"self":[{"href":"https:\/\/mekulo.com\/no\/wp-json\/wp\/v2\/product\/18071","targetHints":{"allow":["GET"]}}],"collection":[{"href":"https:\/\/mekulo.com\/no\/wp-json\/wp\/v2\/product"}],"about":[{"href":"https:\/\/mekulo.com\/no\/wp-json\/wp\/v2\/types\/product"}],"replies":[{"embeddable":true,"href":"https:\/\/mekulo.com\/no\/wp-json\/wp\/v2\/comments?post=18071"}],"wp:featuredmedia":[{"embeddable":true,"href":"https:\/\/mekulo.com\/no\/wp-json\/wp\/v2\/media\/18067"}],"wp:attachment":[{"href":"https:\/\/mekulo.com\/no\/wp-json\/wp\/v2\/media?parent=18071"}],"wp:term":[{"taxonomy":"product_brand","embeddable":true,"href":"https:\/\/mekulo.com\/no\/wp-json\/wp\/v2\/product_brand?post=18071"},{"taxonomy":"product_cat","embeddable":true,"href":"https:\/\/mekulo.com\/no\/wp-json\/wp\/v2\/product_cat?post=18071"},{"taxonomy":"product_tag","embeddable":true,"href":"https:\/\/mekulo.com\/no\/wp-json\/wp\/v2\/product_tag?post=18071"}],"curies":[{"name":"wp","href":"https:\/\/api.w.org\/{rel}","templated":true}]}}