{"id":18021,"date":"2026-01-15T16:55:01","date_gmt":"2026-01-15T14:55:01","guid":{"rendered":"https:\/\/mekulo.com\/no\/produkt\/magnetiske-kabelbindere\/"},"modified":"2026-03-02T12:24:29","modified_gmt":"2026-03-02T10:24:29","slug":"magnetiske-kabelbindere","status":"publish","type":"product","link":"https:\/\/mekulo.com\/no\/produkt\/magnetiske-kabelbindere\/","title":{"rendered":"Magnetiske kabelbindere"},"content":{"rendered":"<p style=\"text-align: center;\" data-start=\"0\" data-end=\"51\"><strong data-start=\"0\" data-end=\"51\">Hold kablene dine ryddige og organiserte p\u00e5 f\u00e5 sekunder. \ud83d\udd0c<\/strong><\/p>\n<p data-start=\"0\" data-end=\"51\"><img fetchpriority=\"high\" decoding=\"async\" class=\"size-full wp-image-20326 aligncenter\" src=\"https:\/\/mekulo.com\/template\/wp-content\/uploads\/sites\/6\/2026\/01\/237e9d05dac8acd5de8de019dcb377e080787c15-800.png\" alt=\"\" width=\"600\" height=\"600\" \/><\/p>\n<h2 style=\"text-align: center;\" data-start=\"256\" data-end=\"275\"><strong>Hovedfordeler<\/strong><\/h2>\n<p data-start=\"279\" data-end=\"352\">\ud83e\uddf2 Sterkt magnetisk grep &#8211; Knipses sammen umiddelbart og holder seg sikkert.<\/p>\n<p data-start=\"355\" data-end=\"438\">\ud83d\udd0c Perfekt kabelorganisator &#8211; Ideell for ladekabler, hodetelefoner og ledninger.<\/p>\n<p data-start=\"441\" data-end=\"513\">\ud83c\udf08 Fleksibelt silikonmateriale &#8211; T\u00f8yelig, slitesterkt og vil ikke g\u00e5 i stykker.<\/p>\n<p data-start=\"516\" data-end=\"596\">\ud83c\udfe0 Flerbruksbruk &#8211; Fungerer som kabelb\u00e5nd, n\u00f8kkelholder, bokmerke eller klips.<\/p>\n<p data-start=\"599\" data-end=\"653\">\u26a1 Monteres p\u00e5 ett sekund &#8211; enkelt \u00e5 feste og fjerne.<\/p>\n<p data-start=\"656\" data-end=\"717\">\ud83c\udfa8 S\u00f8te fargealternativer &#8211; gir stil til skrivebordet eller hjemmet ditt.<\/p>\n<p data-start=\"656\" data-end=\"717\"><img decoding=\"async\" class=\"size-full wp-image-20328 aligncenter\" src=\"https:\/\/mekulo.com\/template\/wp-content\/uploads\/sites\/6\/2026\/01\/Sa754bd38354d42e88d098c993f0ba986i.png\" alt=\"\" width=\"800\" height=\"800\" \/><\/p>\n<h2 style=\"text-align: center;\" data-start=\"724\" data-end=\"741\"><strong>Slik Bruker Du Det<\/strong><\/h2>\n<ol data-start=\"743\" data-end=\"951\">\n<li data-start=\"743\" data-end=\"797\">\n<p data-start=\"746\" data-end=\"797\">Vikkel silikonb\u00e5ndet rundt kabelen eller gjenstanden din.<\/p>\n<\/li>\n<li data-start=\"798\" data-end=\"836\">\n<p data-start=\"801\" data-end=\"836\">F\u00f8r de magnetiske endene sammen.<\/p>\n<\/li>\n<li data-start=\"837\" data-end=\"881\">\n<p data-start=\"840\" data-end=\"881\">La magnetene klikke og l\u00e5ses p\u00e5 plass.<\/p>\n<\/li>\n<li data-start=\"882\" data-end=\"920\">\n<p data-start=\"885\" data-end=\"920\">Juster lengden for \u00e5 f\u00e5 en god passform.<\/p>\n<\/li>\n<li data-start=\"921\" data-end=\"951\">\n<p data-start=\"924\" data-end=\"951\">Fjern n\u00e5r som helst og bruk det p\u00e5 nytt.<\/p>\n<\/li>\n<\/ol>\n<h2 style=\"text-align: center;\" data-start=\"958\" data-end=\"980\"><strong>Produktdetaljer<\/strong><\/h2>\n<ul data-start=\"982\" data-end=\"1183\">\n<li data-start=\"1020\" data-end=\"1055\">\n<p data-start=\"1022\" data-end=\"1055\">Materiale: Silikon av h\u00f8y kvalitet<\/p>\n<\/li>\n<li data-start=\"1056\" data-end=\"1096\">\n<p data-start=\"1058\" data-end=\"1096\">Lukningstype: Innebygd magnetisk trykknapp<\/p>\n<\/li>\n<li data-start=\"1097\" data-end=\"1135\">\n<p data-start=\"1099\" data-end=\"1135\">Design: T\u00f8yelig og justerbar<\/p>\n<\/li>\n<li data-start=\"1136\" data-end=\"1183\">\n<p data-start=\"1138\" data-end=\"1183\">Bruk: Kabelh\u00e5ndtering, hjem, kontor, reise<\/p>\n<\/li>\n<li data-start=\"1136\" data-end=\"1183\">St\u00f8rrelse: 11 x 1,8 cm<\/li>\n<\/ul>\n<h2 style=\"text-align: center;\" data-start=\"1190\" data-end=\"1213\"><strong>Pakken inneholder<\/strong><\/h2>\n<ul data-start=\"1215\" data-end=\"1249\">\n<li data-start=\"1215\" data-end=\"1249\">\n<p data-start=\"1217\" data-end=\"1249\">10, 20x magnetiske kabelb\u00e5nd.<\/p>\n<\/li>\n<\/ul>\n","protected":false},"excerpt":{"rendered":"<p>\ud83d\udd11Disse magnetiske kabelb\u00e5ndene gj\u00f8r kabelh\u00e5ndteringen rask, ren og uanstrengt.<br \/>\n<span style=\"font-size: 16px; font-style: normal; font-weight: 400;\">\u2728<\/span>Med sterke, innebygde magneter og fleksible silikonb\u00e5nd holder de kabler, n\u00f8kler, notater og annet sikkert p\u00e5 plass &#8211; ingen knuter, ikke noe rot.<br \/>\n\ud83d\uddd2\ufe0fEn enkel, stilig l\u00f8sning for \u00e5 holde rommet ditt ryddig og fritt for rot &#8211; hvor som helst, n\u00e5r som helst.<\/p>\n","protected":false},"featured_media":18017,"comment_status":"open","ping_status":"closed","template":"","meta":{"site-sidebar-layout":"default","site-content-layout":"","ast-site-content-layout":"default","site-content-style":"default","site-sidebar-style":"default","ast-global-header-display":"","ast-banner-title-visibility":"","ast-main-header-display":"","ast-hfb-above-header-display":"","ast-hfb-below-header-display":"","ast-hfb-mobile-header-display":"","site-post-title":"","ast-breadcrumbs-content":"","ast-featured-img":"","footer-sml-layout":"","theme-transparent-header-meta":"default","adv-header-id-meta":"","stick-header-meta":"","header-above-stick-meta":"","header-main-stick-meta":"","header-below-stick-meta":"","astra-migrate-meta-layouts":"set","ast-page-background-enabled":"default","ast-page-background-meta":{"desktop":{"background-color":"var(--ast-global-color-5)","background-image":"","background-repeat":"repeat","background-position":"center center","background-size":"auto","background-attachment":"scroll","background-type":"","background-media":"","overlay-type":"","overlay-color":"","overlay-opacity":"","overlay-gradient":""},"tablet":{"background-color":"","background-image":"","background-repeat":"repeat","background-position":"center center","background-size":"auto","background-attachment":"scroll","background-type":"","background-media":"","overlay-type":"","overlay-color":"","overlay-opacity":"","overlay-gradient":""},"mobile":{"background-color":"","background-image":"","background-repeat":"repeat","background-position":"center center","background-size":"auto","background-attachment":"scroll","background-type":"","background-media":"","overlay-type":"","overlay-color":"","overlay-opacity":"","overlay-gradient":""}},"ast-content-background-meta":{"desktop":{"background-color":"var(--ast-global-color-4)","background-image":"","background-repeat":"repeat","background-position":"center center","background-size":"auto","background-attachment":"scroll","background-type":"","background-media":"","overlay-type":"","overlay-color":"","overlay-opacity":"","overlay-gradient":""},"tablet":{"background-color":"var(--ast-global-color-4)","background-image":"","background-repeat":"repeat","background-position":"center center","background-size":"auto","background-attachment":"scroll","background-type":"","background-media":"","overlay-type":"","overlay-color":"","overlay-opacity":"","overlay-gradient":""},"mobile":{"background-color":"var(--ast-global-color-4)","background-image":"","background-repeat":"repeat","background-position":"center center","background-size":"auto","background-attachment":"scroll","background-type":"","background-media":"","overlay-type":"","overlay-color":"","overlay-opacity":"","overlay-gradient":""}}},"product_brand":[],"product_cat":[165,168],"product_tag":[],"class_list":{"0":"post-18021","1":"product","2":"type-product","3":"status-publish","4":"has-post-thumbnail","6":"product_cat-fottoy-tilbehor","7":"product_cat-husholdningsartikler","8":"pa_68011_5492pvm7-10-stk","9":"pa_68011_5492pvm7-20-stk","10":"pa_68011_umci14n3-bla","11":"pa_68011_umci14n3-gra","12":"pa_68011_umci14n3-gronn","13":"pa_68011_umci14n3-gul","14":"pa_68011_umci14n3-hvit","15":"pa_68011_umci14n3-lilla","16":"pa_68011_umci14n3-rod","17":"pa_68011_umci14n3-rosa","18":"pa_68011_umci14n3-rosenrod","19":"pa_68011_umci14n3-svart","20":"desktop-align-left","21":"tablet-align-left","22":"mobile-align-left","24":"first","25":"instock","26":"shipping-taxable","27":"purchasable","28":"product-type-variable","29":"has-default-attributes"},"yoast_head":"<!-- This site is optimized with the Yoast SEO plugin v26.6 - https:\/\/yoast.com\/wordpress\/plugins\/seo\/ -->\n<title>Magnetiske kabelbindere - Mekulo NO<\/title>\n<meta name=\"robots\" content=\"index, follow, max-snippet:-1, max-image-preview:large, max-video-preview:-1\" \/>\n<link rel=\"canonical\" href=\"https:\/\/mekulo.com\/no\/produkt\/magnetiske-kabelbindere\/\" \/>\n<meta property=\"og:locale\" content=\"nb_NO\" \/>\n<meta property=\"og:type\" content=\"article\" \/>\n<meta property=\"og:title\" content=\"Magnetiske kabelbindere - Mekulo NO\" \/>\n<meta property=\"og:description\" content=\"\ud83d\udd11Disse magnetiske kabelb\u00e5ndene gj\u00f8r kabelh\u00e5ndteringen rask, ren og uanstrengt. \u2728Med sterke, innebygde magneter og fleksible silikonb\u00e5nd holder de kabler, n\u00f8kler, notater og annet sikkert p\u00e5 plass - ingen knuter, ikke noe rot. \ud83d\uddd2\ufe0fEn enkel, stilig l\u00f8sning for \u00e5 holde rommet ditt ryddig og fritt for rot - hvor som helst, n\u00e5r som helst.\" \/>\n<meta property=\"og:url\" content=\"https:\/\/mekulo.com\/no\/produkt\/magnetiske-kabelbindere\/\" \/>\n<meta property=\"og:site_name\" content=\"Mekulo NO\" \/>\n<meta property=\"article:modified_time\" content=\"2026-03-02T10:24:29+00:00\" \/>\n<meta property=\"og:image\" content=\"https:\/\/mekulo.com\/no\/wp-content\/uploads\/sites\/10\/2026\/01\/47m60qg-1.png\" \/>\n\t<meta property=\"og:image:width\" content=\"800\" \/>\n\t<meta property=\"og:image:height\" content=\"800\" \/>\n\t<meta property=\"og:image:type\" content=\"image\/png\" \/>\n<meta name=\"twitter:card\" content=\"summary_large_image\" \/>\n<meta name=\"twitter:label1\" content=\"Ansl. lesetid\" \/>\n\t<meta name=\"twitter:data1\" content=\"2 minutter\" \/>\n<script type=\"application\/ld+json\" class=\"yoast-schema-graph\">{\"@context\":\"https:\/\/schema.org\",\"@graph\":[{\"@type\":\"WebPage\",\"@id\":\"https:\/\/mekulo.com\/no\/produkt\/magnetiske-kabelbindere\/\",\"url\":\"https:\/\/mekulo.com\/no\/produkt\/magnetiske-kabelbindere\/\",\"name\":\"Magnetiske kabelbindere - Mekulo NO\",\"isPartOf\":{\"@id\":\"https:\/\/mekulo.com\/no\/#website\"},\"primaryImageOfPage\":{\"@id\":\"https:\/\/mekulo.com\/no\/produkt\/magnetiske-kabelbindere\/#primaryimage\"},\"image\":{\"@id\":\"https:\/\/mekulo.com\/no\/produkt\/magnetiske-kabelbindere\/#primaryimage\"},\"thumbnailUrl\":\"https:\/\/mekulo.com\/no\/wp-content\/uploads\/sites\/10\/2026\/01\/47m60qg-1.png\",\"datePublished\":\"2026-01-15T14:55:01+00:00\",\"dateModified\":\"2026-03-02T10:24:29+00:00\",\"breadcrumb\":{\"@id\":\"https:\/\/mekulo.com\/no\/produkt\/magnetiske-kabelbindere\/#breadcrumb\"},\"inLanguage\":\"nb-NO\",\"potentialAction\":[{\"@type\":\"ReadAction\",\"target\":[\"https:\/\/mekulo.com\/no\/produkt\/magnetiske-kabelbindere\/\"]}]},{\"@type\":\"ImageObject\",\"inLanguage\":\"nb-NO\",\"@id\":\"https:\/\/mekulo.com\/no\/produkt\/magnetiske-kabelbindere\/#primaryimage\",\"url\":\"https:\/\/mekulo.com\/no\/wp-content\/uploads\/sites\/10\/2026\/01\/47m60qg-1.png\",\"contentUrl\":\"https:\/\/mekulo.com\/no\/wp-content\/uploads\/sites\/10\/2026\/01\/47m60qg-1.png\",\"width\":800,\"height\":800},{\"@type\":\"BreadcrumbList\",\"@id\":\"https:\/\/mekulo.com\/no\/produkt\/magnetiske-kabelbindere\/#breadcrumb\",\"itemListElement\":[{\"@type\":\"ListItem\",\"position\":1,\"name\":\"Home\",\"item\":\"https:\/\/mekulo.com\/no\/\"},{\"@type\":\"ListItem\",\"position\":2,\"name\":\"Butikk\",\"item\":\"https:\/\/mekulo.com\/no\/butikk\/\"},{\"@type\":\"ListItem\",\"position\":3,\"name\":\"Magnetiske kabelbindere\"}]},{\"@type\":\"WebSite\",\"@id\":\"https:\/\/mekulo.com\/no\/#website\",\"url\":\"https:\/\/mekulo.com\/no\/\",\"name\":\"Mekulo NO\",\"description\":\"\",\"publisher\":{\"@id\":\"https:\/\/mekulo.com\/no\/#organization\"},\"potentialAction\":[{\"@type\":\"SearchAction\",\"target\":{\"@type\":\"EntryPoint\",\"urlTemplate\":\"https:\/\/mekulo.com\/no\/?s={search_term_string}\"},\"query-input\":{\"@type\":\"PropertyValueSpecification\",\"valueRequired\":true,\"valueName\":\"search_term_string\"}}],\"inLanguage\":\"nb-NO\"},{\"@type\":\"Organization\",\"@id\":\"https:\/\/mekulo.com\/no\/#organization\",\"name\":\"Mekulo\",\"url\":\"https:\/\/mekulo.com\/no\/\",\"logo\":{\"@type\":\"ImageObject\",\"inLanguage\":\"nb-NO\",\"@id\":\"https:\/\/mekulo.com\/no\/#\/schema\/logo\/image\/\",\"url\":\"https:\/\/mekulo.com\/no\/wp-content\/uploads\/sites\/10\/2025\/12\/favicon_mekulo.png\",\"contentUrl\":\"https:\/\/mekulo.com\/no\/wp-content\/uploads\/sites\/10\/2025\/12\/favicon_mekulo.png\",\"width\":50,\"height\":50,\"caption\":\"Mekulo\"},\"image\":{\"@id\":\"https:\/\/mekulo.com\/no\/#\/schema\/logo\/image\/\"}}]}<\/script>\n<!-- \/ Yoast SEO plugin. -->","yoast_head_json":{"title":"Magnetiske kabelbindere - Mekulo NO","robots":{"index":"index","follow":"follow","max-snippet":"max-snippet:-1","max-image-preview":"max-image-preview:large","max-video-preview":"max-video-preview:-1"},"canonical":"https:\/\/mekulo.com\/no\/produkt\/magnetiske-kabelbindere\/","og_locale":"nb_NO","og_type":"article","og_title":"Magnetiske kabelbindere - Mekulo NO","og_description":"\ud83d\udd11Disse magnetiske kabelb\u00e5ndene gj\u00f8r kabelh\u00e5ndteringen rask, ren og uanstrengt. \u2728Med sterke, innebygde magneter og fleksible silikonb\u00e5nd holder de kabler, n\u00f8kler, notater og annet sikkert p\u00e5 plass - ingen knuter, ikke noe rot. \ud83d\uddd2\ufe0fEn enkel, stilig l\u00f8sning for \u00e5 holde rommet ditt ryddig og fritt for rot - hvor som helst, n\u00e5r som helst.","og_url":"https:\/\/mekulo.com\/no\/produkt\/magnetiske-kabelbindere\/","og_site_name":"Mekulo NO","article_modified_time":"2026-03-02T10:24:29+00:00","og_image":[{"width":800,"height":800,"url":"https:\/\/mekulo.com\/no\/wp-content\/uploads\/sites\/10\/2026\/01\/47m60qg-1.png","type":"image\/png"}],"twitter_card":"summary_large_image","twitter_misc":{"Ansl. lesetid":"2 minutter"},"schema":{"@context":"https:\/\/schema.org","@graph":[{"@type":"WebPage","@id":"https:\/\/mekulo.com\/no\/produkt\/magnetiske-kabelbindere\/","url":"https:\/\/mekulo.com\/no\/produkt\/magnetiske-kabelbindere\/","name":"Magnetiske kabelbindere - Mekulo NO","isPartOf":{"@id":"https:\/\/mekulo.com\/no\/#website"},"primaryImageOfPage":{"@id":"https:\/\/mekulo.com\/no\/produkt\/magnetiske-kabelbindere\/#primaryimage"},"image":{"@id":"https:\/\/mekulo.com\/no\/produkt\/magnetiske-kabelbindere\/#primaryimage"},"thumbnailUrl":"https:\/\/mekulo.com\/no\/wp-content\/uploads\/sites\/10\/2026\/01\/47m60qg-1.png","datePublished":"2026-01-15T14:55:01+00:00","dateModified":"2026-03-02T10:24:29+00:00","breadcrumb":{"@id":"https:\/\/mekulo.com\/no\/produkt\/magnetiske-kabelbindere\/#breadcrumb"},"inLanguage":"nb-NO","potentialAction":[{"@type":"ReadAction","target":["https:\/\/mekulo.com\/no\/produkt\/magnetiske-kabelbindere\/"]}]},{"@type":"ImageObject","inLanguage":"nb-NO","@id":"https:\/\/mekulo.com\/no\/produkt\/magnetiske-kabelbindere\/#primaryimage","url":"https:\/\/mekulo.com\/no\/wp-content\/uploads\/sites\/10\/2026\/01\/47m60qg-1.png","contentUrl":"https:\/\/mekulo.com\/no\/wp-content\/uploads\/sites\/10\/2026\/01\/47m60qg-1.png","width":800,"height":800},{"@type":"BreadcrumbList","@id":"https:\/\/mekulo.com\/no\/produkt\/magnetiske-kabelbindere\/#breadcrumb","itemListElement":[{"@type":"ListItem","position":1,"name":"Home","item":"https:\/\/mekulo.com\/no\/"},{"@type":"ListItem","position":2,"name":"Butikk","item":"https:\/\/mekulo.com\/no\/butikk\/"},{"@type":"ListItem","position":3,"name":"Magnetiske kabelbindere"}]},{"@type":"WebSite","@id":"https:\/\/mekulo.com\/no\/#website","url":"https:\/\/mekulo.com\/no\/","name":"Mekulo NO","description":"","publisher":{"@id":"https:\/\/mekulo.com\/no\/#organization"},"potentialAction":[{"@type":"SearchAction","target":{"@type":"EntryPoint","urlTemplate":"https:\/\/mekulo.com\/no\/?s={search_term_string}"},"query-input":{"@type":"PropertyValueSpecification","valueRequired":true,"valueName":"search_term_string"}}],"inLanguage":"nb-NO"},{"@type":"Organization","@id":"https:\/\/mekulo.com\/no\/#organization","name":"Mekulo","url":"https:\/\/mekulo.com\/no\/","logo":{"@type":"ImageObject","inLanguage":"nb-NO","@id":"https:\/\/mekulo.com\/no\/#\/schema\/logo\/image\/","url":"https:\/\/mekulo.com\/no\/wp-content\/uploads\/sites\/10\/2025\/12\/favicon_mekulo.png","contentUrl":"https:\/\/mekulo.com\/no\/wp-content\/uploads\/sites\/10\/2025\/12\/favicon_mekulo.png","width":50,"height":50,"caption":"Mekulo"},"image":{"@id":"https:\/\/mekulo.com\/no\/#\/schema\/logo\/image\/"}}]}},"_links":{"self":[{"href":"https:\/\/mekulo.com\/no\/wp-json\/wp\/v2\/product\/18021","targetHints":{"allow":["GET"]}}],"collection":[{"href":"https:\/\/mekulo.com\/no\/wp-json\/wp\/v2\/product"}],"about":[{"href":"https:\/\/mekulo.com\/no\/wp-json\/wp\/v2\/types\/product"}],"replies":[{"embeddable":true,"href":"https:\/\/mekulo.com\/no\/wp-json\/wp\/v2\/comments?post=18021"}],"wp:featuredmedia":[{"embeddable":true,"href":"https:\/\/mekulo.com\/no\/wp-json\/wp\/v2\/media\/18017"}],"wp:attachment":[{"href":"https:\/\/mekulo.com\/no\/wp-json\/wp\/v2\/media?parent=18021"}],"wp:term":[{"taxonomy":"product_brand","embeddable":true,"href":"https:\/\/mekulo.com\/no\/wp-json\/wp\/v2\/product_brand?post=18021"},{"taxonomy":"product_cat","embeddable":true,"href":"https:\/\/mekulo.com\/no\/wp-json\/wp\/v2\/product_cat?post=18021"},{"taxonomy":"product_tag","embeddable":true,"href":"https:\/\/mekulo.com\/no\/wp-json\/wp\/v2\/product_tag?post=18021"}],"curies":[{"name":"wp","href":"https:\/\/api.w.org\/{rel}","templated":true}]}}