{"id":18006,"date":"2026-01-15T16:53:20","date_gmt":"2026-01-15T14:53:20","guid":{"rendered":"https:\/\/mekulo.com\/no\/produkt\/slankt-skrallesett\/"},"modified":"2026-01-16T20:01:28","modified_gmt":"2026-01-16T18:01:28","slug":"slankt-skrallesett","status":"publish","type":"product","link":"https:\/\/mekulo.com\/no\/produkt\/slankt-skrallesett\/","title":{"rendered":"Slankt skrallesett"},"content":{"rendered":"<p style=\"text-align: center;\" data-start=\"0\" data-end=\"78\"><strong data-start=\"0\" data-end=\"78\">Stram, L\u00f8sne Og Reparer Med Full Kontroll &#8211; Selv P\u00e5 De Minste Steder.<\/strong><span style=\"font-size: 16px; font-style: normal; font-weight: 400;\">\ud83d\udee0\ufe0f<\/span><\/p>\n<p data-start=\"0\" data-end=\"78\"><img decoding=\"async\" class=\"size-full wp-image-20314 aligncenter\" src=\"https:\/\/mekulo.com\/template\/wp-content\/uploads\/sites\/6\/2026\/01\/887aec9dbd563d99463b653898639c810089c989-800.avif\" alt=\"\" \/><\/p>\n<h2 style=\"text-align: center;\" data-start=\"353\" data-end=\"372\">\u2b50 Hovedfordeler<\/h2>\n<p data-start=\"376\" data-end=\"443\">\ud83d\udd27 Slank skralleutforming &#8211; enkelt arbeid p\u00e5 trange og smale steder.<\/p>\n<p data-start=\"446\" data-end=\"520\">\u2699\ufe0f CR-V-st\u00e5l med h\u00f8yt dreiemoment &#8211; sterkt, rustbestandig og langvarig.<\/p>\n<p data-start=\"523\" data-end=\"581\">\ud83d\udd29 S2-st\u00e5lbiter &#8211; harde, slitesterke og holdbare.<\/p>\n<p data-start=\"584\" data-end=\"656\">\ud83d\udd04 Fleksible og universelle forlengere &#8211; n\u00e5r enkelt vanskelige vinkler.<\/p>\n<p data-start=\"659\" data-end=\"732\">\ud83e\uddf0 Komplett sett med 46 deler &#8211; dekker de fleste reparasjons- og vedlikeholdsbehov.<\/p>\n<p data-start=\"735\" data-end=\"804\">\ud83d\udce6 Organisert b\u00e6reveske &#8211; Verkt\u00f8yene er beskyttet og lette \u00e5 finne.<\/p>\n<p data-start=\"735\" data-end=\"804\"><img decoding=\"async\" class=\"size-full wp-image-20316 aligncenter\" src=\"https:\/\/mekulo.com\/template\/wp-content\/uploads\/sites\/6\/2026\/01\/b60cd334dc5b57c919ec5561ee81fe5b34d52aeb.avif\" alt=\"\" \/><\/p>\n<h2 style=\"text-align: center;\" data-start=\"811\" data-end=\"828\">\u25b6\ufe0f Slik Bruker Du Det<\/h2>\n<ol data-start=\"830\" data-end=\"1087\">\n<li data-start=\"830\" data-end=\"882\">\n<p data-start=\"833\" data-end=\"882\">Velg riktig hylse eller bits til oppgaven.<\/p>\n<\/li>\n<li data-start=\"883\" data-end=\"936\">\n<p data-start=\"886\" data-end=\"936\">Fest den til skralle, forlenger eller adapter.<\/p>\n<\/li>\n<li data-start=\"937\" data-end=\"986\">\n<p data-start=\"940\" data-end=\"986\">Bruk det slanke skralleh\u00e5ndtaket til trange omr\u00e5der.<\/p>\n<\/li>\n<li data-start=\"987\" data-end=\"1040\">\n<p data-start=\"990\" data-end=\"1040\">Bytt retning for \u00e5 stramme eller l\u00f8sne festeanordninger.<\/p>\n<\/li>\n<li data-start=\"1041\" data-end=\"1087\">\n<p data-start=\"1044\" data-end=\"1087\">Oppbevar verkt\u00f8yene pent i vesken etter bruk.<\/p>\n<\/li>\n<\/ol>\n<h2 style=\"text-align: center;\" data-start=\"1094\" data-end=\"1116\">\ud83d\udcd0 Produktdetaljer<\/h2>\n<ul data-start=\"1118\" data-end=\"1350\">\n<li data-start=\"1153\" data-end=\"1204\">\n<p data-start=\"1155\" data-end=\"1204\">Materiale: Krom vanadiumst\u00e5l + S2 st\u00e5lbiter<\/p>\n<\/li>\n<li data-start=\"1205\" data-end=\"1244\">\n<p data-start=\"1207\" data-end=\"1244\">Skralle type: 24-tanns fin skralle<\/p>\n<\/li>\n<li data-start=\"1286\" data-end=\"1306\">\n<p data-start=\"1288\" data-end=\"1306\">Totalt antall stykker: 46<\/p>\n<\/li>\n<li data-start=\"1307\" data-end=\"1350\">\n<p data-start=\"1309\" data-end=\"1350\">Overflate: Speilpolert, rustbestandig<\/p>\n<\/li>\n<\/ul>\n<h2 style=\"text-align: center;\" data-start=\"1562\" data-end=\"1585\">\ud83d\udce6 Pakken inneholder<\/h2>\n<ul data-start=\"1587\" data-end=\"1679\">\n<li data-start=\"1587\" data-end=\"1615\">21x bitsokler: SL4,5,5,7,PH1,2,3 PZ1,2,3 HEX3,4,5,6,7,8 T10,15,20,25,30,40<\/li>\n<li data-start=\"1587\" data-end=\"1615\">13x 0,6 cm DR-stikkontakter: 4,4,5,5,5,5,6,7,8,9,10,11,12,13,14 mm<\/li>\n<li data-start=\"1587\" data-end=\"1615\">3x sekskantn\u00f8kler: 1,5,2,0,2,5 mm<\/li>\n<li data-start=\"1587\" data-end=\"1615\">1x 0,6 cm DR-kardang<\/li>\n<li data-start=\"1587\" data-end=\"1615\">1x 0,6 cm X2&#8243;-forlengelsesstang<\/li>\n<li data-start=\"1587\" data-end=\"1615\">1x 0,6 cm X4&#8243;-forlengelsesstang<\/li>\n<li data-start=\"1587\" data-end=\"1615\">1x 0,6 cm X6&#8243;-fleksibel forlengelse<\/li>\n<li data-start=\"1587\" data-end=\"1615\">1x 0,6 cm DR-glidende T-stang<\/li>\n<li data-start=\"1587\" data-end=\"1615\">1x 0,6 cm hurtigskralleh\u00e5ndtak<\/li>\n<li data-start=\"1587\" data-end=\"1615\">1x 15 cm spinnerh\u00e5ndtak<\/li>\n<li data-start=\"1587\" data-end=\"1615\">1x bitsadapter<\/li>\n<li data-start=\"1587\" data-end=\"1615\">1x bl\u00e5setaske.<\/li>\n<\/ul>\n","protected":false},"excerpt":{"rendered":"<p>\u2699\ufe0fDette slankt skrallesett gir deg et kompakt, men kraftig verkt\u00f8ysett bygget for presisjonsarbeid, h\u00f8yt dreiemoment og jevn drift.<br \/>\n\ud83d\udd27Med en slank skralle, slitesterke verkt\u00f8y i CR-V-st\u00e5l og et bredt utvalg bits og stikkontakter er det perfekt for oppgaver i hjemmet, i bilbransjen og til profesjonelle oppgaver.<br \/>\n\ud83e\ude9bEt kompakt skrallesett av h\u00f8y kvalitet som er designet for presisjon, kraft og p\u00e5litelighet i hverdagen.<span style=\"font-size: 16px; font-style: normal; font-weight: 400;\">\u00a0<\/span><\/p>\n","protected":false},"featured_media":18002,"comment_status":"open","ping_status":"closed","template":"","meta":{"site-sidebar-layout":"default","site-content-layout":"","ast-site-content-layout":"default","site-content-style":"default","site-sidebar-style":"default","ast-global-header-display":"","ast-banner-title-visibility":"","ast-main-header-display":"","ast-hfb-above-header-display":"","ast-hfb-below-header-display":"","ast-hfb-mobile-header-display":"","site-post-title":"","ast-breadcrumbs-content":"","ast-featured-img":"","footer-sml-layout":"","theme-transparent-header-meta":"default","adv-header-id-meta":"","stick-header-meta":"","header-above-stick-meta":"","header-main-stick-meta":"","header-below-stick-meta":"","astra-migrate-meta-layouts":"set","ast-page-background-enabled":"default","ast-page-background-meta":{"desktop":{"background-color":"var(--ast-global-color-5)","background-image":"","background-repeat":"repeat","background-position":"center center","background-size":"auto","background-attachment":"scroll","background-type":"","background-media":"","overlay-type":"","overlay-color":"","overlay-opacity":"","overlay-gradient":""},"tablet":{"background-color":"","background-image":"","background-repeat":"repeat","background-position":"center center","background-size":"auto","background-attachment":"scroll","background-type":"","background-media":"","overlay-type":"","overlay-color":"","overlay-opacity":"","overlay-gradient":""},"mobile":{"background-color":"","background-image":"","background-repeat":"repeat","background-position":"center center","background-size":"auto","background-attachment":"scroll","background-type":"","background-media":"","overlay-type":"","overlay-color":"","overlay-opacity":"","overlay-gradient":""}},"ast-content-background-meta":{"desktop":{"background-color":"var(--ast-global-color-4)","background-image":"","background-repeat":"repeat","background-position":"center center","background-size":"auto","background-attachment":"scroll","background-type":"","background-media":"","overlay-type":"","overlay-color":"","overlay-opacity":"","overlay-gradient":""},"tablet":{"background-color":"var(--ast-global-color-4)","background-image":"","background-repeat":"repeat","background-position":"center center","background-size":"auto","background-attachment":"scroll","background-type":"","background-media":"","overlay-type":"","overlay-color":"","overlay-opacity":"","overlay-gradient":""},"mobile":{"background-color":"var(--ast-global-color-4)","background-image":"","background-repeat":"repeat","background-position":"center center","background-size":"auto","background-attachment":"scroll","background-type":"","background-media":"","overlay-type":"","overlay-color":"","overlay-opacity":"","overlay-gradient":""}}},"product_brand":[],"product_cat":[171],"product_tag":[],"class_list":{"0":"post-18006","1":"product","2":"type-product","3":"status-publish","4":"has-post-thumbnail","6":"product_cat-verktoy","7":"pa_67931_6biejm44-gronn","8":"pa_67931_6biejm44-rod","9":"pa_67931_6biejm44-svart","10":"desktop-align-left","11":"tablet-align-left","12":"mobile-align-left","14":"first","15":"instock","16":"shipping-taxable","17":"purchasable","18":"product-type-variable"},"yoast_head":"<!-- This site is optimized with the Yoast SEO plugin v26.6 - https:\/\/yoast.com\/wordpress\/plugins\/seo\/ -->\n<title>Slankt skrallesett - Mekulo NO<\/title>\n<meta name=\"robots\" content=\"index, follow, max-snippet:-1, max-image-preview:large, max-video-preview:-1\" \/>\n<link rel=\"canonical\" href=\"https:\/\/mekulo.com\/no\/produkt\/slankt-skrallesett\/\" \/>\n<meta property=\"og:locale\" content=\"nb_NO\" \/>\n<meta property=\"og:type\" content=\"article\" \/>\n<meta property=\"og:title\" content=\"Slankt skrallesett - Mekulo NO\" \/>\n<meta property=\"og:description\" content=\"\u2699\ufe0fDette slankt skrallesett gir deg et kompakt, men kraftig verkt\u00f8ysett bygget for presisjonsarbeid, h\u00f8yt dreiemoment og jevn drift. \ud83d\udd27Med en slank skralle, slitesterke verkt\u00f8y i CR-V-st\u00e5l og et bredt utvalg bits og stikkontakter er det perfekt for oppgaver i hjemmet, i bilbransjen og til profesjonelle oppgaver. \ud83e\ude9bEt kompakt skrallesett av h\u00f8y kvalitet som er designet for presisjon, kraft og p\u00e5litelighet i hverdagen.\u00a0\" \/>\n<meta property=\"og:url\" content=\"https:\/\/mekulo.com\/no\/produkt\/slankt-skrallesett\/\" \/>\n<meta property=\"og:site_name\" content=\"Mekulo NO\" \/>\n<meta property=\"article:modified_time\" content=\"2026-01-16T18:01:28+00:00\" \/>\n<meta property=\"og:image\" content=\"https:\/\/mekulo.com\/no\/wp-content\/uploads\/sites\/10\/2026\/01\/y9budoe-1.jpg\" \/>\n\t<meta property=\"og:image:width\" content=\"800\" \/>\n\t<meta property=\"og:image:height\" content=\"800\" \/>\n\t<meta property=\"og:image:type\" content=\"image\/jpeg\" \/>\n<meta name=\"twitter:card\" content=\"summary_large_image\" \/>\n<meta name=\"twitter:label1\" content=\"Ansl. lesetid\" \/>\n\t<meta name=\"twitter:data1\" content=\"2 minutter\" \/>\n<script type=\"application\/ld+json\" class=\"yoast-schema-graph\">{\"@context\":\"https:\/\/schema.org\",\"@graph\":[{\"@type\":\"WebPage\",\"@id\":\"https:\/\/mekulo.com\/no\/produkt\/slankt-skrallesett\/\",\"url\":\"https:\/\/mekulo.com\/no\/produkt\/slankt-skrallesett\/\",\"name\":\"Slankt skrallesett - Mekulo NO\",\"isPartOf\":{\"@id\":\"https:\/\/mekulo.com\/no\/#website\"},\"primaryImageOfPage\":{\"@id\":\"https:\/\/mekulo.com\/no\/produkt\/slankt-skrallesett\/#primaryimage\"},\"image\":{\"@id\":\"https:\/\/mekulo.com\/no\/produkt\/slankt-skrallesett\/#primaryimage\"},\"thumbnailUrl\":\"https:\/\/mekulo.com\/no\/wp-content\/uploads\/sites\/10\/2026\/01\/y9budoe-1.jpg\",\"datePublished\":\"2026-01-15T14:53:20+00:00\",\"dateModified\":\"2026-01-16T18:01:28+00:00\",\"breadcrumb\":{\"@id\":\"https:\/\/mekulo.com\/no\/produkt\/slankt-skrallesett\/#breadcrumb\"},\"inLanguage\":\"nb-NO\",\"potentialAction\":[{\"@type\":\"ReadAction\",\"target\":[\"https:\/\/mekulo.com\/no\/produkt\/slankt-skrallesett\/\"]}]},{\"@type\":\"ImageObject\",\"inLanguage\":\"nb-NO\",\"@id\":\"https:\/\/mekulo.com\/no\/produkt\/slankt-skrallesett\/#primaryimage\",\"url\":\"https:\/\/mekulo.com\/no\/wp-content\/uploads\/sites\/10\/2026\/01\/y9budoe-1.jpg\",\"contentUrl\":\"https:\/\/mekulo.com\/no\/wp-content\/uploads\/sites\/10\/2026\/01\/y9budoe-1.jpg\",\"width\":800,\"height\":800},{\"@type\":\"BreadcrumbList\",\"@id\":\"https:\/\/mekulo.com\/no\/produkt\/slankt-skrallesett\/#breadcrumb\",\"itemListElement\":[{\"@type\":\"ListItem\",\"position\":1,\"name\":\"Home\",\"item\":\"https:\/\/mekulo.com\/no\/\"},{\"@type\":\"ListItem\",\"position\":2,\"name\":\"Butikk\",\"item\":\"https:\/\/mekulo.com\/no\/butikk\/\"},{\"@type\":\"ListItem\",\"position\":3,\"name\":\"Slankt skrallesett\"}]},{\"@type\":\"WebSite\",\"@id\":\"https:\/\/mekulo.com\/no\/#website\",\"url\":\"https:\/\/mekulo.com\/no\/\",\"name\":\"Mekulo NO\",\"description\":\"\",\"publisher\":{\"@id\":\"https:\/\/mekulo.com\/no\/#organization\"},\"potentialAction\":[{\"@type\":\"SearchAction\",\"target\":{\"@type\":\"EntryPoint\",\"urlTemplate\":\"https:\/\/mekulo.com\/no\/?s={search_term_string}\"},\"query-input\":{\"@type\":\"PropertyValueSpecification\",\"valueRequired\":true,\"valueName\":\"search_term_string\"}}],\"inLanguage\":\"nb-NO\"},{\"@type\":\"Organization\",\"@id\":\"https:\/\/mekulo.com\/no\/#organization\",\"name\":\"Mekulo\",\"url\":\"https:\/\/mekulo.com\/no\/\",\"logo\":{\"@type\":\"ImageObject\",\"inLanguage\":\"nb-NO\",\"@id\":\"https:\/\/mekulo.com\/no\/#\/schema\/logo\/image\/\",\"url\":\"https:\/\/mekulo.com\/no\/wp-content\/uploads\/sites\/10\/2025\/12\/favicon_mekulo.png\",\"contentUrl\":\"https:\/\/mekulo.com\/no\/wp-content\/uploads\/sites\/10\/2025\/12\/favicon_mekulo.png\",\"width\":50,\"height\":50,\"caption\":\"Mekulo\"},\"image\":{\"@id\":\"https:\/\/mekulo.com\/no\/#\/schema\/logo\/image\/\"}}]}<\/script>\n<!-- \/ Yoast SEO plugin. -->","yoast_head_json":{"title":"Slankt skrallesett - Mekulo NO","robots":{"index":"index","follow":"follow","max-snippet":"max-snippet:-1","max-image-preview":"max-image-preview:large","max-video-preview":"max-video-preview:-1"},"canonical":"https:\/\/mekulo.com\/no\/produkt\/slankt-skrallesett\/","og_locale":"nb_NO","og_type":"article","og_title":"Slankt skrallesett - Mekulo NO","og_description":"\u2699\ufe0fDette slankt skrallesett gir deg et kompakt, men kraftig verkt\u00f8ysett bygget for presisjonsarbeid, h\u00f8yt dreiemoment og jevn drift. \ud83d\udd27Med en slank skralle, slitesterke verkt\u00f8y i CR-V-st\u00e5l og et bredt utvalg bits og stikkontakter er det perfekt for oppgaver i hjemmet, i bilbransjen og til profesjonelle oppgaver. \ud83e\ude9bEt kompakt skrallesett av h\u00f8y kvalitet som er designet for presisjon, kraft og p\u00e5litelighet i hverdagen.\u00a0","og_url":"https:\/\/mekulo.com\/no\/produkt\/slankt-skrallesett\/","og_site_name":"Mekulo NO","article_modified_time":"2026-01-16T18:01:28+00:00","og_image":[{"width":800,"height":800,"url":"https:\/\/mekulo.com\/no\/wp-content\/uploads\/sites\/10\/2026\/01\/y9budoe-1.jpg","type":"image\/jpeg"}],"twitter_card":"summary_large_image","twitter_misc":{"Ansl. lesetid":"2 minutter"},"schema":{"@context":"https:\/\/schema.org","@graph":[{"@type":"WebPage","@id":"https:\/\/mekulo.com\/no\/produkt\/slankt-skrallesett\/","url":"https:\/\/mekulo.com\/no\/produkt\/slankt-skrallesett\/","name":"Slankt skrallesett - Mekulo NO","isPartOf":{"@id":"https:\/\/mekulo.com\/no\/#website"},"primaryImageOfPage":{"@id":"https:\/\/mekulo.com\/no\/produkt\/slankt-skrallesett\/#primaryimage"},"image":{"@id":"https:\/\/mekulo.com\/no\/produkt\/slankt-skrallesett\/#primaryimage"},"thumbnailUrl":"https:\/\/mekulo.com\/no\/wp-content\/uploads\/sites\/10\/2026\/01\/y9budoe-1.jpg","datePublished":"2026-01-15T14:53:20+00:00","dateModified":"2026-01-16T18:01:28+00:00","breadcrumb":{"@id":"https:\/\/mekulo.com\/no\/produkt\/slankt-skrallesett\/#breadcrumb"},"inLanguage":"nb-NO","potentialAction":[{"@type":"ReadAction","target":["https:\/\/mekulo.com\/no\/produkt\/slankt-skrallesett\/"]}]},{"@type":"ImageObject","inLanguage":"nb-NO","@id":"https:\/\/mekulo.com\/no\/produkt\/slankt-skrallesett\/#primaryimage","url":"https:\/\/mekulo.com\/no\/wp-content\/uploads\/sites\/10\/2026\/01\/y9budoe-1.jpg","contentUrl":"https:\/\/mekulo.com\/no\/wp-content\/uploads\/sites\/10\/2026\/01\/y9budoe-1.jpg","width":800,"height":800},{"@type":"BreadcrumbList","@id":"https:\/\/mekulo.com\/no\/produkt\/slankt-skrallesett\/#breadcrumb","itemListElement":[{"@type":"ListItem","position":1,"name":"Home","item":"https:\/\/mekulo.com\/no\/"},{"@type":"ListItem","position":2,"name":"Butikk","item":"https:\/\/mekulo.com\/no\/butikk\/"},{"@type":"ListItem","position":3,"name":"Slankt skrallesett"}]},{"@type":"WebSite","@id":"https:\/\/mekulo.com\/no\/#website","url":"https:\/\/mekulo.com\/no\/","name":"Mekulo NO","description":"","publisher":{"@id":"https:\/\/mekulo.com\/no\/#organization"},"potentialAction":[{"@type":"SearchAction","target":{"@type":"EntryPoint","urlTemplate":"https:\/\/mekulo.com\/no\/?s={search_term_string}"},"query-input":{"@type":"PropertyValueSpecification","valueRequired":true,"valueName":"search_term_string"}}],"inLanguage":"nb-NO"},{"@type":"Organization","@id":"https:\/\/mekulo.com\/no\/#organization","name":"Mekulo","url":"https:\/\/mekulo.com\/no\/","logo":{"@type":"ImageObject","inLanguage":"nb-NO","@id":"https:\/\/mekulo.com\/no\/#\/schema\/logo\/image\/","url":"https:\/\/mekulo.com\/no\/wp-content\/uploads\/sites\/10\/2025\/12\/favicon_mekulo.png","contentUrl":"https:\/\/mekulo.com\/no\/wp-content\/uploads\/sites\/10\/2025\/12\/favicon_mekulo.png","width":50,"height":50,"caption":"Mekulo"},"image":{"@id":"https:\/\/mekulo.com\/no\/#\/schema\/logo\/image\/"}}]}},"_links":{"self":[{"href":"https:\/\/mekulo.com\/no\/wp-json\/wp\/v2\/product\/18006","targetHints":{"allow":["GET"]}}],"collection":[{"href":"https:\/\/mekulo.com\/no\/wp-json\/wp\/v2\/product"}],"about":[{"href":"https:\/\/mekulo.com\/no\/wp-json\/wp\/v2\/types\/product"}],"replies":[{"embeddable":true,"href":"https:\/\/mekulo.com\/no\/wp-json\/wp\/v2\/comments?post=18006"}],"wp:featuredmedia":[{"embeddable":true,"href":"https:\/\/mekulo.com\/no\/wp-json\/wp\/v2\/media\/18002"}],"wp:attachment":[{"href":"https:\/\/mekulo.com\/no\/wp-json\/wp\/v2\/media?parent=18006"}],"wp:term":[{"taxonomy":"product_brand","embeddable":true,"href":"https:\/\/mekulo.com\/no\/wp-json\/wp\/v2\/product_brand?post=18006"},{"taxonomy":"product_cat","embeddable":true,"href":"https:\/\/mekulo.com\/no\/wp-json\/wp\/v2\/product_cat?post=18006"},{"taxonomy":"product_tag","embeddable":true,"href":"https:\/\/mekulo.com\/no\/wp-json\/wp\/v2\/product_tag?post=18006"}],"curies":[{"name":"wp","href":"https:\/\/api.w.org\/{rel}","templated":true}]}}