{"id":17972,"date":"2026-01-15T16:50:12","date_gmt":"2026-01-15T14:50:12","guid":{"rendered":"https:\/\/mekulo.com\/no\/produkt\/stroboskoplys\/"},"modified":"2026-01-16T19:56:07","modified_gmt":"2026-01-16T17:56:07","slug":"stroboskoplys","status":"publish","type":"product","link":"https:\/\/mekulo.com\/no\/produkt\/stroboskoplys\/","title":{"rendered":"Stroboskoplys"},"content":{"rendered":"<p style=\"text-align: center;\" data-start=\"0\" data-end=\"71\"><strong data-start=\"0\" data-end=\"71\">Hold Deg Synlig Og Skille Deg Ut Med Kraftig, Fargerik Stroboskopbelysning.<\/strong> \ud83d\udd26<\/p>\n<p data-start=\"0\" data-end=\"71\"><img decoding=\"async\" class=\"size-full wp-image-20291 aligncenter\" src=\"https:\/\/mekulo.com\/template\/wp-content\/uploads\/sites\/6\/2026\/01\/7b9b1be463f5ff26a5ebf7cf8b466ec011fe0da86d0d8edb2056dfa17d990fdb-800.avif\" alt=\"\" \/><\/p>\n<h2 style=\"text-align: center;\" data-start=\"491\" data-end=\"510\">\u2b50 Hovedfordeler<\/h2>\n<p data-start=\"514\" data-end=\"575\">\ud83d\udea8 Stroboskoplys med h\u00f8y synlighet &#8211; Synlig opptil 3 miles.<\/p>\n<p data-start=\"578\" data-end=\"627\">\ud83c\udf08 7 fargemoduser &#8211; I\u00f8ynefallende og stilig.<\/p>\n<p data-start=\"630\" data-end=\"684\">\ud83d\udd04 360\u00b0 synlighet &#8211; Lett \u00e5 f\u00e5 \u00f8ye p\u00e5 fra alle vinkler.<\/p>\n<p data-start=\"687\" data-end=\"752\">\ud83d\udd0b Lang batterilevetid &#8211; Rask 1-timers lading med indikatorer.<\/p>\n<p data-start=\"755\" data-end=\"818\">\ud83d\udca7 Vanntett design &#8211; P\u00e5litelig i regn og hardt v\u00e6r.<\/p>\n<p data-start=\"821\" data-end=\"883\">\ud83e\udeb6 Lett konstruksjon &#8211; Ingen ekstra byrde p\u00e5 droner eller utstyr.<\/p>\n<p data-start=\"821\" data-end=\"883\"><img decoding=\"async\" class=\"size-full wp-image-20288 aligncenter\" src=\"https:\/\/mekulo.com\/template\/wp-content\/uploads\/sites\/6\/2026\/01\/415e4f8a9b31ce5440d7c8420868009dab1672c4a78c877c71e24505eb7e902a.avif\" alt=\"\" \/><\/p>\n<h2 style=\"text-align: center;\" data-start=\"890\" data-end=\"907\">\u25b6\ufe0f Slik Bruker Du Den<\/h2>\n<ol data-start=\"909\" data-end=\"1146\">\n<li data-start=\"909\" data-end=\"977\">\n<p data-start=\"912\" data-end=\"977\">Lad strobelyset helt opp ved hjelp av den innebygde ladeporten.<\/p>\n<\/li>\n<li data-start=\"978\" data-end=\"1026\">\n<p data-start=\"981\" data-end=\"1026\">Velg \u00f8nsket farge eller stroboskopmodus.<\/p>\n<\/li>\n<li data-start=\"1027\" data-end=\"1089\">\n<p data-start=\"1030\" data-end=\"1089\">Fest den sikkert til dronen, sykkelen, kj\u00f8ret\u00f8yet eller utstyret.<\/p>\n<\/li>\n<li data-start=\"1090\" data-end=\"1146\">\n<p data-start=\"1093\" data-end=\"1146\">Sl\u00e5 den p\u00e5 f\u00f8r bruk om natten for maksimal synlighet.<\/p>\n<\/li>\n<\/ol>\n<h2 style=\"text-align: center;\" data-start=\"1153\" data-end=\"1175\">\ud83d\udcd0 Produktdetaljer<\/h2>\n<ul data-start=\"1177\" data-end=\"1421\">\n<li data-start=\"1208\" data-end=\"1225\">\n<p data-start=\"1210\" data-end=\"1225\">Materiale: ABS<\/p>\n<\/li>\n<li data-start=\"1226\" data-end=\"1251\">\n<p data-start=\"1228\" data-end=\"1251\">Farger: 7 fargemoduser<\/p>\n<\/li>\n<li data-start=\"1252\" data-end=\"1287\">\n<p data-start=\"1254\" data-end=\"1287\">Synlighetsomr\u00e5de: Opptil 3 miles<\/p>\n<\/li>\n<li data-start=\"1288\" data-end=\"1319\">\n<p data-start=\"1290\" data-end=\"1319\">Ladetid: Ca. 1 time<\/p>\n<\/li>\n<li data-start=\"1320\" data-end=\"1363\">\n<p data-start=\"1322\" data-end=\"1363\">Funksjoner: Batteriindikator, vanntett<\/p>\n<\/li>\n<li data-start=\"1364\" data-end=\"1421\">\n<p data-start=\"1366\" data-end=\"1421\">Bruk: Droner, sykler, RC-kj\u00f8ret\u00f8y, camping, n\u00f8dsituasjoner<\/p>\n<\/li>\n<\/ul>\n<h2 style=\"text-align: center;\" data-start=\"1428\" data-end=\"1451\">\ud83d\udce6 Pakken inkluderer<\/h2>\n<ul data-start=\"1453\" data-end=\"1473\">\n<li data-start=\"1453\" data-end=\"1473\">\n<p data-start=\"1455\" data-end=\"1473\">1, 2, 4, 8x stroboskoplys \/ 1, 2, 4, 8x par borrel\u00e5s<\/p>\n<\/li>\n<li data-start=\"1453\" data-end=\"1473\">\n<p data-start=\"1455\" data-end=\"1473\">1, 2, 4, 8x USB-ladekabel<\/p>\n<\/li>\n<li data-start=\"1453\" data-end=\"1473\">\n<p data-start=\"1455\" data-end=\"1473\">2, 4, 8, 16x gummib\u00e5nd.<\/p>\n<\/li>\n<\/ul>\n","protected":false},"excerpt":{"rendered":"<p><span style=\"font-size: 16px; font-style: normal; font-weight: 400;\">\ud83d\ude80<\/span>Dette kompakte LED-stroboskoplyset bidrar til \u00e5 forhindre ulykker ved \u00e5 holde deg godt synlig p\u00e5 lang avstand.<br \/>\n<span style=\"font-size: 16px; font-style: normal; font-weight: 400;\">\u2728<\/span>Med flere farger, vanntett design og lang batterilevetid er det ideelt for nattlige turer, flyreiser og utend\u00f8rsopplevelser.<br \/>\n\ud83c\udfcd\ufe0fA m\u00e5-ha sikkerhetslys for nattlige eventyr, flyreiser og turer &#8211; bli sett, v\u00e6r trygg og se kul ut.<\/p>\n","protected":false},"featured_media":17968,"comment_status":"open","ping_status":"closed","template":"","meta":{"site-sidebar-layout":"default","site-content-layout":"","ast-site-content-layout":"default","site-content-style":"default","site-sidebar-style":"default","ast-global-header-display":"","ast-banner-title-visibility":"","ast-main-header-display":"","ast-hfb-above-header-display":"","ast-hfb-below-header-display":"","ast-hfb-mobile-header-display":"","site-post-title":"","ast-breadcrumbs-content":"","ast-featured-img":"","footer-sml-layout":"","ast-disable-related-posts":"","theme-transparent-header-meta":"default","adv-header-id-meta":"","stick-header-meta":"","header-above-stick-meta":"","header-main-stick-meta":"","header-below-stick-meta":"","astra-migrate-meta-layouts":"set","ast-page-background-enabled":"default","ast-page-background-meta":{"desktop":{"background-color":"var(--ast-global-color-5)","background-image":"","background-repeat":"repeat","background-position":"center center","background-size":"auto","background-attachment":"scroll","background-type":"","background-media":"","overlay-type":"","overlay-color":"","overlay-opacity":"","overlay-gradient":""},"tablet":{"background-color":"","background-image":"","background-repeat":"repeat","background-position":"center center","background-size":"auto","background-attachment":"scroll","background-type":"","background-media":"","overlay-type":"","overlay-color":"","overlay-opacity":"","overlay-gradient":""},"mobile":{"background-color":"","background-image":"","background-repeat":"repeat","background-position":"center center","background-size":"auto","background-attachment":"scroll","background-type":"","background-media":"","overlay-type":"","overlay-color":"","overlay-opacity":"","overlay-gradient":""}},"ast-content-background-meta":{"desktop":{"background-color":"var(--ast-global-color-4)","background-image":"","background-repeat":"repeat","background-position":"center center","background-size":"auto","background-attachment":"scroll","background-type":"","background-media":"","overlay-type":"","overlay-color":"","overlay-opacity":"","overlay-gradient":""},"tablet":{"background-color":"var(--ast-global-color-4)","background-image":"","background-repeat":"repeat","background-position":"center center","background-size":"auto","background-attachment":"scroll","background-type":"","background-media":"","overlay-type":"","overlay-color":"","overlay-opacity":"","overlay-gradient":""},"mobile":{"background-color":"var(--ast-global-color-4)","background-image":"","background-repeat":"repeat","background-position":"center center","background-size":"auto","background-attachment":"scroll","background-type":"","background-media":"","overlay-type":"","overlay-color":"","overlay-opacity":"","overlay-gradient":""}}},"product_brand":[],"product_cat":[161],"product_tag":[],"class_list":{"0":"post-17972","1":"product","2":"type-product","3":"status-publish","4":"has-post-thumbnail","6":"product_cat-bilprodukter","7":"pa_67904_505ll2yt-1-stk","8":"pa_67904_505ll2yt-2-stk","9":"pa_67904_505ll2yt-4-stk","10":"pa_67904_505ll2yt-8-stk","11":"desktop-align-left","12":"tablet-align-left","13":"mobile-align-left","15":"first","16":"instock","17":"shipping-taxable","18":"purchasable","19":"product-type-variable"},"yoast_head":"<!-- This site is optimized with the Yoast SEO plugin v27.4 - https:\/\/yoast.com\/product\/yoast-seo-wordpress\/ -->\n<title>Stroboskoplys - Mekulo NO<\/title>\n<meta name=\"robots\" content=\"index, follow, max-snippet:-1, max-image-preview:large, max-video-preview:-1\" \/>\n<link rel=\"canonical\" href=\"https:\/\/mekulo.com\/no\/produkt\/stroboskoplys\/\" \/>\n<meta property=\"og:locale\" content=\"nb_NO\" \/>\n<meta property=\"og:type\" content=\"article\" \/>\n<meta property=\"og:title\" content=\"Stroboskoplys - Mekulo NO\" \/>\n<meta property=\"og:description\" content=\"\ud83d\ude80Dette kompakte LED-stroboskoplyset bidrar til \u00e5 forhindre ulykker ved \u00e5 holde deg godt synlig p\u00e5 lang avstand. \u2728Med flere farger, vanntett design og lang batterilevetid er det ideelt for nattlige turer, flyreiser og utend\u00f8rsopplevelser. \ud83c\udfcd\ufe0fA m\u00e5-ha sikkerhetslys for nattlige eventyr, flyreiser og turer - bli sett, v\u00e6r trygg og se kul ut.\" \/>\n<meta property=\"og:url\" content=\"https:\/\/mekulo.com\/no\/produkt\/stroboskoplys\/\" \/>\n<meta property=\"og:site_name\" content=\"Mekulo NO\" \/>\n<meta property=\"article:modified_time\" content=\"2026-01-16T17:56:07+00:00\" \/>\n<meta property=\"og:image\" content=\"https:\/\/mekulo.com\/no\/wp-content\/uploads\/sites\/10\/2026\/01\/difezzw-1.jpg\" \/>\n\t<meta property=\"og:image:width\" content=\"800\" \/>\n\t<meta property=\"og:image:height\" content=\"800\" \/>\n\t<meta property=\"og:image:type\" content=\"image\/jpeg\" \/>\n<meta name=\"twitter:card\" content=\"summary_large_image\" \/>\n<meta name=\"twitter:label1\" content=\"Ansl. lesetid\" \/>\n\t<meta name=\"twitter:data1\" content=\"2 minutter\" \/>\n<script type=\"application\/ld+json\" class=\"yoast-schema-graph\">{\"@context\":\"https:\\\/\\\/schema.org\",\"@graph\":[{\"@type\":\"WebPage\",\"@id\":\"https:\\\/\\\/mekulo.com\\\/no\\\/produkt\\\/stroboskoplys\\\/\",\"url\":\"https:\\\/\\\/mekulo.com\\\/no\\\/produkt\\\/stroboskoplys\\\/\",\"name\":\"Stroboskoplys - Mekulo NO\",\"isPartOf\":{\"@id\":\"https:\\\/\\\/mekulo.com\\\/no\\\/#website\"},\"primaryImageOfPage\":{\"@id\":\"https:\\\/\\\/mekulo.com\\\/no\\\/produkt\\\/stroboskoplys\\\/#primaryimage\"},\"image\":{\"@id\":\"https:\\\/\\\/mekulo.com\\\/no\\\/produkt\\\/stroboskoplys\\\/#primaryimage\"},\"thumbnailUrl\":\"https:\\\/\\\/mekulo.com\\\/no\\\/wp-content\\\/uploads\\\/sites\\\/10\\\/2026\\\/01\\\/difezzw-1.jpg\",\"datePublished\":\"2026-01-15T14:50:12+00:00\",\"dateModified\":\"2026-01-16T17:56:07+00:00\",\"breadcrumb\":{\"@id\":\"https:\\\/\\\/mekulo.com\\\/no\\\/produkt\\\/stroboskoplys\\\/#breadcrumb\"},\"inLanguage\":\"nb-NO\",\"potentialAction\":[{\"@type\":\"ReadAction\",\"target\":[\"https:\\\/\\\/mekulo.com\\\/no\\\/produkt\\\/stroboskoplys\\\/\"]}]},{\"@type\":\"ImageObject\",\"inLanguage\":\"nb-NO\",\"@id\":\"https:\\\/\\\/mekulo.com\\\/no\\\/produkt\\\/stroboskoplys\\\/#primaryimage\",\"url\":\"https:\\\/\\\/mekulo.com\\\/no\\\/wp-content\\\/uploads\\\/sites\\\/10\\\/2026\\\/01\\\/difezzw-1.jpg\",\"contentUrl\":\"https:\\\/\\\/mekulo.com\\\/no\\\/wp-content\\\/uploads\\\/sites\\\/10\\\/2026\\\/01\\\/difezzw-1.jpg\",\"width\":800,\"height\":800},{\"@type\":\"BreadcrumbList\",\"@id\":\"https:\\\/\\\/mekulo.com\\\/no\\\/produkt\\\/stroboskoplys\\\/#breadcrumb\",\"itemListElement\":[{\"@type\":\"ListItem\",\"position\":1,\"name\":\"Home\",\"item\":\"https:\\\/\\\/mekulo.com\\\/no\\\/\"},{\"@type\":\"ListItem\",\"position\":2,\"name\":\"Butikk\",\"item\":\"https:\\\/\\\/mekulo.com\\\/no\\\/butikk\\\/\"},{\"@type\":\"ListItem\",\"position\":3,\"name\":\"Stroboskoplys\"}]},{\"@type\":\"WebSite\",\"@id\":\"https:\\\/\\\/mekulo.com\\\/no\\\/#website\",\"url\":\"https:\\\/\\\/mekulo.com\\\/no\\\/\",\"name\":\"Mekulo NO\",\"description\":\"\",\"publisher\":{\"@id\":\"https:\\\/\\\/mekulo.com\\\/no\\\/#organization\"},\"potentialAction\":[{\"@type\":\"SearchAction\",\"target\":{\"@type\":\"EntryPoint\",\"urlTemplate\":\"https:\\\/\\\/mekulo.com\\\/no\\\/?s={search_term_string}\"},\"query-input\":{\"@type\":\"PropertyValueSpecification\",\"valueRequired\":true,\"valueName\":\"search_term_string\"}}],\"inLanguage\":\"nb-NO\"},{\"@type\":\"Organization\",\"@id\":\"https:\\\/\\\/mekulo.com\\\/no\\\/#organization\",\"name\":\"Mekulo\",\"url\":\"https:\\\/\\\/mekulo.com\\\/no\\\/\",\"logo\":{\"@type\":\"ImageObject\",\"inLanguage\":\"nb-NO\",\"@id\":\"https:\\\/\\\/mekulo.com\\\/no\\\/#\\\/schema\\\/logo\\\/image\\\/\",\"url\":\"https:\\\/\\\/mekulo.com\\\/no\\\/wp-content\\\/uploads\\\/sites\\\/10\\\/2025\\\/12\\\/favicon_mekulo.png\",\"contentUrl\":\"https:\\\/\\\/mekulo.com\\\/no\\\/wp-content\\\/uploads\\\/sites\\\/10\\\/2025\\\/12\\\/favicon_mekulo.png\",\"width\":50,\"height\":50,\"caption\":\"Mekulo\"},\"image\":{\"@id\":\"https:\\\/\\\/mekulo.com\\\/no\\\/#\\\/schema\\\/logo\\\/image\\\/\"}}]}<\/script>\n<!-- \/ Yoast SEO plugin. -->","yoast_head_json":{"title":"Stroboskoplys - Mekulo NO","robots":{"index":"index","follow":"follow","max-snippet":"max-snippet:-1","max-image-preview":"max-image-preview:large","max-video-preview":"max-video-preview:-1"},"canonical":"https:\/\/mekulo.com\/no\/produkt\/stroboskoplys\/","og_locale":"nb_NO","og_type":"article","og_title":"Stroboskoplys - Mekulo NO","og_description":"\ud83d\ude80Dette kompakte LED-stroboskoplyset bidrar til \u00e5 forhindre ulykker ved \u00e5 holde deg godt synlig p\u00e5 lang avstand. \u2728Med flere farger, vanntett design og lang batterilevetid er det ideelt for nattlige turer, flyreiser og utend\u00f8rsopplevelser. \ud83c\udfcd\ufe0fA m\u00e5-ha sikkerhetslys for nattlige eventyr, flyreiser og turer - bli sett, v\u00e6r trygg og se kul ut.","og_url":"https:\/\/mekulo.com\/no\/produkt\/stroboskoplys\/","og_site_name":"Mekulo NO","article_modified_time":"2026-01-16T17:56:07+00:00","og_image":[{"width":800,"height":800,"url":"https:\/\/mekulo.com\/no\/wp-content\/uploads\/sites\/10\/2026\/01\/difezzw-1.jpg","type":"image\/jpeg"}],"twitter_card":"summary_large_image","twitter_misc":{"Ansl. lesetid":"2 minutter"},"schema":{"@context":"https:\/\/schema.org","@graph":[{"@type":"WebPage","@id":"https:\/\/mekulo.com\/no\/produkt\/stroboskoplys\/","url":"https:\/\/mekulo.com\/no\/produkt\/stroboskoplys\/","name":"Stroboskoplys - Mekulo NO","isPartOf":{"@id":"https:\/\/mekulo.com\/no\/#website"},"primaryImageOfPage":{"@id":"https:\/\/mekulo.com\/no\/produkt\/stroboskoplys\/#primaryimage"},"image":{"@id":"https:\/\/mekulo.com\/no\/produkt\/stroboskoplys\/#primaryimage"},"thumbnailUrl":"https:\/\/mekulo.com\/no\/wp-content\/uploads\/sites\/10\/2026\/01\/difezzw-1.jpg","datePublished":"2026-01-15T14:50:12+00:00","dateModified":"2026-01-16T17:56:07+00:00","breadcrumb":{"@id":"https:\/\/mekulo.com\/no\/produkt\/stroboskoplys\/#breadcrumb"},"inLanguage":"nb-NO","potentialAction":[{"@type":"ReadAction","target":["https:\/\/mekulo.com\/no\/produkt\/stroboskoplys\/"]}]},{"@type":"ImageObject","inLanguage":"nb-NO","@id":"https:\/\/mekulo.com\/no\/produkt\/stroboskoplys\/#primaryimage","url":"https:\/\/mekulo.com\/no\/wp-content\/uploads\/sites\/10\/2026\/01\/difezzw-1.jpg","contentUrl":"https:\/\/mekulo.com\/no\/wp-content\/uploads\/sites\/10\/2026\/01\/difezzw-1.jpg","width":800,"height":800},{"@type":"BreadcrumbList","@id":"https:\/\/mekulo.com\/no\/produkt\/stroboskoplys\/#breadcrumb","itemListElement":[{"@type":"ListItem","position":1,"name":"Home","item":"https:\/\/mekulo.com\/no\/"},{"@type":"ListItem","position":2,"name":"Butikk","item":"https:\/\/mekulo.com\/no\/butikk\/"},{"@type":"ListItem","position":3,"name":"Stroboskoplys"}]},{"@type":"WebSite","@id":"https:\/\/mekulo.com\/no\/#website","url":"https:\/\/mekulo.com\/no\/","name":"Mekulo NO","description":"","publisher":{"@id":"https:\/\/mekulo.com\/no\/#organization"},"potentialAction":[{"@type":"SearchAction","target":{"@type":"EntryPoint","urlTemplate":"https:\/\/mekulo.com\/no\/?s={search_term_string}"},"query-input":{"@type":"PropertyValueSpecification","valueRequired":true,"valueName":"search_term_string"}}],"inLanguage":"nb-NO"},{"@type":"Organization","@id":"https:\/\/mekulo.com\/no\/#organization","name":"Mekulo","url":"https:\/\/mekulo.com\/no\/","logo":{"@type":"ImageObject","inLanguage":"nb-NO","@id":"https:\/\/mekulo.com\/no\/#\/schema\/logo\/image\/","url":"https:\/\/mekulo.com\/no\/wp-content\/uploads\/sites\/10\/2025\/12\/favicon_mekulo.png","contentUrl":"https:\/\/mekulo.com\/no\/wp-content\/uploads\/sites\/10\/2025\/12\/favicon_mekulo.png","width":50,"height":50,"caption":"Mekulo"},"image":{"@id":"https:\/\/mekulo.com\/no\/#\/schema\/logo\/image\/"}}]}},"_links":{"self":[{"href":"https:\/\/mekulo.com\/no\/wp-json\/wp\/v2\/product\/17972","targetHints":{"allow":["GET"]}}],"collection":[{"href":"https:\/\/mekulo.com\/no\/wp-json\/wp\/v2\/product"}],"about":[{"href":"https:\/\/mekulo.com\/no\/wp-json\/wp\/v2\/types\/product"}],"replies":[{"embeddable":true,"href":"https:\/\/mekulo.com\/no\/wp-json\/wp\/v2\/comments?post=17972"}],"wp:featuredmedia":[{"embeddable":true,"href":"https:\/\/mekulo.com\/no\/wp-json\/wp\/v2\/media\/17968"}],"wp:attachment":[{"href":"https:\/\/mekulo.com\/no\/wp-json\/wp\/v2\/media?parent=17972"}],"wp:term":[{"taxonomy":"product_brand","embeddable":true,"href":"https:\/\/mekulo.com\/no\/wp-json\/wp\/v2\/product_brand?post=17972"},{"taxonomy":"product_cat","embeddable":true,"href":"https:\/\/mekulo.com\/no\/wp-json\/wp\/v2\/product_cat?post=17972"},{"taxonomy":"product_tag","embeddable":true,"href":"https:\/\/mekulo.com\/no\/wp-json\/wp\/v2\/product_tag?post=17972"}],"curies":[{"name":"wp","href":"https:\/\/api.w.org\/{rel}","templated":true}]}}