{"id":17930,"date":"2026-01-15T16:46:47","date_gmt":"2026-01-15T14:46:47","guid":{"rendered":"https:\/\/mekulo.com\/no\/produkt\/beroringslys-for-handvesker\/"},"modified":"2026-01-16T19:52:07","modified_gmt":"2026-01-16T17:52:07","slug":"beroringslys-for-handvesker","status":"publish","type":"product","link":"https:\/\/mekulo.com\/no\/produkt\/beroringslys-for-handvesker\/","title":{"rendered":"Ber\u00f8ringslys for h\u00e5ndvesker"},"content":{"rendered":"<p style=\"text-align: center;\" data-start=\"0\" data-end=\"72\"><strong data-start=\"0\" data-end=\"72\">\u00d8yeblikkelig lys i vesken din slik at du kan finne alt p\u00e5 f\u00e5 sekunder.<\/strong> \ud83d\udc5c<\/p>\n<p data-start=\"0\" data-end=\"72\"><img fetchpriority=\"high\" decoding=\"async\" class=\"size-full wp-image-20254 aligncenter\" src=\"https:\/\/mekulo.com\/template\/wp-content\/uploads\/sites\/6\/2026\/01\/ca4f9a0581b51013f817e5468f11da13f5d5fa4f-800.jpg\" alt=\"\" width=\"1080\" height=\"1080\" \/><\/p>\n<h2 style=\"text-align: center;\" data-start=\"487\" data-end=\"506\"><strong>\u2b50 Hovedfordeler<\/strong><\/h2>\n<p data-start=\"510\" data-end=\"575\">\ud83d\udca1 Ber\u00f8ringsaktivert LED-lys &#8211; Sl\u00e5r seg p\u00e5 med et enkelt trykk.<\/p>\n<p data-start=\"578\" data-end=\"652\">\ud83d\udc5c Perfekt for h\u00e5ndvesker og ryggsekker &#8211; Klips eller heng det i hvilken som helst veske.<\/p>\n<p data-start=\"655\" data-end=\"715\">\u23f1\ufe0f Auto-off-funksjon &#8211; Forblir p\u00e5 i opptil 12-15 sekunder.<\/p>\n<p data-start=\"718\" data-end=\"779\">\ud83d\udd0b Batteri inkludert &#8211; Klar til bruk rett ut av esken.<\/p>\n<p data-start=\"782\" data-end=\"843\">\ud83c\udf81 Flott gaveid\u00e9 &#8211; Stilig, praktisk og gjennomtenkt.<\/p>\n<p data-start=\"782\" data-end=\"843\"><img decoding=\"async\" class=\"size-full wp-image-20256 aligncenter\" src=\"https:\/\/mekulo.com\/template\/wp-content\/uploads\/sites\/6\/2026\/01\/S09e3600e7566462eb145834f78959bcfq.jpg\" alt=\"\" width=\"1080\" height=\"1080\" \/><\/p>\n<h2 style=\"text-align: center;\" data-start=\"850\" data-end=\"867\"><strong>\u25b6\ufe0f Slik Bruker Du Den<\/strong><\/h2>\n<ol data-start=\"869\" data-end=\"1079\">\n<li data-start=\"869\" data-end=\"913\">\n<p data-start=\"872\" data-end=\"913\">Klipp eller heng lyset i vesken.<\/p>\n<\/li>\n<li data-start=\"914\" data-end=\"958\">\n<p data-start=\"917\" data-end=\"958\">Trykk p\u00e5 sensoren for \u00e5 aktivere lyset.<\/p>\n<\/li>\n<li data-start=\"959\" data-end=\"1027\">\n<p data-start=\"962\" data-end=\"1027\">Trykk p\u00e5 knappen for konstant lys i opptil 15 sekunder ved behov.<\/p>\n<\/li>\n<li data-start=\"1028\" data-end=\"1079\">\n<p data-start=\"1031\" data-end=\"1079\">La den sl\u00e5 seg av automatisk for \u00e5 spare batteri.<\/p>\n<\/li>\n<\/ol>\n<h2 style=\"text-align: center;\" data-start=\"1086\" data-end=\"1108\"><strong>\ud83d\udcd0 Produktdetaljer<\/strong><\/h2>\n<ul data-start=\"1110\" data-end=\"1444\">\n<li data-start=\"1148\" data-end=\"1165\">\n<p data-start=\"1150\" data-end=\"1165\">Materiale: ABS<\/p>\n<\/li>\n<li data-start=\"1166\" data-end=\"1199\">\n<p data-start=\"1168\" data-end=\"1199\">Lys type: LED, sterkt hvitt<\/p>\n<\/li>\n<li data-start=\"1200\" data-end=\"1243\">\n<p data-start=\"1202\" data-end=\"1243\">Batteri: LR44 knappebatteri (inkludert)<\/p>\n<\/li>\n<li data-start=\"1244\" data-end=\"1286\">\n<p data-start=\"1246\" data-end=\"1286\">Aktivering: Ber\u00f8ringssensor + knappemodus<\/p>\n<\/li>\n<li data-start=\"1329\" data-end=\"1444\">\n<p data-start=\"1331\" data-end=\"1348\">St\u00f8rrelse (ca.): <span style=\"font-size: 16px;\">Hjerte (6,9 x 6,5 x 2,3 cm), <\/span><span style=\"font-size: 16px;\">Sirkel (6,5 x 6,5 x 2,3 cm), <\/span><span style=\"font-size: 16px;\">Stjerne (7,1 x 7,1 x 2,3 cm)<\/span><\/p>\n<\/li>\n<\/ul>\n<h2 style=\"text-align: center;\" data-start=\"1451\" data-end=\"1474\"><strong>\ud83d\udce6 Pakken inkluderer<\/strong><\/h2>\n<ul data-start=\"1476\" data-end=\"1503\">\n<li data-start=\"1476\" data-end=\"1503\">\n<p data-start=\"1478\" data-end=\"1503\">1x ber\u00f8ringslys for h\u00e5ndveske.<\/p>\n<\/li>\n<\/ul>\n","protected":false},"excerpt":{"rendered":"<p>\ud83e\udd0dDenne kompakte <span style=\"font-size: 16px; font-style: normal; font-weight: 400;\">LED<\/span>-ber\u00f8ringslampen kan klipses fast eller henges i vesken for \u00e5 gi sterkt hvitt lys akkurat n\u00e5r du trenger det.<br \/>\n\ud83d\udc5cMed ber\u00f8ringsaktivering og en kort konstant-p\u00e5-modus holder den vesken din organisert og er enkel \u00e5 bruke n\u00e5r som helst og hvor som helst.<br \/>\n<span style=\"font-size: 16px; font-style: normal; font-weight: 400;\">\u2728<\/span>En liten lampe som gj\u00f8r en stor forskjell i den daglige rutinen.<\/p>\n","protected":false},"featured_media":17926,"comment_status":"open","ping_status":"closed","template":"","meta":{"site-sidebar-layout":"default","site-content-layout":"","ast-site-content-layout":"default","site-content-style":"default","site-sidebar-style":"default","ast-global-header-display":"","ast-banner-title-visibility":"","ast-main-header-display":"","ast-hfb-above-header-display":"","ast-hfb-below-header-display":"","ast-hfb-mobile-header-display":"","site-post-title":"","ast-breadcrumbs-content":"","ast-featured-img":"","footer-sml-layout":"","theme-transparent-header-meta":"default","adv-header-id-meta":"","stick-header-meta":"","header-above-stick-meta":"","header-main-stick-meta":"","header-below-stick-meta":"","astra-migrate-meta-layouts":"set","ast-page-background-enabled":"default","ast-page-background-meta":{"desktop":{"background-color":"var(--ast-global-color-5)","background-image":"","background-repeat":"repeat","background-position":"center center","background-size":"auto","background-attachment":"scroll","background-type":"","background-media":"","overlay-type":"","overlay-color":"","overlay-opacity":"","overlay-gradient":""},"tablet":{"background-color":"","background-image":"","background-repeat":"repeat","background-position":"center center","background-size":"auto","background-attachment":"scroll","background-type":"","background-media":"","overlay-type":"","overlay-color":"","overlay-opacity":"","overlay-gradient":""},"mobile":{"background-color":"","background-image":"","background-repeat":"repeat","background-position":"center center","background-size":"auto","background-attachment":"scroll","background-type":"","background-media":"","overlay-type":"","overlay-color":"","overlay-opacity":"","overlay-gradient":""}},"ast-content-background-meta":{"desktop":{"background-color":"var(--ast-global-color-4)","background-image":"","background-repeat":"repeat","background-position":"center center","background-size":"auto","background-attachment":"scroll","background-type":"","background-media":"","overlay-type":"","overlay-color":"","overlay-opacity":"","overlay-gradient":""},"tablet":{"background-color":"var(--ast-global-color-4)","background-image":"","background-repeat":"repeat","background-position":"center center","background-size":"auto","background-attachment":"scroll","background-type":"","background-media":"","overlay-type":"","overlay-color":"","overlay-opacity":"","overlay-gradient":""},"mobile":{"background-color":"var(--ast-global-color-4)","background-image":"","background-repeat":"repeat","background-position":"center center","background-size":"auto","background-attachment":"scroll","background-type":"","background-media":"","overlay-type":"","overlay-color":"","overlay-opacity":"","overlay-gradient":""}}},"product_brand":[],"product_cat":[165],"product_tag":[],"class_list":{"0":"post-17930","1":"product","2":"type-product","3":"status-publish","4":"has-post-thumbnail","6":"product_cat-fottoy-tilbehor","7":"pa_67878_q30kuljt-hjerte","8":"pa_67878_q30kuljt-sirkel","9":"pa_67878_q30kuljt-stjerne","10":"desktop-align-left","11":"tablet-align-left","12":"mobile-align-left","14":"first","15":"instock","16":"shipping-taxable","17":"purchasable","18":"product-type-variable"},"yoast_head":"<!-- This site is optimized with the Yoast SEO plugin v26.6 - https:\/\/yoast.com\/wordpress\/plugins\/seo\/ -->\n<title>Ber\u00f8ringslys for h\u00e5ndvesker - Mekulo NO<\/title>\n<meta name=\"robots\" content=\"index, follow, max-snippet:-1, max-image-preview:large, max-video-preview:-1\" \/>\n<link rel=\"canonical\" href=\"https:\/\/mekulo.com\/no\/produkt\/beroringslys-for-handvesker\/\" \/>\n<meta property=\"og:locale\" content=\"nb_NO\" \/>\n<meta property=\"og:type\" content=\"article\" \/>\n<meta property=\"og:title\" content=\"Ber\u00f8ringslys for h\u00e5ndvesker - Mekulo NO\" \/>\n<meta property=\"og:description\" content=\"\ud83e\udd0dDenne kompakte LED-ber\u00f8ringslampen kan klipses fast eller henges i vesken for \u00e5 gi sterkt hvitt lys akkurat n\u00e5r du trenger det. \ud83d\udc5cMed ber\u00f8ringsaktivering og en kort konstant-p\u00e5-modus holder den vesken din organisert og er enkel \u00e5 bruke n\u00e5r som helst og hvor som helst. \u2728En liten lampe som gj\u00f8r en stor forskjell i den daglige rutinen.\" \/>\n<meta property=\"og:url\" content=\"https:\/\/mekulo.com\/no\/produkt\/beroringslys-for-handvesker\/\" \/>\n<meta property=\"og:site_name\" content=\"Mekulo NO\" \/>\n<meta property=\"article:modified_time\" content=\"2026-01-16T17:52:07+00:00\" \/>\n<meta property=\"og:image\" content=\"https:\/\/mekulo.com\/no\/wp-content\/uploads\/sites\/10\/2026\/01\/230yvw8-1.jpg\" \/>\n\t<meta property=\"og:image:width\" content=\"960\" \/>\n\t<meta property=\"og:image:height\" content=\"960\" \/>\n\t<meta property=\"og:image:type\" content=\"image\/jpeg\" \/>\n<meta name=\"twitter:card\" content=\"summary_large_image\" \/>\n<meta name=\"twitter:label1\" content=\"Ansl. lesetid\" \/>\n\t<meta name=\"twitter:data1\" content=\"2 minutter\" \/>\n<script type=\"application\/ld+json\" class=\"yoast-schema-graph\">{\"@context\":\"https:\/\/schema.org\",\"@graph\":[{\"@type\":\"WebPage\",\"@id\":\"https:\/\/mekulo.com\/no\/produkt\/beroringslys-for-handvesker\/\",\"url\":\"https:\/\/mekulo.com\/no\/produkt\/beroringslys-for-handvesker\/\",\"name\":\"Ber\u00f8ringslys for h\u00e5ndvesker - Mekulo NO\",\"isPartOf\":{\"@id\":\"https:\/\/mekulo.com\/no\/#website\"},\"primaryImageOfPage\":{\"@id\":\"https:\/\/mekulo.com\/no\/produkt\/beroringslys-for-handvesker\/#primaryimage\"},\"image\":{\"@id\":\"https:\/\/mekulo.com\/no\/produkt\/beroringslys-for-handvesker\/#primaryimage\"},\"thumbnailUrl\":\"https:\/\/mekulo.com\/no\/wp-content\/uploads\/sites\/10\/2026\/01\/230yvw8-1.jpg\",\"datePublished\":\"2026-01-15T14:46:47+00:00\",\"dateModified\":\"2026-01-16T17:52:07+00:00\",\"breadcrumb\":{\"@id\":\"https:\/\/mekulo.com\/no\/produkt\/beroringslys-for-handvesker\/#breadcrumb\"},\"inLanguage\":\"nb-NO\",\"potentialAction\":[{\"@type\":\"ReadAction\",\"target\":[\"https:\/\/mekulo.com\/no\/produkt\/beroringslys-for-handvesker\/\"]}]},{\"@type\":\"ImageObject\",\"inLanguage\":\"nb-NO\",\"@id\":\"https:\/\/mekulo.com\/no\/produkt\/beroringslys-for-handvesker\/#primaryimage\",\"url\":\"https:\/\/mekulo.com\/no\/wp-content\/uploads\/sites\/10\/2026\/01\/230yvw8-1.jpg\",\"contentUrl\":\"https:\/\/mekulo.com\/no\/wp-content\/uploads\/sites\/10\/2026\/01\/230yvw8-1.jpg\",\"width\":960,\"height\":960},{\"@type\":\"BreadcrumbList\",\"@id\":\"https:\/\/mekulo.com\/no\/produkt\/beroringslys-for-handvesker\/#breadcrumb\",\"itemListElement\":[{\"@type\":\"ListItem\",\"position\":1,\"name\":\"Home\",\"item\":\"https:\/\/mekulo.com\/no\/\"},{\"@type\":\"ListItem\",\"position\":2,\"name\":\"Butikk\",\"item\":\"https:\/\/mekulo.com\/no\/butikk\/\"},{\"@type\":\"ListItem\",\"position\":3,\"name\":\"Ber\u00f8ringslys for h\u00e5ndvesker\"}]},{\"@type\":\"WebSite\",\"@id\":\"https:\/\/mekulo.com\/no\/#website\",\"url\":\"https:\/\/mekulo.com\/no\/\",\"name\":\"Mekulo NO\",\"description\":\"\",\"publisher\":{\"@id\":\"https:\/\/mekulo.com\/no\/#organization\"},\"potentialAction\":[{\"@type\":\"SearchAction\",\"target\":{\"@type\":\"EntryPoint\",\"urlTemplate\":\"https:\/\/mekulo.com\/no\/?s={search_term_string}\"},\"query-input\":{\"@type\":\"PropertyValueSpecification\",\"valueRequired\":true,\"valueName\":\"search_term_string\"}}],\"inLanguage\":\"nb-NO\"},{\"@type\":\"Organization\",\"@id\":\"https:\/\/mekulo.com\/no\/#organization\",\"name\":\"Mekulo\",\"url\":\"https:\/\/mekulo.com\/no\/\",\"logo\":{\"@type\":\"ImageObject\",\"inLanguage\":\"nb-NO\",\"@id\":\"https:\/\/mekulo.com\/no\/#\/schema\/logo\/image\/\",\"url\":\"https:\/\/mekulo.com\/no\/wp-content\/uploads\/sites\/10\/2025\/12\/favicon_mekulo.png\",\"contentUrl\":\"https:\/\/mekulo.com\/no\/wp-content\/uploads\/sites\/10\/2025\/12\/favicon_mekulo.png\",\"width\":50,\"height\":50,\"caption\":\"Mekulo\"},\"image\":{\"@id\":\"https:\/\/mekulo.com\/no\/#\/schema\/logo\/image\/\"}}]}<\/script>\n<!-- \/ Yoast SEO plugin. -->","yoast_head_json":{"title":"Ber\u00f8ringslys for h\u00e5ndvesker - Mekulo NO","robots":{"index":"index","follow":"follow","max-snippet":"max-snippet:-1","max-image-preview":"max-image-preview:large","max-video-preview":"max-video-preview:-1"},"canonical":"https:\/\/mekulo.com\/no\/produkt\/beroringslys-for-handvesker\/","og_locale":"nb_NO","og_type":"article","og_title":"Ber\u00f8ringslys for h\u00e5ndvesker - Mekulo NO","og_description":"\ud83e\udd0dDenne kompakte LED-ber\u00f8ringslampen kan klipses fast eller henges i vesken for \u00e5 gi sterkt hvitt lys akkurat n\u00e5r du trenger det. \ud83d\udc5cMed ber\u00f8ringsaktivering og en kort konstant-p\u00e5-modus holder den vesken din organisert og er enkel \u00e5 bruke n\u00e5r som helst og hvor som helst. \u2728En liten lampe som gj\u00f8r en stor forskjell i den daglige rutinen.","og_url":"https:\/\/mekulo.com\/no\/produkt\/beroringslys-for-handvesker\/","og_site_name":"Mekulo NO","article_modified_time":"2026-01-16T17:52:07+00:00","og_image":[{"width":960,"height":960,"url":"https:\/\/mekulo.com\/no\/wp-content\/uploads\/sites\/10\/2026\/01\/230yvw8-1.jpg","type":"image\/jpeg"}],"twitter_card":"summary_large_image","twitter_misc":{"Ansl. lesetid":"2 minutter"},"schema":{"@context":"https:\/\/schema.org","@graph":[{"@type":"WebPage","@id":"https:\/\/mekulo.com\/no\/produkt\/beroringslys-for-handvesker\/","url":"https:\/\/mekulo.com\/no\/produkt\/beroringslys-for-handvesker\/","name":"Ber\u00f8ringslys for h\u00e5ndvesker - Mekulo NO","isPartOf":{"@id":"https:\/\/mekulo.com\/no\/#website"},"primaryImageOfPage":{"@id":"https:\/\/mekulo.com\/no\/produkt\/beroringslys-for-handvesker\/#primaryimage"},"image":{"@id":"https:\/\/mekulo.com\/no\/produkt\/beroringslys-for-handvesker\/#primaryimage"},"thumbnailUrl":"https:\/\/mekulo.com\/no\/wp-content\/uploads\/sites\/10\/2026\/01\/230yvw8-1.jpg","datePublished":"2026-01-15T14:46:47+00:00","dateModified":"2026-01-16T17:52:07+00:00","breadcrumb":{"@id":"https:\/\/mekulo.com\/no\/produkt\/beroringslys-for-handvesker\/#breadcrumb"},"inLanguage":"nb-NO","potentialAction":[{"@type":"ReadAction","target":["https:\/\/mekulo.com\/no\/produkt\/beroringslys-for-handvesker\/"]}]},{"@type":"ImageObject","inLanguage":"nb-NO","@id":"https:\/\/mekulo.com\/no\/produkt\/beroringslys-for-handvesker\/#primaryimage","url":"https:\/\/mekulo.com\/no\/wp-content\/uploads\/sites\/10\/2026\/01\/230yvw8-1.jpg","contentUrl":"https:\/\/mekulo.com\/no\/wp-content\/uploads\/sites\/10\/2026\/01\/230yvw8-1.jpg","width":960,"height":960},{"@type":"BreadcrumbList","@id":"https:\/\/mekulo.com\/no\/produkt\/beroringslys-for-handvesker\/#breadcrumb","itemListElement":[{"@type":"ListItem","position":1,"name":"Home","item":"https:\/\/mekulo.com\/no\/"},{"@type":"ListItem","position":2,"name":"Butikk","item":"https:\/\/mekulo.com\/no\/butikk\/"},{"@type":"ListItem","position":3,"name":"Ber\u00f8ringslys for h\u00e5ndvesker"}]},{"@type":"WebSite","@id":"https:\/\/mekulo.com\/no\/#website","url":"https:\/\/mekulo.com\/no\/","name":"Mekulo NO","description":"","publisher":{"@id":"https:\/\/mekulo.com\/no\/#organization"},"potentialAction":[{"@type":"SearchAction","target":{"@type":"EntryPoint","urlTemplate":"https:\/\/mekulo.com\/no\/?s={search_term_string}"},"query-input":{"@type":"PropertyValueSpecification","valueRequired":true,"valueName":"search_term_string"}}],"inLanguage":"nb-NO"},{"@type":"Organization","@id":"https:\/\/mekulo.com\/no\/#organization","name":"Mekulo","url":"https:\/\/mekulo.com\/no\/","logo":{"@type":"ImageObject","inLanguage":"nb-NO","@id":"https:\/\/mekulo.com\/no\/#\/schema\/logo\/image\/","url":"https:\/\/mekulo.com\/no\/wp-content\/uploads\/sites\/10\/2025\/12\/favicon_mekulo.png","contentUrl":"https:\/\/mekulo.com\/no\/wp-content\/uploads\/sites\/10\/2025\/12\/favicon_mekulo.png","width":50,"height":50,"caption":"Mekulo"},"image":{"@id":"https:\/\/mekulo.com\/no\/#\/schema\/logo\/image\/"}}]}},"_links":{"self":[{"href":"https:\/\/mekulo.com\/no\/wp-json\/wp\/v2\/product\/17930","targetHints":{"allow":["GET"]}}],"collection":[{"href":"https:\/\/mekulo.com\/no\/wp-json\/wp\/v2\/product"}],"about":[{"href":"https:\/\/mekulo.com\/no\/wp-json\/wp\/v2\/types\/product"}],"replies":[{"embeddable":true,"href":"https:\/\/mekulo.com\/no\/wp-json\/wp\/v2\/comments?post=17930"}],"wp:featuredmedia":[{"embeddable":true,"href":"https:\/\/mekulo.com\/no\/wp-json\/wp\/v2\/media\/17926"}],"wp:attachment":[{"href":"https:\/\/mekulo.com\/no\/wp-json\/wp\/v2\/media?parent=17930"}],"wp:term":[{"taxonomy":"product_brand","embeddable":true,"href":"https:\/\/mekulo.com\/no\/wp-json\/wp\/v2\/product_brand?post=17930"},{"taxonomy":"product_cat","embeddable":true,"href":"https:\/\/mekulo.com\/no\/wp-json\/wp\/v2\/product_cat?post=17930"},{"taxonomy":"product_tag","embeddable":true,"href":"https:\/\/mekulo.com\/no\/wp-json\/wp\/v2\/product_tag?post=17930"}],"curies":[{"name":"wp","href":"https:\/\/api.w.org\/{rel}","templated":true}]}}