{"id":17866,"date":"2026-01-15T16:43:13","date_gmt":"2026-01-15T14:43:13","guid":{"rendered":"https:\/\/mekulo.com\/no\/produkt\/telefonstropp-med-glidelaslomme\/"},"modified":"2026-01-16T19:46:49","modified_gmt":"2026-01-16T17:46:49","slug":"telefonstropp-med-glidelaslomme","status":"publish","type":"product","link":"https:\/\/mekulo.com\/no\/produkt\/telefonstropp-med-glidelaslomme\/","title":{"rendered":"Telefonstropp med glidel\u00e5slomme"},"content":{"rendered":"<p style=\"text-align: center;\" data-start=\"0\" data-end=\"65\"><strong data-start=\"0\" data-end=\"65\">B\u00e6r telefonen, kortene og kontantene dine h\u00e5ndfritt uansett hvor du g\u00e5r. \ud83d\udcb3<\/strong><\/p>\n<p data-start=\"0\" data-end=\"65\"><img fetchpriority=\"high\" decoding=\"async\" class=\"size-full wp-image-20196 aligncenter\" src=\"https:\/\/mekulo.com\/template\/wp-content\/uploads\/sites\/6\/2026\/01\/S4776ea4306d5432d8871bba541a8df22M.webp\" alt=\"\" width=\"800\" height=\"800\" \/><\/p>\n<h2 style=\"text-align: center;\" data-start=\"474\" data-end=\"493\"><strong>Hovedfordeler<\/strong><\/h2>\n<p data-start=\"497\" data-end=\"571\">\ud83c\udf92 H\u00e5ndfri bekvemmelighet &#8211; Hold telefonen n\u00e6r uten \u00e5 holde den.<\/p>\n<p data-start=\"574\" data-end=\"633\">\ud83d\udd10 Sikker glidel\u00e5slomme &#8211; Oppbevar kort og kontanter trygt.<\/p>\n<p data-start=\"636\" data-end=\"706\">\ud83d\udd04 Design i flere stiler &#8211; Bruk som crossbody, armb\u00e5nd eller veskerem.<\/p>\n<p data-start=\"636\" data-end=\"706\">\ud83d\udcf1 Universell passform &#8211; Fungerer med nesten alle telefonmodeller.<\/p>\n<p data-start=\"770\" data-end=\"835\">\ud83c\udf81 Flott gaveide &#8211; Stilig og praktisk til daglig bruk.<\/p>\n<p data-start=\"770\" data-end=\"835\"><img decoding=\"async\" class=\"size-full wp-image-20200 aligncenter\" src=\"https:\/\/mekulo.com\/template\/wp-content\/uploads\/sites\/6\/2026\/01\/0266b34763b8afa01eb9ca51f020fee250c0af05-800.avif\" alt=\"\" \/><\/p>\n<h2 style=\"text-align: center;\" data-start=\"842\" data-end=\"859\"><strong>Slik Bruker Du Det<\/strong><\/h2>\n<ol data-start=\"861\" data-end=\"1159\">\n<li data-start=\"861\" data-end=\"934\">\n<p data-start=\"864\" data-end=\"934\">Sett inn telefonkortet gjennom \u00e5pningen til ladeporten p\u00e5 telefonvesken.<\/p>\n<\/li>\n<li data-start=\"935\" data-end=\"984\">\n<p data-start=\"938\" data-end=\"984\">Fest stroppen til telefonkortet.<\/p>\n<\/li>\n<li data-start=\"985\" data-end=\"1055\">\n<p data-start=\"988\" data-end=\"1055\">Juster lengden p\u00e5 stroppen slik at du kan bruke den p\u00e5 tvers av kroppen eller som h\u00e5ndleddsstropp.<\/p>\n<\/li>\n<li data-start=\"1056\" data-end=\"1102\">\n<p data-start=\"1059\" data-end=\"1102\">Legg kort eller kontanter i glidel\u00e5slommen.<\/p>\n<\/li>\n<li data-start=\"1103\" data-end=\"1159\">\n<p data-start=\"1106\" data-end=\"1159\">Nyt h\u00e5ndfri bruk samtidig som du holder telefonen trygg.<\/p>\n<\/li>\n<\/ol>\n<h2 style=\"text-align: center;\" data-start=\"1166\" data-end=\"1188\"><strong>Produktdetaljer<\/strong><\/h2>\n<ul data-start=\"1190\" data-end=\"1446\">\n<li data-start=\"1230\" data-end=\"1249\">\n<p data-start=\"1232\" data-end=\"1249\">Materiale: Nylon<\/p>\n<\/li>\n<li data-start=\"1250\" data-end=\"1272\">\n<p data-start=\"1252\" data-end=\"1272\">Vekt: Ca. 160 g<\/p>\n<\/li>\n<li data-start=\"1273\" data-end=\"1332\">\n<p data-start=\"1275\" data-end=\"1332\">Justerbar st\u00f8rrelse: 53 &#8211; 73 cm<\/p>\n<\/li>\n<li data-start=\"1396\" data-end=\"1446\">\n<p data-start=\"1398\" data-end=\"1446\">Kompatibilitet: Universal for de fleste telefonmodeller<\/p>\n<\/li>\n<\/ul>\n<h2 style=\"text-align: center;\"><strong>Pakken inkluderer<\/strong><\/h2>\n<ul data-start=\"1478\" data-end=\"1516\">\n<li data-start=\"1478\" data-end=\"1516\">\n<p data-start=\"1480\" data-end=\"1516\">1, 2x telefonrem med glidel\u00e5slomme.<\/p>\n<\/li>\n<\/ul>\n","protected":false},"excerpt":{"rendered":"<p><span style=\"font-size: 16px; font-style: normal; font-weight: 400;\"><span style=\"font-size: 16px; font-style: normal; font-weight: 400;\">\ud83d\udcf1<\/span>Denne allsidige telefonstroppen med glidel\u00e5slomme fungerer som en crossbody, h\u00e5ndleddsstropp eller armb\u00e5nd, samtidig som den holder telefonen, kortene og kontantene dine p\u00e5 ett sted.<br \/>\n<\/span><span style=\"font-size: 16px; font-style: normal; font-weight: 400;\">\u2728<\/span><span style=\"font-size: 16px; font-style: normal; font-weight: 400;\">Den bidrar til \u00e5 forhindre fall og tap, noe som gj\u00f8r den perfekt for jobb, reise, shopping eller daglige \u00e6rend.<br \/>\n\ud83d\udc5dEn smart og stilig m\u00e5te \u00e5 holde telefonen sikker, tilgjengelig og alltid innen rekkevidde.<\/span><\/p>\n","protected":false},"featured_media":17862,"comment_status":"open","ping_status":"closed","template":"","meta":{"site-sidebar-layout":"default","site-content-layout":"","ast-site-content-layout":"default","site-content-style":"default","site-sidebar-style":"default","ast-global-header-display":"","ast-banner-title-visibility":"","ast-main-header-display":"","ast-hfb-above-header-display":"","ast-hfb-below-header-display":"","ast-hfb-mobile-header-display":"","site-post-title":"","ast-breadcrumbs-content":"","ast-featured-img":"","footer-sml-layout":"","theme-transparent-header-meta":"default","adv-header-id-meta":"","stick-header-meta":"","header-above-stick-meta":"","header-main-stick-meta":"","header-below-stick-meta":"","astra-migrate-meta-layouts":"set","ast-page-background-enabled":"default","ast-page-background-meta":{"desktop":{"background-color":"var(--ast-global-color-5)","background-image":"","background-repeat":"repeat","background-position":"center center","background-size":"auto","background-attachment":"scroll","background-type":"","background-media":"","overlay-type":"","overlay-color":"","overlay-opacity":"","overlay-gradient":""},"tablet":{"background-color":"","background-image":"","background-repeat":"repeat","background-position":"center center","background-size":"auto","background-attachment":"scroll","background-type":"","background-media":"","overlay-type":"","overlay-color":"","overlay-opacity":"","overlay-gradient":""},"mobile":{"background-color":"","background-image":"","background-repeat":"repeat","background-position":"center center","background-size":"auto","background-attachment":"scroll","background-type":"","background-media":"","overlay-type":"","overlay-color":"","overlay-opacity":"","overlay-gradient":""}},"ast-content-background-meta":{"desktop":{"background-color":"var(--ast-global-color-4)","background-image":"","background-repeat":"repeat","background-position":"center center","background-size":"auto","background-attachment":"scroll","background-type":"","background-media":"","overlay-type":"","overlay-color":"","overlay-opacity":"","overlay-gradient":""},"tablet":{"background-color":"var(--ast-global-color-4)","background-image":"","background-repeat":"repeat","background-position":"center center","background-size":"auto","background-attachment":"scroll","background-type":"","background-media":"","overlay-type":"","overlay-color":"","overlay-opacity":"","overlay-gradient":""},"mobile":{"background-color":"var(--ast-global-color-4)","background-image":"","background-repeat":"repeat","background-position":"center center","background-size":"auto","background-attachment":"scroll","background-type":"","background-media":"","overlay-type":"","overlay-color":"","overlay-opacity":"","overlay-gradient":""}}},"product_brand":[],"product_cat":[165],"product_tag":[],"class_list":{"0":"post-17866","1":"product","2":"type-product","3":"status-publish","4":"has-post-thumbnail","6":"product_cat-fottoy-tilbehor","7":"pa_67859_goieddho-1-stk","8":"pa_67859_goieddho-2-stk","9":"pa_67859_v3vohhxg-a","10":"pa_67859_v3vohhxg-b","11":"pa_67859_v3vohhxg-c","12":"pa_67859_v3vohhxg-d","13":"pa_67859_v3vohhxg-e","14":"pa_67859_v3vohhxg-f","15":"pa_67859_v3vohhxg-g","16":"pa_67859_v3vohhxg-h","17":"pa_67859_v3vohhxg-i","18":"pa_67859_v3vohhxg-j","19":"desktop-align-left","20":"tablet-align-left","21":"mobile-align-left","23":"first","24":"instock","25":"shipping-taxable","26":"purchasable","27":"product-type-variable","28":"has-default-attributes"},"yoast_head":"<!-- This site is optimized with the Yoast SEO plugin v26.6 - https:\/\/yoast.com\/wordpress\/plugins\/seo\/ -->\n<title>Telefonstropp med glidel\u00e5slomme - Mekulo NO<\/title>\n<meta name=\"robots\" content=\"index, follow, max-snippet:-1, max-image-preview:large, max-video-preview:-1\" \/>\n<link rel=\"canonical\" href=\"https:\/\/mekulo.com\/no\/produkt\/telefonstropp-med-glidelaslomme\/\" \/>\n<meta property=\"og:locale\" content=\"nb_NO\" \/>\n<meta property=\"og:type\" content=\"article\" \/>\n<meta property=\"og:title\" content=\"Telefonstropp med glidel\u00e5slomme - Mekulo NO\" \/>\n<meta property=\"og:description\" content=\"\ud83d\udcf1Denne allsidige telefonstroppen med glidel\u00e5slomme fungerer som en crossbody, h\u00e5ndleddsstropp eller armb\u00e5nd, samtidig som den holder telefonen, kortene og kontantene dine p\u00e5 ett sted. \u2728Den bidrar til \u00e5 forhindre fall og tap, noe som gj\u00f8r den perfekt for jobb, reise, shopping eller daglige \u00e6rend. \ud83d\udc5dEn smart og stilig m\u00e5te \u00e5 holde telefonen sikker, tilgjengelig og alltid innen rekkevidde.\" \/>\n<meta property=\"og:url\" content=\"https:\/\/mekulo.com\/no\/produkt\/telefonstropp-med-glidelaslomme\/\" \/>\n<meta property=\"og:site_name\" content=\"Mekulo NO\" \/>\n<meta property=\"article:modified_time\" content=\"2026-01-16T17:46:49+00:00\" \/>\n<meta property=\"og:image\" content=\"https:\/\/mekulo.com\/no\/wp-content\/uploads\/sites\/10\/2026\/01\/hqku2c1-1.jpg\" \/>\n\t<meta property=\"og:image:width\" content=\"960\" \/>\n\t<meta property=\"og:image:height\" content=\"960\" \/>\n\t<meta property=\"og:image:type\" content=\"image\/jpeg\" \/>\n<meta name=\"twitter:card\" content=\"summary_large_image\" \/>\n<meta name=\"twitter:label1\" content=\"Ansl. lesetid\" \/>\n\t<meta name=\"twitter:data1\" content=\"2 minutter\" \/>\n<script type=\"application\/ld+json\" class=\"yoast-schema-graph\">{\"@context\":\"https:\/\/schema.org\",\"@graph\":[{\"@type\":\"WebPage\",\"@id\":\"https:\/\/mekulo.com\/no\/produkt\/telefonstropp-med-glidelaslomme\/\",\"url\":\"https:\/\/mekulo.com\/no\/produkt\/telefonstropp-med-glidelaslomme\/\",\"name\":\"Telefonstropp med glidel\u00e5slomme - Mekulo NO\",\"isPartOf\":{\"@id\":\"https:\/\/mekulo.com\/no\/#website\"},\"primaryImageOfPage\":{\"@id\":\"https:\/\/mekulo.com\/no\/produkt\/telefonstropp-med-glidelaslomme\/#primaryimage\"},\"image\":{\"@id\":\"https:\/\/mekulo.com\/no\/produkt\/telefonstropp-med-glidelaslomme\/#primaryimage\"},\"thumbnailUrl\":\"https:\/\/mekulo.com\/no\/wp-content\/uploads\/sites\/10\/2026\/01\/hqku2c1-1.jpg\",\"datePublished\":\"2026-01-15T14:43:13+00:00\",\"dateModified\":\"2026-01-16T17:46:49+00:00\",\"breadcrumb\":{\"@id\":\"https:\/\/mekulo.com\/no\/produkt\/telefonstropp-med-glidelaslomme\/#breadcrumb\"},\"inLanguage\":\"nb-NO\",\"potentialAction\":[{\"@type\":\"ReadAction\",\"target\":[\"https:\/\/mekulo.com\/no\/produkt\/telefonstropp-med-glidelaslomme\/\"]}]},{\"@type\":\"ImageObject\",\"inLanguage\":\"nb-NO\",\"@id\":\"https:\/\/mekulo.com\/no\/produkt\/telefonstropp-med-glidelaslomme\/#primaryimage\",\"url\":\"https:\/\/mekulo.com\/no\/wp-content\/uploads\/sites\/10\/2026\/01\/hqku2c1-1.jpg\",\"contentUrl\":\"https:\/\/mekulo.com\/no\/wp-content\/uploads\/sites\/10\/2026\/01\/hqku2c1-1.jpg\",\"width\":960,\"height\":960},{\"@type\":\"BreadcrumbList\",\"@id\":\"https:\/\/mekulo.com\/no\/produkt\/telefonstropp-med-glidelaslomme\/#breadcrumb\",\"itemListElement\":[{\"@type\":\"ListItem\",\"position\":1,\"name\":\"Home\",\"item\":\"https:\/\/mekulo.com\/no\/\"},{\"@type\":\"ListItem\",\"position\":2,\"name\":\"Butikk\",\"item\":\"https:\/\/mekulo.com\/no\/butikk\/\"},{\"@type\":\"ListItem\",\"position\":3,\"name\":\"Telefonstropp med glidel\u00e5slomme\"}]},{\"@type\":\"WebSite\",\"@id\":\"https:\/\/mekulo.com\/no\/#website\",\"url\":\"https:\/\/mekulo.com\/no\/\",\"name\":\"Mekulo NO\",\"description\":\"\",\"publisher\":{\"@id\":\"https:\/\/mekulo.com\/no\/#organization\"},\"potentialAction\":[{\"@type\":\"SearchAction\",\"target\":{\"@type\":\"EntryPoint\",\"urlTemplate\":\"https:\/\/mekulo.com\/no\/?s={search_term_string}\"},\"query-input\":{\"@type\":\"PropertyValueSpecification\",\"valueRequired\":true,\"valueName\":\"search_term_string\"}}],\"inLanguage\":\"nb-NO\"},{\"@type\":\"Organization\",\"@id\":\"https:\/\/mekulo.com\/no\/#organization\",\"name\":\"Mekulo\",\"url\":\"https:\/\/mekulo.com\/no\/\",\"logo\":{\"@type\":\"ImageObject\",\"inLanguage\":\"nb-NO\",\"@id\":\"https:\/\/mekulo.com\/no\/#\/schema\/logo\/image\/\",\"url\":\"https:\/\/mekulo.com\/no\/wp-content\/uploads\/sites\/10\/2025\/12\/favicon_mekulo.png\",\"contentUrl\":\"https:\/\/mekulo.com\/no\/wp-content\/uploads\/sites\/10\/2025\/12\/favicon_mekulo.png\",\"width\":50,\"height\":50,\"caption\":\"Mekulo\"},\"image\":{\"@id\":\"https:\/\/mekulo.com\/no\/#\/schema\/logo\/image\/\"}}]}<\/script>\n<!-- \/ Yoast SEO plugin. -->","yoast_head_json":{"title":"Telefonstropp med glidel\u00e5slomme - Mekulo NO","robots":{"index":"index","follow":"follow","max-snippet":"max-snippet:-1","max-image-preview":"max-image-preview:large","max-video-preview":"max-video-preview:-1"},"canonical":"https:\/\/mekulo.com\/no\/produkt\/telefonstropp-med-glidelaslomme\/","og_locale":"nb_NO","og_type":"article","og_title":"Telefonstropp med glidel\u00e5slomme - Mekulo NO","og_description":"\ud83d\udcf1Denne allsidige telefonstroppen med glidel\u00e5slomme fungerer som en crossbody, h\u00e5ndleddsstropp eller armb\u00e5nd, samtidig som den holder telefonen, kortene og kontantene dine p\u00e5 ett sted. \u2728Den bidrar til \u00e5 forhindre fall og tap, noe som gj\u00f8r den perfekt for jobb, reise, shopping eller daglige \u00e6rend. \ud83d\udc5dEn smart og stilig m\u00e5te \u00e5 holde telefonen sikker, tilgjengelig og alltid innen rekkevidde.","og_url":"https:\/\/mekulo.com\/no\/produkt\/telefonstropp-med-glidelaslomme\/","og_site_name":"Mekulo NO","article_modified_time":"2026-01-16T17:46:49+00:00","og_image":[{"width":960,"height":960,"url":"https:\/\/mekulo.com\/no\/wp-content\/uploads\/sites\/10\/2026\/01\/hqku2c1-1.jpg","type":"image\/jpeg"}],"twitter_card":"summary_large_image","twitter_misc":{"Ansl. lesetid":"2 minutter"},"schema":{"@context":"https:\/\/schema.org","@graph":[{"@type":"WebPage","@id":"https:\/\/mekulo.com\/no\/produkt\/telefonstropp-med-glidelaslomme\/","url":"https:\/\/mekulo.com\/no\/produkt\/telefonstropp-med-glidelaslomme\/","name":"Telefonstropp med glidel\u00e5slomme - Mekulo NO","isPartOf":{"@id":"https:\/\/mekulo.com\/no\/#website"},"primaryImageOfPage":{"@id":"https:\/\/mekulo.com\/no\/produkt\/telefonstropp-med-glidelaslomme\/#primaryimage"},"image":{"@id":"https:\/\/mekulo.com\/no\/produkt\/telefonstropp-med-glidelaslomme\/#primaryimage"},"thumbnailUrl":"https:\/\/mekulo.com\/no\/wp-content\/uploads\/sites\/10\/2026\/01\/hqku2c1-1.jpg","datePublished":"2026-01-15T14:43:13+00:00","dateModified":"2026-01-16T17:46:49+00:00","breadcrumb":{"@id":"https:\/\/mekulo.com\/no\/produkt\/telefonstropp-med-glidelaslomme\/#breadcrumb"},"inLanguage":"nb-NO","potentialAction":[{"@type":"ReadAction","target":["https:\/\/mekulo.com\/no\/produkt\/telefonstropp-med-glidelaslomme\/"]}]},{"@type":"ImageObject","inLanguage":"nb-NO","@id":"https:\/\/mekulo.com\/no\/produkt\/telefonstropp-med-glidelaslomme\/#primaryimage","url":"https:\/\/mekulo.com\/no\/wp-content\/uploads\/sites\/10\/2026\/01\/hqku2c1-1.jpg","contentUrl":"https:\/\/mekulo.com\/no\/wp-content\/uploads\/sites\/10\/2026\/01\/hqku2c1-1.jpg","width":960,"height":960},{"@type":"BreadcrumbList","@id":"https:\/\/mekulo.com\/no\/produkt\/telefonstropp-med-glidelaslomme\/#breadcrumb","itemListElement":[{"@type":"ListItem","position":1,"name":"Home","item":"https:\/\/mekulo.com\/no\/"},{"@type":"ListItem","position":2,"name":"Butikk","item":"https:\/\/mekulo.com\/no\/butikk\/"},{"@type":"ListItem","position":3,"name":"Telefonstropp med glidel\u00e5slomme"}]},{"@type":"WebSite","@id":"https:\/\/mekulo.com\/no\/#website","url":"https:\/\/mekulo.com\/no\/","name":"Mekulo NO","description":"","publisher":{"@id":"https:\/\/mekulo.com\/no\/#organization"},"potentialAction":[{"@type":"SearchAction","target":{"@type":"EntryPoint","urlTemplate":"https:\/\/mekulo.com\/no\/?s={search_term_string}"},"query-input":{"@type":"PropertyValueSpecification","valueRequired":true,"valueName":"search_term_string"}}],"inLanguage":"nb-NO"},{"@type":"Organization","@id":"https:\/\/mekulo.com\/no\/#organization","name":"Mekulo","url":"https:\/\/mekulo.com\/no\/","logo":{"@type":"ImageObject","inLanguage":"nb-NO","@id":"https:\/\/mekulo.com\/no\/#\/schema\/logo\/image\/","url":"https:\/\/mekulo.com\/no\/wp-content\/uploads\/sites\/10\/2025\/12\/favicon_mekulo.png","contentUrl":"https:\/\/mekulo.com\/no\/wp-content\/uploads\/sites\/10\/2025\/12\/favicon_mekulo.png","width":50,"height":50,"caption":"Mekulo"},"image":{"@id":"https:\/\/mekulo.com\/no\/#\/schema\/logo\/image\/"}}]}},"_links":{"self":[{"href":"https:\/\/mekulo.com\/no\/wp-json\/wp\/v2\/product\/17866","targetHints":{"allow":["GET"]}}],"collection":[{"href":"https:\/\/mekulo.com\/no\/wp-json\/wp\/v2\/product"}],"about":[{"href":"https:\/\/mekulo.com\/no\/wp-json\/wp\/v2\/types\/product"}],"replies":[{"embeddable":true,"href":"https:\/\/mekulo.com\/no\/wp-json\/wp\/v2\/comments?post=17866"}],"wp:featuredmedia":[{"embeddable":true,"href":"https:\/\/mekulo.com\/no\/wp-json\/wp\/v2\/media\/17862"}],"wp:attachment":[{"href":"https:\/\/mekulo.com\/no\/wp-json\/wp\/v2\/media?parent=17866"}],"wp:term":[{"taxonomy":"product_brand","embeddable":true,"href":"https:\/\/mekulo.com\/no\/wp-json\/wp\/v2\/product_brand?post=17866"},{"taxonomy":"product_cat","embeddable":true,"href":"https:\/\/mekulo.com\/no\/wp-json\/wp\/v2\/product_cat?post=17866"},{"taxonomy":"product_tag","embeddable":true,"href":"https:\/\/mekulo.com\/no\/wp-json\/wp\/v2\/product_tag?post=17866"}],"curies":[{"name":"wp","href":"https:\/\/api.w.org\/{rel}","templated":true}]}}