{"id":17769,"date":"2026-01-13T17:45:10","date_gmt":"2026-01-13T15:45:10","guid":{"rendered":"https:\/\/mekulo.com\/no\/produkt\/laeringsspill-for-multiplikasjon\/"},"modified":"2026-01-13T19:28:28","modified_gmt":"2026-01-13T17:28:28","slug":"laeringsspill-for-multiplikasjon","status":"publish","type":"product","link":"https:\/\/mekulo.com\/no\/produkt\/laeringsspill-for-multiplikasjon\/","title":{"rendered":"L\u00e6ringsspill for multiplikasjon"},"content":{"rendered":"<p style=\"text-align: center;\" data-start=\"0\" data-end=\"55\"><strong data-start=\"0\" data-end=\"55\">Gj\u00f8r det enkelt, visuelt og morsomt \u00e5 l\u00e6re multiplikasjon.\u2716\ufe0f<\/strong><\/p>\n<p data-start=\"0\" data-end=\"55\"><img decoding=\"async\" class=\"size-full wp-image-20128 aligncenter\" src=\"https:\/\/mekulo.com\/template\/wp-content\/uploads\/sites\/6\/2026\/01\/f83e08dd04626183f740d086cdca8db6214967ce-800.avif\" alt=\"\" \/><\/p>\n<h2 style=\"text-align: center;\" data-start=\"519\" data-end=\"538\"><strong>Hovedfordeler<\/strong><\/h2>\n<p data-start=\"542\" data-end=\"620\">\ud83e\udde0 Bygger tallforst\u00e5else &#8211; L\u00e6rer m\u00f8nstre, ikke bare memorering.<\/p>\n<p data-start=\"623\" data-end=\"691\">\ud83c\udfb2 L\u00e6ring gjennom lek &#8211; Gj\u00f8r matte\u00f8velser til et morsomt spill.<\/p>\n<p data-start=\"694\" data-end=\"758\">\ud83d\udc67\ud83d\udc66 Gruppe- eller solospill &#8211; Flott for barn som l\u00e6rer sammen.<\/p>\n<p data-start=\"761\" data-end=\"825\">\ud83c\udf31 Trygt, naturlig tre &#8211; Glatt, holdbart og barnevennlig.<\/p>\n<p data-start=\"828\" data-end=\"895\">\ud83c\udf92 B\u00e6rbar design &#8211; Enkel \u00e5 bruke hjemme, p\u00e5 skolen eller utend\u00f8rs.<\/p>\n<p data-start=\"828\" data-end=\"895\"><img fetchpriority=\"high\" decoding=\"async\" class=\"size-full wp-image-20126 aligncenter\" src=\"https:\/\/mekulo.com\/template\/wp-content\/uploads\/sites\/6\/2026\/01\/Sed6108a0f0f74f0baf39bd17fa4f255fp.jpg_960x960q75.jpg_.avif\" alt=\"\" width=\"800\" height=\"800\" \/><\/p>\n<h2 style=\"text-align: center;\" data-start=\"902\" data-end=\"919\"><strong>Slik Bruker Du<\/strong><\/h2>\n<ol data-start=\"921\" data-end=\"1214\">\n<li data-start=\"921\" data-end=\"974\">\n<p data-start=\"924\" data-end=\"974\">Plasser bunnplaten av tre p\u00e5 en flat overflate.<\/p>\n<\/li>\n<li data-start=\"975\" data-end=\"1028\">\n<p data-start=\"978\" data-end=\"1028\">Kast terningen eller trekk et kort for \u00e5 velge et tall.<\/p>\n<\/li>\n<li data-start=\"1029\" data-end=\"1099\">\n<p data-start=\"1032\" data-end=\"1099\">Bruk sjakkbrikkene til \u00e5 markere svarene i multiplikasjonstabellen.<\/p>\n<\/li>\n<li data-start=\"1100\" data-end=\"1158\">\n<p data-start=\"1103\" data-end=\"1158\">\u00d8v p\u00e5 telling, gangetabeller eller quiz-lignende spill.<\/p>\n<\/li>\n<li data-start=\"1159\" data-end=\"1214\">\n<p data-start=\"1162\" data-end=\"1214\">Gjenta for \u00e5 bygge opp fart og selvtillit med tall.<\/p>\n<\/li>\n<\/ol>\n<h2 style=\"text-align: center;\" data-start=\"1221\" data-end=\"1243\"><strong>Produktdetaljer<\/strong><\/h2>\n<ul data-start=\"1245\" data-end=\"1511\">\n<li data-start=\"1293\" data-end=\"1319\">\n<p data-start=\"1295\" data-end=\"1319\">Materiale: Naturlig tre<\/p>\n<\/li>\n<li data-start=\"1320\" data-end=\"1357\">\n<p data-start=\"1322\" data-end=\"1357\">Overflate: Glatt, gratfri overflate<\/p>\n<\/li>\n<li data-start=\"1358\" data-end=\"1410\">\n<p data-start=\"1360\" data-end=\"1410\">Bruk: Multiplikasjon, telling, tallm\u00f8nstre<\/p>\n<\/li>\n<li data-start=\"1411\" data-end=\"1471\">\n<p data-start=\"1413\" data-end=\"1471\">Egnet for: F\u00f8rskole, barnehage, barneskole<\/p>\n<\/li>\n<li data-start=\"1472\" data-end=\"1511\">\n<p data-start=\"1474\" data-end=\"1511\">L\u00e6ringsstil: Praktisk og visuell<\/p>\n<\/li>\n<\/ul>\n<h2 style=\"text-align: center;\" data-start=\"1518\" data-end=\"1541\"><strong>Pakken inneholder<\/strong><\/h2>\n<ul data-start=\"1543\" data-end=\"1637\">\n<li data-start=\"1543\" data-end=\"1570\">\n<p data-start=\"1545\" data-end=\"1570\">1x bunnplate i tre<\/p>\n<\/li>\n<li data-start=\"1571\" data-end=\"1601\">\n<p data-start=\"1573\" data-end=\"1601\">4x sjakkbrikker (mark\u00f8rer)<\/p>\n<\/li>\n<li data-start=\"1602\" data-end=\"1614\">\n<p data-start=\"1604\" data-end=\"1614\">2x terninger<\/p>\n<\/li>\n<li data-start=\"1615\" data-end=\"1637\">\n<p data-start=\"1617\" data-end=\"1637\">100x tallkort.<\/p>\n<\/li>\n<\/ul>\n","protected":false},"excerpt":{"rendered":"<p>\u2716\ufe0fDette multiplikasjonsspill gj\u00f8r tall til et interaktivt spill som hjelper barn \u00e5 forst\u00e5 m\u00f8nstre, bygge selvtillit og mestre multiplikasjon gjennom lek.<br \/>\n\ud83c\udfb2Med spillbrikker, terninger og kort kan barna \u00f8ve p\u00e5 telling og multiplikasjon p\u00e5 en morsom og praktisk m\u00e5te hjemme eller p\u00e5 skolen.<br \/>\n\u2795En smart og leken m\u00e5te \u00e5 hjelpe barn til \u00e5 elske matte og l\u00e6re raskere.<\/p>\n","protected":false},"featured_media":17765,"comment_status":"open","ping_status":"closed","template":"","meta":{"site-sidebar-layout":"default","site-content-layout":"","ast-site-content-layout":"default","site-content-style":"default","site-sidebar-style":"default","ast-global-header-display":"","ast-banner-title-visibility":"","ast-main-header-display":"","ast-hfb-above-header-display":"","ast-hfb-below-header-display":"","ast-hfb-mobile-header-display":"","site-post-title":"","ast-breadcrumbs-content":"","ast-featured-img":"","footer-sml-layout":"","theme-transparent-header-meta":"default","adv-header-id-meta":"","stick-header-meta":"","header-above-stick-meta":"","header-main-stick-meta":"","header-below-stick-meta":"","astra-migrate-meta-layouts":"set","ast-page-background-enabled":"default","ast-page-background-meta":{"desktop":{"background-color":"var(--ast-global-color-5)","background-image":"","background-repeat":"repeat","background-position":"center center","background-size":"auto","background-attachment":"scroll","background-type":"","background-media":"","overlay-type":"","overlay-color":"","overlay-opacity":"","overlay-gradient":""},"tablet":{"background-color":"","background-image":"","background-repeat":"repeat","background-position":"center center","background-size":"auto","background-attachment":"scroll","background-type":"","background-media":"","overlay-type":"","overlay-color":"","overlay-opacity":"","overlay-gradient":""},"mobile":{"background-color":"","background-image":"","background-repeat":"repeat","background-position":"center center","background-size":"auto","background-attachment":"scroll","background-type":"","background-media":"","overlay-type":"","overlay-color":"","overlay-opacity":"","overlay-gradient":""}},"ast-content-background-meta":{"desktop":{"background-color":"var(--ast-global-color-4)","background-image":"","background-repeat":"repeat","background-position":"center center","background-size":"auto","background-attachment":"scroll","background-type":"","background-media":"","overlay-type":"","overlay-color":"","overlay-opacity":"","overlay-gradient":""},"tablet":{"background-color":"var(--ast-global-color-4)","background-image":"","background-repeat":"repeat","background-position":"center center","background-size":"auto","background-attachment":"scroll","background-type":"","background-media":"","overlay-type":"","overlay-color":"","overlay-opacity":"","overlay-gradient":""},"mobile":{"background-color":"var(--ast-global-color-4)","background-image":"","background-repeat":"repeat","background-position":"center center","background-size":"auto","background-attachment":"scroll","background-type":"","background-media":"","overlay-type":"","overlay-color":"","overlay-opacity":"","overlay-gradient":""}}},"product_brand":[],"product_cat":[172],"product_tag":[],"class_list":{"0":"post-17769","1":"product","2":"type-product","3":"status-publish","4":"has-post-thumbnail","6":"product_cat-leker-barne-og-babyprodukter","7":"desktop-align-left","8":"tablet-align-left","9":"mobile-align-left","11":"first","12":"instock","13":"shipping-taxable","14":"purchasable","15":"product-type-simple"},"yoast_head":"<!-- This site is optimized with the Yoast SEO plugin v26.6 - https:\/\/yoast.com\/wordpress\/plugins\/seo\/ -->\n<title>L\u00e6ringsspill for multiplikasjon - Mekulo NO<\/title>\n<meta name=\"robots\" content=\"index, follow, max-snippet:-1, max-image-preview:large, max-video-preview:-1\" \/>\n<link rel=\"canonical\" href=\"https:\/\/mekulo.com\/no\/produkt\/laeringsspill-for-multiplikasjon\/\" \/>\n<meta property=\"og:locale\" content=\"nb_NO\" \/>\n<meta property=\"og:type\" content=\"article\" \/>\n<meta property=\"og:title\" content=\"L\u00e6ringsspill for multiplikasjon - Mekulo NO\" \/>\n<meta property=\"og:description\" content=\"\u2716\ufe0fDette multiplikasjonsspill gj\u00f8r tall til et interaktivt spill som hjelper barn \u00e5 forst\u00e5 m\u00f8nstre, bygge selvtillit og mestre multiplikasjon gjennom lek. \ud83c\udfb2Med spillbrikker, terninger og kort kan barna \u00f8ve p\u00e5 telling og multiplikasjon p\u00e5 en morsom og praktisk m\u00e5te hjemme eller p\u00e5 skolen. \u2795En smart og leken m\u00e5te \u00e5 hjelpe barn til \u00e5 elske matte og l\u00e6re raskere.\" \/>\n<meta property=\"og:url\" content=\"https:\/\/mekulo.com\/no\/produkt\/laeringsspill-for-multiplikasjon\/\" \/>\n<meta property=\"og:site_name\" content=\"Mekulo NO\" \/>\n<meta property=\"article:modified_time\" content=\"2026-01-13T17:28:28+00:00\" \/>\n<meta property=\"og:image\" content=\"https:\/\/mekulo.com\/no\/wp-content\/uploads\/sites\/10\/2026\/01\/3t3wppk-1.jpg\" \/>\n\t<meta property=\"og:image:width\" content=\"800\" \/>\n\t<meta property=\"og:image:height\" content=\"800\" \/>\n\t<meta property=\"og:image:type\" content=\"image\/jpeg\" \/>\n<meta name=\"twitter:card\" content=\"summary_large_image\" \/>\n<meta name=\"twitter:label1\" content=\"Ansl. lesetid\" \/>\n\t<meta name=\"twitter:data1\" content=\"2 minutter\" \/>\n<script type=\"application\/ld+json\" class=\"yoast-schema-graph\">{\"@context\":\"https:\/\/schema.org\",\"@graph\":[{\"@type\":\"WebPage\",\"@id\":\"https:\/\/mekulo.com\/no\/produkt\/laeringsspill-for-multiplikasjon\/\",\"url\":\"https:\/\/mekulo.com\/no\/produkt\/laeringsspill-for-multiplikasjon\/\",\"name\":\"L\u00e6ringsspill for multiplikasjon - Mekulo NO\",\"isPartOf\":{\"@id\":\"https:\/\/mekulo.com\/no\/#website\"},\"primaryImageOfPage\":{\"@id\":\"https:\/\/mekulo.com\/no\/produkt\/laeringsspill-for-multiplikasjon\/#primaryimage\"},\"image\":{\"@id\":\"https:\/\/mekulo.com\/no\/produkt\/laeringsspill-for-multiplikasjon\/#primaryimage\"},\"thumbnailUrl\":\"https:\/\/mekulo.com\/no\/wp-content\/uploads\/sites\/10\/2026\/01\/3t3wppk-1.jpg\",\"datePublished\":\"2026-01-13T15:45:10+00:00\",\"dateModified\":\"2026-01-13T17:28:28+00:00\",\"breadcrumb\":{\"@id\":\"https:\/\/mekulo.com\/no\/produkt\/laeringsspill-for-multiplikasjon\/#breadcrumb\"},\"inLanguage\":\"nb-NO\",\"potentialAction\":[{\"@type\":\"ReadAction\",\"target\":[\"https:\/\/mekulo.com\/no\/produkt\/laeringsspill-for-multiplikasjon\/\"]}]},{\"@type\":\"ImageObject\",\"inLanguage\":\"nb-NO\",\"@id\":\"https:\/\/mekulo.com\/no\/produkt\/laeringsspill-for-multiplikasjon\/#primaryimage\",\"url\":\"https:\/\/mekulo.com\/no\/wp-content\/uploads\/sites\/10\/2026\/01\/3t3wppk-1.jpg\",\"contentUrl\":\"https:\/\/mekulo.com\/no\/wp-content\/uploads\/sites\/10\/2026\/01\/3t3wppk-1.jpg\",\"width\":800,\"height\":800},{\"@type\":\"BreadcrumbList\",\"@id\":\"https:\/\/mekulo.com\/no\/produkt\/laeringsspill-for-multiplikasjon\/#breadcrumb\",\"itemListElement\":[{\"@type\":\"ListItem\",\"position\":1,\"name\":\"Home\",\"item\":\"https:\/\/mekulo.com\/no\/\"},{\"@type\":\"ListItem\",\"position\":2,\"name\":\"Butikk\",\"item\":\"https:\/\/mekulo.com\/no\/butikk\/\"},{\"@type\":\"ListItem\",\"position\":3,\"name\":\"L\u00e6ringsspill for multiplikasjon\"}]},{\"@type\":\"WebSite\",\"@id\":\"https:\/\/mekulo.com\/no\/#website\",\"url\":\"https:\/\/mekulo.com\/no\/\",\"name\":\"Mekulo NO\",\"description\":\"\",\"publisher\":{\"@id\":\"https:\/\/mekulo.com\/no\/#organization\"},\"potentialAction\":[{\"@type\":\"SearchAction\",\"target\":{\"@type\":\"EntryPoint\",\"urlTemplate\":\"https:\/\/mekulo.com\/no\/?s={search_term_string}\"},\"query-input\":{\"@type\":\"PropertyValueSpecification\",\"valueRequired\":true,\"valueName\":\"search_term_string\"}}],\"inLanguage\":\"nb-NO\"},{\"@type\":\"Organization\",\"@id\":\"https:\/\/mekulo.com\/no\/#organization\",\"name\":\"Mekulo\",\"url\":\"https:\/\/mekulo.com\/no\/\",\"logo\":{\"@type\":\"ImageObject\",\"inLanguage\":\"nb-NO\",\"@id\":\"https:\/\/mekulo.com\/no\/#\/schema\/logo\/image\/\",\"url\":\"https:\/\/mekulo.com\/no\/wp-content\/uploads\/sites\/10\/2025\/12\/favicon_mekulo.png\",\"contentUrl\":\"https:\/\/mekulo.com\/no\/wp-content\/uploads\/sites\/10\/2025\/12\/favicon_mekulo.png\",\"width\":50,\"height\":50,\"caption\":\"Mekulo\"},\"image\":{\"@id\":\"https:\/\/mekulo.com\/no\/#\/schema\/logo\/image\/\"}}]}<\/script>\n<!-- \/ Yoast SEO plugin. -->","yoast_head_json":{"title":"L\u00e6ringsspill for multiplikasjon - Mekulo NO","robots":{"index":"index","follow":"follow","max-snippet":"max-snippet:-1","max-image-preview":"max-image-preview:large","max-video-preview":"max-video-preview:-1"},"canonical":"https:\/\/mekulo.com\/no\/produkt\/laeringsspill-for-multiplikasjon\/","og_locale":"nb_NO","og_type":"article","og_title":"L\u00e6ringsspill for multiplikasjon - Mekulo NO","og_description":"\u2716\ufe0fDette multiplikasjonsspill gj\u00f8r tall til et interaktivt spill som hjelper barn \u00e5 forst\u00e5 m\u00f8nstre, bygge selvtillit og mestre multiplikasjon gjennom lek. \ud83c\udfb2Med spillbrikker, terninger og kort kan barna \u00f8ve p\u00e5 telling og multiplikasjon p\u00e5 en morsom og praktisk m\u00e5te hjemme eller p\u00e5 skolen. \u2795En smart og leken m\u00e5te \u00e5 hjelpe barn til \u00e5 elske matte og l\u00e6re raskere.","og_url":"https:\/\/mekulo.com\/no\/produkt\/laeringsspill-for-multiplikasjon\/","og_site_name":"Mekulo NO","article_modified_time":"2026-01-13T17:28:28+00:00","og_image":[{"width":800,"height":800,"url":"https:\/\/mekulo.com\/no\/wp-content\/uploads\/sites\/10\/2026\/01\/3t3wppk-1.jpg","type":"image\/jpeg"}],"twitter_card":"summary_large_image","twitter_misc":{"Ansl. lesetid":"2 minutter"},"schema":{"@context":"https:\/\/schema.org","@graph":[{"@type":"WebPage","@id":"https:\/\/mekulo.com\/no\/produkt\/laeringsspill-for-multiplikasjon\/","url":"https:\/\/mekulo.com\/no\/produkt\/laeringsspill-for-multiplikasjon\/","name":"L\u00e6ringsspill for multiplikasjon - Mekulo NO","isPartOf":{"@id":"https:\/\/mekulo.com\/no\/#website"},"primaryImageOfPage":{"@id":"https:\/\/mekulo.com\/no\/produkt\/laeringsspill-for-multiplikasjon\/#primaryimage"},"image":{"@id":"https:\/\/mekulo.com\/no\/produkt\/laeringsspill-for-multiplikasjon\/#primaryimage"},"thumbnailUrl":"https:\/\/mekulo.com\/no\/wp-content\/uploads\/sites\/10\/2026\/01\/3t3wppk-1.jpg","datePublished":"2026-01-13T15:45:10+00:00","dateModified":"2026-01-13T17:28:28+00:00","breadcrumb":{"@id":"https:\/\/mekulo.com\/no\/produkt\/laeringsspill-for-multiplikasjon\/#breadcrumb"},"inLanguage":"nb-NO","potentialAction":[{"@type":"ReadAction","target":["https:\/\/mekulo.com\/no\/produkt\/laeringsspill-for-multiplikasjon\/"]}]},{"@type":"ImageObject","inLanguage":"nb-NO","@id":"https:\/\/mekulo.com\/no\/produkt\/laeringsspill-for-multiplikasjon\/#primaryimage","url":"https:\/\/mekulo.com\/no\/wp-content\/uploads\/sites\/10\/2026\/01\/3t3wppk-1.jpg","contentUrl":"https:\/\/mekulo.com\/no\/wp-content\/uploads\/sites\/10\/2026\/01\/3t3wppk-1.jpg","width":800,"height":800},{"@type":"BreadcrumbList","@id":"https:\/\/mekulo.com\/no\/produkt\/laeringsspill-for-multiplikasjon\/#breadcrumb","itemListElement":[{"@type":"ListItem","position":1,"name":"Home","item":"https:\/\/mekulo.com\/no\/"},{"@type":"ListItem","position":2,"name":"Butikk","item":"https:\/\/mekulo.com\/no\/butikk\/"},{"@type":"ListItem","position":3,"name":"L\u00e6ringsspill for multiplikasjon"}]},{"@type":"WebSite","@id":"https:\/\/mekulo.com\/no\/#website","url":"https:\/\/mekulo.com\/no\/","name":"Mekulo NO","description":"","publisher":{"@id":"https:\/\/mekulo.com\/no\/#organization"},"potentialAction":[{"@type":"SearchAction","target":{"@type":"EntryPoint","urlTemplate":"https:\/\/mekulo.com\/no\/?s={search_term_string}"},"query-input":{"@type":"PropertyValueSpecification","valueRequired":true,"valueName":"search_term_string"}}],"inLanguage":"nb-NO"},{"@type":"Organization","@id":"https:\/\/mekulo.com\/no\/#organization","name":"Mekulo","url":"https:\/\/mekulo.com\/no\/","logo":{"@type":"ImageObject","inLanguage":"nb-NO","@id":"https:\/\/mekulo.com\/no\/#\/schema\/logo\/image\/","url":"https:\/\/mekulo.com\/no\/wp-content\/uploads\/sites\/10\/2025\/12\/favicon_mekulo.png","contentUrl":"https:\/\/mekulo.com\/no\/wp-content\/uploads\/sites\/10\/2025\/12\/favicon_mekulo.png","width":50,"height":50,"caption":"Mekulo"},"image":{"@id":"https:\/\/mekulo.com\/no\/#\/schema\/logo\/image\/"}}]}},"_links":{"self":[{"href":"https:\/\/mekulo.com\/no\/wp-json\/wp\/v2\/product\/17769","targetHints":{"allow":["GET"]}}],"collection":[{"href":"https:\/\/mekulo.com\/no\/wp-json\/wp\/v2\/product"}],"about":[{"href":"https:\/\/mekulo.com\/no\/wp-json\/wp\/v2\/types\/product"}],"replies":[{"embeddable":true,"href":"https:\/\/mekulo.com\/no\/wp-json\/wp\/v2\/comments?post=17769"}],"wp:featuredmedia":[{"embeddable":true,"href":"https:\/\/mekulo.com\/no\/wp-json\/wp\/v2\/media\/17765"}],"wp:attachment":[{"href":"https:\/\/mekulo.com\/no\/wp-json\/wp\/v2\/media?parent=17769"}],"wp:term":[{"taxonomy":"product_brand","embeddable":true,"href":"https:\/\/mekulo.com\/no\/wp-json\/wp\/v2\/product_brand?post=17769"},{"taxonomy":"product_cat","embeddable":true,"href":"https:\/\/mekulo.com\/no\/wp-json\/wp\/v2\/product_cat?post=17769"},{"taxonomy":"product_tag","embeddable":true,"href":"https:\/\/mekulo.com\/no\/wp-json\/wp\/v2\/product_tag?post=17769"}],"curies":[{"name":"wp","href":"https:\/\/api.w.org\/{rel}","templated":true}]}}