{"id":17725,"date":"2026-01-13T17:42:49","date_gmt":"2026-01-13T15:42:49","guid":{"rendered":"https:\/\/mekulo.com\/no\/produkt\/beskyttelse-mot-sprut-fra-blandeskalen\/"},"modified":"2026-01-13T19:24:59","modified_gmt":"2026-01-13T17:24:59","slug":"beskyttelse-mot-sprut-fra-blandeskalen","status":"publish","type":"product","link":"https:\/\/mekulo.com\/no\/produkt\/beskyttelse-mot-sprut-fra-blandeskalen\/","title":{"rendered":"Beskyttelse mot sprut fra blandesk\u00e5len"},"content":{"rendered":"<p style=\"text-align: center;\" data-start=\"0\" data-end=\"52\"><strong data-start=\"0\" data-end=\"52\">Hold mikseren ren og bakingen fri for rot. \ud83e\uddc1<\/strong><\/p>\n<p data-start=\"0\" data-end=\"52\"><img fetchpriority=\"high\" decoding=\"async\" class=\"size-full wp-image-20090 aligncenter\" src=\"https:\/\/mekulo.com\/template\/wp-content\/uploads\/sites\/6\/2026\/01\/2b83e66f3443f3d559cad70e708c3c4b0ac5a3a9.webp\" alt=\"\" width=\"1001\" height=\"1001\" \/><\/p>\n<h2 style=\"text-align: center;\" data-start=\"244\" data-end=\"264\"><strong>Hovedfordeler<\/strong><\/h2>\n<p data-start=\"268\" data-end=\"343\">\ud83e\uddfc \u00d8yeblikkelig rengj\u00f8ring &#8211; T\u00f8rker deig og r\u00f8re av vispen p\u00e5 sekunder.<\/p>\n<p data-start=\"346\" data-end=\"418\">\ud83e\uddd1\u200d\ud83c\udf73 Renere arbeidsplass &#8211; Forhindrer sprut og drypp mens du blander.<\/p>\n<p data-start=\"421\" data-end=\"468\">\u23f1\ufe0f Sparer tid &#8211; Mindre opprydding, mer baking.<\/p>\n<p data-start=\"471\" data-end=\"542\">\ud83c\udf70 Mindre matavfall &#8211; Holder r\u00f8ren i bollen, ikke p\u00e5 benken.<\/p>\n<p data-start=\"545\" data-end=\"616\">\ud83d\udd27 Perfekt passform &#8211; Designet for KitchenAid 6-tr\u00e5ds visp.<\/p>\n<p data-start=\"545\" data-end=\"616\"><img decoding=\"async\" class=\"size-full wp-image-20091 aligncenter\" src=\"https:\/\/mekulo.com\/template\/wp-content\/uploads\/sites\/6\/2026\/01\/275917d77d114624597c204ba754dea2c61b0a8e.avif\" alt=\"\" \/><\/p>\n<h2 style=\"text-align: center;\" data-start=\"623\" data-end=\"640\"><strong>Slik Bruker Du Den<\/strong><\/h2>\n<ol data-start=\"642\" data-end=\"878\">\n<li data-start=\"642\" data-end=\"693\">\n<p data-start=\"645\" data-end=\"693\">Plasser sprutbeskyttelsen inne i miksebollen.<\/p>\n<\/li>\n<li data-start=\"694\" data-end=\"744\">\n<p data-start=\"697\" data-end=\"744\">Fest KitchenAid 6-tr\u00e5ds visp som vanlig.<\/p>\n<\/li>\n<li data-start=\"745\" data-end=\"784\">\n<p data-start=\"748\" data-end=\"784\">Begynn \u00e5 blande ingrediensene som vanlig.<\/p>\n<\/li>\n<li data-start=\"785\" data-end=\"841\">\n<p data-start=\"788\" data-end=\"841\">L\u00f8ft vispen for \u00e5 t\u00f8rke av overfl\u00f8dig r\u00f8re \u00f8yeblikkelig.<\/p>\n<\/li>\n<li data-start=\"842\" data-end=\"878\">\n<p data-start=\"845\" data-end=\"878\">Ta den av og vask den for h\u00e5nd etter bruk.<\/p>\n<\/li>\n<\/ol>\n<h2 style=\"text-align: center;\" data-start=\"885\" data-end=\"907\"><strong>Produktdetaljer<\/strong><\/h2>\n<ul data-start=\"909\" data-end=\"1130\">\n<li data-start=\"952\" data-end=\"1012\">\n<p data-start=\"954\" data-end=\"1012\">Kompatibilitet: KitchenAid stativmiksere med 6-tr\u00e5ds visp<\/p>\n<\/li>\n<li data-start=\"1013\" data-end=\"1060\">\n<p data-start=\"1015\" data-end=\"1060\">Funksjon: Sprutkontroll og rengj\u00f8ring av visp<\/p>\n<\/li>\n<li data-start=\"1061\" data-end=\"1085\">\n<p data-start=\"1063\" data-end=\"1085\">Pleie: Kun h\u00e5ndvask<\/p>\n<\/li>\n<li data-start=\"1086\" data-end=\"1130\">\n<p data-start=\"1088\" data-end=\"1130\">Varmeresistent: Unng\u00e5 h\u00f8ye temperaturer<\/p>\n<\/li>\n<li data-start=\"1086\" data-end=\"1130\">St\u00f8rrelse: 14 x 12,6 cm<\/li>\n<\/ul>\n<h2 style=\"text-align: center;\" data-start=\"1137\" data-end=\"1160\"><strong>Pakken inkluderer<\/strong><\/h2>\n<ul data-start=\"1162\" data-end=\"1194\">\n<li style=\"list-style-type: none;\">\n<ul data-start=\"1162\" data-end=\"1194\">\n<li data-start=\"1162\" data-end=\"1194\">\n<p data-start=\"1164\" data-end=\"1194\">1, 2x sprutbeskyttelse for miksebolle\/er.<\/p>\n<\/li>\n<\/ul>\n<\/li>\n<\/ul>\n<p>&nbsp;<\/p>\n","protected":false},"excerpt":{"rendered":"<p>\ud83c\udf5eDenne sprutbeskyttelsen t\u00f8rker r\u00f8ren rett fra vispen samtidig som den blokkerer sprut inne i bollen.<br \/>\n\ud83d\udc69\u200d\ud83c\udf73It sparer tid, reduserer avfall og holder kj\u00f8kkenet rent hver gang du mikser.<br \/>\n\ud83e\udd6fEn enkel oppgradering som holder mikseren ren og bakingen stressfri.<\/p>\n","protected":false},"featured_media":17721,"comment_status":"open","ping_status":"closed","template":"","meta":{"site-sidebar-layout":"default","site-content-layout":"","ast-site-content-layout":"default","site-content-style":"default","site-sidebar-style":"default","ast-global-header-display":"","ast-banner-title-visibility":"","ast-main-header-display":"","ast-hfb-above-header-display":"","ast-hfb-below-header-display":"","ast-hfb-mobile-header-display":"","site-post-title":"","ast-breadcrumbs-content":"","ast-featured-img":"","footer-sml-layout":"","theme-transparent-header-meta":"default","adv-header-id-meta":"","stick-header-meta":"","header-above-stick-meta":"","header-main-stick-meta":"","header-below-stick-meta":"","astra-migrate-meta-layouts":"set","ast-page-background-enabled":"default","ast-page-background-meta":{"desktop":{"background-color":"var(--ast-global-color-5)","background-image":"","background-repeat":"repeat","background-position":"center center","background-size":"auto","background-attachment":"scroll","background-type":"","background-media":"","overlay-type":"","overlay-color":"","overlay-opacity":"","overlay-gradient":""},"tablet":{"background-color":"","background-image":"","background-repeat":"repeat","background-position":"center center","background-size":"auto","background-attachment":"scroll","background-type":"","background-media":"","overlay-type":"","overlay-color":"","overlay-opacity":"","overlay-gradient":""},"mobile":{"background-color":"","background-image":"","background-repeat":"repeat","background-position":"center center","background-size":"auto","background-attachment":"scroll","background-type":"","background-media":"","overlay-type":"","overlay-color":"","overlay-opacity":"","overlay-gradient":""}},"ast-content-background-meta":{"desktop":{"background-color":"var(--ast-global-color-4)","background-image":"","background-repeat":"repeat","background-position":"center center","background-size":"auto","background-attachment":"scroll","background-type":"","background-media":"","overlay-type":"","overlay-color":"","overlay-opacity":"","overlay-gradient":""},"tablet":{"background-color":"var(--ast-global-color-4)","background-image":"","background-repeat":"repeat","background-position":"center center","background-size":"auto","background-attachment":"scroll","background-type":"","background-media":"","overlay-type":"","overlay-color":"","overlay-opacity":"","overlay-gradient":""},"mobile":{"background-color":"var(--ast-global-color-4)","background-image":"","background-repeat":"repeat","background-position":"center center","background-size":"auto","background-attachment":"scroll","background-type":"","background-media":"","overlay-type":"","overlay-color":"","overlay-opacity":"","overlay-gradient":""}}},"product_brand":[],"product_cat":[168],"product_tag":[],"class_list":{"0":"post-17725","1":"product","2":"type-product","3":"status-publish","4":"has-post-thumbnail","6":"product_cat-husholdningsartikler","7":"pa_67550_6e9e6pzh-bla","8":"pa_67550_6e9e6pzh-gronn","9":"pa_67550_6e9e6pzh-hvit","10":"pa_67550_6e9e6pzh-rod","11":"pa_67550_o8q0rw4f-1-stk","12":"pa_67550_o8q0rw4f-2-stk","13":"pa_67550_tyray4ly-a","14":"pa_67550_tyray4ly-b","15":"desktop-align-left","16":"tablet-align-left","17":"mobile-align-left","19":"first","20":"instock","21":"shipping-taxable","22":"purchasable","23":"product-type-variable","24":"has-default-attributes"},"yoast_head":"<!-- This site is optimized with the Yoast SEO plugin v26.6 - https:\/\/yoast.com\/wordpress\/plugins\/seo\/ -->\n<title>Beskyttelse mot sprut fra blandesk\u00e5len - Mekulo NO<\/title>\n<meta name=\"robots\" content=\"index, follow, max-snippet:-1, max-image-preview:large, max-video-preview:-1\" \/>\n<link rel=\"canonical\" href=\"https:\/\/mekulo.com\/no\/produkt\/beskyttelse-mot-sprut-fra-blandeskalen\/\" \/>\n<meta property=\"og:locale\" content=\"nb_NO\" \/>\n<meta property=\"og:type\" content=\"article\" \/>\n<meta property=\"og:title\" content=\"Beskyttelse mot sprut fra blandesk\u00e5len - Mekulo NO\" \/>\n<meta property=\"og:description\" content=\"\ud83c\udf5eDenne sprutbeskyttelsen t\u00f8rker r\u00f8ren rett fra vispen samtidig som den blokkerer sprut inne i bollen. \ud83d\udc69\u200d\ud83c\udf73It sparer tid, reduserer avfall og holder kj\u00f8kkenet rent hver gang du mikser. \ud83e\udd6fEn enkel oppgradering som holder mikseren ren og bakingen stressfri.\" \/>\n<meta property=\"og:url\" content=\"https:\/\/mekulo.com\/no\/produkt\/beskyttelse-mot-sprut-fra-blandeskalen\/\" \/>\n<meta property=\"og:site_name\" content=\"Mekulo NO\" \/>\n<meta property=\"article:modified_time\" content=\"2026-01-13T17:24:59+00:00\" \/>\n<meta property=\"og:image\" content=\"https:\/\/mekulo.com\/no\/wp-content\/uploads\/sites\/10\/2026\/01\/4jfiza0-1.jpg\" \/>\n\t<meta property=\"og:image:width\" content=\"800\" \/>\n\t<meta property=\"og:image:height\" content=\"800\" \/>\n\t<meta property=\"og:image:type\" content=\"image\/jpeg\" \/>\n<meta name=\"twitter:card\" content=\"summary_large_image\" \/>\n<meta name=\"twitter:label1\" content=\"Ansl. lesetid\" \/>\n\t<meta name=\"twitter:data1\" content=\"2 minutter\" \/>\n<script type=\"application\/ld+json\" class=\"yoast-schema-graph\">{\"@context\":\"https:\/\/schema.org\",\"@graph\":[{\"@type\":\"WebPage\",\"@id\":\"https:\/\/mekulo.com\/no\/produkt\/beskyttelse-mot-sprut-fra-blandeskalen\/\",\"url\":\"https:\/\/mekulo.com\/no\/produkt\/beskyttelse-mot-sprut-fra-blandeskalen\/\",\"name\":\"Beskyttelse mot sprut fra blandesk\u00e5len - Mekulo NO\",\"isPartOf\":{\"@id\":\"https:\/\/mekulo.com\/no\/#website\"},\"primaryImageOfPage\":{\"@id\":\"https:\/\/mekulo.com\/no\/produkt\/beskyttelse-mot-sprut-fra-blandeskalen\/#primaryimage\"},\"image\":{\"@id\":\"https:\/\/mekulo.com\/no\/produkt\/beskyttelse-mot-sprut-fra-blandeskalen\/#primaryimage\"},\"thumbnailUrl\":\"https:\/\/mekulo.com\/no\/wp-content\/uploads\/sites\/10\/2026\/01\/4jfiza0-1.jpg\",\"datePublished\":\"2026-01-13T15:42:49+00:00\",\"dateModified\":\"2026-01-13T17:24:59+00:00\",\"breadcrumb\":{\"@id\":\"https:\/\/mekulo.com\/no\/produkt\/beskyttelse-mot-sprut-fra-blandeskalen\/#breadcrumb\"},\"inLanguage\":\"nb-NO\",\"potentialAction\":[{\"@type\":\"ReadAction\",\"target\":[\"https:\/\/mekulo.com\/no\/produkt\/beskyttelse-mot-sprut-fra-blandeskalen\/\"]}]},{\"@type\":\"ImageObject\",\"inLanguage\":\"nb-NO\",\"@id\":\"https:\/\/mekulo.com\/no\/produkt\/beskyttelse-mot-sprut-fra-blandeskalen\/#primaryimage\",\"url\":\"https:\/\/mekulo.com\/no\/wp-content\/uploads\/sites\/10\/2026\/01\/4jfiza0-1.jpg\",\"contentUrl\":\"https:\/\/mekulo.com\/no\/wp-content\/uploads\/sites\/10\/2026\/01\/4jfiza0-1.jpg\",\"width\":800,\"height\":800},{\"@type\":\"BreadcrumbList\",\"@id\":\"https:\/\/mekulo.com\/no\/produkt\/beskyttelse-mot-sprut-fra-blandeskalen\/#breadcrumb\",\"itemListElement\":[{\"@type\":\"ListItem\",\"position\":1,\"name\":\"Home\",\"item\":\"https:\/\/mekulo.com\/no\/\"},{\"@type\":\"ListItem\",\"position\":2,\"name\":\"Butikk\",\"item\":\"https:\/\/mekulo.com\/no\/butikk\/\"},{\"@type\":\"ListItem\",\"position\":3,\"name\":\"Beskyttelse mot sprut fra blandesk\u00e5len\"}]},{\"@type\":\"WebSite\",\"@id\":\"https:\/\/mekulo.com\/no\/#website\",\"url\":\"https:\/\/mekulo.com\/no\/\",\"name\":\"Mekulo NO\",\"description\":\"\",\"publisher\":{\"@id\":\"https:\/\/mekulo.com\/no\/#organization\"},\"potentialAction\":[{\"@type\":\"SearchAction\",\"target\":{\"@type\":\"EntryPoint\",\"urlTemplate\":\"https:\/\/mekulo.com\/no\/?s={search_term_string}\"},\"query-input\":{\"@type\":\"PropertyValueSpecification\",\"valueRequired\":true,\"valueName\":\"search_term_string\"}}],\"inLanguage\":\"nb-NO\"},{\"@type\":\"Organization\",\"@id\":\"https:\/\/mekulo.com\/no\/#organization\",\"name\":\"Mekulo\",\"url\":\"https:\/\/mekulo.com\/no\/\",\"logo\":{\"@type\":\"ImageObject\",\"inLanguage\":\"nb-NO\",\"@id\":\"https:\/\/mekulo.com\/no\/#\/schema\/logo\/image\/\",\"url\":\"https:\/\/mekulo.com\/no\/wp-content\/uploads\/sites\/10\/2025\/12\/favicon_mekulo.png\",\"contentUrl\":\"https:\/\/mekulo.com\/no\/wp-content\/uploads\/sites\/10\/2025\/12\/favicon_mekulo.png\",\"width\":50,\"height\":50,\"caption\":\"Mekulo\"},\"image\":{\"@id\":\"https:\/\/mekulo.com\/no\/#\/schema\/logo\/image\/\"}}]}<\/script>\n<!-- \/ Yoast SEO plugin. -->","yoast_head_json":{"title":"Beskyttelse mot sprut fra blandesk\u00e5len - Mekulo NO","robots":{"index":"index","follow":"follow","max-snippet":"max-snippet:-1","max-image-preview":"max-image-preview:large","max-video-preview":"max-video-preview:-1"},"canonical":"https:\/\/mekulo.com\/no\/produkt\/beskyttelse-mot-sprut-fra-blandeskalen\/","og_locale":"nb_NO","og_type":"article","og_title":"Beskyttelse mot sprut fra blandesk\u00e5len - Mekulo NO","og_description":"\ud83c\udf5eDenne sprutbeskyttelsen t\u00f8rker r\u00f8ren rett fra vispen samtidig som den blokkerer sprut inne i bollen. \ud83d\udc69\u200d\ud83c\udf73It sparer tid, reduserer avfall og holder kj\u00f8kkenet rent hver gang du mikser. \ud83e\udd6fEn enkel oppgradering som holder mikseren ren og bakingen stressfri.","og_url":"https:\/\/mekulo.com\/no\/produkt\/beskyttelse-mot-sprut-fra-blandeskalen\/","og_site_name":"Mekulo NO","article_modified_time":"2026-01-13T17:24:59+00:00","og_image":[{"width":800,"height":800,"url":"https:\/\/mekulo.com\/no\/wp-content\/uploads\/sites\/10\/2026\/01\/4jfiza0-1.jpg","type":"image\/jpeg"}],"twitter_card":"summary_large_image","twitter_misc":{"Ansl. lesetid":"2 minutter"},"schema":{"@context":"https:\/\/schema.org","@graph":[{"@type":"WebPage","@id":"https:\/\/mekulo.com\/no\/produkt\/beskyttelse-mot-sprut-fra-blandeskalen\/","url":"https:\/\/mekulo.com\/no\/produkt\/beskyttelse-mot-sprut-fra-blandeskalen\/","name":"Beskyttelse mot sprut fra blandesk\u00e5len - Mekulo NO","isPartOf":{"@id":"https:\/\/mekulo.com\/no\/#website"},"primaryImageOfPage":{"@id":"https:\/\/mekulo.com\/no\/produkt\/beskyttelse-mot-sprut-fra-blandeskalen\/#primaryimage"},"image":{"@id":"https:\/\/mekulo.com\/no\/produkt\/beskyttelse-mot-sprut-fra-blandeskalen\/#primaryimage"},"thumbnailUrl":"https:\/\/mekulo.com\/no\/wp-content\/uploads\/sites\/10\/2026\/01\/4jfiza0-1.jpg","datePublished":"2026-01-13T15:42:49+00:00","dateModified":"2026-01-13T17:24:59+00:00","breadcrumb":{"@id":"https:\/\/mekulo.com\/no\/produkt\/beskyttelse-mot-sprut-fra-blandeskalen\/#breadcrumb"},"inLanguage":"nb-NO","potentialAction":[{"@type":"ReadAction","target":["https:\/\/mekulo.com\/no\/produkt\/beskyttelse-mot-sprut-fra-blandeskalen\/"]}]},{"@type":"ImageObject","inLanguage":"nb-NO","@id":"https:\/\/mekulo.com\/no\/produkt\/beskyttelse-mot-sprut-fra-blandeskalen\/#primaryimage","url":"https:\/\/mekulo.com\/no\/wp-content\/uploads\/sites\/10\/2026\/01\/4jfiza0-1.jpg","contentUrl":"https:\/\/mekulo.com\/no\/wp-content\/uploads\/sites\/10\/2026\/01\/4jfiza0-1.jpg","width":800,"height":800},{"@type":"BreadcrumbList","@id":"https:\/\/mekulo.com\/no\/produkt\/beskyttelse-mot-sprut-fra-blandeskalen\/#breadcrumb","itemListElement":[{"@type":"ListItem","position":1,"name":"Home","item":"https:\/\/mekulo.com\/no\/"},{"@type":"ListItem","position":2,"name":"Butikk","item":"https:\/\/mekulo.com\/no\/butikk\/"},{"@type":"ListItem","position":3,"name":"Beskyttelse mot sprut fra blandesk\u00e5len"}]},{"@type":"WebSite","@id":"https:\/\/mekulo.com\/no\/#website","url":"https:\/\/mekulo.com\/no\/","name":"Mekulo NO","description":"","publisher":{"@id":"https:\/\/mekulo.com\/no\/#organization"},"potentialAction":[{"@type":"SearchAction","target":{"@type":"EntryPoint","urlTemplate":"https:\/\/mekulo.com\/no\/?s={search_term_string}"},"query-input":{"@type":"PropertyValueSpecification","valueRequired":true,"valueName":"search_term_string"}}],"inLanguage":"nb-NO"},{"@type":"Organization","@id":"https:\/\/mekulo.com\/no\/#organization","name":"Mekulo","url":"https:\/\/mekulo.com\/no\/","logo":{"@type":"ImageObject","inLanguage":"nb-NO","@id":"https:\/\/mekulo.com\/no\/#\/schema\/logo\/image\/","url":"https:\/\/mekulo.com\/no\/wp-content\/uploads\/sites\/10\/2025\/12\/favicon_mekulo.png","contentUrl":"https:\/\/mekulo.com\/no\/wp-content\/uploads\/sites\/10\/2025\/12\/favicon_mekulo.png","width":50,"height":50,"caption":"Mekulo"},"image":{"@id":"https:\/\/mekulo.com\/no\/#\/schema\/logo\/image\/"}}]}},"_links":{"self":[{"href":"https:\/\/mekulo.com\/no\/wp-json\/wp\/v2\/product\/17725","targetHints":{"allow":["GET"]}}],"collection":[{"href":"https:\/\/mekulo.com\/no\/wp-json\/wp\/v2\/product"}],"about":[{"href":"https:\/\/mekulo.com\/no\/wp-json\/wp\/v2\/types\/product"}],"replies":[{"embeddable":true,"href":"https:\/\/mekulo.com\/no\/wp-json\/wp\/v2\/comments?post=17725"}],"wp:featuredmedia":[{"embeddable":true,"href":"https:\/\/mekulo.com\/no\/wp-json\/wp\/v2\/media\/17721"}],"wp:attachment":[{"href":"https:\/\/mekulo.com\/no\/wp-json\/wp\/v2\/media?parent=17725"}],"wp:term":[{"taxonomy":"product_brand","embeddable":true,"href":"https:\/\/mekulo.com\/no\/wp-json\/wp\/v2\/product_brand?post=17725"},{"taxonomy":"product_cat","embeddable":true,"href":"https:\/\/mekulo.com\/no\/wp-json\/wp\/v2\/product_cat?post=17725"},{"taxonomy":"product_tag","embeddable":true,"href":"https:\/\/mekulo.com\/no\/wp-json\/wp\/v2\/product_tag?post=17725"}],"curies":[{"name":"wp","href":"https:\/\/api.w.org\/{rel}","templated":true}]}}