{"id":17676,"date":"2026-01-13T17:39:52","date_gmt":"2026-01-13T15:39:52","guid":{"rendered":"https:\/\/mekulo.com\/no\/produkt\/organisering-av-reisesko\/"},"modified":"2026-01-13T19:22:23","modified_gmt":"2026-01-13T17:22:23","slug":"organisering-av-reisesko","status":"publish","type":"product","link":"https:\/\/mekulo.com\/no\/produkt\/organisering-av-reisesko\/","title":{"rendered":"Organisering av reisesko"},"content":{"rendered":"<p style=\"text-align: center;\" data-start=\"0\" data-end=\"68\"><strong data-start=\"0\" data-end=\"68\">Hold skoene dine rene, organiserte og beskyttet uansett hvor du g\u00e5r. \ud83d\udc5f<\/strong><\/p>\n<p data-start=\"0\" data-end=\"68\"><img decoding=\"async\" class=\"size-full wp-image-20046 aligncenter\" src=\"https:\/\/mekulo.com\/template\/wp-content\/uploads\/sites\/6\/2026\/01\/a77822ac0e47199c6e179aca4d076e070bb48690.avif\" alt=\"\" \/><\/p>\n<h2 style=\"text-align: center;\" data-start=\"271\" data-end=\"291\"><strong>Hovedfordeler<\/strong><\/h2>\n<p data-start=\"295\" data-end=\"349\">\ud83d\udc5f Stor kapasitet &#8211; Plass til opptil 3 par sko.<\/p>\n<p data-start=\"352\" data-end=\"417\">\ud83d\uddc2\ufe0f Design med tre rom &#8211; Enkel separasjon etter skotype.<\/p>\n<p data-start=\"420\" data-end=\"482\">\ud83d\udca7 Vannbestandig stoff &#8211; Beskytter skoene mot fuktighet.<\/p>\n<p data-start=\"485\" data-end=\"546\">\u270b Enkel \u00e5 b\u00e6re &#8211; Sterkt topph\u00e5ndtak for rask transport.<\/p>\n<p data-start=\"549\" data-end=\"616\">\ud83c\udf92 Flerbruksbruk &#8211; Fungerer som oppbevarings- eller reisearrang\u00f8r.<\/p>\n<p data-start=\"549\" data-end=\"616\"><img fetchpriority=\"high\" decoding=\"async\" class=\"size-full wp-image-20048 aligncenter\" src=\"https:\/\/mekulo.com\/template\/wp-content\/uploads\/sites\/6\/2026\/01\/S5cbb92c57fb946e3bc1910ac9879e606o.jpg_960x960q75.jpg_.avif\" alt=\"\" width=\"790\" height=\"790\" \/><\/p>\n<h2 style=\"text-align: center;\" data-start=\"623\" data-end=\"640\"><strong>Slik Bruker Du Den<\/strong><\/h2>\n<ol data-start=\"642\" data-end=\"862\">\n<li data-start=\"642\" data-end=\"691\">\n<p data-start=\"645\" data-end=\"691\">\u00c5pne arrang\u00f8ren ved hjelp av toveis glidel\u00e5s.<\/p>\n<\/li>\n<li data-start=\"692\" data-end=\"745\">\n<p data-start=\"695\" data-end=\"745\">Plasser skoene i hvert rom basert p\u00e5 st\u00f8rrelse.<\/p>\n<\/li>\n<li data-start=\"746\" data-end=\"797\">\n<p data-start=\"749\" data-end=\"797\">Lukk glidel\u00e5sen for \u00e5 holde skoene sikre og atskilt.<\/p>\n<\/li>\n<li data-start=\"798\" data-end=\"862\">\n<p data-start=\"801\" data-end=\"862\">B\u00e6r i h\u00e5ndtaket eller plasser dem i bagasjen eller skapet.<\/p>\n<\/li>\n<\/ol>\n<h2 style=\"text-align: center;\" data-start=\"869\" data-end=\"891\"><strong>Produktdetaljer<\/strong><\/h2>\n<ul data-start=\"893\" data-end=\"1190\">\n<li data-start=\"933\" data-end=\"985\">\n<p data-start=\"935\" data-end=\"985\">Materiale: Twill \/ 600D Oxford-stoff av h\u00f8y kvalitet<\/p>\n<\/li>\n<li data-start=\"986\" data-end=\"1026\">\n<p data-start=\"988\" data-end=\"1026\">Design: Trelags skofag<\/p>\n<\/li>\n<li data-start=\"1027\" data-end=\"1054\">\n<p data-start=\"1029\" data-end=\"1054\">St\u00f8rrelse: 30 x 23 x 13,5 cm<\/p>\n<\/li>\n<li data-start=\"1055\" data-end=\"1080\">\n<p data-start=\"1057\" data-end=\"1080\">Form: Kompakt kuboid<\/p>\n<\/li>\n<li data-start=\"1081\" data-end=\"1135\">\n<p data-start=\"1083\" data-end=\"1135\">Funksjoner: Vannbestandig, slitesterk, glatte glidel\u00e5ser<\/p>\n<\/li>\n<li data-start=\"1136\" data-end=\"1190\">\n<p data-start=\"1138\" data-end=\"1190\">Bruk: Sko, toalettsaker, sminke, undert\u00f8y, klesvask<\/p>\n<\/li>\n<\/ul>\n<h2 style=\"text-align: center;\" data-start=\"1197\" data-end=\"1220\"><strong>Pakken inneholder<\/strong><\/h2>\n<ul data-start=\"1222\" data-end=\"1251\">\n<li data-start=\"1222\" data-end=\"1251\">\n<p data-start=\"1224\" data-end=\"1251\">1, 2, 3 x reiseskoorganisator(er).<\/p>\n<\/li>\n<\/ul>\n","protected":false},"excerpt":{"rendered":"<p><span style=\"font-size: 16px; font-style: normal; font-weight: 400;\">\ud83d\udc5e<\/span>Denne reiseskoorganisatoren oppbevarer flere par i \u00e9n kompakt veske, slik at du holder bagasjen ryddig og skoene atskilt fra kl\u00e6rne.<br \/>\n\ud83d\udc60Den er perfekt for reiser, jobbreiser, sport eller oppbevaring i hjemmet.<br \/>\n\ud83e\ude70En smart, plassbesparende l\u00f8sning for \u00e5 holde orden p\u00e5 skoene hjemme eller p\u00e5 farten.<\/p>\n","protected":false},"featured_media":17672,"comment_status":"open","ping_status":"closed","template":"","meta":{"site-sidebar-layout":"default","site-content-layout":"","ast-site-content-layout":"default","site-content-style":"default","site-sidebar-style":"default","ast-global-header-display":"","ast-banner-title-visibility":"","ast-main-header-display":"","ast-hfb-above-header-display":"","ast-hfb-below-header-display":"","ast-hfb-mobile-header-display":"","site-post-title":"","ast-breadcrumbs-content":"","ast-featured-img":"","footer-sml-layout":"","theme-transparent-header-meta":"default","adv-header-id-meta":"","stick-header-meta":"","header-above-stick-meta":"","header-main-stick-meta":"","header-below-stick-meta":"","astra-migrate-meta-layouts":"set","ast-page-background-enabled":"default","ast-page-background-meta":{"desktop":{"background-color":"var(--ast-global-color-5)","background-image":"","background-repeat":"repeat","background-position":"center center","background-size":"auto","background-attachment":"scroll","background-type":"","background-media":"","overlay-type":"","overlay-color":"","overlay-opacity":"","overlay-gradient":""},"tablet":{"background-color":"","background-image":"","background-repeat":"repeat","background-position":"center center","background-size":"auto","background-attachment":"scroll","background-type":"","background-media":"","overlay-type":"","overlay-color":"","overlay-opacity":"","overlay-gradient":""},"mobile":{"background-color":"","background-image":"","background-repeat":"repeat","background-position":"center center","background-size":"auto","background-attachment":"scroll","background-type":"","background-media":"","overlay-type":"","overlay-color":"","overlay-opacity":"","overlay-gradient":""}},"ast-content-background-meta":{"desktop":{"background-color":"var(--ast-global-color-4)","background-image":"","background-repeat":"repeat","background-position":"center center","background-size":"auto","background-attachment":"scroll","background-type":"","background-media":"","overlay-type":"","overlay-color":"","overlay-opacity":"","overlay-gradient":""},"tablet":{"background-color":"var(--ast-global-color-4)","background-image":"","background-repeat":"repeat","background-position":"center center","background-size":"auto","background-attachment":"scroll","background-type":"","background-media":"","overlay-type":"","overlay-color":"","overlay-opacity":"","overlay-gradient":""},"mobile":{"background-color":"var(--ast-global-color-4)","background-image":"","background-repeat":"repeat","background-position":"center center","background-size":"auto","background-attachment":"scroll","background-type":"","background-media":"","overlay-type":"","overlay-color":"","overlay-opacity":"","overlay-gradient":""}}},"product_brand":[],"product_cat":[165],"product_tag":[],"class_list":{"0":"post-17676","1":"product","2":"type-product","3":"status-publish","4":"has-post-thumbnail","6":"product_cat-fottoy-tilbehor","7":"pa_67051_jad3e50t-beige","8":"pa_67051_jad3e50t-bla","9":"pa_67051_jad3e50t-gra","10":"pa_67051_jad3e50t-lysebla","11":"pa_67051_jad3e50t-rosa","12":"pa_67051_jad3e50t-svart","13":"pa_67051_p3r9bawz-1-stk","14":"pa_67051_p3r9bawz-2-stk","15":"pa_67051_p3r9bawz-3-stk","16":"desktop-align-left","17":"tablet-align-left","18":"mobile-align-left","20":"first","21":"instock","22":"shipping-taxable","23":"purchasable","24":"product-type-variable","25":"has-default-attributes"},"yoast_head":"<!-- This site is optimized with the Yoast SEO plugin v26.6 - https:\/\/yoast.com\/wordpress\/plugins\/seo\/ -->\n<title>Organisering av reisesko - Mekulo NO<\/title>\n<meta name=\"robots\" content=\"index, follow, max-snippet:-1, max-image-preview:large, max-video-preview:-1\" \/>\n<link rel=\"canonical\" href=\"https:\/\/mekulo.com\/no\/produkt\/organisering-av-reisesko\/\" \/>\n<meta property=\"og:locale\" content=\"nb_NO\" \/>\n<meta property=\"og:type\" content=\"article\" \/>\n<meta property=\"og:title\" content=\"Organisering av reisesko - Mekulo NO\" \/>\n<meta property=\"og:description\" content=\"\ud83d\udc5eDenne reiseskoorganisatoren oppbevarer flere par i \u00e9n kompakt veske, slik at du holder bagasjen ryddig og skoene atskilt fra kl\u00e6rne. \ud83d\udc60Den er perfekt for reiser, jobbreiser, sport eller oppbevaring i hjemmet. \ud83e\ude70En smart, plassbesparende l\u00f8sning for \u00e5 holde orden p\u00e5 skoene hjemme eller p\u00e5 farten.\" \/>\n<meta property=\"og:url\" content=\"https:\/\/mekulo.com\/no\/produkt\/organisering-av-reisesko\/\" \/>\n<meta property=\"og:site_name\" content=\"Mekulo NO\" \/>\n<meta property=\"article:modified_time\" content=\"2026-01-13T17:22:23+00:00\" \/>\n<meta property=\"og:image\" content=\"https:\/\/mekulo.com\/no\/wp-content\/uploads\/sites\/10\/2026\/01\/safq5e0-1.jpg\" \/>\n\t<meta property=\"og:image:width\" content=\"800\" \/>\n\t<meta property=\"og:image:height\" content=\"800\" \/>\n\t<meta property=\"og:image:type\" content=\"image\/jpeg\" \/>\n<meta name=\"twitter:card\" content=\"summary_large_image\" \/>\n<meta name=\"twitter:label1\" content=\"Ansl. lesetid\" \/>\n\t<meta name=\"twitter:data1\" content=\"2 minutter\" \/>\n<script type=\"application\/ld+json\" class=\"yoast-schema-graph\">{\"@context\":\"https:\/\/schema.org\",\"@graph\":[{\"@type\":\"WebPage\",\"@id\":\"https:\/\/mekulo.com\/no\/produkt\/organisering-av-reisesko\/\",\"url\":\"https:\/\/mekulo.com\/no\/produkt\/organisering-av-reisesko\/\",\"name\":\"Organisering av reisesko - Mekulo NO\",\"isPartOf\":{\"@id\":\"https:\/\/mekulo.com\/no\/#website\"},\"primaryImageOfPage\":{\"@id\":\"https:\/\/mekulo.com\/no\/produkt\/organisering-av-reisesko\/#primaryimage\"},\"image\":{\"@id\":\"https:\/\/mekulo.com\/no\/produkt\/organisering-av-reisesko\/#primaryimage\"},\"thumbnailUrl\":\"https:\/\/mekulo.com\/no\/wp-content\/uploads\/sites\/10\/2026\/01\/safq5e0-1.jpg\",\"datePublished\":\"2026-01-13T15:39:52+00:00\",\"dateModified\":\"2026-01-13T17:22:23+00:00\",\"breadcrumb\":{\"@id\":\"https:\/\/mekulo.com\/no\/produkt\/organisering-av-reisesko\/#breadcrumb\"},\"inLanguage\":\"nb-NO\",\"potentialAction\":[{\"@type\":\"ReadAction\",\"target\":[\"https:\/\/mekulo.com\/no\/produkt\/organisering-av-reisesko\/\"]}]},{\"@type\":\"ImageObject\",\"inLanguage\":\"nb-NO\",\"@id\":\"https:\/\/mekulo.com\/no\/produkt\/organisering-av-reisesko\/#primaryimage\",\"url\":\"https:\/\/mekulo.com\/no\/wp-content\/uploads\/sites\/10\/2026\/01\/safq5e0-1.jpg\",\"contentUrl\":\"https:\/\/mekulo.com\/no\/wp-content\/uploads\/sites\/10\/2026\/01\/safq5e0-1.jpg\",\"width\":800,\"height\":800},{\"@type\":\"BreadcrumbList\",\"@id\":\"https:\/\/mekulo.com\/no\/produkt\/organisering-av-reisesko\/#breadcrumb\",\"itemListElement\":[{\"@type\":\"ListItem\",\"position\":1,\"name\":\"Home\",\"item\":\"https:\/\/mekulo.com\/no\/\"},{\"@type\":\"ListItem\",\"position\":2,\"name\":\"Butikk\",\"item\":\"https:\/\/mekulo.com\/no\/butikk\/\"},{\"@type\":\"ListItem\",\"position\":3,\"name\":\"Organisering av reisesko\"}]},{\"@type\":\"WebSite\",\"@id\":\"https:\/\/mekulo.com\/no\/#website\",\"url\":\"https:\/\/mekulo.com\/no\/\",\"name\":\"Mekulo NO\",\"description\":\"\",\"publisher\":{\"@id\":\"https:\/\/mekulo.com\/no\/#organization\"},\"potentialAction\":[{\"@type\":\"SearchAction\",\"target\":{\"@type\":\"EntryPoint\",\"urlTemplate\":\"https:\/\/mekulo.com\/no\/?s={search_term_string}\"},\"query-input\":{\"@type\":\"PropertyValueSpecification\",\"valueRequired\":true,\"valueName\":\"search_term_string\"}}],\"inLanguage\":\"nb-NO\"},{\"@type\":\"Organization\",\"@id\":\"https:\/\/mekulo.com\/no\/#organization\",\"name\":\"Mekulo\",\"url\":\"https:\/\/mekulo.com\/no\/\",\"logo\":{\"@type\":\"ImageObject\",\"inLanguage\":\"nb-NO\",\"@id\":\"https:\/\/mekulo.com\/no\/#\/schema\/logo\/image\/\",\"url\":\"https:\/\/mekulo.com\/no\/wp-content\/uploads\/sites\/10\/2025\/12\/favicon_mekulo.png\",\"contentUrl\":\"https:\/\/mekulo.com\/no\/wp-content\/uploads\/sites\/10\/2025\/12\/favicon_mekulo.png\",\"width\":50,\"height\":50,\"caption\":\"Mekulo\"},\"image\":{\"@id\":\"https:\/\/mekulo.com\/no\/#\/schema\/logo\/image\/\"}}]}<\/script>\n<!-- \/ Yoast SEO plugin. -->","yoast_head_json":{"title":"Organisering av reisesko - Mekulo NO","robots":{"index":"index","follow":"follow","max-snippet":"max-snippet:-1","max-image-preview":"max-image-preview:large","max-video-preview":"max-video-preview:-1"},"canonical":"https:\/\/mekulo.com\/no\/produkt\/organisering-av-reisesko\/","og_locale":"nb_NO","og_type":"article","og_title":"Organisering av reisesko - Mekulo NO","og_description":"\ud83d\udc5eDenne reiseskoorganisatoren oppbevarer flere par i \u00e9n kompakt veske, slik at du holder bagasjen ryddig og skoene atskilt fra kl\u00e6rne. \ud83d\udc60Den er perfekt for reiser, jobbreiser, sport eller oppbevaring i hjemmet. \ud83e\ude70En smart, plassbesparende l\u00f8sning for \u00e5 holde orden p\u00e5 skoene hjemme eller p\u00e5 farten.","og_url":"https:\/\/mekulo.com\/no\/produkt\/organisering-av-reisesko\/","og_site_name":"Mekulo NO","article_modified_time":"2026-01-13T17:22:23+00:00","og_image":[{"width":800,"height":800,"url":"https:\/\/mekulo.com\/no\/wp-content\/uploads\/sites\/10\/2026\/01\/safq5e0-1.jpg","type":"image\/jpeg"}],"twitter_card":"summary_large_image","twitter_misc":{"Ansl. lesetid":"2 minutter"},"schema":{"@context":"https:\/\/schema.org","@graph":[{"@type":"WebPage","@id":"https:\/\/mekulo.com\/no\/produkt\/organisering-av-reisesko\/","url":"https:\/\/mekulo.com\/no\/produkt\/organisering-av-reisesko\/","name":"Organisering av reisesko - Mekulo NO","isPartOf":{"@id":"https:\/\/mekulo.com\/no\/#website"},"primaryImageOfPage":{"@id":"https:\/\/mekulo.com\/no\/produkt\/organisering-av-reisesko\/#primaryimage"},"image":{"@id":"https:\/\/mekulo.com\/no\/produkt\/organisering-av-reisesko\/#primaryimage"},"thumbnailUrl":"https:\/\/mekulo.com\/no\/wp-content\/uploads\/sites\/10\/2026\/01\/safq5e0-1.jpg","datePublished":"2026-01-13T15:39:52+00:00","dateModified":"2026-01-13T17:22:23+00:00","breadcrumb":{"@id":"https:\/\/mekulo.com\/no\/produkt\/organisering-av-reisesko\/#breadcrumb"},"inLanguage":"nb-NO","potentialAction":[{"@type":"ReadAction","target":["https:\/\/mekulo.com\/no\/produkt\/organisering-av-reisesko\/"]}]},{"@type":"ImageObject","inLanguage":"nb-NO","@id":"https:\/\/mekulo.com\/no\/produkt\/organisering-av-reisesko\/#primaryimage","url":"https:\/\/mekulo.com\/no\/wp-content\/uploads\/sites\/10\/2026\/01\/safq5e0-1.jpg","contentUrl":"https:\/\/mekulo.com\/no\/wp-content\/uploads\/sites\/10\/2026\/01\/safq5e0-1.jpg","width":800,"height":800},{"@type":"BreadcrumbList","@id":"https:\/\/mekulo.com\/no\/produkt\/organisering-av-reisesko\/#breadcrumb","itemListElement":[{"@type":"ListItem","position":1,"name":"Home","item":"https:\/\/mekulo.com\/no\/"},{"@type":"ListItem","position":2,"name":"Butikk","item":"https:\/\/mekulo.com\/no\/butikk\/"},{"@type":"ListItem","position":3,"name":"Organisering av reisesko"}]},{"@type":"WebSite","@id":"https:\/\/mekulo.com\/no\/#website","url":"https:\/\/mekulo.com\/no\/","name":"Mekulo NO","description":"","publisher":{"@id":"https:\/\/mekulo.com\/no\/#organization"},"potentialAction":[{"@type":"SearchAction","target":{"@type":"EntryPoint","urlTemplate":"https:\/\/mekulo.com\/no\/?s={search_term_string}"},"query-input":{"@type":"PropertyValueSpecification","valueRequired":true,"valueName":"search_term_string"}}],"inLanguage":"nb-NO"},{"@type":"Organization","@id":"https:\/\/mekulo.com\/no\/#organization","name":"Mekulo","url":"https:\/\/mekulo.com\/no\/","logo":{"@type":"ImageObject","inLanguage":"nb-NO","@id":"https:\/\/mekulo.com\/no\/#\/schema\/logo\/image\/","url":"https:\/\/mekulo.com\/no\/wp-content\/uploads\/sites\/10\/2025\/12\/favicon_mekulo.png","contentUrl":"https:\/\/mekulo.com\/no\/wp-content\/uploads\/sites\/10\/2025\/12\/favicon_mekulo.png","width":50,"height":50,"caption":"Mekulo"},"image":{"@id":"https:\/\/mekulo.com\/no\/#\/schema\/logo\/image\/"}}]}},"_links":{"self":[{"href":"https:\/\/mekulo.com\/no\/wp-json\/wp\/v2\/product\/17676","targetHints":{"allow":["GET"]}}],"collection":[{"href":"https:\/\/mekulo.com\/no\/wp-json\/wp\/v2\/product"}],"about":[{"href":"https:\/\/mekulo.com\/no\/wp-json\/wp\/v2\/types\/product"}],"replies":[{"embeddable":true,"href":"https:\/\/mekulo.com\/no\/wp-json\/wp\/v2\/comments?post=17676"}],"wp:featuredmedia":[{"embeddable":true,"href":"https:\/\/mekulo.com\/no\/wp-json\/wp\/v2\/media\/17672"}],"wp:attachment":[{"href":"https:\/\/mekulo.com\/no\/wp-json\/wp\/v2\/media?parent=17676"}],"wp:term":[{"taxonomy":"product_brand","embeddable":true,"href":"https:\/\/mekulo.com\/no\/wp-json\/wp\/v2\/product_brand?post=17676"},{"taxonomy":"product_cat","embeddable":true,"href":"https:\/\/mekulo.com\/no\/wp-json\/wp\/v2\/product_cat?post=17676"},{"taxonomy":"product_tag","embeddable":true,"href":"https:\/\/mekulo.com\/no\/wp-json\/wp\/v2\/product_tag?post=17676"}],"curies":[{"name":"wp","href":"https:\/\/api.w.org\/{rel}","templated":true}]}}