{"id":17664,"date":"2026-01-13T17:38:12","date_gmt":"2026-01-13T15:38:12","guid":{"rendered":"https:\/\/mekulo.com\/no\/produkt\/mal-for-fresing-av-dorhengsel\/"},"modified":"2026-01-13T19:20:08","modified_gmt":"2026-01-13T17:20:08","slug":"mal-for-fresing-av-dorhengsel","status":"publish","type":"product","link":"https:\/\/mekulo.com\/no\/produkt\/mal-for-fresing-av-dorhengsel\/","title":{"rendered":"Mal for fresing av d\u00f8rhengsel"},"content":{"rendered":"<p style=\"text-align: center;\" data-start=\"0\" data-end=\"55\"><strong data-start=\"0\" data-end=\"55\">Skj\u00e6r rene, n\u00f8yaktige d\u00f8rhengselhull hver gang. \ud83d\udee0\ufe0f<\/strong><\/p>\n<p data-start=\"57\" data-end=\"284\"><img fetchpriority=\"high\" decoding=\"async\" class=\"size-full wp-image-20036 aligncenter\" src=\"https:\/\/mekulo.com\/template\/wp-content\/uploads\/sites\/6\/2026\/01\/Sf8c9d98bcce54addabb1e359bb40887ca.jpg_960x960q75.jpg_.png\" alt=\"\" width=\"960\" height=\"960\" \/><\/p>\n<h2 style=\"text-align: center;\" data-start=\"291\" data-end=\"311\"><strong>Hovedfordeler<\/strong><\/h2>\n<p data-start=\"315\" data-end=\"377\">\ud83d\udccf Innebygd dybdem\u00e5ler &#8211; enkelt \u00e5 stille inn perfekt hengseldybde.<\/p>\n<p data-start=\"380\" data-end=\"434\">\ud83d\udd29 Justerbar design &#8211; passer til hengsler fra 7,6 til 12,7 cm.<\/p>\n<p data-start=\"437\" data-end=\"502\">\ud83e\uddf2 Stabil klemming &#8211; sklisikre pads beskytter d\u00f8roverflaten.<\/p>\n<p data-start=\"505\" data-end=\"570\">\ud83c\udfaf N\u00f8yaktige resultater &#8211; rene, jevne hengseltapper hver gang.<\/p>\n<p data-start=\"573\" data-end=\"648\">\ud83e\udeb5 Bredt bruksomr\u00e5de &#8211; ideell for d\u00f8rer, trearbeid og hjemmeprosjekter.<\/p>\n<p data-start=\"573\" data-end=\"648\"><img decoding=\"async\" class=\"size-full wp-image-20035 aligncenter\" src=\"https:\/\/mekulo.com\/template\/wp-content\/uploads\/sites\/6\/2026\/01\/8ac8ec6939810bf1fe7f0d8ee02615791a01e8e6-700.jpg\" alt=\"\" width=\"1080\" height=\"1080\" \/><\/p>\n<h2 style=\"text-align: center;\" data-start=\"655\" data-end=\"672\"><strong>Slik Bruker Du Den<\/strong><\/h2>\n<ol data-start=\"674\" data-end=\"1041\">\n<li data-start=\"674\" data-end=\"744\">\n<p data-start=\"677\" data-end=\"744\">Plasser malen p\u00e5 d\u00f8ren der hengslet skal monteres.<\/p>\n<\/li>\n<li data-start=\"745\" data-end=\"809\">\n<p data-start=\"748\" data-end=\"809\">Juster klemmen og hengsellengden slik at den passer til hengselst\u00f8rrelsen.<\/p>\n<\/li>\n<li data-start=\"810\" data-end=\"867\">\n<p data-start=\"813\" data-end=\"867\">Still inn fresedybden ved hjelp av den innebygde dybdem\u00e5leren.<\/p>\n<\/li>\n<li data-start=\"868\" data-end=\"927\">\n<p data-start=\"871\" data-end=\"927\">Fest malen ved \u00e5 stramme klemskruene.<\/p>\n<\/li>\n<li data-start=\"928\" data-end=\"982\">\n<p data-start=\"931\" data-end=\"982\">Bruk freseren til \u00e5 frese utsparingen i hengslet.<\/p>\n<\/li>\n<li data-start=\"983\" data-end=\"1041\">\n<p data-start=\"986\" data-end=\"1041\">Bor pilothull ved hjelp av det selvsentrerende boret.<\/p>\n<\/li>\n<\/ol>\n<h2 style=\"text-align: center;\" data-start=\"1048\" data-end=\"1070\"><strong>Produktdetaljer<\/strong><\/h2>\n<ul data-start=\"1072\" data-end=\"1346\">\n<li data-start=\"1118\" data-end=\"1175\">\n<p data-start=\"1120\" data-end=\"1175\">Materiale: Slitesterk plast med sklisikre silikonputer<\/p>\n<\/li>\n<li data-start=\"1176\" data-end=\"1203\">\n<p data-start=\"1178\" data-end=\"1203\">Hengselst\u00f8rrelsesomr\u00e5de: 7,6 til 12,7 cm<\/p>\n<\/li>\n<li data-start=\"1204\" data-end=\"1229\">\n<p data-start=\"1206\" data-end=\"1229\">Justerbar dybde: Ja<\/p>\n<\/li>\n<li data-start=\"1230\" data-end=\"1298\">\n<p data-start=\"1232\" data-end=\"1298\">Anvendelse: D\u00f8rhengselinstallasjon, trebearbeiding, interi\u00f8rarbeid<\/p>\n<\/li>\n<li data-start=\"1299\" data-end=\"1346\">\n<p data-start=\"1301\" data-end=\"1346\">Bruk: Kun for d\u00f8rpaneler (ikke d\u00f8rkarmer)<\/p>\n<\/li>\n<li data-start=\"1299\" data-end=\"1346\">St\u00f8rrelse: 200 x 89 x 55 mm<\/li>\n<\/ul>\n<h2 style=\"text-align: center;\" data-start=\"1353\" data-end=\"1376\"><strong>Pakken inneholder<\/strong><\/h2>\n<ul data-start=\"1378\" data-end=\"1517\">\n<li data-start=\"1378\" data-end=\"1403\">\n<p data-start=\"1380\" data-end=\"1403\">1x mortermal<\/p>\n<\/li>\n<li data-start=\"1404\" data-end=\"1426\">\n<p data-start=\"1406\" data-end=\"1426\">1x fres<\/p>\n<\/li>\n<li data-start=\"1427\" data-end=\"1465\">\n<p data-start=\"1429\" data-end=\"1465\">1x selvsentrerende hengselbor<\/p>\n<\/li>\n<li data-start=\"1466\" data-end=\"1498\">\n<p data-start=\"1468\" data-end=\"1498\">1x skrutrekker med to ender<\/p>\n<\/li>\n<li data-start=\"1499\" data-end=\"1517\">\n<p data-start=\"1501\" data-end=\"1517\">1x sekskantn\u00f8kkel.<\/p>\n<\/li>\n<\/ul>\n","protected":false},"excerpt":{"rendered":"<p>\ud83d\udeaaDenne fresemalen for d\u00f8rhengsler hjelper deg med \u00e5 montere d\u00f8rhengsler raskt og presist uten \u00e5 gjette.<br \/>\n\ud83e\udeb5Den styrer overfresen din for jevne, profesjonelle kutt, noe som gj\u00f8r hengselmonteringen enklere for gj\u00f8r-det-selv-prosjekter og trearbeid.<br \/>\n\u2699\ufe0fA p\u00e5litelig verkt\u00f8y for presis hengselmontering og profesjonelle resultater.<\/p>\n","protected":false},"featured_media":17660,"comment_status":"open","ping_status":"closed","template":"","meta":{"site-sidebar-layout":"default","site-content-layout":"","ast-site-content-layout":"default","site-content-style":"default","site-sidebar-style":"default","ast-global-header-display":"","ast-banner-title-visibility":"","ast-main-header-display":"","ast-hfb-above-header-display":"","ast-hfb-below-header-display":"","ast-hfb-mobile-header-display":"","site-post-title":"","ast-breadcrumbs-content":"","ast-featured-img":"","footer-sml-layout":"","theme-transparent-header-meta":"default","adv-header-id-meta":"","stick-header-meta":"","header-above-stick-meta":"","header-main-stick-meta":"","header-below-stick-meta":"","astra-migrate-meta-layouts":"set","ast-page-background-enabled":"default","ast-page-background-meta":{"desktop":{"background-color":"var(--ast-global-color-5)","background-image":"","background-repeat":"repeat","background-position":"center center","background-size":"auto","background-attachment":"scroll","background-type":"","background-media":"","overlay-type":"","overlay-color":"","overlay-opacity":"","overlay-gradient":""},"tablet":{"background-color":"","background-image":"","background-repeat":"repeat","background-position":"center center","background-size":"auto","background-attachment":"scroll","background-type":"","background-media":"","overlay-type":"","overlay-color":"","overlay-opacity":"","overlay-gradient":""},"mobile":{"background-color":"","background-image":"","background-repeat":"repeat","background-position":"center center","background-size":"auto","background-attachment":"scroll","background-type":"","background-media":"","overlay-type":"","overlay-color":"","overlay-opacity":"","overlay-gradient":""}},"ast-content-background-meta":{"desktop":{"background-color":"var(--ast-global-color-4)","background-image":"","background-repeat":"repeat","background-position":"center center","background-size":"auto","background-attachment":"scroll","background-type":"","background-media":"","overlay-type":"","overlay-color":"","overlay-opacity":"","overlay-gradient":""},"tablet":{"background-color":"var(--ast-global-color-4)","background-image":"","background-repeat":"repeat","background-position":"center center","background-size":"auto","background-attachment":"scroll","background-type":"","background-media":"","overlay-type":"","overlay-color":"","overlay-opacity":"","overlay-gradient":""},"mobile":{"background-color":"var(--ast-global-color-4)","background-image":"","background-repeat":"repeat","background-position":"center center","background-size":"auto","background-attachment":"scroll","background-type":"","background-media":"","overlay-type":"","overlay-color":"","overlay-opacity":"","overlay-gradient":""}}},"product_brand":[],"product_cat":[171],"product_tag":[],"class_list":{"0":"post-17664","1":"product","2":"type-product","3":"status-publish","4":"has-post-thumbnail","6":"product_cat-verktoy","7":"desktop-align-left","8":"tablet-align-left","9":"mobile-align-left","11":"first","12":"instock","13":"shipping-taxable","14":"purchasable","15":"product-type-simple"},"yoast_head":"<!-- This site is optimized with the Yoast SEO plugin v26.6 - https:\/\/yoast.com\/wordpress\/plugins\/seo\/ -->\n<title>Mal for fresing av d\u00f8rhengsel - Mekulo NO<\/title>\n<meta name=\"robots\" content=\"index, follow, max-snippet:-1, max-image-preview:large, max-video-preview:-1\" \/>\n<link rel=\"canonical\" href=\"https:\/\/mekulo.com\/no\/produkt\/mal-for-fresing-av-dorhengsel\/\" \/>\n<meta property=\"og:locale\" content=\"nb_NO\" \/>\n<meta property=\"og:type\" content=\"article\" \/>\n<meta property=\"og:title\" content=\"Mal for fresing av d\u00f8rhengsel - Mekulo NO\" \/>\n<meta property=\"og:description\" content=\"\ud83d\udeaaDenne fresemalen for d\u00f8rhengsler hjelper deg med \u00e5 montere d\u00f8rhengsler raskt og presist uten \u00e5 gjette. \ud83e\udeb5Den styrer overfresen din for jevne, profesjonelle kutt, noe som gj\u00f8r hengselmonteringen enklere for gj\u00f8r-det-selv-prosjekter og trearbeid. \u2699\ufe0fA p\u00e5litelig verkt\u00f8y for presis hengselmontering og profesjonelle resultater.\" \/>\n<meta property=\"og:url\" content=\"https:\/\/mekulo.com\/no\/produkt\/mal-for-fresing-av-dorhengsel\/\" \/>\n<meta property=\"og:site_name\" content=\"Mekulo NO\" \/>\n<meta property=\"article:modified_time\" content=\"2026-01-13T17:20:08+00:00\" \/>\n<meta property=\"og:image\" content=\"https:\/\/mekulo.com\/no\/wp-content\/uploads\/sites\/10\/2026\/01\/ydgmhrm-1.jpg\" \/>\n\t<meta property=\"og:image:width\" content=\"960\" \/>\n\t<meta property=\"og:image:height\" content=\"960\" \/>\n\t<meta property=\"og:image:type\" content=\"image\/jpeg\" \/>\n<meta name=\"twitter:card\" content=\"summary_large_image\" \/>\n<meta name=\"twitter:label1\" content=\"Ansl. lesetid\" \/>\n\t<meta name=\"twitter:data1\" content=\"2 minutter\" \/>\n<script type=\"application\/ld+json\" class=\"yoast-schema-graph\">{\"@context\":\"https:\/\/schema.org\",\"@graph\":[{\"@type\":\"WebPage\",\"@id\":\"https:\/\/mekulo.com\/no\/produkt\/mal-for-fresing-av-dorhengsel\/\",\"url\":\"https:\/\/mekulo.com\/no\/produkt\/mal-for-fresing-av-dorhengsel\/\",\"name\":\"Mal for fresing av d\u00f8rhengsel - Mekulo NO\",\"isPartOf\":{\"@id\":\"https:\/\/mekulo.com\/no\/#website\"},\"primaryImageOfPage\":{\"@id\":\"https:\/\/mekulo.com\/no\/produkt\/mal-for-fresing-av-dorhengsel\/#primaryimage\"},\"image\":{\"@id\":\"https:\/\/mekulo.com\/no\/produkt\/mal-for-fresing-av-dorhengsel\/#primaryimage\"},\"thumbnailUrl\":\"https:\/\/mekulo.com\/no\/wp-content\/uploads\/sites\/10\/2026\/01\/ydgmhrm-1.jpg\",\"datePublished\":\"2026-01-13T15:38:12+00:00\",\"dateModified\":\"2026-01-13T17:20:08+00:00\",\"breadcrumb\":{\"@id\":\"https:\/\/mekulo.com\/no\/produkt\/mal-for-fresing-av-dorhengsel\/#breadcrumb\"},\"inLanguage\":\"nb-NO\",\"potentialAction\":[{\"@type\":\"ReadAction\",\"target\":[\"https:\/\/mekulo.com\/no\/produkt\/mal-for-fresing-av-dorhengsel\/\"]}]},{\"@type\":\"ImageObject\",\"inLanguage\":\"nb-NO\",\"@id\":\"https:\/\/mekulo.com\/no\/produkt\/mal-for-fresing-av-dorhengsel\/#primaryimage\",\"url\":\"https:\/\/mekulo.com\/no\/wp-content\/uploads\/sites\/10\/2026\/01\/ydgmhrm-1.jpg\",\"contentUrl\":\"https:\/\/mekulo.com\/no\/wp-content\/uploads\/sites\/10\/2026\/01\/ydgmhrm-1.jpg\",\"width\":960,\"height\":960},{\"@type\":\"BreadcrumbList\",\"@id\":\"https:\/\/mekulo.com\/no\/produkt\/mal-for-fresing-av-dorhengsel\/#breadcrumb\",\"itemListElement\":[{\"@type\":\"ListItem\",\"position\":1,\"name\":\"Home\",\"item\":\"https:\/\/mekulo.com\/no\/\"},{\"@type\":\"ListItem\",\"position\":2,\"name\":\"Butikk\",\"item\":\"https:\/\/mekulo.com\/no\/butikk\/\"},{\"@type\":\"ListItem\",\"position\":3,\"name\":\"Mal for fresing av d\u00f8rhengsel\"}]},{\"@type\":\"WebSite\",\"@id\":\"https:\/\/mekulo.com\/no\/#website\",\"url\":\"https:\/\/mekulo.com\/no\/\",\"name\":\"Mekulo NO\",\"description\":\"\",\"publisher\":{\"@id\":\"https:\/\/mekulo.com\/no\/#organization\"},\"potentialAction\":[{\"@type\":\"SearchAction\",\"target\":{\"@type\":\"EntryPoint\",\"urlTemplate\":\"https:\/\/mekulo.com\/no\/?s={search_term_string}\"},\"query-input\":{\"@type\":\"PropertyValueSpecification\",\"valueRequired\":true,\"valueName\":\"search_term_string\"}}],\"inLanguage\":\"nb-NO\"},{\"@type\":\"Organization\",\"@id\":\"https:\/\/mekulo.com\/no\/#organization\",\"name\":\"Mekulo\",\"url\":\"https:\/\/mekulo.com\/no\/\",\"logo\":{\"@type\":\"ImageObject\",\"inLanguage\":\"nb-NO\",\"@id\":\"https:\/\/mekulo.com\/no\/#\/schema\/logo\/image\/\",\"url\":\"https:\/\/mekulo.com\/no\/wp-content\/uploads\/sites\/10\/2025\/12\/favicon_mekulo.png\",\"contentUrl\":\"https:\/\/mekulo.com\/no\/wp-content\/uploads\/sites\/10\/2025\/12\/favicon_mekulo.png\",\"width\":50,\"height\":50,\"caption\":\"Mekulo\"},\"image\":{\"@id\":\"https:\/\/mekulo.com\/no\/#\/schema\/logo\/image\/\"}}]}<\/script>\n<!-- \/ Yoast SEO plugin. -->","yoast_head_json":{"title":"Mal for fresing av d\u00f8rhengsel - Mekulo NO","robots":{"index":"index","follow":"follow","max-snippet":"max-snippet:-1","max-image-preview":"max-image-preview:large","max-video-preview":"max-video-preview:-1"},"canonical":"https:\/\/mekulo.com\/no\/produkt\/mal-for-fresing-av-dorhengsel\/","og_locale":"nb_NO","og_type":"article","og_title":"Mal for fresing av d\u00f8rhengsel - Mekulo NO","og_description":"\ud83d\udeaaDenne fresemalen for d\u00f8rhengsler hjelper deg med \u00e5 montere d\u00f8rhengsler raskt og presist uten \u00e5 gjette. \ud83e\udeb5Den styrer overfresen din for jevne, profesjonelle kutt, noe som gj\u00f8r hengselmonteringen enklere for gj\u00f8r-det-selv-prosjekter og trearbeid. \u2699\ufe0fA p\u00e5litelig verkt\u00f8y for presis hengselmontering og profesjonelle resultater.","og_url":"https:\/\/mekulo.com\/no\/produkt\/mal-for-fresing-av-dorhengsel\/","og_site_name":"Mekulo NO","article_modified_time":"2026-01-13T17:20:08+00:00","og_image":[{"width":960,"height":960,"url":"https:\/\/mekulo.com\/no\/wp-content\/uploads\/sites\/10\/2026\/01\/ydgmhrm-1.jpg","type":"image\/jpeg"}],"twitter_card":"summary_large_image","twitter_misc":{"Ansl. lesetid":"2 minutter"},"schema":{"@context":"https:\/\/schema.org","@graph":[{"@type":"WebPage","@id":"https:\/\/mekulo.com\/no\/produkt\/mal-for-fresing-av-dorhengsel\/","url":"https:\/\/mekulo.com\/no\/produkt\/mal-for-fresing-av-dorhengsel\/","name":"Mal for fresing av d\u00f8rhengsel - Mekulo NO","isPartOf":{"@id":"https:\/\/mekulo.com\/no\/#website"},"primaryImageOfPage":{"@id":"https:\/\/mekulo.com\/no\/produkt\/mal-for-fresing-av-dorhengsel\/#primaryimage"},"image":{"@id":"https:\/\/mekulo.com\/no\/produkt\/mal-for-fresing-av-dorhengsel\/#primaryimage"},"thumbnailUrl":"https:\/\/mekulo.com\/no\/wp-content\/uploads\/sites\/10\/2026\/01\/ydgmhrm-1.jpg","datePublished":"2026-01-13T15:38:12+00:00","dateModified":"2026-01-13T17:20:08+00:00","breadcrumb":{"@id":"https:\/\/mekulo.com\/no\/produkt\/mal-for-fresing-av-dorhengsel\/#breadcrumb"},"inLanguage":"nb-NO","potentialAction":[{"@type":"ReadAction","target":["https:\/\/mekulo.com\/no\/produkt\/mal-for-fresing-av-dorhengsel\/"]}]},{"@type":"ImageObject","inLanguage":"nb-NO","@id":"https:\/\/mekulo.com\/no\/produkt\/mal-for-fresing-av-dorhengsel\/#primaryimage","url":"https:\/\/mekulo.com\/no\/wp-content\/uploads\/sites\/10\/2026\/01\/ydgmhrm-1.jpg","contentUrl":"https:\/\/mekulo.com\/no\/wp-content\/uploads\/sites\/10\/2026\/01\/ydgmhrm-1.jpg","width":960,"height":960},{"@type":"BreadcrumbList","@id":"https:\/\/mekulo.com\/no\/produkt\/mal-for-fresing-av-dorhengsel\/#breadcrumb","itemListElement":[{"@type":"ListItem","position":1,"name":"Home","item":"https:\/\/mekulo.com\/no\/"},{"@type":"ListItem","position":2,"name":"Butikk","item":"https:\/\/mekulo.com\/no\/butikk\/"},{"@type":"ListItem","position":3,"name":"Mal for fresing av d\u00f8rhengsel"}]},{"@type":"WebSite","@id":"https:\/\/mekulo.com\/no\/#website","url":"https:\/\/mekulo.com\/no\/","name":"Mekulo NO","description":"","publisher":{"@id":"https:\/\/mekulo.com\/no\/#organization"},"potentialAction":[{"@type":"SearchAction","target":{"@type":"EntryPoint","urlTemplate":"https:\/\/mekulo.com\/no\/?s={search_term_string}"},"query-input":{"@type":"PropertyValueSpecification","valueRequired":true,"valueName":"search_term_string"}}],"inLanguage":"nb-NO"},{"@type":"Organization","@id":"https:\/\/mekulo.com\/no\/#organization","name":"Mekulo","url":"https:\/\/mekulo.com\/no\/","logo":{"@type":"ImageObject","inLanguage":"nb-NO","@id":"https:\/\/mekulo.com\/no\/#\/schema\/logo\/image\/","url":"https:\/\/mekulo.com\/no\/wp-content\/uploads\/sites\/10\/2025\/12\/favicon_mekulo.png","contentUrl":"https:\/\/mekulo.com\/no\/wp-content\/uploads\/sites\/10\/2025\/12\/favicon_mekulo.png","width":50,"height":50,"caption":"Mekulo"},"image":{"@id":"https:\/\/mekulo.com\/no\/#\/schema\/logo\/image\/"}}]}},"_links":{"self":[{"href":"https:\/\/mekulo.com\/no\/wp-json\/wp\/v2\/product\/17664","targetHints":{"allow":["GET"]}}],"collection":[{"href":"https:\/\/mekulo.com\/no\/wp-json\/wp\/v2\/product"}],"about":[{"href":"https:\/\/mekulo.com\/no\/wp-json\/wp\/v2\/types\/product"}],"replies":[{"embeddable":true,"href":"https:\/\/mekulo.com\/no\/wp-json\/wp\/v2\/comments?post=17664"}],"wp:featuredmedia":[{"embeddable":true,"href":"https:\/\/mekulo.com\/no\/wp-json\/wp\/v2\/media\/17660"}],"wp:attachment":[{"href":"https:\/\/mekulo.com\/no\/wp-json\/wp\/v2\/media?parent=17664"}],"wp:term":[{"taxonomy":"product_brand","embeddable":true,"href":"https:\/\/mekulo.com\/no\/wp-json\/wp\/v2\/product_brand?post=17664"},{"taxonomy":"product_cat","embeddable":true,"href":"https:\/\/mekulo.com\/no\/wp-json\/wp\/v2\/product_cat?post=17664"},{"taxonomy":"product_tag","embeddable":true,"href":"https:\/\/mekulo.com\/no\/wp-json\/wp\/v2\/product_tag?post=17664"}],"curies":[{"name":"wp","href":"https:\/\/api.w.org\/{rel}","templated":true}]}}