{"id":17637,"date":"2026-01-13T17:35:28","date_gmt":"2026-01-13T15:35:28","guid":{"rendered":"https:\/\/mekulo.com\/no\/produkt\/serveringsbrett-for-puslespill\/"},"modified":"2026-01-13T19:13:46","modified_gmt":"2026-01-13T17:13:46","slug":"serveringsbrett-for-puslespill","status":"publish","type":"product","link":"https:\/\/mekulo.com\/no\/produkt\/serveringsbrett-for-puslespill\/","title":{"rendered":"Serveringsbrett for puslespill"},"content":{"rendered":"<p style=\"text-align: center;\" data-start=\"0\" data-end=\"60\"><strong data-start=\"0\" data-end=\"60\">Server snacks pent og vakkert i ett stilig brett. \ud83e\udeb5<\/strong><\/p>\n<p data-start=\"0\" data-end=\"60\"><img fetchpriority=\"high\" decoding=\"async\" class=\" wp-image-20010 aligncenter\" src=\"https:\/\/mekulo.com\/template\/wp-content\/uploads\/sites\/6\/2026\/01\/ce5233ce8d60c0e27d7e4a4a149bb61ba8e6235a-700.avif\" alt=\"\" width=\"578\" height=\"578\" \/><\/p>\n<h2 style=\"text-align: center;\" data-start=\"310\" data-end=\"330\"><strong>Hovedfordeler<\/strong><\/h2>\n<p data-start=\"334\" data-end=\"404\">\ud83e\udeb5 F\u00f8rsteklasses trekonstruksjon &#8211; Sterk, slitesterk og naturlig elegant.<\/p>\n<p data-start=\"407\" data-end=\"478\">\ud83e\udde9 Rom i puslespillstil &#8211; Hold snacks atskilt og organisert.<\/p>\n<p data-start=\"481\" data-end=\"537\">\ud83c\udf7f Romslig design &#8211; Server flere snacks samtidig.<\/p>\n<p data-start=\"540\" data-end=\"602\">\ud83c\udfe1 Minimalistisk utseende &#8211; Passer til ethvert kj\u00f8kken eller oppholdsrom.<\/p>\n<p data-start=\"605\" data-end=\"679\">\ud83c\udf81 Flott gaveid\u00e9 &#8211; Perfekt til innflytting og spesielle anledninger.<\/p>\n<p data-start=\"605\" data-end=\"679\"><img decoding=\"async\" class=\" wp-image-20014 aligncenter\" src=\"https:\/\/mekulo.com\/template\/wp-content\/uploads\/sites\/6\/2026\/01\/c2c40cba-ecdb-47cb-a3aa-4905010328fe.webp\" alt=\"\" width=\"571\" height=\"571\" \/><\/p>\n<h2 style=\"text-align: center;\" data-start=\"686\" data-end=\"703\"><strong>Slik Bruker Du Det<\/strong><\/h2>\n<ol data-start=\"705\" data-end=\"947\">\n<li data-start=\"705\" data-end=\"762\">\n<p data-start=\"708\" data-end=\"762\">Plasser brettet p\u00e5 et bord, en benk eller et salongbord.<\/p>\n<\/li>\n<li data-start=\"763\" data-end=\"825\">\n<p data-start=\"766\" data-end=\"825\">Fyll hvert rom med snacks, frukt eller forretter.<\/p>\n<\/li>\n<li data-start=\"826\" data-end=\"887\">\n<p data-start=\"829\" data-end=\"887\">Server direkte til gjestene eller bruk det som en dekorativ utstilling.<\/p>\n<\/li>\n<li data-start=\"888\" data-end=\"947\">\n<p data-start=\"891\" data-end=\"947\">T\u00f8rk av etter bruk og oppbevar det pent n\u00e5r det ikke er i bruk.<\/p>\n<\/li>\n<\/ol>\n<h2 style=\"text-align: center;\" data-start=\"954\" data-end=\"976\"><strong>Produktdetaljer<\/strong><\/h2>\n<ul data-start=\"978\" data-end=\"1174\">\n<li data-start=\"1016\" data-end=\"1034\">\n<p data-start=\"1018\" data-end=\"1034\">Materiale: Tre<\/p>\n<\/li>\n<li data-start=\"1035\" data-end=\"1051\">\n<p data-start=\"1037\" data-end=\"1051\">Farge: Brun<\/p>\n<\/li>\n<li data-start=\"1052\" data-end=\"1086\">\n<p data-start=\"1054\" data-end=\"1086\">Form: Rund med rom<\/p>\n<\/li>\n<li data-start=\"1087\" data-end=\"1128\">\n<p data-start=\"1089\" data-end=\"1128\">St\u00f8rrelse: 25 x 25 cm<\/p>\n<\/li>\n<li data-start=\"1129\" data-end=\"1174\">\n<p data-start=\"1131\" data-end=\"1174\">Bruk: Snacks, frukt, desserter, forretter<\/p>\n<\/li>\n<\/ul>\n<h2 style=\"text-align: center;\" data-start=\"1181\" data-end=\"1204\"><strong>Pakken inneholder<\/strong><\/h2>\n<ul data-start=\"1206\" data-end=\"1240\">\n<li data-start=\"1206\" data-end=\"1240\">\n<p data-start=\"1208\" data-end=\"1240\">1x serveringsbrett i tre.<\/p>\n<\/li>\n<\/ul>\n","protected":false},"excerpt":{"rendered":"<p>\ud83e\udde9Dette serveringsbrettet holder orden p\u00e5 snacksen din samtidig som det gir et varmt, elegant preg til ethvert bord.<br \/>\n\ud83e\udeb5Laget av f\u00f8rsteklasses treverk med smarte rom, er det perfekt for servering av frukt, n\u00f8tter, desserter eller forretter hjemme eller under sammenkomster.<br \/>\n\ud83c\udf47Et praktisk og elegant serveringsbrett som f\u00e5r hvert snack\u00f8yeblikk til \u00e5 se spesielt ut.<\/p>\n","protected":false},"featured_media":17633,"comment_status":"open","ping_status":"closed","template":"","meta":{"site-sidebar-layout":"default","site-content-layout":"","ast-site-content-layout":"default","site-content-style":"default","site-sidebar-style":"default","ast-global-header-display":"","ast-banner-title-visibility":"","ast-main-header-display":"","ast-hfb-above-header-display":"","ast-hfb-below-header-display":"","ast-hfb-mobile-header-display":"","site-post-title":"","ast-breadcrumbs-content":"","ast-featured-img":"","footer-sml-layout":"","theme-transparent-header-meta":"default","adv-header-id-meta":"","stick-header-meta":"","header-above-stick-meta":"","header-main-stick-meta":"","header-below-stick-meta":"","astra-migrate-meta-layouts":"set","ast-page-background-enabled":"default","ast-page-background-meta":{"desktop":{"background-color":"var(--ast-global-color-5)","background-image":"","background-repeat":"repeat","background-position":"center center","background-size":"auto","background-attachment":"scroll","background-type":"","background-media":"","overlay-type":"","overlay-color":"","overlay-opacity":"","overlay-gradient":""},"tablet":{"background-color":"","background-image":"","background-repeat":"repeat","background-position":"center center","background-size":"auto","background-attachment":"scroll","background-type":"","background-media":"","overlay-type":"","overlay-color":"","overlay-opacity":"","overlay-gradient":""},"mobile":{"background-color":"","background-image":"","background-repeat":"repeat","background-position":"center center","background-size":"auto","background-attachment":"scroll","background-type":"","background-media":"","overlay-type":"","overlay-color":"","overlay-opacity":"","overlay-gradient":""}},"ast-content-background-meta":{"desktop":{"background-color":"var(--ast-global-color-4)","background-image":"","background-repeat":"repeat","background-position":"center center","background-size":"auto","background-attachment":"scroll","background-type":"","background-media":"","overlay-type":"","overlay-color":"","overlay-opacity":"","overlay-gradient":""},"tablet":{"background-color":"var(--ast-global-color-4)","background-image":"","background-repeat":"repeat","background-position":"center center","background-size":"auto","background-attachment":"scroll","background-type":"","background-media":"","overlay-type":"","overlay-color":"","overlay-opacity":"","overlay-gradient":""},"mobile":{"background-color":"var(--ast-global-color-4)","background-image":"","background-repeat":"repeat","background-position":"center center","background-size":"auto","background-attachment":"scroll","background-type":"","background-media":"","overlay-type":"","overlay-color":"","overlay-opacity":"","overlay-gradient":""}}},"product_brand":[],"product_cat":[15],"product_tag":[],"class_list":{"0":"post-17637","1":"product","2":"type-product","3":"status-publish","4":"has-post-thumbnail","6":"product_cat-uncategorized","7":"desktop-align-left","8":"tablet-align-left","9":"mobile-align-left","11":"first","12":"instock","13":"shipping-taxable","14":"purchasable","15":"product-type-simple"},"yoast_head":"<!-- This site is optimized with the Yoast SEO plugin v26.6 - https:\/\/yoast.com\/wordpress\/plugins\/seo\/ -->\n<title>Serveringsbrett for puslespill - Mekulo NO<\/title>\n<meta name=\"robots\" content=\"index, follow, max-snippet:-1, max-image-preview:large, max-video-preview:-1\" \/>\n<link rel=\"canonical\" href=\"https:\/\/mekulo.com\/no\/produkt\/serveringsbrett-for-puslespill\/\" \/>\n<meta property=\"og:locale\" content=\"nb_NO\" \/>\n<meta property=\"og:type\" content=\"article\" \/>\n<meta property=\"og:title\" content=\"Serveringsbrett for puslespill - Mekulo NO\" \/>\n<meta property=\"og:description\" content=\"\ud83e\udde9Dette serveringsbrettet holder orden p\u00e5 snacksen din samtidig som det gir et varmt, elegant preg til ethvert bord. \ud83e\udeb5Laget av f\u00f8rsteklasses treverk med smarte rom, er det perfekt for servering av frukt, n\u00f8tter, desserter eller forretter hjemme eller under sammenkomster. \ud83c\udf47Et praktisk og elegant serveringsbrett som f\u00e5r hvert snack\u00f8yeblikk til \u00e5 se spesielt ut.\" \/>\n<meta property=\"og:url\" content=\"https:\/\/mekulo.com\/no\/produkt\/serveringsbrett-for-puslespill\/\" \/>\n<meta property=\"og:site_name\" content=\"Mekulo NO\" \/>\n<meta property=\"article:modified_time\" content=\"2026-01-13T17:13:46+00:00\" \/>\n<meta property=\"og:image\" content=\"https:\/\/mekulo.com\/no\/wp-content\/uploads\/sites\/10\/2026\/01\/ugg8sf5-1.jpg\" \/>\n\t<meta property=\"og:image:width\" content=\"700\" \/>\n\t<meta property=\"og:image:height\" content=\"699\" \/>\n\t<meta property=\"og:image:type\" content=\"image\/jpeg\" \/>\n<meta name=\"twitter:card\" content=\"summary_large_image\" \/>\n<meta name=\"twitter:label1\" content=\"Ansl. lesetid\" \/>\n\t<meta name=\"twitter:data1\" content=\"2 minutter\" \/>\n<script type=\"application\/ld+json\" class=\"yoast-schema-graph\">{\"@context\":\"https:\/\/schema.org\",\"@graph\":[{\"@type\":\"WebPage\",\"@id\":\"https:\/\/mekulo.com\/no\/produkt\/serveringsbrett-for-puslespill\/\",\"url\":\"https:\/\/mekulo.com\/no\/produkt\/serveringsbrett-for-puslespill\/\",\"name\":\"Serveringsbrett for puslespill - Mekulo NO\",\"isPartOf\":{\"@id\":\"https:\/\/mekulo.com\/no\/#website\"},\"primaryImageOfPage\":{\"@id\":\"https:\/\/mekulo.com\/no\/produkt\/serveringsbrett-for-puslespill\/#primaryimage\"},\"image\":{\"@id\":\"https:\/\/mekulo.com\/no\/produkt\/serveringsbrett-for-puslespill\/#primaryimage\"},\"thumbnailUrl\":\"https:\/\/mekulo.com\/no\/wp-content\/uploads\/sites\/10\/2026\/01\/ugg8sf5-1.jpg\",\"datePublished\":\"2026-01-13T15:35:28+00:00\",\"dateModified\":\"2026-01-13T17:13:46+00:00\",\"breadcrumb\":{\"@id\":\"https:\/\/mekulo.com\/no\/produkt\/serveringsbrett-for-puslespill\/#breadcrumb\"},\"inLanguage\":\"nb-NO\",\"potentialAction\":[{\"@type\":\"ReadAction\",\"target\":[\"https:\/\/mekulo.com\/no\/produkt\/serveringsbrett-for-puslespill\/\"]}]},{\"@type\":\"ImageObject\",\"inLanguage\":\"nb-NO\",\"@id\":\"https:\/\/mekulo.com\/no\/produkt\/serveringsbrett-for-puslespill\/#primaryimage\",\"url\":\"https:\/\/mekulo.com\/no\/wp-content\/uploads\/sites\/10\/2026\/01\/ugg8sf5-1.jpg\",\"contentUrl\":\"https:\/\/mekulo.com\/no\/wp-content\/uploads\/sites\/10\/2026\/01\/ugg8sf5-1.jpg\",\"width\":700,\"height\":699},{\"@type\":\"BreadcrumbList\",\"@id\":\"https:\/\/mekulo.com\/no\/produkt\/serveringsbrett-for-puslespill\/#breadcrumb\",\"itemListElement\":[{\"@type\":\"ListItem\",\"position\":1,\"name\":\"Home\",\"item\":\"https:\/\/mekulo.com\/no\/\"},{\"@type\":\"ListItem\",\"position\":2,\"name\":\"Butikk\",\"item\":\"https:\/\/mekulo.com\/no\/butikk\/\"},{\"@type\":\"ListItem\",\"position\":3,\"name\":\"Serveringsbrett for puslespill\"}]},{\"@type\":\"WebSite\",\"@id\":\"https:\/\/mekulo.com\/no\/#website\",\"url\":\"https:\/\/mekulo.com\/no\/\",\"name\":\"Mekulo NO\",\"description\":\"\",\"publisher\":{\"@id\":\"https:\/\/mekulo.com\/no\/#organization\"},\"potentialAction\":[{\"@type\":\"SearchAction\",\"target\":{\"@type\":\"EntryPoint\",\"urlTemplate\":\"https:\/\/mekulo.com\/no\/?s={search_term_string}\"},\"query-input\":{\"@type\":\"PropertyValueSpecification\",\"valueRequired\":true,\"valueName\":\"search_term_string\"}}],\"inLanguage\":\"nb-NO\"},{\"@type\":\"Organization\",\"@id\":\"https:\/\/mekulo.com\/no\/#organization\",\"name\":\"Mekulo\",\"url\":\"https:\/\/mekulo.com\/no\/\",\"logo\":{\"@type\":\"ImageObject\",\"inLanguage\":\"nb-NO\",\"@id\":\"https:\/\/mekulo.com\/no\/#\/schema\/logo\/image\/\",\"url\":\"https:\/\/mekulo.com\/no\/wp-content\/uploads\/sites\/10\/2025\/12\/favicon_mekulo.png\",\"contentUrl\":\"https:\/\/mekulo.com\/no\/wp-content\/uploads\/sites\/10\/2025\/12\/favicon_mekulo.png\",\"width\":50,\"height\":50,\"caption\":\"Mekulo\"},\"image\":{\"@id\":\"https:\/\/mekulo.com\/no\/#\/schema\/logo\/image\/\"}}]}<\/script>\n<!-- \/ Yoast SEO plugin. -->","yoast_head_json":{"title":"Serveringsbrett for puslespill - Mekulo NO","robots":{"index":"index","follow":"follow","max-snippet":"max-snippet:-1","max-image-preview":"max-image-preview:large","max-video-preview":"max-video-preview:-1"},"canonical":"https:\/\/mekulo.com\/no\/produkt\/serveringsbrett-for-puslespill\/","og_locale":"nb_NO","og_type":"article","og_title":"Serveringsbrett for puslespill - Mekulo NO","og_description":"\ud83e\udde9Dette serveringsbrettet holder orden p\u00e5 snacksen din samtidig som det gir et varmt, elegant preg til ethvert bord. \ud83e\udeb5Laget av f\u00f8rsteklasses treverk med smarte rom, er det perfekt for servering av frukt, n\u00f8tter, desserter eller forretter hjemme eller under sammenkomster. \ud83c\udf47Et praktisk og elegant serveringsbrett som f\u00e5r hvert snack\u00f8yeblikk til \u00e5 se spesielt ut.","og_url":"https:\/\/mekulo.com\/no\/produkt\/serveringsbrett-for-puslespill\/","og_site_name":"Mekulo NO","article_modified_time":"2026-01-13T17:13:46+00:00","og_image":[{"width":700,"height":699,"url":"https:\/\/mekulo.com\/no\/wp-content\/uploads\/sites\/10\/2026\/01\/ugg8sf5-1.jpg","type":"image\/jpeg"}],"twitter_card":"summary_large_image","twitter_misc":{"Ansl. lesetid":"2 minutter"},"schema":{"@context":"https:\/\/schema.org","@graph":[{"@type":"WebPage","@id":"https:\/\/mekulo.com\/no\/produkt\/serveringsbrett-for-puslespill\/","url":"https:\/\/mekulo.com\/no\/produkt\/serveringsbrett-for-puslespill\/","name":"Serveringsbrett for puslespill - Mekulo NO","isPartOf":{"@id":"https:\/\/mekulo.com\/no\/#website"},"primaryImageOfPage":{"@id":"https:\/\/mekulo.com\/no\/produkt\/serveringsbrett-for-puslespill\/#primaryimage"},"image":{"@id":"https:\/\/mekulo.com\/no\/produkt\/serveringsbrett-for-puslespill\/#primaryimage"},"thumbnailUrl":"https:\/\/mekulo.com\/no\/wp-content\/uploads\/sites\/10\/2026\/01\/ugg8sf5-1.jpg","datePublished":"2026-01-13T15:35:28+00:00","dateModified":"2026-01-13T17:13:46+00:00","breadcrumb":{"@id":"https:\/\/mekulo.com\/no\/produkt\/serveringsbrett-for-puslespill\/#breadcrumb"},"inLanguage":"nb-NO","potentialAction":[{"@type":"ReadAction","target":["https:\/\/mekulo.com\/no\/produkt\/serveringsbrett-for-puslespill\/"]}]},{"@type":"ImageObject","inLanguage":"nb-NO","@id":"https:\/\/mekulo.com\/no\/produkt\/serveringsbrett-for-puslespill\/#primaryimage","url":"https:\/\/mekulo.com\/no\/wp-content\/uploads\/sites\/10\/2026\/01\/ugg8sf5-1.jpg","contentUrl":"https:\/\/mekulo.com\/no\/wp-content\/uploads\/sites\/10\/2026\/01\/ugg8sf5-1.jpg","width":700,"height":699},{"@type":"BreadcrumbList","@id":"https:\/\/mekulo.com\/no\/produkt\/serveringsbrett-for-puslespill\/#breadcrumb","itemListElement":[{"@type":"ListItem","position":1,"name":"Home","item":"https:\/\/mekulo.com\/no\/"},{"@type":"ListItem","position":2,"name":"Butikk","item":"https:\/\/mekulo.com\/no\/butikk\/"},{"@type":"ListItem","position":3,"name":"Serveringsbrett for puslespill"}]},{"@type":"WebSite","@id":"https:\/\/mekulo.com\/no\/#website","url":"https:\/\/mekulo.com\/no\/","name":"Mekulo NO","description":"","publisher":{"@id":"https:\/\/mekulo.com\/no\/#organization"},"potentialAction":[{"@type":"SearchAction","target":{"@type":"EntryPoint","urlTemplate":"https:\/\/mekulo.com\/no\/?s={search_term_string}"},"query-input":{"@type":"PropertyValueSpecification","valueRequired":true,"valueName":"search_term_string"}}],"inLanguage":"nb-NO"},{"@type":"Organization","@id":"https:\/\/mekulo.com\/no\/#organization","name":"Mekulo","url":"https:\/\/mekulo.com\/no\/","logo":{"@type":"ImageObject","inLanguage":"nb-NO","@id":"https:\/\/mekulo.com\/no\/#\/schema\/logo\/image\/","url":"https:\/\/mekulo.com\/no\/wp-content\/uploads\/sites\/10\/2025\/12\/favicon_mekulo.png","contentUrl":"https:\/\/mekulo.com\/no\/wp-content\/uploads\/sites\/10\/2025\/12\/favicon_mekulo.png","width":50,"height":50,"caption":"Mekulo"},"image":{"@id":"https:\/\/mekulo.com\/no\/#\/schema\/logo\/image\/"}}]}},"_links":{"self":[{"href":"https:\/\/mekulo.com\/no\/wp-json\/wp\/v2\/product\/17637","targetHints":{"allow":["GET"]}}],"collection":[{"href":"https:\/\/mekulo.com\/no\/wp-json\/wp\/v2\/product"}],"about":[{"href":"https:\/\/mekulo.com\/no\/wp-json\/wp\/v2\/types\/product"}],"replies":[{"embeddable":true,"href":"https:\/\/mekulo.com\/no\/wp-json\/wp\/v2\/comments?post=17637"}],"wp:featuredmedia":[{"embeddable":true,"href":"https:\/\/mekulo.com\/no\/wp-json\/wp\/v2\/media\/17633"}],"wp:attachment":[{"href":"https:\/\/mekulo.com\/no\/wp-json\/wp\/v2\/media?parent=17637"}],"wp:term":[{"taxonomy":"product_brand","embeddable":true,"href":"https:\/\/mekulo.com\/no\/wp-json\/wp\/v2\/product_brand?post=17637"},{"taxonomy":"product_cat","embeddable":true,"href":"https:\/\/mekulo.com\/no\/wp-json\/wp\/v2\/product_cat?post=17637"},{"taxonomy":"product_tag","embeddable":true,"href":"https:\/\/mekulo.com\/no\/wp-json\/wp\/v2\/product_tag?post=17637"}],"curies":[{"name":"wp","href":"https:\/\/api.w.org\/{rel}","templated":true}]}}