{"id":17613,"date":"2026-01-13T17:34:01","date_gmt":"2026-01-13T15:34:01","guid":{"rendered":"https:\/\/mekulo.com\/no\/produkt\/snackbeholder-2-i-1\/"},"modified":"2026-01-13T19:12:12","modified_gmt":"2026-01-13T17:12:12","slug":"snackbeholder-2-i-1","status":"publish","type":"product","link":"https:\/\/mekulo.com\/no\/produkt\/snackbeholder-2-i-1\/","title":{"rendered":"Snackbeholder 2-i-1"},"content":{"rendered":"<p style=\"text-align: center;\" data-start=\"0\" data-end=\"47\"><strong data-start=\"0\" data-end=\"47\">Nyt snacks uten s\u00f8l hvor som helst, n\u00e5r som helst. \ud83c\udf5f<\/strong><\/p>\n<p data-start=\"0\" data-end=\"47\"><img decoding=\"async\" class=\"size-full wp-image-19994 aligncenter\" src=\"https:\/\/mekulo.com\/template\/wp-content\/uploads\/sites\/6\/2026\/01\/d26751bfaf0aad691bbcdec7fdba245ee77ff698.avif\" alt=\"\" \/><\/p>\n<h2 style=\"text-align: center;\" data-start=\"307\" data-end=\"327\"><strong>Hovedfordeler<\/strong><\/h2>\n<p data-start=\"331\" data-end=\"395\">\u270b Rene hender hver gang &#8211; mykt silikonlokk forhindrer s\u00f8l.<\/p>\n<p data-start=\"398\" data-end=\"453\">\ud83d\udd12 Lufttett forsegling &#8211; holder snacksen frisk og spr\u00f8.<\/p>\n<p data-start=\"456\" data-end=\"518\">\ud83d\ude97 Perfekt for reiser &#8211; passer enkelt i koppholdere og vesker.<\/p>\n<p data-start=\"521\" data-end=\"576\">\ud83e\uddfc Enkel \u00e5 rengj\u00f8re &#8211; bred \u00e5pning for rask skylling.<\/p>\n<p data-start=\"579\" data-end=\"638\">\ud83c\udfa8 Morsomme, klare farger &#8211; lett \u00e5 f\u00e5 \u00f8ye p\u00e5 og barnevennlig.<\/p>\n<p data-start=\"579\" data-end=\"638\"><img decoding=\"async\" class=\"size-full wp-image-19993 aligncenter\" src=\"https:\/\/mekulo.com\/template\/wp-content\/uploads\/sites\/6\/2026\/01\/45f5d6c0175f45fba11996e6c338ca04aada16b2.avif\" alt=\"\" \/><\/p>\n<h2 style=\"text-align: center;\" data-start=\"645\" data-end=\"662\"><strong>Slik Bruker Du Beholderen<\/strong><\/h2>\n<ol data-start=\"664\" data-end=\"908\">\n<li data-start=\"664\" data-end=\"700\">\n<p data-start=\"667\" data-end=\"700\">Fyll beholderen med snacks.<\/p>\n<\/li>\n<li data-start=\"701\" data-end=\"750\">\n<p data-start=\"704\" data-end=\"750\">Lukk lokket sikkert for en lufttett forsegling.<\/p>\n<\/li>\n<li data-start=\"751\" data-end=\"814\">\n<p data-start=\"754\" data-end=\"814\">Dypp h\u00e5nden gjennom silikon\u00e5pningen for \u00e5 f\u00e5 tak i snacks.<\/p>\n<\/li>\n<li data-start=\"815\" data-end=\"854\">\n<p data-start=\"818\" data-end=\"854\">Nyt snacks uten rot hvor som helst.<\/p>\n<\/li>\n<li data-start=\"855\" data-end=\"908\">\n<p data-start=\"858\" data-end=\"908\">Skyll med s\u00e5pe og vann etter bruk og luftt\u00f8rk.<\/p>\n<\/li>\n<\/ol>\n<h2 style=\"text-align: center;\" data-start=\"915\" data-end=\"937\"><strong>Produktdetaljer<\/strong><\/h2>\n<ul data-start=\"939\" data-end=\"1138\">\n<li data-start=\"980\" data-end=\"1028\">\n<p data-start=\"982\" data-end=\"1028\">Lokktype: Myk silikon, fingersikker \u00e5pning<\/p>\n<\/li>\n<li data-start=\"980\" data-end=\"1028\">\n<p data-start=\"982\" data-end=\"1028\">Materiale: Silikon + ABS<\/p>\n<\/li>\n<li data-start=\"1029\" data-end=\"1061\">\n<p data-start=\"1031\" data-end=\"1061\">Forsegling: Lufttett for friskhet<\/p>\n<\/li>\n<li data-start=\"1062\" data-end=\"1102\">\n<p data-start=\"1064\" data-end=\"1102\">Design: B\u00e6rbar og reisevennlig<\/p>\n<\/li>\n<li data-start=\"1103\" data-end=\"1138\">\n<p data-start=\"1105\" data-end=\"1138\">Rengj\u00f8ring: H\u00e5ndvask anbefales<\/p>\n<\/li>\n<li data-start=\"1103\" data-end=\"1138\">St\u00f8rrelse: 12 x 10 x 6 cm<\/li>\n<\/ul>\n<h2 style=\"text-align: center;\" data-start=\"1145\" data-end=\"1168\"><strong>Pakken inneholder<\/strong><\/h2>\n<ul data-start=\"1170\" data-end=\"1200\">\n<li data-start=\"1170\" data-end=\"1200\">\n<p data-start=\"1172\" data-end=\"1200\">1x snackbeholder 2-i-1.<\/p>\n<\/li>\n<\/ul>\n","protected":false},"excerpt":{"rendered":"<p>\ud83c\udf47Denne 2-i-1-snacksbeholderen holder snacksen fersk samtidig som den holder hendene rene, noe som gj\u00f8r den perfekt for barn, reiser og travle dager.<br \/>\n\ud83e\uded7Det myke silikonlokket gj\u00f8r at du kan ta snacks uten s\u00f8l, smuler eller klissete fingre &#8211; enten det er hjemme, i bilen eller p\u00e5 farten.<br \/>\n<span style=\"font-size: 16px; font-style: normal; font-weight: 400;\">\ud83d\udc67<\/span>En smart snacksl\u00f8sning for foreldre, barn og alle som sm\u00e5spiser p\u00e5 farten.<\/p>\n","protected":false},"featured_media":17609,"comment_status":"open","ping_status":"closed","template":"","meta":{"site-sidebar-layout":"default","site-content-layout":"","ast-site-content-layout":"default","site-content-style":"default","site-sidebar-style":"default","ast-global-header-display":"","ast-banner-title-visibility":"","ast-main-header-display":"","ast-hfb-above-header-display":"","ast-hfb-below-header-display":"","ast-hfb-mobile-header-display":"","site-post-title":"","ast-breadcrumbs-content":"","ast-featured-img":"","footer-sml-layout":"","theme-transparent-header-meta":"default","adv-header-id-meta":"","stick-header-meta":"","header-above-stick-meta":"","header-main-stick-meta":"","header-below-stick-meta":"","astra-migrate-meta-layouts":"set","ast-page-background-enabled":"default","ast-page-background-meta":{"desktop":{"background-color":"var(--ast-global-color-5)","background-image":"","background-repeat":"repeat","background-position":"center center","background-size":"auto","background-attachment":"scroll","background-type":"","background-media":"","overlay-type":"","overlay-color":"","overlay-opacity":"","overlay-gradient":""},"tablet":{"background-color":"","background-image":"","background-repeat":"repeat","background-position":"center center","background-size":"auto","background-attachment":"scroll","background-type":"","background-media":"","overlay-type":"","overlay-color":"","overlay-opacity":"","overlay-gradient":""},"mobile":{"background-color":"","background-image":"","background-repeat":"repeat","background-position":"center center","background-size":"auto","background-attachment":"scroll","background-type":"","background-media":"","overlay-type":"","overlay-color":"","overlay-opacity":"","overlay-gradient":""}},"ast-content-background-meta":{"desktop":{"background-color":"var(--ast-global-color-4)","background-image":"","background-repeat":"repeat","background-position":"center center","background-size":"auto","background-attachment":"scroll","background-type":"","background-media":"","overlay-type":"","overlay-color":"","overlay-opacity":"","overlay-gradient":""},"tablet":{"background-color":"var(--ast-global-color-4)","background-image":"","background-repeat":"repeat","background-position":"center center","background-size":"auto","background-attachment":"scroll","background-type":"","background-media":"","overlay-type":"","overlay-color":"","overlay-opacity":"","overlay-gradient":""},"mobile":{"background-color":"var(--ast-global-color-4)","background-image":"","background-repeat":"repeat","background-position":"center center","background-size":"auto","background-attachment":"scroll","background-type":"","background-media":"","overlay-type":"","overlay-color":"","overlay-opacity":"","overlay-gradient":""}}},"product_brand":[],"product_cat":[168,172],"product_tag":[],"class_list":{"0":"post-17613","1":"product","2":"type-product","3":"status-publish","4":"has-post-thumbnail","6":"product_cat-husholdningsartikler","7":"product_cat-leker-barne-og-babyprodukter","8":"pa_67006_sqrgf3o0-bla","9":"pa_67006_sqrgf3o0-gronn","10":"pa_67006_sqrgf3o0-gul","11":"pa_67006_sqrgf3o0-lilla","12":"pa_67006_sqrgf3o0-oransje","13":"pa_67006_sqrgf3o0-rosa","14":"desktop-align-left","15":"tablet-align-left","16":"mobile-align-left","18":"first","19":"instock","20":"shipping-taxable","21":"purchasable","22":"product-type-variable"},"yoast_head":"<!-- This site is optimized with the Yoast SEO plugin v26.6 - https:\/\/yoast.com\/wordpress\/plugins\/seo\/ -->\n<title>Snackbeholder 2-i-1 - Mekulo NO<\/title>\n<meta name=\"robots\" content=\"index, follow, max-snippet:-1, max-image-preview:large, max-video-preview:-1\" \/>\n<link rel=\"canonical\" href=\"https:\/\/mekulo.com\/no\/produkt\/snackbeholder-2-i-1\/\" \/>\n<meta property=\"og:locale\" content=\"nb_NO\" \/>\n<meta property=\"og:type\" content=\"article\" \/>\n<meta property=\"og:title\" content=\"Snackbeholder 2-i-1 - Mekulo NO\" \/>\n<meta property=\"og:description\" content=\"\ud83c\udf47Denne 2-i-1-snacksbeholderen holder snacksen fersk samtidig som den holder hendene rene, noe som gj\u00f8r den perfekt for barn, reiser og travle dager. \ud83e\uded7Det myke silikonlokket gj\u00f8r at du kan ta snacks uten s\u00f8l, smuler eller klissete fingre - enten det er hjemme, i bilen eller p\u00e5 farten. \ud83d\udc67En smart snacksl\u00f8sning for foreldre, barn og alle som sm\u00e5spiser p\u00e5 farten.\" \/>\n<meta property=\"og:url\" content=\"https:\/\/mekulo.com\/no\/produkt\/snackbeholder-2-i-1\/\" \/>\n<meta property=\"og:site_name\" content=\"Mekulo NO\" \/>\n<meta property=\"article:modified_time\" content=\"2026-01-13T17:12:12+00:00\" \/>\n<meta property=\"og:image\" content=\"https:\/\/mekulo.com\/no\/wp-content\/uploads\/sites\/10\/2026\/01\/e7zg3kx-1.webp\" \/>\n\t<meta property=\"og:image:width\" content=\"1000\" \/>\n\t<meta property=\"og:image:height\" content=\"1000\" \/>\n\t<meta property=\"og:image:type\" content=\"image\/webp\" \/>\n<meta name=\"twitter:card\" content=\"summary_large_image\" \/>\n<meta name=\"twitter:label1\" content=\"Ansl. lesetid\" \/>\n\t<meta name=\"twitter:data1\" content=\"2 minutter\" \/>\n<script type=\"application\/ld+json\" class=\"yoast-schema-graph\">{\"@context\":\"https:\/\/schema.org\",\"@graph\":[{\"@type\":\"WebPage\",\"@id\":\"https:\/\/mekulo.com\/no\/produkt\/snackbeholder-2-i-1\/\",\"url\":\"https:\/\/mekulo.com\/no\/produkt\/snackbeholder-2-i-1\/\",\"name\":\"Snackbeholder 2-i-1 - Mekulo NO\",\"isPartOf\":{\"@id\":\"https:\/\/mekulo.com\/no\/#website\"},\"primaryImageOfPage\":{\"@id\":\"https:\/\/mekulo.com\/no\/produkt\/snackbeholder-2-i-1\/#primaryimage\"},\"image\":{\"@id\":\"https:\/\/mekulo.com\/no\/produkt\/snackbeholder-2-i-1\/#primaryimage\"},\"thumbnailUrl\":\"https:\/\/mekulo.com\/no\/wp-content\/uploads\/sites\/10\/2026\/01\/e7zg3kx-1.webp\",\"datePublished\":\"2026-01-13T15:34:01+00:00\",\"dateModified\":\"2026-01-13T17:12:12+00:00\",\"breadcrumb\":{\"@id\":\"https:\/\/mekulo.com\/no\/produkt\/snackbeholder-2-i-1\/#breadcrumb\"},\"inLanguage\":\"nb-NO\",\"potentialAction\":[{\"@type\":\"ReadAction\",\"target\":[\"https:\/\/mekulo.com\/no\/produkt\/snackbeholder-2-i-1\/\"]}]},{\"@type\":\"ImageObject\",\"inLanguage\":\"nb-NO\",\"@id\":\"https:\/\/mekulo.com\/no\/produkt\/snackbeholder-2-i-1\/#primaryimage\",\"url\":\"https:\/\/mekulo.com\/no\/wp-content\/uploads\/sites\/10\/2026\/01\/e7zg3kx-1.webp\",\"contentUrl\":\"https:\/\/mekulo.com\/no\/wp-content\/uploads\/sites\/10\/2026\/01\/e7zg3kx-1.webp\",\"width\":1000,\"height\":1000},{\"@type\":\"BreadcrumbList\",\"@id\":\"https:\/\/mekulo.com\/no\/produkt\/snackbeholder-2-i-1\/#breadcrumb\",\"itemListElement\":[{\"@type\":\"ListItem\",\"position\":1,\"name\":\"Home\",\"item\":\"https:\/\/mekulo.com\/no\/\"},{\"@type\":\"ListItem\",\"position\":2,\"name\":\"Butikk\",\"item\":\"https:\/\/mekulo.com\/no\/butikk\/\"},{\"@type\":\"ListItem\",\"position\":3,\"name\":\"Snackbeholder 2-i-1\"}]},{\"@type\":\"WebSite\",\"@id\":\"https:\/\/mekulo.com\/no\/#website\",\"url\":\"https:\/\/mekulo.com\/no\/\",\"name\":\"Mekulo NO\",\"description\":\"\",\"publisher\":{\"@id\":\"https:\/\/mekulo.com\/no\/#organization\"},\"potentialAction\":[{\"@type\":\"SearchAction\",\"target\":{\"@type\":\"EntryPoint\",\"urlTemplate\":\"https:\/\/mekulo.com\/no\/?s={search_term_string}\"},\"query-input\":{\"@type\":\"PropertyValueSpecification\",\"valueRequired\":true,\"valueName\":\"search_term_string\"}}],\"inLanguage\":\"nb-NO\"},{\"@type\":\"Organization\",\"@id\":\"https:\/\/mekulo.com\/no\/#organization\",\"name\":\"Mekulo\",\"url\":\"https:\/\/mekulo.com\/no\/\",\"logo\":{\"@type\":\"ImageObject\",\"inLanguage\":\"nb-NO\",\"@id\":\"https:\/\/mekulo.com\/no\/#\/schema\/logo\/image\/\",\"url\":\"https:\/\/mekulo.com\/no\/wp-content\/uploads\/sites\/10\/2025\/12\/favicon_mekulo.png\",\"contentUrl\":\"https:\/\/mekulo.com\/no\/wp-content\/uploads\/sites\/10\/2025\/12\/favicon_mekulo.png\",\"width\":50,\"height\":50,\"caption\":\"Mekulo\"},\"image\":{\"@id\":\"https:\/\/mekulo.com\/no\/#\/schema\/logo\/image\/\"}}]}<\/script>\n<!-- \/ Yoast SEO plugin. -->","yoast_head_json":{"title":"Snackbeholder 2-i-1 - Mekulo NO","robots":{"index":"index","follow":"follow","max-snippet":"max-snippet:-1","max-image-preview":"max-image-preview:large","max-video-preview":"max-video-preview:-1"},"canonical":"https:\/\/mekulo.com\/no\/produkt\/snackbeholder-2-i-1\/","og_locale":"nb_NO","og_type":"article","og_title":"Snackbeholder 2-i-1 - Mekulo NO","og_description":"\ud83c\udf47Denne 2-i-1-snacksbeholderen holder snacksen fersk samtidig som den holder hendene rene, noe som gj\u00f8r den perfekt for barn, reiser og travle dager. \ud83e\uded7Det myke silikonlokket gj\u00f8r at du kan ta snacks uten s\u00f8l, smuler eller klissete fingre - enten det er hjemme, i bilen eller p\u00e5 farten. \ud83d\udc67En smart snacksl\u00f8sning for foreldre, barn og alle som sm\u00e5spiser p\u00e5 farten.","og_url":"https:\/\/mekulo.com\/no\/produkt\/snackbeholder-2-i-1\/","og_site_name":"Mekulo NO","article_modified_time":"2026-01-13T17:12:12+00:00","og_image":[{"width":1000,"height":1000,"url":"https:\/\/mekulo.com\/no\/wp-content\/uploads\/sites\/10\/2026\/01\/e7zg3kx-1.webp","type":"image\/webp"}],"twitter_card":"summary_large_image","twitter_misc":{"Ansl. lesetid":"2 minutter"},"schema":{"@context":"https:\/\/schema.org","@graph":[{"@type":"WebPage","@id":"https:\/\/mekulo.com\/no\/produkt\/snackbeholder-2-i-1\/","url":"https:\/\/mekulo.com\/no\/produkt\/snackbeholder-2-i-1\/","name":"Snackbeholder 2-i-1 - Mekulo NO","isPartOf":{"@id":"https:\/\/mekulo.com\/no\/#website"},"primaryImageOfPage":{"@id":"https:\/\/mekulo.com\/no\/produkt\/snackbeholder-2-i-1\/#primaryimage"},"image":{"@id":"https:\/\/mekulo.com\/no\/produkt\/snackbeholder-2-i-1\/#primaryimage"},"thumbnailUrl":"https:\/\/mekulo.com\/no\/wp-content\/uploads\/sites\/10\/2026\/01\/e7zg3kx-1.webp","datePublished":"2026-01-13T15:34:01+00:00","dateModified":"2026-01-13T17:12:12+00:00","breadcrumb":{"@id":"https:\/\/mekulo.com\/no\/produkt\/snackbeholder-2-i-1\/#breadcrumb"},"inLanguage":"nb-NO","potentialAction":[{"@type":"ReadAction","target":["https:\/\/mekulo.com\/no\/produkt\/snackbeholder-2-i-1\/"]}]},{"@type":"ImageObject","inLanguage":"nb-NO","@id":"https:\/\/mekulo.com\/no\/produkt\/snackbeholder-2-i-1\/#primaryimage","url":"https:\/\/mekulo.com\/no\/wp-content\/uploads\/sites\/10\/2026\/01\/e7zg3kx-1.webp","contentUrl":"https:\/\/mekulo.com\/no\/wp-content\/uploads\/sites\/10\/2026\/01\/e7zg3kx-1.webp","width":1000,"height":1000},{"@type":"BreadcrumbList","@id":"https:\/\/mekulo.com\/no\/produkt\/snackbeholder-2-i-1\/#breadcrumb","itemListElement":[{"@type":"ListItem","position":1,"name":"Home","item":"https:\/\/mekulo.com\/no\/"},{"@type":"ListItem","position":2,"name":"Butikk","item":"https:\/\/mekulo.com\/no\/butikk\/"},{"@type":"ListItem","position":3,"name":"Snackbeholder 2-i-1"}]},{"@type":"WebSite","@id":"https:\/\/mekulo.com\/no\/#website","url":"https:\/\/mekulo.com\/no\/","name":"Mekulo NO","description":"","publisher":{"@id":"https:\/\/mekulo.com\/no\/#organization"},"potentialAction":[{"@type":"SearchAction","target":{"@type":"EntryPoint","urlTemplate":"https:\/\/mekulo.com\/no\/?s={search_term_string}"},"query-input":{"@type":"PropertyValueSpecification","valueRequired":true,"valueName":"search_term_string"}}],"inLanguage":"nb-NO"},{"@type":"Organization","@id":"https:\/\/mekulo.com\/no\/#organization","name":"Mekulo","url":"https:\/\/mekulo.com\/no\/","logo":{"@type":"ImageObject","inLanguage":"nb-NO","@id":"https:\/\/mekulo.com\/no\/#\/schema\/logo\/image\/","url":"https:\/\/mekulo.com\/no\/wp-content\/uploads\/sites\/10\/2025\/12\/favicon_mekulo.png","contentUrl":"https:\/\/mekulo.com\/no\/wp-content\/uploads\/sites\/10\/2025\/12\/favicon_mekulo.png","width":50,"height":50,"caption":"Mekulo"},"image":{"@id":"https:\/\/mekulo.com\/no\/#\/schema\/logo\/image\/"}}]}},"_links":{"self":[{"href":"https:\/\/mekulo.com\/no\/wp-json\/wp\/v2\/product\/17613","targetHints":{"allow":["GET"]}}],"collection":[{"href":"https:\/\/mekulo.com\/no\/wp-json\/wp\/v2\/product"}],"about":[{"href":"https:\/\/mekulo.com\/no\/wp-json\/wp\/v2\/types\/product"}],"replies":[{"embeddable":true,"href":"https:\/\/mekulo.com\/no\/wp-json\/wp\/v2\/comments?post=17613"}],"wp:featuredmedia":[{"embeddable":true,"href":"https:\/\/mekulo.com\/no\/wp-json\/wp\/v2\/media\/17609"}],"wp:attachment":[{"href":"https:\/\/mekulo.com\/no\/wp-json\/wp\/v2\/media?parent=17613"}],"wp:term":[{"taxonomy":"product_brand","embeddable":true,"href":"https:\/\/mekulo.com\/no\/wp-json\/wp\/v2\/product_brand?post=17613"},{"taxonomy":"product_cat","embeddable":true,"href":"https:\/\/mekulo.com\/no\/wp-json\/wp\/v2\/product_cat?post=17613"},{"taxonomy":"product_tag","embeddable":true,"href":"https:\/\/mekulo.com\/no\/wp-json\/wp\/v2\/product_tag?post=17613"}],"curies":[{"name":"wp","href":"https:\/\/api.w.org\/{rel}","templated":true}]}}