{"id":17603,"date":"2026-01-13T17:32:37","date_gmt":"2026-01-13T15:32:37","guid":{"rendered":"https:\/\/mekulo.com\/no\/produkt\/ballongsprengningsspill\/"},"modified":"2026-01-13T19:08:58","modified_gmt":"2026-01-13T17:08:58","slug":"ballongsprengningsspill","status":"publish","type":"product","link":"https:\/\/mekulo.com\/no\/produkt\/ballongsprengningsspill\/","title":{"rendered":"Ballongsprengningsspill"},"content":{"rendered":"<p style=\"text-align: center;\" data-start=\"0\" data-end=\"58\"><strong data-start=\"0\" data-end=\"58\">Skap spenning, latter og overraskelser i hver runde. \ud83c\udfaf<\/strong><\/p>\n<p data-start=\"0\" data-end=\"58\"><img decoding=\"async\" class=\"size-full wp-image-19985 aligncenter\" src=\"https:\/\/mekulo.com\/template\/wp-content\/uploads\/sites\/6\/2026\/01\/81cd2f4c7858398f564e6d2a23c16e8004f58730-700.avif\" alt=\"\" \/><\/p>\n<h2 style=\"text-align: center;\" data-start=\"297\" data-end=\"317\"><strong>Hovedfordeler<\/strong><\/h2>\n<p data-start=\"321\" data-end=\"382\">\ud83d\ude02 \u00d8yeblikkelig moro for grupper &#8211; Perfekt for 2 eller flere spillere.<\/p>\n<p data-start=\"385\" data-end=\"452\">\u23f1\ufe0f Raske og spennende runder &#8211; Lett \u00e5 spille om og om igjen.<\/p>\n<p data-start=\"455\" data-end=\"519\">\ud83c\udfaf Bygger fokus og mot &#8211; Hver runde \u00f8ker spenningen.<\/p>\n<p data-start=\"522\" data-end=\"589\">\ud83c\udf89 Perfekt sk\u00f8yerstrek-stil &#8211; Garantert latter og reaksjoner.<\/p>\n<p data-start=\"592\" data-end=\"657\">\ud83d\udc68\u200d\ud83d\udc69\u200d\ud83d\udc67\u200d\ud83d\udc66 Familie- og festvennlig &#8211; Passer for alle aldre.<\/p>\n<p data-start=\"592\" data-end=\"657\"><img decoding=\"async\" class=\"size-full wp-image-19984 aligncenter\" src=\"https:\/\/mekulo.com\/template\/wp-content\/uploads\/sites\/6\/2026\/01\/670b9d08fe4279d9583189fc5c10a56d4f1cdf50-700.avif\" alt=\"\" \/><\/p>\n<h2 style=\"text-align: center;\" data-start=\"664\" data-end=\"681\"><strong>Slik Bruker Du Det<\/strong><\/h2>\n<ol data-start=\"683\" data-end=\"932\">\n<li data-start=\"683\" data-end=\"731\">\n<p data-start=\"686\" data-end=\"731\">Sett opp spillet og plasser en ballong inni.<\/p>\n<\/li>\n<li data-start=\"732\" data-end=\"762\">\n<p data-start=\"735\" data-end=\"762\">Samle 2 eller flere spillere.<\/p>\n<\/li>\n<li data-start=\"763\" data-end=\"813\">\n<p data-start=\"766\" data-end=\"813\">Spillerne bytter p\u00e5 \u00e5 f\u00f8lge spillhandlingen.<\/p>\n<\/li>\n<li data-start=\"814\" data-end=\"857\">\n<p data-start=\"817\" data-end=\"857\">Spilleren som spretter ballongen taper.<\/p>\n<\/li>\n<li data-start=\"858\" data-end=\"932\">\n<p data-start=\"861\" data-end=\"932\">Vinnerne nyter seieren mens taperen aksepterer den morsomme straffen.<\/p>\n<\/li>\n<\/ol>\n<h2 style=\"text-align: center;\" data-start=\"939\" data-end=\"961\"><strong>Produktdetaljer<\/strong><\/h2>\n<ul data-start=\"963\" data-end=\"1157\">\n<li data-start=\"1000\" data-end=\"1039\">\n<p data-start=\"1002\" data-end=\"1039\">Spilltype: Fest og sprell brettspill<\/p>\n<\/li>\n<li data-start=\"1040\" data-end=\"1062\">\n<p data-start=\"1042\" data-end=\"1062\">Spillere: 2 eller flere<\/p>\n<\/li>\n<li data-start=\"1063\" data-end=\"1101\">\n<p data-start=\"1065\" data-end=\"1101\">Spillstil: Turbasert, flaksbasert<\/p>\n<\/li>\n<li data-start=\"1102\" data-end=\"1157\">\n<p data-start=\"1104\" data-end=\"1157\">Anbefalt bruk: Familiekvelder, fester, sammenkomster<\/p>\n<\/li>\n<\/ul>\n<h2 style=\"text-align: center;\" data-start=\"1164\" data-end=\"1187\"><strong>Pakken inneholder<\/strong><\/h2>\n<ul data-start=\"1189\" data-end=\"1257\">\n<li data-start=\"1189\" data-end=\"1219\">\n<p data-start=\"1191\" data-end=\"1219\">1x ballongbrett<\/p>\n<\/li>\n<li data-start=\"1189\" data-end=\"1219\">\n<p data-start=\"1191\" data-end=\"1219\">1x koblingsklips<\/p>\n<\/li>\n<li data-start=\"1189\" data-end=\"1219\">\n<p data-start=\"1191\" data-end=\"1219\">10x ballonger<\/p>\n<\/li>\n<li data-start=\"1189\" data-end=\"1219\">\n<p data-start=\"1191\" data-end=\"1219\">9x pinner.<\/p>\n<\/li>\n<\/ul>\n","protected":false},"excerpt":{"rendered":"<p>\ud83c\udf88Dette ballongsprengningsspillet er et morsomt og spennende festspill der flaks, mot og fokus avgj\u00f8r vinneren.<br \/>\n\ud83d\udc68\u200d\ud83d\udc69\u200d\ud83d\udc67\u200d\ud83d\udc66One feil trekk kan sprenge ballongen og utl\u00f8se latter, noe som gj\u00f8r det perfekt for familiekvelder, fester og vennlige utfordringer.<br \/>\n\ud83c\udfaeEt enkelt, spennende spill som gj\u00f8r hvert \u00f8yeblikk til latter og spenning.<\/p>\n","protected":false},"featured_media":17599,"comment_status":"open","ping_status":"closed","template":"","meta":{"site-sidebar-layout":"default","site-content-layout":"","ast-site-content-layout":"default","site-content-style":"default","site-sidebar-style":"default","ast-global-header-display":"","ast-banner-title-visibility":"","ast-main-header-display":"","ast-hfb-above-header-display":"","ast-hfb-below-header-display":"","ast-hfb-mobile-header-display":"","site-post-title":"","ast-breadcrumbs-content":"","ast-featured-img":"","footer-sml-layout":"","theme-transparent-header-meta":"default","adv-header-id-meta":"","stick-header-meta":"","header-above-stick-meta":"","header-main-stick-meta":"","header-below-stick-meta":"","astra-migrate-meta-layouts":"set","ast-page-background-enabled":"default","ast-page-background-meta":{"desktop":{"background-color":"var(--ast-global-color-5)","background-image":"","background-repeat":"repeat","background-position":"center center","background-size":"auto","background-attachment":"scroll","background-type":"","background-media":"","overlay-type":"","overlay-color":"","overlay-opacity":"","overlay-gradient":""},"tablet":{"background-color":"","background-image":"","background-repeat":"repeat","background-position":"center center","background-size":"auto","background-attachment":"scroll","background-type":"","background-media":"","overlay-type":"","overlay-color":"","overlay-opacity":"","overlay-gradient":""},"mobile":{"background-color":"","background-image":"","background-repeat":"repeat","background-position":"center center","background-size":"auto","background-attachment":"scroll","background-type":"","background-media":"","overlay-type":"","overlay-color":"","overlay-opacity":"","overlay-gradient":""}},"ast-content-background-meta":{"desktop":{"background-color":"var(--ast-global-color-4)","background-image":"","background-repeat":"repeat","background-position":"center center","background-size":"auto","background-attachment":"scroll","background-type":"","background-media":"","overlay-type":"","overlay-color":"","overlay-opacity":"","overlay-gradient":""},"tablet":{"background-color":"var(--ast-global-color-4)","background-image":"","background-repeat":"repeat","background-position":"center center","background-size":"auto","background-attachment":"scroll","background-type":"","background-media":"","overlay-type":"","overlay-color":"","overlay-opacity":"","overlay-gradient":""},"mobile":{"background-color":"var(--ast-global-color-4)","background-image":"","background-repeat":"repeat","background-position":"center center","background-size":"auto","background-attachment":"scroll","background-type":"","background-media":"","overlay-type":"","overlay-color":"","overlay-opacity":"","overlay-gradient":""}}},"product_brand":[],"product_cat":[172],"product_tag":[],"class_list":{"0":"post-17603","1":"product","2":"type-product","3":"status-publish","4":"has-post-thumbnail","6":"product_cat-leker-barne-og-babyprodukter","7":"desktop-align-left","8":"tablet-align-left","9":"mobile-align-left","11":"first","12":"instock","13":"shipping-taxable","14":"purchasable","15":"product-type-simple"},"yoast_head":"<!-- This site is optimized with the Yoast SEO plugin v26.6 - https:\/\/yoast.com\/wordpress\/plugins\/seo\/ -->\n<title>Ballongsprengningsspill - Mekulo NO<\/title>\n<meta name=\"robots\" content=\"index, follow, max-snippet:-1, max-image-preview:large, max-video-preview:-1\" \/>\n<link rel=\"canonical\" href=\"https:\/\/mekulo.com\/no\/produkt\/ballongsprengningsspill\/\" \/>\n<meta property=\"og:locale\" content=\"nb_NO\" \/>\n<meta property=\"og:type\" content=\"article\" \/>\n<meta property=\"og:title\" content=\"Ballongsprengningsspill - Mekulo NO\" \/>\n<meta property=\"og:description\" content=\"\ud83c\udf88Dette ballongsprengningsspillet er et morsomt og spennende festspill der flaks, mot og fokus avgj\u00f8r vinneren. \ud83d\udc68\u200d\ud83d\udc69\u200d\ud83d\udc67\u200d\ud83d\udc66One feil trekk kan sprenge ballongen og utl\u00f8se latter, noe som gj\u00f8r det perfekt for familiekvelder, fester og vennlige utfordringer. \ud83c\udfaeEt enkelt, spennende spill som gj\u00f8r hvert \u00f8yeblikk til latter og spenning.\" \/>\n<meta property=\"og:url\" content=\"https:\/\/mekulo.com\/no\/produkt\/ballongsprengningsspill\/\" \/>\n<meta property=\"og:site_name\" content=\"Mekulo NO\" \/>\n<meta property=\"article:modified_time\" content=\"2026-01-13T17:08:58+00:00\" \/>\n<meta property=\"og:image\" content=\"https:\/\/mekulo.com\/no\/wp-content\/uploads\/sites\/10\/2026\/01\/vzctmw8-1.jpg\" \/>\n\t<meta property=\"og:image:width\" content=\"700\" \/>\n\t<meta property=\"og:image:height\" content=\"700\" \/>\n\t<meta property=\"og:image:type\" content=\"image\/jpeg\" \/>\n<meta name=\"twitter:card\" content=\"summary_large_image\" \/>\n<meta name=\"twitter:label1\" content=\"Ansl. lesetid\" \/>\n\t<meta name=\"twitter:data1\" content=\"2 minutter\" \/>\n<script type=\"application\/ld+json\" class=\"yoast-schema-graph\">{\"@context\":\"https:\/\/schema.org\",\"@graph\":[{\"@type\":\"WebPage\",\"@id\":\"https:\/\/mekulo.com\/no\/produkt\/ballongsprengningsspill\/\",\"url\":\"https:\/\/mekulo.com\/no\/produkt\/ballongsprengningsspill\/\",\"name\":\"Ballongsprengningsspill - Mekulo NO\",\"isPartOf\":{\"@id\":\"https:\/\/mekulo.com\/no\/#website\"},\"primaryImageOfPage\":{\"@id\":\"https:\/\/mekulo.com\/no\/produkt\/ballongsprengningsspill\/#primaryimage\"},\"image\":{\"@id\":\"https:\/\/mekulo.com\/no\/produkt\/ballongsprengningsspill\/#primaryimage\"},\"thumbnailUrl\":\"https:\/\/mekulo.com\/no\/wp-content\/uploads\/sites\/10\/2026\/01\/vzctmw8-1.jpg\",\"datePublished\":\"2026-01-13T15:32:37+00:00\",\"dateModified\":\"2026-01-13T17:08:58+00:00\",\"breadcrumb\":{\"@id\":\"https:\/\/mekulo.com\/no\/produkt\/ballongsprengningsspill\/#breadcrumb\"},\"inLanguage\":\"nb-NO\",\"potentialAction\":[{\"@type\":\"ReadAction\",\"target\":[\"https:\/\/mekulo.com\/no\/produkt\/ballongsprengningsspill\/\"]}]},{\"@type\":\"ImageObject\",\"inLanguage\":\"nb-NO\",\"@id\":\"https:\/\/mekulo.com\/no\/produkt\/ballongsprengningsspill\/#primaryimage\",\"url\":\"https:\/\/mekulo.com\/no\/wp-content\/uploads\/sites\/10\/2026\/01\/vzctmw8-1.jpg\",\"contentUrl\":\"https:\/\/mekulo.com\/no\/wp-content\/uploads\/sites\/10\/2026\/01\/vzctmw8-1.jpg\",\"width\":700,\"height\":700},{\"@type\":\"BreadcrumbList\",\"@id\":\"https:\/\/mekulo.com\/no\/produkt\/ballongsprengningsspill\/#breadcrumb\",\"itemListElement\":[{\"@type\":\"ListItem\",\"position\":1,\"name\":\"Home\",\"item\":\"https:\/\/mekulo.com\/no\/\"},{\"@type\":\"ListItem\",\"position\":2,\"name\":\"Butikk\",\"item\":\"https:\/\/mekulo.com\/no\/butikk\/\"},{\"@type\":\"ListItem\",\"position\":3,\"name\":\"Ballongsprengningsspill\"}]},{\"@type\":\"WebSite\",\"@id\":\"https:\/\/mekulo.com\/no\/#website\",\"url\":\"https:\/\/mekulo.com\/no\/\",\"name\":\"Mekulo NO\",\"description\":\"\",\"publisher\":{\"@id\":\"https:\/\/mekulo.com\/no\/#organization\"},\"potentialAction\":[{\"@type\":\"SearchAction\",\"target\":{\"@type\":\"EntryPoint\",\"urlTemplate\":\"https:\/\/mekulo.com\/no\/?s={search_term_string}\"},\"query-input\":{\"@type\":\"PropertyValueSpecification\",\"valueRequired\":true,\"valueName\":\"search_term_string\"}}],\"inLanguage\":\"nb-NO\"},{\"@type\":\"Organization\",\"@id\":\"https:\/\/mekulo.com\/no\/#organization\",\"name\":\"Mekulo\",\"url\":\"https:\/\/mekulo.com\/no\/\",\"logo\":{\"@type\":\"ImageObject\",\"inLanguage\":\"nb-NO\",\"@id\":\"https:\/\/mekulo.com\/no\/#\/schema\/logo\/image\/\",\"url\":\"https:\/\/mekulo.com\/no\/wp-content\/uploads\/sites\/10\/2025\/12\/favicon_mekulo.png\",\"contentUrl\":\"https:\/\/mekulo.com\/no\/wp-content\/uploads\/sites\/10\/2025\/12\/favicon_mekulo.png\",\"width\":50,\"height\":50,\"caption\":\"Mekulo\"},\"image\":{\"@id\":\"https:\/\/mekulo.com\/no\/#\/schema\/logo\/image\/\"}}]}<\/script>\n<!-- \/ Yoast SEO plugin. -->","yoast_head_json":{"title":"Ballongsprengningsspill - Mekulo NO","robots":{"index":"index","follow":"follow","max-snippet":"max-snippet:-1","max-image-preview":"max-image-preview:large","max-video-preview":"max-video-preview:-1"},"canonical":"https:\/\/mekulo.com\/no\/produkt\/ballongsprengningsspill\/","og_locale":"nb_NO","og_type":"article","og_title":"Ballongsprengningsspill - Mekulo NO","og_description":"\ud83c\udf88Dette ballongsprengningsspillet er et morsomt og spennende festspill der flaks, mot og fokus avgj\u00f8r vinneren. \ud83d\udc68\u200d\ud83d\udc69\u200d\ud83d\udc67\u200d\ud83d\udc66One feil trekk kan sprenge ballongen og utl\u00f8se latter, noe som gj\u00f8r det perfekt for familiekvelder, fester og vennlige utfordringer. \ud83c\udfaeEt enkelt, spennende spill som gj\u00f8r hvert \u00f8yeblikk til latter og spenning.","og_url":"https:\/\/mekulo.com\/no\/produkt\/ballongsprengningsspill\/","og_site_name":"Mekulo NO","article_modified_time":"2026-01-13T17:08:58+00:00","og_image":[{"width":700,"height":700,"url":"https:\/\/mekulo.com\/no\/wp-content\/uploads\/sites\/10\/2026\/01\/vzctmw8-1.jpg","type":"image\/jpeg"}],"twitter_card":"summary_large_image","twitter_misc":{"Ansl. lesetid":"2 minutter"},"schema":{"@context":"https:\/\/schema.org","@graph":[{"@type":"WebPage","@id":"https:\/\/mekulo.com\/no\/produkt\/ballongsprengningsspill\/","url":"https:\/\/mekulo.com\/no\/produkt\/ballongsprengningsspill\/","name":"Ballongsprengningsspill - Mekulo NO","isPartOf":{"@id":"https:\/\/mekulo.com\/no\/#website"},"primaryImageOfPage":{"@id":"https:\/\/mekulo.com\/no\/produkt\/ballongsprengningsspill\/#primaryimage"},"image":{"@id":"https:\/\/mekulo.com\/no\/produkt\/ballongsprengningsspill\/#primaryimage"},"thumbnailUrl":"https:\/\/mekulo.com\/no\/wp-content\/uploads\/sites\/10\/2026\/01\/vzctmw8-1.jpg","datePublished":"2026-01-13T15:32:37+00:00","dateModified":"2026-01-13T17:08:58+00:00","breadcrumb":{"@id":"https:\/\/mekulo.com\/no\/produkt\/ballongsprengningsspill\/#breadcrumb"},"inLanguage":"nb-NO","potentialAction":[{"@type":"ReadAction","target":["https:\/\/mekulo.com\/no\/produkt\/ballongsprengningsspill\/"]}]},{"@type":"ImageObject","inLanguage":"nb-NO","@id":"https:\/\/mekulo.com\/no\/produkt\/ballongsprengningsspill\/#primaryimage","url":"https:\/\/mekulo.com\/no\/wp-content\/uploads\/sites\/10\/2026\/01\/vzctmw8-1.jpg","contentUrl":"https:\/\/mekulo.com\/no\/wp-content\/uploads\/sites\/10\/2026\/01\/vzctmw8-1.jpg","width":700,"height":700},{"@type":"BreadcrumbList","@id":"https:\/\/mekulo.com\/no\/produkt\/ballongsprengningsspill\/#breadcrumb","itemListElement":[{"@type":"ListItem","position":1,"name":"Home","item":"https:\/\/mekulo.com\/no\/"},{"@type":"ListItem","position":2,"name":"Butikk","item":"https:\/\/mekulo.com\/no\/butikk\/"},{"@type":"ListItem","position":3,"name":"Ballongsprengningsspill"}]},{"@type":"WebSite","@id":"https:\/\/mekulo.com\/no\/#website","url":"https:\/\/mekulo.com\/no\/","name":"Mekulo NO","description":"","publisher":{"@id":"https:\/\/mekulo.com\/no\/#organization"},"potentialAction":[{"@type":"SearchAction","target":{"@type":"EntryPoint","urlTemplate":"https:\/\/mekulo.com\/no\/?s={search_term_string}"},"query-input":{"@type":"PropertyValueSpecification","valueRequired":true,"valueName":"search_term_string"}}],"inLanguage":"nb-NO"},{"@type":"Organization","@id":"https:\/\/mekulo.com\/no\/#organization","name":"Mekulo","url":"https:\/\/mekulo.com\/no\/","logo":{"@type":"ImageObject","inLanguage":"nb-NO","@id":"https:\/\/mekulo.com\/no\/#\/schema\/logo\/image\/","url":"https:\/\/mekulo.com\/no\/wp-content\/uploads\/sites\/10\/2025\/12\/favicon_mekulo.png","contentUrl":"https:\/\/mekulo.com\/no\/wp-content\/uploads\/sites\/10\/2025\/12\/favicon_mekulo.png","width":50,"height":50,"caption":"Mekulo"},"image":{"@id":"https:\/\/mekulo.com\/no\/#\/schema\/logo\/image\/"}}]}},"_links":{"self":[{"href":"https:\/\/mekulo.com\/no\/wp-json\/wp\/v2\/product\/17603","targetHints":{"allow":["GET"]}}],"collection":[{"href":"https:\/\/mekulo.com\/no\/wp-json\/wp\/v2\/product"}],"about":[{"href":"https:\/\/mekulo.com\/no\/wp-json\/wp\/v2\/types\/product"}],"replies":[{"embeddable":true,"href":"https:\/\/mekulo.com\/no\/wp-json\/wp\/v2\/comments?post=17603"}],"wp:featuredmedia":[{"embeddable":true,"href":"https:\/\/mekulo.com\/no\/wp-json\/wp\/v2\/media\/17599"}],"wp:attachment":[{"href":"https:\/\/mekulo.com\/no\/wp-json\/wp\/v2\/media?parent=17603"}],"wp:term":[{"taxonomy":"product_brand","embeddable":true,"href":"https:\/\/mekulo.com\/no\/wp-json\/wp\/v2\/product_brand?post=17603"},{"taxonomy":"product_cat","embeddable":true,"href":"https:\/\/mekulo.com\/no\/wp-json\/wp\/v2\/product_cat?post=17603"},{"taxonomy":"product_tag","embeddable":true,"href":"https:\/\/mekulo.com\/no\/wp-json\/wp\/v2\/product_tag?post=17603"}],"curies":[{"name":"wp","href":"https:\/\/api.w.org\/{rel}","templated":true}]}}