{"id":17586,"date":"2026-01-13T17:31:26","date_gmt":"2026-01-13T15:31:26","guid":{"rendered":"https:\/\/mekulo.com\/no\/produkt\/gronnsaksrivjern-med-handsveiv\/"},"modified":"2026-01-13T19:06:31","modified_gmt":"2026-01-13T17:06:31","slug":"gronnsaksrivjern-med-handsveiv","status":"publish","type":"product","link":"https:\/\/mekulo.com\/no\/produkt\/gronnsaksrivjern-med-handsveiv\/","title":{"rendered":"Gr\u00f8nnsaksrivjern med h\u00e5ndsveiv"},"content":{"rendered":"<p style=\"text-align: center;\" data-start=\"0\" data-end=\"67\"><strong data-start=\"0\" data-end=\"67\">Riv og skj\u00e6r ingredienser raskt, trygt og med mindre anstrengelse. \ud83e\udd55<\/strong><\/p>\n<p data-start=\"0\" data-end=\"67\"><img fetchpriority=\"high\" decoding=\"async\" class=\"size-full wp-image-19252 aligncenter\" src=\"https:\/\/mekulo.com\/template\/wp-content\/uploads\/sites\/6\/2026\/01\/S3f61363767b440668c938ed455860e265.jpg_960x960q75.jpg_.jpg\" alt=\"\" width=\"1080\" height=\"1080\" \/><\/p>\n<h2 style=\"text-align: center;\" data-start=\"303\" data-end=\"322\"><strong>Hovedfordeler<\/strong><\/h2>\n<p data-start=\"326\" data-end=\"389\">\ud83e\uddc0 Rask manuell riving &#8211; gj\u00f8r det raskere \u00e5 hakke og strimle.<\/p>\n<p data-start=\"392\" data-end=\"454\">\u270b Sikkert design med h\u00e5ndsveiv &#8211; ingen direkte kontakt med knivene.<\/p>\n<p data-start=\"457\" data-end=\"522\">\ud83d\udd04 5 utskiftbare kniver &#8211; skj\u00e6rer, strimler og river enkelt.<\/p>\n<p data-start=\"525\" data-end=\"590\">\ud83e\uddf2 Sterk sugebase &#8211; holder seg stabil p\u00e5 glatte benkeplater.<\/p>\n<p data-start=\"593\" data-end=\"657\">\ud83e\uddfc Lett \u00e5 rengj\u00f8re &#8211; Avtakbare deler for rask vask.<\/p>\n<p data-start=\"593\" data-end=\"657\"><img decoding=\"async\" class=\"size-full wp-image-19254 aligncenter\" src=\"https:\/\/mekulo.com\/template\/wp-content\/uploads\/sites\/6\/2026\/01\/5d5fd0a57bfe145c3f3d5c1a8e7e4431f60d98e9.jpg\" alt=\"\" width=\"1080\" height=\"525\" \/><\/p>\n<h2 style=\"text-align: center;\" data-start=\"664\" data-end=\"681\"><strong>Slik Bruker Du Det<\/strong><\/h2>\n<ol data-start=\"683\" data-end=\"891\">\n<li data-start=\"683\" data-end=\"735\">\n<p data-start=\"686\" data-end=\"735\">Plasser rivjernet p\u00e5 en ren, glatt benkeplate.<\/p>\n<\/li>\n<li data-start=\"736\" data-end=\"781\">\n<p data-start=\"739\" data-end=\"781\">Trykk ned for \u00e5 aktivere sugebasen.<\/p>\n<\/li>\n<li data-start=\"782\" data-end=\"812\">\n<p data-start=\"785\" data-end=\"812\">Sett inn \u00f8nsket blad.<\/p>\n<\/li>\n<li data-start=\"813\" data-end=\"842\">\n<p data-start=\"816\" data-end=\"842\">Legg maten i sjakten.<\/p>\n<\/li>\n<li data-start=\"843\" data-end=\"891\">\n<p data-start=\"846\" data-end=\"891\">Vri h\u00e5ndtaket for \u00e5 rive eller skj\u00e6re jevnt.<\/p>\n<\/li>\n<\/ol>\n<h2 style=\"text-align: center;\" data-start=\"898\" data-end=\"920\"><strong>Produktdetaljer<\/strong><\/h2>\n<ul data-start=\"922\" data-end=\"1185\">\n<li data-start=\"965\" data-end=\"995\">\n<p data-start=\"967\" data-end=\"995\">Type: Manuelt roterende rivjern<\/p>\n<\/li>\n<li data-start=\"996\" data-end=\"1041\">\n<p data-start=\"998\" data-end=\"1041\">Materiale: PP + 430 kniver i rustfritt st\u00e5l<\/p>\n<\/li>\n<li data-start=\"1042\" data-end=\"1068\">\n<p data-start=\"1044\" data-end=\"1068\">Vekt: Ca. 1200 g<\/p>\n<\/li>\n<li data-start=\"1069\" data-end=\"1132\">\n<p data-start=\"1071\" data-end=\"1132\">Egnet for: Ost, gr\u00f8nnsaker, sjokolade, n\u00f8tter og mer<\/p>\n<\/li>\n<li data-start=\"1133\" data-end=\"1185\">\n<p data-start=\"1135\" data-end=\"1185\">Funksjoner: BPA-fri, sikker design, kompakt oppbevaring<\/p>\n<\/li>\n<li data-start=\"1133\" data-end=\"1185\">St\u00f8rrelse: 28 x 24 x 13 cm<\/li>\n<\/ul>\n<h2 style=\"text-align: center;\" data-start=\"1192\" data-end=\"1215\"><strong>Pakken inkluderer<\/strong><\/h2>\n<ul data-start=\"1217\" data-end=\"1279\">\n<li data-start=\"1217\" data-end=\"1252\">\n<p data-start=\"1219\" data-end=\"1252\">1x gr\u00f8nnsaksrivjern med h\u00e5ndsveiv<\/p>\n<\/li>\n<li data-start=\"1253\" data-end=\"1279\">\n<p data-start=\"1255\" data-end=\"1279\">5x utskiftbare kniver.<\/p>\n<\/li>\n<\/ul>\n","protected":false},"excerpt":{"rendered":"<p>\ud83e\uddc0Dette h\u00e5ndsveivede gr\u00f8nnsaksrivjernet hjelper deg med \u00e5 tilberede mat opptil 12 ganger raskere, samtidig som du holder hendene unna skarpe kniver.<br \/>\n\ud83e\uded1Med en sterk sugebase og utskiftbare kniver gj\u00f8r det den daglige matlagingen enkel, trygg og effektiv.<br \/>\n\ud83d\udc69\u200d\ud83c\udf73A trygt, kraftig og tidsbesparende kj\u00f8kkenverkt\u00f8y for daglig matlaging.<\/p>\n","protected":false},"featured_media":17582,"comment_status":"open","ping_status":"closed","template":"","meta":{"site-sidebar-layout":"default","site-content-layout":"","ast-site-content-layout":"default","site-content-style":"default","site-sidebar-style":"default","ast-global-header-display":"","ast-banner-title-visibility":"","ast-main-header-display":"","ast-hfb-above-header-display":"","ast-hfb-below-header-display":"","ast-hfb-mobile-header-display":"","site-post-title":"","ast-breadcrumbs-content":"","ast-featured-img":"","footer-sml-layout":"","theme-transparent-header-meta":"default","adv-header-id-meta":"","stick-header-meta":"","header-above-stick-meta":"","header-main-stick-meta":"","header-below-stick-meta":"","astra-migrate-meta-layouts":"set","ast-page-background-enabled":"default","ast-page-background-meta":{"desktop":{"background-color":"var(--ast-global-color-5)","background-image":"","background-repeat":"repeat","background-position":"center center","background-size":"auto","background-attachment":"scroll","background-type":"","background-media":"","overlay-type":"","overlay-color":"","overlay-opacity":"","overlay-gradient":""},"tablet":{"background-color":"","background-image":"","background-repeat":"repeat","background-position":"center center","background-size":"auto","background-attachment":"scroll","background-type":"","background-media":"","overlay-type":"","overlay-color":"","overlay-opacity":"","overlay-gradient":""},"mobile":{"background-color":"","background-image":"","background-repeat":"repeat","background-position":"center center","background-size":"auto","background-attachment":"scroll","background-type":"","background-media":"","overlay-type":"","overlay-color":"","overlay-opacity":"","overlay-gradient":""}},"ast-content-background-meta":{"desktop":{"background-color":"var(--ast-global-color-4)","background-image":"","background-repeat":"repeat","background-position":"center center","background-size":"auto","background-attachment":"scroll","background-type":"","background-media":"","overlay-type":"","overlay-color":"","overlay-opacity":"","overlay-gradient":""},"tablet":{"background-color":"var(--ast-global-color-4)","background-image":"","background-repeat":"repeat","background-position":"center center","background-size":"auto","background-attachment":"scroll","background-type":"","background-media":"","overlay-type":"","overlay-color":"","overlay-opacity":"","overlay-gradient":""},"mobile":{"background-color":"var(--ast-global-color-4)","background-image":"","background-repeat":"repeat","background-position":"center center","background-size":"auto","background-attachment":"scroll","background-type":"","background-media":"","overlay-type":"","overlay-color":"","overlay-opacity":"","overlay-gradient":""}}},"product_brand":[],"product_cat":[15],"product_tag":[],"class_list":{"0":"post-17586","1":"product","2":"type-product","3":"status-publish","4":"has-post-thumbnail","6":"product_cat-uncategorized","7":"pa_66947_zg9d8vua-gronn","8":"pa_66947_zg9d8vua-hvit","9":"desktop-align-left","10":"tablet-align-left","11":"mobile-align-left","13":"first","14":"instock","15":"shipping-taxable","16":"purchasable","17":"product-type-variable"},"yoast_head":"<!-- This site is optimized with the Yoast SEO plugin v26.6 - https:\/\/yoast.com\/wordpress\/plugins\/seo\/ -->\n<title>Gr\u00f8nnsaksrivjern med h\u00e5ndsveiv - Mekulo NO<\/title>\n<meta name=\"robots\" content=\"index, follow, max-snippet:-1, max-image-preview:large, max-video-preview:-1\" \/>\n<link rel=\"canonical\" href=\"https:\/\/mekulo.com\/no\/produkt\/gronnsaksrivjern-med-handsveiv\/\" \/>\n<meta property=\"og:locale\" content=\"nb_NO\" \/>\n<meta property=\"og:type\" content=\"article\" \/>\n<meta property=\"og:title\" content=\"Gr\u00f8nnsaksrivjern med h\u00e5ndsveiv - Mekulo NO\" \/>\n<meta property=\"og:description\" content=\"\ud83e\uddc0Dette h\u00e5ndsveivede gr\u00f8nnsaksrivjernet hjelper deg med \u00e5 tilberede mat opptil 12 ganger raskere, samtidig som du holder hendene unna skarpe kniver. \ud83e\uded1Med en sterk sugebase og utskiftbare kniver gj\u00f8r det den daglige matlagingen enkel, trygg og effektiv. \ud83d\udc69\u200d\ud83c\udf73A trygt, kraftig og tidsbesparende kj\u00f8kkenverkt\u00f8y for daglig matlaging.\" \/>\n<meta property=\"og:url\" content=\"https:\/\/mekulo.com\/no\/produkt\/gronnsaksrivjern-med-handsveiv\/\" \/>\n<meta property=\"og:site_name\" content=\"Mekulo NO\" \/>\n<meta property=\"article:modified_time\" content=\"2026-01-13T17:06:31+00:00\" \/>\n<meta property=\"og:image\" content=\"https:\/\/mekulo.com\/no\/wp-content\/uploads\/sites\/10\/2026\/01\/ltxzs3w-1.jpg\" \/>\n\t<meta property=\"og:image:width\" content=\"800\" \/>\n\t<meta property=\"og:image:height\" content=\"800\" \/>\n\t<meta property=\"og:image:type\" content=\"image\/jpeg\" \/>\n<meta name=\"twitter:card\" content=\"summary_large_image\" \/>\n<meta name=\"twitter:label1\" content=\"Ansl. lesetid\" \/>\n\t<meta name=\"twitter:data1\" content=\"2 minutter\" \/>\n<script type=\"application\/ld+json\" class=\"yoast-schema-graph\">{\"@context\":\"https:\/\/schema.org\",\"@graph\":[{\"@type\":\"WebPage\",\"@id\":\"https:\/\/mekulo.com\/no\/produkt\/gronnsaksrivjern-med-handsveiv\/\",\"url\":\"https:\/\/mekulo.com\/no\/produkt\/gronnsaksrivjern-med-handsveiv\/\",\"name\":\"Gr\u00f8nnsaksrivjern med h\u00e5ndsveiv - Mekulo NO\",\"isPartOf\":{\"@id\":\"https:\/\/mekulo.com\/no\/#website\"},\"primaryImageOfPage\":{\"@id\":\"https:\/\/mekulo.com\/no\/produkt\/gronnsaksrivjern-med-handsveiv\/#primaryimage\"},\"image\":{\"@id\":\"https:\/\/mekulo.com\/no\/produkt\/gronnsaksrivjern-med-handsveiv\/#primaryimage\"},\"thumbnailUrl\":\"https:\/\/mekulo.com\/no\/wp-content\/uploads\/sites\/10\/2026\/01\/ltxzs3w-1.jpg\",\"datePublished\":\"2026-01-13T15:31:26+00:00\",\"dateModified\":\"2026-01-13T17:06:31+00:00\",\"breadcrumb\":{\"@id\":\"https:\/\/mekulo.com\/no\/produkt\/gronnsaksrivjern-med-handsveiv\/#breadcrumb\"},\"inLanguage\":\"nb-NO\",\"potentialAction\":[{\"@type\":\"ReadAction\",\"target\":[\"https:\/\/mekulo.com\/no\/produkt\/gronnsaksrivjern-med-handsveiv\/\"]}]},{\"@type\":\"ImageObject\",\"inLanguage\":\"nb-NO\",\"@id\":\"https:\/\/mekulo.com\/no\/produkt\/gronnsaksrivjern-med-handsveiv\/#primaryimage\",\"url\":\"https:\/\/mekulo.com\/no\/wp-content\/uploads\/sites\/10\/2026\/01\/ltxzs3w-1.jpg\",\"contentUrl\":\"https:\/\/mekulo.com\/no\/wp-content\/uploads\/sites\/10\/2026\/01\/ltxzs3w-1.jpg\",\"width\":800,\"height\":800},{\"@type\":\"BreadcrumbList\",\"@id\":\"https:\/\/mekulo.com\/no\/produkt\/gronnsaksrivjern-med-handsveiv\/#breadcrumb\",\"itemListElement\":[{\"@type\":\"ListItem\",\"position\":1,\"name\":\"Home\",\"item\":\"https:\/\/mekulo.com\/no\/\"},{\"@type\":\"ListItem\",\"position\":2,\"name\":\"Butikk\",\"item\":\"https:\/\/mekulo.com\/no\/butikk\/\"},{\"@type\":\"ListItem\",\"position\":3,\"name\":\"Gr\u00f8nnsaksrivjern med h\u00e5ndsveiv\"}]},{\"@type\":\"WebSite\",\"@id\":\"https:\/\/mekulo.com\/no\/#website\",\"url\":\"https:\/\/mekulo.com\/no\/\",\"name\":\"Mekulo NO\",\"description\":\"\",\"publisher\":{\"@id\":\"https:\/\/mekulo.com\/no\/#organization\"},\"potentialAction\":[{\"@type\":\"SearchAction\",\"target\":{\"@type\":\"EntryPoint\",\"urlTemplate\":\"https:\/\/mekulo.com\/no\/?s={search_term_string}\"},\"query-input\":{\"@type\":\"PropertyValueSpecification\",\"valueRequired\":true,\"valueName\":\"search_term_string\"}}],\"inLanguage\":\"nb-NO\"},{\"@type\":\"Organization\",\"@id\":\"https:\/\/mekulo.com\/no\/#organization\",\"name\":\"Mekulo\",\"url\":\"https:\/\/mekulo.com\/no\/\",\"logo\":{\"@type\":\"ImageObject\",\"inLanguage\":\"nb-NO\",\"@id\":\"https:\/\/mekulo.com\/no\/#\/schema\/logo\/image\/\",\"url\":\"https:\/\/mekulo.com\/no\/wp-content\/uploads\/sites\/10\/2025\/12\/favicon_mekulo.png\",\"contentUrl\":\"https:\/\/mekulo.com\/no\/wp-content\/uploads\/sites\/10\/2025\/12\/favicon_mekulo.png\",\"width\":50,\"height\":50,\"caption\":\"Mekulo\"},\"image\":{\"@id\":\"https:\/\/mekulo.com\/no\/#\/schema\/logo\/image\/\"}}]}<\/script>\n<!-- \/ Yoast SEO plugin. -->","yoast_head_json":{"title":"Gr\u00f8nnsaksrivjern med h\u00e5ndsveiv - Mekulo NO","robots":{"index":"index","follow":"follow","max-snippet":"max-snippet:-1","max-image-preview":"max-image-preview:large","max-video-preview":"max-video-preview:-1"},"canonical":"https:\/\/mekulo.com\/no\/produkt\/gronnsaksrivjern-med-handsveiv\/","og_locale":"nb_NO","og_type":"article","og_title":"Gr\u00f8nnsaksrivjern med h\u00e5ndsveiv - Mekulo NO","og_description":"\ud83e\uddc0Dette h\u00e5ndsveivede gr\u00f8nnsaksrivjernet hjelper deg med \u00e5 tilberede mat opptil 12 ganger raskere, samtidig som du holder hendene unna skarpe kniver. \ud83e\uded1Med en sterk sugebase og utskiftbare kniver gj\u00f8r det den daglige matlagingen enkel, trygg og effektiv. \ud83d\udc69\u200d\ud83c\udf73A trygt, kraftig og tidsbesparende kj\u00f8kkenverkt\u00f8y for daglig matlaging.","og_url":"https:\/\/mekulo.com\/no\/produkt\/gronnsaksrivjern-med-handsveiv\/","og_site_name":"Mekulo NO","article_modified_time":"2026-01-13T17:06:31+00:00","og_image":[{"width":800,"height":800,"url":"https:\/\/mekulo.com\/no\/wp-content\/uploads\/sites\/10\/2026\/01\/ltxzs3w-1.jpg","type":"image\/jpeg"}],"twitter_card":"summary_large_image","twitter_misc":{"Ansl. lesetid":"2 minutter"},"schema":{"@context":"https:\/\/schema.org","@graph":[{"@type":"WebPage","@id":"https:\/\/mekulo.com\/no\/produkt\/gronnsaksrivjern-med-handsveiv\/","url":"https:\/\/mekulo.com\/no\/produkt\/gronnsaksrivjern-med-handsveiv\/","name":"Gr\u00f8nnsaksrivjern med h\u00e5ndsveiv - Mekulo NO","isPartOf":{"@id":"https:\/\/mekulo.com\/no\/#website"},"primaryImageOfPage":{"@id":"https:\/\/mekulo.com\/no\/produkt\/gronnsaksrivjern-med-handsveiv\/#primaryimage"},"image":{"@id":"https:\/\/mekulo.com\/no\/produkt\/gronnsaksrivjern-med-handsveiv\/#primaryimage"},"thumbnailUrl":"https:\/\/mekulo.com\/no\/wp-content\/uploads\/sites\/10\/2026\/01\/ltxzs3w-1.jpg","datePublished":"2026-01-13T15:31:26+00:00","dateModified":"2026-01-13T17:06:31+00:00","breadcrumb":{"@id":"https:\/\/mekulo.com\/no\/produkt\/gronnsaksrivjern-med-handsveiv\/#breadcrumb"},"inLanguage":"nb-NO","potentialAction":[{"@type":"ReadAction","target":["https:\/\/mekulo.com\/no\/produkt\/gronnsaksrivjern-med-handsveiv\/"]}]},{"@type":"ImageObject","inLanguage":"nb-NO","@id":"https:\/\/mekulo.com\/no\/produkt\/gronnsaksrivjern-med-handsveiv\/#primaryimage","url":"https:\/\/mekulo.com\/no\/wp-content\/uploads\/sites\/10\/2026\/01\/ltxzs3w-1.jpg","contentUrl":"https:\/\/mekulo.com\/no\/wp-content\/uploads\/sites\/10\/2026\/01\/ltxzs3w-1.jpg","width":800,"height":800},{"@type":"BreadcrumbList","@id":"https:\/\/mekulo.com\/no\/produkt\/gronnsaksrivjern-med-handsveiv\/#breadcrumb","itemListElement":[{"@type":"ListItem","position":1,"name":"Home","item":"https:\/\/mekulo.com\/no\/"},{"@type":"ListItem","position":2,"name":"Butikk","item":"https:\/\/mekulo.com\/no\/butikk\/"},{"@type":"ListItem","position":3,"name":"Gr\u00f8nnsaksrivjern med h\u00e5ndsveiv"}]},{"@type":"WebSite","@id":"https:\/\/mekulo.com\/no\/#website","url":"https:\/\/mekulo.com\/no\/","name":"Mekulo NO","description":"","publisher":{"@id":"https:\/\/mekulo.com\/no\/#organization"},"potentialAction":[{"@type":"SearchAction","target":{"@type":"EntryPoint","urlTemplate":"https:\/\/mekulo.com\/no\/?s={search_term_string}"},"query-input":{"@type":"PropertyValueSpecification","valueRequired":true,"valueName":"search_term_string"}}],"inLanguage":"nb-NO"},{"@type":"Organization","@id":"https:\/\/mekulo.com\/no\/#organization","name":"Mekulo","url":"https:\/\/mekulo.com\/no\/","logo":{"@type":"ImageObject","inLanguage":"nb-NO","@id":"https:\/\/mekulo.com\/no\/#\/schema\/logo\/image\/","url":"https:\/\/mekulo.com\/no\/wp-content\/uploads\/sites\/10\/2025\/12\/favicon_mekulo.png","contentUrl":"https:\/\/mekulo.com\/no\/wp-content\/uploads\/sites\/10\/2025\/12\/favicon_mekulo.png","width":50,"height":50,"caption":"Mekulo"},"image":{"@id":"https:\/\/mekulo.com\/no\/#\/schema\/logo\/image\/"}}]}},"_links":{"self":[{"href":"https:\/\/mekulo.com\/no\/wp-json\/wp\/v2\/product\/17586","targetHints":{"allow":["GET"]}}],"collection":[{"href":"https:\/\/mekulo.com\/no\/wp-json\/wp\/v2\/product"}],"about":[{"href":"https:\/\/mekulo.com\/no\/wp-json\/wp\/v2\/types\/product"}],"replies":[{"embeddable":true,"href":"https:\/\/mekulo.com\/no\/wp-json\/wp\/v2\/comments?post=17586"}],"wp:featuredmedia":[{"embeddable":true,"href":"https:\/\/mekulo.com\/no\/wp-json\/wp\/v2\/media\/17582"}],"wp:attachment":[{"href":"https:\/\/mekulo.com\/no\/wp-json\/wp\/v2\/media?parent=17586"}],"wp:term":[{"taxonomy":"product_brand","embeddable":true,"href":"https:\/\/mekulo.com\/no\/wp-json\/wp\/v2\/product_brand?post=17586"},{"taxonomy":"product_cat","embeddable":true,"href":"https:\/\/mekulo.com\/no\/wp-json\/wp\/v2\/product_cat?post=17586"},{"taxonomy":"product_tag","embeddable":true,"href":"https:\/\/mekulo.com\/no\/wp-json\/wp\/v2\/product_tag?post=17586"}],"curies":[{"name":"wp","href":"https:\/\/api.w.org\/{rel}","templated":true}]}}