{"id":17559,"date":"2026-01-13T17:29:42","date_gmt":"2026-01-13T15:29:42","guid":{"rendered":"https:\/\/mekulo.com\/no\/produkt\/hjul-med-jevn-bevegelighet\/"},"modified":"2026-01-13T19:04:45","modified_gmt":"2026-01-13T17:04:45","slug":"hjul-med-jevn-bevegelighet","status":"publish","type":"product","link":"https:\/\/mekulo.com\/no\/produkt\/hjul-med-jevn-bevegelighet\/","title":{"rendered":"Hjul med jevn bevegelighet"},"content":{"rendered":"<p style=\"text-align: center;\" data-start=\"0\" data-end=\"55\"><strong data-start=\"0\" data-end=\"55\">Flytt m\u00f8blene dine jevnt og stille med letthet. \ud83d\udecb\ufe0f<\/strong><\/p>\n<p data-start=\"0\" data-end=\"55\"><img fetchpriority=\"high\" decoding=\"async\" class=\"size-full wp-image-19232 aligncenter\" src=\"https:\/\/mekulo.com\/template\/wp-content\/uploads\/sites\/6\/2026\/01\/2-3.jpg\" alt=\"\" width=\"1080\" height=\"1080\" \/><\/p>\n<h2 style=\"text-align: center;\" data-start=\"303\" data-end=\"322\">\u2b50 Hovedfordeler<\/h2>\n<p data-start=\"326\" data-end=\"402\">\ud83d\udd04 Jevn rullende bevegelse &#8211; Glir lett uten st\u00f8t eller motstand.<\/p>\n<p data-start=\"405\" data-end=\"482\">\ud83d\udd07 Stille drift &#8211; Reduserer st\u00f8y for et rolig, ripefritt milj\u00f8.<\/p>\n<p data-start=\"485\" data-end=\"564\">\ud83e\uddf1 Sterk og stabil brakett &#8211; Rustbestandig og bygget for langvarig bruk.<\/p>\n<p data-start=\"567\" data-end=\"632\">\ud83d\udee0\ufe0f Fleksibel installasjon &#8211; Monteringsalternativer p\u00e5 siden eller i bunnen.<\/p>\n<p data-start=\"635\" data-end=\"722\">\ud83e\ude91 Bred m\u00f8belkompatibilitet &#8211; Perfekt for skap, skuffer, bord og mer.<\/p>\n<p data-start=\"635\" data-end=\"722\"><img decoding=\"async\" class=\"size-full wp-image-19228 aligncenter\" src=\"https:\/\/mekulo.com\/template\/wp-content\/uploads\/sites\/6\/2026\/01\/3-3.jpeg\" alt=\"\" width=\"800\" height=\"800\" \/><\/p>\n<h2 style=\"text-align: center;\" data-start=\"729\" data-end=\"746\">\u25b6\ufe0f Slik Bruker Du Det<\/h2>\n<ol data-start=\"748\" data-end=\"967\">\n<li data-start=\"748\" data-end=\"812\">\n<p data-start=\"751\" data-end=\"812\">Velg monteringsposisjon (side eller bunn av m\u00f8belet).<\/p>\n<\/li>\n<li data-start=\"813\" data-end=\"865\">\n<p data-start=\"816\" data-end=\"865\">Juster hjulet med monteringshullene.<\/p>\n<\/li>\n<li data-start=\"866\" data-end=\"913\">\n<p data-start=\"869\" data-end=\"913\">Fest det med skruene og stram godt.<\/p>\n<\/li>\n<li data-start=\"914\" data-end=\"967\">\n<p data-start=\"917\" data-end=\"967\">Gjenta for alle hjulene og nyt jevn bevegelse.<\/p>\n<\/li>\n<\/ol>\n<h2 style=\"text-align: center;\" data-start=\"974\" data-end=\"996\">\ud83d\udccf Produktdetaljer<\/h2>\n<ul data-start=\"998\" data-end=\"1469\">\n<li data-start=\"1045\" data-end=\"1159\">\n<p data-start=\"1047\" data-end=\"1061\">Hjulst\u00f8rrelse: 19 mm<\/p>\n<\/li>\n<li data-start=\"1160\" data-end=\"1219\">\n<p data-start=\"1162\" data-end=\"1219\">Materiale: Galvanisert st\u00e5lbrakett + nylon- eller TPE-hjul<\/p>\n<\/li>\n<li data-start=\"1220\" data-end=\"1313\">\n<p data-start=\"1222\" data-end=\"1238\">Belastningskapasitet: <span style=\"font-size: 16px;\">opptil 75 kg (sett med 4)<\/span><\/p>\n<\/li>\n<li data-start=\"1314\" data-end=\"1378\">\n<p data-start=\"1316\" data-end=\"1378\">Funksjoner: Slitesterk, lett, rustfri, gulvsikker<\/p>\n<\/li>\n<li data-start=\"1379\" data-end=\"1469\">\n<p data-start=\"1381\" data-end=\"1469\">Anvendelser: Skap, skuffer, m\u00f8bler, plantestativer, verkt\u00f8ykasser, utstyrsstativer<\/p>\n<\/li>\n<\/ul>\n<h2 style=\"text-align: center;\" data-start=\"1476\" data-end=\"1499\">\ud83d\udce6 Pakken inneholder<\/h2>\n<ul data-start=\"1501\" data-end=\"1557\">\n<li data-start=\"1501\" data-end=\"1557\">\n<p data-start=\"1503\" data-end=\"1557\">4, 8, 12, 16x hjul med jevn mobilitet.<\/p>\n<\/li>\n<\/ul>\n","protected":false},"excerpt":{"rendered":"<p>\ud83d\udd08Disse smidige hjulene gj\u00f8r at m\u00f8blene glir uanstrengt uten st\u00f8y, riper eller anstrengelser.<br \/>\n\ud83c\udfe0Designet for stabilitet og holdbarhet, og gj\u00f8r det raskt, trygt og smidig \u00e5 flytte bord, skap og sm\u00e5m\u00f8bler p\u00e5 mange overflater.<br \/>\n\ud83d\udecf\ufe0fA enkel oppgradering som gj\u00f8r det enklere, mer stilleg\u00e5ende og tryggere \u00e5 flytte m\u00f8bler i hverdagen.<\/p>\n","protected":false},"featured_media":17555,"comment_status":"open","ping_status":"closed","template":"","meta":{"site-sidebar-layout":"default","site-content-layout":"","ast-site-content-layout":"default","site-content-style":"default","site-sidebar-style":"default","ast-global-header-display":"","ast-banner-title-visibility":"","ast-main-header-display":"","ast-hfb-above-header-display":"","ast-hfb-below-header-display":"","ast-hfb-mobile-header-display":"","site-post-title":"","ast-breadcrumbs-content":"","ast-featured-img":"","footer-sml-layout":"","theme-transparent-header-meta":"default","adv-header-id-meta":"","stick-header-meta":"","header-above-stick-meta":"","header-main-stick-meta":"","header-below-stick-meta":"","astra-migrate-meta-layouts":"set","ast-page-background-enabled":"default","ast-page-background-meta":{"desktop":{"background-color":"var(--ast-global-color-5)","background-image":"","background-repeat":"repeat","background-position":"center center","background-size":"auto","background-attachment":"scroll","background-type":"","background-media":"","overlay-type":"","overlay-color":"","overlay-opacity":"","overlay-gradient":""},"tablet":{"background-color":"","background-image":"","background-repeat":"repeat","background-position":"center center","background-size":"auto","background-attachment":"scroll","background-type":"","background-media":"","overlay-type":"","overlay-color":"","overlay-opacity":"","overlay-gradient":""},"mobile":{"background-color":"","background-image":"","background-repeat":"repeat","background-position":"center center","background-size":"auto","background-attachment":"scroll","background-type":"","background-media":"","overlay-type":"","overlay-color":"","overlay-opacity":"","overlay-gradient":""}},"ast-content-background-meta":{"desktop":{"background-color":"var(--ast-global-color-4)","background-image":"","background-repeat":"repeat","background-position":"center center","background-size":"auto","background-attachment":"scroll","background-type":"","background-media":"","overlay-type":"","overlay-color":"","overlay-opacity":"","overlay-gradient":""},"tablet":{"background-color":"var(--ast-global-color-4)","background-image":"","background-repeat":"repeat","background-position":"center center","background-size":"auto","background-attachment":"scroll","background-type":"","background-media":"","overlay-type":"","overlay-color":"","overlay-opacity":"","overlay-gradient":""},"mobile":{"background-color":"var(--ast-global-color-4)","background-image":"","background-repeat":"repeat","background-position":"center center","background-size":"auto","background-attachment":"scroll","background-type":"","background-media":"","overlay-type":"","overlay-color":"","overlay-opacity":"","overlay-gradient":""}}},"product_brand":[],"product_cat":[168],"product_tag":[],"class_list":{"0":"post-17559","1":"product","2":"type-product","3":"status-publish","4":"has-post-thumbnail","6":"product_cat-husholdningsartikler","7":"pa_66932_bv5nlpk7-solv","8":"pa_66932_bv5nlpk7-svart","9":"pa_66932_mo5bcmrs-12-stk","10":"pa_66932_mo5bcmrs-16-stk","11":"pa_66932_mo5bcmrs-4-stk","12":"pa_66932_mo5bcmrs-8-stk","13":"desktop-align-left","14":"tablet-align-left","15":"mobile-align-left","17":"first","18":"instock","19":"shipping-taxable","20":"purchasable","21":"product-type-variable","22":"has-default-attributes"},"yoast_head":"<!-- This site is optimized with the Yoast SEO plugin v26.6 - https:\/\/yoast.com\/wordpress\/plugins\/seo\/ -->\n<title>Hjul med jevn bevegelighet - Mekulo NO<\/title>\n<meta name=\"robots\" content=\"index, follow, max-snippet:-1, max-image-preview:large, max-video-preview:-1\" \/>\n<link rel=\"canonical\" href=\"https:\/\/mekulo.com\/no\/produkt\/hjul-med-jevn-bevegelighet\/\" \/>\n<meta property=\"og:locale\" content=\"nb_NO\" \/>\n<meta property=\"og:type\" content=\"article\" \/>\n<meta property=\"og:title\" content=\"Hjul med jevn bevegelighet - Mekulo NO\" \/>\n<meta property=\"og:description\" content=\"\ud83d\udd08Disse smidige hjulene gj\u00f8r at m\u00f8blene glir uanstrengt uten st\u00f8y, riper eller anstrengelser. \ud83c\udfe0Designet for stabilitet og holdbarhet, og gj\u00f8r det raskt, trygt og smidig \u00e5 flytte bord, skap og sm\u00e5m\u00f8bler p\u00e5 mange overflater. \ud83d\udecf\ufe0fA enkel oppgradering som gj\u00f8r det enklere, mer stilleg\u00e5ende og tryggere \u00e5 flytte m\u00f8bler i hverdagen.\" \/>\n<meta property=\"og:url\" content=\"https:\/\/mekulo.com\/no\/produkt\/hjul-med-jevn-bevegelighet\/\" \/>\n<meta property=\"og:site_name\" content=\"Mekulo NO\" \/>\n<meta property=\"article:modified_time\" content=\"2026-01-13T17:04:45+00:00\" \/>\n<meta property=\"og:image\" content=\"https:\/\/mekulo.com\/no\/wp-content\/uploads\/sites\/10\/2026\/01\/kv4gdry-1.jpg\" \/>\n\t<meta property=\"og:image:width\" content=\"1080\" \/>\n\t<meta property=\"og:image:height\" content=\"1080\" \/>\n\t<meta property=\"og:image:type\" content=\"image\/jpeg\" \/>\n<meta name=\"twitter:card\" content=\"summary_large_image\" \/>\n<meta name=\"twitter:label1\" content=\"Ansl. lesetid\" \/>\n\t<meta name=\"twitter:data1\" content=\"2 minutter\" \/>\n<script type=\"application\/ld+json\" class=\"yoast-schema-graph\">{\"@context\":\"https:\/\/schema.org\",\"@graph\":[{\"@type\":\"WebPage\",\"@id\":\"https:\/\/mekulo.com\/no\/produkt\/hjul-med-jevn-bevegelighet\/\",\"url\":\"https:\/\/mekulo.com\/no\/produkt\/hjul-med-jevn-bevegelighet\/\",\"name\":\"Hjul med jevn bevegelighet - Mekulo NO\",\"isPartOf\":{\"@id\":\"https:\/\/mekulo.com\/no\/#website\"},\"primaryImageOfPage\":{\"@id\":\"https:\/\/mekulo.com\/no\/produkt\/hjul-med-jevn-bevegelighet\/#primaryimage\"},\"image\":{\"@id\":\"https:\/\/mekulo.com\/no\/produkt\/hjul-med-jevn-bevegelighet\/#primaryimage\"},\"thumbnailUrl\":\"https:\/\/mekulo.com\/no\/wp-content\/uploads\/sites\/10\/2026\/01\/kv4gdry-1.jpg\",\"datePublished\":\"2026-01-13T15:29:42+00:00\",\"dateModified\":\"2026-01-13T17:04:45+00:00\",\"breadcrumb\":{\"@id\":\"https:\/\/mekulo.com\/no\/produkt\/hjul-med-jevn-bevegelighet\/#breadcrumb\"},\"inLanguage\":\"nb-NO\",\"potentialAction\":[{\"@type\":\"ReadAction\",\"target\":[\"https:\/\/mekulo.com\/no\/produkt\/hjul-med-jevn-bevegelighet\/\"]}]},{\"@type\":\"ImageObject\",\"inLanguage\":\"nb-NO\",\"@id\":\"https:\/\/mekulo.com\/no\/produkt\/hjul-med-jevn-bevegelighet\/#primaryimage\",\"url\":\"https:\/\/mekulo.com\/no\/wp-content\/uploads\/sites\/10\/2026\/01\/kv4gdry-1.jpg\",\"contentUrl\":\"https:\/\/mekulo.com\/no\/wp-content\/uploads\/sites\/10\/2026\/01\/kv4gdry-1.jpg\",\"width\":1080,\"height\":1080},{\"@type\":\"BreadcrumbList\",\"@id\":\"https:\/\/mekulo.com\/no\/produkt\/hjul-med-jevn-bevegelighet\/#breadcrumb\",\"itemListElement\":[{\"@type\":\"ListItem\",\"position\":1,\"name\":\"Home\",\"item\":\"https:\/\/mekulo.com\/no\/\"},{\"@type\":\"ListItem\",\"position\":2,\"name\":\"Butikk\",\"item\":\"https:\/\/mekulo.com\/no\/butikk\/\"},{\"@type\":\"ListItem\",\"position\":3,\"name\":\"Hjul med jevn bevegelighet\"}]},{\"@type\":\"WebSite\",\"@id\":\"https:\/\/mekulo.com\/no\/#website\",\"url\":\"https:\/\/mekulo.com\/no\/\",\"name\":\"Mekulo NO\",\"description\":\"\",\"publisher\":{\"@id\":\"https:\/\/mekulo.com\/no\/#organization\"},\"potentialAction\":[{\"@type\":\"SearchAction\",\"target\":{\"@type\":\"EntryPoint\",\"urlTemplate\":\"https:\/\/mekulo.com\/no\/?s={search_term_string}\"},\"query-input\":{\"@type\":\"PropertyValueSpecification\",\"valueRequired\":true,\"valueName\":\"search_term_string\"}}],\"inLanguage\":\"nb-NO\"},{\"@type\":\"Organization\",\"@id\":\"https:\/\/mekulo.com\/no\/#organization\",\"name\":\"Mekulo\",\"url\":\"https:\/\/mekulo.com\/no\/\",\"logo\":{\"@type\":\"ImageObject\",\"inLanguage\":\"nb-NO\",\"@id\":\"https:\/\/mekulo.com\/no\/#\/schema\/logo\/image\/\",\"url\":\"https:\/\/mekulo.com\/no\/wp-content\/uploads\/sites\/10\/2025\/12\/favicon_mekulo.png\",\"contentUrl\":\"https:\/\/mekulo.com\/no\/wp-content\/uploads\/sites\/10\/2025\/12\/favicon_mekulo.png\",\"width\":50,\"height\":50,\"caption\":\"Mekulo\"},\"image\":{\"@id\":\"https:\/\/mekulo.com\/no\/#\/schema\/logo\/image\/\"}}]}<\/script>\n<!-- \/ Yoast SEO plugin. -->","yoast_head_json":{"title":"Hjul med jevn bevegelighet - Mekulo NO","robots":{"index":"index","follow":"follow","max-snippet":"max-snippet:-1","max-image-preview":"max-image-preview:large","max-video-preview":"max-video-preview:-1"},"canonical":"https:\/\/mekulo.com\/no\/produkt\/hjul-med-jevn-bevegelighet\/","og_locale":"nb_NO","og_type":"article","og_title":"Hjul med jevn bevegelighet - Mekulo NO","og_description":"\ud83d\udd08Disse smidige hjulene gj\u00f8r at m\u00f8blene glir uanstrengt uten st\u00f8y, riper eller anstrengelser. \ud83c\udfe0Designet for stabilitet og holdbarhet, og gj\u00f8r det raskt, trygt og smidig \u00e5 flytte bord, skap og sm\u00e5m\u00f8bler p\u00e5 mange overflater. \ud83d\udecf\ufe0fA enkel oppgradering som gj\u00f8r det enklere, mer stilleg\u00e5ende og tryggere \u00e5 flytte m\u00f8bler i hverdagen.","og_url":"https:\/\/mekulo.com\/no\/produkt\/hjul-med-jevn-bevegelighet\/","og_site_name":"Mekulo NO","article_modified_time":"2026-01-13T17:04:45+00:00","og_image":[{"width":1080,"height":1080,"url":"https:\/\/mekulo.com\/no\/wp-content\/uploads\/sites\/10\/2026\/01\/kv4gdry-1.jpg","type":"image\/jpeg"}],"twitter_card":"summary_large_image","twitter_misc":{"Ansl. lesetid":"2 minutter"},"schema":{"@context":"https:\/\/schema.org","@graph":[{"@type":"WebPage","@id":"https:\/\/mekulo.com\/no\/produkt\/hjul-med-jevn-bevegelighet\/","url":"https:\/\/mekulo.com\/no\/produkt\/hjul-med-jevn-bevegelighet\/","name":"Hjul med jevn bevegelighet - Mekulo NO","isPartOf":{"@id":"https:\/\/mekulo.com\/no\/#website"},"primaryImageOfPage":{"@id":"https:\/\/mekulo.com\/no\/produkt\/hjul-med-jevn-bevegelighet\/#primaryimage"},"image":{"@id":"https:\/\/mekulo.com\/no\/produkt\/hjul-med-jevn-bevegelighet\/#primaryimage"},"thumbnailUrl":"https:\/\/mekulo.com\/no\/wp-content\/uploads\/sites\/10\/2026\/01\/kv4gdry-1.jpg","datePublished":"2026-01-13T15:29:42+00:00","dateModified":"2026-01-13T17:04:45+00:00","breadcrumb":{"@id":"https:\/\/mekulo.com\/no\/produkt\/hjul-med-jevn-bevegelighet\/#breadcrumb"},"inLanguage":"nb-NO","potentialAction":[{"@type":"ReadAction","target":["https:\/\/mekulo.com\/no\/produkt\/hjul-med-jevn-bevegelighet\/"]}]},{"@type":"ImageObject","inLanguage":"nb-NO","@id":"https:\/\/mekulo.com\/no\/produkt\/hjul-med-jevn-bevegelighet\/#primaryimage","url":"https:\/\/mekulo.com\/no\/wp-content\/uploads\/sites\/10\/2026\/01\/kv4gdry-1.jpg","contentUrl":"https:\/\/mekulo.com\/no\/wp-content\/uploads\/sites\/10\/2026\/01\/kv4gdry-1.jpg","width":1080,"height":1080},{"@type":"BreadcrumbList","@id":"https:\/\/mekulo.com\/no\/produkt\/hjul-med-jevn-bevegelighet\/#breadcrumb","itemListElement":[{"@type":"ListItem","position":1,"name":"Home","item":"https:\/\/mekulo.com\/no\/"},{"@type":"ListItem","position":2,"name":"Butikk","item":"https:\/\/mekulo.com\/no\/butikk\/"},{"@type":"ListItem","position":3,"name":"Hjul med jevn bevegelighet"}]},{"@type":"WebSite","@id":"https:\/\/mekulo.com\/no\/#website","url":"https:\/\/mekulo.com\/no\/","name":"Mekulo NO","description":"","publisher":{"@id":"https:\/\/mekulo.com\/no\/#organization"},"potentialAction":[{"@type":"SearchAction","target":{"@type":"EntryPoint","urlTemplate":"https:\/\/mekulo.com\/no\/?s={search_term_string}"},"query-input":{"@type":"PropertyValueSpecification","valueRequired":true,"valueName":"search_term_string"}}],"inLanguage":"nb-NO"},{"@type":"Organization","@id":"https:\/\/mekulo.com\/no\/#organization","name":"Mekulo","url":"https:\/\/mekulo.com\/no\/","logo":{"@type":"ImageObject","inLanguage":"nb-NO","@id":"https:\/\/mekulo.com\/no\/#\/schema\/logo\/image\/","url":"https:\/\/mekulo.com\/no\/wp-content\/uploads\/sites\/10\/2025\/12\/favicon_mekulo.png","contentUrl":"https:\/\/mekulo.com\/no\/wp-content\/uploads\/sites\/10\/2025\/12\/favicon_mekulo.png","width":50,"height":50,"caption":"Mekulo"},"image":{"@id":"https:\/\/mekulo.com\/no\/#\/schema\/logo\/image\/"}}]}},"_links":{"self":[{"href":"https:\/\/mekulo.com\/no\/wp-json\/wp\/v2\/product\/17559","targetHints":{"allow":["GET"]}}],"collection":[{"href":"https:\/\/mekulo.com\/no\/wp-json\/wp\/v2\/product"}],"about":[{"href":"https:\/\/mekulo.com\/no\/wp-json\/wp\/v2\/types\/product"}],"replies":[{"embeddable":true,"href":"https:\/\/mekulo.com\/no\/wp-json\/wp\/v2\/comments?post=17559"}],"wp:featuredmedia":[{"embeddable":true,"href":"https:\/\/mekulo.com\/no\/wp-json\/wp\/v2\/media\/17555"}],"wp:attachment":[{"href":"https:\/\/mekulo.com\/no\/wp-json\/wp\/v2\/media?parent=17559"}],"wp:term":[{"taxonomy":"product_brand","embeddable":true,"href":"https:\/\/mekulo.com\/no\/wp-json\/wp\/v2\/product_brand?post=17559"},{"taxonomy":"product_cat","embeddable":true,"href":"https:\/\/mekulo.com\/no\/wp-json\/wp\/v2\/product_cat?post=17559"},{"taxonomy":"product_tag","embeddable":true,"href":"https:\/\/mekulo.com\/no\/wp-json\/wp\/v2\/product_tag?post=17559"}],"curies":[{"name":"wp","href":"https:\/\/api.w.org\/{rel}","templated":true}]}}