{"id":17530,"date":"2026-01-13T17:27:49","date_gmt":"2026-01-13T15:27:49","guid":{"rendered":"https:\/\/mekulo.com\/no\/produkt\/ergonomisk-pute-som-stotter-korsryggen\/"},"modified":"2026-01-13T19:02:10","modified_gmt":"2026-01-13T17:02:10","slug":"ergonomisk-pute-som-stotter-korsryggen","status":"publish","type":"product","link":"https:\/\/mekulo.com\/no\/produkt\/ergonomisk-pute-som-stotter-korsryggen\/","title":{"rendered":"Ergonomisk pute som st\u00f8tter korsryggen"},"content":{"rendered":"<p style=\"text-align: center;\" data-start=\"0\" data-end=\"51\"><strong data-start=\"0\" data-end=\"51\">Sitt komfortabelt og beskytt ryggraden din hele dagen. \ud83e\ude91<\/strong><\/p>\n<p data-start=\"0\" data-end=\"51\"><img fetchpriority=\"high\" decoding=\"async\" class=\"size-full wp-image-19202 aligncenter\" src=\"https:\/\/mekulo.com\/template\/wp-content\/uploads\/sites\/6\/2026\/01\/S82fd98d15d664c88aea31e467a3ec9bcf.jpg_960x960q75.jpg_.avif\" alt=\"\" width=\"960\" height=\"960\" \/><\/p>\n<h2 style=\"text-align: center;\" data-start=\"304\" data-end=\"323\"><strong>Hovedfordeler<\/strong>\ud83e\ude91\u2b50<\/h2>\n<p data-start=\"327\" data-end=\"400\">\ud83e\ude91 Ergonomisk midjest\u00f8tte &#8211; Hjelper med \u00e5 opprettholde riktig sittestilling.<\/p>\n<p data-start=\"403\" data-end=\"472\">\ud83e\udde0 Komfort med minneskum &#8211; Former seg etter kroppen din for trykkavlastning.<\/p>\n<p data-start=\"475\" data-end=\"561\">\ud83d\ude97 Allsidig bruk &#8211; Ideell for kontorstoler, biler, rullestoler og spillstoler.<\/p>\n<p data-start=\"564\" data-end=\"620\">\ud83c\udf92 Lett og b\u00e6rbar &#8211; Lett \u00e5 ta med seg hvor som helst.<\/p>\n<p data-start=\"623\" data-end=\"686\">\ud83e\uddf2 Sklisikker bakside &#8211; Holder seg godt p\u00e5 plass mens du sitter.<\/p>\n<p data-start=\"623\" data-end=\"686\"><img decoding=\"async\" class=\"size-full wp-image-19206 aligncenter\" src=\"https:\/\/mekulo.com\/template\/wp-content\/uploads\/sites\/6\/2026\/01\/c1fbfaff-9528-4d90-a61d-a7757323a91e.webp\" alt=\"\" width=\"960\" height=\"812\" \/><\/p>\n<h2 style=\"text-align: center;\" data-start=\"693\" data-end=\"710\"><strong>Slik Bruker Du<\/strong><\/h2>\n<ol data-start=\"712\" data-end=\"931\">\n<li data-start=\"712\" data-end=\"757\">\n<p data-start=\"715\" data-end=\"757\">Plasser puten p\u00e5 stolen eller setet ditt.<\/p>\n<\/li>\n<li data-start=\"758\" data-end=\"820\">\n<p data-start=\"761\" data-end=\"820\">Plasser den slik at den st\u00f8tter korsryggen eller midjeomr\u00e5det.<\/p>\n<\/li>\n<li data-start=\"821\" data-end=\"884\">\n<p data-start=\"824\" data-end=\"884\">Len deg tilbake og la minneskummet tilpasse seg formen din.<\/p>\n<\/li>\n<li data-start=\"885\" data-end=\"931\">\n<p data-start=\"888\" data-end=\"931\">Bruk daglig for bedre holdning og komfort.<\/p>\n<\/li>\n<\/ol>\n<h2 style=\"text-align: center;\" data-start=\"938\" data-end=\"960\"><strong>Produktdetaljer<\/strong><\/h2>\n<ul data-start=\"962\" data-end=\"1390\">\n<li data-start=\"1013\" data-end=\"1072\">\n<p data-start=\"1015\" data-end=\"1072\">Materiale: Polyester + bomull, forsterket PP-minneskum<\/p>\n<\/li>\n<li data-start=\"1073\" data-end=\"1197\">\n<p data-start=\"1075\" data-end=\"1083\">St\u00f8rrelser: <span style=\"font-size: 16px;\">S (32 x 30 \u00d7 30 cm), L (<\/span><span style=\"font-size: 16px;\">35,5 x 34 x 34 cm)<\/span><\/p>\n<\/li>\n<li data-start=\"1198\" data-end=\"1235\">\n<p data-start=\"1200\" data-end=\"1235\">Fylling: H\u00f8yelastisk minneskum<\/p>\n<\/li>\n<li data-start=\"1236\" data-end=\"1297\">\n<p data-start=\"1238\" data-end=\"1297\">Funksjoner: Hult h\u00e5ndtak, pustende design, rask rebound<\/p>\n<\/li>\n<li data-start=\"1298\" data-end=\"1390\">\n<p data-start=\"1300\" data-end=\"1390\">Bruksomr\u00e5der: Kontorstol, bilsete, rullestol, spillstol, meditasjons- eller gulvpute<\/p>\n<\/li>\n<\/ul>\n<h2 style=\"text-align: center;\" data-start=\"1397\" data-end=\"1420\"><strong>Pakken inkluderer<\/strong><\/h2>\n<ul data-start=\"1422\" data-end=\"1462\">\n<li data-start=\"1422\" data-end=\"1462\">\n<p data-start=\"1424\" data-end=\"1462\">1x ergonomisk korsryggst\u00f8ttepute.<\/p>\n<\/li>\n<\/ul>\n","protected":false},"excerpt":{"rendered":"<p>\ud83e\uddd8\u200d\u2642\ufe0fThis ergonomisk korsryggst\u00f8ttepute er designet for \u00e5 st\u00f8tte korsryggen og forbedre holdningen n\u00e5r du sitter lenge.<br \/>\n\u2728Skumkjernen med minne tilpasser seg kroppen din og bidrar til \u00e5 redusere ryggsmerter, trykk og tretthet p\u00e5 jobb, hjemme eller p\u00e5 farten.<br \/>\n\ud83d\udcbaEn enkel m\u00e5te \u00e5 sitte bedre p\u00e5, f\u00f8le seg bedre og ta vare p\u00e5 ryggraden hver dag.<\/p>\n","protected":false},"featured_media":17526,"comment_status":"open","ping_status":"closed","template":"","meta":{"site-sidebar-layout":"default","site-content-layout":"","ast-site-content-layout":"default","site-content-style":"default","site-sidebar-style":"default","ast-global-header-display":"","ast-banner-title-visibility":"","ast-main-header-display":"","ast-hfb-above-header-display":"","ast-hfb-below-header-display":"","ast-hfb-mobile-header-display":"","site-post-title":"","ast-breadcrumbs-content":"","ast-featured-img":"","footer-sml-layout":"","theme-transparent-header-meta":"default","adv-header-id-meta":"","stick-header-meta":"","header-above-stick-meta":"","header-main-stick-meta":"","header-below-stick-meta":"","astra-migrate-meta-layouts":"set","ast-page-background-enabled":"default","ast-page-background-meta":{"desktop":{"background-color":"var(--ast-global-color-5)","background-image":"","background-repeat":"repeat","background-position":"center center","background-size":"auto","background-attachment":"scroll","background-type":"","background-media":"","overlay-type":"","overlay-color":"","overlay-opacity":"","overlay-gradient":""},"tablet":{"background-color":"","background-image":"","background-repeat":"repeat","background-position":"center center","background-size":"auto","background-attachment":"scroll","background-type":"","background-media":"","overlay-type":"","overlay-color":"","overlay-opacity":"","overlay-gradient":""},"mobile":{"background-color":"","background-image":"","background-repeat":"repeat","background-position":"center center","background-size":"auto","background-attachment":"scroll","background-type":"","background-media":"","overlay-type":"","overlay-color":"","overlay-opacity":"","overlay-gradient":""}},"ast-content-background-meta":{"desktop":{"background-color":"var(--ast-global-color-4)","background-image":"","background-repeat":"repeat","background-position":"center center","background-size":"auto","background-attachment":"scroll","background-type":"","background-media":"","overlay-type":"","overlay-color":"","overlay-opacity":"","overlay-gradient":""},"tablet":{"background-color":"var(--ast-global-color-4)","background-image":"","background-repeat":"repeat","background-position":"center center","background-size":"auto","background-attachment":"scroll","background-type":"","background-media":"","overlay-type":"","overlay-color":"","overlay-opacity":"","overlay-gradient":""},"mobile":{"background-color":"var(--ast-global-color-4)","background-image":"","background-repeat":"repeat","background-position":"center center","background-size":"auto","background-attachment":"scroll","background-type":"","background-media":"","overlay-type":"","overlay-color":"","overlay-opacity":"","overlay-gradient":""}}},"product_brand":[],"product_cat":[166],"product_tag":[],"class_list":{"0":"post-17530","1":"product","2":"type-product","3":"status-publish","4":"has-post-thumbnail","6":"product_cat-helsevesenets-forsyninger","7":"pa_66905_4rt0rftc-bla","8":"pa_66905_4rt0rftc-gra","9":"pa_66905_4rt0rftc-gronn","10":"pa_66905_4rt0rftc-rod","11":"pa_66905_4rt0rftc-svart","12":"pa_66905_hc6d5nuo-l","13":"pa_66905_hc6d5nuo-s","14":"desktop-align-left","15":"tablet-align-left","16":"mobile-align-left","18":"first","19":"instock","20":"shipping-taxable","21":"purchasable","22":"product-type-variable","23":"has-default-attributes"},"yoast_head":"<!-- This site is optimized with the Yoast SEO plugin v26.6 - https:\/\/yoast.com\/wordpress\/plugins\/seo\/ -->\n<title>Ergonomisk pute som st\u00f8tter korsryggen - Mekulo NO<\/title>\n<meta name=\"robots\" content=\"index, follow, max-snippet:-1, max-image-preview:large, max-video-preview:-1\" \/>\n<link rel=\"canonical\" href=\"https:\/\/mekulo.com\/no\/produkt\/ergonomisk-pute-som-stotter-korsryggen\/\" \/>\n<meta property=\"og:locale\" content=\"nb_NO\" \/>\n<meta property=\"og:type\" content=\"article\" \/>\n<meta property=\"og:title\" content=\"Ergonomisk pute som st\u00f8tter korsryggen - Mekulo NO\" \/>\n<meta property=\"og:description\" content=\"\ud83e\uddd8\u200d\u2642\ufe0fThis ergonomisk korsryggst\u00f8ttepute er designet for \u00e5 st\u00f8tte korsryggen og forbedre holdningen n\u00e5r du sitter lenge. \u2728Skumkjernen med minne tilpasser seg kroppen din og bidrar til \u00e5 redusere ryggsmerter, trykk og tretthet p\u00e5 jobb, hjemme eller p\u00e5 farten. \ud83d\udcbaEn enkel m\u00e5te \u00e5 sitte bedre p\u00e5, f\u00f8le seg bedre og ta vare p\u00e5 ryggraden hver dag.\" \/>\n<meta property=\"og:url\" content=\"https:\/\/mekulo.com\/no\/produkt\/ergonomisk-pute-som-stotter-korsryggen\/\" \/>\n<meta property=\"og:site_name\" content=\"Mekulo NO\" \/>\n<meta property=\"article:modified_time\" content=\"2026-01-13T17:02:10+00:00\" \/>\n<meta property=\"og:image\" content=\"https:\/\/mekulo.com\/no\/wp-content\/uploads\/sites\/10\/2026\/01\/81qwshh-1.jpg\" \/>\n\t<meta property=\"og:image:width\" content=\"960\" \/>\n\t<meta property=\"og:image:height\" content=\"960\" \/>\n\t<meta property=\"og:image:type\" content=\"image\/jpeg\" \/>\n<meta name=\"twitter:card\" content=\"summary_large_image\" \/>\n<meta name=\"twitter:label1\" content=\"Ansl. lesetid\" \/>\n\t<meta name=\"twitter:data1\" content=\"2 minutter\" \/>\n<script type=\"application\/ld+json\" class=\"yoast-schema-graph\">{\"@context\":\"https:\/\/schema.org\",\"@graph\":[{\"@type\":\"WebPage\",\"@id\":\"https:\/\/mekulo.com\/no\/produkt\/ergonomisk-pute-som-stotter-korsryggen\/\",\"url\":\"https:\/\/mekulo.com\/no\/produkt\/ergonomisk-pute-som-stotter-korsryggen\/\",\"name\":\"Ergonomisk pute som st\u00f8tter korsryggen - Mekulo NO\",\"isPartOf\":{\"@id\":\"https:\/\/mekulo.com\/no\/#website\"},\"primaryImageOfPage\":{\"@id\":\"https:\/\/mekulo.com\/no\/produkt\/ergonomisk-pute-som-stotter-korsryggen\/#primaryimage\"},\"image\":{\"@id\":\"https:\/\/mekulo.com\/no\/produkt\/ergonomisk-pute-som-stotter-korsryggen\/#primaryimage\"},\"thumbnailUrl\":\"https:\/\/mekulo.com\/no\/wp-content\/uploads\/sites\/10\/2026\/01\/81qwshh-1.jpg\",\"datePublished\":\"2026-01-13T15:27:49+00:00\",\"dateModified\":\"2026-01-13T17:02:10+00:00\",\"breadcrumb\":{\"@id\":\"https:\/\/mekulo.com\/no\/produkt\/ergonomisk-pute-som-stotter-korsryggen\/#breadcrumb\"},\"inLanguage\":\"nb-NO\",\"potentialAction\":[{\"@type\":\"ReadAction\",\"target\":[\"https:\/\/mekulo.com\/no\/produkt\/ergonomisk-pute-som-stotter-korsryggen\/\"]}]},{\"@type\":\"ImageObject\",\"inLanguage\":\"nb-NO\",\"@id\":\"https:\/\/mekulo.com\/no\/produkt\/ergonomisk-pute-som-stotter-korsryggen\/#primaryimage\",\"url\":\"https:\/\/mekulo.com\/no\/wp-content\/uploads\/sites\/10\/2026\/01\/81qwshh-1.jpg\",\"contentUrl\":\"https:\/\/mekulo.com\/no\/wp-content\/uploads\/sites\/10\/2026\/01\/81qwshh-1.jpg\",\"width\":960,\"height\":960},{\"@type\":\"BreadcrumbList\",\"@id\":\"https:\/\/mekulo.com\/no\/produkt\/ergonomisk-pute-som-stotter-korsryggen\/#breadcrumb\",\"itemListElement\":[{\"@type\":\"ListItem\",\"position\":1,\"name\":\"Home\",\"item\":\"https:\/\/mekulo.com\/no\/\"},{\"@type\":\"ListItem\",\"position\":2,\"name\":\"Butikk\",\"item\":\"https:\/\/mekulo.com\/no\/butikk\/\"},{\"@type\":\"ListItem\",\"position\":3,\"name\":\"Ergonomisk pute som st\u00f8tter korsryggen\"}]},{\"@type\":\"WebSite\",\"@id\":\"https:\/\/mekulo.com\/no\/#website\",\"url\":\"https:\/\/mekulo.com\/no\/\",\"name\":\"Mekulo NO\",\"description\":\"\",\"publisher\":{\"@id\":\"https:\/\/mekulo.com\/no\/#organization\"},\"potentialAction\":[{\"@type\":\"SearchAction\",\"target\":{\"@type\":\"EntryPoint\",\"urlTemplate\":\"https:\/\/mekulo.com\/no\/?s={search_term_string}\"},\"query-input\":{\"@type\":\"PropertyValueSpecification\",\"valueRequired\":true,\"valueName\":\"search_term_string\"}}],\"inLanguage\":\"nb-NO\"},{\"@type\":\"Organization\",\"@id\":\"https:\/\/mekulo.com\/no\/#organization\",\"name\":\"Mekulo\",\"url\":\"https:\/\/mekulo.com\/no\/\",\"logo\":{\"@type\":\"ImageObject\",\"inLanguage\":\"nb-NO\",\"@id\":\"https:\/\/mekulo.com\/no\/#\/schema\/logo\/image\/\",\"url\":\"https:\/\/mekulo.com\/no\/wp-content\/uploads\/sites\/10\/2025\/12\/favicon_mekulo.png\",\"contentUrl\":\"https:\/\/mekulo.com\/no\/wp-content\/uploads\/sites\/10\/2025\/12\/favicon_mekulo.png\",\"width\":50,\"height\":50,\"caption\":\"Mekulo\"},\"image\":{\"@id\":\"https:\/\/mekulo.com\/no\/#\/schema\/logo\/image\/\"}}]}<\/script>\n<!-- \/ Yoast SEO plugin. -->","yoast_head_json":{"title":"Ergonomisk pute som st\u00f8tter korsryggen - Mekulo NO","robots":{"index":"index","follow":"follow","max-snippet":"max-snippet:-1","max-image-preview":"max-image-preview:large","max-video-preview":"max-video-preview:-1"},"canonical":"https:\/\/mekulo.com\/no\/produkt\/ergonomisk-pute-som-stotter-korsryggen\/","og_locale":"nb_NO","og_type":"article","og_title":"Ergonomisk pute som st\u00f8tter korsryggen - Mekulo NO","og_description":"\ud83e\uddd8\u200d\u2642\ufe0fThis ergonomisk korsryggst\u00f8ttepute er designet for \u00e5 st\u00f8tte korsryggen og forbedre holdningen n\u00e5r du sitter lenge. \u2728Skumkjernen med minne tilpasser seg kroppen din og bidrar til \u00e5 redusere ryggsmerter, trykk og tretthet p\u00e5 jobb, hjemme eller p\u00e5 farten. \ud83d\udcbaEn enkel m\u00e5te \u00e5 sitte bedre p\u00e5, f\u00f8le seg bedre og ta vare p\u00e5 ryggraden hver dag.","og_url":"https:\/\/mekulo.com\/no\/produkt\/ergonomisk-pute-som-stotter-korsryggen\/","og_site_name":"Mekulo NO","article_modified_time":"2026-01-13T17:02:10+00:00","og_image":[{"width":960,"height":960,"url":"https:\/\/mekulo.com\/no\/wp-content\/uploads\/sites\/10\/2026\/01\/81qwshh-1.jpg","type":"image\/jpeg"}],"twitter_card":"summary_large_image","twitter_misc":{"Ansl. lesetid":"2 minutter"},"schema":{"@context":"https:\/\/schema.org","@graph":[{"@type":"WebPage","@id":"https:\/\/mekulo.com\/no\/produkt\/ergonomisk-pute-som-stotter-korsryggen\/","url":"https:\/\/mekulo.com\/no\/produkt\/ergonomisk-pute-som-stotter-korsryggen\/","name":"Ergonomisk pute som st\u00f8tter korsryggen - Mekulo NO","isPartOf":{"@id":"https:\/\/mekulo.com\/no\/#website"},"primaryImageOfPage":{"@id":"https:\/\/mekulo.com\/no\/produkt\/ergonomisk-pute-som-stotter-korsryggen\/#primaryimage"},"image":{"@id":"https:\/\/mekulo.com\/no\/produkt\/ergonomisk-pute-som-stotter-korsryggen\/#primaryimage"},"thumbnailUrl":"https:\/\/mekulo.com\/no\/wp-content\/uploads\/sites\/10\/2026\/01\/81qwshh-1.jpg","datePublished":"2026-01-13T15:27:49+00:00","dateModified":"2026-01-13T17:02:10+00:00","breadcrumb":{"@id":"https:\/\/mekulo.com\/no\/produkt\/ergonomisk-pute-som-stotter-korsryggen\/#breadcrumb"},"inLanguage":"nb-NO","potentialAction":[{"@type":"ReadAction","target":["https:\/\/mekulo.com\/no\/produkt\/ergonomisk-pute-som-stotter-korsryggen\/"]}]},{"@type":"ImageObject","inLanguage":"nb-NO","@id":"https:\/\/mekulo.com\/no\/produkt\/ergonomisk-pute-som-stotter-korsryggen\/#primaryimage","url":"https:\/\/mekulo.com\/no\/wp-content\/uploads\/sites\/10\/2026\/01\/81qwshh-1.jpg","contentUrl":"https:\/\/mekulo.com\/no\/wp-content\/uploads\/sites\/10\/2026\/01\/81qwshh-1.jpg","width":960,"height":960},{"@type":"BreadcrumbList","@id":"https:\/\/mekulo.com\/no\/produkt\/ergonomisk-pute-som-stotter-korsryggen\/#breadcrumb","itemListElement":[{"@type":"ListItem","position":1,"name":"Home","item":"https:\/\/mekulo.com\/no\/"},{"@type":"ListItem","position":2,"name":"Butikk","item":"https:\/\/mekulo.com\/no\/butikk\/"},{"@type":"ListItem","position":3,"name":"Ergonomisk pute som st\u00f8tter korsryggen"}]},{"@type":"WebSite","@id":"https:\/\/mekulo.com\/no\/#website","url":"https:\/\/mekulo.com\/no\/","name":"Mekulo NO","description":"","publisher":{"@id":"https:\/\/mekulo.com\/no\/#organization"},"potentialAction":[{"@type":"SearchAction","target":{"@type":"EntryPoint","urlTemplate":"https:\/\/mekulo.com\/no\/?s={search_term_string}"},"query-input":{"@type":"PropertyValueSpecification","valueRequired":true,"valueName":"search_term_string"}}],"inLanguage":"nb-NO"},{"@type":"Organization","@id":"https:\/\/mekulo.com\/no\/#organization","name":"Mekulo","url":"https:\/\/mekulo.com\/no\/","logo":{"@type":"ImageObject","inLanguage":"nb-NO","@id":"https:\/\/mekulo.com\/no\/#\/schema\/logo\/image\/","url":"https:\/\/mekulo.com\/no\/wp-content\/uploads\/sites\/10\/2025\/12\/favicon_mekulo.png","contentUrl":"https:\/\/mekulo.com\/no\/wp-content\/uploads\/sites\/10\/2025\/12\/favicon_mekulo.png","width":50,"height":50,"caption":"Mekulo"},"image":{"@id":"https:\/\/mekulo.com\/no\/#\/schema\/logo\/image\/"}}]}},"_links":{"self":[{"href":"https:\/\/mekulo.com\/no\/wp-json\/wp\/v2\/product\/17530","targetHints":{"allow":["GET"]}}],"collection":[{"href":"https:\/\/mekulo.com\/no\/wp-json\/wp\/v2\/product"}],"about":[{"href":"https:\/\/mekulo.com\/no\/wp-json\/wp\/v2\/types\/product"}],"replies":[{"embeddable":true,"href":"https:\/\/mekulo.com\/no\/wp-json\/wp\/v2\/comments?post=17530"}],"wp:featuredmedia":[{"embeddable":true,"href":"https:\/\/mekulo.com\/no\/wp-json\/wp\/v2\/media\/17526"}],"wp:attachment":[{"href":"https:\/\/mekulo.com\/no\/wp-json\/wp\/v2\/media?parent=17530"}],"wp:term":[{"taxonomy":"product_brand","embeddable":true,"href":"https:\/\/mekulo.com\/no\/wp-json\/wp\/v2\/product_brand?post=17530"},{"taxonomy":"product_cat","embeddable":true,"href":"https:\/\/mekulo.com\/no\/wp-json\/wp\/v2\/product_cat?post=17530"},{"taxonomy":"product_tag","embeddable":true,"href":"https:\/\/mekulo.com\/no\/wp-json\/wp\/v2\/product_tag?post=17530"}],"curies":[{"name":"wp","href":"https:\/\/api.w.org\/{rel}","templated":true}]}}