{"id":17518,"date":"2026-01-13T17:26:15","date_gmt":"2026-01-13T15:26:15","guid":{"rendered":"https:\/\/mekulo.com\/no\/produkt\/allsidig-borekronesliper\/"},"modified":"2026-03-02T12:24:18","modified_gmt":"2026-03-02T10:24:18","slug":"allsidig-borekronesliper","status":"publish","type":"product","link":"https:\/\/mekulo.com\/no\/produkt\/allsidig-borekronesliper\/","title":{"rendered":"Allsidig borekronesliper"},"content":{"rendered":"<p style=\"text-align: center;\" data-start=\"0\" data-end=\"72\"><strong data-start=\"0\" data-end=\"72\">Slip sl\u00f8ve bor p\u00e5 f\u00e5 sekunder og arbeid raskere med mindre anstrengelse. \u2699\ufe0f<\/strong><\/p>\n<p data-start=\"74\" data-end=\"306\"><img fetchpriority=\"high\" decoding=\"async\" class=\"size-full wp-image-19193 aligncenter\" src=\"https:\/\/mekulo.com\/template\/wp-content\/uploads\/sites\/6\/2026\/01\/Sb43a72ba474048e5858eed71548797a89.jpeg_960x960q75.jpeg_.jpg\" alt=\"\" width=\"1080\" height=\"1080\" \/><\/p>\n<h2 style=\"text-align: center;\" data-start=\"313\" data-end=\"332\"><strong>Hovedfordeler<\/strong><\/h2>\n<p data-start=\"336\" data-end=\"399\">\u26a1 Rask sliping &#8211; Slip bor p\u00e5 omtrent 5 sekunder.<\/p>\n<p data-start=\"402\" data-end=\"478\">\ud83d\udd27 Bred st\u00f8rrelsesst\u00f8tte &#8211; Dekker sm\u00e5 til store bor med 3 holdere.<\/p>\n<p data-start=\"481\" data-end=\"550\">\ud83d\udd04 Flerbruksbruk &#8211; Skarpere bor, kniver og skiver.<\/p>\n<p data-start=\"553\" data-end=\"628\">\ud83d\udc8e Holdbare slipeskiver &#8211; Slitesterke diamantslipeflater.<\/p>\n<p data-start=\"631\" data-end=\"687\">\ud83c\udf92 Kompakt og lett &#8211; lett \u00e5 oppbevare og b\u00e6re.<\/p>\n<p data-start=\"631\" data-end=\"687\"><img decoding=\"async\" class=\"size-full wp-image-19199 aligncenter\" src=\"https:\/\/mekulo.com\/template\/wp-content\/uploads\/sites\/6\/2026\/01\/S50ddffddd22f448888a164e52b861e7fa.jpeg_960x960q75.jpeg_.jpg\" alt=\"\" width=\"1080\" height=\"1080\" \/><\/p>\n<h2 style=\"text-align: center;\" data-start=\"694\" data-end=\"711\"><strong>Slik Bruker Du Den<\/strong><\/h2>\n<ol data-start=\"713\" data-end=\"956\">\n<li data-start=\"713\" data-end=\"764\">\n<p data-start=\"716\" data-end=\"764\">Sett sliperen inn i det elektriske boret ditt.<\/p>\n<\/li>\n<li data-start=\"765\" data-end=\"811\">\n<p data-start=\"768\" data-end=\"811\">Velg riktig st\u00f8rrelse p\u00e5 borkroneholderen.<\/p>\n<\/li>\n<li data-start=\"812\" data-end=\"858\">\n<p data-start=\"815\" data-end=\"858\">Plasser den sl\u00f8ve borkronen i holderen.<\/p>\n<\/li>\n<li data-start=\"859\" data-end=\"910\">\n<p data-start=\"862\" data-end=\"910\">Sl\u00e5 p\u00e5 boret og slip i noen sekunder.<\/p>\n<\/li>\n<li data-start=\"911\" data-end=\"956\">\n<p data-start=\"914\" data-end=\"956\">Ta ut og bruk den nyslipte borkronen.<\/p>\n<\/li>\n<\/ol>\n<h2 style=\"text-align: center;\" data-start=\"963\" data-end=\"985\"><strong>Produktdetaljer<\/strong><\/h2>\n<ul data-start=\"987\" data-end=\"1274\">\n<li data-start=\"1038\" data-end=\"1059\">\n<p data-start=\"1040\" data-end=\"1059\">Materiale: Plast<\/p>\n<\/li>\n<li data-start=\"1060\" data-end=\"1077\">\n<p data-start=\"1062\" data-end=\"1077\">Farge: Oransje<\/p>\n<\/li>\n<li data-start=\"1078\" data-end=\"1145\">\n<p data-start=\"1080\" data-end=\"1105\">Borholderst\u00f8rrelser:<\/p>\n<ul data-start=\"1108\" data-end=\"1145\">\n<li data-start=\"1108\" data-end=\"1118\">\n<p data-start=\"1110\" data-end=\"1118\">2-4 mm<\/p>\n<\/li>\n<li data-start=\"1121\" data-end=\"1131\">\n<p data-start=\"1123\" data-end=\"1131\">4-8 mm<\/p>\n<\/li>\n<li data-start=\"1134\" data-end=\"1145\">\n<p data-start=\"1136\" data-end=\"1145\">8-16 mm<\/p>\n<\/li>\n<\/ul>\n<\/li>\n<li data-start=\"1146\" data-end=\"1223\">\n<p data-start=\"1148\" data-end=\"1223\">Kompatible verkt\u00f8y: HSS, karbid, vri, koboltbor, kniver, skiver<\/p>\n<\/li>\n<li data-start=\"1224\" data-end=\"1274\">\n<p data-start=\"1226\" data-end=\"1274\">Design: Kompakt, boredrevet slipeverkt\u00f8y<\/p>\n<\/li>\n<li data-start=\"1224\" data-end=\"1274\">St\u00f8rrelse: 11 x 7,3 x 6,3 mm<\/li>\n<\/ul>\n<h2 style=\"text-align: center;\" data-start=\"1281\" data-end=\"1304\"><strong>Pakken inneholder<\/strong><\/h2>\n<ul data-start=\"1306\" data-end=\"1368\">\n<li data-start=\"1306\" data-end=\"1342\">\n<p data-start=\"1308\" data-end=\"1342\">1x borslipemaskin<\/p>\n<\/li>\n<li data-start=\"1343\" data-end=\"1368\">\n<p data-start=\"1345\" data-end=\"1368\">3x borekroneholdere.<\/p>\n<\/li>\n<\/ul>\n","protected":false},"excerpt":{"rendered":"<p><span style=\"font-size: 16px; font-style: normal; font-weight: 400;\">\ud83d\udee0\ufe0f<\/span>This multifunksjonsborsliper hjelper deg med \u00e5 gjenopprette skarpe kanter raskt ved hjelp av din elektriske drill.<br \/>\n\u2728Den sparer tid, forbedrer boreresultatene og fungerer ogs\u00e5 p\u00e5 andre skj\u00e6reverkt\u00f8y, noe som gj\u00f8r den til et smart tillegg i enhver verkt\u00f8ykasse eller p\u00e5 kj\u00f8kkenet.<br \/>\n\ud83d\udd2aEn rask og enkel m\u00e5te \u00e5 holde borene skarpe og arbeidet ditt effektivt &#8211; perfekt for hjemmebrukere, gj\u00f8r-det-selv-folk og profesjonelle.<\/p>\n","protected":false},"featured_media":17514,"comment_status":"open","ping_status":"closed","template":"","meta":{"site-sidebar-layout":"default","site-content-layout":"","ast-site-content-layout":"default","site-content-style":"default","site-sidebar-style":"default","ast-global-header-display":"","ast-banner-title-visibility":"","ast-main-header-display":"","ast-hfb-above-header-display":"","ast-hfb-below-header-display":"","ast-hfb-mobile-header-display":"","site-post-title":"","ast-breadcrumbs-content":"","ast-featured-img":"","footer-sml-layout":"","theme-transparent-header-meta":"default","adv-header-id-meta":"","stick-header-meta":"","header-above-stick-meta":"","header-main-stick-meta":"","header-below-stick-meta":"","astra-migrate-meta-layouts":"set","ast-page-background-enabled":"default","ast-page-background-meta":{"desktop":{"background-color":"var(--ast-global-color-5)","background-image":"","background-repeat":"repeat","background-position":"center center","background-size":"auto","background-attachment":"scroll","background-type":"","background-media":"","overlay-type":"","overlay-color":"","overlay-opacity":"","overlay-gradient":""},"tablet":{"background-color":"","background-image":"","background-repeat":"repeat","background-position":"center center","background-size":"auto","background-attachment":"scroll","background-type":"","background-media":"","overlay-type":"","overlay-color":"","overlay-opacity":"","overlay-gradient":""},"mobile":{"background-color":"","background-image":"","background-repeat":"repeat","background-position":"center center","background-size":"auto","background-attachment":"scroll","background-type":"","background-media":"","overlay-type":"","overlay-color":"","overlay-opacity":"","overlay-gradient":""}},"ast-content-background-meta":{"desktop":{"background-color":"var(--ast-global-color-4)","background-image":"","background-repeat":"repeat","background-position":"center center","background-size":"auto","background-attachment":"scroll","background-type":"","background-media":"","overlay-type":"","overlay-color":"","overlay-opacity":"","overlay-gradient":""},"tablet":{"background-color":"var(--ast-global-color-4)","background-image":"","background-repeat":"repeat","background-position":"center center","background-size":"auto","background-attachment":"scroll","background-type":"","background-media":"","overlay-type":"","overlay-color":"","overlay-opacity":"","overlay-gradient":""},"mobile":{"background-color":"var(--ast-global-color-4)","background-image":"","background-repeat":"repeat","background-position":"center center","background-size":"auto","background-attachment":"scroll","background-type":"","background-media":"","overlay-type":"","overlay-color":"","overlay-opacity":"","overlay-gradient":""}}},"product_brand":[],"product_cat":[15],"product_tag":[],"class_list":{"0":"post-17518","1":"product","2":"type-product","3":"status-publish","4":"has-post-thumbnail","6":"product_cat-uncategorized","7":"desktop-align-left","8":"tablet-align-left","9":"mobile-align-left","11":"first","12":"instock","13":"shipping-taxable","14":"purchasable","15":"product-type-simple"},"yoast_head":"<!-- This site is optimized with the Yoast SEO plugin v26.6 - https:\/\/yoast.com\/wordpress\/plugins\/seo\/ -->\n<title>Allsidig borekronesliper - Mekulo NO<\/title>\n<meta name=\"robots\" content=\"index, follow, max-snippet:-1, max-image-preview:large, max-video-preview:-1\" \/>\n<link rel=\"canonical\" href=\"https:\/\/mekulo.com\/no\/produkt\/allsidig-borekronesliper\/\" \/>\n<meta property=\"og:locale\" content=\"nb_NO\" \/>\n<meta property=\"og:type\" content=\"article\" \/>\n<meta property=\"og:title\" content=\"Allsidig borekronesliper - Mekulo NO\" \/>\n<meta property=\"og:description\" content=\"\ud83d\udee0\ufe0fThis multifunksjonsborsliper hjelper deg med \u00e5 gjenopprette skarpe kanter raskt ved hjelp av din elektriske drill. \u2728Den sparer tid, forbedrer boreresultatene og fungerer ogs\u00e5 p\u00e5 andre skj\u00e6reverkt\u00f8y, noe som gj\u00f8r den til et smart tillegg i enhver verkt\u00f8ykasse eller p\u00e5 kj\u00f8kkenet. \ud83d\udd2aEn rask og enkel m\u00e5te \u00e5 holde borene skarpe og arbeidet ditt effektivt - perfekt for hjemmebrukere, gj\u00f8r-det-selv-folk og profesjonelle.\" \/>\n<meta property=\"og:url\" content=\"https:\/\/mekulo.com\/no\/produkt\/allsidig-borekronesliper\/\" \/>\n<meta property=\"og:site_name\" content=\"Mekulo NO\" \/>\n<meta property=\"article:modified_time\" content=\"2026-03-02T10:24:18+00:00\" \/>\n<meta property=\"og:image\" content=\"https:\/\/mekulo.com\/no\/wp-content\/uploads\/sites\/10\/2026\/01\/fput26o-1.jpg\" \/>\n\t<meta property=\"og:image:width\" content=\"960\" \/>\n\t<meta property=\"og:image:height\" content=\"960\" \/>\n\t<meta property=\"og:image:type\" content=\"image\/jpeg\" \/>\n<meta name=\"twitter:card\" content=\"summary_large_image\" \/>\n<meta name=\"twitter:label1\" content=\"Ansl. lesetid\" \/>\n\t<meta name=\"twitter:data1\" content=\"2 minutter\" \/>\n<script type=\"application\/ld+json\" class=\"yoast-schema-graph\">{\"@context\":\"https:\/\/schema.org\",\"@graph\":[{\"@type\":\"WebPage\",\"@id\":\"https:\/\/mekulo.com\/no\/produkt\/allsidig-borekronesliper\/\",\"url\":\"https:\/\/mekulo.com\/no\/produkt\/allsidig-borekronesliper\/\",\"name\":\"Allsidig borekronesliper - Mekulo NO\",\"isPartOf\":{\"@id\":\"https:\/\/mekulo.com\/no\/#website\"},\"primaryImageOfPage\":{\"@id\":\"https:\/\/mekulo.com\/no\/produkt\/allsidig-borekronesliper\/#primaryimage\"},\"image\":{\"@id\":\"https:\/\/mekulo.com\/no\/produkt\/allsidig-borekronesliper\/#primaryimage\"},\"thumbnailUrl\":\"https:\/\/mekulo.com\/no\/wp-content\/uploads\/sites\/10\/2026\/01\/fput26o-1.jpg\",\"datePublished\":\"2026-01-13T15:26:15+00:00\",\"dateModified\":\"2026-03-02T10:24:18+00:00\",\"breadcrumb\":{\"@id\":\"https:\/\/mekulo.com\/no\/produkt\/allsidig-borekronesliper\/#breadcrumb\"},\"inLanguage\":\"nb-NO\",\"potentialAction\":[{\"@type\":\"ReadAction\",\"target\":[\"https:\/\/mekulo.com\/no\/produkt\/allsidig-borekronesliper\/\"]}]},{\"@type\":\"ImageObject\",\"inLanguage\":\"nb-NO\",\"@id\":\"https:\/\/mekulo.com\/no\/produkt\/allsidig-borekronesliper\/#primaryimage\",\"url\":\"https:\/\/mekulo.com\/no\/wp-content\/uploads\/sites\/10\/2026\/01\/fput26o-1.jpg\",\"contentUrl\":\"https:\/\/mekulo.com\/no\/wp-content\/uploads\/sites\/10\/2026\/01\/fput26o-1.jpg\",\"width\":960,\"height\":960},{\"@type\":\"BreadcrumbList\",\"@id\":\"https:\/\/mekulo.com\/no\/produkt\/allsidig-borekronesliper\/#breadcrumb\",\"itemListElement\":[{\"@type\":\"ListItem\",\"position\":1,\"name\":\"Home\",\"item\":\"https:\/\/mekulo.com\/no\/\"},{\"@type\":\"ListItem\",\"position\":2,\"name\":\"Butikk\",\"item\":\"https:\/\/mekulo.com\/no\/butikk\/\"},{\"@type\":\"ListItem\",\"position\":3,\"name\":\"Allsidig borekronesliper\"}]},{\"@type\":\"WebSite\",\"@id\":\"https:\/\/mekulo.com\/no\/#website\",\"url\":\"https:\/\/mekulo.com\/no\/\",\"name\":\"Mekulo NO\",\"description\":\"\",\"publisher\":{\"@id\":\"https:\/\/mekulo.com\/no\/#organization\"},\"potentialAction\":[{\"@type\":\"SearchAction\",\"target\":{\"@type\":\"EntryPoint\",\"urlTemplate\":\"https:\/\/mekulo.com\/no\/?s={search_term_string}\"},\"query-input\":{\"@type\":\"PropertyValueSpecification\",\"valueRequired\":true,\"valueName\":\"search_term_string\"}}],\"inLanguage\":\"nb-NO\"},{\"@type\":\"Organization\",\"@id\":\"https:\/\/mekulo.com\/no\/#organization\",\"name\":\"Mekulo\",\"url\":\"https:\/\/mekulo.com\/no\/\",\"logo\":{\"@type\":\"ImageObject\",\"inLanguage\":\"nb-NO\",\"@id\":\"https:\/\/mekulo.com\/no\/#\/schema\/logo\/image\/\",\"url\":\"https:\/\/mekulo.com\/no\/wp-content\/uploads\/sites\/10\/2025\/12\/favicon_mekulo.png\",\"contentUrl\":\"https:\/\/mekulo.com\/no\/wp-content\/uploads\/sites\/10\/2025\/12\/favicon_mekulo.png\",\"width\":50,\"height\":50,\"caption\":\"Mekulo\"},\"image\":{\"@id\":\"https:\/\/mekulo.com\/no\/#\/schema\/logo\/image\/\"}}]}<\/script>\n<!-- \/ Yoast SEO plugin. -->","yoast_head_json":{"title":"Allsidig borekronesliper - Mekulo NO","robots":{"index":"index","follow":"follow","max-snippet":"max-snippet:-1","max-image-preview":"max-image-preview:large","max-video-preview":"max-video-preview:-1"},"canonical":"https:\/\/mekulo.com\/no\/produkt\/allsidig-borekronesliper\/","og_locale":"nb_NO","og_type":"article","og_title":"Allsidig borekronesliper - Mekulo NO","og_description":"\ud83d\udee0\ufe0fThis multifunksjonsborsliper hjelper deg med \u00e5 gjenopprette skarpe kanter raskt ved hjelp av din elektriske drill. \u2728Den sparer tid, forbedrer boreresultatene og fungerer ogs\u00e5 p\u00e5 andre skj\u00e6reverkt\u00f8y, noe som gj\u00f8r den til et smart tillegg i enhver verkt\u00f8ykasse eller p\u00e5 kj\u00f8kkenet. \ud83d\udd2aEn rask og enkel m\u00e5te \u00e5 holde borene skarpe og arbeidet ditt effektivt - perfekt for hjemmebrukere, gj\u00f8r-det-selv-folk og profesjonelle.","og_url":"https:\/\/mekulo.com\/no\/produkt\/allsidig-borekronesliper\/","og_site_name":"Mekulo NO","article_modified_time":"2026-03-02T10:24:18+00:00","og_image":[{"width":960,"height":960,"url":"https:\/\/mekulo.com\/no\/wp-content\/uploads\/sites\/10\/2026\/01\/fput26o-1.jpg","type":"image\/jpeg"}],"twitter_card":"summary_large_image","twitter_misc":{"Ansl. lesetid":"2 minutter"},"schema":{"@context":"https:\/\/schema.org","@graph":[{"@type":"WebPage","@id":"https:\/\/mekulo.com\/no\/produkt\/allsidig-borekronesliper\/","url":"https:\/\/mekulo.com\/no\/produkt\/allsidig-borekronesliper\/","name":"Allsidig borekronesliper - Mekulo NO","isPartOf":{"@id":"https:\/\/mekulo.com\/no\/#website"},"primaryImageOfPage":{"@id":"https:\/\/mekulo.com\/no\/produkt\/allsidig-borekronesliper\/#primaryimage"},"image":{"@id":"https:\/\/mekulo.com\/no\/produkt\/allsidig-borekronesliper\/#primaryimage"},"thumbnailUrl":"https:\/\/mekulo.com\/no\/wp-content\/uploads\/sites\/10\/2026\/01\/fput26o-1.jpg","datePublished":"2026-01-13T15:26:15+00:00","dateModified":"2026-03-02T10:24:18+00:00","breadcrumb":{"@id":"https:\/\/mekulo.com\/no\/produkt\/allsidig-borekronesliper\/#breadcrumb"},"inLanguage":"nb-NO","potentialAction":[{"@type":"ReadAction","target":["https:\/\/mekulo.com\/no\/produkt\/allsidig-borekronesliper\/"]}]},{"@type":"ImageObject","inLanguage":"nb-NO","@id":"https:\/\/mekulo.com\/no\/produkt\/allsidig-borekronesliper\/#primaryimage","url":"https:\/\/mekulo.com\/no\/wp-content\/uploads\/sites\/10\/2026\/01\/fput26o-1.jpg","contentUrl":"https:\/\/mekulo.com\/no\/wp-content\/uploads\/sites\/10\/2026\/01\/fput26o-1.jpg","width":960,"height":960},{"@type":"BreadcrumbList","@id":"https:\/\/mekulo.com\/no\/produkt\/allsidig-borekronesliper\/#breadcrumb","itemListElement":[{"@type":"ListItem","position":1,"name":"Home","item":"https:\/\/mekulo.com\/no\/"},{"@type":"ListItem","position":2,"name":"Butikk","item":"https:\/\/mekulo.com\/no\/butikk\/"},{"@type":"ListItem","position":3,"name":"Allsidig borekronesliper"}]},{"@type":"WebSite","@id":"https:\/\/mekulo.com\/no\/#website","url":"https:\/\/mekulo.com\/no\/","name":"Mekulo NO","description":"","publisher":{"@id":"https:\/\/mekulo.com\/no\/#organization"},"potentialAction":[{"@type":"SearchAction","target":{"@type":"EntryPoint","urlTemplate":"https:\/\/mekulo.com\/no\/?s={search_term_string}"},"query-input":{"@type":"PropertyValueSpecification","valueRequired":true,"valueName":"search_term_string"}}],"inLanguage":"nb-NO"},{"@type":"Organization","@id":"https:\/\/mekulo.com\/no\/#organization","name":"Mekulo","url":"https:\/\/mekulo.com\/no\/","logo":{"@type":"ImageObject","inLanguage":"nb-NO","@id":"https:\/\/mekulo.com\/no\/#\/schema\/logo\/image\/","url":"https:\/\/mekulo.com\/no\/wp-content\/uploads\/sites\/10\/2025\/12\/favicon_mekulo.png","contentUrl":"https:\/\/mekulo.com\/no\/wp-content\/uploads\/sites\/10\/2025\/12\/favicon_mekulo.png","width":50,"height":50,"caption":"Mekulo"},"image":{"@id":"https:\/\/mekulo.com\/no\/#\/schema\/logo\/image\/"}}]}},"_links":{"self":[{"href":"https:\/\/mekulo.com\/no\/wp-json\/wp\/v2\/product\/17518","targetHints":{"allow":["GET"]}}],"collection":[{"href":"https:\/\/mekulo.com\/no\/wp-json\/wp\/v2\/product"}],"about":[{"href":"https:\/\/mekulo.com\/no\/wp-json\/wp\/v2\/types\/product"}],"replies":[{"embeddable":true,"href":"https:\/\/mekulo.com\/no\/wp-json\/wp\/v2\/comments?post=17518"}],"wp:featuredmedia":[{"embeddable":true,"href":"https:\/\/mekulo.com\/no\/wp-json\/wp\/v2\/media\/17514"}],"wp:attachment":[{"href":"https:\/\/mekulo.com\/no\/wp-json\/wp\/v2\/media?parent=17518"}],"wp:term":[{"taxonomy":"product_brand","embeddable":true,"href":"https:\/\/mekulo.com\/no\/wp-json\/wp\/v2\/product_brand?post=17518"},{"taxonomy":"product_cat","embeddable":true,"href":"https:\/\/mekulo.com\/no\/wp-json\/wp\/v2\/product_cat?post=17518"},{"taxonomy":"product_tag","embeddable":true,"href":"https:\/\/mekulo.com\/no\/wp-json\/wp\/v2\/product_tag?post=17518"}],"curies":[{"name":"wp","href":"https:\/\/api.w.org\/{rel}","templated":true}]}}