{"id":17506,"date":"2026-01-13T17:25:13","date_gmt":"2026-01-13T15:25:13","guid":{"rendered":"https:\/\/mekulo.com\/no\/produkt\/6-hulls-roterbar-stansetang\/"},"modified":"2026-01-13T18:57:16","modified_gmt":"2026-01-13T16:57:16","slug":"6-hulls-roterbar-stansetang","status":"publish","type":"product","link":"https:\/\/mekulo.com\/no\/produkt\/6-hulls-roterbar-stansetang\/","title":{"rendered":"6-hulls roterbar stansetang"},"content":{"rendered":"<p style=\"text-align: center;\" data-start=\"0\" data-end=\"81\"><strong data-start=\"0\" data-end=\"81\">Stans rene, presise hull p\u00e5 sekunder med ett kraftig og brukervennlig verkt\u00f8y. \ud83d\udd73\ufe0f<\/strong><\/p>\n<p data-start=\"0\" data-end=\"81\"><img fetchpriority=\"high\" decoding=\"async\" class=\"size-full wp-image-19187 aligncenter\" src=\"https:\/\/mekulo.com\/template\/wp-content\/uploads\/sites\/6\/2026\/01\/spp_20250606192042_fa285acfc05b61fcd5c672eb2b6843a9_30c70627-811c-4019-8c7d-454e7f5855b8.webp\" alt=\"\" width=\"713\" height=\"713\" \/><\/p>\n<h2 style=\"text-align: center;\" data-start=\"326\" data-end=\"345\"><strong>Hovedfordeler<\/strong><\/h2>\n<p data-start=\"349\" data-end=\"425\">\ud83d\udd04 6-hulls roterende hode &#8211; Bytt hullst\u00f8rrelse umiddelbart med en 360 \u00b0 sving.<\/p>\n<p data-start=\"428\" data-end=\"500\">\u2702\ufe0f Ren og presis stansing &#8211; Skarpe pinner skaper jevne, runde hull.<\/p>\n<p data-start=\"503\" data-end=\"578\">\ud83d\udcaa Sterke pinner i cr-v-st\u00e5l &#8211; Stanser gjennom t\u00f8ffe materialer med letthet.<\/p>\n<p data-start=\"581\" data-end=\"648\">\ud83d\udee1\ufe0f Slagbunn i messing &#8211; Absorberer kraft og beskytter stansespissene.<\/p>\n<p data-start=\"651\" data-end=\"724\">\ud83c\udf92 Lett og b\u00e6rbar &#8211; enkel \u00e5 ta med seg hjemme eller p\u00e5 farten.<\/p>\n<p data-start=\"651\" data-end=\"724\"><img decoding=\"async\" class=\"size-full wp-image-19188 aligncenter\" src=\"https:\/\/mekulo.com\/template\/wp-content\/uploads\/sites\/6\/2026\/01\/spp_20250606192025_6d69d7255a3c2adb34b25705bea678f4.jpg\" alt=\"\" width=\"800\" height=\"800\" \/><\/p>\n<h2 style=\"text-align: center;\" data-start=\"731\" data-end=\"748\"><strong>Slik Bruker Du Den<\/strong><\/h2>\n<ol data-start=\"750\" data-end=\"996\">\n<li data-start=\"750\" data-end=\"803\">\n<p data-start=\"753\" data-end=\"803\">Dreie hodet for \u00e5 velge \u00f8nsket hullst\u00f8rrelse.<\/p>\n<\/li>\n<li data-start=\"804\" data-end=\"845\">\n<p data-start=\"807\" data-end=\"845\">Plasser materialet mellom kjevene.<\/p>\n<\/li>\n<li data-start=\"846\" data-end=\"888\">\n<p data-start=\"849\" data-end=\"888\">Juster stansen mot m\u00e5lomr\u00e5det.<\/p>\n<\/li>\n<li data-start=\"889\" data-end=\"939\">\n<p data-start=\"892\" data-end=\"939\">Klem h\u00e5ndtakene godt sammen for \u00e5 stanse hullet.<\/p>\n<\/li>\n<li data-start=\"940\" data-end=\"996\">\n<p data-start=\"943\" data-end=\"996\">Slipp og dreie igjen hvis det er behov for en annen st\u00f8rrelse.<\/p>\n<\/li>\n<\/ol>\n<h2 style=\"text-align: center;\" data-start=\"1003\" data-end=\"1025\"><strong>Produktdetaljer<\/strong><\/h2>\n<ul data-start=\"1027\" data-end=\"1323\">\n<li data-start=\"1075\" data-end=\"1121\">\n<p data-start=\"1077\" data-end=\"1121\">Hullst\u00f8rrelser: 2 \/ 2,5 \/ 3 \/ 3,5 \/ 4 \/ 4,5 mm<\/p>\n<\/li>\n<li data-start=\"1122\" data-end=\"1142\">\n<p data-start=\"1124\" data-end=\"1142\">Hulltype: Rund<\/p>\n<\/li>\n<li data-start=\"1143\" data-end=\"1195\">\n<p data-start=\"1145\" data-end=\"1195\">Stansestiftmateriale: Krom Vanadium (Cr-V) st\u00e5l<\/p>\n<\/li>\n<li data-start=\"1196\" data-end=\"1220\">\n<p data-start=\"1198\" data-end=\"1220\">Base materiale: Messing<\/p>\n<\/li>\n<li data-start=\"1221\" data-end=\"1251\">\n<p data-start=\"1223\" data-end=\"1251\">Tanghode: 360\u00b0 roterbart<\/p>\n<\/li>\n<li data-start=\"1221\" data-end=\"1251\">St\u00f8rrelse: 220 x 90 mm<\/li>\n<\/ul>\n<h2 style=\"text-align: center;\" data-start=\"1330\" data-end=\"1353\"><strong>Pakken inneholder<\/strong><\/h2>\n<ul data-start=\"1355\" data-end=\"1392\">\n<li data-start=\"1355\" data-end=\"1392\">\n<p data-start=\"1357\" data-end=\"1392\">1x 6-hulls roterbar hulltang.<\/p>\n<\/li>\n<\/ul>\n","protected":false},"excerpt":{"rendered":"<p>\ud83d\udd73\ufe0fDette Med den roterbare 6-hulls hulltangen kan du raskt lage hull i perfekt st\u00f8rrelse i l\u00e6r, stoff, belter og mye mer.<br \/>\n\u2699\ufe0fMed Et roterende hode og en sterk st\u00e5lkonstruksjon gj\u00f8r at dette verkt\u00f8yet sparer tid og krefter og gir profesjonelle resultater hver gang.<br \/>\n\ud83e\uddf0Et p\u00e5litelig og slitesterkt verkt\u00f8y som lager rene hull p\u00e5 sekunder &#8211; perfekt for gj\u00f8r-det-selv-arbeid, h\u00e5ndverk og profesjonelt arbeid.<\/p>\n","protected":false},"featured_media":17502,"comment_status":"open","ping_status":"closed","template":"","meta":{"site-sidebar-layout":"default","site-content-layout":"","ast-site-content-layout":"default","site-content-style":"default","site-sidebar-style":"default","ast-global-header-display":"","ast-banner-title-visibility":"","ast-main-header-display":"","ast-hfb-above-header-display":"","ast-hfb-below-header-display":"","ast-hfb-mobile-header-display":"","site-post-title":"","ast-breadcrumbs-content":"","ast-featured-img":"","footer-sml-layout":"","theme-transparent-header-meta":"default","adv-header-id-meta":"","stick-header-meta":"","header-above-stick-meta":"","header-main-stick-meta":"","header-below-stick-meta":"","astra-migrate-meta-layouts":"set","ast-page-background-enabled":"default","ast-page-background-meta":{"desktop":{"background-color":"var(--ast-global-color-5)","background-image":"","background-repeat":"repeat","background-position":"center center","background-size":"auto","background-attachment":"scroll","background-type":"","background-media":"","overlay-type":"","overlay-color":"","overlay-opacity":"","overlay-gradient":""},"tablet":{"background-color":"","background-image":"","background-repeat":"repeat","background-position":"center center","background-size":"auto","background-attachment":"scroll","background-type":"","background-media":"","overlay-type":"","overlay-color":"","overlay-opacity":"","overlay-gradient":""},"mobile":{"background-color":"","background-image":"","background-repeat":"repeat","background-position":"center center","background-size":"auto","background-attachment":"scroll","background-type":"","background-media":"","overlay-type":"","overlay-color":"","overlay-opacity":"","overlay-gradient":""}},"ast-content-background-meta":{"desktop":{"background-color":"var(--ast-global-color-4)","background-image":"","background-repeat":"repeat","background-position":"center center","background-size":"auto","background-attachment":"scroll","background-type":"","background-media":"","overlay-type":"","overlay-color":"","overlay-opacity":"","overlay-gradient":""},"tablet":{"background-color":"var(--ast-global-color-4)","background-image":"","background-repeat":"repeat","background-position":"center center","background-size":"auto","background-attachment":"scroll","background-type":"","background-media":"","overlay-type":"","overlay-color":"","overlay-opacity":"","overlay-gradient":""},"mobile":{"background-color":"var(--ast-global-color-4)","background-image":"","background-repeat":"repeat","background-position":"center center","background-size":"auto","background-attachment":"scroll","background-type":"","background-media":"","overlay-type":"","overlay-color":"","overlay-opacity":"","overlay-gradient":""}}},"product_brand":[],"product_cat":[171],"product_tag":[],"class_list":{"0":"post-17506","1":"product","2":"type-product","3":"status-publish","4":"has-post-thumbnail","6":"product_cat-verktoy","7":"desktop-align-left","8":"tablet-align-left","9":"mobile-align-left","11":"first","12":"instock","13":"shipping-taxable","14":"purchasable","15":"product-type-simple"},"yoast_head":"<!-- This site is optimized with the Yoast SEO plugin v26.6 - https:\/\/yoast.com\/wordpress\/plugins\/seo\/ -->\n<title>6-hulls roterbar stansetang - Mekulo NO<\/title>\n<meta name=\"robots\" content=\"index, follow, max-snippet:-1, max-image-preview:large, max-video-preview:-1\" \/>\n<link rel=\"canonical\" href=\"https:\/\/mekulo.com\/no\/produkt\/6-hulls-roterbar-stansetang\/\" \/>\n<meta property=\"og:locale\" content=\"nb_NO\" \/>\n<meta property=\"og:type\" content=\"article\" \/>\n<meta property=\"og:title\" content=\"6-hulls roterbar stansetang - Mekulo NO\" \/>\n<meta property=\"og:description\" content=\"\ud83d\udd73\ufe0fDette Med den roterbare 6-hulls hulltangen kan du raskt lage hull i perfekt st\u00f8rrelse i l\u00e6r, stoff, belter og mye mer. \u2699\ufe0fMed Et roterende hode og en sterk st\u00e5lkonstruksjon gj\u00f8r at dette verkt\u00f8yet sparer tid og krefter og gir profesjonelle resultater hver gang. \ud83e\uddf0Et p\u00e5litelig og slitesterkt verkt\u00f8y som lager rene hull p\u00e5 sekunder - perfekt for gj\u00f8r-det-selv-arbeid, h\u00e5ndverk og profesjonelt arbeid.\" \/>\n<meta property=\"og:url\" content=\"https:\/\/mekulo.com\/no\/produkt\/6-hulls-roterbar-stansetang\/\" \/>\n<meta property=\"og:site_name\" content=\"Mekulo NO\" \/>\n<meta property=\"article:modified_time\" content=\"2026-01-13T16:57:16+00:00\" \/>\n<meta property=\"og:image\" content=\"https:\/\/mekulo.com\/no\/wp-content\/uploads\/sites\/10\/2026\/01\/xx0usdq-1.webp\" \/>\n\t<meta property=\"og:image:width\" content=\"713\" \/>\n\t<meta property=\"og:image:height\" content=\"713\" \/>\n\t<meta property=\"og:image:type\" content=\"image\/webp\" \/>\n<meta name=\"twitter:card\" content=\"summary_large_image\" \/>\n<meta name=\"twitter:label1\" content=\"Ansl. lesetid\" \/>\n\t<meta name=\"twitter:data1\" content=\"2 minutter\" \/>\n<script type=\"application\/ld+json\" class=\"yoast-schema-graph\">{\"@context\":\"https:\/\/schema.org\",\"@graph\":[{\"@type\":\"WebPage\",\"@id\":\"https:\/\/mekulo.com\/no\/produkt\/6-hulls-roterbar-stansetang\/\",\"url\":\"https:\/\/mekulo.com\/no\/produkt\/6-hulls-roterbar-stansetang\/\",\"name\":\"6-hulls roterbar stansetang - Mekulo NO\",\"isPartOf\":{\"@id\":\"https:\/\/mekulo.com\/no\/#website\"},\"primaryImageOfPage\":{\"@id\":\"https:\/\/mekulo.com\/no\/produkt\/6-hulls-roterbar-stansetang\/#primaryimage\"},\"image\":{\"@id\":\"https:\/\/mekulo.com\/no\/produkt\/6-hulls-roterbar-stansetang\/#primaryimage\"},\"thumbnailUrl\":\"https:\/\/mekulo.com\/no\/wp-content\/uploads\/sites\/10\/2026\/01\/xx0usdq-1.webp\",\"datePublished\":\"2026-01-13T15:25:13+00:00\",\"dateModified\":\"2026-01-13T16:57:16+00:00\",\"breadcrumb\":{\"@id\":\"https:\/\/mekulo.com\/no\/produkt\/6-hulls-roterbar-stansetang\/#breadcrumb\"},\"inLanguage\":\"nb-NO\",\"potentialAction\":[{\"@type\":\"ReadAction\",\"target\":[\"https:\/\/mekulo.com\/no\/produkt\/6-hulls-roterbar-stansetang\/\"]}]},{\"@type\":\"ImageObject\",\"inLanguage\":\"nb-NO\",\"@id\":\"https:\/\/mekulo.com\/no\/produkt\/6-hulls-roterbar-stansetang\/#primaryimage\",\"url\":\"https:\/\/mekulo.com\/no\/wp-content\/uploads\/sites\/10\/2026\/01\/xx0usdq-1.webp\",\"contentUrl\":\"https:\/\/mekulo.com\/no\/wp-content\/uploads\/sites\/10\/2026\/01\/xx0usdq-1.webp\",\"width\":713,\"height\":713},{\"@type\":\"BreadcrumbList\",\"@id\":\"https:\/\/mekulo.com\/no\/produkt\/6-hulls-roterbar-stansetang\/#breadcrumb\",\"itemListElement\":[{\"@type\":\"ListItem\",\"position\":1,\"name\":\"Home\",\"item\":\"https:\/\/mekulo.com\/no\/\"},{\"@type\":\"ListItem\",\"position\":2,\"name\":\"Butikk\",\"item\":\"https:\/\/mekulo.com\/no\/butikk\/\"},{\"@type\":\"ListItem\",\"position\":3,\"name\":\"6-hulls roterbar stansetang\"}]},{\"@type\":\"WebSite\",\"@id\":\"https:\/\/mekulo.com\/no\/#website\",\"url\":\"https:\/\/mekulo.com\/no\/\",\"name\":\"Mekulo NO\",\"description\":\"\",\"publisher\":{\"@id\":\"https:\/\/mekulo.com\/no\/#organization\"},\"potentialAction\":[{\"@type\":\"SearchAction\",\"target\":{\"@type\":\"EntryPoint\",\"urlTemplate\":\"https:\/\/mekulo.com\/no\/?s={search_term_string}\"},\"query-input\":{\"@type\":\"PropertyValueSpecification\",\"valueRequired\":true,\"valueName\":\"search_term_string\"}}],\"inLanguage\":\"nb-NO\"},{\"@type\":\"Organization\",\"@id\":\"https:\/\/mekulo.com\/no\/#organization\",\"name\":\"Mekulo\",\"url\":\"https:\/\/mekulo.com\/no\/\",\"logo\":{\"@type\":\"ImageObject\",\"inLanguage\":\"nb-NO\",\"@id\":\"https:\/\/mekulo.com\/no\/#\/schema\/logo\/image\/\",\"url\":\"https:\/\/mekulo.com\/no\/wp-content\/uploads\/sites\/10\/2025\/12\/favicon_mekulo.png\",\"contentUrl\":\"https:\/\/mekulo.com\/no\/wp-content\/uploads\/sites\/10\/2025\/12\/favicon_mekulo.png\",\"width\":50,\"height\":50,\"caption\":\"Mekulo\"},\"image\":{\"@id\":\"https:\/\/mekulo.com\/no\/#\/schema\/logo\/image\/\"}}]}<\/script>\n<!-- \/ Yoast SEO plugin. -->","yoast_head_json":{"title":"6-hulls roterbar stansetang - Mekulo NO","robots":{"index":"index","follow":"follow","max-snippet":"max-snippet:-1","max-image-preview":"max-image-preview:large","max-video-preview":"max-video-preview:-1"},"canonical":"https:\/\/mekulo.com\/no\/produkt\/6-hulls-roterbar-stansetang\/","og_locale":"nb_NO","og_type":"article","og_title":"6-hulls roterbar stansetang - Mekulo NO","og_description":"\ud83d\udd73\ufe0fDette Med den roterbare 6-hulls hulltangen kan du raskt lage hull i perfekt st\u00f8rrelse i l\u00e6r, stoff, belter og mye mer. \u2699\ufe0fMed Et roterende hode og en sterk st\u00e5lkonstruksjon gj\u00f8r at dette verkt\u00f8yet sparer tid og krefter og gir profesjonelle resultater hver gang. \ud83e\uddf0Et p\u00e5litelig og slitesterkt verkt\u00f8y som lager rene hull p\u00e5 sekunder - perfekt for gj\u00f8r-det-selv-arbeid, h\u00e5ndverk og profesjonelt arbeid.","og_url":"https:\/\/mekulo.com\/no\/produkt\/6-hulls-roterbar-stansetang\/","og_site_name":"Mekulo NO","article_modified_time":"2026-01-13T16:57:16+00:00","og_image":[{"width":713,"height":713,"url":"https:\/\/mekulo.com\/no\/wp-content\/uploads\/sites\/10\/2026\/01\/xx0usdq-1.webp","type":"image\/webp"}],"twitter_card":"summary_large_image","twitter_misc":{"Ansl. lesetid":"2 minutter"},"schema":{"@context":"https:\/\/schema.org","@graph":[{"@type":"WebPage","@id":"https:\/\/mekulo.com\/no\/produkt\/6-hulls-roterbar-stansetang\/","url":"https:\/\/mekulo.com\/no\/produkt\/6-hulls-roterbar-stansetang\/","name":"6-hulls roterbar stansetang - Mekulo NO","isPartOf":{"@id":"https:\/\/mekulo.com\/no\/#website"},"primaryImageOfPage":{"@id":"https:\/\/mekulo.com\/no\/produkt\/6-hulls-roterbar-stansetang\/#primaryimage"},"image":{"@id":"https:\/\/mekulo.com\/no\/produkt\/6-hulls-roterbar-stansetang\/#primaryimage"},"thumbnailUrl":"https:\/\/mekulo.com\/no\/wp-content\/uploads\/sites\/10\/2026\/01\/xx0usdq-1.webp","datePublished":"2026-01-13T15:25:13+00:00","dateModified":"2026-01-13T16:57:16+00:00","breadcrumb":{"@id":"https:\/\/mekulo.com\/no\/produkt\/6-hulls-roterbar-stansetang\/#breadcrumb"},"inLanguage":"nb-NO","potentialAction":[{"@type":"ReadAction","target":["https:\/\/mekulo.com\/no\/produkt\/6-hulls-roterbar-stansetang\/"]}]},{"@type":"ImageObject","inLanguage":"nb-NO","@id":"https:\/\/mekulo.com\/no\/produkt\/6-hulls-roterbar-stansetang\/#primaryimage","url":"https:\/\/mekulo.com\/no\/wp-content\/uploads\/sites\/10\/2026\/01\/xx0usdq-1.webp","contentUrl":"https:\/\/mekulo.com\/no\/wp-content\/uploads\/sites\/10\/2026\/01\/xx0usdq-1.webp","width":713,"height":713},{"@type":"BreadcrumbList","@id":"https:\/\/mekulo.com\/no\/produkt\/6-hulls-roterbar-stansetang\/#breadcrumb","itemListElement":[{"@type":"ListItem","position":1,"name":"Home","item":"https:\/\/mekulo.com\/no\/"},{"@type":"ListItem","position":2,"name":"Butikk","item":"https:\/\/mekulo.com\/no\/butikk\/"},{"@type":"ListItem","position":3,"name":"6-hulls roterbar stansetang"}]},{"@type":"WebSite","@id":"https:\/\/mekulo.com\/no\/#website","url":"https:\/\/mekulo.com\/no\/","name":"Mekulo NO","description":"","publisher":{"@id":"https:\/\/mekulo.com\/no\/#organization"},"potentialAction":[{"@type":"SearchAction","target":{"@type":"EntryPoint","urlTemplate":"https:\/\/mekulo.com\/no\/?s={search_term_string}"},"query-input":{"@type":"PropertyValueSpecification","valueRequired":true,"valueName":"search_term_string"}}],"inLanguage":"nb-NO"},{"@type":"Organization","@id":"https:\/\/mekulo.com\/no\/#organization","name":"Mekulo","url":"https:\/\/mekulo.com\/no\/","logo":{"@type":"ImageObject","inLanguage":"nb-NO","@id":"https:\/\/mekulo.com\/no\/#\/schema\/logo\/image\/","url":"https:\/\/mekulo.com\/no\/wp-content\/uploads\/sites\/10\/2025\/12\/favicon_mekulo.png","contentUrl":"https:\/\/mekulo.com\/no\/wp-content\/uploads\/sites\/10\/2025\/12\/favicon_mekulo.png","width":50,"height":50,"caption":"Mekulo"},"image":{"@id":"https:\/\/mekulo.com\/no\/#\/schema\/logo\/image\/"}}]}},"_links":{"self":[{"href":"https:\/\/mekulo.com\/no\/wp-json\/wp\/v2\/product\/17506","targetHints":{"allow":["GET"]}}],"collection":[{"href":"https:\/\/mekulo.com\/no\/wp-json\/wp\/v2\/product"}],"about":[{"href":"https:\/\/mekulo.com\/no\/wp-json\/wp\/v2\/types\/product"}],"replies":[{"embeddable":true,"href":"https:\/\/mekulo.com\/no\/wp-json\/wp\/v2\/comments?post=17506"}],"wp:featuredmedia":[{"embeddable":true,"href":"https:\/\/mekulo.com\/no\/wp-json\/wp\/v2\/media\/17502"}],"wp:attachment":[{"href":"https:\/\/mekulo.com\/no\/wp-json\/wp\/v2\/media?parent=17506"}],"wp:term":[{"taxonomy":"product_brand","embeddable":true,"href":"https:\/\/mekulo.com\/no\/wp-json\/wp\/v2\/product_brand?post=17506"},{"taxonomy":"product_cat","embeddable":true,"href":"https:\/\/mekulo.com\/no\/wp-json\/wp\/v2\/product_cat?post=17506"},{"taxonomy":"product_tag","embeddable":true,"href":"https:\/\/mekulo.com\/no\/wp-json\/wp\/v2\/product_tag?post=17506"}],"curies":[{"name":"wp","href":"https:\/\/api.w.org\/{rel}","templated":true}]}}