{"id":17484,"date":"2026-01-13T17:22:49","date_gmt":"2026-01-13T15:22:49","guid":{"rendered":"https:\/\/mekulo.com\/no\/produkt\/bluetooth-sensorer-for-dekktrykkovervaking\/"},"modified":"2026-01-13T18:53:16","modified_gmt":"2026-01-13T16:53:16","slug":"bluetooth-sensorer-for-dekktrykkovervaking","status":"publish","type":"product","link":"https:\/\/mekulo.com\/no\/produkt\/bluetooth-sensorer-for-dekktrykkovervaking\/","title":{"rendered":"Bluetooth-sensorer for dekktrykkoverv\u00e5king"},"content":{"rendered":"<p style=\"text-align: center;\" data-start=\"0\" data-end=\"72\"><strong data-start=\"0\" data-end=\"72\">Overv\u00e5k dekktrykket i sanntid for tryggere og jevnere kj\u00f8ring. \ud83d\ude97<\/strong><\/p>\n<p data-start=\"0\" data-end=\"72\"><img fetchpriority=\"high\" decoding=\"async\" class=\"size-full wp-image-19046 aligncenter\" src=\"https:\/\/mekulo.com\/template\/wp-content\/uploads\/sites\/6\/2026\/01\/spp_20250611185413_bf3f8e8f8f6097ae1b863171ceae7ede.jpg\" alt=\"\" width=\"800\" height=\"800\" \/><\/p>\n<h2 style=\"text-align: center;\" data-start=\"378\" data-end=\"397\"><strong>Hovedfordeler<\/strong><\/h2>\n<p data-start=\"401\" data-end=\"480\">\ud83d\udcf1 Appoverv\u00e5king i sanntid &#8211; Sjekk dekktrykk og temperatur n\u00e5r som helst.<\/p>\n<p data-start=\"483\" data-end=\"579\">\ud83d\udea8 Smarte sikkerhetsvarsler &#8211; Advarsler om h\u00f8yt \/ lavt trykk, lekkasje, temperatur og lavt batteriniv\u00e5.<\/p>\n<p data-start=\"582\" data-end=\"666\">\ud83d\udca7 IP67 vanntett og st\u00f8vtett &#8211; Fungerer i regn, gj\u00f8rme og t\u00f8ffe veiforhold.<\/p>\n<p data-start=\"669\" data-end=\"750\">\ud83d\ude97 Universell kompatibilitet &#8211; Passer til biler, SUV-er, lette lastebiler og motorsykler.<\/p>\n<p data-start=\"753\" data-end=\"833\">\ud83d\udd29 Slitesterk legeringsbase &#8211; Bygget for \u00e5 h\u00e5ndtere trykkendringer og langvarig bruk.<\/p>\n<p data-start=\"753\" data-end=\"833\"><img decoding=\"async\" class=\"size-full wp-image-19048 aligncenter\" src=\"https:\/\/mekulo.com\/template\/wp-content\/uploads\/sites\/6\/2026\/01\/spp_20250611185421_aa8811c1dd0ba889ea2830cbee6b2947.jpg\" alt=\"\" width=\"800\" height=\"800\" \/><\/p>\n<h2 style=\"text-align: center;\" data-start=\"840\" data-end=\"857\"><strong>Slik Bruker Du Det<\/strong><\/h2>\n<ol data-start=\"859\" data-end=\"1153\">\n<li data-start=\"859\" data-end=\"918\">\n<p data-start=\"862\" data-end=\"918\">Last ned den kompatible mobilappen p\u00e5 smarttelefonen din.<\/p>\n<\/li>\n<li data-start=\"919\" data-end=\"990\">\n<p data-start=\"922\" data-end=\"990\">Installer sensorene p\u00e5 dekkventilene ved hjelp av den medf\u00f8lgende n\u00f8kkelen.<\/p>\n<\/li>\n<li data-start=\"991\" data-end=\"1043\">\n<p data-start=\"994\" data-end=\"1043\">Koble sensorene til telefonen via Bluetooth.<\/p>\n<\/li>\n<li data-start=\"1044\" data-end=\"1102\">\n<p data-start=\"1047\" data-end=\"1102\">Still inn alarmgrenser for trykk og temperatur i appen.<\/p>\n<\/li>\n<li data-start=\"1103\" data-end=\"1153\">\n<p data-start=\"1106\" data-end=\"1153\">Overv\u00e5k dekkdata i sanntid mens du kj\u00f8rer.<\/p>\n<\/li>\n<\/ol>\n<h2 style=\"text-align: center;\" data-start=\"1160\" data-end=\"1182\"><strong>Produktdetaljer<\/strong><\/h2>\n<ul data-start=\"1184\" data-end=\"1618\">\n<li data-start=\"1245\" data-end=\"1276\">\n<p data-start=\"1247\" data-end=\"1276\">Koblingsmuligheter: Bluetooth 5.0<\/p>\n<\/li>\n<li data-start=\"1277\" data-end=\"1318\">\n<p data-start=\"1279\" data-end=\"1318\">Trykkomr\u00e5de: 0-6,8 bar \/ 0-100 psi<\/p>\n<\/li>\n<li data-start=\"1319\" data-end=\"1361\">\n<p data-start=\"1321\" data-end=\"1361\">Trykkn\u00f8yaktighet: \u00b10,1 bar \/ \u00b11,5 psi<\/p>\n<\/li>\n<li data-start=\"1362\" data-end=\"1399\">\n<p data-start=\"1364\" data-end=\"1399\">Temperaturomr\u00e5de: -40 \u00b0C til 125 \u00b0C<\/p>\n<\/li>\n<li data-start=\"1400\" data-end=\"1430\">\n<p data-start=\"1402\" data-end=\"1430\">Temperaturn\u00f8yaktighet: \u00b13 \u00b0C<\/p>\n<\/li>\n<li data-start=\"1431\" data-end=\"1469\">\n<p data-start=\"1433\" data-end=\"1469\">Materiale: ABS + PC med legeringsbase<\/p>\n<\/li>\n<li data-start=\"1470\" data-end=\"1496\">\n<p data-start=\"1472\" data-end=\"1496\">Vanntett niv\u00e5: IP67<\/p>\n<\/li>\n<li data-start=\"1497\" data-end=\"1535\">\n<p data-start=\"1499\" data-end=\"1535\">Batteritype: CR1632 (utskiftbart)<\/p>\n<\/li>\n<li data-start=\"1536\" data-end=\"1563\">\n<p data-start=\"1538\" data-end=\"1563\">Batterilevetid: 1-2 \u00e5r<\/p>\n<\/li>\n<li data-start=\"1564\" data-end=\"1587\">\n<p data-start=\"1566\" data-end=\"1587\">Visning: Mobilapp<\/p>\n<\/li>\n<li data-start=\"1588\" data-end=\"1618\">\n<p data-start=\"1590\" data-end=\"1618\">Tr\u00e5dl\u00f8s frekvens: 2,4 GHz<\/p>\n<\/li>\n<li data-start=\"1588\" data-end=\"1618\">St\u00f8rrelse: 22,5 x 18 mm<\/li>\n<\/ul>\n<h2 style=\"text-align: center;\" data-start=\"1625\" data-end=\"1648\"><strong>Pakken inkluderer<\/strong><\/h2>\n<ul data-start=\"1650\" data-end=\"1736\">\n<li data-start=\"1650\" data-end=\"1684\">\n<p data-start=\"1652\" data-end=\"1684\">2 eller 4x dekktrykksensorer<\/p>\n<\/li>\n<li data-start=\"1685\" data-end=\"1712\">\n<p data-start=\"1687\" data-end=\"1712\">1x monteringsn\u00f8kkel<\/p>\n<\/li>\n<li data-start=\"1713\" data-end=\"1736\">\n<p data-start=\"1715\" data-end=\"1736\">2, 4x tyverisikringsmuttere.<\/p>\n<\/li>\n<\/ul>\n","protected":false},"excerpt":{"rendered":"<p>\ud83d\ude97Disse Bluetooth-sensorene for dekktrykkoverv\u00e5king sender n\u00f8yaktige trykk- og temperaturdata direkte til telefonen din, og hjelper deg med \u00e5 unng\u00e5 punkteringer, ujevn slitasje og sl\u00f8sing med drivstoff.<br \/>\n\ud83c\udfcd\ufe0fDesignet for daglig kj\u00f8ring eller lange turer, de holder dekkene i perfekt stand med umiddelbare varsler og p\u00e5litelig ytelse.<\/p>\n","protected":false},"featured_media":17480,"comment_status":"open","ping_status":"closed","template":"","meta":{"site-sidebar-layout":"default","site-content-layout":"","ast-site-content-layout":"default","site-content-style":"default","site-sidebar-style":"default","ast-global-header-display":"","ast-banner-title-visibility":"","ast-main-header-display":"","ast-hfb-above-header-display":"","ast-hfb-below-header-display":"","ast-hfb-mobile-header-display":"","site-post-title":"","ast-breadcrumbs-content":"","ast-featured-img":"","footer-sml-layout":"","theme-transparent-header-meta":"default","adv-header-id-meta":"","stick-header-meta":"","header-above-stick-meta":"","header-main-stick-meta":"","header-below-stick-meta":"","astra-migrate-meta-layouts":"set","ast-page-background-enabled":"default","ast-page-background-meta":{"desktop":{"background-color":"var(--ast-global-color-5)","background-image":"","background-repeat":"repeat","background-position":"center center","background-size":"auto","background-attachment":"scroll","background-type":"","background-media":"","overlay-type":"","overlay-color":"","overlay-opacity":"","overlay-gradient":""},"tablet":{"background-color":"","background-image":"","background-repeat":"repeat","background-position":"center center","background-size":"auto","background-attachment":"scroll","background-type":"","background-media":"","overlay-type":"","overlay-color":"","overlay-opacity":"","overlay-gradient":""},"mobile":{"background-color":"","background-image":"","background-repeat":"repeat","background-position":"center center","background-size":"auto","background-attachment":"scroll","background-type":"","background-media":"","overlay-type":"","overlay-color":"","overlay-opacity":"","overlay-gradient":""}},"ast-content-background-meta":{"desktop":{"background-color":"var(--ast-global-color-4)","background-image":"","background-repeat":"repeat","background-position":"center center","background-size":"auto","background-attachment":"scroll","background-type":"","background-media":"","overlay-type":"","overlay-color":"","overlay-opacity":"","overlay-gradient":""},"tablet":{"background-color":"var(--ast-global-color-4)","background-image":"","background-repeat":"repeat","background-position":"center center","background-size":"auto","background-attachment":"scroll","background-type":"","background-media":"","overlay-type":"","overlay-color":"","overlay-opacity":"","overlay-gradient":""},"mobile":{"background-color":"var(--ast-global-color-4)","background-image":"","background-repeat":"repeat","background-position":"center center","background-size":"auto","background-attachment":"scroll","background-type":"","background-media":"","overlay-type":"","overlay-color":"","overlay-opacity":"","overlay-gradient":""}}},"product_brand":[],"product_cat":[161],"product_tag":[],"class_list":{"0":"post-17484","1":"product","2":"type-product","3":"status-publish","4":"has-post-thumbnail","6":"product_cat-bilprodukter","7":"pa_66841_sjtygtww-2-sensorer","8":"pa_66841_sjtygtww-4-sensorer","9":"desktop-align-left","10":"tablet-align-left","11":"mobile-align-left","13":"first","14":"instock","15":"shipping-taxable","16":"purchasable","17":"product-type-variable"},"yoast_head":"<!-- This site is optimized with the Yoast SEO plugin v26.6 - https:\/\/yoast.com\/wordpress\/plugins\/seo\/ -->\n<title>Bluetooth-sensorer for dekktrykkoverv\u00e5king - Mekulo NO<\/title>\n<meta name=\"robots\" content=\"index, follow, max-snippet:-1, max-image-preview:large, max-video-preview:-1\" \/>\n<link rel=\"canonical\" href=\"https:\/\/mekulo.com\/no\/produkt\/bluetooth-sensorer-for-dekktrykkovervaking\/\" \/>\n<meta property=\"og:locale\" content=\"nb_NO\" \/>\n<meta property=\"og:type\" content=\"article\" \/>\n<meta property=\"og:title\" content=\"Bluetooth-sensorer for dekktrykkoverv\u00e5king - Mekulo NO\" \/>\n<meta property=\"og:description\" content=\"\ud83d\ude97Disse Bluetooth-sensorene for dekktrykkoverv\u00e5king sender n\u00f8yaktige trykk- og temperaturdata direkte til telefonen din, og hjelper deg med \u00e5 unng\u00e5 punkteringer, ujevn slitasje og sl\u00f8sing med drivstoff. \ud83c\udfcd\ufe0fDesignet for daglig kj\u00f8ring eller lange turer, de holder dekkene i perfekt stand med umiddelbare varsler og p\u00e5litelig ytelse.\" \/>\n<meta property=\"og:url\" content=\"https:\/\/mekulo.com\/no\/produkt\/bluetooth-sensorer-for-dekktrykkovervaking\/\" \/>\n<meta property=\"og:site_name\" content=\"Mekulo NO\" \/>\n<meta property=\"article:modified_time\" content=\"2026-01-13T16:53:16+00:00\" \/>\n<meta property=\"og:image\" content=\"https:\/\/mekulo.com\/no\/wp-content\/uploads\/sites\/10\/2026\/01\/x02tpas-1.webp\" \/>\n\t<meta property=\"og:image:width\" content=\"713\" \/>\n\t<meta property=\"og:image:height\" content=\"713\" \/>\n\t<meta property=\"og:image:type\" content=\"image\/webp\" \/>\n<meta name=\"twitter:card\" content=\"summary_large_image\" \/>\n<meta name=\"twitter:label1\" content=\"Ansl. lesetid\" \/>\n\t<meta name=\"twitter:data1\" content=\"2 minutter\" \/>\n<script type=\"application\/ld+json\" class=\"yoast-schema-graph\">{\"@context\":\"https:\/\/schema.org\",\"@graph\":[{\"@type\":\"WebPage\",\"@id\":\"https:\/\/mekulo.com\/no\/produkt\/bluetooth-sensorer-for-dekktrykkovervaking\/\",\"url\":\"https:\/\/mekulo.com\/no\/produkt\/bluetooth-sensorer-for-dekktrykkovervaking\/\",\"name\":\"Bluetooth-sensorer for dekktrykkoverv\u00e5king - Mekulo NO\",\"isPartOf\":{\"@id\":\"https:\/\/mekulo.com\/no\/#website\"},\"primaryImageOfPage\":{\"@id\":\"https:\/\/mekulo.com\/no\/produkt\/bluetooth-sensorer-for-dekktrykkovervaking\/#primaryimage\"},\"image\":{\"@id\":\"https:\/\/mekulo.com\/no\/produkt\/bluetooth-sensorer-for-dekktrykkovervaking\/#primaryimage\"},\"thumbnailUrl\":\"https:\/\/mekulo.com\/no\/wp-content\/uploads\/sites\/10\/2026\/01\/x02tpas-1.webp\",\"datePublished\":\"2026-01-13T15:22:49+00:00\",\"dateModified\":\"2026-01-13T16:53:16+00:00\",\"breadcrumb\":{\"@id\":\"https:\/\/mekulo.com\/no\/produkt\/bluetooth-sensorer-for-dekktrykkovervaking\/#breadcrumb\"},\"inLanguage\":\"nb-NO\",\"potentialAction\":[{\"@type\":\"ReadAction\",\"target\":[\"https:\/\/mekulo.com\/no\/produkt\/bluetooth-sensorer-for-dekktrykkovervaking\/\"]}]},{\"@type\":\"ImageObject\",\"inLanguage\":\"nb-NO\",\"@id\":\"https:\/\/mekulo.com\/no\/produkt\/bluetooth-sensorer-for-dekktrykkovervaking\/#primaryimage\",\"url\":\"https:\/\/mekulo.com\/no\/wp-content\/uploads\/sites\/10\/2026\/01\/x02tpas-1.webp\",\"contentUrl\":\"https:\/\/mekulo.com\/no\/wp-content\/uploads\/sites\/10\/2026\/01\/x02tpas-1.webp\",\"width\":713,\"height\":713},{\"@type\":\"BreadcrumbList\",\"@id\":\"https:\/\/mekulo.com\/no\/produkt\/bluetooth-sensorer-for-dekktrykkovervaking\/#breadcrumb\",\"itemListElement\":[{\"@type\":\"ListItem\",\"position\":1,\"name\":\"Home\",\"item\":\"https:\/\/mekulo.com\/no\/\"},{\"@type\":\"ListItem\",\"position\":2,\"name\":\"Butikk\",\"item\":\"https:\/\/mekulo.com\/no\/butikk\/\"},{\"@type\":\"ListItem\",\"position\":3,\"name\":\"Bluetooth-sensorer for dekktrykkoverv\u00e5king\"}]},{\"@type\":\"WebSite\",\"@id\":\"https:\/\/mekulo.com\/no\/#website\",\"url\":\"https:\/\/mekulo.com\/no\/\",\"name\":\"Mekulo NO\",\"description\":\"\",\"publisher\":{\"@id\":\"https:\/\/mekulo.com\/no\/#organization\"},\"potentialAction\":[{\"@type\":\"SearchAction\",\"target\":{\"@type\":\"EntryPoint\",\"urlTemplate\":\"https:\/\/mekulo.com\/no\/?s={search_term_string}\"},\"query-input\":{\"@type\":\"PropertyValueSpecification\",\"valueRequired\":true,\"valueName\":\"search_term_string\"}}],\"inLanguage\":\"nb-NO\"},{\"@type\":\"Organization\",\"@id\":\"https:\/\/mekulo.com\/no\/#organization\",\"name\":\"Mekulo\",\"url\":\"https:\/\/mekulo.com\/no\/\",\"logo\":{\"@type\":\"ImageObject\",\"inLanguage\":\"nb-NO\",\"@id\":\"https:\/\/mekulo.com\/no\/#\/schema\/logo\/image\/\",\"url\":\"https:\/\/mekulo.com\/no\/wp-content\/uploads\/sites\/10\/2025\/12\/favicon_mekulo.png\",\"contentUrl\":\"https:\/\/mekulo.com\/no\/wp-content\/uploads\/sites\/10\/2025\/12\/favicon_mekulo.png\",\"width\":50,\"height\":50,\"caption\":\"Mekulo\"},\"image\":{\"@id\":\"https:\/\/mekulo.com\/no\/#\/schema\/logo\/image\/\"}}]}<\/script>\n<!-- \/ Yoast SEO plugin. -->","yoast_head_json":{"title":"Bluetooth-sensorer for dekktrykkoverv\u00e5king - Mekulo NO","robots":{"index":"index","follow":"follow","max-snippet":"max-snippet:-1","max-image-preview":"max-image-preview:large","max-video-preview":"max-video-preview:-1"},"canonical":"https:\/\/mekulo.com\/no\/produkt\/bluetooth-sensorer-for-dekktrykkovervaking\/","og_locale":"nb_NO","og_type":"article","og_title":"Bluetooth-sensorer for dekktrykkoverv\u00e5king - Mekulo NO","og_description":"\ud83d\ude97Disse Bluetooth-sensorene for dekktrykkoverv\u00e5king sender n\u00f8yaktige trykk- og temperaturdata direkte til telefonen din, og hjelper deg med \u00e5 unng\u00e5 punkteringer, ujevn slitasje og sl\u00f8sing med drivstoff. \ud83c\udfcd\ufe0fDesignet for daglig kj\u00f8ring eller lange turer, de holder dekkene i perfekt stand med umiddelbare varsler og p\u00e5litelig ytelse.","og_url":"https:\/\/mekulo.com\/no\/produkt\/bluetooth-sensorer-for-dekktrykkovervaking\/","og_site_name":"Mekulo NO","article_modified_time":"2026-01-13T16:53:16+00:00","og_image":[{"width":713,"height":713,"url":"https:\/\/mekulo.com\/no\/wp-content\/uploads\/sites\/10\/2026\/01\/x02tpas-1.webp","type":"image\/webp"}],"twitter_card":"summary_large_image","twitter_misc":{"Ansl. lesetid":"2 minutter"},"schema":{"@context":"https:\/\/schema.org","@graph":[{"@type":"WebPage","@id":"https:\/\/mekulo.com\/no\/produkt\/bluetooth-sensorer-for-dekktrykkovervaking\/","url":"https:\/\/mekulo.com\/no\/produkt\/bluetooth-sensorer-for-dekktrykkovervaking\/","name":"Bluetooth-sensorer for dekktrykkoverv\u00e5king - Mekulo NO","isPartOf":{"@id":"https:\/\/mekulo.com\/no\/#website"},"primaryImageOfPage":{"@id":"https:\/\/mekulo.com\/no\/produkt\/bluetooth-sensorer-for-dekktrykkovervaking\/#primaryimage"},"image":{"@id":"https:\/\/mekulo.com\/no\/produkt\/bluetooth-sensorer-for-dekktrykkovervaking\/#primaryimage"},"thumbnailUrl":"https:\/\/mekulo.com\/no\/wp-content\/uploads\/sites\/10\/2026\/01\/x02tpas-1.webp","datePublished":"2026-01-13T15:22:49+00:00","dateModified":"2026-01-13T16:53:16+00:00","breadcrumb":{"@id":"https:\/\/mekulo.com\/no\/produkt\/bluetooth-sensorer-for-dekktrykkovervaking\/#breadcrumb"},"inLanguage":"nb-NO","potentialAction":[{"@type":"ReadAction","target":["https:\/\/mekulo.com\/no\/produkt\/bluetooth-sensorer-for-dekktrykkovervaking\/"]}]},{"@type":"ImageObject","inLanguage":"nb-NO","@id":"https:\/\/mekulo.com\/no\/produkt\/bluetooth-sensorer-for-dekktrykkovervaking\/#primaryimage","url":"https:\/\/mekulo.com\/no\/wp-content\/uploads\/sites\/10\/2026\/01\/x02tpas-1.webp","contentUrl":"https:\/\/mekulo.com\/no\/wp-content\/uploads\/sites\/10\/2026\/01\/x02tpas-1.webp","width":713,"height":713},{"@type":"BreadcrumbList","@id":"https:\/\/mekulo.com\/no\/produkt\/bluetooth-sensorer-for-dekktrykkovervaking\/#breadcrumb","itemListElement":[{"@type":"ListItem","position":1,"name":"Home","item":"https:\/\/mekulo.com\/no\/"},{"@type":"ListItem","position":2,"name":"Butikk","item":"https:\/\/mekulo.com\/no\/butikk\/"},{"@type":"ListItem","position":3,"name":"Bluetooth-sensorer for dekktrykkoverv\u00e5king"}]},{"@type":"WebSite","@id":"https:\/\/mekulo.com\/no\/#website","url":"https:\/\/mekulo.com\/no\/","name":"Mekulo NO","description":"","publisher":{"@id":"https:\/\/mekulo.com\/no\/#organization"},"potentialAction":[{"@type":"SearchAction","target":{"@type":"EntryPoint","urlTemplate":"https:\/\/mekulo.com\/no\/?s={search_term_string}"},"query-input":{"@type":"PropertyValueSpecification","valueRequired":true,"valueName":"search_term_string"}}],"inLanguage":"nb-NO"},{"@type":"Organization","@id":"https:\/\/mekulo.com\/no\/#organization","name":"Mekulo","url":"https:\/\/mekulo.com\/no\/","logo":{"@type":"ImageObject","inLanguage":"nb-NO","@id":"https:\/\/mekulo.com\/no\/#\/schema\/logo\/image\/","url":"https:\/\/mekulo.com\/no\/wp-content\/uploads\/sites\/10\/2025\/12\/favicon_mekulo.png","contentUrl":"https:\/\/mekulo.com\/no\/wp-content\/uploads\/sites\/10\/2025\/12\/favicon_mekulo.png","width":50,"height":50,"caption":"Mekulo"},"image":{"@id":"https:\/\/mekulo.com\/no\/#\/schema\/logo\/image\/"}}]}},"_links":{"self":[{"href":"https:\/\/mekulo.com\/no\/wp-json\/wp\/v2\/product\/17484","targetHints":{"allow":["GET"]}}],"collection":[{"href":"https:\/\/mekulo.com\/no\/wp-json\/wp\/v2\/product"}],"about":[{"href":"https:\/\/mekulo.com\/no\/wp-json\/wp\/v2\/types\/product"}],"replies":[{"embeddable":true,"href":"https:\/\/mekulo.com\/no\/wp-json\/wp\/v2\/comments?post=17484"}],"wp:featuredmedia":[{"embeddable":true,"href":"https:\/\/mekulo.com\/no\/wp-json\/wp\/v2\/media\/17480"}],"wp:attachment":[{"href":"https:\/\/mekulo.com\/no\/wp-json\/wp\/v2\/media?parent=17484"}],"wp:term":[{"taxonomy":"product_brand","embeddable":true,"href":"https:\/\/mekulo.com\/no\/wp-json\/wp\/v2\/product_brand?post=17484"},{"taxonomy":"product_cat","embeddable":true,"href":"https:\/\/mekulo.com\/no\/wp-json\/wp\/v2\/product_cat?post=17484"},{"taxonomy":"product_tag","embeddable":true,"href":"https:\/\/mekulo.com\/no\/wp-json\/wp\/v2\/product_tag?post=17484"}],"curies":[{"name":"wp","href":"https:\/\/api.w.org\/{rel}","templated":true}]}}