{"id":17465,"date":"2026-01-13T17:21:23","date_gmt":"2026-01-13T15:21:23","guid":{"rendered":"https:\/\/mekulo.com\/no\/produkt\/justerbart-langt-skohorn\/"},"modified":"2026-01-13T18:50:21","modified_gmt":"2026-01-13T16:50:21","slug":"justerbart-langt-skohorn","status":"publish","type":"product","link":"https:\/\/mekulo.com\/no\/produkt\/justerbart-langt-skohorn\/","title":{"rendered":"Justerbart langt skohorn"},"content":{"rendered":"<p style=\"text-align: center;\" data-start=\"0\" data-end=\"53\"><strong data-start=\"0\" data-end=\"53\">Ta p\u00e5 deg skoene enkelt uten \u00e5 b\u00f8ye deg eller anstrenge deg. \ud83d\udc5f<\/strong><\/p>\n<p data-start=\"55\" data-end=\"304\"><img fetchpriority=\"high\" decoding=\"async\" class=\"size-full wp-image-19029 aligncenter\" src=\"https:\/\/mekulo.com\/template\/wp-content\/uploads\/sites\/6\/2026\/01\/spp_20250611183207_0ce89b361523a04b03f58c9da467e75f.jpg\" alt=\"\" width=\"1080\" height=\"1080\" \/><\/p>\n<h2 style=\"text-align: center;\" data-start=\"311\" data-end=\"330\"><strong>Hovedfordeler<\/strong><\/h2>\n<p data-start=\"334\" data-end=\"403\">\ud83d\udc5f Ingen b\u00f8ying n\u00f8dvendig &#8211; Lang rekkevidde gj\u00f8r skobruk uanstrengt.<\/p>\n<p data-start=\"406\" data-end=\"485\">\ud83d\udd01 3-i-1-design &#8211; Fungerer som et skohorn, sokkefjerner og p\u00e5kledningspinne.<\/p>\n<p data-start=\"488\" data-end=\"563\">\ud83d\udccf Justerbar lengde &#8211; Kan forlenges for \u00e5 passe til forskjellige h\u00f8yder og posisjoner.<\/p>\n<p data-start=\"566\" data-end=\"636\">\u270b Ergonomisk grep &#8211; Komfortabelt, sklisikkert h\u00e5ndtak for enkel kontroll.<\/p>\n<p data-start=\"639\" data-end=\"696\">\ud83e\uddf3 Lett og b\u00e6rbar &#8211; Enkel \u00e5 oppbevare og reise med.<\/p>\n<p data-start=\"639\" data-end=\"696\"><img decoding=\"async\" class=\"size-full wp-image-19027 aligncenter\" src=\"https:\/\/mekulo.com\/template\/wp-content\/uploads\/sites\/6\/2026\/01\/spp_20250611183220_19b904c5e1f45b39e8d533c26941f52d-1.jpg\" alt=\"\" width=\"1080\" height=\"1080\" \/><\/p>\n<h2 style=\"text-align: center;\" data-start=\"703\" data-end=\"720\"><strong>Slik Bruker Du Den<\/strong><\/h2>\n<ol data-start=\"722\" data-end=\"949\">\n<li data-start=\"722\" data-end=\"770\">\n<p data-start=\"725\" data-end=\"770\">Juster h\u00e5ndtaket til \u00f8nsket lengde.<\/p>\n<\/li>\n<li data-start=\"771\" data-end=\"825\">\n<p data-start=\"774\" data-end=\"825\">Plasser skohornet bak p\u00e5 skoen.<\/p>\n<\/li>\n<li data-start=\"826\" data-end=\"876\">\n<p data-start=\"829\" data-end=\"876\">Skyv foten inn mens du st\u00e5r eller sitter.<\/p>\n<\/li>\n<li data-start=\"877\" data-end=\"949\">\n<p data-start=\"880\" data-end=\"949\">Bruk krokenden til \u00e5 ta av sokker eller hjelpe til med p\u00e5kledning ved behov.<\/p>\n<\/li>\n<\/ol>\n<h2 style=\"text-align: center;\" data-start=\"956\" data-end=\"978\"><strong>Produktdetaljer<\/strong><\/h2>\n<ul data-start=\"980\" data-end=\"1313\">\n<li data-start=\"1024\" data-end=\"1045\">\n<p data-start=\"1026\" data-end=\"1045\">Materiale: Plast<\/p>\n<\/li>\n<li data-start=\"1046\" data-end=\"1088\">\n<p data-start=\"1048\" data-end=\"1088\">Total lengde: Ca. 88 cm<\/p>\n<\/li>\n<li data-start=\"1197\" data-end=\"1250\">\n<p data-start=\"1199\" data-end=\"1250\">Design: Skohorn + sokkefjerner + p\u00e5kledningspinne<\/p>\n<\/li>\n<li data-start=\"1251\" data-end=\"1313\">\n<p data-start=\"1253\" data-end=\"1313\">Egnede for: Eldre, gravide, mobilitetshjelp<\/p>\n<\/li>\n<\/ul>\n<h2 style=\"text-align: center;\" data-start=\"1320\" data-end=\"1343\"><strong>Pakken inneholder<\/strong><\/h2>\n<ul data-start=\"1345\" data-end=\"1382\">\n<li data-start=\"1345\" data-end=\"1382\">\n<p data-start=\"1347\" data-end=\"1382\">1x justerbart langt skohorn.<\/p>\n<\/li>\n<\/ul>\n","protected":false},"excerpt":{"rendered":"<p>\ud83d\udc5eDette justerbare, lange skohornet hjelper deg med \u00e5 ta p\u00e5 deg skoene komfortabelt mens du st\u00e5r eller sitter, uten \u00e5 b\u00f8ye deg ned.<br \/>\n\ud83e\udd30Det er designet for \u00e5 st\u00f8tte eldre, gravide og alle med begrenset mobilitet, noe som gj\u00f8r den daglige p\u00e5kledningen tryggere og mer uavhengig.<br \/>\n<span style=\"font-size: 16px; font-style: normal; font-weight: 400;\">\ud83d\udc74<\/span>Et enkelt verkt\u00f8y som gjenoppretter komfort, uavhengighet og selvtillit i den daglige p\u00e5kledningen.<\/p>\n","protected":false},"featured_media":17461,"comment_status":"open","ping_status":"closed","template":"","meta":{"site-sidebar-layout":"default","site-content-layout":"","ast-site-content-layout":"default","site-content-style":"default","site-sidebar-style":"default","ast-global-header-display":"","ast-banner-title-visibility":"","ast-main-header-display":"","ast-hfb-above-header-display":"","ast-hfb-below-header-display":"","ast-hfb-mobile-header-display":"","site-post-title":"","ast-breadcrumbs-content":"","ast-featured-img":"","footer-sml-layout":"","theme-transparent-header-meta":"default","adv-header-id-meta":"","stick-header-meta":"","header-above-stick-meta":"","header-main-stick-meta":"","header-below-stick-meta":"","astra-migrate-meta-layouts":"set","ast-page-background-enabled":"default","ast-page-background-meta":{"desktop":{"background-color":"var(--ast-global-color-5)","background-image":"","background-repeat":"repeat","background-position":"center center","background-size":"auto","background-attachment":"scroll","background-type":"","background-media":"","overlay-type":"","overlay-color":"","overlay-opacity":"","overlay-gradient":""},"tablet":{"background-color":"","background-image":"","background-repeat":"repeat","background-position":"center center","background-size":"auto","background-attachment":"scroll","background-type":"","background-media":"","overlay-type":"","overlay-color":"","overlay-opacity":"","overlay-gradient":""},"mobile":{"background-color":"","background-image":"","background-repeat":"repeat","background-position":"center center","background-size":"auto","background-attachment":"scroll","background-type":"","background-media":"","overlay-type":"","overlay-color":"","overlay-opacity":"","overlay-gradient":""}},"ast-content-background-meta":{"desktop":{"background-color":"var(--ast-global-color-4)","background-image":"","background-repeat":"repeat","background-position":"center center","background-size":"auto","background-attachment":"scroll","background-type":"","background-media":"","overlay-type":"","overlay-color":"","overlay-opacity":"","overlay-gradient":""},"tablet":{"background-color":"var(--ast-global-color-4)","background-image":"","background-repeat":"repeat","background-position":"center center","background-size":"auto","background-attachment":"scroll","background-type":"","background-media":"","overlay-type":"","overlay-color":"","overlay-opacity":"","overlay-gradient":""},"mobile":{"background-color":"var(--ast-global-color-4)","background-image":"","background-repeat":"repeat","background-position":"center center","background-size":"auto","background-attachment":"scroll","background-type":"","background-media":"","overlay-type":"","overlay-color":"","overlay-opacity":"","overlay-gradient":""}}},"product_brand":[],"product_cat":[168,171],"product_tag":[],"class_list":{"0":"post-17465","1":"product","2":"type-product","3":"status-publish","4":"has-post-thumbnail","6":"product_cat-husholdningsartikler","7":"product_cat-verktoy","8":"pa_66840_hx8ah40o-hvit","9":"pa_66840_hx8ah40o-hvit-bla","10":"pa_66840_hx8ah40o-hvit-svart","11":"pa_66840_hx8ah40o-svart","12":"pa_66840_hx8ah40o-svart-hvitt","13":"desktop-align-left","14":"tablet-align-left","15":"mobile-align-left","17":"first","18":"instock","19":"shipping-taxable","20":"purchasable","21":"product-type-variable"},"yoast_head":"<!-- This site is optimized with the Yoast SEO plugin v26.6 - https:\/\/yoast.com\/wordpress\/plugins\/seo\/ -->\n<title>Justerbart langt skohorn - Mekulo NO<\/title>\n<meta name=\"robots\" content=\"index, follow, max-snippet:-1, max-image-preview:large, max-video-preview:-1\" \/>\n<link rel=\"canonical\" href=\"https:\/\/mekulo.com\/no\/produkt\/justerbart-langt-skohorn\/\" \/>\n<meta property=\"og:locale\" content=\"nb_NO\" \/>\n<meta property=\"og:type\" content=\"article\" \/>\n<meta property=\"og:title\" content=\"Justerbart langt skohorn - Mekulo NO\" \/>\n<meta property=\"og:description\" content=\"\ud83d\udc5eDette justerbare, lange skohornet hjelper deg med \u00e5 ta p\u00e5 deg skoene komfortabelt mens du st\u00e5r eller sitter, uten \u00e5 b\u00f8ye deg ned. \ud83e\udd30Det er designet for \u00e5 st\u00f8tte eldre, gravide og alle med begrenset mobilitet, noe som gj\u00f8r den daglige p\u00e5kledningen tryggere og mer uavhengig. \ud83d\udc74Et enkelt verkt\u00f8y som gjenoppretter komfort, uavhengighet og selvtillit i den daglige p\u00e5kledningen.\" \/>\n<meta property=\"og:url\" content=\"https:\/\/mekulo.com\/no\/produkt\/justerbart-langt-skohorn\/\" \/>\n<meta property=\"og:site_name\" content=\"Mekulo NO\" \/>\n<meta property=\"article:modified_time\" content=\"2026-01-13T16:50:21+00:00\" \/>\n<meta property=\"og:image\" content=\"https:\/\/mekulo.com\/no\/wp-content\/uploads\/sites\/10\/2026\/01\/qb5k10c-1.webp\" \/>\n\t<meta property=\"og:image:width\" content=\"713\" \/>\n\t<meta property=\"og:image:height\" content=\"713\" \/>\n\t<meta property=\"og:image:type\" content=\"image\/webp\" \/>\n<meta name=\"twitter:card\" content=\"summary_large_image\" \/>\n<meta name=\"twitter:label1\" content=\"Ansl. lesetid\" \/>\n\t<meta name=\"twitter:data1\" content=\"2 minutter\" \/>\n<script type=\"application\/ld+json\" class=\"yoast-schema-graph\">{\"@context\":\"https:\/\/schema.org\",\"@graph\":[{\"@type\":\"WebPage\",\"@id\":\"https:\/\/mekulo.com\/no\/produkt\/justerbart-langt-skohorn\/\",\"url\":\"https:\/\/mekulo.com\/no\/produkt\/justerbart-langt-skohorn\/\",\"name\":\"Justerbart langt skohorn - Mekulo NO\",\"isPartOf\":{\"@id\":\"https:\/\/mekulo.com\/no\/#website\"},\"primaryImageOfPage\":{\"@id\":\"https:\/\/mekulo.com\/no\/produkt\/justerbart-langt-skohorn\/#primaryimage\"},\"image\":{\"@id\":\"https:\/\/mekulo.com\/no\/produkt\/justerbart-langt-skohorn\/#primaryimage\"},\"thumbnailUrl\":\"https:\/\/mekulo.com\/no\/wp-content\/uploads\/sites\/10\/2026\/01\/qb5k10c-1.webp\",\"datePublished\":\"2026-01-13T15:21:23+00:00\",\"dateModified\":\"2026-01-13T16:50:21+00:00\",\"breadcrumb\":{\"@id\":\"https:\/\/mekulo.com\/no\/produkt\/justerbart-langt-skohorn\/#breadcrumb\"},\"inLanguage\":\"nb-NO\",\"potentialAction\":[{\"@type\":\"ReadAction\",\"target\":[\"https:\/\/mekulo.com\/no\/produkt\/justerbart-langt-skohorn\/\"]}]},{\"@type\":\"ImageObject\",\"inLanguage\":\"nb-NO\",\"@id\":\"https:\/\/mekulo.com\/no\/produkt\/justerbart-langt-skohorn\/#primaryimage\",\"url\":\"https:\/\/mekulo.com\/no\/wp-content\/uploads\/sites\/10\/2026\/01\/qb5k10c-1.webp\",\"contentUrl\":\"https:\/\/mekulo.com\/no\/wp-content\/uploads\/sites\/10\/2026\/01\/qb5k10c-1.webp\",\"width\":713,\"height\":713},{\"@type\":\"BreadcrumbList\",\"@id\":\"https:\/\/mekulo.com\/no\/produkt\/justerbart-langt-skohorn\/#breadcrumb\",\"itemListElement\":[{\"@type\":\"ListItem\",\"position\":1,\"name\":\"Home\",\"item\":\"https:\/\/mekulo.com\/no\/\"},{\"@type\":\"ListItem\",\"position\":2,\"name\":\"Butikk\",\"item\":\"https:\/\/mekulo.com\/no\/butikk\/\"},{\"@type\":\"ListItem\",\"position\":3,\"name\":\"Justerbart langt skohorn\"}]},{\"@type\":\"WebSite\",\"@id\":\"https:\/\/mekulo.com\/no\/#website\",\"url\":\"https:\/\/mekulo.com\/no\/\",\"name\":\"Mekulo NO\",\"description\":\"\",\"publisher\":{\"@id\":\"https:\/\/mekulo.com\/no\/#organization\"},\"potentialAction\":[{\"@type\":\"SearchAction\",\"target\":{\"@type\":\"EntryPoint\",\"urlTemplate\":\"https:\/\/mekulo.com\/no\/?s={search_term_string}\"},\"query-input\":{\"@type\":\"PropertyValueSpecification\",\"valueRequired\":true,\"valueName\":\"search_term_string\"}}],\"inLanguage\":\"nb-NO\"},{\"@type\":\"Organization\",\"@id\":\"https:\/\/mekulo.com\/no\/#organization\",\"name\":\"Mekulo\",\"url\":\"https:\/\/mekulo.com\/no\/\",\"logo\":{\"@type\":\"ImageObject\",\"inLanguage\":\"nb-NO\",\"@id\":\"https:\/\/mekulo.com\/no\/#\/schema\/logo\/image\/\",\"url\":\"https:\/\/mekulo.com\/no\/wp-content\/uploads\/sites\/10\/2025\/12\/favicon_mekulo.png\",\"contentUrl\":\"https:\/\/mekulo.com\/no\/wp-content\/uploads\/sites\/10\/2025\/12\/favicon_mekulo.png\",\"width\":50,\"height\":50,\"caption\":\"Mekulo\"},\"image\":{\"@id\":\"https:\/\/mekulo.com\/no\/#\/schema\/logo\/image\/\"}}]}<\/script>\n<!-- \/ Yoast SEO plugin. -->","yoast_head_json":{"title":"Justerbart langt skohorn - Mekulo NO","robots":{"index":"index","follow":"follow","max-snippet":"max-snippet:-1","max-image-preview":"max-image-preview:large","max-video-preview":"max-video-preview:-1"},"canonical":"https:\/\/mekulo.com\/no\/produkt\/justerbart-langt-skohorn\/","og_locale":"nb_NO","og_type":"article","og_title":"Justerbart langt skohorn - Mekulo NO","og_description":"\ud83d\udc5eDette justerbare, lange skohornet hjelper deg med \u00e5 ta p\u00e5 deg skoene komfortabelt mens du st\u00e5r eller sitter, uten \u00e5 b\u00f8ye deg ned. \ud83e\udd30Det er designet for \u00e5 st\u00f8tte eldre, gravide og alle med begrenset mobilitet, noe som gj\u00f8r den daglige p\u00e5kledningen tryggere og mer uavhengig. \ud83d\udc74Et enkelt verkt\u00f8y som gjenoppretter komfort, uavhengighet og selvtillit i den daglige p\u00e5kledningen.","og_url":"https:\/\/mekulo.com\/no\/produkt\/justerbart-langt-skohorn\/","og_site_name":"Mekulo NO","article_modified_time":"2026-01-13T16:50:21+00:00","og_image":[{"width":713,"height":713,"url":"https:\/\/mekulo.com\/no\/wp-content\/uploads\/sites\/10\/2026\/01\/qb5k10c-1.webp","type":"image\/webp"}],"twitter_card":"summary_large_image","twitter_misc":{"Ansl. lesetid":"2 minutter"},"schema":{"@context":"https:\/\/schema.org","@graph":[{"@type":"WebPage","@id":"https:\/\/mekulo.com\/no\/produkt\/justerbart-langt-skohorn\/","url":"https:\/\/mekulo.com\/no\/produkt\/justerbart-langt-skohorn\/","name":"Justerbart langt skohorn - Mekulo NO","isPartOf":{"@id":"https:\/\/mekulo.com\/no\/#website"},"primaryImageOfPage":{"@id":"https:\/\/mekulo.com\/no\/produkt\/justerbart-langt-skohorn\/#primaryimage"},"image":{"@id":"https:\/\/mekulo.com\/no\/produkt\/justerbart-langt-skohorn\/#primaryimage"},"thumbnailUrl":"https:\/\/mekulo.com\/no\/wp-content\/uploads\/sites\/10\/2026\/01\/qb5k10c-1.webp","datePublished":"2026-01-13T15:21:23+00:00","dateModified":"2026-01-13T16:50:21+00:00","breadcrumb":{"@id":"https:\/\/mekulo.com\/no\/produkt\/justerbart-langt-skohorn\/#breadcrumb"},"inLanguage":"nb-NO","potentialAction":[{"@type":"ReadAction","target":["https:\/\/mekulo.com\/no\/produkt\/justerbart-langt-skohorn\/"]}]},{"@type":"ImageObject","inLanguage":"nb-NO","@id":"https:\/\/mekulo.com\/no\/produkt\/justerbart-langt-skohorn\/#primaryimage","url":"https:\/\/mekulo.com\/no\/wp-content\/uploads\/sites\/10\/2026\/01\/qb5k10c-1.webp","contentUrl":"https:\/\/mekulo.com\/no\/wp-content\/uploads\/sites\/10\/2026\/01\/qb5k10c-1.webp","width":713,"height":713},{"@type":"BreadcrumbList","@id":"https:\/\/mekulo.com\/no\/produkt\/justerbart-langt-skohorn\/#breadcrumb","itemListElement":[{"@type":"ListItem","position":1,"name":"Home","item":"https:\/\/mekulo.com\/no\/"},{"@type":"ListItem","position":2,"name":"Butikk","item":"https:\/\/mekulo.com\/no\/butikk\/"},{"@type":"ListItem","position":3,"name":"Justerbart langt skohorn"}]},{"@type":"WebSite","@id":"https:\/\/mekulo.com\/no\/#website","url":"https:\/\/mekulo.com\/no\/","name":"Mekulo NO","description":"","publisher":{"@id":"https:\/\/mekulo.com\/no\/#organization"},"potentialAction":[{"@type":"SearchAction","target":{"@type":"EntryPoint","urlTemplate":"https:\/\/mekulo.com\/no\/?s={search_term_string}"},"query-input":{"@type":"PropertyValueSpecification","valueRequired":true,"valueName":"search_term_string"}}],"inLanguage":"nb-NO"},{"@type":"Organization","@id":"https:\/\/mekulo.com\/no\/#organization","name":"Mekulo","url":"https:\/\/mekulo.com\/no\/","logo":{"@type":"ImageObject","inLanguage":"nb-NO","@id":"https:\/\/mekulo.com\/no\/#\/schema\/logo\/image\/","url":"https:\/\/mekulo.com\/no\/wp-content\/uploads\/sites\/10\/2025\/12\/favicon_mekulo.png","contentUrl":"https:\/\/mekulo.com\/no\/wp-content\/uploads\/sites\/10\/2025\/12\/favicon_mekulo.png","width":50,"height":50,"caption":"Mekulo"},"image":{"@id":"https:\/\/mekulo.com\/no\/#\/schema\/logo\/image\/"}}]}},"_links":{"self":[{"href":"https:\/\/mekulo.com\/no\/wp-json\/wp\/v2\/product\/17465","targetHints":{"allow":["GET"]}}],"collection":[{"href":"https:\/\/mekulo.com\/no\/wp-json\/wp\/v2\/product"}],"about":[{"href":"https:\/\/mekulo.com\/no\/wp-json\/wp\/v2\/types\/product"}],"replies":[{"embeddable":true,"href":"https:\/\/mekulo.com\/no\/wp-json\/wp\/v2\/comments?post=17465"}],"wp:featuredmedia":[{"embeddable":true,"href":"https:\/\/mekulo.com\/no\/wp-json\/wp\/v2\/media\/17461"}],"wp:attachment":[{"href":"https:\/\/mekulo.com\/no\/wp-json\/wp\/v2\/media?parent=17465"}],"wp:term":[{"taxonomy":"product_brand","embeddable":true,"href":"https:\/\/mekulo.com\/no\/wp-json\/wp\/v2\/product_brand?post=17465"},{"taxonomy":"product_cat","embeddable":true,"href":"https:\/\/mekulo.com\/no\/wp-json\/wp\/v2\/product_cat?post=17465"},{"taxonomy":"product_tag","embeddable":true,"href":"https:\/\/mekulo.com\/no\/wp-json\/wp\/v2\/product_tag?post=17465"}],"curies":[{"name":"wp","href":"https:\/\/api.w.org\/{rel}","templated":true}]}}