{"id":17455,"date":"2026-01-13T17:19:59","date_gmt":"2026-01-13T15:19:59","guid":{"rendered":"https:\/\/mekulo.com\/no\/produkt\/interaktiv-hundemater-med-puslespill\/"},"modified":"2026-01-13T18:48:56","modified_gmt":"2026-01-13T16:48:56","slug":"interaktiv-hundemater-med-puslespill","status":"publish","type":"product","link":"https:\/\/mekulo.com\/no\/produkt\/interaktiv-hundemater-med-puslespill\/","title":{"rendered":"Interaktiv hundemater med puslespill"},"content":{"rendered":"<p style=\"text-align: center;\" data-start=\"0\" data-end=\"67\"><strong data-start=\"0\" data-end=\"67\">Gj\u00f8r m\u00e5ltidet til en morsom, langsom f\u00f4ringslek som hunden din vil elske. \ud83d\udc15<\/strong><\/p>\n<p data-start=\"0\" data-end=\"67\"><img fetchpriority=\"high\" decoding=\"async\" class=\"size-full wp-image-19021 aligncenter\" src=\"https:\/\/mekulo.com\/template\/wp-content\/uploads\/sites\/6\/2026\/01\/S62b6b7a6b1314372a096488e628f8b5bG.jpg_960x960q75.jpg_.avif\" alt=\"\" width=\"960\" height=\"960\" \/><\/p>\n<h2 style=\"text-align: center;\" data-start=\"317\" data-end=\"337\"><strong>\ud83d\udc36 Hovedfordeler<\/strong><\/h2>\n<p data-start=\"341\" data-end=\"410\">\ud83e\udde0 Mental stimulering &#8211; Oppmuntrer til tenkning og probleml\u00f8sning.<\/p>\n<p data-start=\"413\" data-end=\"479\">\ud83c\udf7d\ufe0f Langsom f\u00f4ringsdesign &#8211; Bidrar til \u00e5 forhindre kvelning og oppbl\u00e5sthet.<\/p>\n<p data-start=\"482\" data-end=\"552\">\ud83e\udd86 Interaktiv lek &#8211; Trykk for \u00e5 frigj\u00f8re godbiter som holder hundene engasjert.<\/p>\n<p data-start=\"555\" data-end=\"622\">\ud83d\udee1\ufe0f Sikker og holdbar &#8211; Laget av tyggemotstandsdyktig ABS i matvarekvalitet.<\/p>\n<p data-start=\"625\" data-end=\"687\">\ud83d\udd04 Justerbare matuttak &#8211; Passer til forskjellige st\u00f8rrelser.<\/p>\n<p data-start=\"690\" data-end=\"751\">\ud83e\uddf2 Sklisikker base &#8211; holder seg stabil under lek og f\u00f4ring.<\/p>\n<p data-start=\"690\" data-end=\"751\"><img decoding=\"async\" class=\"size-full wp-image-19018 aligncenter\" src=\"https:\/\/mekulo.com\/template\/wp-content\/uploads\/sites\/6\/2026\/01\/spp_20250310141302_7367dd216c56150b08f2c0f74e24734e.jpg\" alt=\"\" width=\"1080\" height=\"1080\" \/><\/p>\n<h2 style=\"text-align: center;\" data-start=\"758\" data-end=\"775\"><strong>\u25b6\ufe0f Slik Bruker Du Den<\/strong><\/h2>\n<ol data-start=\"777\" data-end=\"995\">\n<li data-start=\"777\" data-end=\"836\">\n<p data-start=\"780\" data-end=\"836\">\u00c5pne materen og legg t\u00f8rrf\u00f4r eller godbiter i.<\/p>\n<\/li>\n<li data-start=\"837\" data-end=\"897\">\n<p data-start=\"840\" data-end=\"897\">Juster st\u00f8rrelsen p\u00e5 matuttaket basert p\u00e5 hundens st\u00f8rrelse.<\/p>\n<\/li>\n<li data-start=\"898\" data-end=\"938\">\n<p data-start=\"901\" data-end=\"938\">Plasser materen p\u00e5 et flatt underlag.<\/p>\n<\/li>\n<li data-start=\"939\" data-end=\"995\">\n<p data-start=\"942\" data-end=\"995\">La hunden din trykke og leke for \u00e5 frigj\u00f8re maten sakte.<\/p>\n<\/li>\n<\/ol>\n<h2 style=\"text-align: center;\" data-start=\"1002\" data-end=\"1024\"><strong>\ud83d\udccf Produktdetaljer<\/strong><\/h2>\n<ul data-start=\"1026\" data-end=\"1359\">\n<li data-start=\"1074\" data-end=\"1110\">\n<p data-start=\"1076\" data-end=\"1110\">Materiale: ABS-plast av matkvalitet<\/p>\n<\/li>\n<li data-start=\"1111\" data-end=\"1153\">\n<p data-start=\"1113\" data-end=\"1153\">Design: Andeformet interaktiv mater<\/p>\n<\/li>\n<li data-start=\"1154\" data-end=\"1201\">\n<p data-start=\"1156\" data-end=\"1201\">Matutl\u00f8psst\u00f8rrelser: 8-10mm, 11-13mm, 15-18mm<\/p>\n<\/li>\n<li data-start=\"1202\" data-end=\"1256\">\n<p data-start=\"1204\" data-end=\"1256\">Funksjon: Langsom mater, puslespill leket\u00f8y, godbit dispenser<\/p>\n<\/li>\n<li data-start=\"1257\" data-end=\"1282\">\n<p data-start=\"1259\" data-end=\"1282\">Base: Sklisikker design<\/p>\n<\/li>\n<li data-start=\"1283\" data-end=\"1311\">\n<p data-start=\"1285\" data-end=\"1311\">Rengj\u00f8ring: Fullt vaskbar<\/p>\n<\/li>\n<li data-start=\"1312\" data-end=\"1359\">\n<p data-start=\"1314\" data-end=\"1359\">Egnet for: Sm\u00e5, mellomstore og store hunder<\/p>\n<\/li>\n<li data-start=\"1312\" data-end=\"1359\">St\u00f8rrelse: 22 x 14 cm<\/li>\n<\/ul>\n<h2 style=\"text-align: center;\" data-start=\"1366\" data-end=\"1389\"><strong>\ud83d\udce6 Pakken inkluderer<\/strong><\/h2>\n<ul data-start=\"1391\" data-end=\"1428\">\n<li data-start=\"1391\" data-end=\"1428\">\n<p data-start=\"1393\" data-end=\"1428\">1x interaktiv hundemater.<\/p>\n<\/li>\n<\/ul>\n","protected":false},"excerpt":{"rendered":"<p><span style=\"font-size: 16px; font-style: normal; font-weight: 400;\">\ud83d\udc3e<\/span>Denne interaktive hundemateren kombinerer lek og mating for \u00e5 holde hunden mentalt engasjert, samtidig som den hjelper den med \u00e5 spise saktere og sunnere.<br \/>\n\ud83d\udc36Den frigj\u00f8r mat gjennom interaktive handlinger, noe som reduserer kjedsomhet, destruktiv atferd og rask spising.<br \/>\n\ud83e\uddb4En smart m\u00e5te \u00e5 mate, trene og underholde hunden din p\u00e5 &#8211; alt i \u00e9n og samme morsomme leke.<\/p>\n","protected":false},"featured_media":17451,"comment_status":"open","ping_status":"closed","template":"","meta":{"site-sidebar-layout":"default","site-content-layout":"","ast-site-content-layout":"default","site-content-style":"default","site-sidebar-style":"default","ast-global-header-display":"","ast-banner-title-visibility":"","ast-main-header-display":"","ast-hfb-above-header-display":"","ast-hfb-below-header-display":"","ast-hfb-mobile-header-display":"","site-post-title":"","ast-breadcrumbs-content":"","ast-featured-img":"","footer-sml-layout":"","theme-transparent-header-meta":"default","adv-header-id-meta":"","stick-header-meta":"","header-above-stick-meta":"","header-main-stick-meta":"","header-below-stick-meta":"","astra-migrate-meta-layouts":"set","ast-page-background-enabled":"default","ast-page-background-meta":{"desktop":{"background-color":"var(--ast-global-color-5)","background-image":"","background-repeat":"repeat","background-position":"center center","background-size":"auto","background-attachment":"scroll","background-type":"","background-media":"","overlay-type":"","overlay-color":"","overlay-opacity":"","overlay-gradient":""},"tablet":{"background-color":"","background-image":"","background-repeat":"repeat","background-position":"center center","background-size":"auto","background-attachment":"scroll","background-type":"","background-media":"","overlay-type":"","overlay-color":"","overlay-opacity":"","overlay-gradient":""},"mobile":{"background-color":"","background-image":"","background-repeat":"repeat","background-position":"center center","background-size":"auto","background-attachment":"scroll","background-type":"","background-media":"","overlay-type":"","overlay-color":"","overlay-opacity":"","overlay-gradient":""}},"ast-content-background-meta":{"desktop":{"background-color":"var(--ast-global-color-4)","background-image":"","background-repeat":"repeat","background-position":"center center","background-size":"auto","background-attachment":"scroll","background-type":"","background-media":"","overlay-type":"","overlay-color":"","overlay-opacity":"","overlay-gradient":""},"tablet":{"background-color":"var(--ast-global-color-4)","background-image":"","background-repeat":"repeat","background-position":"center center","background-size":"auto","background-attachment":"scroll","background-type":"","background-media":"","overlay-type":"","overlay-color":"","overlay-opacity":"","overlay-gradient":""},"mobile":{"background-color":"var(--ast-global-color-4)","background-image":"","background-repeat":"repeat","background-position":"center center","background-size":"auto","background-attachment":"scroll","background-type":"","background-media":"","overlay-type":"","overlay-color":"","overlay-opacity":"","overlay-gradient":""}}},"product_brand":[],"product_cat":[169],"product_tag":[],"class_list":{"0":"post-17455","1":"product","2":"type-product","3":"status-publish","4":"has-post-thumbnail","6":"product_cat-kjaeledyrprodukter","7":"desktop-align-left","8":"tablet-align-left","9":"mobile-align-left","11":"first","12":"instock","13":"shipping-taxable","14":"purchasable","15":"product-type-simple"},"yoast_head":"<!-- This site is optimized with the Yoast SEO plugin v26.6 - https:\/\/yoast.com\/wordpress\/plugins\/seo\/ -->\n<title>Interaktiv hundemater med puslespill - Mekulo NO<\/title>\n<meta name=\"robots\" content=\"index, follow, max-snippet:-1, max-image-preview:large, max-video-preview:-1\" \/>\n<link rel=\"canonical\" href=\"https:\/\/mekulo.com\/no\/produkt\/interaktiv-hundemater-med-puslespill\/\" \/>\n<meta property=\"og:locale\" content=\"nb_NO\" \/>\n<meta property=\"og:type\" content=\"article\" \/>\n<meta property=\"og:title\" content=\"Interaktiv hundemater med puslespill - Mekulo NO\" \/>\n<meta property=\"og:description\" content=\"\ud83d\udc3eDenne interaktive hundemateren kombinerer lek og mating for \u00e5 holde hunden mentalt engasjert, samtidig som den hjelper den med \u00e5 spise saktere og sunnere. \ud83d\udc36Den frigj\u00f8r mat gjennom interaktive handlinger, noe som reduserer kjedsomhet, destruktiv atferd og rask spising. \ud83e\uddb4En smart m\u00e5te \u00e5 mate, trene og underholde hunden din p\u00e5 - alt i \u00e9n og samme morsomme leke.\" \/>\n<meta property=\"og:url\" content=\"https:\/\/mekulo.com\/no\/produkt\/interaktiv-hundemater-med-puslespill\/\" \/>\n<meta property=\"og:site_name\" content=\"Mekulo NO\" \/>\n<meta property=\"article:modified_time\" content=\"2026-01-13T16:48:56+00:00\" \/>\n<meta property=\"og:image\" content=\"https:\/\/mekulo.com\/no\/wp-content\/uploads\/sites\/10\/2026\/01\/anpq0kg-1.jpg\" \/>\n\t<meta property=\"og:image:width\" content=\"800\" \/>\n\t<meta property=\"og:image:height\" content=\"800\" \/>\n\t<meta property=\"og:image:type\" content=\"image\/jpeg\" \/>\n<meta name=\"twitter:card\" content=\"summary_large_image\" \/>\n<meta name=\"twitter:label1\" content=\"Ansl. lesetid\" \/>\n\t<meta name=\"twitter:data1\" content=\"2 minutter\" \/>\n<script type=\"application\/ld+json\" class=\"yoast-schema-graph\">{\"@context\":\"https:\/\/schema.org\",\"@graph\":[{\"@type\":\"WebPage\",\"@id\":\"https:\/\/mekulo.com\/no\/produkt\/interaktiv-hundemater-med-puslespill\/\",\"url\":\"https:\/\/mekulo.com\/no\/produkt\/interaktiv-hundemater-med-puslespill\/\",\"name\":\"Interaktiv hundemater med puslespill - Mekulo NO\",\"isPartOf\":{\"@id\":\"https:\/\/mekulo.com\/no\/#website\"},\"primaryImageOfPage\":{\"@id\":\"https:\/\/mekulo.com\/no\/produkt\/interaktiv-hundemater-med-puslespill\/#primaryimage\"},\"image\":{\"@id\":\"https:\/\/mekulo.com\/no\/produkt\/interaktiv-hundemater-med-puslespill\/#primaryimage\"},\"thumbnailUrl\":\"https:\/\/mekulo.com\/no\/wp-content\/uploads\/sites\/10\/2026\/01\/anpq0kg-1.jpg\",\"datePublished\":\"2026-01-13T15:19:59+00:00\",\"dateModified\":\"2026-01-13T16:48:56+00:00\",\"breadcrumb\":{\"@id\":\"https:\/\/mekulo.com\/no\/produkt\/interaktiv-hundemater-med-puslespill\/#breadcrumb\"},\"inLanguage\":\"nb-NO\",\"potentialAction\":[{\"@type\":\"ReadAction\",\"target\":[\"https:\/\/mekulo.com\/no\/produkt\/interaktiv-hundemater-med-puslespill\/\"]}]},{\"@type\":\"ImageObject\",\"inLanguage\":\"nb-NO\",\"@id\":\"https:\/\/mekulo.com\/no\/produkt\/interaktiv-hundemater-med-puslespill\/#primaryimage\",\"url\":\"https:\/\/mekulo.com\/no\/wp-content\/uploads\/sites\/10\/2026\/01\/anpq0kg-1.jpg\",\"contentUrl\":\"https:\/\/mekulo.com\/no\/wp-content\/uploads\/sites\/10\/2026\/01\/anpq0kg-1.jpg\",\"width\":800,\"height\":800},{\"@type\":\"BreadcrumbList\",\"@id\":\"https:\/\/mekulo.com\/no\/produkt\/interaktiv-hundemater-med-puslespill\/#breadcrumb\",\"itemListElement\":[{\"@type\":\"ListItem\",\"position\":1,\"name\":\"Home\",\"item\":\"https:\/\/mekulo.com\/no\/\"},{\"@type\":\"ListItem\",\"position\":2,\"name\":\"Butikk\",\"item\":\"https:\/\/mekulo.com\/no\/butikk\/\"},{\"@type\":\"ListItem\",\"position\":3,\"name\":\"Interaktiv hundemater med puslespill\"}]},{\"@type\":\"WebSite\",\"@id\":\"https:\/\/mekulo.com\/no\/#website\",\"url\":\"https:\/\/mekulo.com\/no\/\",\"name\":\"Mekulo NO\",\"description\":\"\",\"publisher\":{\"@id\":\"https:\/\/mekulo.com\/no\/#organization\"},\"potentialAction\":[{\"@type\":\"SearchAction\",\"target\":{\"@type\":\"EntryPoint\",\"urlTemplate\":\"https:\/\/mekulo.com\/no\/?s={search_term_string}\"},\"query-input\":{\"@type\":\"PropertyValueSpecification\",\"valueRequired\":true,\"valueName\":\"search_term_string\"}}],\"inLanguage\":\"nb-NO\"},{\"@type\":\"Organization\",\"@id\":\"https:\/\/mekulo.com\/no\/#organization\",\"name\":\"Mekulo\",\"url\":\"https:\/\/mekulo.com\/no\/\",\"logo\":{\"@type\":\"ImageObject\",\"inLanguage\":\"nb-NO\",\"@id\":\"https:\/\/mekulo.com\/no\/#\/schema\/logo\/image\/\",\"url\":\"https:\/\/mekulo.com\/no\/wp-content\/uploads\/sites\/10\/2025\/12\/favicon_mekulo.png\",\"contentUrl\":\"https:\/\/mekulo.com\/no\/wp-content\/uploads\/sites\/10\/2025\/12\/favicon_mekulo.png\",\"width\":50,\"height\":50,\"caption\":\"Mekulo\"},\"image\":{\"@id\":\"https:\/\/mekulo.com\/no\/#\/schema\/logo\/image\/\"}}]}<\/script>\n<!-- \/ Yoast SEO plugin. -->","yoast_head_json":{"title":"Interaktiv hundemater med puslespill - Mekulo NO","robots":{"index":"index","follow":"follow","max-snippet":"max-snippet:-1","max-image-preview":"max-image-preview:large","max-video-preview":"max-video-preview:-1"},"canonical":"https:\/\/mekulo.com\/no\/produkt\/interaktiv-hundemater-med-puslespill\/","og_locale":"nb_NO","og_type":"article","og_title":"Interaktiv hundemater med puslespill - Mekulo NO","og_description":"\ud83d\udc3eDenne interaktive hundemateren kombinerer lek og mating for \u00e5 holde hunden mentalt engasjert, samtidig som den hjelper den med \u00e5 spise saktere og sunnere. \ud83d\udc36Den frigj\u00f8r mat gjennom interaktive handlinger, noe som reduserer kjedsomhet, destruktiv atferd og rask spising. \ud83e\uddb4En smart m\u00e5te \u00e5 mate, trene og underholde hunden din p\u00e5 - alt i \u00e9n og samme morsomme leke.","og_url":"https:\/\/mekulo.com\/no\/produkt\/interaktiv-hundemater-med-puslespill\/","og_site_name":"Mekulo NO","article_modified_time":"2026-01-13T16:48:56+00:00","og_image":[{"width":800,"height":800,"url":"https:\/\/mekulo.com\/no\/wp-content\/uploads\/sites\/10\/2026\/01\/anpq0kg-1.jpg","type":"image\/jpeg"}],"twitter_card":"summary_large_image","twitter_misc":{"Ansl. lesetid":"2 minutter"},"schema":{"@context":"https:\/\/schema.org","@graph":[{"@type":"WebPage","@id":"https:\/\/mekulo.com\/no\/produkt\/interaktiv-hundemater-med-puslespill\/","url":"https:\/\/mekulo.com\/no\/produkt\/interaktiv-hundemater-med-puslespill\/","name":"Interaktiv hundemater med puslespill - Mekulo NO","isPartOf":{"@id":"https:\/\/mekulo.com\/no\/#website"},"primaryImageOfPage":{"@id":"https:\/\/mekulo.com\/no\/produkt\/interaktiv-hundemater-med-puslespill\/#primaryimage"},"image":{"@id":"https:\/\/mekulo.com\/no\/produkt\/interaktiv-hundemater-med-puslespill\/#primaryimage"},"thumbnailUrl":"https:\/\/mekulo.com\/no\/wp-content\/uploads\/sites\/10\/2026\/01\/anpq0kg-1.jpg","datePublished":"2026-01-13T15:19:59+00:00","dateModified":"2026-01-13T16:48:56+00:00","breadcrumb":{"@id":"https:\/\/mekulo.com\/no\/produkt\/interaktiv-hundemater-med-puslespill\/#breadcrumb"},"inLanguage":"nb-NO","potentialAction":[{"@type":"ReadAction","target":["https:\/\/mekulo.com\/no\/produkt\/interaktiv-hundemater-med-puslespill\/"]}]},{"@type":"ImageObject","inLanguage":"nb-NO","@id":"https:\/\/mekulo.com\/no\/produkt\/interaktiv-hundemater-med-puslespill\/#primaryimage","url":"https:\/\/mekulo.com\/no\/wp-content\/uploads\/sites\/10\/2026\/01\/anpq0kg-1.jpg","contentUrl":"https:\/\/mekulo.com\/no\/wp-content\/uploads\/sites\/10\/2026\/01\/anpq0kg-1.jpg","width":800,"height":800},{"@type":"BreadcrumbList","@id":"https:\/\/mekulo.com\/no\/produkt\/interaktiv-hundemater-med-puslespill\/#breadcrumb","itemListElement":[{"@type":"ListItem","position":1,"name":"Home","item":"https:\/\/mekulo.com\/no\/"},{"@type":"ListItem","position":2,"name":"Butikk","item":"https:\/\/mekulo.com\/no\/butikk\/"},{"@type":"ListItem","position":3,"name":"Interaktiv hundemater med puslespill"}]},{"@type":"WebSite","@id":"https:\/\/mekulo.com\/no\/#website","url":"https:\/\/mekulo.com\/no\/","name":"Mekulo NO","description":"","publisher":{"@id":"https:\/\/mekulo.com\/no\/#organization"},"potentialAction":[{"@type":"SearchAction","target":{"@type":"EntryPoint","urlTemplate":"https:\/\/mekulo.com\/no\/?s={search_term_string}"},"query-input":{"@type":"PropertyValueSpecification","valueRequired":true,"valueName":"search_term_string"}}],"inLanguage":"nb-NO"},{"@type":"Organization","@id":"https:\/\/mekulo.com\/no\/#organization","name":"Mekulo","url":"https:\/\/mekulo.com\/no\/","logo":{"@type":"ImageObject","inLanguage":"nb-NO","@id":"https:\/\/mekulo.com\/no\/#\/schema\/logo\/image\/","url":"https:\/\/mekulo.com\/no\/wp-content\/uploads\/sites\/10\/2025\/12\/favicon_mekulo.png","contentUrl":"https:\/\/mekulo.com\/no\/wp-content\/uploads\/sites\/10\/2025\/12\/favicon_mekulo.png","width":50,"height":50,"caption":"Mekulo"},"image":{"@id":"https:\/\/mekulo.com\/no\/#\/schema\/logo\/image\/"}}]}},"_links":{"self":[{"href":"https:\/\/mekulo.com\/no\/wp-json\/wp\/v2\/product\/17455","targetHints":{"allow":["GET"]}}],"collection":[{"href":"https:\/\/mekulo.com\/no\/wp-json\/wp\/v2\/product"}],"about":[{"href":"https:\/\/mekulo.com\/no\/wp-json\/wp\/v2\/types\/product"}],"replies":[{"embeddable":true,"href":"https:\/\/mekulo.com\/no\/wp-json\/wp\/v2\/comments?post=17455"}],"wp:featuredmedia":[{"embeddable":true,"href":"https:\/\/mekulo.com\/no\/wp-json\/wp\/v2\/media\/17451"}],"wp:attachment":[{"href":"https:\/\/mekulo.com\/no\/wp-json\/wp\/v2\/media?parent=17455"}],"wp:term":[{"taxonomy":"product_brand","embeddable":true,"href":"https:\/\/mekulo.com\/no\/wp-json\/wp\/v2\/product_brand?post=17455"},{"taxonomy":"product_cat","embeddable":true,"href":"https:\/\/mekulo.com\/no\/wp-json\/wp\/v2\/product_cat?post=17455"},{"taxonomy":"product_tag","embeddable":true,"href":"https:\/\/mekulo.com\/no\/wp-json\/wp\/v2\/product_tag?post=17455"}],"curies":[{"name":"wp","href":"https:\/\/api.w.org\/{rel}","templated":true}]}}