{"id":17443,"date":"2026-01-13T17:18:49","date_gmt":"2026-01-13T15:18:49","guid":{"rendered":"https:\/\/mekulo.com\/no\/produkt\/dobbeltsidig-boltmalerverktoy-4-stk\/"},"modified":"2026-01-13T18:47:18","modified_gmt":"2026-01-13T16:47:18","slug":"dobbeltsidig-boltmalerverktoy-4-stk","status":"publish","type":"product","link":"https:\/\/mekulo.com\/no\/produkt\/dobbeltsidig-boltmalerverktoy-4-stk\/","title":{"rendered":"Dobbeltsidig boltm\u00e5lerverkt\u00f8y (4 stk)"},"content":{"rendered":"<p style=\"text-align: center;\" data-start=\"0\" data-end=\"64\"><strong data-start=\"0\" data-end=\"64\">M\u00e5l bolter og skruer raskt og n\u00f8yaktig, hver gang. \ud83d\udee0\ufe0f<\/strong><\/p>\n<p data-start=\"0\" data-end=\"64\"><img fetchpriority=\"high\" decoding=\"async\" class=\"size-full wp-image-19014 aligncenter\" src=\"https:\/\/mekulo.com\/template\/wp-content\/uploads\/sites\/6\/2026\/01\/8_8473991f-5db2-4804-b13e-2486e06f2bb3.webp\" alt=\"\" width=\"713\" height=\"713\" \/><\/p>\n<h2 style=\"text-align: center;\" data-start=\"301\" data-end=\"321\"><strong>Hovedfordeler<\/strong><\/h2>\n<p data-start=\"325\" data-end=\"403\">\ud83d\udccf N\u00f8yaktige m\u00e5linger &#8211; Kontrollerer enkelt skruediameter og gjengestigning.<\/p>\n<p data-start=\"406\" data-end=\"481\">\ud83d\udd04 Dobbeltsidig design &#8211; Dekker flere skruespesifikasjoner i ett verkt\u00f8y.<\/p>\n<p data-start=\"484\" data-end=\"562\">\ud83d\udee0\ufe0f Slitesterkt rustfritt st\u00e5l &#8211; Bygget for \u00e5 vare med slitesterkt materiale.<\/p>\n<p data-start=\"565\" data-end=\"627\">\ud83c\udf92 Kompakt og b\u00e6rbar &#8211; Enkel \u00e5 ta med og oppbevare hvor som helst.<\/p>\n<p data-start=\"630\" data-end=\"705\">\ud83d\udc4d Enkel \u00e5 bruke &#8211; Tydelige markeringer for rask, nybegynnervennlig m\u00e5ling.<\/p>\n<p data-start=\"630\" data-end=\"705\"><img decoding=\"async\" class=\"size-full wp-image-19015 aligncenter\" src=\"https:\/\/mekulo.com\/template\/wp-content\/uploads\/sites\/6\/2026\/01\/S6e4c4204717c411ba520bcfce576cf17e.jpg_960x960q75.jpg_.avif\" alt=\"\" width=\"960\" height=\"960\" \/><\/p>\n<h2 style=\"text-align: center;\" data-start=\"712\" data-end=\"729\"><strong>Slik Bruker Du Den<\/strong><\/h2>\n<ol data-start=\"731\" data-end=\"969\">\n<li data-start=\"731\" data-end=\"797\">\n<p data-start=\"734\" data-end=\"797\">Plasser skruen eller bolten i de matchende sporene p\u00e5 m\u00e5leren.<\/p>\n<\/li>\n<li data-start=\"798\" data-end=\"845\">\n<p data-start=\"801\" data-end=\"845\">Juster gjengene med stigningsmarkeringene.<\/p>\n<\/li>\n<li data-start=\"846\" data-end=\"900\">\n<p data-start=\"849\" data-end=\"900\">Sjekk begge sider for \u00e5 bekrefte st\u00f8rrelse og gjengetype.<\/p>\n<\/li>\n<li data-start=\"901\" data-end=\"969\">\n<p data-start=\"904\" data-end=\"969\">Bruk m\u00e5lingen til \u00e5 velge riktig erstatningsfeste.<\/p>\n<\/li>\n<\/ol>\n<h2 style=\"text-align: center;\" data-start=\"976\" data-end=\"998\"><strong>Produktdetaljer<\/strong><\/h2>\n<ul data-start=\"1000\" data-end=\"1247\">\n<li data-start=\"1087\" data-end=\"1116\">\n<p data-start=\"1089\" data-end=\"1116\">Materiale: Rustfritt st\u00e5l<\/p>\n<\/li>\n<li data-start=\"1137\" data-end=\"1179\">\n<p data-start=\"1139\" data-end=\"1179\">St\u00f8rrelse: 5 x 10 cm<\/p>\n<\/li>\n<li data-start=\"1180\" data-end=\"1225\">\n<p data-start=\"1182\" data-end=\"1225\">Design: Dobbeltsidig, multispesifikasjon<\/p>\n<\/li>\n<\/ul>\n<h2 style=\"text-align: center;\" data-start=\"1254\" data-end=\"1277\"><strong>Pakken inneholder<\/strong><\/h2>\n<ul data-start=\"1279\" data-end=\"1315\">\n<li data-start=\"1279\" data-end=\"1315\">\n<p data-start=\"1281\" data-end=\"1315\">4x dobbeltsidig boltm\u00e5lerverkt\u00f8y.<\/p>\n<\/li>\n<\/ul>\n","protected":false},"excerpt":{"rendered":"<p>\ud83d\udcd0Denne dobbeltsidige boltm\u00e5leren hjelper deg med \u00e5 identifisere skruest\u00f8rrelser, gjengestigning og tannavstand p\u00e5 sekunder.<br \/>\n\ud83e\ude9bDen kompakte designen i rustfritt st\u00e5l gj\u00f8r den perfekt for reparasjoner, verksteder og jobber p\u00e5 farten der presisjon er viktig.<br \/>\n\u2699\ufe0fA enkelt, p\u00e5litelig m\u00e5leverkt\u00f8y som sparer tid og sikrer perfekt passform for hver eneste reparasjonsjobb.<\/p>\n","protected":false},"featured_media":17439,"comment_status":"open","ping_status":"closed","template":"","meta":{"site-sidebar-layout":"default","site-content-layout":"","ast-site-content-layout":"default","site-content-style":"default","site-sidebar-style":"default","ast-global-header-display":"","ast-banner-title-visibility":"","ast-main-header-display":"","ast-hfb-above-header-display":"","ast-hfb-below-header-display":"","ast-hfb-mobile-header-display":"","site-post-title":"","ast-breadcrumbs-content":"","ast-featured-img":"","footer-sml-layout":"","theme-transparent-header-meta":"default","adv-header-id-meta":"","stick-header-meta":"","header-above-stick-meta":"","header-main-stick-meta":"","header-below-stick-meta":"","astra-migrate-meta-layouts":"set","ast-page-background-enabled":"default","ast-page-background-meta":{"desktop":{"background-color":"var(--ast-global-color-5)","background-image":"","background-repeat":"repeat","background-position":"center center","background-size":"auto","background-attachment":"scroll","background-type":"","background-media":"","overlay-type":"","overlay-color":"","overlay-opacity":"","overlay-gradient":""},"tablet":{"background-color":"","background-image":"","background-repeat":"repeat","background-position":"center center","background-size":"auto","background-attachment":"scroll","background-type":"","background-media":"","overlay-type":"","overlay-color":"","overlay-opacity":"","overlay-gradient":""},"mobile":{"background-color":"","background-image":"","background-repeat":"repeat","background-position":"center center","background-size":"auto","background-attachment":"scroll","background-type":"","background-media":"","overlay-type":"","overlay-color":"","overlay-opacity":"","overlay-gradient":""}},"ast-content-background-meta":{"desktop":{"background-color":"var(--ast-global-color-4)","background-image":"","background-repeat":"repeat","background-position":"center center","background-size":"auto","background-attachment":"scroll","background-type":"","background-media":"","overlay-type":"","overlay-color":"","overlay-opacity":"","overlay-gradient":""},"tablet":{"background-color":"var(--ast-global-color-4)","background-image":"","background-repeat":"repeat","background-position":"center center","background-size":"auto","background-attachment":"scroll","background-type":"","background-media":"","overlay-type":"","overlay-color":"","overlay-opacity":"","overlay-gradient":""},"mobile":{"background-color":"var(--ast-global-color-4)","background-image":"","background-repeat":"repeat","background-position":"center center","background-size":"auto","background-attachment":"scroll","background-type":"","background-media":"","overlay-type":"","overlay-color":"","overlay-opacity":"","overlay-gradient":""}}},"product_brand":[],"product_cat":[171],"product_tag":[],"class_list":{"0":"post-17443","1":"product","2":"type-product","3":"status-publish","4":"has-post-thumbnail","6":"product_cat-verktoy","7":"desktop-align-left","8":"tablet-align-left","9":"mobile-align-left","11":"first","12":"instock","13":"shipping-taxable","14":"purchasable","15":"product-type-simple"},"yoast_head":"<!-- This site is optimized with the Yoast SEO plugin v26.6 - https:\/\/yoast.com\/wordpress\/plugins\/seo\/ -->\n<title>Dobbeltsidig boltm\u00e5lerverkt\u00f8y (4 stk) - Mekulo NO<\/title>\n<meta name=\"robots\" content=\"index, follow, max-snippet:-1, max-image-preview:large, max-video-preview:-1\" \/>\n<link rel=\"canonical\" href=\"https:\/\/mekulo.com\/no\/produkt\/dobbeltsidig-boltmalerverktoy-4-stk\/\" \/>\n<meta property=\"og:locale\" content=\"nb_NO\" \/>\n<meta property=\"og:type\" content=\"article\" \/>\n<meta property=\"og:title\" content=\"Dobbeltsidig boltm\u00e5lerverkt\u00f8y (4 stk) - Mekulo NO\" \/>\n<meta property=\"og:description\" content=\"\ud83d\udcd0Denne dobbeltsidige boltm\u00e5leren hjelper deg med \u00e5 identifisere skruest\u00f8rrelser, gjengestigning og tannavstand p\u00e5 sekunder. \ud83e\ude9bDen kompakte designen i rustfritt st\u00e5l gj\u00f8r den perfekt for reparasjoner, verksteder og jobber p\u00e5 farten der presisjon er viktig. \u2699\ufe0fA enkelt, p\u00e5litelig m\u00e5leverkt\u00f8y som sparer tid og sikrer perfekt passform for hver eneste reparasjonsjobb.\" \/>\n<meta property=\"og:url\" content=\"https:\/\/mekulo.com\/no\/produkt\/dobbeltsidig-boltmalerverktoy-4-stk\/\" \/>\n<meta property=\"og:site_name\" content=\"Mekulo NO\" \/>\n<meta property=\"article:modified_time\" content=\"2026-01-13T16:47:18+00:00\" \/>\n<meta property=\"og:image\" content=\"https:\/\/mekulo.com\/no\/wp-content\/uploads\/sites\/10\/2026\/01\/lmvsv0q-1.jpg\" \/>\n\t<meta property=\"og:image:width\" content=\"1080\" \/>\n\t<meta property=\"og:image:height\" content=\"1080\" \/>\n\t<meta property=\"og:image:type\" content=\"image\/jpeg\" \/>\n<meta name=\"twitter:card\" content=\"summary_large_image\" \/>\n<meta name=\"twitter:label1\" content=\"Ansl. lesetid\" \/>\n\t<meta name=\"twitter:data1\" content=\"2 minutter\" \/>\n<script type=\"application\/ld+json\" class=\"yoast-schema-graph\">{\"@context\":\"https:\/\/schema.org\",\"@graph\":[{\"@type\":\"WebPage\",\"@id\":\"https:\/\/mekulo.com\/no\/produkt\/dobbeltsidig-boltmalerverktoy-4-stk\/\",\"url\":\"https:\/\/mekulo.com\/no\/produkt\/dobbeltsidig-boltmalerverktoy-4-stk\/\",\"name\":\"Dobbeltsidig boltm\u00e5lerverkt\u00f8y (4 stk) - Mekulo NO\",\"isPartOf\":{\"@id\":\"https:\/\/mekulo.com\/no\/#website\"},\"primaryImageOfPage\":{\"@id\":\"https:\/\/mekulo.com\/no\/produkt\/dobbeltsidig-boltmalerverktoy-4-stk\/#primaryimage\"},\"image\":{\"@id\":\"https:\/\/mekulo.com\/no\/produkt\/dobbeltsidig-boltmalerverktoy-4-stk\/#primaryimage\"},\"thumbnailUrl\":\"https:\/\/mekulo.com\/no\/wp-content\/uploads\/sites\/10\/2026\/01\/lmvsv0q-1.jpg\",\"datePublished\":\"2026-01-13T15:18:49+00:00\",\"dateModified\":\"2026-01-13T16:47:18+00:00\",\"breadcrumb\":{\"@id\":\"https:\/\/mekulo.com\/no\/produkt\/dobbeltsidig-boltmalerverktoy-4-stk\/#breadcrumb\"},\"inLanguage\":\"nb-NO\",\"potentialAction\":[{\"@type\":\"ReadAction\",\"target\":[\"https:\/\/mekulo.com\/no\/produkt\/dobbeltsidig-boltmalerverktoy-4-stk\/\"]}]},{\"@type\":\"ImageObject\",\"inLanguage\":\"nb-NO\",\"@id\":\"https:\/\/mekulo.com\/no\/produkt\/dobbeltsidig-boltmalerverktoy-4-stk\/#primaryimage\",\"url\":\"https:\/\/mekulo.com\/no\/wp-content\/uploads\/sites\/10\/2026\/01\/lmvsv0q-1.jpg\",\"contentUrl\":\"https:\/\/mekulo.com\/no\/wp-content\/uploads\/sites\/10\/2026\/01\/lmvsv0q-1.jpg\",\"width\":1080,\"height\":1080},{\"@type\":\"BreadcrumbList\",\"@id\":\"https:\/\/mekulo.com\/no\/produkt\/dobbeltsidig-boltmalerverktoy-4-stk\/#breadcrumb\",\"itemListElement\":[{\"@type\":\"ListItem\",\"position\":1,\"name\":\"Home\",\"item\":\"https:\/\/mekulo.com\/no\/\"},{\"@type\":\"ListItem\",\"position\":2,\"name\":\"Butikk\",\"item\":\"https:\/\/mekulo.com\/no\/butikk\/\"},{\"@type\":\"ListItem\",\"position\":3,\"name\":\"Dobbeltsidig boltm\u00e5lerverkt\u00f8y (4 stk)\"}]},{\"@type\":\"WebSite\",\"@id\":\"https:\/\/mekulo.com\/no\/#website\",\"url\":\"https:\/\/mekulo.com\/no\/\",\"name\":\"Mekulo NO\",\"description\":\"\",\"publisher\":{\"@id\":\"https:\/\/mekulo.com\/no\/#organization\"},\"potentialAction\":[{\"@type\":\"SearchAction\",\"target\":{\"@type\":\"EntryPoint\",\"urlTemplate\":\"https:\/\/mekulo.com\/no\/?s={search_term_string}\"},\"query-input\":{\"@type\":\"PropertyValueSpecification\",\"valueRequired\":true,\"valueName\":\"search_term_string\"}}],\"inLanguage\":\"nb-NO\"},{\"@type\":\"Organization\",\"@id\":\"https:\/\/mekulo.com\/no\/#organization\",\"name\":\"Mekulo\",\"url\":\"https:\/\/mekulo.com\/no\/\",\"logo\":{\"@type\":\"ImageObject\",\"inLanguage\":\"nb-NO\",\"@id\":\"https:\/\/mekulo.com\/no\/#\/schema\/logo\/image\/\",\"url\":\"https:\/\/mekulo.com\/no\/wp-content\/uploads\/sites\/10\/2025\/12\/favicon_mekulo.png\",\"contentUrl\":\"https:\/\/mekulo.com\/no\/wp-content\/uploads\/sites\/10\/2025\/12\/favicon_mekulo.png\",\"width\":50,\"height\":50,\"caption\":\"Mekulo\"},\"image\":{\"@id\":\"https:\/\/mekulo.com\/no\/#\/schema\/logo\/image\/\"}}]}<\/script>\n<!-- \/ Yoast SEO plugin. -->","yoast_head_json":{"title":"Dobbeltsidig boltm\u00e5lerverkt\u00f8y (4 stk) - Mekulo NO","robots":{"index":"index","follow":"follow","max-snippet":"max-snippet:-1","max-image-preview":"max-image-preview:large","max-video-preview":"max-video-preview:-1"},"canonical":"https:\/\/mekulo.com\/no\/produkt\/dobbeltsidig-boltmalerverktoy-4-stk\/","og_locale":"nb_NO","og_type":"article","og_title":"Dobbeltsidig boltm\u00e5lerverkt\u00f8y (4 stk) - Mekulo NO","og_description":"\ud83d\udcd0Denne dobbeltsidige boltm\u00e5leren hjelper deg med \u00e5 identifisere skruest\u00f8rrelser, gjengestigning og tannavstand p\u00e5 sekunder. \ud83e\ude9bDen kompakte designen i rustfritt st\u00e5l gj\u00f8r den perfekt for reparasjoner, verksteder og jobber p\u00e5 farten der presisjon er viktig. \u2699\ufe0fA enkelt, p\u00e5litelig m\u00e5leverkt\u00f8y som sparer tid og sikrer perfekt passform for hver eneste reparasjonsjobb.","og_url":"https:\/\/mekulo.com\/no\/produkt\/dobbeltsidig-boltmalerverktoy-4-stk\/","og_site_name":"Mekulo NO","article_modified_time":"2026-01-13T16:47:18+00:00","og_image":[{"width":1080,"height":1080,"url":"https:\/\/mekulo.com\/no\/wp-content\/uploads\/sites\/10\/2026\/01\/lmvsv0q-1.jpg","type":"image\/jpeg"}],"twitter_card":"summary_large_image","twitter_misc":{"Ansl. lesetid":"2 minutter"},"schema":{"@context":"https:\/\/schema.org","@graph":[{"@type":"WebPage","@id":"https:\/\/mekulo.com\/no\/produkt\/dobbeltsidig-boltmalerverktoy-4-stk\/","url":"https:\/\/mekulo.com\/no\/produkt\/dobbeltsidig-boltmalerverktoy-4-stk\/","name":"Dobbeltsidig boltm\u00e5lerverkt\u00f8y (4 stk) - Mekulo NO","isPartOf":{"@id":"https:\/\/mekulo.com\/no\/#website"},"primaryImageOfPage":{"@id":"https:\/\/mekulo.com\/no\/produkt\/dobbeltsidig-boltmalerverktoy-4-stk\/#primaryimage"},"image":{"@id":"https:\/\/mekulo.com\/no\/produkt\/dobbeltsidig-boltmalerverktoy-4-stk\/#primaryimage"},"thumbnailUrl":"https:\/\/mekulo.com\/no\/wp-content\/uploads\/sites\/10\/2026\/01\/lmvsv0q-1.jpg","datePublished":"2026-01-13T15:18:49+00:00","dateModified":"2026-01-13T16:47:18+00:00","breadcrumb":{"@id":"https:\/\/mekulo.com\/no\/produkt\/dobbeltsidig-boltmalerverktoy-4-stk\/#breadcrumb"},"inLanguage":"nb-NO","potentialAction":[{"@type":"ReadAction","target":["https:\/\/mekulo.com\/no\/produkt\/dobbeltsidig-boltmalerverktoy-4-stk\/"]}]},{"@type":"ImageObject","inLanguage":"nb-NO","@id":"https:\/\/mekulo.com\/no\/produkt\/dobbeltsidig-boltmalerverktoy-4-stk\/#primaryimage","url":"https:\/\/mekulo.com\/no\/wp-content\/uploads\/sites\/10\/2026\/01\/lmvsv0q-1.jpg","contentUrl":"https:\/\/mekulo.com\/no\/wp-content\/uploads\/sites\/10\/2026\/01\/lmvsv0q-1.jpg","width":1080,"height":1080},{"@type":"BreadcrumbList","@id":"https:\/\/mekulo.com\/no\/produkt\/dobbeltsidig-boltmalerverktoy-4-stk\/#breadcrumb","itemListElement":[{"@type":"ListItem","position":1,"name":"Home","item":"https:\/\/mekulo.com\/no\/"},{"@type":"ListItem","position":2,"name":"Butikk","item":"https:\/\/mekulo.com\/no\/butikk\/"},{"@type":"ListItem","position":3,"name":"Dobbeltsidig boltm\u00e5lerverkt\u00f8y (4 stk)"}]},{"@type":"WebSite","@id":"https:\/\/mekulo.com\/no\/#website","url":"https:\/\/mekulo.com\/no\/","name":"Mekulo NO","description":"","publisher":{"@id":"https:\/\/mekulo.com\/no\/#organization"},"potentialAction":[{"@type":"SearchAction","target":{"@type":"EntryPoint","urlTemplate":"https:\/\/mekulo.com\/no\/?s={search_term_string}"},"query-input":{"@type":"PropertyValueSpecification","valueRequired":true,"valueName":"search_term_string"}}],"inLanguage":"nb-NO"},{"@type":"Organization","@id":"https:\/\/mekulo.com\/no\/#organization","name":"Mekulo","url":"https:\/\/mekulo.com\/no\/","logo":{"@type":"ImageObject","inLanguage":"nb-NO","@id":"https:\/\/mekulo.com\/no\/#\/schema\/logo\/image\/","url":"https:\/\/mekulo.com\/no\/wp-content\/uploads\/sites\/10\/2025\/12\/favicon_mekulo.png","contentUrl":"https:\/\/mekulo.com\/no\/wp-content\/uploads\/sites\/10\/2025\/12\/favicon_mekulo.png","width":50,"height":50,"caption":"Mekulo"},"image":{"@id":"https:\/\/mekulo.com\/no\/#\/schema\/logo\/image\/"}}]}},"_links":{"self":[{"href":"https:\/\/mekulo.com\/no\/wp-json\/wp\/v2\/product\/17443","targetHints":{"allow":["GET"]}}],"collection":[{"href":"https:\/\/mekulo.com\/no\/wp-json\/wp\/v2\/product"}],"about":[{"href":"https:\/\/mekulo.com\/no\/wp-json\/wp\/v2\/types\/product"}],"replies":[{"embeddable":true,"href":"https:\/\/mekulo.com\/no\/wp-json\/wp\/v2\/comments?post=17443"}],"wp:featuredmedia":[{"embeddable":true,"href":"https:\/\/mekulo.com\/no\/wp-json\/wp\/v2\/media\/17439"}],"wp:attachment":[{"href":"https:\/\/mekulo.com\/no\/wp-json\/wp\/v2\/media?parent=17443"}],"wp:term":[{"taxonomy":"product_brand","embeddable":true,"href":"https:\/\/mekulo.com\/no\/wp-json\/wp\/v2\/product_brand?post=17443"},{"taxonomy":"product_cat","embeddable":true,"href":"https:\/\/mekulo.com\/no\/wp-json\/wp\/v2\/product_cat?post=17443"},{"taxonomy":"product_tag","embeddable":true,"href":"https:\/\/mekulo.com\/no\/wp-json\/wp\/v2\/product_tag?post=17443"}],"curies":[{"name":"wp","href":"https:\/\/api.w.org\/{rel}","templated":true}]}}