{"id":17374,"date":"2026-01-13T17:12:58","date_gmt":"2026-01-13T15:12:58","guid":{"rendered":"https:\/\/mekulo.com\/no\/produkt\/veggmontert-katteskrape\/"},"modified":"2026-02-10T11:08:32","modified_gmt":"2026-02-10T09:08:32","slug":"veggmontert-katteskrape","status":"publish","type":"product","link":"https:\/\/mekulo.com\/no\/produkt\/veggmontert-katteskrape\/","title":{"rendered":"Veggmontert katteskrape"},"content":{"rendered":"<p style=\"text-align: center;\" data-start=\"0\" data-end=\"89\"><strong data-start=\"0\" data-end=\"89\">Beskytt m\u00f8blene dine samtidig som du gir katten din et morsomt sted \u00e5 klore, leke og slappe av. \ud83d\udc08<\/strong><\/p>\n<p data-start=\"0\" data-end=\"89\"><img fetchpriority=\"high\" decoding=\"async\" class=\"size-full wp-image-18931 aligncenter\" src=\"https:\/\/mekulo.com\/template\/wp-content\/uploads\/sites\/6\/2026\/01\/4.jpeg\" alt=\"\" width=\"1000\" height=\"1000\" \/><\/p>\n<h2 style=\"text-align: center;\" data-start=\"354\" data-end=\"374\">Hovedfordeler<\/h2>\n<p data-start=\"378\" data-end=\"455\">\ud83e\uddf6 Slitesterk skrapeoverflate &#8211; Hjelper med \u00e5 beskytte sofaer, vegger og tepper.<\/p>\n<p data-start=\"458\" data-end=\"535\">\ud83e\uddd7 Veggmontert og plassbesparende &#8211; Perfekt for sm\u00e5 hjem og leiligheter.<\/p>\n<p data-start=\"538\" data-end=\"597\">\ud83d\udc31 3-i-1-design &#8211; Klor, lek og lur p\u00e5 ett sted.<\/p>\n<p data-start=\"600\" data-end=\"676\">\ud83e\uddf2 Ingen boreinstallasjon &#8211; Skrell og fest med sterk selvklebende bakside.<\/p>\n<p data-start=\"679\" data-end=\"744\">\ud83c\udfbe Innebygd hengende leke &#8211; holder katten aktiv og underholdt.<\/p>\n<p data-start=\"679\" data-end=\"744\"><img decoding=\"async\" class=\"size-full wp-image-18928 aligncenter\" src=\"https:\/\/mekulo.com\/template\/wp-content\/uploads\/sites\/6\/2026\/01\/1.jpeg\" alt=\"\" width=\"1000\" height=\"1000\" \/><\/p>\n<h2 style=\"text-align: center;\" data-start=\"751\" data-end=\"769\"><strong>Slik Bruker Du Den<\/strong><\/h2>\n<ol data-start=\"771\" data-end=\"966\">\n<li data-start=\"771\" data-end=\"807\">\n<p data-start=\"774\" data-end=\"807\">Rengj\u00f8r og t\u00f8rk veggoverflaten.<\/p>\n<\/li>\n<li data-start=\"808\" data-end=\"843\">\n<p data-start=\"811\" data-end=\"843\">Trekk av den selvklebende baksiden.<\/p>\n<\/li>\n<li data-start=\"844\" data-end=\"890\">\n<p data-start=\"847\" data-end=\"890\">Trykk krabbefangeren godt fast p\u00e5 veggen.<\/p>\n<\/li>\n<li data-start=\"891\" data-end=\"923\">\n<p data-start=\"894\" data-end=\"923\">La den stivne f\u00f8r bruk.<\/p>\n<\/li>\n<li data-start=\"924\" data-end=\"966\">\n<p data-start=\"927\" data-end=\"966\">La katten klore, leke eller slappe av.<\/p>\n<\/li>\n<\/ol>\n<h2 style=\"text-align: center;\" data-start=\"973\" data-end=\"995\"><strong>Produktdetaljer<\/strong><\/h2>\n<ul data-start=\"997\" data-end=\"1201\">\n<li data-start=\"1042\" data-end=\"1065\">\n<p data-start=\"1044\" data-end=\"1065\">Materiale: Polyester<\/p>\n<\/li>\n<li data-start=\"1088\" data-end=\"1127\">\n<p data-start=\"1090\" data-end=\"1127\">St\u00f8rrelse: 80 x 50 cm<\/p>\n<\/li>\n<li data-start=\"1148\" data-end=\"1201\">\n<p data-start=\"1150\" data-end=\"1201\">Installasjon: Selvklebende, ingen boring n\u00f8dvendig<\/p>\n<\/li>\n<\/ul>\n<h2 style=\"text-align: center;\" data-start=\"1208\" data-end=\"1231\"><strong>Pakken inkluderer<\/strong><\/h2>\n<ul data-start=\"1233\" data-end=\"1281\">\n<li data-start=\"1233\" data-end=\"1281\">\n<p data-start=\"1235\" data-end=\"1281\">1x veggmontert katteskrape.<\/p>\n<\/li>\n<\/ul>\n","protected":false},"excerpt":{"rendered":"<p>\ud83d\ude3aDenne veggmonterte kraftegulvet gir en dedikert krafseflate som bidrar til \u00e5 tilfredsstille kattens naturlige instinkter.<\/p>\n<p>\ud83d\udc08\u200d\u2b1bIts plassbesparende design holder gulvene rene samtidig som kattene f\u00e5r et komfortabelt sted \u00e5 trene, markere revir og hvile &#8211; alt p\u00e5 ett sted.<\/p>\n<p><span style=\"font-size: 16px; font-style: normal; font-weight: 400;\">\ud83d\udc31<\/span>En enkel og morsom l\u00f8sning som holder katten din forn\u00f8yd samtidig som den beskytter hjemmet ditt.<\/p>\n","protected":false},"featured_media":17370,"comment_status":"open","ping_status":"closed","template":"","meta":{"site-sidebar-layout":"default","site-content-layout":"","ast-site-content-layout":"default","site-content-style":"default","site-sidebar-style":"default","ast-global-header-display":"","ast-banner-title-visibility":"","ast-main-header-display":"","ast-hfb-above-header-display":"","ast-hfb-below-header-display":"","ast-hfb-mobile-header-display":"","site-post-title":"","ast-breadcrumbs-content":"","ast-featured-img":"","footer-sml-layout":"","theme-transparent-header-meta":"default","adv-header-id-meta":"","stick-header-meta":"","header-above-stick-meta":"","header-main-stick-meta":"","header-below-stick-meta":"","astra-migrate-meta-layouts":"set","ast-page-background-enabled":"default","ast-page-background-meta":{"desktop":{"background-color":"var(--ast-global-color-5)","background-image":"","background-repeat":"repeat","background-position":"center center","background-size":"auto","background-attachment":"scroll","background-type":"","background-media":"","overlay-type":"","overlay-color":"","overlay-opacity":"","overlay-gradient":""},"tablet":{"background-color":"","background-image":"","background-repeat":"repeat","background-position":"center center","background-size":"auto","background-attachment":"scroll","background-type":"","background-media":"","overlay-type":"","overlay-color":"","overlay-opacity":"","overlay-gradient":""},"mobile":{"background-color":"","background-image":"","background-repeat":"repeat","background-position":"center center","background-size":"auto","background-attachment":"scroll","background-type":"","background-media":"","overlay-type":"","overlay-color":"","overlay-opacity":"","overlay-gradient":""}},"ast-content-background-meta":{"desktop":{"background-color":"var(--ast-global-color-4)","background-image":"","background-repeat":"repeat","background-position":"center center","background-size":"auto","background-attachment":"scroll","background-type":"","background-media":"","overlay-type":"","overlay-color":"","overlay-opacity":"","overlay-gradient":""},"tablet":{"background-color":"var(--ast-global-color-4)","background-image":"","background-repeat":"repeat","background-position":"center center","background-size":"auto","background-attachment":"scroll","background-type":"","background-media":"","overlay-type":"","overlay-color":"","overlay-opacity":"","overlay-gradient":""},"mobile":{"background-color":"var(--ast-global-color-4)","background-image":"","background-repeat":"repeat","background-position":"center center","background-size":"auto","background-attachment":"scroll","background-type":"","background-media":"","overlay-type":"","overlay-color":"","overlay-opacity":"","overlay-gradient":""}}},"product_brand":[],"product_cat":[15],"product_tag":[],"class_list":{"0":"post-17374","1":"product","2":"type-product","3":"status-publish","4":"has-post-thumbnail","6":"product_cat-uncategorized","7":"pa_66772_c4p5h2fp-a","8":"pa_66772_c4p5h2fp-b","9":"pa_66772_c4p5h2fp-c","10":"pa_66772_c4p5h2fp-d","11":"pa_66772_c4p5h2fp-e","12":"pa_66772_c4p5h2fp-f","13":"pa_66772_c4p5h2fp-g","14":"desktop-align-left","15":"tablet-align-left","16":"mobile-align-left","18":"first","19":"instock","20":"shipping-taxable","21":"purchasable","22":"product-type-variable"},"yoast_head":"<!-- This site is optimized with the Yoast SEO plugin v26.6 - https:\/\/yoast.com\/wordpress\/plugins\/seo\/ -->\n<title>Veggmontert katteskrape - Mekulo NO<\/title>\n<meta name=\"robots\" content=\"index, follow, max-snippet:-1, max-image-preview:large, max-video-preview:-1\" \/>\n<link rel=\"canonical\" href=\"https:\/\/mekulo.com\/no\/produkt\/veggmontert-katteskrape\/\" \/>\n<meta property=\"og:locale\" content=\"nb_NO\" \/>\n<meta property=\"og:type\" content=\"article\" \/>\n<meta property=\"og:title\" content=\"Veggmontert katteskrape - Mekulo NO\" \/>\n<meta property=\"og:description\" content=\"\ud83d\ude3aDenne veggmonterte kraftegulvet gir en dedikert krafseflate som bidrar til \u00e5 tilfredsstille kattens naturlige instinkter.  \ud83d\udc08\u200d\u2b1bIts plassbesparende design holder gulvene rene samtidig som kattene f\u00e5r et komfortabelt sted \u00e5 trene, markere revir og hvile - alt p\u00e5 ett sted.  \ud83d\udc31En enkel og morsom l\u00f8sning som holder katten din forn\u00f8yd samtidig som den beskytter hjemmet ditt.\" \/>\n<meta property=\"og:url\" content=\"https:\/\/mekulo.com\/no\/produkt\/veggmontert-katteskrape\/\" \/>\n<meta property=\"og:site_name\" content=\"Mekulo NO\" \/>\n<meta property=\"article:modified_time\" content=\"2026-02-10T09:08:32+00:00\" \/>\n<meta property=\"og:image\" content=\"https:\/\/mekulo.com\/no\/wp-content\/uploads\/sites\/10\/2026\/01\/f75qnwb-1.jpeg\" \/>\n\t<meta property=\"og:image:width\" content=\"1000\" \/>\n\t<meta property=\"og:image:height\" content=\"1000\" \/>\n\t<meta property=\"og:image:type\" content=\"image\/jpeg\" \/>\n<meta name=\"twitter:card\" content=\"summary_large_image\" \/>\n<meta name=\"twitter:label1\" content=\"Ansl. lesetid\" \/>\n\t<meta name=\"twitter:data1\" content=\"2 minutter\" \/>\n<script type=\"application\/ld+json\" class=\"yoast-schema-graph\">{\"@context\":\"https:\/\/schema.org\",\"@graph\":[{\"@type\":\"WebPage\",\"@id\":\"https:\/\/mekulo.com\/no\/produkt\/veggmontert-katteskrape\/\",\"url\":\"https:\/\/mekulo.com\/no\/produkt\/veggmontert-katteskrape\/\",\"name\":\"Veggmontert katteskrape - Mekulo NO\",\"isPartOf\":{\"@id\":\"https:\/\/mekulo.com\/no\/#website\"},\"primaryImageOfPage\":{\"@id\":\"https:\/\/mekulo.com\/no\/produkt\/veggmontert-katteskrape\/#primaryimage\"},\"image\":{\"@id\":\"https:\/\/mekulo.com\/no\/produkt\/veggmontert-katteskrape\/#primaryimage\"},\"thumbnailUrl\":\"https:\/\/mekulo.com\/no\/wp-content\/uploads\/sites\/10\/2026\/01\/f75qnwb-1.jpeg\",\"datePublished\":\"2026-01-13T15:12:58+00:00\",\"dateModified\":\"2026-02-10T09:08:32+00:00\",\"breadcrumb\":{\"@id\":\"https:\/\/mekulo.com\/no\/produkt\/veggmontert-katteskrape\/#breadcrumb\"},\"inLanguage\":\"nb-NO\",\"potentialAction\":[{\"@type\":\"ReadAction\",\"target\":[\"https:\/\/mekulo.com\/no\/produkt\/veggmontert-katteskrape\/\"]}]},{\"@type\":\"ImageObject\",\"inLanguage\":\"nb-NO\",\"@id\":\"https:\/\/mekulo.com\/no\/produkt\/veggmontert-katteskrape\/#primaryimage\",\"url\":\"https:\/\/mekulo.com\/no\/wp-content\/uploads\/sites\/10\/2026\/01\/f75qnwb-1.jpeg\",\"contentUrl\":\"https:\/\/mekulo.com\/no\/wp-content\/uploads\/sites\/10\/2026\/01\/f75qnwb-1.jpeg\",\"width\":1000,\"height\":1000},{\"@type\":\"BreadcrumbList\",\"@id\":\"https:\/\/mekulo.com\/no\/produkt\/veggmontert-katteskrape\/#breadcrumb\",\"itemListElement\":[{\"@type\":\"ListItem\",\"position\":1,\"name\":\"Home\",\"item\":\"https:\/\/mekulo.com\/no\/\"},{\"@type\":\"ListItem\",\"position\":2,\"name\":\"Butikk\",\"item\":\"https:\/\/mekulo.com\/no\/butikk\/\"},{\"@type\":\"ListItem\",\"position\":3,\"name\":\"Veggmontert katteskrape\"}]},{\"@type\":\"WebSite\",\"@id\":\"https:\/\/mekulo.com\/no\/#website\",\"url\":\"https:\/\/mekulo.com\/no\/\",\"name\":\"Mekulo NO\",\"description\":\"\",\"publisher\":{\"@id\":\"https:\/\/mekulo.com\/no\/#organization\"},\"potentialAction\":[{\"@type\":\"SearchAction\",\"target\":{\"@type\":\"EntryPoint\",\"urlTemplate\":\"https:\/\/mekulo.com\/no\/?s={search_term_string}\"},\"query-input\":{\"@type\":\"PropertyValueSpecification\",\"valueRequired\":true,\"valueName\":\"search_term_string\"}}],\"inLanguage\":\"nb-NO\"},{\"@type\":\"Organization\",\"@id\":\"https:\/\/mekulo.com\/no\/#organization\",\"name\":\"Mekulo\",\"url\":\"https:\/\/mekulo.com\/no\/\",\"logo\":{\"@type\":\"ImageObject\",\"inLanguage\":\"nb-NO\",\"@id\":\"https:\/\/mekulo.com\/no\/#\/schema\/logo\/image\/\",\"url\":\"https:\/\/mekulo.com\/no\/wp-content\/uploads\/sites\/10\/2025\/12\/favicon_mekulo.png\",\"contentUrl\":\"https:\/\/mekulo.com\/no\/wp-content\/uploads\/sites\/10\/2025\/12\/favicon_mekulo.png\",\"width\":50,\"height\":50,\"caption\":\"Mekulo\"},\"image\":{\"@id\":\"https:\/\/mekulo.com\/no\/#\/schema\/logo\/image\/\"}}]}<\/script>\n<!-- \/ Yoast SEO plugin. -->","yoast_head_json":{"title":"Veggmontert katteskrape - Mekulo NO","robots":{"index":"index","follow":"follow","max-snippet":"max-snippet:-1","max-image-preview":"max-image-preview:large","max-video-preview":"max-video-preview:-1"},"canonical":"https:\/\/mekulo.com\/no\/produkt\/veggmontert-katteskrape\/","og_locale":"nb_NO","og_type":"article","og_title":"Veggmontert katteskrape - Mekulo NO","og_description":"\ud83d\ude3aDenne veggmonterte kraftegulvet gir en dedikert krafseflate som bidrar til \u00e5 tilfredsstille kattens naturlige instinkter.  \ud83d\udc08\u200d\u2b1bIts plassbesparende design holder gulvene rene samtidig som kattene f\u00e5r et komfortabelt sted \u00e5 trene, markere revir og hvile - alt p\u00e5 ett sted.  \ud83d\udc31En enkel og morsom l\u00f8sning som holder katten din forn\u00f8yd samtidig som den beskytter hjemmet ditt.","og_url":"https:\/\/mekulo.com\/no\/produkt\/veggmontert-katteskrape\/","og_site_name":"Mekulo NO","article_modified_time":"2026-02-10T09:08:32+00:00","og_image":[{"width":1000,"height":1000,"url":"https:\/\/mekulo.com\/no\/wp-content\/uploads\/sites\/10\/2026\/01\/f75qnwb-1.jpeg","type":"image\/jpeg"}],"twitter_card":"summary_large_image","twitter_misc":{"Ansl. lesetid":"2 minutter"},"schema":{"@context":"https:\/\/schema.org","@graph":[{"@type":"WebPage","@id":"https:\/\/mekulo.com\/no\/produkt\/veggmontert-katteskrape\/","url":"https:\/\/mekulo.com\/no\/produkt\/veggmontert-katteskrape\/","name":"Veggmontert katteskrape - Mekulo NO","isPartOf":{"@id":"https:\/\/mekulo.com\/no\/#website"},"primaryImageOfPage":{"@id":"https:\/\/mekulo.com\/no\/produkt\/veggmontert-katteskrape\/#primaryimage"},"image":{"@id":"https:\/\/mekulo.com\/no\/produkt\/veggmontert-katteskrape\/#primaryimage"},"thumbnailUrl":"https:\/\/mekulo.com\/no\/wp-content\/uploads\/sites\/10\/2026\/01\/f75qnwb-1.jpeg","datePublished":"2026-01-13T15:12:58+00:00","dateModified":"2026-02-10T09:08:32+00:00","breadcrumb":{"@id":"https:\/\/mekulo.com\/no\/produkt\/veggmontert-katteskrape\/#breadcrumb"},"inLanguage":"nb-NO","potentialAction":[{"@type":"ReadAction","target":["https:\/\/mekulo.com\/no\/produkt\/veggmontert-katteskrape\/"]}]},{"@type":"ImageObject","inLanguage":"nb-NO","@id":"https:\/\/mekulo.com\/no\/produkt\/veggmontert-katteskrape\/#primaryimage","url":"https:\/\/mekulo.com\/no\/wp-content\/uploads\/sites\/10\/2026\/01\/f75qnwb-1.jpeg","contentUrl":"https:\/\/mekulo.com\/no\/wp-content\/uploads\/sites\/10\/2026\/01\/f75qnwb-1.jpeg","width":1000,"height":1000},{"@type":"BreadcrumbList","@id":"https:\/\/mekulo.com\/no\/produkt\/veggmontert-katteskrape\/#breadcrumb","itemListElement":[{"@type":"ListItem","position":1,"name":"Home","item":"https:\/\/mekulo.com\/no\/"},{"@type":"ListItem","position":2,"name":"Butikk","item":"https:\/\/mekulo.com\/no\/butikk\/"},{"@type":"ListItem","position":3,"name":"Veggmontert katteskrape"}]},{"@type":"WebSite","@id":"https:\/\/mekulo.com\/no\/#website","url":"https:\/\/mekulo.com\/no\/","name":"Mekulo NO","description":"","publisher":{"@id":"https:\/\/mekulo.com\/no\/#organization"},"potentialAction":[{"@type":"SearchAction","target":{"@type":"EntryPoint","urlTemplate":"https:\/\/mekulo.com\/no\/?s={search_term_string}"},"query-input":{"@type":"PropertyValueSpecification","valueRequired":true,"valueName":"search_term_string"}}],"inLanguage":"nb-NO"},{"@type":"Organization","@id":"https:\/\/mekulo.com\/no\/#organization","name":"Mekulo","url":"https:\/\/mekulo.com\/no\/","logo":{"@type":"ImageObject","inLanguage":"nb-NO","@id":"https:\/\/mekulo.com\/no\/#\/schema\/logo\/image\/","url":"https:\/\/mekulo.com\/no\/wp-content\/uploads\/sites\/10\/2025\/12\/favicon_mekulo.png","contentUrl":"https:\/\/mekulo.com\/no\/wp-content\/uploads\/sites\/10\/2025\/12\/favicon_mekulo.png","width":50,"height":50,"caption":"Mekulo"},"image":{"@id":"https:\/\/mekulo.com\/no\/#\/schema\/logo\/image\/"}}]}},"_links":{"self":[{"href":"https:\/\/mekulo.com\/no\/wp-json\/wp\/v2\/product\/17374","targetHints":{"allow":["GET"]}}],"collection":[{"href":"https:\/\/mekulo.com\/no\/wp-json\/wp\/v2\/product"}],"about":[{"href":"https:\/\/mekulo.com\/no\/wp-json\/wp\/v2\/types\/product"}],"replies":[{"embeddable":true,"href":"https:\/\/mekulo.com\/no\/wp-json\/wp\/v2\/comments?post=17374"}],"wp:featuredmedia":[{"embeddable":true,"href":"https:\/\/mekulo.com\/no\/wp-json\/wp\/v2\/media\/17370"}],"wp:attachment":[{"href":"https:\/\/mekulo.com\/no\/wp-json\/wp\/v2\/media?parent=17374"}],"wp:term":[{"taxonomy":"product_brand","embeddable":true,"href":"https:\/\/mekulo.com\/no\/wp-json\/wp\/v2\/product_brand?post=17374"},{"taxonomy":"product_cat","embeddable":true,"href":"https:\/\/mekulo.com\/no\/wp-json\/wp\/v2\/product_cat?post=17374"},{"taxonomy":"product_tag","embeddable":true,"href":"https:\/\/mekulo.com\/no\/wp-json\/wp\/v2\/product_tag?post=17374"}],"curies":[{"name":"wp","href":"https:\/\/api.w.org\/{rel}","templated":true}]}}