{"id":17352,"date":"2026-01-13T17:10:19","date_gmt":"2026-01-13T15:10:19","guid":{"rendered":"https:\/\/mekulo.com\/no\/produkt\/profesjonell-pneumatisk-orbitalpoleringsmaskin\/"},"modified":"2026-01-13T18:30:54","modified_gmt":"2026-01-13T16:30:54","slug":"profesjonell-pneumatisk-orbitalpoleringsmaskin","status":"publish","type":"product","link":"https:\/\/mekulo.com\/no\/produkt\/profesjonell-pneumatisk-orbitalpoleringsmaskin\/","title":{"rendered":"Profesjonell pneumatisk orbitalpoleringsmaskin"},"content":{"rendered":"<p style=\"text-align: center;\" data-start=\"0\" data-end=\"92\"><strong data-start=\"0\" data-end=\"92\">F\u00e5 jevn, profesjonell finish raskere med kraftig og presis luftdrevet polering. \ud83d\ude97<\/strong><\/p>\n<p data-start=\"94\" data-end=\"349\"><img fetchpriority=\"high\" decoding=\"async\" class=\"size-full wp-image-18922 aligncenter\" src=\"https:\/\/mekulo.com\/template\/wp-content\/uploads\/sites\/6\/2026\/01\/spp_20241213182358_be50cc6a052dedb13d232bef56907eee_5b2f92d6-60d5-45d9-b0eb-761ea7a0865d.webp\" alt=\"\" width=\"713\" height=\"713\" \/><\/p>\n<h2 style=\"text-align: center;\" data-start=\"356\" data-end=\"375\"><strong>\u2b50 Hovedfordeler<\/strong><\/h2>\n<p data-start=\"379\" data-end=\"446\">\u2699\ufe0f 5 mm eksentrisitet &#8211; Glatt, flat og jevn finish.<\/p>\n<p data-start=\"449\" data-end=\"515\">\ud83c\udf9a\ufe0f Justerbar hastighetskontroll &#8211; Tilpass hastigheten til hver oppgave.<\/p>\n<p data-start=\"518\" data-end=\"590\">\ud83d\udee0\ufe0f Innvendig bevegelse i st\u00e5l &#8211; H\u00f8y presisjon og lang levetid.<\/p>\n<p data-start=\"593\" data-end=\"662\">\ud83c\udf2c\ufe0f Effektiv luftstr\u00f8mdesign &#8211; Stabil kraft med redusert belastning.<\/p>\n<p data-start=\"665\" data-end=\"737\">\ud83d\udd04 Multi-materialbruk &#8211; Slip, poler, slip og voks med ett og samme verkt\u00f8y.<\/p>\n<p data-start=\"665\" data-end=\"737\"><img decoding=\"async\" class=\"size-full wp-image-18926 aligncenter\" src=\"https:\/\/mekulo.com\/template\/wp-content\/uploads\/sites\/6\/2026\/01\/Sb01018210fe14b9283252322f68fdc51Q.jpg_960x960q75.jpg_.png\" alt=\"\" width=\"800\" height=\"800\" \/><\/p>\n<h2 style=\"text-align: center;\" data-start=\"744\" data-end=\"762\"><strong>\ud83d\udee0\ufe0f Slik Bruker Du Verkt\u00f8yet<\/strong><\/h2>\n<ol data-start=\"764\" data-end=\"1038\">\n<li data-start=\"764\" data-end=\"831\">\n<p data-start=\"767\" data-end=\"831\">Koble poleringsmaskinen til en luftkompressor (forblir p\u00e5 90 PSI).<\/p>\n<\/li>\n<li data-start=\"832\" data-end=\"882\">\n<p data-start=\"835\" data-end=\"882\">Fest slipe- eller poleringsputen godt.<\/p>\n<\/li>\n<li data-start=\"883\" data-end=\"930\">\n<p data-start=\"886\" data-end=\"930\">Juster hastigheten ved hjelp av kontrollbryteren.<\/p>\n<\/li>\n<li data-start=\"931\" data-end=\"987\">\n<p data-start=\"934\" data-end=\"987\">Plasser verkt\u00f8yet flatt p\u00e5 overflaten f\u00f8r du starter.<\/p>\n<\/li>\n<li data-start=\"988\" data-end=\"1038\">\n<p data-start=\"991\" data-end=\"1038\">Beveg deg jevnt over omr\u00e5det for best resultat.<\/p>\n<\/li>\n<\/ol>\n<h2 style=\"text-align: center;\" data-start=\"1045\" data-end=\"1067\"><strong>\ud83d\udccf Produktdetaljer<\/strong><\/h2>\n<ul data-start=\"1069\" data-end=\"1397\">\n<li data-start=\"1106\" data-end=\"1127\">\n<p data-start=\"1108\" data-end=\"1127\">Eksentrisitet: 5 mm<\/p>\n<\/li>\n<li data-start=\"1128\" data-end=\"1157\">\n<p data-start=\"1130\" data-end=\"1157\">Hastighet uten belastning: 10 500 o\/min<\/p>\n<\/li>\n<li data-start=\"1158\" data-end=\"1188\">\n<p data-start=\"1160\" data-end=\"1188\">Driftstrykk: 90 PSI<\/p>\n<\/li>\n<li data-start=\"1189\" data-end=\"1221\">\n<p data-start=\"1191\" data-end=\"1221\">Luftforbruk: 0,45 m\u00b3\/min<\/p>\n<\/li>\n<li data-start=\"1222\" data-end=\"1247\">\n<p data-start=\"1224\" data-end=\"1247\">St\u00f8yniv\u00e5: 80-90 dBA<\/p>\n<\/li>\n<li data-start=\"1248\" data-end=\"1281\">\n<p data-start=\"1250\" data-end=\"1281\">Luftslangens indre diameter: 0,6 cm<\/p>\n<\/li>\n<li data-start=\"1282\" data-end=\"1339\">\n<p data-start=\"1284\" data-end=\"1339\">Materiale: Bevegelse helt i st\u00e5l med filtrert luftinntak<\/p>\n<\/li>\n<li data-start=\"1379\" data-end=\"1397\">\n<p data-start=\"1381\" data-end=\"1397\">St\u00f8rrelse: 165 x 150 82 mm<\/p>\n<\/li>\n<\/ul>\n<h2 style=\"text-align: center;\" data-start=\"1404\" data-end=\"1427\"><strong>\ud83d\udce6 Pakken inneholder<\/strong><\/h2>\n<ul data-start=\"1429\" data-end=\"1476\">\n<li data-start=\"1429\" data-end=\"1476\">\n<p data-start=\"1431\" data-end=\"1476\">1x profesjonell pneumatisk pongtongpoleringsmaskin<\/p>\n<\/li>\n<li data-start=\"1429\" data-end=\"1476\">\n<p data-start=\"1431\" data-end=\"1476\">1x skiften\u00f8kkel<\/p>\n<\/li>\n<li data-start=\"1429\" data-end=\"1476\">\n<p data-start=\"1431\" data-end=\"1476\">1x ledd i karbonst\u00e5l.<\/p>\n<\/li>\n<\/ul>\n","protected":false},"excerpt":{"rendered":"<p>Denne profesjonelle, pneumatiske pongtongpoleringsmaskinen gir h\u00f8y hastighet og jevne resultater ved sliping, polering og etterbehandling. Den er bygget for holdbarhet og kontroll, og er ideell for profesjonelle og gj\u00f8r-det-selv-brukere som arbeider p\u00e5 overflater av tre, metall, m\u00f8bler og kj\u00f8ret\u00f8y. Et p\u00e5litelig verkt\u00f8y med h\u00f8y ytelse som er utviklet for ren finish, effektiv arbeidsflyt og langvarig profesjonell bruk.<\/p>\n","protected":false},"featured_media":17348,"comment_status":"open","ping_status":"closed","template":"","meta":{"site-sidebar-layout":"default","site-content-layout":"","ast-site-content-layout":"default","site-content-style":"default","site-sidebar-style":"default","ast-global-header-display":"","ast-banner-title-visibility":"","ast-main-header-display":"","ast-hfb-above-header-display":"","ast-hfb-below-header-display":"","ast-hfb-mobile-header-display":"","site-post-title":"","ast-breadcrumbs-content":"","ast-featured-img":"","footer-sml-layout":"","theme-transparent-header-meta":"default","adv-header-id-meta":"","stick-header-meta":"","header-above-stick-meta":"","header-main-stick-meta":"","header-below-stick-meta":"","astra-migrate-meta-layouts":"set","ast-page-background-enabled":"default","ast-page-background-meta":{"desktop":{"background-color":"var(--ast-global-color-5)","background-image":"","background-repeat":"repeat","background-position":"center center","background-size":"auto","background-attachment":"scroll","background-type":"","background-media":"","overlay-type":"","overlay-color":"","overlay-opacity":"","overlay-gradient":""},"tablet":{"background-color":"","background-image":"","background-repeat":"repeat","background-position":"center center","background-size":"auto","background-attachment":"scroll","background-type":"","background-media":"","overlay-type":"","overlay-color":"","overlay-opacity":"","overlay-gradient":""},"mobile":{"background-color":"","background-image":"","background-repeat":"repeat","background-position":"center center","background-size":"auto","background-attachment":"scroll","background-type":"","background-media":"","overlay-type":"","overlay-color":"","overlay-opacity":"","overlay-gradient":""}},"ast-content-background-meta":{"desktop":{"background-color":"var(--ast-global-color-4)","background-image":"","background-repeat":"repeat","background-position":"center center","background-size":"auto","background-attachment":"scroll","background-type":"","background-media":"","overlay-type":"","overlay-color":"","overlay-opacity":"","overlay-gradient":""},"tablet":{"background-color":"var(--ast-global-color-4)","background-image":"","background-repeat":"repeat","background-position":"center center","background-size":"auto","background-attachment":"scroll","background-type":"","background-media":"","overlay-type":"","overlay-color":"","overlay-opacity":"","overlay-gradient":""},"mobile":{"background-color":"var(--ast-global-color-4)","background-image":"","background-repeat":"repeat","background-position":"center center","background-size":"auto","background-attachment":"scroll","background-type":"","background-media":"","overlay-type":"","overlay-color":"","overlay-opacity":"","overlay-gradient":""}}},"product_brand":[],"product_cat":[171],"product_tag":[],"class_list":{"0":"post-17352","1":"product","2":"type-product","3":"status-publish","4":"has-post-thumbnail","6":"product_cat-verktoy","7":"desktop-align-left","8":"tablet-align-left","9":"mobile-align-left","11":"first","12":"instock","13":"shipping-taxable","14":"purchasable","15":"product-type-simple"},"yoast_head":"<!-- This site is optimized with the Yoast SEO plugin v26.6 - https:\/\/yoast.com\/wordpress\/plugins\/seo\/ -->\n<title>Profesjonell pneumatisk orbitalpoleringsmaskin - Mekulo NO<\/title>\n<meta name=\"robots\" content=\"index, follow, max-snippet:-1, max-image-preview:large, max-video-preview:-1\" \/>\n<link rel=\"canonical\" href=\"https:\/\/mekulo.com\/no\/produkt\/profesjonell-pneumatisk-orbitalpoleringsmaskin\/\" \/>\n<meta property=\"og:locale\" content=\"nb_NO\" \/>\n<meta property=\"og:type\" content=\"article\" \/>\n<meta property=\"og:title\" content=\"Profesjonell pneumatisk orbitalpoleringsmaskin - Mekulo NO\" \/>\n<meta property=\"og:description\" content=\"Denne profesjonelle, pneumatiske pongtongpoleringsmaskinen gir h\u00f8y hastighet og jevne resultater ved sliping, polering og etterbehandling. Den er bygget for holdbarhet og kontroll, og er ideell for profesjonelle og gj\u00f8r-det-selv-brukere som arbeider p\u00e5 overflater av tre, metall, m\u00f8bler og kj\u00f8ret\u00f8y. Et p\u00e5litelig verkt\u00f8y med h\u00f8y ytelse som er utviklet for ren finish, effektiv arbeidsflyt og langvarig profesjonell bruk.\" \/>\n<meta property=\"og:url\" content=\"https:\/\/mekulo.com\/no\/produkt\/profesjonell-pneumatisk-orbitalpoleringsmaskin\/\" \/>\n<meta property=\"og:site_name\" content=\"Mekulo NO\" \/>\n<meta property=\"article:modified_time\" content=\"2026-01-13T16:30:54+00:00\" \/>\n<meta property=\"og:image\" content=\"https:\/\/mekulo.com\/no\/wp-content\/uploads\/sites\/10\/2026\/01\/fit1n13-1.jpg\" \/>\n\t<meta property=\"og:image:width\" content=\"800\" \/>\n\t<meta property=\"og:image:height\" content=\"800\" \/>\n\t<meta property=\"og:image:type\" content=\"image\/jpeg\" \/>\n<meta name=\"twitter:card\" content=\"summary_large_image\" \/>\n<meta name=\"twitter:label1\" content=\"Ansl. lesetid\" \/>\n\t<meta name=\"twitter:data1\" content=\"2 minutter\" \/>\n<script type=\"application\/ld+json\" class=\"yoast-schema-graph\">{\"@context\":\"https:\/\/schema.org\",\"@graph\":[{\"@type\":\"WebPage\",\"@id\":\"https:\/\/mekulo.com\/no\/produkt\/profesjonell-pneumatisk-orbitalpoleringsmaskin\/\",\"url\":\"https:\/\/mekulo.com\/no\/produkt\/profesjonell-pneumatisk-orbitalpoleringsmaskin\/\",\"name\":\"Profesjonell pneumatisk orbitalpoleringsmaskin - Mekulo NO\",\"isPartOf\":{\"@id\":\"https:\/\/mekulo.com\/no\/#website\"},\"primaryImageOfPage\":{\"@id\":\"https:\/\/mekulo.com\/no\/produkt\/profesjonell-pneumatisk-orbitalpoleringsmaskin\/#primaryimage\"},\"image\":{\"@id\":\"https:\/\/mekulo.com\/no\/produkt\/profesjonell-pneumatisk-orbitalpoleringsmaskin\/#primaryimage\"},\"thumbnailUrl\":\"https:\/\/mekulo.com\/no\/wp-content\/uploads\/sites\/10\/2026\/01\/fit1n13-1.jpg\",\"datePublished\":\"2026-01-13T15:10:19+00:00\",\"dateModified\":\"2026-01-13T16:30:54+00:00\",\"breadcrumb\":{\"@id\":\"https:\/\/mekulo.com\/no\/produkt\/profesjonell-pneumatisk-orbitalpoleringsmaskin\/#breadcrumb\"},\"inLanguage\":\"nb-NO\",\"potentialAction\":[{\"@type\":\"ReadAction\",\"target\":[\"https:\/\/mekulo.com\/no\/produkt\/profesjonell-pneumatisk-orbitalpoleringsmaskin\/\"]}]},{\"@type\":\"ImageObject\",\"inLanguage\":\"nb-NO\",\"@id\":\"https:\/\/mekulo.com\/no\/produkt\/profesjonell-pneumatisk-orbitalpoleringsmaskin\/#primaryimage\",\"url\":\"https:\/\/mekulo.com\/no\/wp-content\/uploads\/sites\/10\/2026\/01\/fit1n13-1.jpg\",\"contentUrl\":\"https:\/\/mekulo.com\/no\/wp-content\/uploads\/sites\/10\/2026\/01\/fit1n13-1.jpg\",\"width\":800,\"height\":800},{\"@type\":\"BreadcrumbList\",\"@id\":\"https:\/\/mekulo.com\/no\/produkt\/profesjonell-pneumatisk-orbitalpoleringsmaskin\/#breadcrumb\",\"itemListElement\":[{\"@type\":\"ListItem\",\"position\":1,\"name\":\"Home\",\"item\":\"https:\/\/mekulo.com\/no\/\"},{\"@type\":\"ListItem\",\"position\":2,\"name\":\"Butikk\",\"item\":\"https:\/\/mekulo.com\/no\/butikk\/\"},{\"@type\":\"ListItem\",\"position\":3,\"name\":\"Profesjonell pneumatisk orbitalpoleringsmaskin\"}]},{\"@type\":\"WebSite\",\"@id\":\"https:\/\/mekulo.com\/no\/#website\",\"url\":\"https:\/\/mekulo.com\/no\/\",\"name\":\"Mekulo NO\",\"description\":\"\",\"publisher\":{\"@id\":\"https:\/\/mekulo.com\/no\/#organization\"},\"potentialAction\":[{\"@type\":\"SearchAction\",\"target\":{\"@type\":\"EntryPoint\",\"urlTemplate\":\"https:\/\/mekulo.com\/no\/?s={search_term_string}\"},\"query-input\":{\"@type\":\"PropertyValueSpecification\",\"valueRequired\":true,\"valueName\":\"search_term_string\"}}],\"inLanguage\":\"nb-NO\"},{\"@type\":\"Organization\",\"@id\":\"https:\/\/mekulo.com\/no\/#organization\",\"name\":\"Mekulo\",\"url\":\"https:\/\/mekulo.com\/no\/\",\"logo\":{\"@type\":\"ImageObject\",\"inLanguage\":\"nb-NO\",\"@id\":\"https:\/\/mekulo.com\/no\/#\/schema\/logo\/image\/\",\"url\":\"https:\/\/mekulo.com\/no\/wp-content\/uploads\/sites\/10\/2025\/12\/favicon_mekulo.png\",\"contentUrl\":\"https:\/\/mekulo.com\/no\/wp-content\/uploads\/sites\/10\/2025\/12\/favicon_mekulo.png\",\"width\":50,\"height\":50,\"caption\":\"Mekulo\"},\"image\":{\"@id\":\"https:\/\/mekulo.com\/no\/#\/schema\/logo\/image\/\"}}]}<\/script>\n<!-- \/ Yoast SEO plugin. -->","yoast_head_json":{"title":"Profesjonell pneumatisk orbitalpoleringsmaskin - Mekulo NO","robots":{"index":"index","follow":"follow","max-snippet":"max-snippet:-1","max-image-preview":"max-image-preview:large","max-video-preview":"max-video-preview:-1"},"canonical":"https:\/\/mekulo.com\/no\/produkt\/profesjonell-pneumatisk-orbitalpoleringsmaskin\/","og_locale":"nb_NO","og_type":"article","og_title":"Profesjonell pneumatisk orbitalpoleringsmaskin - Mekulo NO","og_description":"Denne profesjonelle, pneumatiske pongtongpoleringsmaskinen gir h\u00f8y hastighet og jevne resultater ved sliping, polering og etterbehandling. Den er bygget for holdbarhet og kontroll, og er ideell for profesjonelle og gj\u00f8r-det-selv-brukere som arbeider p\u00e5 overflater av tre, metall, m\u00f8bler og kj\u00f8ret\u00f8y. Et p\u00e5litelig verkt\u00f8y med h\u00f8y ytelse som er utviklet for ren finish, effektiv arbeidsflyt og langvarig profesjonell bruk.","og_url":"https:\/\/mekulo.com\/no\/produkt\/profesjonell-pneumatisk-orbitalpoleringsmaskin\/","og_site_name":"Mekulo NO","article_modified_time":"2026-01-13T16:30:54+00:00","og_image":[{"width":800,"height":800,"url":"https:\/\/mekulo.com\/no\/wp-content\/uploads\/sites\/10\/2026\/01\/fit1n13-1.jpg","type":"image\/jpeg"}],"twitter_card":"summary_large_image","twitter_misc":{"Ansl. lesetid":"2 minutter"},"schema":{"@context":"https:\/\/schema.org","@graph":[{"@type":"WebPage","@id":"https:\/\/mekulo.com\/no\/produkt\/profesjonell-pneumatisk-orbitalpoleringsmaskin\/","url":"https:\/\/mekulo.com\/no\/produkt\/profesjonell-pneumatisk-orbitalpoleringsmaskin\/","name":"Profesjonell pneumatisk orbitalpoleringsmaskin - Mekulo NO","isPartOf":{"@id":"https:\/\/mekulo.com\/no\/#website"},"primaryImageOfPage":{"@id":"https:\/\/mekulo.com\/no\/produkt\/profesjonell-pneumatisk-orbitalpoleringsmaskin\/#primaryimage"},"image":{"@id":"https:\/\/mekulo.com\/no\/produkt\/profesjonell-pneumatisk-orbitalpoleringsmaskin\/#primaryimage"},"thumbnailUrl":"https:\/\/mekulo.com\/no\/wp-content\/uploads\/sites\/10\/2026\/01\/fit1n13-1.jpg","datePublished":"2026-01-13T15:10:19+00:00","dateModified":"2026-01-13T16:30:54+00:00","breadcrumb":{"@id":"https:\/\/mekulo.com\/no\/produkt\/profesjonell-pneumatisk-orbitalpoleringsmaskin\/#breadcrumb"},"inLanguage":"nb-NO","potentialAction":[{"@type":"ReadAction","target":["https:\/\/mekulo.com\/no\/produkt\/profesjonell-pneumatisk-orbitalpoleringsmaskin\/"]}]},{"@type":"ImageObject","inLanguage":"nb-NO","@id":"https:\/\/mekulo.com\/no\/produkt\/profesjonell-pneumatisk-orbitalpoleringsmaskin\/#primaryimage","url":"https:\/\/mekulo.com\/no\/wp-content\/uploads\/sites\/10\/2026\/01\/fit1n13-1.jpg","contentUrl":"https:\/\/mekulo.com\/no\/wp-content\/uploads\/sites\/10\/2026\/01\/fit1n13-1.jpg","width":800,"height":800},{"@type":"BreadcrumbList","@id":"https:\/\/mekulo.com\/no\/produkt\/profesjonell-pneumatisk-orbitalpoleringsmaskin\/#breadcrumb","itemListElement":[{"@type":"ListItem","position":1,"name":"Home","item":"https:\/\/mekulo.com\/no\/"},{"@type":"ListItem","position":2,"name":"Butikk","item":"https:\/\/mekulo.com\/no\/butikk\/"},{"@type":"ListItem","position":3,"name":"Profesjonell pneumatisk orbitalpoleringsmaskin"}]},{"@type":"WebSite","@id":"https:\/\/mekulo.com\/no\/#website","url":"https:\/\/mekulo.com\/no\/","name":"Mekulo NO","description":"","publisher":{"@id":"https:\/\/mekulo.com\/no\/#organization"},"potentialAction":[{"@type":"SearchAction","target":{"@type":"EntryPoint","urlTemplate":"https:\/\/mekulo.com\/no\/?s={search_term_string}"},"query-input":{"@type":"PropertyValueSpecification","valueRequired":true,"valueName":"search_term_string"}}],"inLanguage":"nb-NO"},{"@type":"Organization","@id":"https:\/\/mekulo.com\/no\/#organization","name":"Mekulo","url":"https:\/\/mekulo.com\/no\/","logo":{"@type":"ImageObject","inLanguage":"nb-NO","@id":"https:\/\/mekulo.com\/no\/#\/schema\/logo\/image\/","url":"https:\/\/mekulo.com\/no\/wp-content\/uploads\/sites\/10\/2025\/12\/favicon_mekulo.png","contentUrl":"https:\/\/mekulo.com\/no\/wp-content\/uploads\/sites\/10\/2025\/12\/favicon_mekulo.png","width":50,"height":50,"caption":"Mekulo"},"image":{"@id":"https:\/\/mekulo.com\/no\/#\/schema\/logo\/image\/"}}]}},"_links":{"self":[{"href":"https:\/\/mekulo.com\/no\/wp-json\/wp\/v2\/product\/17352","targetHints":{"allow":["GET"]}}],"collection":[{"href":"https:\/\/mekulo.com\/no\/wp-json\/wp\/v2\/product"}],"about":[{"href":"https:\/\/mekulo.com\/no\/wp-json\/wp\/v2\/types\/product"}],"replies":[{"embeddable":true,"href":"https:\/\/mekulo.com\/no\/wp-json\/wp\/v2\/comments?post=17352"}],"wp:featuredmedia":[{"embeddable":true,"href":"https:\/\/mekulo.com\/no\/wp-json\/wp\/v2\/media\/17348"}],"wp:attachment":[{"href":"https:\/\/mekulo.com\/no\/wp-json\/wp\/v2\/media?parent=17352"}],"wp:term":[{"taxonomy":"product_brand","embeddable":true,"href":"https:\/\/mekulo.com\/no\/wp-json\/wp\/v2\/product_brand?post=17352"},{"taxonomy":"product_cat","embeddable":true,"href":"https:\/\/mekulo.com\/no\/wp-json\/wp\/v2\/product_cat?post=17352"},{"taxonomy":"product_tag","embeddable":true,"href":"https:\/\/mekulo.com\/no\/wp-json\/wp\/v2\/product_tag?post=17352"}],"curies":[{"name":"wp","href":"https:\/\/api.w.org\/{rel}","templated":true}]}}