{"id":17293,"date":"2026-01-13T17:05:34","date_gmt":"2026-01-13T15:05:34","guid":{"rendered":"https:\/\/mekulo.com\/no\/produkt\/mykt-flytende-marklokke\/"},"modified":"2026-01-13T18:26:08","modified_gmt":"2026-01-13T16:26:08","slug":"mykt-flytende-marklokke","status":"publish","type":"product","link":"https:\/\/mekulo.com\/no\/produkt\/mykt-flytende-marklokke\/","title":{"rendered":"Mykt flytende marklokke"},"content":{"rendered":"<p style=\"text-align: center;\" data-start=\"0\" data-end=\"75\"><strong data-start=\"0\" data-end=\"75\">Tiltrekk mer fisk med et mykt, flytende agn som beveger seg som ekte agn. \ud83d\udc1f<\/strong><\/p>\n<p data-start=\"0\" data-end=\"75\"><img fetchpriority=\"high\" decoding=\"async\" class=\"size-full wp-image-18665 aligncenter\" src=\"https:\/\/mekulo.com\/template\/wp-content\/uploads\/sites\/6\/2026\/01\/spp_20250826183329_ab0cd61e65ea3b07a4eb93c881e4ebc5.webp\" alt=\"\" width=\"800\" height=\"800\" \/><\/p>\n<h2 style=\"text-align: center;\" data-start=\"300\" data-end=\"320\"><strong>Hovedfordeler<\/strong><\/h2>\n<p data-start=\"324\" data-end=\"384\">\ud83d\udc1f Realistisk f\u00f8lelse &#8211; Myk tekstur f\u00f8les naturlig for fisken.<\/p>\n<p data-start=\"387\" data-end=\"451\">\ud83c\udf0a Flytende handling &#8211; Holder seg fra bunnen og er lett \u00e5 f\u00e5 \u00f8ye p\u00e5.<\/p>\n<p data-start=\"454\" data-end=\"512\">\ud83c\udf00 Dynamisk bevegelse &#8211; Pirrer fisken og utl\u00f8ser bitt.<\/p>\n<p data-start=\"515\" data-end=\"586\">\ud83c\udfa3 Flere st\u00f8rrelser tilgjengelig &#8211; Passer til forskjellige fisk og forhold.<\/p>\n<p data-start=\"589\" data-end=\"649\">\ud83d\udce6 Bulk-alternativer &#8211; Flott for b\u00e5de fritidsfiskere og seri\u00f8se fiskere.<\/p>\n<p data-start=\"589\" data-end=\"649\"><img decoding=\"async\" class=\"size-full wp-image-18662 aligncenter\" src=\"https:\/\/mekulo.com\/template\/wp-content\/uploads\/sites\/6\/2026\/01\/spp_20250826183341_44cb1217c1adbcf3a6a47d269bcea7e9.jpg\" alt=\"\" width=\"1080\" height=\"1080\" \/><\/p>\n<h2 style=\"text-align: center;\" data-start=\"656\" data-end=\"674\"><strong>Slik Bruker Du<\/strong><\/h2>\n<ol data-start=\"676\" data-end=\"897\">\n<li data-start=\"676\" data-end=\"723\">\n<p data-start=\"679\" data-end=\"723\">Velg perlest\u00f8rrelse basert p\u00e5 m\u00e5lfisken.<\/p>\n<\/li>\n<li data-start=\"724\" data-end=\"775\">\n<p data-start=\"727\" data-end=\"775\">Tr\u00e6 eller fest sluken p\u00e5 kroken eller riggen.<\/p>\n<\/li>\n<li data-start=\"776\" data-end=\"808\">\n<p data-start=\"779\" data-end=\"808\">Kast ut i fiskeomr\u00e5det.<\/p>\n<\/li>\n<li data-start=\"809\" data-end=\"852\">\n<p data-start=\"812\" data-end=\"852\">La sluken flyte og bevege seg naturlig.<\/p>\n<\/li>\n<li data-start=\"853\" data-end=\"897\">\n<p data-start=\"856\" data-end=\"897\">Hent den sakte inn for \u00e5 skape en pirrende bevegelse.<\/p>\n<\/li>\n<\/ol>\n<h2 style=\"text-align: center;\" data-start=\"904\" data-end=\"926\"><strong>Produktdetaljer<\/strong><\/h2>\n<ul data-start=\"928\" data-end=\"1134\">\n<li data-start=\"928\" data-end=\"953\">\n<p data-start=\"930\" data-end=\"953\">Materiale: Myk gummi<\/p>\n<\/li>\n<li data-start=\"954\" data-end=\"1059\">\n<p data-start=\"956\" data-end=\"975\">Diameteralternativer:<\/p>\n<ul data-start=\"978\" data-end=\"1059\">\n<li data-start=\"978\" data-end=\"1003\">\n<p data-start=\"980\" data-end=\"1003\">4mm (500 stk)<\/p>\n<\/li>\n<li data-start=\"1006\" data-end=\"1031\">\n<p data-start=\"1008\" data-end=\"1031\">6mm (200 stk)<\/p>\n<\/li>\n<li data-start=\"1034\" data-end=\"1059\">\n<p data-start=\"1036\" data-end=\"1059\">10mm (50 stk)<\/p>\n<\/li>\n<\/ul>\n<\/li>\n<li data-start=\"1060\" data-end=\"1092\">\n<p data-start=\"1062\" data-end=\"1092\">Handling: Anti-bunn flytende<\/p>\n<\/li>\n<li data-start=\"1093\" data-end=\"1134\">\n<p data-start=\"1095\" data-end=\"1134\">Bruk: Ferskvanns- og saltvannsfiske<\/p>\n<\/li>\n<\/ul>\n<h2 style=\"text-align: center;\" data-start=\"1141\" data-end=\"1164\"><strong>Pakken inneholder<\/strong><\/h2>\n<ul data-start=\"1166\" data-end=\"1239\">\n<li data-start=\"1166\" data-end=\"1239\">\n<p data-start=\"1168\" data-end=\"1239\">50 (10 mm), 200 (6 mm), 500 (4 mm) x myke flytende ormer.<\/p>\n<\/li>\n<\/ul>\n","protected":false},"excerpt":{"rendered":"<p>Dette myke, flytende markagnet er utviklet for \u00e5 pirre fisken med naturlig bevegelse og en realistisk f\u00f8lelse. Den er laget av myk gummi, holder seg synlig i vannet og \u00f8ker bitesjansene b\u00e5de ved villfiske og slukfiske. Et enkelt, men effektivt sluk som hjelper deg med \u00e5 fange mer fisk med mindre innsats.<\/p>\n","protected":false},"featured_media":17289,"comment_status":"open","ping_status":"closed","template":"","meta":{"site-sidebar-layout":"default","site-content-layout":"","ast-site-content-layout":"default","site-content-style":"default","site-sidebar-style":"default","ast-global-header-display":"","ast-banner-title-visibility":"","ast-main-header-display":"","ast-hfb-above-header-display":"","ast-hfb-below-header-display":"","ast-hfb-mobile-header-display":"","site-post-title":"","ast-breadcrumbs-content":"","ast-featured-img":"","footer-sml-layout":"","theme-transparent-header-meta":"default","adv-header-id-meta":"","stick-header-meta":"","header-above-stick-meta":"","header-main-stick-meta":"","header-below-stick-meta":"","astra-migrate-meta-layouts":"set","ast-page-background-enabled":"default","ast-page-background-meta":{"desktop":{"background-color":"var(--ast-global-color-5)","background-image":"","background-repeat":"repeat","background-position":"center center","background-size":"auto","background-attachment":"scroll","background-type":"","background-media":"","overlay-type":"","overlay-color":"","overlay-opacity":"","overlay-gradient":""},"tablet":{"background-color":"","background-image":"","background-repeat":"repeat","background-position":"center center","background-size":"auto","background-attachment":"scroll","background-type":"","background-media":"","overlay-type":"","overlay-color":"","overlay-opacity":"","overlay-gradient":""},"mobile":{"background-color":"","background-image":"","background-repeat":"repeat","background-position":"center center","background-size":"auto","background-attachment":"scroll","background-type":"","background-media":"","overlay-type":"","overlay-color":"","overlay-opacity":"","overlay-gradient":""}},"ast-content-background-meta":{"desktop":{"background-color":"var(--ast-global-color-4)","background-image":"","background-repeat":"repeat","background-position":"center center","background-size":"auto","background-attachment":"scroll","background-type":"","background-media":"","overlay-type":"","overlay-color":"","overlay-opacity":"","overlay-gradient":""},"tablet":{"background-color":"var(--ast-global-color-4)","background-image":"","background-repeat":"repeat","background-position":"center center","background-size":"auto","background-attachment":"scroll","background-type":"","background-media":"","overlay-type":"","overlay-color":"","overlay-opacity":"","overlay-gradient":""},"mobile":{"background-color":"var(--ast-global-color-4)","background-image":"","background-repeat":"repeat","background-position":"center center","background-size":"auto","background-attachment":"scroll","background-type":"","background-media":"","overlay-type":"","overlay-color":"","overlay-opacity":"","overlay-gradient":""}}},"product_brand":[],"product_cat":[167],"product_tag":[],"class_list":{"0":"post-17293","1":"product","2":"type-product","3":"status-publish","4":"has-post-thumbnail","6":"product_cat-fotturer-camping-og-fritidsartikler","7":"pa_66698_c8l4ejk2-10-mm","8":"pa_66698_c8l4ejk2-4-mm","9":"pa_66698_c8l4ejk2-6-mm","10":"pa_66698_xkdnzz8i-gul","11":"pa_66698_xkdnzz8i-rod","12":"desktop-align-left","13":"tablet-align-left","14":"mobile-align-left","16":"first","17":"instock","18":"shipping-taxable","19":"purchasable","20":"product-type-variable","21":"has-default-attributes"},"yoast_head":"<!-- This site is optimized with the Yoast SEO plugin v26.6 - https:\/\/yoast.com\/wordpress\/plugins\/seo\/ -->\n<title>Mykt flytende marklokke - Mekulo NO<\/title>\n<meta name=\"robots\" content=\"index, follow, max-snippet:-1, max-image-preview:large, max-video-preview:-1\" \/>\n<link rel=\"canonical\" href=\"https:\/\/mekulo.com\/no\/produkt\/mykt-flytende-marklokke\/\" \/>\n<meta property=\"og:locale\" content=\"nb_NO\" \/>\n<meta property=\"og:type\" content=\"article\" \/>\n<meta property=\"og:title\" content=\"Mykt flytende marklokke - Mekulo NO\" \/>\n<meta property=\"og:description\" content=\"Dette myke, flytende markagnet er utviklet for \u00e5 pirre fisken med naturlig bevegelse og en realistisk f\u00f8lelse. Den er laget av myk gummi, holder seg synlig i vannet og \u00f8ker bitesjansene b\u00e5de ved villfiske og slukfiske. Et enkelt, men effektivt sluk som hjelper deg med \u00e5 fange mer fisk med mindre innsats.\" \/>\n<meta property=\"og:url\" content=\"https:\/\/mekulo.com\/no\/produkt\/mykt-flytende-marklokke\/\" \/>\n<meta property=\"og:site_name\" content=\"Mekulo NO\" \/>\n<meta property=\"article:modified_time\" content=\"2026-01-13T16:26:08+00:00\" \/>\n<meta property=\"og:image\" content=\"https:\/\/mekulo.com\/no\/wp-content\/uploads\/sites\/10\/2026\/01\/vxrob2d-1.jpg\" \/>\n\t<meta property=\"og:image:width\" content=\"960\" \/>\n\t<meta property=\"og:image:height\" content=\"960\" \/>\n\t<meta property=\"og:image:type\" content=\"image\/jpeg\" \/>\n<meta name=\"twitter:card\" content=\"summary_large_image\" \/>\n<meta name=\"twitter:label1\" content=\"Ansl. lesetid\" \/>\n\t<meta name=\"twitter:data1\" content=\"2 minutter\" \/>\n<script type=\"application\/ld+json\" class=\"yoast-schema-graph\">{\"@context\":\"https:\/\/schema.org\",\"@graph\":[{\"@type\":\"WebPage\",\"@id\":\"https:\/\/mekulo.com\/no\/produkt\/mykt-flytende-marklokke\/\",\"url\":\"https:\/\/mekulo.com\/no\/produkt\/mykt-flytende-marklokke\/\",\"name\":\"Mykt flytende marklokke - Mekulo NO\",\"isPartOf\":{\"@id\":\"https:\/\/mekulo.com\/no\/#website\"},\"primaryImageOfPage\":{\"@id\":\"https:\/\/mekulo.com\/no\/produkt\/mykt-flytende-marklokke\/#primaryimage\"},\"image\":{\"@id\":\"https:\/\/mekulo.com\/no\/produkt\/mykt-flytende-marklokke\/#primaryimage\"},\"thumbnailUrl\":\"https:\/\/mekulo.com\/no\/wp-content\/uploads\/sites\/10\/2026\/01\/vxrob2d-1.jpg\",\"datePublished\":\"2026-01-13T15:05:34+00:00\",\"dateModified\":\"2026-01-13T16:26:08+00:00\",\"breadcrumb\":{\"@id\":\"https:\/\/mekulo.com\/no\/produkt\/mykt-flytende-marklokke\/#breadcrumb\"},\"inLanguage\":\"nb-NO\",\"potentialAction\":[{\"@type\":\"ReadAction\",\"target\":[\"https:\/\/mekulo.com\/no\/produkt\/mykt-flytende-marklokke\/\"]}]},{\"@type\":\"ImageObject\",\"inLanguage\":\"nb-NO\",\"@id\":\"https:\/\/mekulo.com\/no\/produkt\/mykt-flytende-marklokke\/#primaryimage\",\"url\":\"https:\/\/mekulo.com\/no\/wp-content\/uploads\/sites\/10\/2026\/01\/vxrob2d-1.jpg\",\"contentUrl\":\"https:\/\/mekulo.com\/no\/wp-content\/uploads\/sites\/10\/2026\/01\/vxrob2d-1.jpg\",\"width\":960,\"height\":960},{\"@type\":\"BreadcrumbList\",\"@id\":\"https:\/\/mekulo.com\/no\/produkt\/mykt-flytende-marklokke\/#breadcrumb\",\"itemListElement\":[{\"@type\":\"ListItem\",\"position\":1,\"name\":\"Home\",\"item\":\"https:\/\/mekulo.com\/no\/\"},{\"@type\":\"ListItem\",\"position\":2,\"name\":\"Butikk\",\"item\":\"https:\/\/mekulo.com\/no\/butikk\/\"},{\"@type\":\"ListItem\",\"position\":3,\"name\":\"Mykt flytende marklokke\"}]},{\"@type\":\"WebSite\",\"@id\":\"https:\/\/mekulo.com\/no\/#website\",\"url\":\"https:\/\/mekulo.com\/no\/\",\"name\":\"Mekulo NO\",\"description\":\"\",\"publisher\":{\"@id\":\"https:\/\/mekulo.com\/no\/#organization\"},\"potentialAction\":[{\"@type\":\"SearchAction\",\"target\":{\"@type\":\"EntryPoint\",\"urlTemplate\":\"https:\/\/mekulo.com\/no\/?s={search_term_string}\"},\"query-input\":{\"@type\":\"PropertyValueSpecification\",\"valueRequired\":true,\"valueName\":\"search_term_string\"}}],\"inLanguage\":\"nb-NO\"},{\"@type\":\"Organization\",\"@id\":\"https:\/\/mekulo.com\/no\/#organization\",\"name\":\"Mekulo\",\"url\":\"https:\/\/mekulo.com\/no\/\",\"logo\":{\"@type\":\"ImageObject\",\"inLanguage\":\"nb-NO\",\"@id\":\"https:\/\/mekulo.com\/no\/#\/schema\/logo\/image\/\",\"url\":\"https:\/\/mekulo.com\/no\/wp-content\/uploads\/sites\/10\/2025\/12\/favicon_mekulo.png\",\"contentUrl\":\"https:\/\/mekulo.com\/no\/wp-content\/uploads\/sites\/10\/2025\/12\/favicon_mekulo.png\",\"width\":50,\"height\":50,\"caption\":\"Mekulo\"},\"image\":{\"@id\":\"https:\/\/mekulo.com\/no\/#\/schema\/logo\/image\/\"}}]}<\/script>\n<!-- \/ Yoast SEO plugin. -->","yoast_head_json":{"title":"Mykt flytende marklokke - Mekulo NO","robots":{"index":"index","follow":"follow","max-snippet":"max-snippet:-1","max-image-preview":"max-image-preview:large","max-video-preview":"max-video-preview:-1"},"canonical":"https:\/\/mekulo.com\/no\/produkt\/mykt-flytende-marklokke\/","og_locale":"nb_NO","og_type":"article","og_title":"Mykt flytende marklokke - Mekulo NO","og_description":"Dette myke, flytende markagnet er utviklet for \u00e5 pirre fisken med naturlig bevegelse og en realistisk f\u00f8lelse. Den er laget av myk gummi, holder seg synlig i vannet og \u00f8ker bitesjansene b\u00e5de ved villfiske og slukfiske. Et enkelt, men effektivt sluk som hjelper deg med \u00e5 fange mer fisk med mindre innsats.","og_url":"https:\/\/mekulo.com\/no\/produkt\/mykt-flytende-marklokke\/","og_site_name":"Mekulo NO","article_modified_time":"2026-01-13T16:26:08+00:00","og_image":[{"width":960,"height":960,"url":"https:\/\/mekulo.com\/no\/wp-content\/uploads\/sites\/10\/2026\/01\/vxrob2d-1.jpg","type":"image\/jpeg"}],"twitter_card":"summary_large_image","twitter_misc":{"Ansl. lesetid":"2 minutter"},"schema":{"@context":"https:\/\/schema.org","@graph":[{"@type":"WebPage","@id":"https:\/\/mekulo.com\/no\/produkt\/mykt-flytende-marklokke\/","url":"https:\/\/mekulo.com\/no\/produkt\/mykt-flytende-marklokke\/","name":"Mykt flytende marklokke - Mekulo NO","isPartOf":{"@id":"https:\/\/mekulo.com\/no\/#website"},"primaryImageOfPage":{"@id":"https:\/\/mekulo.com\/no\/produkt\/mykt-flytende-marklokke\/#primaryimage"},"image":{"@id":"https:\/\/mekulo.com\/no\/produkt\/mykt-flytende-marklokke\/#primaryimage"},"thumbnailUrl":"https:\/\/mekulo.com\/no\/wp-content\/uploads\/sites\/10\/2026\/01\/vxrob2d-1.jpg","datePublished":"2026-01-13T15:05:34+00:00","dateModified":"2026-01-13T16:26:08+00:00","breadcrumb":{"@id":"https:\/\/mekulo.com\/no\/produkt\/mykt-flytende-marklokke\/#breadcrumb"},"inLanguage":"nb-NO","potentialAction":[{"@type":"ReadAction","target":["https:\/\/mekulo.com\/no\/produkt\/mykt-flytende-marklokke\/"]}]},{"@type":"ImageObject","inLanguage":"nb-NO","@id":"https:\/\/mekulo.com\/no\/produkt\/mykt-flytende-marklokke\/#primaryimage","url":"https:\/\/mekulo.com\/no\/wp-content\/uploads\/sites\/10\/2026\/01\/vxrob2d-1.jpg","contentUrl":"https:\/\/mekulo.com\/no\/wp-content\/uploads\/sites\/10\/2026\/01\/vxrob2d-1.jpg","width":960,"height":960},{"@type":"BreadcrumbList","@id":"https:\/\/mekulo.com\/no\/produkt\/mykt-flytende-marklokke\/#breadcrumb","itemListElement":[{"@type":"ListItem","position":1,"name":"Home","item":"https:\/\/mekulo.com\/no\/"},{"@type":"ListItem","position":2,"name":"Butikk","item":"https:\/\/mekulo.com\/no\/butikk\/"},{"@type":"ListItem","position":3,"name":"Mykt flytende marklokke"}]},{"@type":"WebSite","@id":"https:\/\/mekulo.com\/no\/#website","url":"https:\/\/mekulo.com\/no\/","name":"Mekulo NO","description":"","publisher":{"@id":"https:\/\/mekulo.com\/no\/#organization"},"potentialAction":[{"@type":"SearchAction","target":{"@type":"EntryPoint","urlTemplate":"https:\/\/mekulo.com\/no\/?s={search_term_string}"},"query-input":{"@type":"PropertyValueSpecification","valueRequired":true,"valueName":"search_term_string"}}],"inLanguage":"nb-NO"},{"@type":"Organization","@id":"https:\/\/mekulo.com\/no\/#organization","name":"Mekulo","url":"https:\/\/mekulo.com\/no\/","logo":{"@type":"ImageObject","inLanguage":"nb-NO","@id":"https:\/\/mekulo.com\/no\/#\/schema\/logo\/image\/","url":"https:\/\/mekulo.com\/no\/wp-content\/uploads\/sites\/10\/2025\/12\/favicon_mekulo.png","contentUrl":"https:\/\/mekulo.com\/no\/wp-content\/uploads\/sites\/10\/2025\/12\/favicon_mekulo.png","width":50,"height":50,"caption":"Mekulo"},"image":{"@id":"https:\/\/mekulo.com\/no\/#\/schema\/logo\/image\/"}}]}},"_links":{"self":[{"href":"https:\/\/mekulo.com\/no\/wp-json\/wp\/v2\/product\/17293","targetHints":{"allow":["GET"]}}],"collection":[{"href":"https:\/\/mekulo.com\/no\/wp-json\/wp\/v2\/product"}],"about":[{"href":"https:\/\/mekulo.com\/no\/wp-json\/wp\/v2\/types\/product"}],"replies":[{"embeddable":true,"href":"https:\/\/mekulo.com\/no\/wp-json\/wp\/v2\/comments?post=17293"}],"wp:featuredmedia":[{"embeddable":true,"href":"https:\/\/mekulo.com\/no\/wp-json\/wp\/v2\/media\/17289"}],"wp:attachment":[{"href":"https:\/\/mekulo.com\/no\/wp-json\/wp\/v2\/media?parent=17293"}],"wp:term":[{"taxonomy":"product_brand","embeddable":true,"href":"https:\/\/mekulo.com\/no\/wp-json\/wp\/v2\/product_brand?post=17293"},{"taxonomy":"product_cat","embeddable":true,"href":"https:\/\/mekulo.com\/no\/wp-json\/wp\/v2\/product_cat?post=17293"},{"taxonomy":"product_tag","embeddable":true,"href":"https:\/\/mekulo.com\/no\/wp-json\/wp\/v2\/product_tag?post=17293"}],"curies":[{"name":"wp","href":"https:\/\/api.w.org\/{rel}","templated":true}]}}