{"id":17270,"date":"2026-01-13T17:03:34","date_gmt":"2026-01-13T15:03:34","guid":{"rendered":"https:\/\/mekulo.com\/no\/produkt\/uttrekkbar-sikkerhetsboksskjaerer\/"},"modified":"2026-01-13T18:23:17","modified_gmt":"2026-01-13T16:23:17","slug":"uttrekkbar-sikkerhetsboksskjaerer","status":"publish","type":"product","link":"https:\/\/mekulo.com\/no\/produkt\/uttrekkbar-sikkerhetsboksskjaerer\/","title":{"rendered":"Uttrekkbar sikkerhetsboksskj\u00e6rer"},"content":{"rendered":"<p style=\"text-align: center;\" data-start=\"0\" data-end=\"82\"><strong data-start=\"0\" data-end=\"82\">\u00c5pne pakker raskt og trygt med en kutter som er utformet for \u00e5 beskytte hendene dine. \ud83c\udf81\ud83d\udce6<\/strong><\/p>\n<p data-start=\"84\" data-end=\"328\"><img fetchpriority=\"high\" decoding=\"async\" class=\"size-full wp-image-18646 aligncenter\" src=\"https:\/\/mekulo.com\/template\/wp-content\/uploads\/sites\/6\/2026\/01\/spp_shopify20250928143003_31440785a2983d54e619d4f92de4816a_c4a2ce33-65e2-4e45-a3b4-718f79a479c8.webp\" alt=\"\" width=\"713\" height=\"713\" \/><\/p>\n<h2 style=\"text-align: center;\" data-start=\"335\" data-end=\"354\"><strong>Hovedfordeler<\/strong><\/h2>\n<p data-start=\"358\" data-end=\"430\">\ud83d\udd12 Automatisk tilbaketrekkende blad &#8211; Bladet trekker seg \u00f8yeblikkelig tilbake etter hvert kutt.<\/p>\n<p data-start=\"433\" data-end=\"500\">\u2702\ufe0f Slitesterkt keramisk blad &#8211; Skarp, rustfri og langvarig.<\/p>\n<p data-start=\"503\" data-end=\"573\">\ud83d\udd90\ufe0f Sikker enh\u00e5ndsbruk &#8211; Reduserer risikoen for kutt og h\u00e5ndskader.<\/p>\n<p data-start=\"576\" data-end=\"633\">\ud83e\uddf2 Magnetisk design &#8211; Enkel oppbevaring p\u00e5 metalloverflater.<\/p>\n<p data-start=\"636\" data-end=\"708\">\ud83d\udce6 Perfekt for unboxing &#8211; Kutter teip, papp og emballasje raskt.<\/p>\n<p data-start=\"636\" data-end=\"708\"><img decoding=\"async\" class=\"size-full wp-image-18644 aligncenter\" src=\"https:\/\/mekulo.com\/template\/wp-content\/uploads\/sites\/6\/2026\/01\/spp_shopify20250928143003_30f17079a884e442615d809773c828a3_ad79d586-9ed9-40d3-b09d-2011bc438bc8.webp\" alt=\"\" width=\"713\" height=\"713\" \/><\/p>\n<h2 style=\"text-align: center;\" data-start=\"715\" data-end=\"733\"><strong>Slik Bruker Du Den<\/strong><\/h2>\n<ol data-start=\"735\" data-end=\"986\">\n<li data-start=\"735\" data-end=\"780\">\n<p data-start=\"738\" data-end=\"780\">Hold kutteren komfortabelt i \u00e9n h\u00e5nd.<\/p>\n<\/li>\n<li data-start=\"781\" data-end=\"835\">\n<p data-start=\"784\" data-end=\"835\">Trykk og skyv bladet over teipen eller pappen.<\/p>\n<\/li>\n<li data-start=\"836\" data-end=\"883\">\n<p data-start=\"839\" data-end=\"883\">Slipp trykket n\u00e5r du er ferdig med \u00e5 kutte.<\/p>\n<\/li>\n<li data-start=\"884\" data-end=\"933\">\n<p data-start=\"887\" data-end=\"933\">Bladet trekkes automatisk tilbake for sikkerhets skyld.<\/p>\n<\/li>\n<li data-start=\"934\" data-end=\"986\">\n<p data-start=\"937\" data-end=\"986\">Oppbevares p\u00e5 en metalloverflate ved hjelp av den magnetiske baksiden.<\/p>\n<\/li>\n<\/ol>\n<h2 style=\"text-align: center;\" data-start=\"993\" data-end=\"1015\"><strong>Produktdetaljer<\/strong><\/h2>\n<ul data-start=\"1017\" data-end=\"1198\">\n<li data-start=\"1017\" data-end=\"1050\">\n<p data-start=\"1019\" data-end=\"1050\">Materiale: ABS + keramisk blad<\/p>\n<\/li>\n<li data-start=\"1051\" data-end=\"1090\">\n<p data-start=\"1053\" data-end=\"1090\">Bladtype: Keramisk, rustbestandig<\/p>\n<\/li>\n<li data-start=\"1091\" data-end=\"1113\">\n<p data-start=\"1093\" data-end=\"1113\">St\u00f8rrelse: 5,9 x 4,1 cm<\/p>\n<\/li>\n<li data-start=\"1114\" data-end=\"1152\">\n<p data-start=\"1116\" data-end=\"1152\">Design: Automatisk tilbaketrekking av bladet<\/p>\n<\/li>\n<li data-start=\"1153\" data-end=\"1198\">\n<p data-start=\"1155\" data-end=\"1198\">Bruk: Tape, papp, emballasjematerialer<\/p>\n<\/li>\n<\/ul>\n<h2 style=\"text-align: center;\" data-start=\"1205\" data-end=\"1228\"><strong>Pakken inneholder<\/strong><\/h2>\n<ul data-start=\"1230\" data-end=\"1267\">\n<li data-start=\"1230\" data-end=\"1267\">\n<p data-start=\"1232\" data-end=\"1267\">1, 2, 4x uttrekkbar(e) sikkerhetsboksskj\u00e6rer(e).<\/p>\n<\/li>\n<\/ul>\n","protected":false},"excerpt":{"rendered":"<p>Denne uttrekkbare sikkerhetsboksskj\u00e6reren har et skarpt keramisk blad med automatisk tilbaketrekking for \u00e5 skj\u00e6re gjennom tape og papp uten uhell. Den er kompakt, lett og enkel \u00e5 kontrollere, og er perfekt for daglig opppakking hjemme, p\u00e5 jobb eller p\u00e5 farten. Et kompakt, smart skj\u00e6reverkt\u00f8y som gj\u00f8r hver opppakking tryggere, raskere og mer stressfri.<\/p>\n","protected":false},"featured_media":17266,"comment_status":"open","ping_status":"closed","template":"","meta":{"site-sidebar-layout":"default","site-content-layout":"","ast-site-content-layout":"default","site-content-style":"default","site-sidebar-style":"default","ast-global-header-display":"","ast-banner-title-visibility":"","ast-main-header-display":"","ast-hfb-above-header-display":"","ast-hfb-below-header-display":"","ast-hfb-mobile-header-display":"","site-post-title":"","ast-breadcrumbs-content":"","ast-featured-img":"","footer-sml-layout":"","theme-transparent-header-meta":"default","adv-header-id-meta":"","stick-header-meta":"","header-above-stick-meta":"","header-main-stick-meta":"","header-below-stick-meta":"","astra-migrate-meta-layouts":"set","ast-page-background-enabled":"default","ast-page-background-meta":{"desktop":{"background-color":"var(--ast-global-color-5)","background-image":"","background-repeat":"repeat","background-position":"center center","background-size":"auto","background-attachment":"scroll","background-type":"","background-media":"","overlay-type":"","overlay-color":"","overlay-opacity":"","overlay-gradient":""},"tablet":{"background-color":"","background-image":"","background-repeat":"repeat","background-position":"center center","background-size":"auto","background-attachment":"scroll","background-type":"","background-media":"","overlay-type":"","overlay-color":"","overlay-opacity":"","overlay-gradient":""},"mobile":{"background-color":"","background-image":"","background-repeat":"repeat","background-position":"center center","background-size":"auto","background-attachment":"scroll","background-type":"","background-media":"","overlay-type":"","overlay-color":"","overlay-opacity":"","overlay-gradient":""}},"ast-content-background-meta":{"desktop":{"background-color":"var(--ast-global-color-4)","background-image":"","background-repeat":"repeat","background-position":"center center","background-size":"auto","background-attachment":"scroll","background-type":"","background-media":"","overlay-type":"","overlay-color":"","overlay-opacity":"","overlay-gradient":""},"tablet":{"background-color":"var(--ast-global-color-4)","background-image":"","background-repeat":"repeat","background-position":"center center","background-size":"auto","background-attachment":"scroll","background-type":"","background-media":"","overlay-type":"","overlay-color":"","overlay-opacity":"","overlay-gradient":""},"mobile":{"background-color":"var(--ast-global-color-4)","background-image":"","background-repeat":"repeat","background-position":"center center","background-size":"auto","background-attachment":"scroll","background-type":"","background-media":"","overlay-type":"","overlay-color":"","overlay-opacity":"","overlay-gradient":""}}},"product_brand":[],"product_cat":[168,171],"product_tag":[],"class_list":{"0":"post-17270","1":"product","2":"type-product","3":"status-publish","4":"has-post-thumbnail","6":"product_cat-husholdningsartikler","7":"product_cat-verktoy","8":"pa_66657_cqg4h6vf-khaki","9":"pa_66657_cqg4h6vf-svart","10":"pa_66657_usnwbrtm-1-stk","11":"pa_66657_usnwbrtm-2-stk","12":"pa_66657_usnwbrtm-4-stk","13":"desktop-align-left","14":"tablet-align-left","15":"mobile-align-left","17":"first","18":"instock","19":"shipping-taxable","20":"purchasable","21":"product-type-variable"},"yoast_head":"<!-- This site is optimized with the Yoast SEO plugin v26.6 - https:\/\/yoast.com\/wordpress\/plugins\/seo\/ -->\n<title>Uttrekkbar sikkerhetsboksskj\u00e6rer - Mekulo NO<\/title>\n<meta name=\"robots\" content=\"index, follow, max-snippet:-1, max-image-preview:large, max-video-preview:-1\" \/>\n<link rel=\"canonical\" href=\"https:\/\/mekulo.com\/no\/produkt\/uttrekkbar-sikkerhetsboksskjaerer\/\" \/>\n<meta property=\"og:locale\" content=\"nb_NO\" \/>\n<meta property=\"og:type\" content=\"article\" \/>\n<meta property=\"og:title\" content=\"Uttrekkbar sikkerhetsboksskj\u00e6rer - Mekulo NO\" \/>\n<meta property=\"og:description\" content=\"Denne uttrekkbare sikkerhetsboksskj\u00e6reren har et skarpt keramisk blad med automatisk tilbaketrekking for \u00e5 skj\u00e6re gjennom tape og papp uten uhell. Den er kompakt, lett og enkel \u00e5 kontrollere, og er perfekt for daglig opppakking hjemme, p\u00e5 jobb eller p\u00e5 farten. Et kompakt, smart skj\u00e6reverkt\u00f8y som gj\u00f8r hver opppakking tryggere, raskere og mer stressfri.\" \/>\n<meta property=\"og:url\" content=\"https:\/\/mekulo.com\/no\/produkt\/uttrekkbar-sikkerhetsboksskjaerer\/\" \/>\n<meta property=\"og:site_name\" content=\"Mekulo NO\" \/>\n<meta property=\"article:modified_time\" content=\"2026-01-13T16:23:17+00:00\" \/>\n<meta property=\"og:image\" content=\"https:\/\/mekulo.com\/no\/wp-content\/uploads\/sites\/10\/2026\/01\/1ak4hqw-1.jpg\" \/>\n\t<meta property=\"og:image:width\" content=\"1080\" \/>\n\t<meta property=\"og:image:height\" content=\"1080\" \/>\n\t<meta property=\"og:image:type\" content=\"image\/jpeg\" \/>\n<meta name=\"twitter:card\" content=\"summary_large_image\" \/>\n<meta name=\"twitter:label1\" content=\"Ansl. lesetid\" \/>\n\t<meta name=\"twitter:data1\" content=\"2 minutter\" \/>\n<script type=\"application\/ld+json\" class=\"yoast-schema-graph\">{\"@context\":\"https:\/\/schema.org\",\"@graph\":[{\"@type\":\"WebPage\",\"@id\":\"https:\/\/mekulo.com\/no\/produkt\/uttrekkbar-sikkerhetsboksskjaerer\/\",\"url\":\"https:\/\/mekulo.com\/no\/produkt\/uttrekkbar-sikkerhetsboksskjaerer\/\",\"name\":\"Uttrekkbar sikkerhetsboksskj\u00e6rer - Mekulo NO\",\"isPartOf\":{\"@id\":\"https:\/\/mekulo.com\/no\/#website\"},\"primaryImageOfPage\":{\"@id\":\"https:\/\/mekulo.com\/no\/produkt\/uttrekkbar-sikkerhetsboksskjaerer\/#primaryimage\"},\"image\":{\"@id\":\"https:\/\/mekulo.com\/no\/produkt\/uttrekkbar-sikkerhetsboksskjaerer\/#primaryimage\"},\"thumbnailUrl\":\"https:\/\/mekulo.com\/no\/wp-content\/uploads\/sites\/10\/2026\/01\/1ak4hqw-1.jpg\",\"datePublished\":\"2026-01-13T15:03:34+00:00\",\"dateModified\":\"2026-01-13T16:23:17+00:00\",\"breadcrumb\":{\"@id\":\"https:\/\/mekulo.com\/no\/produkt\/uttrekkbar-sikkerhetsboksskjaerer\/#breadcrumb\"},\"inLanguage\":\"nb-NO\",\"potentialAction\":[{\"@type\":\"ReadAction\",\"target\":[\"https:\/\/mekulo.com\/no\/produkt\/uttrekkbar-sikkerhetsboksskjaerer\/\"]}]},{\"@type\":\"ImageObject\",\"inLanguage\":\"nb-NO\",\"@id\":\"https:\/\/mekulo.com\/no\/produkt\/uttrekkbar-sikkerhetsboksskjaerer\/#primaryimage\",\"url\":\"https:\/\/mekulo.com\/no\/wp-content\/uploads\/sites\/10\/2026\/01\/1ak4hqw-1.jpg\",\"contentUrl\":\"https:\/\/mekulo.com\/no\/wp-content\/uploads\/sites\/10\/2026\/01\/1ak4hqw-1.jpg\",\"width\":1080,\"height\":1080},{\"@type\":\"BreadcrumbList\",\"@id\":\"https:\/\/mekulo.com\/no\/produkt\/uttrekkbar-sikkerhetsboksskjaerer\/#breadcrumb\",\"itemListElement\":[{\"@type\":\"ListItem\",\"position\":1,\"name\":\"Home\",\"item\":\"https:\/\/mekulo.com\/no\/\"},{\"@type\":\"ListItem\",\"position\":2,\"name\":\"Butikk\",\"item\":\"https:\/\/mekulo.com\/no\/butikk\/\"},{\"@type\":\"ListItem\",\"position\":3,\"name\":\"Uttrekkbar sikkerhetsboksskj\u00e6rer\"}]},{\"@type\":\"WebSite\",\"@id\":\"https:\/\/mekulo.com\/no\/#website\",\"url\":\"https:\/\/mekulo.com\/no\/\",\"name\":\"Mekulo NO\",\"description\":\"\",\"publisher\":{\"@id\":\"https:\/\/mekulo.com\/no\/#organization\"},\"potentialAction\":[{\"@type\":\"SearchAction\",\"target\":{\"@type\":\"EntryPoint\",\"urlTemplate\":\"https:\/\/mekulo.com\/no\/?s={search_term_string}\"},\"query-input\":{\"@type\":\"PropertyValueSpecification\",\"valueRequired\":true,\"valueName\":\"search_term_string\"}}],\"inLanguage\":\"nb-NO\"},{\"@type\":\"Organization\",\"@id\":\"https:\/\/mekulo.com\/no\/#organization\",\"name\":\"Mekulo\",\"url\":\"https:\/\/mekulo.com\/no\/\",\"logo\":{\"@type\":\"ImageObject\",\"inLanguage\":\"nb-NO\",\"@id\":\"https:\/\/mekulo.com\/no\/#\/schema\/logo\/image\/\",\"url\":\"https:\/\/mekulo.com\/no\/wp-content\/uploads\/sites\/10\/2025\/12\/favicon_mekulo.png\",\"contentUrl\":\"https:\/\/mekulo.com\/no\/wp-content\/uploads\/sites\/10\/2025\/12\/favicon_mekulo.png\",\"width\":50,\"height\":50,\"caption\":\"Mekulo\"},\"image\":{\"@id\":\"https:\/\/mekulo.com\/no\/#\/schema\/logo\/image\/\"}}]}<\/script>\n<!-- \/ Yoast SEO plugin. -->","yoast_head_json":{"title":"Uttrekkbar sikkerhetsboksskj\u00e6rer - Mekulo NO","robots":{"index":"index","follow":"follow","max-snippet":"max-snippet:-1","max-image-preview":"max-image-preview:large","max-video-preview":"max-video-preview:-1"},"canonical":"https:\/\/mekulo.com\/no\/produkt\/uttrekkbar-sikkerhetsboksskjaerer\/","og_locale":"nb_NO","og_type":"article","og_title":"Uttrekkbar sikkerhetsboksskj\u00e6rer - Mekulo NO","og_description":"Denne uttrekkbare sikkerhetsboksskj\u00e6reren har et skarpt keramisk blad med automatisk tilbaketrekking for \u00e5 skj\u00e6re gjennom tape og papp uten uhell. Den er kompakt, lett og enkel \u00e5 kontrollere, og er perfekt for daglig opppakking hjemme, p\u00e5 jobb eller p\u00e5 farten. Et kompakt, smart skj\u00e6reverkt\u00f8y som gj\u00f8r hver opppakking tryggere, raskere og mer stressfri.","og_url":"https:\/\/mekulo.com\/no\/produkt\/uttrekkbar-sikkerhetsboksskjaerer\/","og_site_name":"Mekulo NO","article_modified_time":"2026-01-13T16:23:17+00:00","og_image":[{"width":1080,"height":1080,"url":"https:\/\/mekulo.com\/no\/wp-content\/uploads\/sites\/10\/2026\/01\/1ak4hqw-1.jpg","type":"image\/jpeg"}],"twitter_card":"summary_large_image","twitter_misc":{"Ansl. lesetid":"2 minutter"},"schema":{"@context":"https:\/\/schema.org","@graph":[{"@type":"WebPage","@id":"https:\/\/mekulo.com\/no\/produkt\/uttrekkbar-sikkerhetsboksskjaerer\/","url":"https:\/\/mekulo.com\/no\/produkt\/uttrekkbar-sikkerhetsboksskjaerer\/","name":"Uttrekkbar sikkerhetsboksskj\u00e6rer - Mekulo NO","isPartOf":{"@id":"https:\/\/mekulo.com\/no\/#website"},"primaryImageOfPage":{"@id":"https:\/\/mekulo.com\/no\/produkt\/uttrekkbar-sikkerhetsboksskjaerer\/#primaryimage"},"image":{"@id":"https:\/\/mekulo.com\/no\/produkt\/uttrekkbar-sikkerhetsboksskjaerer\/#primaryimage"},"thumbnailUrl":"https:\/\/mekulo.com\/no\/wp-content\/uploads\/sites\/10\/2026\/01\/1ak4hqw-1.jpg","datePublished":"2026-01-13T15:03:34+00:00","dateModified":"2026-01-13T16:23:17+00:00","breadcrumb":{"@id":"https:\/\/mekulo.com\/no\/produkt\/uttrekkbar-sikkerhetsboksskjaerer\/#breadcrumb"},"inLanguage":"nb-NO","potentialAction":[{"@type":"ReadAction","target":["https:\/\/mekulo.com\/no\/produkt\/uttrekkbar-sikkerhetsboksskjaerer\/"]}]},{"@type":"ImageObject","inLanguage":"nb-NO","@id":"https:\/\/mekulo.com\/no\/produkt\/uttrekkbar-sikkerhetsboksskjaerer\/#primaryimage","url":"https:\/\/mekulo.com\/no\/wp-content\/uploads\/sites\/10\/2026\/01\/1ak4hqw-1.jpg","contentUrl":"https:\/\/mekulo.com\/no\/wp-content\/uploads\/sites\/10\/2026\/01\/1ak4hqw-1.jpg","width":1080,"height":1080},{"@type":"BreadcrumbList","@id":"https:\/\/mekulo.com\/no\/produkt\/uttrekkbar-sikkerhetsboksskjaerer\/#breadcrumb","itemListElement":[{"@type":"ListItem","position":1,"name":"Home","item":"https:\/\/mekulo.com\/no\/"},{"@type":"ListItem","position":2,"name":"Butikk","item":"https:\/\/mekulo.com\/no\/butikk\/"},{"@type":"ListItem","position":3,"name":"Uttrekkbar sikkerhetsboksskj\u00e6rer"}]},{"@type":"WebSite","@id":"https:\/\/mekulo.com\/no\/#website","url":"https:\/\/mekulo.com\/no\/","name":"Mekulo NO","description":"","publisher":{"@id":"https:\/\/mekulo.com\/no\/#organization"},"potentialAction":[{"@type":"SearchAction","target":{"@type":"EntryPoint","urlTemplate":"https:\/\/mekulo.com\/no\/?s={search_term_string}"},"query-input":{"@type":"PropertyValueSpecification","valueRequired":true,"valueName":"search_term_string"}}],"inLanguage":"nb-NO"},{"@type":"Organization","@id":"https:\/\/mekulo.com\/no\/#organization","name":"Mekulo","url":"https:\/\/mekulo.com\/no\/","logo":{"@type":"ImageObject","inLanguage":"nb-NO","@id":"https:\/\/mekulo.com\/no\/#\/schema\/logo\/image\/","url":"https:\/\/mekulo.com\/no\/wp-content\/uploads\/sites\/10\/2025\/12\/favicon_mekulo.png","contentUrl":"https:\/\/mekulo.com\/no\/wp-content\/uploads\/sites\/10\/2025\/12\/favicon_mekulo.png","width":50,"height":50,"caption":"Mekulo"},"image":{"@id":"https:\/\/mekulo.com\/no\/#\/schema\/logo\/image\/"}}]}},"_links":{"self":[{"href":"https:\/\/mekulo.com\/no\/wp-json\/wp\/v2\/product\/17270","targetHints":{"allow":["GET"]}}],"collection":[{"href":"https:\/\/mekulo.com\/no\/wp-json\/wp\/v2\/product"}],"about":[{"href":"https:\/\/mekulo.com\/no\/wp-json\/wp\/v2\/types\/product"}],"replies":[{"embeddable":true,"href":"https:\/\/mekulo.com\/no\/wp-json\/wp\/v2\/comments?post=17270"}],"wp:featuredmedia":[{"embeddable":true,"href":"https:\/\/mekulo.com\/no\/wp-json\/wp\/v2\/media\/17266"}],"wp:attachment":[{"href":"https:\/\/mekulo.com\/no\/wp-json\/wp\/v2\/media?parent=17270"}],"wp:term":[{"taxonomy":"product_brand","embeddable":true,"href":"https:\/\/mekulo.com\/no\/wp-json\/wp\/v2\/product_brand?post=17270"},{"taxonomy":"product_cat","embeddable":true,"href":"https:\/\/mekulo.com\/no\/wp-json\/wp\/v2\/product_cat?post=17270"},{"taxonomy":"product_tag","embeddable":true,"href":"https:\/\/mekulo.com\/no\/wp-json\/wp\/v2\/product_tag?post=17270"}],"curies":[{"name":"wp","href":"https:\/\/api.w.org\/{rel}","templated":true}]}}