{"id":17241,"date":"2026-01-13T17:00:45","date_gmt":"2026-01-13T15:00:45","guid":{"rendered":"https:\/\/mekulo.com\/no\/produkt\/reiseeske-med-sapepapir-8-stk\/"},"modified":"2026-01-13T18:20:25","modified_gmt":"2026-01-13T16:20:25","slug":"reiseeske-med-sapepapir-8-stk","status":"publish","type":"product","link":"https:\/\/mekulo.com\/no\/produkt\/reiseeske-med-sapepapir-8-stk\/","title":{"rendered":"Reiseeske med s\u00e5pepapir (8 stk)"},"content":{"rendered":"<p style=\"text-align: center;\" data-start=\"0\" data-end=\"75\"><strong data-start=\"0\" data-end=\"75\">Rengj\u00f8r hendene dine hvor som helst, n\u00e5r som helst med ultratynne reises\u00e5pepapir. \ud83e\uddfc\ud83e\udee7<\/strong><\/p>\n<p data-start=\"0\" data-end=\"75\"><img fetchpriority=\"high\" decoding=\"async\" class=\"size-full wp-image-15108 aligncenter\" src=\"https:\/\/mekulo.com\/template\/wp-content\/uploads\/sites\/6\/2026\/01\/H14c94b67b8b240afbb208c44f79cdc14Z.webp\" alt=\"\" width=\"713\" height=\"713\" \/><\/p>\n<h2 style=\"text-align: center;\" data-start=\"320\" data-end=\"340\"><strong>\ud83e\uddfc Hovedfordeler<\/strong><\/h2>\n<p data-start=\"344\" data-end=\"421\">\u2728 Engangsbruk og hygienisk &#8211; Engangsark forhindrer krysskontaminering.<\/p>\n<p data-start=\"424\" data-end=\"502\">\ud83e\uddf3 Ultra-b\u00e6rbar design &#8211; Tynn, lett og enkel \u00e5 ta med hvor som helst.<\/p>\n<p data-start=\"505\" data-end=\"568\">\ud83d\udca6 \u00d8yeblikkelig skum &#8211; Bare tilsett vann for rask skummende s\u00e5pe.<\/p>\n<p data-start=\"571\" data-end=\"644\">\ud83d\udd90\ufe0f Flerbruksbruk &#8211; Egnet for h\u00e5ndvask og kroppsrengj\u00f8ring.<\/p>\n<p data-start=\"647\" data-end=\"716\">\ud83c\udf3f Mild &amp; sk\u00e5nsom formel &#8211; Irriterer ikke og etterlater ingen rester.<\/p>\n<p data-start=\"647\" data-end=\"716\"><img decoding=\"async\" class=\"size-full wp-image-15104 aligncenter\" src=\"https:\/\/mekulo.com\/template\/wp-content\/uploads\/sites\/6\/2026\/01\/Hfd815a85e8964471a08de396f1bb793cL.webp\" alt=\"\" width=\"713\" height=\"713\" \/><\/p>\n<h2 style=\"text-align: center;\" data-start=\"723\" data-end=\"740\"><strong>\ud83d\udebf Slik Bruker Du Det<\/strong><\/h2>\n<ol data-start=\"742\" data-end=\"921\">\n<li data-start=\"742\" data-end=\"781\">\n<p data-start=\"745\" data-end=\"781\">Ta ett s\u00e5pepapir fra esken.<\/p>\n<\/li>\n<li data-start=\"782\" data-end=\"817\">\n<p data-start=\"785\" data-end=\"817\">Legg det p\u00e5 h\u00e5nden eller huden.<\/p>\n<\/li>\n<li data-start=\"818\" data-end=\"851\">\n<p data-start=\"821\" data-end=\"851\">Tilsett en liten mengde vann.<\/p>\n<\/li>\n<li data-start=\"852\" data-end=\"894\">\n<p data-start=\"855\" data-end=\"894\">Gni for \u00e5 skape skum og vask normalt.<\/p>\n<\/li>\n<li data-start=\"895\" data-end=\"921\">\n<p data-start=\"898\" data-end=\"921\">Skyll med rent vann.<\/p>\n<\/li>\n<\/ol>\n<h2 style=\"text-align: center;\" data-start=\"928\" data-end=\"950\"><strong>\ud83d\udccf Produktdetaljer<\/strong><\/h2>\n<ul data-start=\"952\" data-end=\"1168\">\n<li data-start=\"990\" data-end=\"1022\">\n<p data-start=\"992\" data-end=\"1022\">Kvantitet: 20 s\u00e5pepapirer per eske<\/p>\n<\/li>\n<li data-start=\"1023\" data-end=\"1066\">\n<p data-start=\"1025\" data-end=\"1066\">Form: Engangspapirtynne s\u00e5peark<\/p>\n<\/li>\n<li data-start=\"1067\" data-end=\"1107\">\n<p data-start=\"1069\" data-end=\"1107\">Oppbevaring: Holdes forseglet n\u00e5r de ikke er i bruk<\/p>\n<\/li>\n<li data-start=\"1108\" data-end=\"1168\">\n<p data-start=\"1110\" data-end=\"1168\">Egnet for: Reise, forretningsreiser, utend\u00f8rsaktiviteter<\/p>\n<\/li>\n<\/ul>\n<h2 style=\"text-align: center;\" data-start=\"1175\" data-end=\"1198\"><strong>\ud83d\udce6 Pakken inneholder<\/strong><\/h2>\n<ul data-start=\"1200\" data-end=\"1244\">\n<li data-start=\"1200\" data-end=\"1244\">\n<p data-start=\"1202\" data-end=\"1244\">8x esker med reises\u00e5pepapir (160 stk).<\/p>\n<\/li>\n<\/ul>\n","protected":false},"excerpt":{"rendered":"<p>Disse reiseboksene med s\u00e5pepapir l\u00f8ses \u00f8yeblikkelig opp i vann, noe som gir deg rask og hygienisk rengj\u00f8ring uten \u00e5 m\u00e5tte b\u00e6re med deg store s\u00e5pe- eller v\u00e6skeflasker. De er perfekte for reiser, jobb, camping og daglige utflukter, og holder deg ren samtidig som du sparer plass. En enkel, ren og plassbesparende hygienel\u00f8sning for livet p\u00e5 farten.<\/p>\n","protected":false},"featured_media":17237,"comment_status":"open","ping_status":"closed","template":"","meta":{"site-sidebar-layout":"default","site-content-layout":"","ast-site-content-layout":"default","site-content-style":"default","site-sidebar-style":"default","ast-global-header-display":"","ast-banner-title-visibility":"","ast-main-header-display":"","ast-hfb-above-header-display":"","ast-hfb-below-header-display":"","ast-hfb-mobile-header-display":"","site-post-title":"","ast-breadcrumbs-content":"","ast-featured-img":"","footer-sml-layout":"","theme-transparent-header-meta":"default","adv-header-id-meta":"","stick-header-meta":"","header-above-stick-meta":"","header-main-stick-meta":"","header-below-stick-meta":"","astra-migrate-meta-layouts":"set","ast-page-background-enabled":"default","ast-page-background-meta":{"desktop":{"background-color":"var(--ast-global-color-5)","background-image":"","background-repeat":"repeat","background-position":"center center","background-size":"auto","background-attachment":"scroll","background-type":"","background-media":"","overlay-type":"","overlay-color":"","overlay-opacity":"","overlay-gradient":""},"tablet":{"background-color":"","background-image":"","background-repeat":"repeat","background-position":"center center","background-size":"auto","background-attachment":"scroll","background-type":"","background-media":"","overlay-type":"","overlay-color":"","overlay-opacity":"","overlay-gradient":""},"mobile":{"background-color":"","background-image":"","background-repeat":"repeat","background-position":"center center","background-size":"auto","background-attachment":"scroll","background-type":"","background-media":"","overlay-type":"","overlay-color":"","overlay-opacity":"","overlay-gradient":""}},"ast-content-background-meta":{"desktop":{"background-color":"var(--ast-global-color-4)","background-image":"","background-repeat":"repeat","background-position":"center center","background-size":"auto","background-attachment":"scroll","background-type":"","background-media":"","overlay-type":"","overlay-color":"","overlay-opacity":"","overlay-gradient":""},"tablet":{"background-color":"var(--ast-global-color-4)","background-image":"","background-repeat":"repeat","background-position":"center center","background-size":"auto","background-attachment":"scroll","background-type":"","background-media":"","overlay-type":"","overlay-color":"","overlay-opacity":"","overlay-gradient":""},"mobile":{"background-color":"var(--ast-global-color-4)","background-image":"","background-repeat":"repeat","background-position":"center center","background-size":"auto","background-attachment":"scroll","background-type":"","background-media":"","overlay-type":"","overlay-color":"","overlay-opacity":"","overlay-gradient":""}}},"product_brand":[],"product_cat":[168],"product_tag":[],"class_list":{"0":"post-17241","1":"product","2":"type-product","3":"status-publish","4":"has-post-thumbnail","6":"product_cat-husholdningsartikler","7":"pa_66619_w5f5nz4a-bla","8":"pa_66619_w5f5nz4a-gronn","9":"pa_66619_w5f5nz4a-gul","10":"pa_66619_w5f5nz4a-lilla","11":"pa_66619_w5f5nz4a-rosa","12":"desktop-align-left","13":"tablet-align-left","14":"mobile-align-left","16":"first","17":"instock","18":"shipping-taxable","19":"purchasable","20":"product-type-variable"},"yoast_head":"<!-- This site is optimized with the Yoast SEO plugin v26.6 - https:\/\/yoast.com\/wordpress\/plugins\/seo\/ -->\n<title>Reiseeske med s\u00e5pepapir (8 stk) - Mekulo NO<\/title>\n<meta name=\"robots\" content=\"index, follow, max-snippet:-1, max-image-preview:large, max-video-preview:-1\" \/>\n<link rel=\"canonical\" href=\"https:\/\/mekulo.com\/no\/produkt\/reiseeske-med-sapepapir-8-stk\/\" \/>\n<meta property=\"og:locale\" content=\"nb_NO\" \/>\n<meta property=\"og:type\" content=\"article\" \/>\n<meta property=\"og:title\" content=\"Reiseeske med s\u00e5pepapir (8 stk) - Mekulo NO\" \/>\n<meta property=\"og:description\" content=\"Disse reiseboksene med s\u00e5pepapir l\u00f8ses \u00f8yeblikkelig opp i vann, noe som gir deg rask og hygienisk rengj\u00f8ring uten \u00e5 m\u00e5tte b\u00e6re med deg store s\u00e5pe- eller v\u00e6skeflasker. De er perfekte for reiser, jobb, camping og daglige utflukter, og holder deg ren samtidig som du sparer plass. En enkel, ren og plassbesparende hygienel\u00f8sning for livet p\u00e5 farten.\" \/>\n<meta property=\"og:url\" content=\"https:\/\/mekulo.com\/no\/produkt\/reiseeske-med-sapepapir-8-stk\/\" \/>\n<meta property=\"og:site_name\" content=\"Mekulo NO\" \/>\n<meta property=\"article:modified_time\" content=\"2026-01-13T16:20:25+00:00\" \/>\n<meta property=\"og:image\" content=\"https:\/\/mekulo.com\/no\/wp-content\/uploads\/sites\/10\/2026\/01\/dfi70rg-1.jpg\" \/>\n\t<meta property=\"og:image:width\" content=\"960\" \/>\n\t<meta property=\"og:image:height\" content=\"960\" \/>\n\t<meta property=\"og:image:type\" content=\"image\/jpeg\" \/>\n<meta name=\"twitter:card\" content=\"summary_large_image\" \/>\n<meta name=\"twitter:label1\" content=\"Ansl. lesetid\" \/>\n\t<meta name=\"twitter:data1\" content=\"2 minutter\" \/>\n<script type=\"application\/ld+json\" class=\"yoast-schema-graph\">{\"@context\":\"https:\/\/schema.org\",\"@graph\":[{\"@type\":\"WebPage\",\"@id\":\"https:\/\/mekulo.com\/no\/produkt\/reiseeske-med-sapepapir-8-stk\/\",\"url\":\"https:\/\/mekulo.com\/no\/produkt\/reiseeske-med-sapepapir-8-stk\/\",\"name\":\"Reiseeske med s\u00e5pepapir (8 stk) - Mekulo NO\",\"isPartOf\":{\"@id\":\"https:\/\/mekulo.com\/no\/#website\"},\"primaryImageOfPage\":{\"@id\":\"https:\/\/mekulo.com\/no\/produkt\/reiseeske-med-sapepapir-8-stk\/#primaryimage\"},\"image\":{\"@id\":\"https:\/\/mekulo.com\/no\/produkt\/reiseeske-med-sapepapir-8-stk\/#primaryimage\"},\"thumbnailUrl\":\"https:\/\/mekulo.com\/no\/wp-content\/uploads\/sites\/10\/2026\/01\/dfi70rg-1.jpg\",\"datePublished\":\"2026-01-13T15:00:45+00:00\",\"dateModified\":\"2026-01-13T16:20:25+00:00\",\"breadcrumb\":{\"@id\":\"https:\/\/mekulo.com\/no\/produkt\/reiseeske-med-sapepapir-8-stk\/#breadcrumb\"},\"inLanguage\":\"nb-NO\",\"potentialAction\":[{\"@type\":\"ReadAction\",\"target\":[\"https:\/\/mekulo.com\/no\/produkt\/reiseeske-med-sapepapir-8-stk\/\"]}]},{\"@type\":\"ImageObject\",\"inLanguage\":\"nb-NO\",\"@id\":\"https:\/\/mekulo.com\/no\/produkt\/reiseeske-med-sapepapir-8-stk\/#primaryimage\",\"url\":\"https:\/\/mekulo.com\/no\/wp-content\/uploads\/sites\/10\/2026\/01\/dfi70rg-1.jpg\",\"contentUrl\":\"https:\/\/mekulo.com\/no\/wp-content\/uploads\/sites\/10\/2026\/01\/dfi70rg-1.jpg\",\"width\":960,\"height\":960},{\"@type\":\"BreadcrumbList\",\"@id\":\"https:\/\/mekulo.com\/no\/produkt\/reiseeske-med-sapepapir-8-stk\/#breadcrumb\",\"itemListElement\":[{\"@type\":\"ListItem\",\"position\":1,\"name\":\"Home\",\"item\":\"https:\/\/mekulo.com\/no\/\"},{\"@type\":\"ListItem\",\"position\":2,\"name\":\"Butikk\",\"item\":\"https:\/\/mekulo.com\/no\/butikk\/\"},{\"@type\":\"ListItem\",\"position\":3,\"name\":\"Reiseeske med s\u00e5pepapir (8 stk)\"}]},{\"@type\":\"WebSite\",\"@id\":\"https:\/\/mekulo.com\/no\/#website\",\"url\":\"https:\/\/mekulo.com\/no\/\",\"name\":\"Mekulo NO\",\"description\":\"\",\"publisher\":{\"@id\":\"https:\/\/mekulo.com\/no\/#organization\"},\"potentialAction\":[{\"@type\":\"SearchAction\",\"target\":{\"@type\":\"EntryPoint\",\"urlTemplate\":\"https:\/\/mekulo.com\/no\/?s={search_term_string}\"},\"query-input\":{\"@type\":\"PropertyValueSpecification\",\"valueRequired\":true,\"valueName\":\"search_term_string\"}}],\"inLanguage\":\"nb-NO\"},{\"@type\":\"Organization\",\"@id\":\"https:\/\/mekulo.com\/no\/#organization\",\"name\":\"Mekulo\",\"url\":\"https:\/\/mekulo.com\/no\/\",\"logo\":{\"@type\":\"ImageObject\",\"inLanguage\":\"nb-NO\",\"@id\":\"https:\/\/mekulo.com\/no\/#\/schema\/logo\/image\/\",\"url\":\"https:\/\/mekulo.com\/no\/wp-content\/uploads\/sites\/10\/2025\/12\/favicon_mekulo.png\",\"contentUrl\":\"https:\/\/mekulo.com\/no\/wp-content\/uploads\/sites\/10\/2025\/12\/favicon_mekulo.png\",\"width\":50,\"height\":50,\"caption\":\"Mekulo\"},\"image\":{\"@id\":\"https:\/\/mekulo.com\/no\/#\/schema\/logo\/image\/\"}}]}<\/script>\n<!-- \/ Yoast SEO plugin. -->","yoast_head_json":{"title":"Reiseeske med s\u00e5pepapir (8 stk) - Mekulo NO","robots":{"index":"index","follow":"follow","max-snippet":"max-snippet:-1","max-image-preview":"max-image-preview:large","max-video-preview":"max-video-preview:-1"},"canonical":"https:\/\/mekulo.com\/no\/produkt\/reiseeske-med-sapepapir-8-stk\/","og_locale":"nb_NO","og_type":"article","og_title":"Reiseeske med s\u00e5pepapir (8 stk) - Mekulo NO","og_description":"Disse reiseboksene med s\u00e5pepapir l\u00f8ses \u00f8yeblikkelig opp i vann, noe som gir deg rask og hygienisk rengj\u00f8ring uten \u00e5 m\u00e5tte b\u00e6re med deg store s\u00e5pe- eller v\u00e6skeflasker. De er perfekte for reiser, jobb, camping og daglige utflukter, og holder deg ren samtidig som du sparer plass. En enkel, ren og plassbesparende hygienel\u00f8sning for livet p\u00e5 farten.","og_url":"https:\/\/mekulo.com\/no\/produkt\/reiseeske-med-sapepapir-8-stk\/","og_site_name":"Mekulo NO","article_modified_time":"2026-01-13T16:20:25+00:00","og_image":[{"width":960,"height":960,"url":"https:\/\/mekulo.com\/no\/wp-content\/uploads\/sites\/10\/2026\/01\/dfi70rg-1.jpg","type":"image\/jpeg"}],"twitter_card":"summary_large_image","twitter_misc":{"Ansl. lesetid":"2 minutter"},"schema":{"@context":"https:\/\/schema.org","@graph":[{"@type":"WebPage","@id":"https:\/\/mekulo.com\/no\/produkt\/reiseeske-med-sapepapir-8-stk\/","url":"https:\/\/mekulo.com\/no\/produkt\/reiseeske-med-sapepapir-8-stk\/","name":"Reiseeske med s\u00e5pepapir (8 stk) - Mekulo NO","isPartOf":{"@id":"https:\/\/mekulo.com\/no\/#website"},"primaryImageOfPage":{"@id":"https:\/\/mekulo.com\/no\/produkt\/reiseeske-med-sapepapir-8-stk\/#primaryimage"},"image":{"@id":"https:\/\/mekulo.com\/no\/produkt\/reiseeske-med-sapepapir-8-stk\/#primaryimage"},"thumbnailUrl":"https:\/\/mekulo.com\/no\/wp-content\/uploads\/sites\/10\/2026\/01\/dfi70rg-1.jpg","datePublished":"2026-01-13T15:00:45+00:00","dateModified":"2026-01-13T16:20:25+00:00","breadcrumb":{"@id":"https:\/\/mekulo.com\/no\/produkt\/reiseeske-med-sapepapir-8-stk\/#breadcrumb"},"inLanguage":"nb-NO","potentialAction":[{"@type":"ReadAction","target":["https:\/\/mekulo.com\/no\/produkt\/reiseeske-med-sapepapir-8-stk\/"]}]},{"@type":"ImageObject","inLanguage":"nb-NO","@id":"https:\/\/mekulo.com\/no\/produkt\/reiseeske-med-sapepapir-8-stk\/#primaryimage","url":"https:\/\/mekulo.com\/no\/wp-content\/uploads\/sites\/10\/2026\/01\/dfi70rg-1.jpg","contentUrl":"https:\/\/mekulo.com\/no\/wp-content\/uploads\/sites\/10\/2026\/01\/dfi70rg-1.jpg","width":960,"height":960},{"@type":"BreadcrumbList","@id":"https:\/\/mekulo.com\/no\/produkt\/reiseeske-med-sapepapir-8-stk\/#breadcrumb","itemListElement":[{"@type":"ListItem","position":1,"name":"Home","item":"https:\/\/mekulo.com\/no\/"},{"@type":"ListItem","position":2,"name":"Butikk","item":"https:\/\/mekulo.com\/no\/butikk\/"},{"@type":"ListItem","position":3,"name":"Reiseeske med s\u00e5pepapir (8 stk)"}]},{"@type":"WebSite","@id":"https:\/\/mekulo.com\/no\/#website","url":"https:\/\/mekulo.com\/no\/","name":"Mekulo NO","description":"","publisher":{"@id":"https:\/\/mekulo.com\/no\/#organization"},"potentialAction":[{"@type":"SearchAction","target":{"@type":"EntryPoint","urlTemplate":"https:\/\/mekulo.com\/no\/?s={search_term_string}"},"query-input":{"@type":"PropertyValueSpecification","valueRequired":true,"valueName":"search_term_string"}}],"inLanguage":"nb-NO"},{"@type":"Organization","@id":"https:\/\/mekulo.com\/no\/#organization","name":"Mekulo","url":"https:\/\/mekulo.com\/no\/","logo":{"@type":"ImageObject","inLanguage":"nb-NO","@id":"https:\/\/mekulo.com\/no\/#\/schema\/logo\/image\/","url":"https:\/\/mekulo.com\/no\/wp-content\/uploads\/sites\/10\/2025\/12\/favicon_mekulo.png","contentUrl":"https:\/\/mekulo.com\/no\/wp-content\/uploads\/sites\/10\/2025\/12\/favicon_mekulo.png","width":50,"height":50,"caption":"Mekulo"},"image":{"@id":"https:\/\/mekulo.com\/no\/#\/schema\/logo\/image\/"}}]}},"_links":{"self":[{"href":"https:\/\/mekulo.com\/no\/wp-json\/wp\/v2\/product\/17241","targetHints":{"allow":["GET"]}}],"collection":[{"href":"https:\/\/mekulo.com\/no\/wp-json\/wp\/v2\/product"}],"about":[{"href":"https:\/\/mekulo.com\/no\/wp-json\/wp\/v2\/types\/product"}],"replies":[{"embeddable":true,"href":"https:\/\/mekulo.com\/no\/wp-json\/wp\/v2\/comments?post=17241"}],"wp:featuredmedia":[{"embeddable":true,"href":"https:\/\/mekulo.com\/no\/wp-json\/wp\/v2\/media\/17237"}],"wp:attachment":[{"href":"https:\/\/mekulo.com\/no\/wp-json\/wp\/v2\/media?parent=17241"}],"wp:term":[{"taxonomy":"product_brand","embeddable":true,"href":"https:\/\/mekulo.com\/no\/wp-json\/wp\/v2\/product_brand?post=17241"},{"taxonomy":"product_cat","embeddable":true,"href":"https:\/\/mekulo.com\/no\/wp-json\/wp\/v2\/product_cat?post=17241"},{"taxonomy":"product_tag","embeddable":true,"href":"https:\/\/mekulo.com\/no\/wp-json\/wp\/v2\/product_tag?post=17241"}],"curies":[{"name":"wp","href":"https:\/\/api.w.org\/{rel}","templated":true}]}}