{"id":17218,"date":"2026-01-13T16:59:10","date_gmt":"2026-01-13T14:59:10","guid":{"rendered":"https:\/\/mekulo.com\/no\/produkt\/skulderveske-med-stor-kapasitet\/"},"modified":"2026-01-13T18:18:47","modified_gmt":"2026-01-13T16:18:47","slug":"skulderveske-med-stor-kapasitet","status":"publish","type":"product","link":"https:\/\/mekulo.com\/no\/produkt\/skulderveske-med-stor-kapasitet\/","title":{"rendered":"Skulderveske med stor kapasitet"},"content":{"rendered":"<p style=\"text-align: center;\" data-start=\"0\" data-end=\"65\"><strong data-start=\"0\" data-end=\"65\">B\u00e6r alt du trenger i en komfortabel og stilig veske. \ud83d\udc5c<\/strong><\/p>\n<p data-start=\"0\" data-end=\"65\"><img fetchpriority=\"high\" decoding=\"async\" class=\"size-full wp-image-15085 aligncenter\" src=\"https:\/\/mekulo.com\/template\/wp-content\/uploads\/sites\/6\/2026\/01\/spp_shopify20251023154019_4df041afb7edd8c08c768b365de9ff19_ac9bff6e-7aa5-41fe-93f7-8b28d113d050.webp\" alt=\"\" width=\"713\" height=\"713\" \/><\/p>\n<h2 style=\"text-align: center;\" data-start=\"318\" data-end=\"338\"><strong>Hovedfordeler<\/strong><\/h2>\n<p data-start=\"342\" data-end=\"422\">\ud83e\uddf3 Stor oppbevaringskapasitet &#8211; Plass til kl\u00e6r, bleier, b\u00e6rbar PC og dagligdagse ting.<\/p>\n<p data-start=\"425\" data-end=\"509\">\ud83d\uddc2\ufe0f Organiserte rom &#8211; Flere lommer gj\u00f8r det enkelt \u00e5 finne ting.<\/p>\n<p data-start=\"512\" data-end=\"587\">\ud83d\udcaa Slitesterkt oxford-stoff &#8211; Slitesterkt og laget for langvarig bruk.<\/p>\n<p data-start=\"590\" data-end=\"659\">\ud83d\udd12 Sikker glidel\u00e5slukking &#8211; Holder eiendelene dine trygge n\u00e5r du er p\u00e5 farten.<\/p>\n<p data-start=\"662\" data-end=\"738\">\ud83d\ude0c Komfortable skulderstropper &#8211; enkle \u00e5 b\u00e6re, selv n\u00e5r de er fullastet.<\/p>\n<p data-start=\"662\" data-end=\"738\"><img decoding=\"async\" class=\"size-full wp-image-15090 aligncenter\" src=\"https:\/\/mekulo.com\/template\/wp-content\/uploads\/sites\/6\/2026\/01\/spp_shopify20251023154020_e354e486c73b7d4786da080b5340df0c_a3cdea17-7b7e-4bf1-ab6f-2241c813a53f.webp\" alt=\"\" width=\"713\" height=\"713\" \/><\/p>\n<h2 style=\"text-align: center;\" data-start=\"745\" data-end=\"762\"><strong>Slik Bruker Du Den<\/strong><\/h2>\n<ol data-start=\"764\" data-end=\"1021\">\n<li data-start=\"764\" data-end=\"816\">\n<p data-start=\"767\" data-end=\"816\">\u00c5pne glidel\u00e5sen for \u00e5 f\u00e5 tilgang til hovedrommet.<\/p>\n<\/li>\n<li data-start=\"817\" data-end=\"869\">\n<p data-start=\"820\" data-end=\"869\">Legg st\u00f8rre gjenstander som kl\u00e6r eller vesker inni.<\/p>\n<\/li>\n<li data-start=\"870\" data-end=\"927\">\n<p data-start=\"873\" data-end=\"927\">Bruk de indre og skjulte lommene til mindre n\u00f8dvendigheter.<\/p>\n<\/li>\n<li data-start=\"928\" data-end=\"973\">\n<p data-start=\"931\" data-end=\"973\">Lukk vesken med glidel\u00e5s for \u00e5 holde gjenstandene sikre.<\/p>\n<\/li>\n<li data-start=\"974\" data-end=\"1021\">\n<p data-start=\"977\" data-end=\"1021\">B\u00e6r komfortabelt ved hjelp av skulderstroppene.<\/p>\n<\/li>\n<\/ol>\n<h2 style=\"text-align: center;\" data-start=\"1028\" data-end=\"1050\"><strong>Produktdetaljer<\/strong><\/h2>\n<ul data-start=\"1052\" data-end=\"1246\">\n<li data-start=\"1098\" data-end=\"1133\">\n<p data-start=\"1100\" data-end=\"1133\">Materiale: Oxford-stoff, nylon<\/p>\n<\/li>\n<li data-start=\"1134\" data-end=\"1158\">\n<p data-start=\"1136\" data-end=\"1158\">Lukningstype: Glidel\u00e5s<\/p>\n<\/li>\n<li data-start=\"1191\" data-end=\"1209\">\n<p data-start=\"1193\" data-end=\"1209\">St\u00f8rrelse: 32 (bredde) x 35 (h\u00f8yde) x 22 cm (h\u00e5ndtak)<\/p>\n<\/li>\n<li data-start=\"1210\" data-end=\"1246\">\n<p data-start=\"1212\" data-end=\"1246\">Stropptype: Doble skulderstropper<\/p>\n<\/li>\n<\/ul>\n<h2 style=\"text-align: center;\" data-start=\"1253\" data-end=\"1276\"><strong>Pakken inkluderer<\/strong><\/h2>\n<ul data-start=\"1278\" data-end=\"1331\">\n<li data-start=\"1278\" data-end=\"1331\">\n<p data-start=\"1280\" data-end=\"1331\">1x skulderveske med stor kapasitet.<\/p>\n<\/li>\n<\/ul>\n","protected":false},"excerpt":{"rendered":"<p>Denne skuldervesken med stor kapasitet gir deg god plass til \u00e5 organisere det du trenger i hverdagen eller p\u00e5 reisen, samtidig som den er lett og enkel \u00e5 b\u00e6re. Den er laget av slitesterkt stoff med sikre lukkemekanismer og er designet for travle dager, reiser og hverdagsbruk. En praktisk og stilig veske som passer perfekt til jobb, reise, shopping eller hverdagsbruk<\/p>\n","protected":false},"featured_media":17214,"comment_status":"open","ping_status":"closed","template":"","meta":{"site-sidebar-layout":"default","site-content-layout":"","ast-site-content-layout":"default","site-content-style":"default","site-sidebar-style":"default","ast-global-header-display":"","ast-banner-title-visibility":"","ast-main-header-display":"","ast-hfb-above-header-display":"","ast-hfb-below-header-display":"","ast-hfb-mobile-header-display":"","site-post-title":"","ast-breadcrumbs-content":"","ast-featured-img":"","footer-sml-layout":"","theme-transparent-header-meta":"default","adv-header-id-meta":"","stick-header-meta":"","header-above-stick-meta":"","header-main-stick-meta":"","header-below-stick-meta":"","astra-migrate-meta-layouts":"set","ast-page-background-enabled":"default","ast-page-background-meta":{"desktop":{"background-color":"var(--ast-global-color-5)","background-image":"","background-repeat":"repeat","background-position":"center center","background-size":"auto","background-attachment":"scroll","background-type":"","background-media":"","overlay-type":"","overlay-color":"","overlay-opacity":"","overlay-gradient":""},"tablet":{"background-color":"","background-image":"","background-repeat":"repeat","background-position":"center center","background-size":"auto","background-attachment":"scroll","background-type":"","background-media":"","overlay-type":"","overlay-color":"","overlay-opacity":"","overlay-gradient":""},"mobile":{"background-color":"","background-image":"","background-repeat":"repeat","background-position":"center center","background-size":"auto","background-attachment":"scroll","background-type":"","background-media":"","overlay-type":"","overlay-color":"","overlay-opacity":"","overlay-gradient":""}},"ast-content-background-meta":{"desktop":{"background-color":"var(--ast-global-color-4)","background-image":"","background-repeat":"repeat","background-position":"center center","background-size":"auto","background-attachment":"scroll","background-type":"","background-media":"","overlay-type":"","overlay-color":"","overlay-opacity":"","overlay-gradient":""},"tablet":{"background-color":"var(--ast-global-color-4)","background-image":"","background-repeat":"repeat","background-position":"center center","background-size":"auto","background-attachment":"scroll","background-type":"","background-media":"","overlay-type":"","overlay-color":"","overlay-opacity":"","overlay-gradient":""},"mobile":{"background-color":"var(--ast-global-color-4)","background-image":"","background-repeat":"repeat","background-position":"center center","background-size":"auto","background-attachment":"scroll","background-type":"","background-media":"","overlay-type":"","overlay-color":"","overlay-opacity":"","overlay-gradient":""}}},"product_brand":[],"product_cat":[165],"product_tag":[],"class_list":{"0":"post-17218","1":"product","2":"type-product","3":"status-publish","4":"has-post-thumbnail","6":"product_cat-fottoy-tilbehor","7":"pa_66610_kylmsqos-beige","8":"pa_66610_kylmsqos-bla","9":"pa_66610_kylmsqos-gra","10":"pa_66610_kylmsqos-kaffe","11":"pa_66610_kylmsqos-khaki","12":"pa_66610_kylmsqos-svart","13":"desktop-align-left","14":"tablet-align-left","15":"mobile-align-left","17":"first","18":"instock","19":"shipping-taxable","20":"purchasable","21":"product-type-variable"},"yoast_head":"<!-- This site is optimized with the Yoast SEO plugin v26.6 - https:\/\/yoast.com\/wordpress\/plugins\/seo\/ -->\n<title>Skulderveske med stor kapasitet - Mekulo NO<\/title>\n<meta name=\"robots\" content=\"index, follow, max-snippet:-1, max-image-preview:large, max-video-preview:-1\" \/>\n<link rel=\"canonical\" href=\"https:\/\/mekulo.com\/no\/produkt\/skulderveske-med-stor-kapasitet\/\" \/>\n<meta property=\"og:locale\" content=\"nb_NO\" \/>\n<meta property=\"og:type\" content=\"article\" \/>\n<meta property=\"og:title\" content=\"Skulderveske med stor kapasitet - Mekulo NO\" \/>\n<meta property=\"og:description\" content=\"Denne skuldervesken med stor kapasitet gir deg god plass til \u00e5 organisere det du trenger i hverdagen eller p\u00e5 reisen, samtidig som den er lett og enkel \u00e5 b\u00e6re. Den er laget av slitesterkt stoff med sikre lukkemekanismer og er designet for travle dager, reiser og hverdagsbruk. En praktisk og stilig veske som passer perfekt til jobb, reise, shopping eller hverdagsbruk\" \/>\n<meta property=\"og:url\" content=\"https:\/\/mekulo.com\/no\/produkt\/skulderveske-med-stor-kapasitet\/\" \/>\n<meta property=\"og:site_name\" content=\"Mekulo NO\" \/>\n<meta property=\"article:modified_time\" content=\"2026-01-13T16:18:47+00:00\" \/>\n<meta property=\"og:image\" content=\"https:\/\/mekulo.com\/no\/wp-content\/uploads\/sites\/10\/2026\/01\/6yhlucr-1.webp\" \/>\n\t<meta property=\"og:image:width\" content=\"713\" \/>\n\t<meta property=\"og:image:height\" content=\"713\" \/>\n\t<meta property=\"og:image:type\" content=\"image\/webp\" \/>\n<meta name=\"twitter:card\" content=\"summary_large_image\" \/>\n<meta name=\"twitter:label1\" content=\"Ansl. lesetid\" \/>\n\t<meta name=\"twitter:data1\" content=\"2 minutter\" \/>\n<script type=\"application\/ld+json\" class=\"yoast-schema-graph\">{\"@context\":\"https:\/\/schema.org\",\"@graph\":[{\"@type\":\"WebPage\",\"@id\":\"https:\/\/mekulo.com\/no\/produkt\/skulderveske-med-stor-kapasitet\/\",\"url\":\"https:\/\/mekulo.com\/no\/produkt\/skulderveske-med-stor-kapasitet\/\",\"name\":\"Skulderveske med stor kapasitet - Mekulo NO\",\"isPartOf\":{\"@id\":\"https:\/\/mekulo.com\/no\/#website\"},\"primaryImageOfPage\":{\"@id\":\"https:\/\/mekulo.com\/no\/produkt\/skulderveske-med-stor-kapasitet\/#primaryimage\"},\"image\":{\"@id\":\"https:\/\/mekulo.com\/no\/produkt\/skulderveske-med-stor-kapasitet\/#primaryimage\"},\"thumbnailUrl\":\"https:\/\/mekulo.com\/no\/wp-content\/uploads\/sites\/10\/2026\/01\/6yhlucr-1.webp\",\"datePublished\":\"2026-01-13T14:59:10+00:00\",\"dateModified\":\"2026-01-13T16:18:47+00:00\",\"breadcrumb\":{\"@id\":\"https:\/\/mekulo.com\/no\/produkt\/skulderveske-med-stor-kapasitet\/#breadcrumb\"},\"inLanguage\":\"nb-NO\",\"potentialAction\":[{\"@type\":\"ReadAction\",\"target\":[\"https:\/\/mekulo.com\/no\/produkt\/skulderveske-med-stor-kapasitet\/\"]}]},{\"@type\":\"ImageObject\",\"inLanguage\":\"nb-NO\",\"@id\":\"https:\/\/mekulo.com\/no\/produkt\/skulderveske-med-stor-kapasitet\/#primaryimage\",\"url\":\"https:\/\/mekulo.com\/no\/wp-content\/uploads\/sites\/10\/2026\/01\/6yhlucr-1.webp\",\"contentUrl\":\"https:\/\/mekulo.com\/no\/wp-content\/uploads\/sites\/10\/2026\/01\/6yhlucr-1.webp\",\"width\":713,\"height\":713},{\"@type\":\"BreadcrumbList\",\"@id\":\"https:\/\/mekulo.com\/no\/produkt\/skulderveske-med-stor-kapasitet\/#breadcrumb\",\"itemListElement\":[{\"@type\":\"ListItem\",\"position\":1,\"name\":\"Home\",\"item\":\"https:\/\/mekulo.com\/no\/\"},{\"@type\":\"ListItem\",\"position\":2,\"name\":\"Butikk\",\"item\":\"https:\/\/mekulo.com\/no\/butikk\/\"},{\"@type\":\"ListItem\",\"position\":3,\"name\":\"Skulderveske med stor kapasitet\"}]},{\"@type\":\"WebSite\",\"@id\":\"https:\/\/mekulo.com\/no\/#website\",\"url\":\"https:\/\/mekulo.com\/no\/\",\"name\":\"Mekulo NO\",\"description\":\"\",\"publisher\":{\"@id\":\"https:\/\/mekulo.com\/no\/#organization\"},\"potentialAction\":[{\"@type\":\"SearchAction\",\"target\":{\"@type\":\"EntryPoint\",\"urlTemplate\":\"https:\/\/mekulo.com\/no\/?s={search_term_string}\"},\"query-input\":{\"@type\":\"PropertyValueSpecification\",\"valueRequired\":true,\"valueName\":\"search_term_string\"}}],\"inLanguage\":\"nb-NO\"},{\"@type\":\"Organization\",\"@id\":\"https:\/\/mekulo.com\/no\/#organization\",\"name\":\"Mekulo\",\"url\":\"https:\/\/mekulo.com\/no\/\",\"logo\":{\"@type\":\"ImageObject\",\"inLanguage\":\"nb-NO\",\"@id\":\"https:\/\/mekulo.com\/no\/#\/schema\/logo\/image\/\",\"url\":\"https:\/\/mekulo.com\/no\/wp-content\/uploads\/sites\/10\/2025\/12\/favicon_mekulo.png\",\"contentUrl\":\"https:\/\/mekulo.com\/no\/wp-content\/uploads\/sites\/10\/2025\/12\/favicon_mekulo.png\",\"width\":50,\"height\":50,\"caption\":\"Mekulo\"},\"image\":{\"@id\":\"https:\/\/mekulo.com\/no\/#\/schema\/logo\/image\/\"}}]}<\/script>\n<!-- \/ Yoast SEO plugin. -->","yoast_head_json":{"title":"Skulderveske med stor kapasitet - Mekulo NO","robots":{"index":"index","follow":"follow","max-snippet":"max-snippet:-1","max-image-preview":"max-image-preview:large","max-video-preview":"max-video-preview:-1"},"canonical":"https:\/\/mekulo.com\/no\/produkt\/skulderveske-med-stor-kapasitet\/","og_locale":"nb_NO","og_type":"article","og_title":"Skulderveske med stor kapasitet - Mekulo NO","og_description":"Denne skuldervesken med stor kapasitet gir deg god plass til \u00e5 organisere det du trenger i hverdagen eller p\u00e5 reisen, samtidig som den er lett og enkel \u00e5 b\u00e6re. Den er laget av slitesterkt stoff med sikre lukkemekanismer og er designet for travle dager, reiser og hverdagsbruk. En praktisk og stilig veske som passer perfekt til jobb, reise, shopping eller hverdagsbruk","og_url":"https:\/\/mekulo.com\/no\/produkt\/skulderveske-med-stor-kapasitet\/","og_site_name":"Mekulo NO","article_modified_time":"2026-01-13T16:18:47+00:00","og_image":[{"width":713,"height":713,"url":"https:\/\/mekulo.com\/no\/wp-content\/uploads\/sites\/10\/2026\/01\/6yhlucr-1.webp","type":"image\/webp"}],"twitter_card":"summary_large_image","twitter_misc":{"Ansl. lesetid":"2 minutter"},"schema":{"@context":"https:\/\/schema.org","@graph":[{"@type":"WebPage","@id":"https:\/\/mekulo.com\/no\/produkt\/skulderveske-med-stor-kapasitet\/","url":"https:\/\/mekulo.com\/no\/produkt\/skulderveske-med-stor-kapasitet\/","name":"Skulderveske med stor kapasitet - Mekulo NO","isPartOf":{"@id":"https:\/\/mekulo.com\/no\/#website"},"primaryImageOfPage":{"@id":"https:\/\/mekulo.com\/no\/produkt\/skulderveske-med-stor-kapasitet\/#primaryimage"},"image":{"@id":"https:\/\/mekulo.com\/no\/produkt\/skulderveske-med-stor-kapasitet\/#primaryimage"},"thumbnailUrl":"https:\/\/mekulo.com\/no\/wp-content\/uploads\/sites\/10\/2026\/01\/6yhlucr-1.webp","datePublished":"2026-01-13T14:59:10+00:00","dateModified":"2026-01-13T16:18:47+00:00","breadcrumb":{"@id":"https:\/\/mekulo.com\/no\/produkt\/skulderveske-med-stor-kapasitet\/#breadcrumb"},"inLanguage":"nb-NO","potentialAction":[{"@type":"ReadAction","target":["https:\/\/mekulo.com\/no\/produkt\/skulderveske-med-stor-kapasitet\/"]}]},{"@type":"ImageObject","inLanguage":"nb-NO","@id":"https:\/\/mekulo.com\/no\/produkt\/skulderveske-med-stor-kapasitet\/#primaryimage","url":"https:\/\/mekulo.com\/no\/wp-content\/uploads\/sites\/10\/2026\/01\/6yhlucr-1.webp","contentUrl":"https:\/\/mekulo.com\/no\/wp-content\/uploads\/sites\/10\/2026\/01\/6yhlucr-1.webp","width":713,"height":713},{"@type":"BreadcrumbList","@id":"https:\/\/mekulo.com\/no\/produkt\/skulderveske-med-stor-kapasitet\/#breadcrumb","itemListElement":[{"@type":"ListItem","position":1,"name":"Home","item":"https:\/\/mekulo.com\/no\/"},{"@type":"ListItem","position":2,"name":"Butikk","item":"https:\/\/mekulo.com\/no\/butikk\/"},{"@type":"ListItem","position":3,"name":"Skulderveske med stor kapasitet"}]},{"@type":"WebSite","@id":"https:\/\/mekulo.com\/no\/#website","url":"https:\/\/mekulo.com\/no\/","name":"Mekulo NO","description":"","publisher":{"@id":"https:\/\/mekulo.com\/no\/#organization"},"potentialAction":[{"@type":"SearchAction","target":{"@type":"EntryPoint","urlTemplate":"https:\/\/mekulo.com\/no\/?s={search_term_string}"},"query-input":{"@type":"PropertyValueSpecification","valueRequired":true,"valueName":"search_term_string"}}],"inLanguage":"nb-NO"},{"@type":"Organization","@id":"https:\/\/mekulo.com\/no\/#organization","name":"Mekulo","url":"https:\/\/mekulo.com\/no\/","logo":{"@type":"ImageObject","inLanguage":"nb-NO","@id":"https:\/\/mekulo.com\/no\/#\/schema\/logo\/image\/","url":"https:\/\/mekulo.com\/no\/wp-content\/uploads\/sites\/10\/2025\/12\/favicon_mekulo.png","contentUrl":"https:\/\/mekulo.com\/no\/wp-content\/uploads\/sites\/10\/2025\/12\/favicon_mekulo.png","width":50,"height":50,"caption":"Mekulo"},"image":{"@id":"https:\/\/mekulo.com\/no\/#\/schema\/logo\/image\/"}}]}},"_links":{"self":[{"href":"https:\/\/mekulo.com\/no\/wp-json\/wp\/v2\/product\/17218","targetHints":{"allow":["GET"]}}],"collection":[{"href":"https:\/\/mekulo.com\/no\/wp-json\/wp\/v2\/product"}],"about":[{"href":"https:\/\/mekulo.com\/no\/wp-json\/wp\/v2\/types\/product"}],"replies":[{"embeddable":true,"href":"https:\/\/mekulo.com\/no\/wp-json\/wp\/v2\/comments?post=17218"}],"wp:featuredmedia":[{"embeddable":true,"href":"https:\/\/mekulo.com\/no\/wp-json\/wp\/v2\/media\/17214"}],"wp:attachment":[{"href":"https:\/\/mekulo.com\/no\/wp-json\/wp\/v2\/media?parent=17218"}],"wp:term":[{"taxonomy":"product_brand","embeddable":true,"href":"https:\/\/mekulo.com\/no\/wp-json\/wp\/v2\/product_brand?post=17218"},{"taxonomy":"product_cat","embeddable":true,"href":"https:\/\/mekulo.com\/no\/wp-json\/wp\/v2\/product_cat?post=17218"},{"taxonomy":"product_tag","embeddable":true,"href":"https:\/\/mekulo.com\/no\/wp-json\/wp\/v2\/product_tag?post=17218"}],"curies":[{"name":"wp","href":"https:\/\/api.w.org\/{rel}","templated":true}]}}