{"id":17203,"date":"2026-01-13T16:41:29","date_gmt":"2026-01-13T14:41:29","guid":{"rendered":"https:\/\/mekulo.com\/no\/produkt\/tang-til-a-trekke-ut-materiale-fra-trebearbeidingssager\/"},"modified":"2026-01-13T16:50:20","modified_gmt":"2026-01-13T14:50:20","slug":"tang-til-a-trekke-ut-materiale-fra-trebearbeidingssager","status":"publish","type":"product","link":"https:\/\/mekulo.com\/no\/produkt\/tang-til-a-trekke-ut-materiale-fra-trebearbeidingssager\/","title":{"rendered":"Tang til \u00e5 trekke ut materiale fra trebearbeidingssager"},"content":{"rendered":"<div class=\"flex flex-col text-sm pb-25\">\n<article class=\"text-token-text-primary w-full focus:outline-none [--shadow-height:45px] has-data-writing-block:pointer-events-none has-data-writing-block:-mt-(--shadow-height) has-data-writing-block:pt-(--shadow-height) [&amp;:has([data-writing-block])&gt;*]:pointer-events-auto [content-visibility:auto] supports-[content-visibility:auto]:[contain-intrinsic-size:auto_100lvh] scroll-mt-[calc(var(--header-height)+min(200px,max(70px,20svh)))]\" dir=\"auto\" data-turn-id=\"c49e2d14-0e7b-4ccc-9fff-55b559649bdb\" data-testid=\"conversation-turn-122\" data-scroll-anchor=\"true\" data-turn=\"assistant\">\n<div class=\"text-base my-auto mx-auto pb-10 [--thread-content-margin:--spacing(4)] @w-sm\/main:[--thread-content-margin:--spacing(6)] @w-lg\/main:[--thread-content-margin:--spacing(16)] px-(--thread-content-margin)\">\n<div class=\"[--thread-content-max-width:40rem] @w-lg\/main:[--thread-content-max-width:48rem] mx-auto max-w-(--thread-content-max-width) flex-1 group\/turn-messages focus-visible:outline-hidden relative flex w-full min-w-0 flex-col agent-turn\">\n<div class=\"flex max-w-full flex-col grow\">\n<div class=\"min-h-8 text-message relative flex w-full flex-col items-end gap-2 text-start break-words whitespace-normal [.text-message+&amp;]:mt-1\" dir=\"auto\" data-message-author-role=\"assistant\" data-message-id=\"c49e2d14-0e7b-4ccc-9fff-55b559649bdb\" data-message-model-slug=\"gpt-5-2\">\n<div class=\"flex w-full flex-col gap-1 empty:hidden first:pt-[1px]\">\n<div class=\"markdown prose dark:prose-invert w-full break-words light markdown-new-styling\">\n<p style=\"text-align: center;\" data-start=\"0\" data-end=\"67\"><strong data-start=\"0\" data-end=\"67\">Gjenopprett Rene, Jevne Kutt Ved \u00c5 Stille Inn Sagtennene Riktig. \ud83c\udf32<\/strong><\/p>\n<p data-start=\"69\" data-end=\"336\"><img fetchpriority=\"high\" decoding=\"async\" class=\"size-full wp-image-45960 aligncenter\" src=\"https:\/\/keluvo.com\/template\/wp-content\/uploads\/sites\/5\/2025\/12\/102213-ezgif.com-video-to-webp-converter-3.webp\" alt=\"\" width=\"500\" height=\"667\" \/><\/p>\n<h2 style=\"text-align: center;\" data-start=\"623\" data-end=\"642\">\u2b50 Hovedfordeler<\/h2>\n<p data-start=\"645\" data-end=\"710\">\u2702\ufe0f Forbedrer skj\u00e6reytelsen &#8211; Gjenoppretter riktig sagbane.<\/p>\n<p data-start=\"713\" data-end=\"787\">\ud83c\udf32 For treverk &amp; kryssskj\u00e6ring &#8211; St\u00f8tter forskjellige sagstiler.<\/p>\n<p data-start=\"790\" data-end=\"844\">\ud83d\udd29 Sterk st\u00e5lkonstruksjon &#8211; Slitesterk og langvarig.<\/p>\n<p data-start=\"847\" data-end=\"914\">\ud83d\udc41\ufe0f Valgfritt forst\u00f8rrelsesglass &#8211; Bedre n\u00f8yaktighet p\u00e5 fine tenner.<\/p>\n<p data-start=\"917\" data-end=\"984\">\ud83d\udd90\ufe0f Enkel h\u00e5ndkontroll &#8211; Komfortabelt grep og presist trykk.<\/p>\n<p data-start=\"917\" data-end=\"984\"><img decoding=\"async\" class=\" wp-image-45959 aligncenter\" src=\"https:\/\/keluvo.com\/template\/wp-content\/uploads\/sites\/5\/2025\/12\/237bab42-7c82-419c-8220-dd8aaaa40ea0.gif\" alt=\"\" width=\"500\" height=\"500\" \/><\/p>\n<h2 style=\"text-align: center;\" data-start=\"986\" data-end=\"1004\">\ud83d\udee0\ufe0f Slik Bruker Du Det<\/h2>\n<ol data-start=\"1005\" data-end=\"1225\">\n<li data-start=\"1005\" data-end=\"1060\">\n<p data-start=\"1008\" data-end=\"1060\">Identifiser sagtypen (rettkapp eller tverrkapp).<\/p>\n<\/li>\n<li data-start=\"1061\" data-end=\"1098\">\n<p data-start=\"1064\" data-end=\"1098\">Plasser tangen p\u00e5 en sagtann.<\/p>\n<\/li>\n<li data-start=\"1099\" data-end=\"1150\">\n<p data-start=\"1102\" data-end=\"1150\">B\u00f8y forsiktig tannen til venstre eller h\u00f8yre etter behov.<\/p>\n<\/li>\n<li data-start=\"1151\" data-end=\"1187\">\n<p data-start=\"1154\" data-end=\"1187\">Gjenta jevnt over bladet.<\/p>\n<\/li>\n<li data-start=\"1188\" data-end=\"1225\">\n<p data-start=\"1191\" data-end=\"1225\">Test sagen for jevn kutting.<\/p>\n<\/li>\n<\/ol>\n<h2 style=\"text-align: center;\" data-start=\"1227\" data-end=\"1249\">\ud83d\udccf Produktdetaljer<\/h2>\n<ul data-start=\"1250\" data-end=\"1489\">\n<li data-start=\"1292\" data-end=\"1333\">\n<p data-start=\"1294\" data-end=\"1333\">Bruk: Justering av sagtenner for trebearbeiding<\/p>\n<\/li>\n<li data-start=\"1334\" data-end=\"1391\">\n<p data-start=\"1336\" data-end=\"1391\">Materiale: Stans med h\u00f8yt karbonst\u00e5l + sinklegeringsh\u00e5ndtak<\/p>\n<\/li>\n<li data-start=\"1392\" data-end=\"1434\">\n<p data-start=\"1394\" data-end=\"1434\">Type: Med forst\u00f8rrelsesglass eller uten<\/p>\n<\/li>\n<li data-start=\"1435\" data-end=\"1489\">\n<p data-start=\"1437\" data-end=\"1489\">Funksjon: Justerer sagtannbredde og skj\u00e6rebane<\/p>\n<\/li>\n<\/ul>\n<h2 style=\"text-align: center;\" data-start=\"1491\" data-end=\"1514\">\ud83d\udce6 Pakken Inkluderer<\/h2>\n<ul data-start=\"1515\" data-end=\"1544\" data-is-last-node=\"\" data-is-only-node=\"\">\n<li data-start=\"1515\" data-end=\"1544\" data-is-last-node=\"\">\n<p data-start=\"1517\" data-end=\"1544\" data-is-last-node=\"\">1x trebearbeidingssagmaterialtrekker.<\/p>\n<\/li>\n<\/ul>\n<\/div>\n<\/div>\n<\/div>\n<\/div>\n<\/div>\n<\/div>\n<\/article>\n<\/div>\n","protected":false},"excerpt":{"rendered":"<p>Med denne tangen kan du justere sagbanen ved \u00e5 b\u00f8ye sagtennene jevnt til venstre og h\u00f8yre. Dette gjenoppretter kutteeffektiviteten p\u00e5 nye eller gamle sager og forhindrer at saget binder seg n\u00e5r du skj\u00e6rer i tre. Det er et uunnv\u00e6rlig verkt\u00f8y for alle som arbeider med h\u00e5ndsager.<\/p>\n","protected":false},"featured_media":17199,"comment_status":"open","ping_status":"closed","template":"","meta":{"site-sidebar-layout":"default","site-content-layout":"","ast-site-content-layout":"default","site-content-style":"default","site-sidebar-style":"default","ast-global-header-display":"","ast-banner-title-visibility":"","ast-main-header-display":"","ast-hfb-above-header-display":"","ast-hfb-below-header-display":"","ast-hfb-mobile-header-display":"","site-post-title":"","ast-breadcrumbs-content":"","ast-featured-img":"","footer-sml-layout":"","theme-transparent-header-meta":"default","adv-header-id-meta":"","stick-header-meta":"","header-above-stick-meta":"","header-main-stick-meta":"","header-below-stick-meta":"","astra-migrate-meta-layouts":"set","ast-page-background-enabled":"default","ast-page-background-meta":{"desktop":{"background-color":"var(--ast-global-color-5)","background-image":"","background-repeat":"repeat","background-position":"center center","background-size":"auto","background-attachment":"scroll","background-type":"","background-media":"","overlay-type":"","overlay-color":"","overlay-opacity":"","overlay-gradient":""},"tablet":{"background-color":"","background-image":"","background-repeat":"repeat","background-position":"center center","background-size":"auto","background-attachment":"scroll","background-type":"","background-media":"","overlay-type":"","overlay-color":"","overlay-opacity":"","overlay-gradient":""},"mobile":{"background-color":"","background-image":"","background-repeat":"repeat","background-position":"center center","background-size":"auto","background-attachment":"scroll","background-type":"","background-media":"","overlay-type":"","overlay-color":"","overlay-opacity":"","overlay-gradient":""}},"ast-content-background-meta":{"desktop":{"background-color":"var(--ast-global-color-4)","background-image":"","background-repeat":"repeat","background-position":"center center","background-size":"auto","background-attachment":"scroll","background-type":"","background-media":"","overlay-type":"","overlay-color":"","overlay-opacity":"","overlay-gradient":""},"tablet":{"background-color":"var(--ast-global-color-4)","background-image":"","background-repeat":"repeat","background-position":"center center","background-size":"auto","background-attachment":"scroll","background-type":"","background-media":"","overlay-type":"","overlay-color":"","overlay-opacity":"","overlay-gradient":""},"mobile":{"background-color":"var(--ast-global-color-4)","background-image":"","background-repeat":"repeat","background-position":"center center","background-size":"auto","background-attachment":"scroll","background-type":"","background-media":"","overlay-type":"","overlay-color":"","overlay-opacity":"","overlay-gradient":""}}},"product_brand":[],"product_cat":[171],"product_tag":[],"class_list":{"0":"post-17203","1":"product","2":"type-product","3":"status-publish","4":"has-post-thumbnail","6":"product_cat-verktoy","7":"pa_60131_wotnjyt6-med-forstorrelsesglass","8":"pa_60131_wotnjyt6-uten-forstorrelsesglass","9":"desktop-align-left","10":"tablet-align-left","11":"mobile-align-left","13":"first","14":"instock","15":"shipping-taxable","16":"purchasable","17":"product-type-variable"},"yoast_head":"<!-- This site is optimized with the Yoast SEO plugin v26.6 - https:\/\/yoast.com\/wordpress\/plugins\/seo\/ -->\n<title>Tang til \u00e5 trekke ut materiale fra trebearbeidingssager - Mekulo NO<\/title>\n<meta name=\"robots\" content=\"index, follow, max-snippet:-1, max-image-preview:large, max-video-preview:-1\" \/>\n<link rel=\"canonical\" href=\"https:\/\/mekulo.com\/no\/produkt\/tang-til-a-trekke-ut-materiale-fra-trebearbeidingssager\/\" \/>\n<meta property=\"og:locale\" content=\"nb_NO\" \/>\n<meta property=\"og:type\" content=\"article\" \/>\n<meta property=\"og:title\" content=\"Tang til \u00e5 trekke ut materiale fra trebearbeidingssager - Mekulo NO\" \/>\n<meta property=\"og:description\" content=\"Med denne tangen kan du justere sagbanen ved \u00e5 b\u00f8ye sagtennene jevnt til venstre og h\u00f8yre. Dette gjenoppretter kutteeffektiviteten p\u00e5 nye eller gamle sager og forhindrer at saget binder seg n\u00e5r du skj\u00e6rer i tre. Det er et uunnv\u00e6rlig verkt\u00f8y for alle som arbeider med h\u00e5ndsager.\" \/>\n<meta property=\"og:url\" content=\"https:\/\/mekulo.com\/no\/produkt\/tang-til-a-trekke-ut-materiale-fra-trebearbeidingssager\/\" \/>\n<meta property=\"og:site_name\" content=\"Mekulo NO\" \/>\n<meta property=\"article:modified_time\" content=\"2026-01-13T14:50:20+00:00\" \/>\n<meta property=\"og:image\" content=\"https:\/\/mekulo.com\/no\/wp-content\/uploads\/sites\/10\/2026\/01\/y20vm82-1.jpeg\" \/>\n\t<meta property=\"og:image:width\" content=\"800\" \/>\n\t<meta property=\"og:image:height\" content=\"800\" \/>\n\t<meta property=\"og:image:type\" content=\"image\/jpeg\" \/>\n<meta name=\"twitter:card\" content=\"summary_large_image\" \/>\n<meta name=\"twitter:label1\" content=\"Ansl. lesetid\" \/>\n\t<meta name=\"twitter:data1\" content=\"2 minutter\" \/>\n<script type=\"application\/ld+json\" class=\"yoast-schema-graph\">{\"@context\":\"https:\/\/schema.org\",\"@graph\":[{\"@type\":\"WebPage\",\"@id\":\"https:\/\/mekulo.com\/no\/produkt\/tang-til-a-trekke-ut-materiale-fra-trebearbeidingssager\/\",\"url\":\"https:\/\/mekulo.com\/no\/produkt\/tang-til-a-trekke-ut-materiale-fra-trebearbeidingssager\/\",\"name\":\"Tang til \u00e5 trekke ut materiale fra trebearbeidingssager - Mekulo NO\",\"isPartOf\":{\"@id\":\"https:\/\/mekulo.com\/no\/#website\"},\"primaryImageOfPage\":{\"@id\":\"https:\/\/mekulo.com\/no\/produkt\/tang-til-a-trekke-ut-materiale-fra-trebearbeidingssager\/#primaryimage\"},\"image\":{\"@id\":\"https:\/\/mekulo.com\/no\/produkt\/tang-til-a-trekke-ut-materiale-fra-trebearbeidingssager\/#primaryimage\"},\"thumbnailUrl\":\"https:\/\/mekulo.com\/no\/wp-content\/uploads\/sites\/10\/2026\/01\/y20vm82-1.jpeg\",\"datePublished\":\"2026-01-13T14:41:29+00:00\",\"dateModified\":\"2026-01-13T14:50:20+00:00\",\"breadcrumb\":{\"@id\":\"https:\/\/mekulo.com\/no\/produkt\/tang-til-a-trekke-ut-materiale-fra-trebearbeidingssager\/#breadcrumb\"},\"inLanguage\":\"nb-NO\",\"potentialAction\":[{\"@type\":\"ReadAction\",\"target\":[\"https:\/\/mekulo.com\/no\/produkt\/tang-til-a-trekke-ut-materiale-fra-trebearbeidingssager\/\"]}]},{\"@type\":\"ImageObject\",\"inLanguage\":\"nb-NO\",\"@id\":\"https:\/\/mekulo.com\/no\/produkt\/tang-til-a-trekke-ut-materiale-fra-trebearbeidingssager\/#primaryimage\",\"url\":\"https:\/\/mekulo.com\/no\/wp-content\/uploads\/sites\/10\/2026\/01\/y20vm82-1.jpeg\",\"contentUrl\":\"https:\/\/mekulo.com\/no\/wp-content\/uploads\/sites\/10\/2026\/01\/y20vm82-1.jpeg\",\"width\":800,\"height\":800},{\"@type\":\"BreadcrumbList\",\"@id\":\"https:\/\/mekulo.com\/no\/produkt\/tang-til-a-trekke-ut-materiale-fra-trebearbeidingssager\/#breadcrumb\",\"itemListElement\":[{\"@type\":\"ListItem\",\"position\":1,\"name\":\"Home\",\"item\":\"https:\/\/mekulo.com\/no\/\"},{\"@type\":\"ListItem\",\"position\":2,\"name\":\"Butikk\",\"item\":\"https:\/\/mekulo.com\/no\/butikk\/\"},{\"@type\":\"ListItem\",\"position\":3,\"name\":\"Tang til \u00e5 trekke ut materiale fra trebearbeidingssager\"}]},{\"@type\":\"WebSite\",\"@id\":\"https:\/\/mekulo.com\/no\/#website\",\"url\":\"https:\/\/mekulo.com\/no\/\",\"name\":\"Mekulo NO\",\"description\":\"\",\"publisher\":{\"@id\":\"https:\/\/mekulo.com\/no\/#organization\"},\"potentialAction\":[{\"@type\":\"SearchAction\",\"target\":{\"@type\":\"EntryPoint\",\"urlTemplate\":\"https:\/\/mekulo.com\/no\/?s={search_term_string}\"},\"query-input\":{\"@type\":\"PropertyValueSpecification\",\"valueRequired\":true,\"valueName\":\"search_term_string\"}}],\"inLanguage\":\"nb-NO\"},{\"@type\":\"Organization\",\"@id\":\"https:\/\/mekulo.com\/no\/#organization\",\"name\":\"Mekulo\",\"url\":\"https:\/\/mekulo.com\/no\/\",\"logo\":{\"@type\":\"ImageObject\",\"inLanguage\":\"nb-NO\",\"@id\":\"https:\/\/mekulo.com\/no\/#\/schema\/logo\/image\/\",\"url\":\"https:\/\/mekulo.com\/no\/wp-content\/uploads\/sites\/10\/2025\/12\/favicon_mekulo.png\",\"contentUrl\":\"https:\/\/mekulo.com\/no\/wp-content\/uploads\/sites\/10\/2025\/12\/favicon_mekulo.png\",\"width\":50,\"height\":50,\"caption\":\"Mekulo\"},\"image\":{\"@id\":\"https:\/\/mekulo.com\/no\/#\/schema\/logo\/image\/\"}}]}<\/script>\n<!-- \/ Yoast SEO plugin. -->","yoast_head_json":{"title":"Tang til \u00e5 trekke ut materiale fra trebearbeidingssager - Mekulo NO","robots":{"index":"index","follow":"follow","max-snippet":"max-snippet:-1","max-image-preview":"max-image-preview:large","max-video-preview":"max-video-preview:-1"},"canonical":"https:\/\/mekulo.com\/no\/produkt\/tang-til-a-trekke-ut-materiale-fra-trebearbeidingssager\/","og_locale":"nb_NO","og_type":"article","og_title":"Tang til \u00e5 trekke ut materiale fra trebearbeidingssager - Mekulo NO","og_description":"Med denne tangen kan du justere sagbanen ved \u00e5 b\u00f8ye sagtennene jevnt til venstre og h\u00f8yre. Dette gjenoppretter kutteeffektiviteten p\u00e5 nye eller gamle sager og forhindrer at saget binder seg n\u00e5r du skj\u00e6rer i tre. Det er et uunnv\u00e6rlig verkt\u00f8y for alle som arbeider med h\u00e5ndsager.","og_url":"https:\/\/mekulo.com\/no\/produkt\/tang-til-a-trekke-ut-materiale-fra-trebearbeidingssager\/","og_site_name":"Mekulo NO","article_modified_time":"2026-01-13T14:50:20+00:00","og_image":[{"width":800,"height":800,"url":"https:\/\/mekulo.com\/no\/wp-content\/uploads\/sites\/10\/2026\/01\/y20vm82-1.jpeg","type":"image\/jpeg"}],"twitter_card":"summary_large_image","twitter_misc":{"Ansl. lesetid":"2 minutter"},"schema":{"@context":"https:\/\/schema.org","@graph":[{"@type":"WebPage","@id":"https:\/\/mekulo.com\/no\/produkt\/tang-til-a-trekke-ut-materiale-fra-trebearbeidingssager\/","url":"https:\/\/mekulo.com\/no\/produkt\/tang-til-a-trekke-ut-materiale-fra-trebearbeidingssager\/","name":"Tang til \u00e5 trekke ut materiale fra trebearbeidingssager - Mekulo NO","isPartOf":{"@id":"https:\/\/mekulo.com\/no\/#website"},"primaryImageOfPage":{"@id":"https:\/\/mekulo.com\/no\/produkt\/tang-til-a-trekke-ut-materiale-fra-trebearbeidingssager\/#primaryimage"},"image":{"@id":"https:\/\/mekulo.com\/no\/produkt\/tang-til-a-trekke-ut-materiale-fra-trebearbeidingssager\/#primaryimage"},"thumbnailUrl":"https:\/\/mekulo.com\/no\/wp-content\/uploads\/sites\/10\/2026\/01\/y20vm82-1.jpeg","datePublished":"2026-01-13T14:41:29+00:00","dateModified":"2026-01-13T14:50:20+00:00","breadcrumb":{"@id":"https:\/\/mekulo.com\/no\/produkt\/tang-til-a-trekke-ut-materiale-fra-trebearbeidingssager\/#breadcrumb"},"inLanguage":"nb-NO","potentialAction":[{"@type":"ReadAction","target":["https:\/\/mekulo.com\/no\/produkt\/tang-til-a-trekke-ut-materiale-fra-trebearbeidingssager\/"]}]},{"@type":"ImageObject","inLanguage":"nb-NO","@id":"https:\/\/mekulo.com\/no\/produkt\/tang-til-a-trekke-ut-materiale-fra-trebearbeidingssager\/#primaryimage","url":"https:\/\/mekulo.com\/no\/wp-content\/uploads\/sites\/10\/2026\/01\/y20vm82-1.jpeg","contentUrl":"https:\/\/mekulo.com\/no\/wp-content\/uploads\/sites\/10\/2026\/01\/y20vm82-1.jpeg","width":800,"height":800},{"@type":"BreadcrumbList","@id":"https:\/\/mekulo.com\/no\/produkt\/tang-til-a-trekke-ut-materiale-fra-trebearbeidingssager\/#breadcrumb","itemListElement":[{"@type":"ListItem","position":1,"name":"Home","item":"https:\/\/mekulo.com\/no\/"},{"@type":"ListItem","position":2,"name":"Butikk","item":"https:\/\/mekulo.com\/no\/butikk\/"},{"@type":"ListItem","position":3,"name":"Tang til \u00e5 trekke ut materiale fra trebearbeidingssager"}]},{"@type":"WebSite","@id":"https:\/\/mekulo.com\/no\/#website","url":"https:\/\/mekulo.com\/no\/","name":"Mekulo NO","description":"","publisher":{"@id":"https:\/\/mekulo.com\/no\/#organization"},"potentialAction":[{"@type":"SearchAction","target":{"@type":"EntryPoint","urlTemplate":"https:\/\/mekulo.com\/no\/?s={search_term_string}"},"query-input":{"@type":"PropertyValueSpecification","valueRequired":true,"valueName":"search_term_string"}}],"inLanguage":"nb-NO"},{"@type":"Organization","@id":"https:\/\/mekulo.com\/no\/#organization","name":"Mekulo","url":"https:\/\/mekulo.com\/no\/","logo":{"@type":"ImageObject","inLanguage":"nb-NO","@id":"https:\/\/mekulo.com\/no\/#\/schema\/logo\/image\/","url":"https:\/\/mekulo.com\/no\/wp-content\/uploads\/sites\/10\/2025\/12\/favicon_mekulo.png","contentUrl":"https:\/\/mekulo.com\/no\/wp-content\/uploads\/sites\/10\/2025\/12\/favicon_mekulo.png","width":50,"height":50,"caption":"Mekulo"},"image":{"@id":"https:\/\/mekulo.com\/no\/#\/schema\/logo\/image\/"}}]}},"_links":{"self":[{"href":"https:\/\/mekulo.com\/no\/wp-json\/wp\/v2\/product\/17203","targetHints":{"allow":["GET"]}}],"collection":[{"href":"https:\/\/mekulo.com\/no\/wp-json\/wp\/v2\/product"}],"about":[{"href":"https:\/\/mekulo.com\/no\/wp-json\/wp\/v2\/types\/product"}],"replies":[{"embeddable":true,"href":"https:\/\/mekulo.com\/no\/wp-json\/wp\/v2\/comments?post=17203"}],"wp:featuredmedia":[{"embeddable":true,"href":"https:\/\/mekulo.com\/no\/wp-json\/wp\/v2\/media\/17199"}],"wp:attachment":[{"href":"https:\/\/mekulo.com\/no\/wp-json\/wp\/v2\/media?parent=17203"}],"wp:term":[{"taxonomy":"product_brand","embeddable":true,"href":"https:\/\/mekulo.com\/no\/wp-json\/wp\/v2\/product_brand?post=17203"},{"taxonomy":"product_cat","embeddable":true,"href":"https:\/\/mekulo.com\/no\/wp-json\/wp\/v2\/product_cat?post=17203"},{"taxonomy":"product_tag","embeddable":true,"href":"https:\/\/mekulo.com\/no\/wp-json\/wp\/v2\/product_tag?post=17203"}],"curies":[{"name":"wp","href":"https:\/\/api.w.org\/{rel}","templated":true}]}}