{"id":17182,"date":"2026-01-13T16:39:49","date_gmt":"2026-01-13T14:39:49","guid":{"rendered":"https:\/\/mekulo.com\/no\/produkt\/dobbelt-innvendig-ventilforlengelsesror-5-stk\/"},"modified":"2026-01-22T17:48:38","modified_gmt":"2026-01-22T15:48:38","slug":"dobbelt-innvendig-ventilforlengelsesror-5-stk","status":"publish","type":"product","link":"https:\/\/mekulo.com\/no\/produkt\/dobbelt-innvendig-ventilforlengelsesror-5-stk\/","title":{"rendered":"Dobbelt innvendig ventilforlengelsesr\u00f8r (5 stk)"},"content":{"rendered":"<p style=\"text-align: center\" data-start=\"0\" data-end=\"82\"><strong data-start=\"0\" data-end=\"82\">N\u00e5 enkelt vanskelig tilgjengelige dekkventiler og pump opp dekkene dine uten problemer. \ud83d\ude99\ud83c\udfcd<\/strong><\/p>\n<p data-start=\"84\" data-end=\"305\"><img fetchpriority=\"high\" decoding=\"async\" class=\"size-full wp-image-46046 aligncenter\" src=\"https:\/\/keluvo.com\/template\/wp-content\/uploads\/sites\/5\/2025\/12\/102224-ezgif.com-video-to-webp-converter-1.webp\" alt=\"\" width=\"500\" height=\"889\" \/><\/p>\n<h2 style=\"text-align: center\" data-start=\"585\" data-end=\"604\"><strong>Hovedfordeler<\/strong><\/h2>\n<p data-start=\"607\" data-end=\"655\">\ud83d\udd27 Enkel installasjon &#8211; Skru p\u00e5 i l\u00f8pet av sekunder.<\/p>\n<p data-start=\"658\" data-end=\"707\">\ud83d\ude99 Universell passform &#8211; Fungerer med de fleste kj\u00f8ret\u00f8y.<\/p>\n<p data-start=\"710\" data-end=\"771\">\ud83d\udd29 Slitesterk messingkonstruksjon &#8211; Sterk og korrosjonsbestandig.<\/p>\n<p data-start=\"774\" data-end=\"831\">\ud83d\udca8 Innebygd ventilkjerne &#8211; Pump opp og t\u00f8m enkelt.<\/p>\n<p data-start=\"834\" data-end=\"897\">\ud83d\udcd0 Vinklet design &#8211; Bedre tilgang til trange ventilposisjoner.<\/p>\n<p data-start=\"900\" data-end=\"958\">\ud83d\udee1\ufe0f Lekkasjesikker tetning &#8211; Sikker passform med st\u00f8vhette av metall.<\/p>\n<p data-start=\"900\" data-end=\"958\"><img decoding=\"async\" class=\"size-full wp-image-46050 aligncenter\" src=\"https:\/\/keluvo.com\/template\/wp-content\/uploads\/sites\/5\/2025\/12\/102223-ezgif.com-video-to-webp-converter-1.webp\" alt=\"\" width=\"500\" height=\"889\" \/><\/p>\n<h2 style=\"text-align: center\" data-start=\"960\" data-end=\"977\"><strong>Slik Bruker Du Den<\/strong><\/h2>\n<ol data-start=\"978\" data-end=\"1196\">\n<li data-start=\"978\" data-end=\"1018\">\n<p data-start=\"981\" data-end=\"1018\">Fjern den originale ventilst\u00f8vhetten.<\/p>\n<\/li>\n<li data-start=\"1019\" data-end=\"1070\">\n<p data-start=\"1022\" data-end=\"1070\">Skru ventilforlengelsen p\u00e5 dekkventilen.<\/p>\n<\/li>\n<li data-start=\"1071\" data-end=\"1106\">\n<p data-start=\"1074\" data-end=\"1106\">Fest luftpumpen eller luftm\u00e5leren.<\/p>\n<\/li>\n<li data-start=\"1107\" data-end=\"1141\">\n<p data-start=\"1110\" data-end=\"1141\">Pump opp eller t\u00f8m etter behov.<\/p>\n<\/li>\n<li data-start=\"1142\" data-end=\"1196\">\n<p data-start=\"1145\" data-end=\"1196\">La forlengelsen sitte p\u00e5 plass eller fjern den etter bruk.<\/p>\n<\/li>\n<\/ol>\n<h2 style=\"text-align: center\" data-start=\"1198\" data-end=\"1220\"><strong>Produktdetaljer<\/strong><\/h2>\n<ul data-start=\"1221\" data-end=\"1478\">\n<li data-start=\"1268\" data-end=\"1302\">\n<p data-start=\"1270\" data-end=\"1302\">Materiale: Massiv messing (kobber)<\/p>\n<\/li>\n<li data-start=\"1335\" data-end=\"1361\">\n<p data-start=\"1337\" data-end=\"1361\">Ventilsystem: Schrader<\/p>\n<\/li>\n<li data-start=\"1362\" data-end=\"1395\">\n<p data-start=\"1364\" data-end=\"1395\">Vinkelalternativer: 45\u00b0, 90\u00b0, 135\u00b0<\/p>\n<\/li>\n<li data-start=\"1396\" data-end=\"1444\">\n<p data-start=\"1398\" data-end=\"1444\">Fitment: Biler, lastebiler, motorsykler, sykler<\/p>\n<\/li>\n<li data-start=\"1445\" data-end=\"1478\">\n<p data-start=\"1447\" data-end=\"1478\">Installasjon: Direkte skruing<\/p>\n<\/li>\n<\/ul>\n<h2 style=\"text-align: center\" data-start=\"1480\" data-end=\"1503\"><strong>Pakken Inkluderer<\/strong><\/h2>\n<ul data-start=\"1504\" data-end=\"1567\" data-is-last-node=\"\" data-is-only-node=\"\">\n<li data-start=\"1504\" data-end=\"1567\" data-is-last-node=\"\">\n<p data-start=\"1506\" data-end=\"1567\" data-is-last-node=\"\">5x dekkventilforlengelsesr\u00f8r.<\/p>\n<\/li>\n<\/ul>\n","protected":false},"excerpt":{"rendered":"<p>Denne forlengelsesslangen med dobbel innvendig ventil gj\u00f8r det raskt og stressfritt \u00e5 pumpe opp dekkene ved \u00e5 forlenge ventilen til en enklere vinkel. Den passer til de fleste kj\u00f8ret\u00f8yer og gj\u00f8r det enkelt \u00e5 pumpe opp og t\u00f8mme luft uten \u00e5 fjerne adapteren. Denne ventilforlengeren i massiv messing skrus direkte p\u00e5 den eksisterende dekkventilen. Med vinklede alternativer hjelper den deg med \u00e5 f\u00e5 tilgang til trange eller skjulte ventiler p\u00e5 biler, lastebiler, motorsykler og sykler, samtidig som den opprettholder en sterk, lekkasjefri tetning.<\/p>\n","protected":false},"featured_media":17178,"comment_status":"open","ping_status":"closed","template":"","meta":{"site-sidebar-layout":"default","site-content-layout":"","ast-site-content-layout":"default","site-content-style":"default","site-sidebar-style":"default","ast-global-header-display":"","ast-banner-title-visibility":"","ast-main-header-display":"","ast-hfb-above-header-display":"","ast-hfb-below-header-display":"","ast-hfb-mobile-header-display":"","site-post-title":"","ast-breadcrumbs-content":"","ast-featured-img":"","footer-sml-layout":"","theme-transparent-header-meta":"default","adv-header-id-meta":"","stick-header-meta":"","header-above-stick-meta":"","header-main-stick-meta":"","header-below-stick-meta":"","astra-migrate-meta-layouts":"set","ast-page-background-enabled":"default","ast-page-background-meta":{"desktop":{"background-color":"var(--ast-global-color-5)","background-image":"","background-repeat":"repeat","background-position":"center center","background-size":"auto","background-attachment":"scroll","background-type":"","background-media":"","overlay-type":"","overlay-color":"","overlay-opacity":"","overlay-gradient":""},"tablet":{"background-color":"","background-image":"","background-repeat":"repeat","background-position":"center center","background-size":"auto","background-attachment":"scroll","background-type":"","background-media":"","overlay-type":"","overlay-color":"","overlay-opacity":"","overlay-gradient":""},"mobile":{"background-color":"","background-image":"","background-repeat":"repeat","background-position":"center center","background-size":"auto","background-attachment":"scroll","background-type":"","background-media":"","overlay-type":"","overlay-color":"","overlay-opacity":"","overlay-gradient":""}},"ast-content-background-meta":{"desktop":{"background-color":"var(--ast-global-color-4)","background-image":"","background-repeat":"repeat","background-position":"center center","background-size":"auto","background-attachment":"scroll","background-type":"","background-media":"","overlay-type":"","overlay-color":"","overlay-opacity":"","overlay-gradient":""},"tablet":{"background-color":"var(--ast-global-color-4)","background-image":"","background-repeat":"repeat","background-position":"center center","background-size":"auto","background-attachment":"scroll","background-type":"","background-media":"","overlay-type":"","overlay-color":"","overlay-opacity":"","overlay-gradient":""},"mobile":{"background-color":"var(--ast-global-color-4)","background-image":"","background-repeat":"repeat","background-position":"center center","background-size":"auto","background-attachment":"scroll","background-type":"","background-media":"","overlay-type":"","overlay-color":"","overlay-opacity":"","overlay-gradient":""}}},"product_brand":[],"product_cat":[161,171],"product_tag":[],"class_list":{"0":"post-17182","1":"product","2":"type-product","3":"status-publish","4":"has-post-thumbnail","6":"product_cat-bilprodukter","7":"product_cat-verktoy","8":"pa_60202_eyy0vkeo-822","9":"pa_60202_eyy0vkeo-823","10":"pa_60202_eyy0vkeo-824","11":"pa_60202_zfdtbdpn-gull","12":"pa_60202_zfdtbdpn-solv","13":"desktop-align-left","14":"tablet-align-left","15":"mobile-align-left","17":"first","18":"instock","19":"shipping-taxable","20":"purchasable","21":"product-type-variable","22":"has-default-attributes"},"yoast_head":"<!-- This site is optimized with the Yoast SEO plugin v26.6 - https:\/\/yoast.com\/wordpress\/plugins\/seo\/ -->\n<title>Dobbelt innvendig ventilforlengelsesr\u00f8r (5 stk) - Mekulo NO<\/title>\n<meta name=\"robots\" content=\"index, follow, max-snippet:-1, max-image-preview:large, max-video-preview:-1\" \/>\n<link rel=\"canonical\" href=\"https:\/\/mekulo.com\/no\/produkt\/dobbelt-innvendig-ventilforlengelsesror-5-stk\/\" \/>\n<meta property=\"og:locale\" content=\"nb_NO\" \/>\n<meta property=\"og:type\" content=\"article\" \/>\n<meta property=\"og:title\" content=\"Dobbelt innvendig ventilforlengelsesr\u00f8r (5 stk) - Mekulo NO\" \/>\n<meta property=\"og:description\" content=\"Denne forlengelsesslangen med dobbel innvendig ventil gj\u00f8r det raskt og stressfritt \u00e5 pumpe opp dekkene ved \u00e5 forlenge ventilen til en enklere vinkel. Den passer til de fleste kj\u00f8ret\u00f8yer og gj\u00f8r det enkelt \u00e5 pumpe opp og t\u00f8mme luft uten \u00e5 fjerne adapteren. Denne ventilforlengeren i massiv messing skrus direkte p\u00e5 den eksisterende dekkventilen. Med vinklede alternativer hjelper den deg med \u00e5 f\u00e5 tilgang til trange eller skjulte ventiler p\u00e5 biler, lastebiler, motorsykler og sykler, samtidig som den opprettholder en sterk, lekkasjefri tetning.\" \/>\n<meta property=\"og:url\" content=\"https:\/\/mekulo.com\/no\/produkt\/dobbelt-innvendig-ventilforlengelsesror-5-stk\/\" \/>\n<meta property=\"og:site_name\" content=\"Mekulo NO\" \/>\n<meta property=\"article:modified_time\" content=\"2026-01-22T15:48:38+00:00\" \/>\n<meta property=\"og:image\" content=\"https:\/\/mekulo.com\/no\/wp-content\/uploads\/sites\/10\/2026\/01\/wir5k2v-1.jpg\" \/>\n\t<meta property=\"og:image:width\" content=\"800\" \/>\n\t<meta property=\"og:image:height\" content=\"800\" \/>\n\t<meta property=\"og:image:type\" content=\"image\/jpeg\" \/>\n<meta name=\"twitter:card\" content=\"summary_large_image\" \/>\n<meta name=\"twitter:label1\" content=\"Ansl. lesetid\" \/>\n\t<meta name=\"twitter:data1\" content=\"2 minutter\" \/>\n<script type=\"application\/ld+json\" class=\"yoast-schema-graph\">{\"@context\":\"https:\/\/schema.org\",\"@graph\":[{\"@type\":\"WebPage\",\"@id\":\"https:\/\/mekulo.com\/no\/produkt\/dobbelt-innvendig-ventilforlengelsesror-5-stk\/\",\"url\":\"https:\/\/mekulo.com\/no\/produkt\/dobbelt-innvendig-ventilforlengelsesror-5-stk\/\",\"name\":\"Dobbelt innvendig ventilforlengelsesr\u00f8r (5 stk) - Mekulo NO\",\"isPartOf\":{\"@id\":\"https:\/\/mekulo.com\/no\/#website\"},\"primaryImageOfPage\":{\"@id\":\"https:\/\/mekulo.com\/no\/produkt\/dobbelt-innvendig-ventilforlengelsesror-5-stk\/#primaryimage\"},\"image\":{\"@id\":\"https:\/\/mekulo.com\/no\/produkt\/dobbelt-innvendig-ventilforlengelsesror-5-stk\/#primaryimage\"},\"thumbnailUrl\":\"https:\/\/mekulo.com\/no\/wp-content\/uploads\/sites\/10\/2026\/01\/wir5k2v-1.jpg\",\"datePublished\":\"2026-01-13T14:39:49+00:00\",\"dateModified\":\"2026-01-22T15:48:38+00:00\",\"breadcrumb\":{\"@id\":\"https:\/\/mekulo.com\/no\/produkt\/dobbelt-innvendig-ventilforlengelsesror-5-stk\/#breadcrumb\"},\"inLanguage\":\"nb-NO\",\"potentialAction\":[{\"@type\":\"ReadAction\",\"target\":[\"https:\/\/mekulo.com\/no\/produkt\/dobbelt-innvendig-ventilforlengelsesror-5-stk\/\"]}]},{\"@type\":\"ImageObject\",\"inLanguage\":\"nb-NO\",\"@id\":\"https:\/\/mekulo.com\/no\/produkt\/dobbelt-innvendig-ventilforlengelsesror-5-stk\/#primaryimage\",\"url\":\"https:\/\/mekulo.com\/no\/wp-content\/uploads\/sites\/10\/2026\/01\/wir5k2v-1.jpg\",\"contentUrl\":\"https:\/\/mekulo.com\/no\/wp-content\/uploads\/sites\/10\/2026\/01\/wir5k2v-1.jpg\",\"width\":800,\"height\":800},{\"@type\":\"BreadcrumbList\",\"@id\":\"https:\/\/mekulo.com\/no\/produkt\/dobbelt-innvendig-ventilforlengelsesror-5-stk\/#breadcrumb\",\"itemListElement\":[{\"@type\":\"ListItem\",\"position\":1,\"name\":\"Home\",\"item\":\"https:\/\/mekulo.com\/no\/\"},{\"@type\":\"ListItem\",\"position\":2,\"name\":\"Butikk\",\"item\":\"https:\/\/mekulo.com\/no\/butikk\/\"},{\"@type\":\"ListItem\",\"position\":3,\"name\":\"Dobbelt innvendig ventilforlengelsesr\u00f8r (5 stk)\"}]},{\"@type\":\"WebSite\",\"@id\":\"https:\/\/mekulo.com\/no\/#website\",\"url\":\"https:\/\/mekulo.com\/no\/\",\"name\":\"Mekulo NO\",\"description\":\"\",\"publisher\":{\"@id\":\"https:\/\/mekulo.com\/no\/#organization\"},\"potentialAction\":[{\"@type\":\"SearchAction\",\"target\":{\"@type\":\"EntryPoint\",\"urlTemplate\":\"https:\/\/mekulo.com\/no\/?s={search_term_string}\"},\"query-input\":{\"@type\":\"PropertyValueSpecification\",\"valueRequired\":true,\"valueName\":\"search_term_string\"}}],\"inLanguage\":\"nb-NO\"},{\"@type\":\"Organization\",\"@id\":\"https:\/\/mekulo.com\/no\/#organization\",\"name\":\"Mekulo\",\"url\":\"https:\/\/mekulo.com\/no\/\",\"logo\":{\"@type\":\"ImageObject\",\"inLanguage\":\"nb-NO\",\"@id\":\"https:\/\/mekulo.com\/no\/#\/schema\/logo\/image\/\",\"url\":\"https:\/\/mekulo.com\/no\/wp-content\/uploads\/sites\/10\/2025\/12\/favicon_mekulo.png\",\"contentUrl\":\"https:\/\/mekulo.com\/no\/wp-content\/uploads\/sites\/10\/2025\/12\/favicon_mekulo.png\",\"width\":50,\"height\":50,\"caption\":\"Mekulo\"},\"image\":{\"@id\":\"https:\/\/mekulo.com\/no\/#\/schema\/logo\/image\/\"}}]}<\/script>\n<!-- \/ Yoast SEO plugin. -->","yoast_head_json":{"title":"Dobbelt innvendig ventilforlengelsesr\u00f8r (5 stk) - Mekulo NO","robots":{"index":"index","follow":"follow","max-snippet":"max-snippet:-1","max-image-preview":"max-image-preview:large","max-video-preview":"max-video-preview:-1"},"canonical":"https:\/\/mekulo.com\/no\/produkt\/dobbelt-innvendig-ventilforlengelsesror-5-stk\/","og_locale":"nb_NO","og_type":"article","og_title":"Dobbelt innvendig ventilforlengelsesr\u00f8r (5 stk) - Mekulo NO","og_description":"Denne forlengelsesslangen med dobbel innvendig ventil gj\u00f8r det raskt og stressfritt \u00e5 pumpe opp dekkene ved \u00e5 forlenge ventilen til en enklere vinkel. Den passer til de fleste kj\u00f8ret\u00f8yer og gj\u00f8r det enkelt \u00e5 pumpe opp og t\u00f8mme luft uten \u00e5 fjerne adapteren. Denne ventilforlengeren i massiv messing skrus direkte p\u00e5 den eksisterende dekkventilen. Med vinklede alternativer hjelper den deg med \u00e5 f\u00e5 tilgang til trange eller skjulte ventiler p\u00e5 biler, lastebiler, motorsykler og sykler, samtidig som den opprettholder en sterk, lekkasjefri tetning.","og_url":"https:\/\/mekulo.com\/no\/produkt\/dobbelt-innvendig-ventilforlengelsesror-5-stk\/","og_site_name":"Mekulo NO","article_modified_time":"2026-01-22T15:48:38+00:00","og_image":[{"width":800,"height":800,"url":"https:\/\/mekulo.com\/no\/wp-content\/uploads\/sites\/10\/2026\/01\/wir5k2v-1.jpg","type":"image\/jpeg"}],"twitter_card":"summary_large_image","twitter_misc":{"Ansl. lesetid":"2 minutter"},"schema":{"@context":"https:\/\/schema.org","@graph":[{"@type":"WebPage","@id":"https:\/\/mekulo.com\/no\/produkt\/dobbelt-innvendig-ventilforlengelsesror-5-stk\/","url":"https:\/\/mekulo.com\/no\/produkt\/dobbelt-innvendig-ventilforlengelsesror-5-stk\/","name":"Dobbelt innvendig ventilforlengelsesr\u00f8r (5 stk) - Mekulo NO","isPartOf":{"@id":"https:\/\/mekulo.com\/no\/#website"},"primaryImageOfPage":{"@id":"https:\/\/mekulo.com\/no\/produkt\/dobbelt-innvendig-ventilforlengelsesror-5-stk\/#primaryimage"},"image":{"@id":"https:\/\/mekulo.com\/no\/produkt\/dobbelt-innvendig-ventilforlengelsesror-5-stk\/#primaryimage"},"thumbnailUrl":"https:\/\/mekulo.com\/no\/wp-content\/uploads\/sites\/10\/2026\/01\/wir5k2v-1.jpg","datePublished":"2026-01-13T14:39:49+00:00","dateModified":"2026-01-22T15:48:38+00:00","breadcrumb":{"@id":"https:\/\/mekulo.com\/no\/produkt\/dobbelt-innvendig-ventilforlengelsesror-5-stk\/#breadcrumb"},"inLanguage":"nb-NO","potentialAction":[{"@type":"ReadAction","target":["https:\/\/mekulo.com\/no\/produkt\/dobbelt-innvendig-ventilforlengelsesror-5-stk\/"]}]},{"@type":"ImageObject","inLanguage":"nb-NO","@id":"https:\/\/mekulo.com\/no\/produkt\/dobbelt-innvendig-ventilforlengelsesror-5-stk\/#primaryimage","url":"https:\/\/mekulo.com\/no\/wp-content\/uploads\/sites\/10\/2026\/01\/wir5k2v-1.jpg","contentUrl":"https:\/\/mekulo.com\/no\/wp-content\/uploads\/sites\/10\/2026\/01\/wir5k2v-1.jpg","width":800,"height":800},{"@type":"BreadcrumbList","@id":"https:\/\/mekulo.com\/no\/produkt\/dobbelt-innvendig-ventilforlengelsesror-5-stk\/#breadcrumb","itemListElement":[{"@type":"ListItem","position":1,"name":"Home","item":"https:\/\/mekulo.com\/no\/"},{"@type":"ListItem","position":2,"name":"Butikk","item":"https:\/\/mekulo.com\/no\/butikk\/"},{"@type":"ListItem","position":3,"name":"Dobbelt innvendig ventilforlengelsesr\u00f8r (5 stk)"}]},{"@type":"WebSite","@id":"https:\/\/mekulo.com\/no\/#website","url":"https:\/\/mekulo.com\/no\/","name":"Mekulo NO","description":"","publisher":{"@id":"https:\/\/mekulo.com\/no\/#organization"},"potentialAction":[{"@type":"SearchAction","target":{"@type":"EntryPoint","urlTemplate":"https:\/\/mekulo.com\/no\/?s={search_term_string}"},"query-input":{"@type":"PropertyValueSpecification","valueRequired":true,"valueName":"search_term_string"}}],"inLanguage":"nb-NO"},{"@type":"Organization","@id":"https:\/\/mekulo.com\/no\/#organization","name":"Mekulo","url":"https:\/\/mekulo.com\/no\/","logo":{"@type":"ImageObject","inLanguage":"nb-NO","@id":"https:\/\/mekulo.com\/no\/#\/schema\/logo\/image\/","url":"https:\/\/mekulo.com\/no\/wp-content\/uploads\/sites\/10\/2025\/12\/favicon_mekulo.png","contentUrl":"https:\/\/mekulo.com\/no\/wp-content\/uploads\/sites\/10\/2025\/12\/favicon_mekulo.png","width":50,"height":50,"caption":"Mekulo"},"image":{"@id":"https:\/\/mekulo.com\/no\/#\/schema\/logo\/image\/"}}]}},"_links":{"self":[{"href":"https:\/\/mekulo.com\/no\/wp-json\/wp\/v2\/product\/17182","targetHints":{"allow":["GET"]}}],"collection":[{"href":"https:\/\/mekulo.com\/no\/wp-json\/wp\/v2\/product"}],"about":[{"href":"https:\/\/mekulo.com\/no\/wp-json\/wp\/v2\/types\/product"}],"replies":[{"embeddable":true,"href":"https:\/\/mekulo.com\/no\/wp-json\/wp\/v2\/comments?post=17182"}],"wp:featuredmedia":[{"embeddable":true,"href":"https:\/\/mekulo.com\/no\/wp-json\/wp\/v2\/media\/17178"}],"wp:attachment":[{"href":"https:\/\/mekulo.com\/no\/wp-json\/wp\/v2\/media?parent=17182"}],"wp:term":[{"taxonomy":"product_brand","embeddable":true,"href":"https:\/\/mekulo.com\/no\/wp-json\/wp\/v2\/product_brand?post=17182"},{"taxonomy":"product_cat","embeddable":true,"href":"https:\/\/mekulo.com\/no\/wp-json\/wp\/v2\/product_cat?post=17182"},{"taxonomy":"product_tag","embeddable":true,"href":"https:\/\/mekulo.com\/no\/wp-json\/wp\/v2\/product_tag?post=17182"}],"curies":[{"name":"wp","href":"https:\/\/api.w.org\/{rel}","templated":true}]}}