{"id":17173,"date":"2026-01-13T16:38:26","date_gmt":"2026-01-13T14:38:26","guid":{"rendered":"https:\/\/mekulo.com\/no\/produkt\/transformerende-alfanumerisk-autobot\/"},"modified":"2026-01-22T18:03:42","modified_gmt":"2026-01-22T16:03:42","slug":"transformerende-alfanumerisk-autobot","status":"publish","type":"product","link":"https:\/\/mekulo.com\/no\/produkt\/transformerende-alfanumerisk-autobot\/","title":{"rendered":"Transformerende alfanumerisk autobot"},"content":{"rendered":"<p style=\"text-align: center;\" data-start=\"0\" data-end=\"53\"><strong data-start=\"0\" data-end=\"53\">Gj\u00f8r Tallene Om Til En Morsom, Praktisk L\u00e6ringsrobot. \ud83e\udd16<\/strong><\/p>\n<p data-start=\"55\" data-end=\"303\"><img fetchpriority=\"high\" decoding=\"async\" class=\"size-full wp-image-45664 aligncenter\" src=\"https:\/\/keluvo.com\/template\/wp-content\/uploads\/sites\/5\/2025\/12\/10223-ezgif.com-video-to-webp-converter-4.webp\" alt=\"\" width=\"500\" height=\"625\" \/><\/p>\n<h2 style=\"text-align: center;\" data-start=\"305\" data-end=\"325\"><strong>\ud83d\ude80 Hovedfordeler<\/strong><\/h2>\n<p data-start=\"328\" data-end=\"398\">\ud83e\udd16 Transformerende talldesign &#8211; tallene 0-9 kombineres til en robot.<\/p>\n<p data-start=\"401\" data-end=\"474\">\ud83e\udde0 Pedagogisk lek &#8211; st\u00f8tter kognitiv vekst og probleml\u00f8sning.<\/p>\n<p data-start=\"477\" data-end=\"548\">\u270b Praktisk l\u00e6ring &#8211; oppmuntrer til aktiv tenkning og koordinasjon.<\/p>\n<p data-start=\"551\" data-end=\"619\">\ud83c\udf93 Montessori-inspirert &#8211; l\u00e6ring gjennom lek og utforskning.<\/p>\n<p data-start=\"622\" data-end=\"691\">\ud83d\udd27 Bygg &amp; bygg om &#8211; flere monteringsalternativer \u00f8ker kreativiteten.<\/p>\n<p data-start=\"694\" data-end=\"765\">\ud83d\udee1\ufe0f Sikker og holdbar &#8211; laget av barnesikre materialer av h\u00f8y kvalitet.<\/p>\n<p data-start=\"694\" data-end=\"765\"><img decoding=\"async\" class=\"size-full wp-image-45665 aligncenter\" src=\"https:\/\/keluvo.com\/template\/wp-content\/uploads\/sites\/5\/2025\/12\/10222-ezgif.com-video-to-webp-converter-4.webp\" alt=\"\" width=\"500\" height=\"625\" \/><\/p>\n<h2 style=\"text-align: center;\" data-start=\"767\" data-end=\"785\"><strong>\ud83d\udd79\ufe0f Slik Bruker Du Den<\/strong><\/h2>\n<ol data-start=\"786\" data-end=\"1017\">\n<li data-start=\"786\" data-end=\"824\">\n<p data-start=\"789\" data-end=\"824\">Skille tallbitene (0-9) fra hverandre.<\/p>\n<\/li>\n<li data-start=\"825\" data-end=\"862\">\n<p data-start=\"828\" data-end=\"862\">Utforsk hvordan hver bit henger sammen.<\/p>\n<\/li>\n<li data-start=\"863\" data-end=\"907\">\n<p data-start=\"866\" data-end=\"907\">Sett sammen tallene til en robot.<\/p>\n<\/li>\n<li data-start=\"908\" data-end=\"957\">\n<p data-start=\"911\" data-end=\"957\">Ta den fra hverandre og bygg den opp igjen p\u00e5 ulike m\u00e5ter.<\/p>\n<\/li>\n<li data-start=\"958\" data-end=\"1017\">\n<p data-start=\"961\" data-end=\"1017\">Bruk leken til \u00e5 \u00f8ve p\u00e5 tallgjenkjenning og logikk.<\/p>\n<\/li>\n<\/ol>\n<h2 style=\"text-align: center;\" data-start=\"1019\" data-end=\"1041\"><strong>\ud83d\udccb Produktdetaljer<\/strong><\/h2>\n<ul data-start=\"1042\" data-end=\"1396\">\n<li data-start=\"1094\" data-end=\"1135\">\n<p data-start=\"1096\" data-end=\"1135\">Materiale: holdbar, barnesikker plast<\/p>\n<\/li>\n<li data-start=\"1136\" data-end=\"1182\">\n<p data-start=\"1138\" data-end=\"1182\">Design: tallene 0-9 forvandles til en robot<\/p>\n<\/li>\n<li data-start=\"1183\" data-end=\"1235\">\n<p data-start=\"1185\" data-end=\"1235\">L\u00e6ringsstil: Montessori-basert pedagogisk leket\u00f8y<\/p>\n<\/li>\n<li data-start=\"1236\" data-end=\"1277\">\n<p data-start=\"1238\" data-end=\"1277\">Velegnet for: barn i barneskolen<\/p>\n<\/li>\n<li data-start=\"1278\" data-end=\"1335\">\n<p data-start=\"1280\" data-end=\"1335\">Bruk: l\u00e6re tall, logikk, kreativitet, puslespill<\/p>\n<\/li>\n<\/ul>\n<h2 style=\"text-align: center;\" data-start=\"1398\" data-end=\"1421\"><strong>\ud83d\udce6 Pakken Inneholder<\/strong><\/h2>\n<ul data-start=\"1422\" data-end=\"1481\">\n<li data-start=\"1422\" data-end=\"1481\">\n<p data-start=\"1424\" data-end=\"1481\">1x transformerende alfanumerisk autobot-sett (tall 0-9).<\/p>\n<\/li>\n<\/ul>\n","protected":false},"excerpt":{"rendered":"<p>Denne alfanumeriske autoboten kombinerer lek og l\u00e6ring ved \u00e5 forvandle tallene 0-9 til en robot som kan bygges. Den er designet for \u00e5 vekke nysgjerrighet og kreativitet, og hjelper barn med \u00e5 l\u00e6re tall, probleml\u00f8sning og grunnleggende logikk gjennom interaktiv lek. En smart og morsom m\u00e5te \u00e5 hjelpe barn \u00e5 l\u00e6re tall p\u00e5 mens de bygger, forvandler og fantaserer.<\/p>\n","protected":false},"featured_media":17169,"comment_status":"open","ping_status":"closed","template":"","meta":{"site-sidebar-layout":"default","site-content-layout":"","ast-site-content-layout":"default","site-content-style":"default","site-sidebar-style":"default","ast-global-header-display":"","ast-banner-title-visibility":"","ast-main-header-display":"","ast-hfb-above-header-display":"","ast-hfb-below-header-display":"","ast-hfb-mobile-header-display":"","site-post-title":"","ast-breadcrumbs-content":"","ast-featured-img":"","footer-sml-layout":"","theme-transparent-header-meta":"default","adv-header-id-meta":"","stick-header-meta":"","header-above-stick-meta":"","header-main-stick-meta":"","header-below-stick-meta":"","astra-migrate-meta-layouts":"set","ast-page-background-enabled":"default","ast-page-background-meta":{"desktop":{"background-color":"var(--ast-global-color-5)","background-image":"","background-repeat":"repeat","background-position":"center center","background-size":"auto","background-attachment":"scroll","background-type":"","background-media":"","overlay-type":"","overlay-color":"","overlay-opacity":"","overlay-gradient":""},"tablet":{"background-color":"","background-image":"","background-repeat":"repeat","background-position":"center center","background-size":"auto","background-attachment":"scroll","background-type":"","background-media":"","overlay-type":"","overlay-color":"","overlay-opacity":"","overlay-gradient":""},"mobile":{"background-color":"","background-image":"","background-repeat":"repeat","background-position":"center center","background-size":"auto","background-attachment":"scroll","background-type":"","background-media":"","overlay-type":"","overlay-color":"","overlay-opacity":"","overlay-gradient":""}},"ast-content-background-meta":{"desktop":{"background-color":"var(--ast-global-color-4)","background-image":"","background-repeat":"repeat","background-position":"center center","background-size":"auto","background-attachment":"scroll","background-type":"","background-media":"","overlay-type":"","overlay-color":"","overlay-opacity":"","overlay-gradient":""},"tablet":{"background-color":"var(--ast-global-color-4)","background-image":"","background-repeat":"repeat","background-position":"center center","background-size":"auto","background-attachment":"scroll","background-type":"","background-media":"","overlay-type":"","overlay-color":"","overlay-opacity":"","overlay-gradient":""},"mobile":{"background-color":"var(--ast-global-color-4)","background-image":"","background-repeat":"repeat","background-position":"center center","background-size":"auto","background-attachment":"scroll","background-type":"","background-media":"","overlay-type":"","overlay-color":"","overlay-opacity":"","overlay-gradient":""}}},"product_brand":[],"product_cat":[172],"product_tag":[],"class_list":{"0":"post-17173","1":"product","2":"type-product","3":"status-publish","4":"has-post-thumbnail","6":"product_cat-leker-barne-og-babyprodukter","7":"desktop-align-left","8":"tablet-align-left","9":"mobile-align-left","11":"first","12":"instock","13":"shipping-taxable","14":"purchasable","15":"product-type-simple"},"yoast_head":"<!-- This site is optimized with the Yoast SEO plugin v26.6 - https:\/\/yoast.com\/wordpress\/plugins\/seo\/ -->\n<title>Transformerende alfanumerisk autobot - Mekulo NO<\/title>\n<meta name=\"robots\" content=\"index, follow, max-snippet:-1, max-image-preview:large, max-video-preview:-1\" \/>\n<link rel=\"canonical\" href=\"https:\/\/mekulo.com\/no\/produkt\/transformerende-alfanumerisk-autobot\/\" \/>\n<meta property=\"og:locale\" content=\"nb_NO\" \/>\n<meta property=\"og:type\" content=\"article\" \/>\n<meta property=\"og:title\" content=\"Transformerende alfanumerisk autobot - Mekulo NO\" \/>\n<meta property=\"og:description\" content=\"Denne alfanumeriske autoboten kombinerer lek og l\u00e6ring ved \u00e5 forvandle tallene 0-9 til en robot som kan bygges. Den er designet for \u00e5 vekke nysgjerrighet og kreativitet, og hjelper barn med \u00e5 l\u00e6re tall, probleml\u00f8sning og grunnleggende logikk gjennom interaktiv lek. En smart og morsom m\u00e5te \u00e5 hjelpe barn \u00e5 l\u00e6re tall p\u00e5 mens de bygger, forvandler og fantaserer.\" \/>\n<meta property=\"og:url\" content=\"https:\/\/mekulo.com\/no\/produkt\/transformerende-alfanumerisk-autobot\/\" \/>\n<meta property=\"og:site_name\" content=\"Mekulo NO\" \/>\n<meta property=\"article:modified_time\" content=\"2026-01-22T16:03:42+00:00\" \/>\n<meta property=\"og:image\" content=\"https:\/\/mekulo.com\/no\/wp-content\/uploads\/sites\/10\/2026\/01\/2fp7hlz-1.jpg\" \/>\n\t<meta property=\"og:image:width\" content=\"1064\" \/>\n\t<meta property=\"og:image:height\" content=\"1080\" \/>\n\t<meta property=\"og:image:type\" content=\"image\/jpeg\" \/>\n<meta name=\"twitter:card\" content=\"summary_large_image\" \/>\n<meta name=\"twitter:label1\" content=\"Ansl. lesetid\" \/>\n\t<meta name=\"twitter:data1\" content=\"2 minutter\" \/>\n<script type=\"application\/ld+json\" class=\"yoast-schema-graph\">{\"@context\":\"https:\/\/schema.org\",\"@graph\":[{\"@type\":\"WebPage\",\"@id\":\"https:\/\/mekulo.com\/no\/produkt\/transformerende-alfanumerisk-autobot\/\",\"url\":\"https:\/\/mekulo.com\/no\/produkt\/transformerende-alfanumerisk-autobot\/\",\"name\":\"Transformerende alfanumerisk autobot - Mekulo NO\",\"isPartOf\":{\"@id\":\"https:\/\/mekulo.com\/no\/#website\"},\"primaryImageOfPage\":{\"@id\":\"https:\/\/mekulo.com\/no\/produkt\/transformerende-alfanumerisk-autobot\/#primaryimage\"},\"image\":{\"@id\":\"https:\/\/mekulo.com\/no\/produkt\/transformerende-alfanumerisk-autobot\/#primaryimage\"},\"thumbnailUrl\":\"https:\/\/mekulo.com\/no\/wp-content\/uploads\/sites\/10\/2026\/01\/2fp7hlz-1.jpg\",\"datePublished\":\"2026-01-13T14:38:26+00:00\",\"dateModified\":\"2026-01-22T16:03:42+00:00\",\"breadcrumb\":{\"@id\":\"https:\/\/mekulo.com\/no\/produkt\/transformerende-alfanumerisk-autobot\/#breadcrumb\"},\"inLanguage\":\"nb-NO\",\"potentialAction\":[{\"@type\":\"ReadAction\",\"target\":[\"https:\/\/mekulo.com\/no\/produkt\/transformerende-alfanumerisk-autobot\/\"]}]},{\"@type\":\"ImageObject\",\"inLanguage\":\"nb-NO\",\"@id\":\"https:\/\/mekulo.com\/no\/produkt\/transformerende-alfanumerisk-autobot\/#primaryimage\",\"url\":\"https:\/\/mekulo.com\/no\/wp-content\/uploads\/sites\/10\/2026\/01\/2fp7hlz-1.jpg\",\"contentUrl\":\"https:\/\/mekulo.com\/no\/wp-content\/uploads\/sites\/10\/2026\/01\/2fp7hlz-1.jpg\",\"width\":1064,\"height\":1080},{\"@type\":\"BreadcrumbList\",\"@id\":\"https:\/\/mekulo.com\/no\/produkt\/transformerende-alfanumerisk-autobot\/#breadcrumb\",\"itemListElement\":[{\"@type\":\"ListItem\",\"position\":1,\"name\":\"Home\",\"item\":\"https:\/\/mekulo.com\/no\/\"},{\"@type\":\"ListItem\",\"position\":2,\"name\":\"Butikk\",\"item\":\"https:\/\/mekulo.com\/no\/butikk\/\"},{\"@type\":\"ListItem\",\"position\":3,\"name\":\"Transformerende alfanumerisk autobot\"}]},{\"@type\":\"WebSite\",\"@id\":\"https:\/\/mekulo.com\/no\/#website\",\"url\":\"https:\/\/mekulo.com\/no\/\",\"name\":\"Mekulo NO\",\"description\":\"\",\"publisher\":{\"@id\":\"https:\/\/mekulo.com\/no\/#organization\"},\"potentialAction\":[{\"@type\":\"SearchAction\",\"target\":{\"@type\":\"EntryPoint\",\"urlTemplate\":\"https:\/\/mekulo.com\/no\/?s={search_term_string}\"},\"query-input\":{\"@type\":\"PropertyValueSpecification\",\"valueRequired\":true,\"valueName\":\"search_term_string\"}}],\"inLanguage\":\"nb-NO\"},{\"@type\":\"Organization\",\"@id\":\"https:\/\/mekulo.com\/no\/#organization\",\"name\":\"Mekulo\",\"url\":\"https:\/\/mekulo.com\/no\/\",\"logo\":{\"@type\":\"ImageObject\",\"inLanguage\":\"nb-NO\",\"@id\":\"https:\/\/mekulo.com\/no\/#\/schema\/logo\/image\/\",\"url\":\"https:\/\/mekulo.com\/no\/wp-content\/uploads\/sites\/10\/2025\/12\/favicon_mekulo.png\",\"contentUrl\":\"https:\/\/mekulo.com\/no\/wp-content\/uploads\/sites\/10\/2025\/12\/favicon_mekulo.png\",\"width\":50,\"height\":50,\"caption\":\"Mekulo\"},\"image\":{\"@id\":\"https:\/\/mekulo.com\/no\/#\/schema\/logo\/image\/\"}}]}<\/script>\n<!-- \/ Yoast SEO plugin. -->","yoast_head_json":{"title":"Transformerende alfanumerisk autobot - Mekulo NO","robots":{"index":"index","follow":"follow","max-snippet":"max-snippet:-1","max-image-preview":"max-image-preview:large","max-video-preview":"max-video-preview:-1"},"canonical":"https:\/\/mekulo.com\/no\/produkt\/transformerende-alfanumerisk-autobot\/","og_locale":"nb_NO","og_type":"article","og_title":"Transformerende alfanumerisk autobot - Mekulo NO","og_description":"Denne alfanumeriske autoboten kombinerer lek og l\u00e6ring ved \u00e5 forvandle tallene 0-9 til en robot som kan bygges. Den er designet for \u00e5 vekke nysgjerrighet og kreativitet, og hjelper barn med \u00e5 l\u00e6re tall, probleml\u00f8sning og grunnleggende logikk gjennom interaktiv lek. En smart og morsom m\u00e5te \u00e5 hjelpe barn \u00e5 l\u00e6re tall p\u00e5 mens de bygger, forvandler og fantaserer.","og_url":"https:\/\/mekulo.com\/no\/produkt\/transformerende-alfanumerisk-autobot\/","og_site_name":"Mekulo NO","article_modified_time":"2026-01-22T16:03:42+00:00","og_image":[{"width":1064,"height":1080,"url":"https:\/\/mekulo.com\/no\/wp-content\/uploads\/sites\/10\/2026\/01\/2fp7hlz-1.jpg","type":"image\/jpeg"}],"twitter_card":"summary_large_image","twitter_misc":{"Ansl. lesetid":"2 minutter"},"schema":{"@context":"https:\/\/schema.org","@graph":[{"@type":"WebPage","@id":"https:\/\/mekulo.com\/no\/produkt\/transformerende-alfanumerisk-autobot\/","url":"https:\/\/mekulo.com\/no\/produkt\/transformerende-alfanumerisk-autobot\/","name":"Transformerende alfanumerisk autobot - Mekulo NO","isPartOf":{"@id":"https:\/\/mekulo.com\/no\/#website"},"primaryImageOfPage":{"@id":"https:\/\/mekulo.com\/no\/produkt\/transformerende-alfanumerisk-autobot\/#primaryimage"},"image":{"@id":"https:\/\/mekulo.com\/no\/produkt\/transformerende-alfanumerisk-autobot\/#primaryimage"},"thumbnailUrl":"https:\/\/mekulo.com\/no\/wp-content\/uploads\/sites\/10\/2026\/01\/2fp7hlz-1.jpg","datePublished":"2026-01-13T14:38:26+00:00","dateModified":"2026-01-22T16:03:42+00:00","breadcrumb":{"@id":"https:\/\/mekulo.com\/no\/produkt\/transformerende-alfanumerisk-autobot\/#breadcrumb"},"inLanguage":"nb-NO","potentialAction":[{"@type":"ReadAction","target":["https:\/\/mekulo.com\/no\/produkt\/transformerende-alfanumerisk-autobot\/"]}]},{"@type":"ImageObject","inLanguage":"nb-NO","@id":"https:\/\/mekulo.com\/no\/produkt\/transformerende-alfanumerisk-autobot\/#primaryimage","url":"https:\/\/mekulo.com\/no\/wp-content\/uploads\/sites\/10\/2026\/01\/2fp7hlz-1.jpg","contentUrl":"https:\/\/mekulo.com\/no\/wp-content\/uploads\/sites\/10\/2026\/01\/2fp7hlz-1.jpg","width":1064,"height":1080},{"@type":"BreadcrumbList","@id":"https:\/\/mekulo.com\/no\/produkt\/transformerende-alfanumerisk-autobot\/#breadcrumb","itemListElement":[{"@type":"ListItem","position":1,"name":"Home","item":"https:\/\/mekulo.com\/no\/"},{"@type":"ListItem","position":2,"name":"Butikk","item":"https:\/\/mekulo.com\/no\/butikk\/"},{"@type":"ListItem","position":3,"name":"Transformerende alfanumerisk autobot"}]},{"@type":"WebSite","@id":"https:\/\/mekulo.com\/no\/#website","url":"https:\/\/mekulo.com\/no\/","name":"Mekulo NO","description":"","publisher":{"@id":"https:\/\/mekulo.com\/no\/#organization"},"potentialAction":[{"@type":"SearchAction","target":{"@type":"EntryPoint","urlTemplate":"https:\/\/mekulo.com\/no\/?s={search_term_string}"},"query-input":{"@type":"PropertyValueSpecification","valueRequired":true,"valueName":"search_term_string"}}],"inLanguage":"nb-NO"},{"@type":"Organization","@id":"https:\/\/mekulo.com\/no\/#organization","name":"Mekulo","url":"https:\/\/mekulo.com\/no\/","logo":{"@type":"ImageObject","inLanguage":"nb-NO","@id":"https:\/\/mekulo.com\/no\/#\/schema\/logo\/image\/","url":"https:\/\/mekulo.com\/no\/wp-content\/uploads\/sites\/10\/2025\/12\/favicon_mekulo.png","contentUrl":"https:\/\/mekulo.com\/no\/wp-content\/uploads\/sites\/10\/2025\/12\/favicon_mekulo.png","width":50,"height":50,"caption":"Mekulo"},"image":{"@id":"https:\/\/mekulo.com\/no\/#\/schema\/logo\/image\/"}}]}},"_links":{"self":[{"href":"https:\/\/mekulo.com\/no\/wp-json\/wp\/v2\/product\/17173","targetHints":{"allow":["GET"]}}],"collection":[{"href":"https:\/\/mekulo.com\/no\/wp-json\/wp\/v2\/product"}],"about":[{"href":"https:\/\/mekulo.com\/no\/wp-json\/wp\/v2\/types\/product"}],"replies":[{"embeddable":true,"href":"https:\/\/mekulo.com\/no\/wp-json\/wp\/v2\/comments?post=17173"}],"wp:featuredmedia":[{"embeddable":true,"href":"https:\/\/mekulo.com\/no\/wp-json\/wp\/v2\/media\/17169"}],"wp:attachment":[{"href":"https:\/\/mekulo.com\/no\/wp-json\/wp\/v2\/media?parent=17173"}],"wp:term":[{"taxonomy":"product_brand","embeddable":true,"href":"https:\/\/mekulo.com\/no\/wp-json\/wp\/v2\/product_brand?post=17173"},{"taxonomy":"product_cat","embeddable":true,"href":"https:\/\/mekulo.com\/no\/wp-json\/wp\/v2\/product_cat?post=17173"},{"taxonomy":"product_tag","embeddable":true,"href":"https:\/\/mekulo.com\/no\/wp-json\/wp\/v2\/product_tag?post=17173"}],"curies":[{"name":"wp","href":"https:\/\/api.w.org\/{rel}","templated":true}]}}