{"id":17158,"date":"2026-01-13T16:37:13","date_gmt":"2026-01-13T14:37:13","guid":{"rendered":"https:\/\/mekulo.com\/no\/produkt\/selvlasende-maleband-med-blatt-lys\/"},"modified":"2026-01-13T16:37:22","modified_gmt":"2026-01-13T14:37:22","slug":"selvlasende-maleband-med-blatt-lys","status":"publish","type":"product","link":"https:\/\/mekulo.com\/no\/produkt\/selvlasende-maleband-med-blatt-lys\/","title":{"rendered":"Selvl\u00e5sende m\u00e5leb\u00e5nd med bl\u00e5tt lys"},"content":{"rendered":"<p style=\"text-align: center\" data-start=\"0\" data-end=\"61\"><strong data-start=\"0\" data-end=\"61\">M\u00e5l raskere og mer n\u00f8yaktig med ett enkelt trykk. \ud83d\udccf<\/strong><\/p>\n<p data-start=\"63\" data-end=\"301\"><img fetchpriority=\"high\" decoding=\"async\" class=\"size-full wp-image-45905 aligncenter\" src=\"https:\/\/keluvo.com\/template\/wp-content\/uploads\/sites\/5\/2025\/12\/10229-ezgif.com-video-to-webp-converter-3.webp\" alt=\"\" width=\"500\" height=\"500\" \/><\/p>\n<h2 style=\"text-align: center\" data-start=\"303\" data-end=\"323\"><strong>Hovedfordeler<\/strong><\/h2>\n<p data-start=\"326\" data-end=\"398\">\ud83d\udd12 Selvl\u00e5sende kontroll &#8211; trykk p\u00e5 STOP-knappen for \u00e5 holde lengden.<\/p>\n<p data-start=\"401\" data-end=\"464\">\ud83d\udd35 Bl\u00e5, godt synlig skala &#8211; lett \u00e5 lese i d\u00e5rlig lys.<\/p>\n<p data-start=\"467\" data-end=\"529\">\ud83d\udcaa Bredere og tykkere tape &#8211; holder seg rett uten \u00e5 b\u00f8ye seg.<\/p>\n<p data-start=\"532\" data-end=\"596\">\ud83e\uddf1 Slitesterkt ABS-hus &#8211; st\u00f8tsikkert og langvarig.<\/p>\n<p data-start=\"599\" data-end=\"655\">\ud83d\udee1\ufe0f Rustbeskyttelse &#8211; konstruert for langvarig bruk.<\/p>\n<p data-start=\"599\" data-end=\"655\"><img decoding=\"async\" class=\"size-full wp-image-45904 aligncenter\" src=\"https:\/\/keluvo.com\/template\/wp-content\/uploads\/sites\/5\/2025\/12\/102210-ezgif.com-video-to-webp-converter-4.webp\" alt=\"\" width=\"500\" height=\"500\" \/><\/p>\n<h2 style=\"text-align: center\" data-start=\"657\" data-end=\"674\"><strong>Slik Bruker Du Det<\/strong><\/h2>\n<ol data-start=\"675\" data-end=\"862\">\n<li data-start=\"675\" data-end=\"721\">\n<p data-start=\"678\" data-end=\"721\">Trekk ut b\u00e5ndet til \u00f8nsket lengde.<\/p>\n<\/li>\n<li data-start=\"722\" data-end=\"773\">\n<p data-start=\"725\" data-end=\"773\">trykk p\u00e5 STOPP-knappen for \u00e5 l\u00e5se m\u00e5lingen.<\/p>\n<\/li>\n<li data-start=\"774\" data-end=\"805\">\n<p data-start=\"777\" data-end=\"805\">les av den klare bl\u00e5 skalaen.<\/p>\n<\/li>\n<li data-start=\"806\" data-end=\"862\">\n<p data-start=\"809\" data-end=\"862\">trykk igjen for \u00e5 slippe og trekke b\u00e5ndet trygt tilbake.<\/p>\n<\/li>\n<\/ol>\n<h2 style=\"text-align: center\" data-start=\"864\" data-end=\"886\"><strong>Produktdetaljer<\/strong><\/h2>\n<ul data-start=\"887\" data-end=\"1135\">\n<li data-start=\"887\" data-end=\"931\">\n<p data-start=\"889\" data-end=\"931\">Materiale: ABS-hus, karbonst\u00e5lb\u00e5nd<\/p>\n<\/li>\n<li data-start=\"932\" data-end=\"948\">\n<p data-start=\"934\" data-end=\"948\">Farge: Hvit<\/p>\n<\/li>\n<li data-start=\"949\" data-end=\"979\">\n<p data-start=\"951\" data-end=\"979\">M\u00e5lesystem: Metrisk<\/p>\n<\/li>\n<li data-start=\"980\" data-end=\"1008\">\n<p data-start=\"982\" data-end=\"1008\">N\u00f8yaktighet: 1 mm<\/p>\n<\/li>\n<li data-start=\"1009\" data-end=\"1068\">\n<p data-start=\"1011\" data-end=\"1068\">M\u00e5leomr\u00e5de: 5 m, 7,5 m, 10 m<\/p>\n<\/li>\n<li data-start=\"1069\" data-end=\"1135\">\n<p data-start=\"1071\" data-end=\"1135\">Funksjoner: Selvl\u00e5sende, rustbeskyttet, h\u00f8yfast, rett m\u00e5leb\u00e5nd<\/p>\n<\/li>\n<\/ul>\n<h2 style=\"text-align: center\" data-start=\"1137\" data-end=\"1160\"><strong>Pakken Inneholder<\/strong><\/h2>\n<ul data-start=\"1161\" data-end=\"1210\" data-is-last-node=\"\" data-is-only-node=\"\">\n<li data-start=\"1161\" data-end=\"1210\" data-is-last-node=\"\">\n<p data-start=\"1163\" data-end=\"1210\" data-is-last-node=\"\">1x selvl\u00e5sende m\u00e5leb\u00e5nd med bl\u00e5tt lys.<\/p>\n<\/li>\n<\/ul>\n","protected":false},"excerpt":{"rendered":"<p>Dette selvl\u00e5sende m\u00e5leb\u00e5ndet med bl\u00e5tt lys kombinerer et smart selvl\u00e5sende system med et bredt, forsterket st\u00e5lb\u00e5nd for \u00e5 gi deg stabile, n\u00f8yaktige m\u00e5linger hver gang. Med et enkelt trykk p\u00e5 STOPP-knappen l\u00e5ses m\u00e5leb\u00e5ndet fast p\u00e5 plass, slik at det ikke plutselig kan trekkes tilbake og du har \u00e9n h\u00e5nd fri mens du arbeider. Den lysebl\u00e5 skalaen med h\u00f8y kontrast er lett \u00e5 lese selv i d\u00e5rlig lys, noe som gj\u00f8r m\u00e5leb\u00e5ndet ideelt for hjemmeprosjekter, gj\u00f8r-det-selv-arbeid, byggeplasser og profesjonell bruk i hverdagen.<\/p>\n","protected":false},"featured_media":17154,"comment_status":"open","ping_status":"closed","template":"","meta":{"site-sidebar-layout":"default","site-content-layout":"","ast-site-content-layout":"default","site-content-style":"default","site-sidebar-style":"default","ast-global-header-display":"","ast-banner-title-visibility":"","ast-main-header-display":"","ast-hfb-above-header-display":"","ast-hfb-below-header-display":"","ast-hfb-mobile-header-display":"","site-post-title":"","ast-breadcrumbs-content":"","ast-featured-img":"","footer-sml-layout":"","theme-transparent-header-meta":"default","adv-header-id-meta":"","stick-header-meta":"","header-above-stick-meta":"","header-main-stick-meta":"","header-below-stick-meta":"","astra-migrate-meta-layouts":"set","ast-page-background-enabled":"default","ast-page-background-meta":{"desktop":{"background-color":"var(--ast-global-color-5)","background-image":"","background-repeat":"repeat","background-position":"center center","background-size":"auto","background-attachment":"scroll","background-type":"","background-media":"","overlay-type":"","overlay-color":"","overlay-opacity":"","overlay-gradient":""},"tablet":{"background-color":"","background-image":"","background-repeat":"repeat","background-position":"center center","background-size":"auto","background-attachment":"scroll","background-type":"","background-media":"","overlay-type":"","overlay-color":"","overlay-opacity":"","overlay-gradient":""},"mobile":{"background-color":"","background-image":"","background-repeat":"repeat","background-position":"center center","background-size":"auto","background-attachment":"scroll","background-type":"","background-media":"","overlay-type":"","overlay-color":"","overlay-opacity":"","overlay-gradient":""}},"ast-content-background-meta":{"desktop":{"background-color":"var(--ast-global-color-4)","background-image":"","background-repeat":"repeat","background-position":"center center","background-size":"auto","background-attachment":"scroll","background-type":"","background-media":"","overlay-type":"","overlay-color":"","overlay-opacity":"","overlay-gradient":""},"tablet":{"background-color":"var(--ast-global-color-4)","background-image":"","background-repeat":"repeat","background-position":"center center","background-size":"auto","background-attachment":"scroll","background-type":"","background-media":"","overlay-type":"","overlay-color":"","overlay-opacity":"","overlay-gradient":""},"mobile":{"background-color":"var(--ast-global-color-4)","background-image":"","background-repeat":"repeat","background-position":"center center","background-size":"auto","background-attachment":"scroll","background-type":"","background-media":"","overlay-type":"","overlay-color":"","overlay-opacity":"","overlay-gradient":""}}},"product_brand":[],"product_cat":[168,171],"product_tag":[],"class_list":{"0":"post-17158","1":"product","2":"type-product","3":"status-publish","4":"has-post-thumbnail","6":"product_cat-husholdningsartikler","7":"product_cat-verktoy","8":"pa_60091_ua7oyw0z-10-m","9":"pa_60091_ua7oyw0z-5-m","10":"pa_60091_ua7oyw0z-7-5-m","11":"desktop-align-left","12":"tablet-align-left","13":"mobile-align-left","15":"first","16":"instock","17":"shipping-taxable","18":"purchasable","19":"product-type-variable"},"yoast_head":"<!-- This site is optimized with the Yoast SEO plugin v26.6 - https:\/\/yoast.com\/wordpress\/plugins\/seo\/ -->\n<title>Selvl\u00e5sende m\u00e5leb\u00e5nd med bl\u00e5tt lys - Mekulo NO<\/title>\n<meta name=\"robots\" content=\"index, follow, max-snippet:-1, max-image-preview:large, max-video-preview:-1\" \/>\n<link rel=\"canonical\" href=\"https:\/\/mekulo.com\/no\/produkt\/selvlasende-maleband-med-blatt-lys\/\" \/>\n<meta property=\"og:locale\" content=\"nb_NO\" \/>\n<meta property=\"og:type\" content=\"article\" \/>\n<meta property=\"og:title\" content=\"Selvl\u00e5sende m\u00e5leb\u00e5nd med bl\u00e5tt lys - Mekulo NO\" \/>\n<meta property=\"og:description\" content=\"Dette selvl\u00e5sende m\u00e5leb\u00e5ndet med bl\u00e5tt lys kombinerer et smart selvl\u00e5sende system med et bredt, forsterket st\u00e5lb\u00e5nd for \u00e5 gi deg stabile, n\u00f8yaktige m\u00e5linger hver gang. Med et enkelt trykk p\u00e5 STOPP-knappen l\u00e5ses m\u00e5leb\u00e5ndet fast p\u00e5 plass, slik at det ikke plutselig kan trekkes tilbake og du har \u00e9n h\u00e5nd fri mens du arbeider. Den lysebl\u00e5 skalaen med h\u00f8y kontrast er lett \u00e5 lese selv i d\u00e5rlig lys, noe som gj\u00f8r m\u00e5leb\u00e5ndet ideelt for hjemmeprosjekter, gj\u00f8r-det-selv-arbeid, byggeplasser og profesjonell bruk i hverdagen.\" \/>\n<meta property=\"og:url\" content=\"https:\/\/mekulo.com\/no\/produkt\/selvlasende-maleband-med-blatt-lys\/\" \/>\n<meta property=\"og:site_name\" content=\"Mekulo NO\" \/>\n<meta property=\"article:modified_time\" content=\"2026-01-13T14:37:22+00:00\" \/>\n<meta property=\"og:image\" content=\"https:\/\/mekulo.com\/no\/wp-content\/uploads\/sites\/10\/2026\/01\/ln283d3-1.jpg\" \/>\n\t<meta property=\"og:image:width\" content=\"1080\" \/>\n\t<meta property=\"og:image:height\" content=\"1080\" \/>\n\t<meta property=\"og:image:type\" content=\"image\/jpeg\" \/>\n<meta name=\"twitter:card\" content=\"summary_large_image\" \/>\n<meta name=\"twitter:label1\" content=\"Ansl. lesetid\" \/>\n\t<meta name=\"twitter:data1\" content=\"2 minutter\" \/>\n<script type=\"application\/ld+json\" class=\"yoast-schema-graph\">{\"@context\":\"https:\/\/schema.org\",\"@graph\":[{\"@type\":\"WebPage\",\"@id\":\"https:\/\/mekulo.com\/no\/produkt\/selvlasende-maleband-med-blatt-lys\/\",\"url\":\"https:\/\/mekulo.com\/no\/produkt\/selvlasende-maleband-med-blatt-lys\/\",\"name\":\"Selvl\u00e5sende m\u00e5leb\u00e5nd med bl\u00e5tt lys - Mekulo NO\",\"isPartOf\":{\"@id\":\"https:\/\/mekulo.com\/no\/#website\"},\"primaryImageOfPage\":{\"@id\":\"https:\/\/mekulo.com\/no\/produkt\/selvlasende-maleband-med-blatt-lys\/#primaryimage\"},\"image\":{\"@id\":\"https:\/\/mekulo.com\/no\/produkt\/selvlasende-maleband-med-blatt-lys\/#primaryimage\"},\"thumbnailUrl\":\"https:\/\/mekulo.com\/no\/wp-content\/uploads\/sites\/10\/2026\/01\/ln283d3-1.jpg\",\"datePublished\":\"2026-01-13T14:37:13+00:00\",\"dateModified\":\"2026-01-13T14:37:22+00:00\",\"breadcrumb\":{\"@id\":\"https:\/\/mekulo.com\/no\/produkt\/selvlasende-maleband-med-blatt-lys\/#breadcrumb\"},\"inLanguage\":\"nb-NO\",\"potentialAction\":[{\"@type\":\"ReadAction\",\"target\":[\"https:\/\/mekulo.com\/no\/produkt\/selvlasende-maleband-med-blatt-lys\/\"]}]},{\"@type\":\"ImageObject\",\"inLanguage\":\"nb-NO\",\"@id\":\"https:\/\/mekulo.com\/no\/produkt\/selvlasende-maleband-med-blatt-lys\/#primaryimage\",\"url\":\"https:\/\/mekulo.com\/no\/wp-content\/uploads\/sites\/10\/2026\/01\/ln283d3-1.jpg\",\"contentUrl\":\"https:\/\/mekulo.com\/no\/wp-content\/uploads\/sites\/10\/2026\/01\/ln283d3-1.jpg\",\"width\":1080,\"height\":1080},{\"@type\":\"BreadcrumbList\",\"@id\":\"https:\/\/mekulo.com\/no\/produkt\/selvlasende-maleband-med-blatt-lys\/#breadcrumb\",\"itemListElement\":[{\"@type\":\"ListItem\",\"position\":1,\"name\":\"Home\",\"item\":\"https:\/\/mekulo.com\/no\/\"},{\"@type\":\"ListItem\",\"position\":2,\"name\":\"Butikk\",\"item\":\"https:\/\/mekulo.com\/no\/butikk\/\"},{\"@type\":\"ListItem\",\"position\":3,\"name\":\"Selvl\u00e5sende m\u00e5leb\u00e5nd med bl\u00e5tt lys\"}]},{\"@type\":\"WebSite\",\"@id\":\"https:\/\/mekulo.com\/no\/#website\",\"url\":\"https:\/\/mekulo.com\/no\/\",\"name\":\"Mekulo NO\",\"description\":\"\",\"publisher\":{\"@id\":\"https:\/\/mekulo.com\/no\/#organization\"},\"potentialAction\":[{\"@type\":\"SearchAction\",\"target\":{\"@type\":\"EntryPoint\",\"urlTemplate\":\"https:\/\/mekulo.com\/no\/?s={search_term_string}\"},\"query-input\":{\"@type\":\"PropertyValueSpecification\",\"valueRequired\":true,\"valueName\":\"search_term_string\"}}],\"inLanguage\":\"nb-NO\"},{\"@type\":\"Organization\",\"@id\":\"https:\/\/mekulo.com\/no\/#organization\",\"name\":\"Mekulo\",\"url\":\"https:\/\/mekulo.com\/no\/\",\"logo\":{\"@type\":\"ImageObject\",\"inLanguage\":\"nb-NO\",\"@id\":\"https:\/\/mekulo.com\/no\/#\/schema\/logo\/image\/\",\"url\":\"https:\/\/mekulo.com\/no\/wp-content\/uploads\/sites\/10\/2025\/12\/favicon_mekulo.png\",\"contentUrl\":\"https:\/\/mekulo.com\/no\/wp-content\/uploads\/sites\/10\/2025\/12\/favicon_mekulo.png\",\"width\":50,\"height\":50,\"caption\":\"Mekulo\"},\"image\":{\"@id\":\"https:\/\/mekulo.com\/no\/#\/schema\/logo\/image\/\"}}]}<\/script>\n<!-- \/ Yoast SEO plugin. -->","yoast_head_json":{"title":"Selvl\u00e5sende m\u00e5leb\u00e5nd med bl\u00e5tt lys - Mekulo NO","robots":{"index":"index","follow":"follow","max-snippet":"max-snippet:-1","max-image-preview":"max-image-preview:large","max-video-preview":"max-video-preview:-1"},"canonical":"https:\/\/mekulo.com\/no\/produkt\/selvlasende-maleband-med-blatt-lys\/","og_locale":"nb_NO","og_type":"article","og_title":"Selvl\u00e5sende m\u00e5leb\u00e5nd med bl\u00e5tt lys - Mekulo NO","og_description":"Dette selvl\u00e5sende m\u00e5leb\u00e5ndet med bl\u00e5tt lys kombinerer et smart selvl\u00e5sende system med et bredt, forsterket st\u00e5lb\u00e5nd for \u00e5 gi deg stabile, n\u00f8yaktige m\u00e5linger hver gang. Med et enkelt trykk p\u00e5 STOPP-knappen l\u00e5ses m\u00e5leb\u00e5ndet fast p\u00e5 plass, slik at det ikke plutselig kan trekkes tilbake og du har \u00e9n h\u00e5nd fri mens du arbeider. Den lysebl\u00e5 skalaen med h\u00f8y kontrast er lett \u00e5 lese selv i d\u00e5rlig lys, noe som gj\u00f8r m\u00e5leb\u00e5ndet ideelt for hjemmeprosjekter, gj\u00f8r-det-selv-arbeid, byggeplasser og profesjonell bruk i hverdagen.","og_url":"https:\/\/mekulo.com\/no\/produkt\/selvlasende-maleband-med-blatt-lys\/","og_site_name":"Mekulo NO","article_modified_time":"2026-01-13T14:37:22+00:00","og_image":[{"width":1080,"height":1080,"url":"https:\/\/mekulo.com\/no\/wp-content\/uploads\/sites\/10\/2026\/01\/ln283d3-1.jpg","type":"image\/jpeg"}],"twitter_card":"summary_large_image","twitter_misc":{"Ansl. lesetid":"2 minutter"},"schema":{"@context":"https:\/\/schema.org","@graph":[{"@type":"WebPage","@id":"https:\/\/mekulo.com\/no\/produkt\/selvlasende-maleband-med-blatt-lys\/","url":"https:\/\/mekulo.com\/no\/produkt\/selvlasende-maleband-med-blatt-lys\/","name":"Selvl\u00e5sende m\u00e5leb\u00e5nd med bl\u00e5tt lys - Mekulo NO","isPartOf":{"@id":"https:\/\/mekulo.com\/no\/#website"},"primaryImageOfPage":{"@id":"https:\/\/mekulo.com\/no\/produkt\/selvlasende-maleband-med-blatt-lys\/#primaryimage"},"image":{"@id":"https:\/\/mekulo.com\/no\/produkt\/selvlasende-maleband-med-blatt-lys\/#primaryimage"},"thumbnailUrl":"https:\/\/mekulo.com\/no\/wp-content\/uploads\/sites\/10\/2026\/01\/ln283d3-1.jpg","datePublished":"2026-01-13T14:37:13+00:00","dateModified":"2026-01-13T14:37:22+00:00","breadcrumb":{"@id":"https:\/\/mekulo.com\/no\/produkt\/selvlasende-maleband-med-blatt-lys\/#breadcrumb"},"inLanguage":"nb-NO","potentialAction":[{"@type":"ReadAction","target":["https:\/\/mekulo.com\/no\/produkt\/selvlasende-maleband-med-blatt-lys\/"]}]},{"@type":"ImageObject","inLanguage":"nb-NO","@id":"https:\/\/mekulo.com\/no\/produkt\/selvlasende-maleband-med-blatt-lys\/#primaryimage","url":"https:\/\/mekulo.com\/no\/wp-content\/uploads\/sites\/10\/2026\/01\/ln283d3-1.jpg","contentUrl":"https:\/\/mekulo.com\/no\/wp-content\/uploads\/sites\/10\/2026\/01\/ln283d3-1.jpg","width":1080,"height":1080},{"@type":"BreadcrumbList","@id":"https:\/\/mekulo.com\/no\/produkt\/selvlasende-maleband-med-blatt-lys\/#breadcrumb","itemListElement":[{"@type":"ListItem","position":1,"name":"Home","item":"https:\/\/mekulo.com\/no\/"},{"@type":"ListItem","position":2,"name":"Butikk","item":"https:\/\/mekulo.com\/no\/butikk\/"},{"@type":"ListItem","position":3,"name":"Selvl\u00e5sende m\u00e5leb\u00e5nd med bl\u00e5tt lys"}]},{"@type":"WebSite","@id":"https:\/\/mekulo.com\/no\/#website","url":"https:\/\/mekulo.com\/no\/","name":"Mekulo NO","description":"","publisher":{"@id":"https:\/\/mekulo.com\/no\/#organization"},"potentialAction":[{"@type":"SearchAction","target":{"@type":"EntryPoint","urlTemplate":"https:\/\/mekulo.com\/no\/?s={search_term_string}"},"query-input":{"@type":"PropertyValueSpecification","valueRequired":true,"valueName":"search_term_string"}}],"inLanguage":"nb-NO"},{"@type":"Organization","@id":"https:\/\/mekulo.com\/no\/#organization","name":"Mekulo","url":"https:\/\/mekulo.com\/no\/","logo":{"@type":"ImageObject","inLanguage":"nb-NO","@id":"https:\/\/mekulo.com\/no\/#\/schema\/logo\/image\/","url":"https:\/\/mekulo.com\/no\/wp-content\/uploads\/sites\/10\/2025\/12\/favicon_mekulo.png","contentUrl":"https:\/\/mekulo.com\/no\/wp-content\/uploads\/sites\/10\/2025\/12\/favicon_mekulo.png","width":50,"height":50,"caption":"Mekulo"},"image":{"@id":"https:\/\/mekulo.com\/no\/#\/schema\/logo\/image\/"}}]}},"_links":{"self":[{"href":"https:\/\/mekulo.com\/no\/wp-json\/wp\/v2\/product\/17158","targetHints":{"allow":["GET"]}}],"collection":[{"href":"https:\/\/mekulo.com\/no\/wp-json\/wp\/v2\/product"}],"about":[{"href":"https:\/\/mekulo.com\/no\/wp-json\/wp\/v2\/types\/product"}],"replies":[{"embeddable":true,"href":"https:\/\/mekulo.com\/no\/wp-json\/wp\/v2\/comments?post=17158"}],"wp:featuredmedia":[{"embeddable":true,"href":"https:\/\/mekulo.com\/no\/wp-json\/wp\/v2\/media\/17154"}],"wp:attachment":[{"href":"https:\/\/mekulo.com\/no\/wp-json\/wp\/v2\/media?parent=17158"}],"wp:term":[{"taxonomy":"product_brand","embeddable":true,"href":"https:\/\/mekulo.com\/no\/wp-json\/wp\/v2\/product_brand?post=17158"},{"taxonomy":"product_cat","embeddable":true,"href":"https:\/\/mekulo.com\/no\/wp-json\/wp\/v2\/product_cat?post=17158"},{"taxonomy":"product_tag","embeddable":true,"href":"https:\/\/mekulo.com\/no\/wp-json\/wp\/v2\/product_tag?post=17158"}],"curies":[{"name":"wp","href":"https:\/\/api.w.org\/{rel}","templated":true}]}}