{"id":17141,"date":"2026-01-13T16:35:45","date_gmt":"2026-01-13T14:35:45","guid":{"rendered":"https:\/\/mekulo.com\/no\/produkt\/spiralformet-multioppheng\/"},"modified":"2026-01-13T16:35:58","modified_gmt":"2026-01-13T14:35:58","slug":"spiralformet-multioppheng","status":"publish","type":"product","link":"https:\/\/mekulo.com\/no\/produkt\/spiralformet-multioppheng\/","title":{"rendered":"Spiralformet multioppheng"},"content":{"rendered":"<p style=\"text-align: center\" data-start=\"0\" data-end=\"59\"><strong data-start=\"0\" data-end=\"59\">T\u00f8rk flere kl\u00e6r og dyner p\u00e5 en gang samtidig som du sparer plass.<\/strong><span style=\"font-size: 16px;font-style: normal;font-weight: 400\">\ud83e\uddfa\u00a0<\/span><\/p>\n<p data-start=\"61\" data-end=\"286\"><img fetchpriority=\"high\" decoding=\"async\" class=\"size-full wp-image-46259 aligncenter\" src=\"https:\/\/keluvo.com\/template\/wp-content\/uploads\/sites\/5\/2025\/12\/102211-ezgif.com-video-to-webp-converter-4.webp\" alt=\"\" width=\"500\" height=\"889\" \/><\/p>\n<h2 style=\"text-align: center\" data-start=\"562\" data-end=\"582\"><strong>Hovedfordeler<\/strong><\/h2>\n<p data-start=\"585\" data-end=\"653\">\ud83c\udf00 Spiral plassbesparende design &#8211; T\u00f8rker flere ting p\u00e5 mindre plass.<\/p>\n<p data-start=\"656\" data-end=\"719\">\ud83d\udcaa Sterk lastekapasitet &#8211; Holder dyner og tunge kl\u00e6r.<\/p>\n<p data-start=\"722\" data-end=\"780\">\ud83d\udeab Sklisikre stenger &#8211; Hindrer at kl\u00e6rne glir av.<\/p>\n<p data-start=\"783\" data-end=\"838\">\ud83d\udd04 360\u00b0 svingbar st\u00f8tte &#8211; Stabil og enkel \u00e5 oppbevare.<\/p>\n<p data-start=\"841\" data-end=\"909\">\ud83c\udf27\ufe0f Rustbestandig st\u00e5l &#8211; Egnet for innend\u00f8rs og utend\u00f8rs bruk.<\/p>\n<p data-start=\"912\" data-end=\"978\">\ud83e\udde5 T\u00f8rking av flere plagg &#8211; T\u00f8rk flere kl\u00e6r eller dyner samtidig.<\/p>\n<p data-start=\"912\" data-end=\"978\"><img decoding=\"async\" class=\"size-full wp-image-46260 aligncenter\" src=\"https:\/\/keluvo.com\/template\/wp-content\/uploads\/sites\/5\/2025\/12\/102210-ezgif.com-video-to-webp-converter-5.webp\" alt=\"\" width=\"500\" height=\"889\" \/><\/p>\n<h2 style=\"text-align: center\" data-start=\"980\" data-end=\"997\"><strong>Slik Bruker Du Den<\/strong><\/h2>\n<ol data-start=\"998\" data-end=\"1226\">\n<li data-start=\"998\" data-end=\"1057\">\n<p data-start=\"1001\" data-end=\"1057\">Heng spiralb\u00f8ylen p\u00e5 en krok, stang eller t\u00f8rkesnor.<\/p>\n<\/li>\n<li data-start=\"1058\" data-end=\"1116\">\n<p data-start=\"1061\" data-end=\"1116\">Legg kl\u00e6r eller dyner jevnt langs spiralstengene.<\/p>\n<\/li>\n<li data-start=\"1117\" data-end=\"1174\">\n<p data-start=\"1120\" data-end=\"1174\">Juster avstanden for bedre luftstr\u00f8m og raskere t\u00f8rking.<\/p>\n<\/li>\n<li data-start=\"1175\" data-end=\"1226\">\n<p data-start=\"1178\" data-end=\"1226\">Etter bruk kan du brette eller oppbevare den enkelt for \u00e5 spare plass.<\/p>\n<\/li>\n<\/ol>\n<h2 style=\"text-align: center\" data-start=\"1228\" data-end=\"1250\"><strong>Produktdetaljer<\/strong><\/h2>\n<ul data-start=\"1251\" data-end=\"1446\">\n<li data-start=\"1289\" data-end=\"1318\">\n<p data-start=\"1291\" data-end=\"1318\">Materiale: Rustfritt st\u00e5l<\/p>\n<\/li>\n<li data-start=\"1319\" data-end=\"1345\">\n<p data-start=\"1321\" data-end=\"1345\">St\u00f8rrelse: 40 cm<\/p>\n<\/li>\n<li data-start=\"1366\" data-end=\"1411\">\n<p data-start=\"1368\" data-end=\"1411\">Design: Spiral med utvidede sklisikre stenger<\/p>\n<\/li>\n<li data-start=\"1412\" data-end=\"1446\">\n<p data-start=\"1414\" data-end=\"1446\">Bruk: Innend\u00f8rs og utend\u00f8rs t\u00f8rking<\/p>\n<\/li>\n<\/ul>\n<h2 style=\"text-align: center\" data-start=\"1448\" data-end=\"1471\"><strong>Pakken Inneholder<\/strong><\/h2>\n<ul data-start=\"1472\" data-end=\"1540\" data-is-last-node=\"\" data-is-only-node=\"\">\n<li data-start=\"1472\" data-end=\"1540\" data-is-last-node=\"\">\n<p data-start=\"1474\" data-end=\"1540\" data-is-last-node=\"\">1, 3x spiralformet multihenger.<\/p>\n<\/li>\n<\/ul>\n","protected":false},"excerpt":{"rendered":"<p>Denne spiralformede multib\u00f8ylen er en smart t\u00f8rkel\u00f8sning som lar deg henge opp flere ting p\u00e5 \u00e9n kompakt henger. Spiraldesignet \u00f8ker t\u00f8rkeplassen samtidig som kl\u00e6r og dyner holdes sikkert og godt fordelt for raskere luftgjennomstr\u00f8mning. Denne hengeren er laget av sterkt rustfritt st\u00e5l, og t\u00e5ler store dyner og flere plagg uten \u00e5 b\u00f8ye seg. De sklisikre stengene og den stabile, svingbare st\u00f8tten holder plaggene p\u00e5 plass, noe som gj\u00f8r den perfekt for t\u00f8rking b\u00e5de innend\u00f8rs og utend\u00f8rs.<\/p>\n","protected":false},"featured_media":17137,"comment_status":"open","ping_status":"closed","template":"","meta":{"site-sidebar-layout":"default","site-content-layout":"","ast-site-content-layout":"default","site-content-style":"default","site-sidebar-style":"default","ast-global-header-display":"","ast-banner-title-visibility":"","ast-main-header-display":"","ast-hfb-above-header-display":"","ast-hfb-below-header-display":"","ast-hfb-mobile-header-display":"","site-post-title":"","ast-breadcrumbs-content":"","ast-featured-img":"","footer-sml-layout":"","ast-disable-related-posts":"","theme-transparent-header-meta":"default","adv-header-id-meta":"","stick-header-meta":"","header-above-stick-meta":"","header-main-stick-meta":"","header-below-stick-meta":"","astra-migrate-meta-layouts":"set","ast-page-background-enabled":"default","ast-page-background-meta":{"desktop":{"background-color":"var(--ast-global-color-5)","background-image":"","background-repeat":"repeat","background-position":"center center","background-size":"auto","background-attachment":"scroll","background-type":"","background-media":"","overlay-type":"","overlay-color":"","overlay-opacity":"","overlay-gradient":""},"tablet":{"background-color":"","background-image":"","background-repeat":"repeat","background-position":"center center","background-size":"auto","background-attachment":"scroll","background-type":"","background-media":"","overlay-type":"","overlay-color":"","overlay-opacity":"","overlay-gradient":""},"mobile":{"background-color":"","background-image":"","background-repeat":"repeat","background-position":"center center","background-size":"auto","background-attachment":"scroll","background-type":"","background-media":"","overlay-type":"","overlay-color":"","overlay-opacity":"","overlay-gradient":""}},"ast-content-background-meta":{"desktop":{"background-color":"var(--ast-global-color-4)","background-image":"","background-repeat":"repeat","background-position":"center center","background-size":"auto","background-attachment":"scroll","background-type":"","background-media":"","overlay-type":"","overlay-color":"","overlay-opacity":"","overlay-gradient":""},"tablet":{"background-color":"var(--ast-global-color-4)","background-image":"","background-repeat":"repeat","background-position":"center center","background-size":"auto","background-attachment":"scroll","background-type":"","background-media":"","overlay-type":"","overlay-color":"","overlay-opacity":"","overlay-gradient":""},"mobile":{"background-color":"var(--ast-global-color-4)","background-image":"","background-repeat":"repeat","background-position":"center center","background-size":"auto","background-attachment":"scroll","background-type":"","background-media":"","overlay-type":"","overlay-color":"","overlay-opacity":"","overlay-gradient":""}}},"product_brand":[],"product_cat":[168],"product_tag":[],"class_list":{"0":"post-17141","1":"product","2":"type-product","3":"status-publish","4":"has-post-thumbnail","6":"product_cat-husholdningsartikler","7":"pa_61810_acnd9ndc-hvit","8":"pa_61810_acnd9ndc-solv","9":"pa_61810_oaolfue1-1-stk","10":"pa_61810_oaolfue1-3-stk","11":"desktop-align-left","12":"tablet-align-left","13":"mobile-align-left","15":"first","16":"instock","17":"shipping-taxable","18":"purchasable","19":"product-type-variable","20":"has-default-attributes"},"yoast_head":"<!-- This site is optimized with the Yoast SEO plugin v27.4 - https:\/\/yoast.com\/product\/yoast-seo-wordpress\/ -->\n<title>Spiralformet multioppheng - Mekulo NO<\/title>\n<meta name=\"robots\" content=\"index, follow, max-snippet:-1, max-image-preview:large, max-video-preview:-1\" \/>\n<link rel=\"canonical\" href=\"https:\/\/mekulo.com\/no\/produkt\/spiralformet-multioppheng\/\" \/>\n<meta property=\"og:locale\" content=\"nb_NO\" \/>\n<meta property=\"og:type\" content=\"article\" \/>\n<meta property=\"og:title\" content=\"Spiralformet multioppheng - Mekulo NO\" \/>\n<meta property=\"og:description\" content=\"Denne spiralformede multib\u00f8ylen er en smart t\u00f8rkel\u00f8sning som lar deg henge opp flere ting p\u00e5 \u00e9n kompakt henger. Spiraldesignet \u00f8ker t\u00f8rkeplassen samtidig som kl\u00e6r og dyner holdes sikkert og godt fordelt for raskere luftgjennomstr\u00f8mning. Denne hengeren er laget av sterkt rustfritt st\u00e5l, og t\u00e5ler store dyner og flere plagg uten \u00e5 b\u00f8ye seg. De sklisikre stengene og den stabile, svingbare st\u00f8tten holder plaggene p\u00e5 plass, noe som gj\u00f8r den perfekt for t\u00f8rking b\u00e5de innend\u00f8rs og utend\u00f8rs.\" \/>\n<meta property=\"og:url\" content=\"https:\/\/mekulo.com\/no\/produkt\/spiralformet-multioppheng\/\" \/>\n<meta property=\"og:site_name\" content=\"Mekulo NO\" \/>\n<meta property=\"article:modified_time\" content=\"2026-01-13T14:35:58+00:00\" \/>\n<meta property=\"og:image\" content=\"https:\/\/mekulo.com\/no\/wp-content\/uploads\/sites\/10\/2026\/01\/fx6mtkr-1.jpeg\" \/>\n\t<meta property=\"og:image:width\" content=\"1001\" \/>\n\t<meta property=\"og:image:height\" content=\"1001\" \/>\n\t<meta property=\"og:image:type\" content=\"image\/jpeg\" \/>\n<meta name=\"twitter:card\" content=\"summary_large_image\" \/>\n<meta name=\"twitter:label1\" content=\"Ansl. lesetid\" \/>\n\t<meta name=\"twitter:data1\" content=\"2 minutter\" \/>\n<script type=\"application\/ld+json\" class=\"yoast-schema-graph\">{\"@context\":\"https:\\\/\\\/schema.org\",\"@graph\":[{\"@type\":\"WebPage\",\"@id\":\"https:\\\/\\\/mekulo.com\\\/no\\\/produkt\\\/spiralformet-multioppheng\\\/\",\"url\":\"https:\\\/\\\/mekulo.com\\\/no\\\/produkt\\\/spiralformet-multioppheng\\\/\",\"name\":\"Spiralformet multioppheng - Mekulo NO\",\"isPartOf\":{\"@id\":\"https:\\\/\\\/mekulo.com\\\/no\\\/#website\"},\"primaryImageOfPage\":{\"@id\":\"https:\\\/\\\/mekulo.com\\\/no\\\/produkt\\\/spiralformet-multioppheng\\\/#primaryimage\"},\"image\":{\"@id\":\"https:\\\/\\\/mekulo.com\\\/no\\\/produkt\\\/spiralformet-multioppheng\\\/#primaryimage\"},\"thumbnailUrl\":\"https:\\\/\\\/mekulo.com\\\/no\\\/wp-content\\\/uploads\\\/sites\\\/10\\\/2026\\\/01\\\/fx6mtkr-1.jpeg\",\"datePublished\":\"2026-01-13T14:35:45+00:00\",\"dateModified\":\"2026-01-13T14:35:58+00:00\",\"breadcrumb\":{\"@id\":\"https:\\\/\\\/mekulo.com\\\/no\\\/produkt\\\/spiralformet-multioppheng\\\/#breadcrumb\"},\"inLanguage\":\"nb-NO\",\"potentialAction\":[{\"@type\":\"ReadAction\",\"target\":[\"https:\\\/\\\/mekulo.com\\\/no\\\/produkt\\\/spiralformet-multioppheng\\\/\"]}]},{\"@type\":\"ImageObject\",\"inLanguage\":\"nb-NO\",\"@id\":\"https:\\\/\\\/mekulo.com\\\/no\\\/produkt\\\/spiralformet-multioppheng\\\/#primaryimage\",\"url\":\"https:\\\/\\\/mekulo.com\\\/no\\\/wp-content\\\/uploads\\\/sites\\\/10\\\/2026\\\/01\\\/fx6mtkr-1.jpeg\",\"contentUrl\":\"https:\\\/\\\/mekulo.com\\\/no\\\/wp-content\\\/uploads\\\/sites\\\/10\\\/2026\\\/01\\\/fx6mtkr-1.jpeg\",\"width\":1001,\"height\":1001},{\"@type\":\"BreadcrumbList\",\"@id\":\"https:\\\/\\\/mekulo.com\\\/no\\\/produkt\\\/spiralformet-multioppheng\\\/#breadcrumb\",\"itemListElement\":[{\"@type\":\"ListItem\",\"position\":1,\"name\":\"Home\",\"item\":\"https:\\\/\\\/mekulo.com\\\/no\\\/\"},{\"@type\":\"ListItem\",\"position\":2,\"name\":\"Butikk\",\"item\":\"https:\\\/\\\/mekulo.com\\\/no\\\/butikk\\\/\"},{\"@type\":\"ListItem\",\"position\":3,\"name\":\"Spiralformet multioppheng\"}]},{\"@type\":\"WebSite\",\"@id\":\"https:\\\/\\\/mekulo.com\\\/no\\\/#website\",\"url\":\"https:\\\/\\\/mekulo.com\\\/no\\\/\",\"name\":\"Mekulo NO\",\"description\":\"\",\"publisher\":{\"@id\":\"https:\\\/\\\/mekulo.com\\\/no\\\/#organization\"},\"potentialAction\":[{\"@type\":\"SearchAction\",\"target\":{\"@type\":\"EntryPoint\",\"urlTemplate\":\"https:\\\/\\\/mekulo.com\\\/no\\\/?s={search_term_string}\"},\"query-input\":{\"@type\":\"PropertyValueSpecification\",\"valueRequired\":true,\"valueName\":\"search_term_string\"}}],\"inLanguage\":\"nb-NO\"},{\"@type\":\"Organization\",\"@id\":\"https:\\\/\\\/mekulo.com\\\/no\\\/#organization\",\"name\":\"Mekulo\",\"url\":\"https:\\\/\\\/mekulo.com\\\/no\\\/\",\"logo\":{\"@type\":\"ImageObject\",\"inLanguage\":\"nb-NO\",\"@id\":\"https:\\\/\\\/mekulo.com\\\/no\\\/#\\\/schema\\\/logo\\\/image\\\/\",\"url\":\"https:\\\/\\\/mekulo.com\\\/no\\\/wp-content\\\/uploads\\\/sites\\\/10\\\/2025\\\/12\\\/favicon_mekulo.png\",\"contentUrl\":\"https:\\\/\\\/mekulo.com\\\/no\\\/wp-content\\\/uploads\\\/sites\\\/10\\\/2025\\\/12\\\/favicon_mekulo.png\",\"width\":50,\"height\":50,\"caption\":\"Mekulo\"},\"image\":{\"@id\":\"https:\\\/\\\/mekulo.com\\\/no\\\/#\\\/schema\\\/logo\\\/image\\\/\"}}]}<\/script>\n<!-- \/ Yoast SEO plugin. -->","yoast_head_json":{"title":"Spiralformet multioppheng - Mekulo NO","robots":{"index":"index","follow":"follow","max-snippet":"max-snippet:-1","max-image-preview":"max-image-preview:large","max-video-preview":"max-video-preview:-1"},"canonical":"https:\/\/mekulo.com\/no\/produkt\/spiralformet-multioppheng\/","og_locale":"nb_NO","og_type":"article","og_title":"Spiralformet multioppheng - Mekulo NO","og_description":"Denne spiralformede multib\u00f8ylen er en smart t\u00f8rkel\u00f8sning som lar deg henge opp flere ting p\u00e5 \u00e9n kompakt henger. Spiraldesignet \u00f8ker t\u00f8rkeplassen samtidig som kl\u00e6r og dyner holdes sikkert og godt fordelt for raskere luftgjennomstr\u00f8mning. Denne hengeren er laget av sterkt rustfritt st\u00e5l, og t\u00e5ler store dyner og flere plagg uten \u00e5 b\u00f8ye seg. De sklisikre stengene og den stabile, svingbare st\u00f8tten holder plaggene p\u00e5 plass, noe som gj\u00f8r den perfekt for t\u00f8rking b\u00e5de innend\u00f8rs og utend\u00f8rs.","og_url":"https:\/\/mekulo.com\/no\/produkt\/spiralformet-multioppheng\/","og_site_name":"Mekulo NO","article_modified_time":"2026-01-13T14:35:58+00:00","og_image":[{"width":1001,"height":1001,"url":"https:\/\/mekulo.com\/no\/wp-content\/uploads\/sites\/10\/2026\/01\/fx6mtkr-1.jpeg","type":"image\/jpeg"}],"twitter_card":"summary_large_image","twitter_misc":{"Ansl. lesetid":"2 minutter"},"schema":{"@context":"https:\/\/schema.org","@graph":[{"@type":"WebPage","@id":"https:\/\/mekulo.com\/no\/produkt\/spiralformet-multioppheng\/","url":"https:\/\/mekulo.com\/no\/produkt\/spiralformet-multioppheng\/","name":"Spiralformet multioppheng - Mekulo NO","isPartOf":{"@id":"https:\/\/mekulo.com\/no\/#website"},"primaryImageOfPage":{"@id":"https:\/\/mekulo.com\/no\/produkt\/spiralformet-multioppheng\/#primaryimage"},"image":{"@id":"https:\/\/mekulo.com\/no\/produkt\/spiralformet-multioppheng\/#primaryimage"},"thumbnailUrl":"https:\/\/mekulo.com\/no\/wp-content\/uploads\/sites\/10\/2026\/01\/fx6mtkr-1.jpeg","datePublished":"2026-01-13T14:35:45+00:00","dateModified":"2026-01-13T14:35:58+00:00","breadcrumb":{"@id":"https:\/\/mekulo.com\/no\/produkt\/spiralformet-multioppheng\/#breadcrumb"},"inLanguage":"nb-NO","potentialAction":[{"@type":"ReadAction","target":["https:\/\/mekulo.com\/no\/produkt\/spiralformet-multioppheng\/"]}]},{"@type":"ImageObject","inLanguage":"nb-NO","@id":"https:\/\/mekulo.com\/no\/produkt\/spiralformet-multioppheng\/#primaryimage","url":"https:\/\/mekulo.com\/no\/wp-content\/uploads\/sites\/10\/2026\/01\/fx6mtkr-1.jpeg","contentUrl":"https:\/\/mekulo.com\/no\/wp-content\/uploads\/sites\/10\/2026\/01\/fx6mtkr-1.jpeg","width":1001,"height":1001},{"@type":"BreadcrumbList","@id":"https:\/\/mekulo.com\/no\/produkt\/spiralformet-multioppheng\/#breadcrumb","itemListElement":[{"@type":"ListItem","position":1,"name":"Home","item":"https:\/\/mekulo.com\/no\/"},{"@type":"ListItem","position":2,"name":"Butikk","item":"https:\/\/mekulo.com\/no\/butikk\/"},{"@type":"ListItem","position":3,"name":"Spiralformet multioppheng"}]},{"@type":"WebSite","@id":"https:\/\/mekulo.com\/no\/#website","url":"https:\/\/mekulo.com\/no\/","name":"Mekulo NO","description":"","publisher":{"@id":"https:\/\/mekulo.com\/no\/#organization"},"potentialAction":[{"@type":"SearchAction","target":{"@type":"EntryPoint","urlTemplate":"https:\/\/mekulo.com\/no\/?s={search_term_string}"},"query-input":{"@type":"PropertyValueSpecification","valueRequired":true,"valueName":"search_term_string"}}],"inLanguage":"nb-NO"},{"@type":"Organization","@id":"https:\/\/mekulo.com\/no\/#organization","name":"Mekulo","url":"https:\/\/mekulo.com\/no\/","logo":{"@type":"ImageObject","inLanguage":"nb-NO","@id":"https:\/\/mekulo.com\/no\/#\/schema\/logo\/image\/","url":"https:\/\/mekulo.com\/no\/wp-content\/uploads\/sites\/10\/2025\/12\/favicon_mekulo.png","contentUrl":"https:\/\/mekulo.com\/no\/wp-content\/uploads\/sites\/10\/2025\/12\/favicon_mekulo.png","width":50,"height":50,"caption":"Mekulo"},"image":{"@id":"https:\/\/mekulo.com\/no\/#\/schema\/logo\/image\/"}}]}},"_links":{"self":[{"href":"https:\/\/mekulo.com\/no\/wp-json\/wp\/v2\/product\/17141","targetHints":{"allow":["GET"]}}],"collection":[{"href":"https:\/\/mekulo.com\/no\/wp-json\/wp\/v2\/product"}],"about":[{"href":"https:\/\/mekulo.com\/no\/wp-json\/wp\/v2\/types\/product"}],"replies":[{"embeddable":true,"href":"https:\/\/mekulo.com\/no\/wp-json\/wp\/v2\/comments?post=17141"}],"wp:featuredmedia":[{"embeddable":true,"href":"https:\/\/mekulo.com\/no\/wp-json\/wp\/v2\/media\/17137"}],"wp:attachment":[{"href":"https:\/\/mekulo.com\/no\/wp-json\/wp\/v2\/media?parent=17141"}],"wp:term":[{"taxonomy":"product_brand","embeddable":true,"href":"https:\/\/mekulo.com\/no\/wp-json\/wp\/v2\/product_brand?post=17141"},{"taxonomy":"product_cat","embeddable":true,"href":"https:\/\/mekulo.com\/no\/wp-json\/wp\/v2\/product_cat?post=17141"},{"taxonomy":"product_tag","embeddable":true,"href":"https:\/\/mekulo.com\/no\/wp-json\/wp\/v2\/product_tag?post=17141"}],"curies":[{"name":"wp","href":"https:\/\/api.w.org\/{rel}","templated":true}]}}