{"id":17128,"date":"2026-01-13T16:34:21","date_gmt":"2026-01-13T14:34:21","guid":{"rendered":"https:\/\/mekulo.com\/no\/produkt\/verktoy-for-hurtigmontering-av-skapdorer\/"},"modified":"2026-01-13T16:34:28","modified_gmt":"2026-01-13T14:34:28","slug":"verktoy-for-hurtigmontering-av-skapdorer","status":"publish","type":"product","link":"https:\/\/mekulo.com\/no\/produkt\/verktoy-for-hurtigmontering-av-skapdorer\/","title":{"rendered":"Verkt\u00f8y for hurtigmontering av skapd\u00f8rer"},"content":{"rendered":"<p style=\"text-align: center\" data-start=\"0\" data-end=\"71\"><strong data-start=\"0\" data-end=\"71\">Monter skapd\u00f8rer raskt, n\u00f8yaktig og uten frustrasjon. \ud83d\udd29\ud83c\udfe0<\/strong><\/p>\n<p data-start=\"73\" data-end=\"317\"><img fetchpriority=\"high\" decoding=\"async\" class=\"size-full wp-image-46014 aligncenter\" src=\"https:\/\/keluvo.com\/template\/wp-content\/uploads\/sites\/5\/2025\/12\/102219-ezgif.com-video-to-webp-converter-2.webp\" alt=\"\" width=\"500\" height=\"889\" \/><\/p>\n<h2 style=\"text-align: center\" data-start=\"634\" data-end=\"653\"><strong>Hovedfordeler<\/strong><\/h2>\n<p data-start=\"656\" data-end=\"719\">\ud83e\uddf0 Alt-i-ett-verkt\u00f8y &#8211; L\u00f8ft, niveller og hold d\u00f8rene sikkert.<\/p>\n<p data-start=\"722\" data-end=\"790\">\ud83c\udfaf N\u00f8yaktig justering &#8211; Mikrojusteringer for perfekte d\u00f8r\u00e5pninger.<\/p>\n<p data-start=\"793\" data-end=\"856\">\u270b Enkel \u00e5 bruke &#8211; Ergonomiske h\u00e5ndtak for komfortabel kontroll.<\/p>\n<p data-start=\"859\" data-end=\"922\">\ud83d\udd29 Sterk og holdbar &#8211; Laget av f\u00f8rsteklasses rustfritt st\u00e5l.<\/p>\n<p data-start=\"925\" data-end=\"1001\">\ud83d\udeaa Bred kompatibilitet &#8211; Fungerer med skap, klesskap og skjulte d\u00f8rer.<\/p>\n<p data-start=\"925\" data-end=\"1001\"><img decoding=\"async\" class=\"size-full wp-image-46015 aligncenter\" src=\"https:\/\/keluvo.com\/template\/wp-content\/uploads\/sites\/5\/2025\/12\/102220-ezgif.com-video-to-webp-converter-2.webp\" alt=\"\" width=\"500\" height=\"889\" \/><\/p>\n<h2 style=\"text-align: center\" data-start=\"1003\" data-end=\"1020\"><strong>Slik Bruker Du Verkt\u00f8yet<\/strong><\/h2>\n<ol data-start=\"1021\" data-end=\"1271\">\n<li data-start=\"1021\" data-end=\"1081\">\n<p data-start=\"1024\" data-end=\"1081\">Plasser verkt\u00f8yet i bunnen eller p\u00e5 siden av skapd\u00f8ren.<\/p>\n<\/li>\n<li data-start=\"1082\" data-end=\"1127\">\n<p data-start=\"1085\" data-end=\"1127\">L\u00f8ft og st\u00f8tt d\u00f8ren p\u00e5 plass.<\/p>\n<\/li>\n<li data-start=\"1128\" data-end=\"1190\">\n<p data-start=\"1131\" data-end=\"1190\">Bruk justeringsmekanismen til \u00e5 justere d\u00f8ren perfekt.<\/p>\n<\/li>\n<li data-start=\"1191\" data-end=\"1226\">\n<p data-start=\"1194\" data-end=\"1226\">Fest hengslene eller beslagene.<\/p>\n<\/li>\n<li data-start=\"1227\" data-end=\"1271\">\n<p data-start=\"1230\" data-end=\"1271\">Fjern verkt\u00f8yet n\u00e5r d\u00f8ren er festet.<\/p>\n<\/li>\n<\/ol>\n<h2 style=\"text-align: center\" data-start=\"1273\" data-end=\"1295\"><strong>Produktdetaljer<\/strong><\/h2>\n<ul data-start=\"1296\" data-end=\"1512\">\n<li data-start=\"1340\" data-end=\"1369\">\n<p data-start=\"1342\" data-end=\"1369\">Materiale: Rustfritt st\u00e5l<\/p>\n<\/li>\n<li data-start=\"1370\" data-end=\"1447\">\n<p data-start=\"1372\" data-end=\"1447\">Anvendelse: Gulvskap, overskap, skjulte d\u00f8rer, nedfellbare d\u00f8rer<\/p>\n<\/li>\n<li data-start=\"1448\" data-end=\"1474\">\n<p data-start=\"1450\" data-end=\"1474\">St\u00f8rrelse: 100 x 70 x 50 mm<\/p>\n<\/li>\n<\/ul>\n<h2 style=\"text-align: center\" data-start=\"1514\" data-end=\"1537\"><strong>Pakken Inneholder<\/strong><\/h2>\n<ul data-start=\"1538\" data-end=\"1575\" data-is-last-node=\"\" data-is-only-node=\"\">\n<li data-start=\"1538\" data-end=\"1575\" data-is-last-node=\"\">\n<p data-start=\"1540\" data-end=\"1575\" data-is-last-node=\"\">1, 2x hurtigmonteringsverkt\u00f8y for skapd\u00f8rer.<\/p>\n<\/li>\n<\/ul>\n","protected":false},"excerpt":{"rendered":"<p>Dette verkt\u00f8yet for hurtigmontering av skapd\u00f8rer hjelper deg med \u00e5 l\u00f8fte, nivellere og feste skapd\u00f8rer med presisjon, noe som gj\u00f8r monteringen raskere og enklere. Det eliminerer ujevne mellomrom og feiljustering, slik at skapene dine ser rene og profesjonelle ut hver gang. Dette verkt\u00f8yet er utviklet for b\u00e5de nybegynnere og profesjonelle. Mikrojusteringssystemet gj\u00f8r det mulig \u00e5 finjustere, mens det robuste huset i rustfritt st\u00e5l holder d\u00f8rene godt p\u00e5 plass under monteringen, noe som reduserer antall feil og sparer tid.<\/p>\n","protected":false},"featured_media":17124,"comment_status":"open","ping_status":"closed","template":"","meta":{"site-sidebar-layout":"default","site-content-layout":"","ast-site-content-layout":"default","site-content-style":"default","site-sidebar-style":"default","ast-global-header-display":"","ast-banner-title-visibility":"","ast-main-header-display":"","ast-hfb-above-header-display":"","ast-hfb-below-header-display":"","ast-hfb-mobile-header-display":"","site-post-title":"","ast-breadcrumbs-content":"","ast-featured-img":"","footer-sml-layout":"","theme-transparent-header-meta":"default","adv-header-id-meta":"","stick-header-meta":"","header-above-stick-meta":"","header-main-stick-meta":"","header-below-stick-meta":"","astra-migrate-meta-layouts":"set","ast-page-background-enabled":"default","ast-page-background-meta":{"desktop":{"background-color":"var(--ast-global-color-5)","background-image":"","background-repeat":"repeat","background-position":"center center","background-size":"auto","background-attachment":"scroll","background-type":"","background-media":"","overlay-type":"","overlay-color":"","overlay-opacity":"","overlay-gradient":""},"tablet":{"background-color":"","background-image":"","background-repeat":"repeat","background-position":"center center","background-size":"auto","background-attachment":"scroll","background-type":"","background-media":"","overlay-type":"","overlay-color":"","overlay-opacity":"","overlay-gradient":""},"mobile":{"background-color":"","background-image":"","background-repeat":"repeat","background-position":"center center","background-size":"auto","background-attachment":"scroll","background-type":"","background-media":"","overlay-type":"","overlay-color":"","overlay-opacity":"","overlay-gradient":""}},"ast-content-background-meta":{"desktop":{"background-color":"var(--ast-global-color-4)","background-image":"","background-repeat":"repeat","background-position":"center center","background-size":"auto","background-attachment":"scroll","background-type":"","background-media":"","overlay-type":"","overlay-color":"","overlay-opacity":"","overlay-gradient":""},"tablet":{"background-color":"var(--ast-global-color-4)","background-image":"","background-repeat":"repeat","background-position":"center center","background-size":"auto","background-attachment":"scroll","background-type":"","background-media":"","overlay-type":"","overlay-color":"","overlay-opacity":"","overlay-gradient":""},"mobile":{"background-color":"var(--ast-global-color-4)","background-image":"","background-repeat":"repeat","background-position":"center center","background-size":"auto","background-attachment":"scroll","background-type":"","background-media":"","overlay-type":"","overlay-color":"","overlay-opacity":"","overlay-gradient":""}}},"product_brand":[],"product_cat":[168,171],"product_tag":[],"class_list":{"0":"post-17128","1":"product","2":"type-product","3":"status-publish","4":"has-post-thumbnail","6":"product_cat-husholdningsartikler","7":"product_cat-verktoy","8":"pa_60183_rrj16pxh-1-stk","9":"pa_60183_rrj16pxh-2-stk","10":"desktop-align-left","11":"tablet-align-left","12":"mobile-align-left","14":"first","15":"instock","16":"shipping-taxable","17":"purchasable","18":"product-type-variable"},"yoast_head":"<!-- This site is optimized with the Yoast SEO plugin v26.6 - https:\/\/yoast.com\/wordpress\/plugins\/seo\/ -->\n<title>Verkt\u00f8y for hurtigmontering av skapd\u00f8rer - Mekulo NO<\/title>\n<meta name=\"robots\" content=\"index, follow, max-snippet:-1, max-image-preview:large, max-video-preview:-1\" \/>\n<link rel=\"canonical\" href=\"https:\/\/mekulo.com\/no\/produkt\/verktoy-for-hurtigmontering-av-skapdorer\/\" \/>\n<meta property=\"og:locale\" content=\"nb_NO\" \/>\n<meta property=\"og:type\" content=\"article\" \/>\n<meta property=\"og:title\" content=\"Verkt\u00f8y for hurtigmontering av skapd\u00f8rer - Mekulo NO\" \/>\n<meta property=\"og:description\" content=\"Dette verkt\u00f8yet for hurtigmontering av skapd\u00f8rer hjelper deg med \u00e5 l\u00f8fte, nivellere og feste skapd\u00f8rer med presisjon, noe som gj\u00f8r monteringen raskere og enklere. Det eliminerer ujevne mellomrom og feiljustering, slik at skapene dine ser rene og profesjonelle ut hver gang. Dette verkt\u00f8yet er utviklet for b\u00e5de nybegynnere og profesjonelle. Mikrojusteringssystemet gj\u00f8r det mulig \u00e5 finjustere, mens det robuste huset i rustfritt st\u00e5l holder d\u00f8rene godt p\u00e5 plass under monteringen, noe som reduserer antall feil og sparer tid.\" \/>\n<meta property=\"og:url\" content=\"https:\/\/mekulo.com\/no\/produkt\/verktoy-for-hurtigmontering-av-skapdorer\/\" \/>\n<meta property=\"og:site_name\" content=\"Mekulo NO\" \/>\n<meta property=\"article:modified_time\" content=\"2026-01-13T14:34:28+00:00\" \/>\n<meta property=\"og:image\" content=\"https:\/\/mekulo.com\/no\/wp-content\/uploads\/sites\/10\/2026\/01\/wdp1gu4-1.jpg\" \/>\n\t<meta property=\"og:image:width\" content=\"1080\" \/>\n\t<meta property=\"og:image:height\" content=\"1080\" \/>\n\t<meta property=\"og:image:type\" content=\"image\/jpeg\" \/>\n<meta name=\"twitter:card\" content=\"summary_large_image\" \/>\n<meta name=\"twitter:label1\" content=\"Ansl. lesetid\" \/>\n\t<meta name=\"twitter:data1\" content=\"2 minutter\" \/>\n<script type=\"application\/ld+json\" class=\"yoast-schema-graph\">{\"@context\":\"https:\/\/schema.org\",\"@graph\":[{\"@type\":\"WebPage\",\"@id\":\"https:\/\/mekulo.com\/no\/produkt\/verktoy-for-hurtigmontering-av-skapdorer\/\",\"url\":\"https:\/\/mekulo.com\/no\/produkt\/verktoy-for-hurtigmontering-av-skapdorer\/\",\"name\":\"Verkt\u00f8y for hurtigmontering av skapd\u00f8rer - Mekulo NO\",\"isPartOf\":{\"@id\":\"https:\/\/mekulo.com\/no\/#website\"},\"primaryImageOfPage\":{\"@id\":\"https:\/\/mekulo.com\/no\/produkt\/verktoy-for-hurtigmontering-av-skapdorer\/#primaryimage\"},\"image\":{\"@id\":\"https:\/\/mekulo.com\/no\/produkt\/verktoy-for-hurtigmontering-av-skapdorer\/#primaryimage\"},\"thumbnailUrl\":\"https:\/\/mekulo.com\/no\/wp-content\/uploads\/sites\/10\/2026\/01\/wdp1gu4-1.jpg\",\"datePublished\":\"2026-01-13T14:34:21+00:00\",\"dateModified\":\"2026-01-13T14:34:28+00:00\",\"breadcrumb\":{\"@id\":\"https:\/\/mekulo.com\/no\/produkt\/verktoy-for-hurtigmontering-av-skapdorer\/#breadcrumb\"},\"inLanguage\":\"nb-NO\",\"potentialAction\":[{\"@type\":\"ReadAction\",\"target\":[\"https:\/\/mekulo.com\/no\/produkt\/verktoy-for-hurtigmontering-av-skapdorer\/\"]}]},{\"@type\":\"ImageObject\",\"inLanguage\":\"nb-NO\",\"@id\":\"https:\/\/mekulo.com\/no\/produkt\/verktoy-for-hurtigmontering-av-skapdorer\/#primaryimage\",\"url\":\"https:\/\/mekulo.com\/no\/wp-content\/uploads\/sites\/10\/2026\/01\/wdp1gu4-1.jpg\",\"contentUrl\":\"https:\/\/mekulo.com\/no\/wp-content\/uploads\/sites\/10\/2026\/01\/wdp1gu4-1.jpg\",\"width\":1080,\"height\":1080},{\"@type\":\"BreadcrumbList\",\"@id\":\"https:\/\/mekulo.com\/no\/produkt\/verktoy-for-hurtigmontering-av-skapdorer\/#breadcrumb\",\"itemListElement\":[{\"@type\":\"ListItem\",\"position\":1,\"name\":\"Home\",\"item\":\"https:\/\/mekulo.com\/no\/\"},{\"@type\":\"ListItem\",\"position\":2,\"name\":\"Butikk\",\"item\":\"https:\/\/mekulo.com\/no\/butikk\/\"},{\"@type\":\"ListItem\",\"position\":3,\"name\":\"Verkt\u00f8y for hurtigmontering av skapd\u00f8rer\"}]},{\"@type\":\"WebSite\",\"@id\":\"https:\/\/mekulo.com\/no\/#website\",\"url\":\"https:\/\/mekulo.com\/no\/\",\"name\":\"Mekulo NO\",\"description\":\"\",\"publisher\":{\"@id\":\"https:\/\/mekulo.com\/no\/#organization\"},\"potentialAction\":[{\"@type\":\"SearchAction\",\"target\":{\"@type\":\"EntryPoint\",\"urlTemplate\":\"https:\/\/mekulo.com\/no\/?s={search_term_string}\"},\"query-input\":{\"@type\":\"PropertyValueSpecification\",\"valueRequired\":true,\"valueName\":\"search_term_string\"}}],\"inLanguage\":\"nb-NO\"},{\"@type\":\"Organization\",\"@id\":\"https:\/\/mekulo.com\/no\/#organization\",\"name\":\"Mekulo\",\"url\":\"https:\/\/mekulo.com\/no\/\",\"logo\":{\"@type\":\"ImageObject\",\"inLanguage\":\"nb-NO\",\"@id\":\"https:\/\/mekulo.com\/no\/#\/schema\/logo\/image\/\",\"url\":\"https:\/\/mekulo.com\/no\/wp-content\/uploads\/sites\/10\/2025\/12\/favicon_mekulo.png\",\"contentUrl\":\"https:\/\/mekulo.com\/no\/wp-content\/uploads\/sites\/10\/2025\/12\/favicon_mekulo.png\",\"width\":50,\"height\":50,\"caption\":\"Mekulo\"},\"image\":{\"@id\":\"https:\/\/mekulo.com\/no\/#\/schema\/logo\/image\/\"}}]}<\/script>\n<!-- \/ Yoast SEO plugin. -->","yoast_head_json":{"title":"Verkt\u00f8y for hurtigmontering av skapd\u00f8rer - Mekulo NO","robots":{"index":"index","follow":"follow","max-snippet":"max-snippet:-1","max-image-preview":"max-image-preview:large","max-video-preview":"max-video-preview:-1"},"canonical":"https:\/\/mekulo.com\/no\/produkt\/verktoy-for-hurtigmontering-av-skapdorer\/","og_locale":"nb_NO","og_type":"article","og_title":"Verkt\u00f8y for hurtigmontering av skapd\u00f8rer - Mekulo NO","og_description":"Dette verkt\u00f8yet for hurtigmontering av skapd\u00f8rer hjelper deg med \u00e5 l\u00f8fte, nivellere og feste skapd\u00f8rer med presisjon, noe som gj\u00f8r monteringen raskere og enklere. Det eliminerer ujevne mellomrom og feiljustering, slik at skapene dine ser rene og profesjonelle ut hver gang. Dette verkt\u00f8yet er utviklet for b\u00e5de nybegynnere og profesjonelle. Mikrojusteringssystemet gj\u00f8r det mulig \u00e5 finjustere, mens det robuste huset i rustfritt st\u00e5l holder d\u00f8rene godt p\u00e5 plass under monteringen, noe som reduserer antall feil og sparer tid.","og_url":"https:\/\/mekulo.com\/no\/produkt\/verktoy-for-hurtigmontering-av-skapdorer\/","og_site_name":"Mekulo NO","article_modified_time":"2026-01-13T14:34:28+00:00","og_image":[{"width":1080,"height":1080,"url":"https:\/\/mekulo.com\/no\/wp-content\/uploads\/sites\/10\/2026\/01\/wdp1gu4-1.jpg","type":"image\/jpeg"}],"twitter_card":"summary_large_image","twitter_misc":{"Ansl. lesetid":"2 minutter"},"schema":{"@context":"https:\/\/schema.org","@graph":[{"@type":"WebPage","@id":"https:\/\/mekulo.com\/no\/produkt\/verktoy-for-hurtigmontering-av-skapdorer\/","url":"https:\/\/mekulo.com\/no\/produkt\/verktoy-for-hurtigmontering-av-skapdorer\/","name":"Verkt\u00f8y for hurtigmontering av skapd\u00f8rer - Mekulo NO","isPartOf":{"@id":"https:\/\/mekulo.com\/no\/#website"},"primaryImageOfPage":{"@id":"https:\/\/mekulo.com\/no\/produkt\/verktoy-for-hurtigmontering-av-skapdorer\/#primaryimage"},"image":{"@id":"https:\/\/mekulo.com\/no\/produkt\/verktoy-for-hurtigmontering-av-skapdorer\/#primaryimage"},"thumbnailUrl":"https:\/\/mekulo.com\/no\/wp-content\/uploads\/sites\/10\/2026\/01\/wdp1gu4-1.jpg","datePublished":"2026-01-13T14:34:21+00:00","dateModified":"2026-01-13T14:34:28+00:00","breadcrumb":{"@id":"https:\/\/mekulo.com\/no\/produkt\/verktoy-for-hurtigmontering-av-skapdorer\/#breadcrumb"},"inLanguage":"nb-NO","potentialAction":[{"@type":"ReadAction","target":["https:\/\/mekulo.com\/no\/produkt\/verktoy-for-hurtigmontering-av-skapdorer\/"]}]},{"@type":"ImageObject","inLanguage":"nb-NO","@id":"https:\/\/mekulo.com\/no\/produkt\/verktoy-for-hurtigmontering-av-skapdorer\/#primaryimage","url":"https:\/\/mekulo.com\/no\/wp-content\/uploads\/sites\/10\/2026\/01\/wdp1gu4-1.jpg","contentUrl":"https:\/\/mekulo.com\/no\/wp-content\/uploads\/sites\/10\/2026\/01\/wdp1gu4-1.jpg","width":1080,"height":1080},{"@type":"BreadcrumbList","@id":"https:\/\/mekulo.com\/no\/produkt\/verktoy-for-hurtigmontering-av-skapdorer\/#breadcrumb","itemListElement":[{"@type":"ListItem","position":1,"name":"Home","item":"https:\/\/mekulo.com\/no\/"},{"@type":"ListItem","position":2,"name":"Butikk","item":"https:\/\/mekulo.com\/no\/butikk\/"},{"@type":"ListItem","position":3,"name":"Verkt\u00f8y for hurtigmontering av skapd\u00f8rer"}]},{"@type":"WebSite","@id":"https:\/\/mekulo.com\/no\/#website","url":"https:\/\/mekulo.com\/no\/","name":"Mekulo NO","description":"","publisher":{"@id":"https:\/\/mekulo.com\/no\/#organization"},"potentialAction":[{"@type":"SearchAction","target":{"@type":"EntryPoint","urlTemplate":"https:\/\/mekulo.com\/no\/?s={search_term_string}"},"query-input":{"@type":"PropertyValueSpecification","valueRequired":true,"valueName":"search_term_string"}}],"inLanguage":"nb-NO"},{"@type":"Organization","@id":"https:\/\/mekulo.com\/no\/#organization","name":"Mekulo","url":"https:\/\/mekulo.com\/no\/","logo":{"@type":"ImageObject","inLanguage":"nb-NO","@id":"https:\/\/mekulo.com\/no\/#\/schema\/logo\/image\/","url":"https:\/\/mekulo.com\/no\/wp-content\/uploads\/sites\/10\/2025\/12\/favicon_mekulo.png","contentUrl":"https:\/\/mekulo.com\/no\/wp-content\/uploads\/sites\/10\/2025\/12\/favicon_mekulo.png","width":50,"height":50,"caption":"Mekulo"},"image":{"@id":"https:\/\/mekulo.com\/no\/#\/schema\/logo\/image\/"}}]}},"_links":{"self":[{"href":"https:\/\/mekulo.com\/no\/wp-json\/wp\/v2\/product\/17128","targetHints":{"allow":["GET"]}}],"collection":[{"href":"https:\/\/mekulo.com\/no\/wp-json\/wp\/v2\/product"}],"about":[{"href":"https:\/\/mekulo.com\/no\/wp-json\/wp\/v2\/types\/product"}],"replies":[{"embeddable":true,"href":"https:\/\/mekulo.com\/no\/wp-json\/wp\/v2\/comments?post=17128"}],"wp:featuredmedia":[{"embeddable":true,"href":"https:\/\/mekulo.com\/no\/wp-json\/wp\/v2\/media\/17124"}],"wp:attachment":[{"href":"https:\/\/mekulo.com\/no\/wp-json\/wp\/v2\/media?parent=17128"}],"wp:term":[{"taxonomy":"product_brand","embeddable":true,"href":"https:\/\/mekulo.com\/no\/wp-json\/wp\/v2\/product_brand?post=17128"},{"taxonomy":"product_cat","embeddable":true,"href":"https:\/\/mekulo.com\/no\/wp-json\/wp\/v2\/product_cat?post=17128"},{"taxonomy":"product_tag","embeddable":true,"href":"https:\/\/mekulo.com\/no\/wp-json\/wp\/v2\/product_tag?post=17128"}],"curies":[{"name":"wp","href":"https:\/\/api.w.org\/{rel}","templated":true}]}}